{"id":27231,"date":"2024-12-12T08:23:23","date_gmt":"2024-12-12T08:23:23","guid":{"rendered":"https:\/\/micofora.com\/product\/pseudomonas-fluorescens\/"},"modified":"2024-12-20T10:59:36","modified_gmt":"2024-12-20T10:59:36","slug":"pseudomonas-fluorescens","status":"publish","type":"product","link":"https:\/\/micofora.com\/fr\/produit\/pseudomonas-fluorescens\/","title":{"rendered":"TRUF-UP Pseudomonas fluorescens"},"content":{"rendered":"<h3>Caract\u00e9ristiques g\u00e9n\u00e9rales et mode d&rsquo;action<\/h3>\n<p>Nous avons commenc\u00e9 \u00e0 travailler avec <em>Pseudomonas fluorescens<\/em> en 2011, une bact\u00e9rie d\u00e9j\u00e0 largement d\u00e9crite comme co-assistante \u00e0 la mycorhisation, mais dont le principal probl\u00e8me en termes de commercialisation \u00e9tait le fait qu&rsquo;elle perd rapidement sa viabilit\u00e9 \u00e0 temp\u00e9rature ambiante, surtout lorsqu&rsquo;elle est formul\u00e9e en liquide. Notre \u00e9quipe a d\u00e9velopp\u00e9 une souche de poudre lyophilis\u00e9e qui maintient sa viabilit\u00e9 pendant 12 mois.<br \/>\nDans les \u00e9tudes que nous avons r\u00e9alis\u00e9es, en quantifiant le myc\u00e9lium de la truffe avec de l&rsquo;ADN, nous avons observ\u00e9 comment, apr\u00e8s l&rsquo;application de cette bact\u00e9rie, l<strong>a concentration de myc\u00e9lium de la truffe cro\u00eet de fa\u00e7on exponentielle<\/strong> dans la p\u00e9pini\u00e8re et surtout dans les jeunes plantations de ch\u00eanes, avec une <strong>corr\u00e9lation directe dans l&rsquo;entr\u00e9e en production de ces arbres sur le terrain<\/strong><\/p>\n<h3>Format et mode d&rsquo;application<\/h3>\n<p>Conteneur de 1kg\u00a0en poudre soluble dans l\u2019eau, \u00e0 la concentration de 2&#215;10<sup>8<\/sup> CFU\/g. Son application est recommand\u00e9e sur les truffiers \u00e0 tout stade de culture. Il est recommand\u00e9 de r\u00e9p\u00e9ter son application 2 \u00e0 4 fois pendant la phase v\u00e9g\u00e9tative de l&rsquo;arbre de mars \u00e0 octobre.<br \/>\nLes doses d&rsquo;application sont :<\/p>\n<ul>\n<li>Arbres de 1 \u00e0 3 ans 0,2 g\/arbre<\/li>\n<li>Arbres 4-9 ans 0,5 g\/arbre<\/li>\n<li>Arbres &gt;10 ans 1 g\/arbre<\/li>\n<li>Puits au truffe : 0,5 g\/arbre<\/li>\n<\/ul>\n<div id=\"attachment_27240\" style=\"width: 1160px\" class=\"wp-caption alignnone\"><img decoding=\"async\" aria-describedby=\"caption-attachment-27240\" class=\"size-full wp-image-27240\" src=\"https:\/\/micofora.com\/wp-content\/uploads\/2024\/12\/efecto-bacterias-en-micelio-de-trufa.jpg\" alt=\"Efecto bacterias micofora Truf-Up en la concentraci\u00f3n de micelio de trufa negra en suelo\" width=\"1150\" height=\"796\" srcset=\"https:\/\/micofora.com\/wp-content\/uploads\/2024\/12\/efecto-bacterias-en-micelio-de-trufa-200x138.jpg 200w, https:\/\/micofora.com\/wp-content\/uploads\/2024\/12\/efecto-bacterias-en-micelio-de-trufa-300x208.jpg 300w, https:\/\/micofora.com\/wp-content\/uploads\/2024\/12\/efecto-bacterias-en-micelio-de-trufa-400x277.jpg 400w, https:\/\/micofora.com\/wp-content\/uploads\/2024\/12\/efecto-bacterias-en-micelio-de-trufa-600x415.jpg 600w, https:\/\/micofora.com\/wp-content\/uploads\/2024\/12\/efecto-bacterias-en-micelio-de-trufa-768x532.jpg 768w, https:\/\/micofora.com\/wp-content\/uploads\/2024\/12\/efecto-bacterias-en-micelio-de-trufa-800x554.jpg 800w, https:\/\/micofora.com\/wp-content\/uploads\/2024\/12\/efecto-bacterias-en-micelio-de-trufa-1024x709.jpg 1024w, https:\/\/micofora.com\/wp-content\/uploads\/2024\/12\/efecto-bacterias-en-micelio-de-trufa.jpg 1150w\" sizes=\"(max-width: 1150px) 100vw, 1150px\" \/><p id=\"caption-attachment-27240\" class=\"wp-caption-text\">Effet de diff\u00e9rentes souches bact\u00e9riennes Truf-Up micofora sur la concentration de myc\u00e9lium de truffe noire dans le sol au champ et en p\u00e9pini\u00e8re, mesur\u00e9 par PCR quantitative.<\/p><\/div>\n<h6 class=\"p1\"><b>References: <\/b><\/h6>\n<h6 class=\"p2\">Vilanova X <i>et al. <\/i>2013. Characterisation of <i>Pseudomonadaceae <\/i>populations in <i>Tuber melanosporum <\/i>wild truffieres. 1st International Congress of Trufficulture. Teruel. Spain.<\/h6>\n<h6 class=\"p2\">Morcillo <i>et al. <\/i>2016. Evolution of <i>Tuber melanosporum <\/i>mycelium concentration in the soil throughout the year and evaluation of fungal biodiversity in productive and non-productive trees. Proceedings of the 8th International Workshop on Edible Mycorrhizal Mushrooms. Cahors, France.<\/h6>\n<h6 class=\"p1\">Giorgi <i>et al<\/i>. 2024. Effect of Bacteria Inoculation on Colonization of Roots by <i>Tuber melanosporum <\/i>and Growth of <i>Quercus ilex <\/i>Seedlings. https:\/\/doi.org\/10.3390\/plants13020224<\/h6>\n","protected":false},"excerpt":{"rendered":"<p>C&rsquo;est une bact\u00e9rie dot\u00e9e d&rsquo;une grande capacit\u00e9 d&rsquo;adaptation \u00e0 la rhizosph\u00e8re et tol\u00e9rante \u00e0 la s\u00e9cheresse. Elle se reproduit rapidement dans le sol et parvient \u00e0 survivre pendant de longues p\u00e9riodes de reproduction rapide et de colonisation comp\u00e9titive. Il poss\u00e8de une grande capacit\u00e9 de solubilisation du phosphore et <strong>augmente la concentration de myc\u00e9lium et de mycorhizes de la truffe dans le sol.<\/strong><\/p>\n<p>Le co\u00fbt de r\u00e9alisation de quatre traitements annuels dans une plantation truffi\u00e8re n&rsquo;est que de 50 \u20ac par hectare et par an.<\/p>\n","protected":false},"featured_media":27235,"comment_status":"open","ping_status":"closed","template":"","meta":[],"product_brand":[],"product_cat":[662],"product_tag":[],"class_list":{"0":"post-27231","1":"product","2":"type-product","3":"status-publish","4":"has-post-thumbnail","6":"product_cat-produits-pour-le-trufficulteur","8":"first","9":"instock","10":"taxable","11":"shipping-taxable","12":"purchasable","13":"product-type-simple"},"yoast_head":"<!-- This site is optimized with the Yoast SEO plugin v27.4 - https:\/\/yoast.com\/product\/yoast-seo-wordpress\/ -->\n<title>TRUF-UP Pseudomonas fluorescens - Micofora<\/title>\n<meta name=\"robots\" content=\"index, follow, max-snippet:-1, max-image-preview:large, max-video-preview:-1\" \/>\n<link rel=\"canonical\" href=\"https:\/\/micofora.com\/fr\/product\/pseudomonas-fluorescens\/\" \/>\n<meta property=\"og:locale\" content=\"fr_FR\" \/>\n<meta property=\"og:type\" content=\"article\" \/>\n<meta property=\"og:title\" content=\"TRUF-UP Pseudomonas fluorescens - Micofora\" \/>\n<meta property=\"og:description\" content=\"C&#039;est une bact\u00e9rie dot\u00e9e d&#039;une grande capacit\u00e9 d&#039;adaptation \u00e0 la rhizosph\u00e8re et tol\u00e9rante \u00e0 la s\u00e9cheresse. Elle se reproduit rapidement dans le sol et parvient \u00e0 survivre pendant de longues p\u00e9riodes de reproduction rapide et de colonisation comp\u00e9titive. Il poss\u00e8de une grande capacit\u00e9 de solubilisation du phosphore et augmente la concentration de myc\u00e9lium et de mycorhizes de la truffe dans le sol.  Le co\u00fbt de r\u00e9alisation de quatre traitements annuels dans une plantation truffi\u00e8re n&#039;est que de 50 \u20ac par hectare et par an.\" \/>\n<meta property=\"og:url\" content=\"https:\/\/micofora.com\/fr\/product\/pseudomonas-fluorescens\/\" \/>\n<meta property=\"og:site_name\" content=\"Micofora\" \/>\n<meta property=\"article:modified_time\" content=\"2024-12-20T10:59:36+00:00\" \/>\n<meta property=\"og:image\" content=\"https:\/\/micofora.com\/wp-content\/uploads\/2024\/12\/pot-pseudomonas-1-scaled.gif\" \/>\n\t<meta property=\"og:image:width\" content=\"1450\" \/>\n\t<meta property=\"og:image:height\" content=\"2560\" \/>\n\t<meta property=\"og:image:type\" content=\"image\/gif\" \/>\n<meta name=\"twitter:card\" content=\"summary_large_image\" \/>\n<meta name=\"twitter:label1\" content=\"Dur\u00e9e de lecture estim\u00e9e\" \/>\n\t<meta name=\"twitter:data1\" content=\"2 minutes\" \/>\n<script type=\"application\/ld+json\" class=\"yoast-schema-graph\">{\"@context\":\"https:\\\/\\\/schema.org\",\"@graph\":[{\"@type\":\"WebPage\",\"@id\":\"https:\\\/\\\/micofora.com\\\/fr\\\/product\\\/pseudomonas-fluorescens\\\/\",\"url\":\"https:\\\/\\\/micofora.com\\\/fr\\\/product\\\/pseudomonas-fluorescens\\\/\",\"name\":\"TRUF-UP Pseudomonas fluorescens - Micofora\",\"isPartOf\":{\"@id\":\"https:\\\/\\\/micofora.com\\\/#website\"},\"primaryImageOfPage\":{\"@id\":\"https:\\\/\\\/micofora.com\\\/fr\\\/product\\\/pseudomonas-fluorescens\\\/#primaryimage\"},\"image\":{\"@id\":\"https:\\\/\\\/micofora.com\\\/fr\\\/product\\\/pseudomonas-fluorescens\\\/#primaryimage\"},\"thumbnailUrl\":\"https:\\\/\\\/micofora.com\\\/wp-content\\\/uploads\\\/2024\\\/12\\\/pot-pseudomonas-1-scaled.gif\",\"datePublished\":\"2024-12-12T08:23:23+00:00\",\"dateModified\":\"2024-12-20T10:59:36+00:00\",\"breadcrumb\":{\"@id\":\"https:\\\/\\\/micofora.com\\\/fr\\\/product\\\/pseudomonas-fluorescens\\\/#breadcrumb\"},\"inLanguage\":\"fr-FR\",\"potentialAction\":[{\"@type\":\"ReadAction\",\"target\":[\"https:\\\/\\\/micofora.com\\\/fr\\\/product\\\/pseudomonas-fluorescens\\\/\"]}]},{\"@type\":\"ImageObject\",\"inLanguage\":\"fr-FR\",\"@id\":\"https:\\\/\\\/micofora.com\\\/fr\\\/product\\\/pseudomonas-fluorescens\\\/#primaryimage\",\"url\":\"https:\\\/\\\/micofora.com\\\/wp-content\\\/uploads\\\/2024\\\/12\\\/pot-pseudomonas-1-scaled.gif\",\"contentUrl\":\"https:\\\/\\\/micofora.com\\\/wp-content\\\/uploads\\\/2024\\\/12\\\/pot-pseudomonas-1-scaled.gif\",\"width\":1450,\"height\":2560},{\"@type\":\"BreadcrumbList\",\"@id\":\"https:\\\/\\\/micofora.com\\\/fr\\\/product\\\/pseudomonas-fluorescens\\\/#breadcrumb\",\"itemListElement\":[{\"@type\":\"ListItem\",\"position\":1,\"name\":\"Portada\",\"item\":\"https:\\\/\\\/micofora.com\\\/fr\\\/\"},{\"@type\":\"ListItem\",\"position\":2,\"name\":\"Magasine\",\"item\":\"https:\\\/\\\/micofora.com\\\/fr\\\/magasine\\\/\"},{\"@type\":\"ListItem\",\"position\":3,\"name\":\"TRUF-UP Pseudomonas fluorescens\"}]},{\"@type\":\"WebSite\",\"@id\":\"https:\\\/\\\/micofora.com\\\/#website\",\"url\":\"https:\\\/\\\/micofora.com\\\/\",\"name\":\"Micofora\",\"description\":\"Micologia Forestal &amp; Aplicada\",\"potentialAction\":[{\"@type\":\"SearchAction\",\"target\":{\"@type\":\"EntryPoint\",\"urlTemplate\":\"https:\\\/\\\/micofora.com\\\/?s={search_term_string}\"},\"query-input\":{\"@type\":\"PropertyValueSpecification\",\"valueRequired\":true,\"valueName\":\"search_term_string\"}}],\"inLanguage\":\"fr-FR\"}]}<\/script>\n<!-- \/ Yoast SEO plugin. -->","yoast_head_json":{"title":"TRUF-UP Pseudomonas fluorescens - Micofora","robots":{"index":"index","follow":"follow","max-snippet":"max-snippet:-1","max-image-preview":"max-image-preview:large","max-video-preview":"max-video-preview:-1"},"canonical":"https:\/\/micofora.com\/fr\/product\/pseudomonas-fluorescens\/","og_locale":"fr_FR","og_type":"article","og_title":"TRUF-UP Pseudomonas fluorescens - Micofora","og_description":"C'est une bact\u00e9rie dot\u00e9e d'une grande capacit\u00e9 d'adaptation \u00e0 la rhizosph\u00e8re et tol\u00e9rante \u00e0 la s\u00e9cheresse. Elle se reproduit rapidement dans le sol et parvient \u00e0 survivre pendant de longues p\u00e9riodes de reproduction rapide et de colonisation comp\u00e9titive. Il poss\u00e8de une grande capacit\u00e9 de solubilisation du phosphore et augmente la concentration de myc\u00e9lium et de mycorhizes de la truffe dans le sol.  Le co\u00fbt de r\u00e9alisation de quatre traitements annuels dans une plantation truffi\u00e8re n'est que de 50 \u20ac par hectare et par an.","og_url":"https:\/\/micofora.com\/fr\/product\/pseudomonas-fluorescens\/","og_site_name":"Micofora","article_modified_time":"2024-12-20T10:59:36+00:00","og_image":[{"width":1450,"height":2560,"url":"https:\/\/micofora.com\/wp-content\/uploads\/2024\/12\/pot-pseudomonas-1-scaled.gif","type":"image\/gif"}],"twitter_card":"summary_large_image","twitter_misc":{"Dur\u00e9e de lecture estim\u00e9e":"2 minutes"},"schema":{"@context":"https:\/\/schema.org","@graph":[{"@type":"WebPage","@id":"https:\/\/micofora.com\/fr\/product\/pseudomonas-fluorescens\/","url":"https:\/\/micofora.com\/fr\/product\/pseudomonas-fluorescens\/","name":"TRUF-UP Pseudomonas fluorescens - Micofora","isPartOf":{"@id":"https:\/\/micofora.com\/#website"},"primaryImageOfPage":{"@id":"https:\/\/micofora.com\/fr\/product\/pseudomonas-fluorescens\/#primaryimage"},"image":{"@id":"https:\/\/micofora.com\/fr\/product\/pseudomonas-fluorescens\/#primaryimage"},"thumbnailUrl":"https:\/\/micofora.com\/wp-content\/uploads\/2024\/12\/pot-pseudomonas-1-scaled.gif","datePublished":"2024-12-12T08:23:23+00:00","dateModified":"2024-12-20T10:59:36+00:00","breadcrumb":{"@id":"https:\/\/micofora.com\/fr\/product\/pseudomonas-fluorescens\/#breadcrumb"},"inLanguage":"fr-FR","potentialAction":[{"@type":"ReadAction","target":["https:\/\/micofora.com\/fr\/product\/pseudomonas-fluorescens\/"]}]},{"@type":"ImageObject","inLanguage":"fr-FR","@id":"https:\/\/micofora.com\/fr\/product\/pseudomonas-fluorescens\/#primaryimage","url":"https:\/\/micofora.com\/wp-content\/uploads\/2024\/12\/pot-pseudomonas-1-scaled.gif","contentUrl":"https:\/\/micofora.com\/wp-content\/uploads\/2024\/12\/pot-pseudomonas-1-scaled.gif","width":1450,"height":2560},{"@type":"BreadcrumbList","@id":"https:\/\/micofora.com\/fr\/product\/pseudomonas-fluorescens\/#breadcrumb","itemListElement":[{"@type":"ListItem","position":1,"name":"Portada","item":"https:\/\/micofora.com\/fr\/"},{"@type":"ListItem","position":2,"name":"Magasine","item":"https:\/\/micofora.com\/fr\/magasine\/"},{"@type":"ListItem","position":3,"name":"TRUF-UP Pseudomonas fluorescens"}]},{"@type":"WebSite","@id":"https:\/\/micofora.com\/#website","url":"https:\/\/micofora.com\/","name":"Micofora","description":"Micologia Forestal &amp; Aplicada","potentialAction":[{"@type":"SearchAction","target":{"@type":"EntryPoint","urlTemplate":"https:\/\/micofora.com\/?s={search_term_string}"},"query-input":{"@type":"PropertyValueSpecification","valueRequired":true,"valueName":"search_term_string"}}],"inLanguage":"fr-FR"}]}},"_links":{"self":[{"href":"https:\/\/micofora.com\/fr\/wp-json\/wp\/v2\/product\/27231","targetHints":{"allow":["GET"]}}],"collection":[{"href":"https:\/\/micofora.com\/fr\/wp-json\/wp\/v2\/product"}],"about":[{"href":"https:\/\/micofora.com\/fr\/wp-json\/wp\/v2\/types\/product"}],"replies":[{"embeddable":true,"href":"https:\/\/micofora.com\/fr\/wp-json\/wp\/v2\/comments?post=27231"}],"wp:featuredmedia":[{"embeddable":true,"href":"https:\/\/micofora.com\/fr\/wp-json\/wp\/v2\/media\/27235"}],"wp:attachment":[{"href":"https:\/\/micofora.com\/fr\/wp-json\/wp\/v2\/media?parent=27231"}],"wp:term":[{"taxonomy":"product_brand","embeddable":true,"href":"https:\/\/micofora.com\/fr\/wp-json\/wp\/v2\/product_brand?post=27231"},{"taxonomy":"product_cat","embeddable":true,"href":"https:\/\/micofora.com\/fr\/wp-json\/wp\/v2\/product_cat?post=27231"},{"taxonomy":"product_tag","embeddable":true,"href":"https:\/\/micofora.com\/fr\/wp-json\/wp\/v2\/product_tag?post=27231"}],"curies":[{"name":"wp","href":"https:\/\/api.w.org\/{rel}","templated":true}]}}