{"id":21439,"date":"2016-09-26T04:43:28","date_gmt":"2016-09-26T04:43:28","guid":{"rendered":"http:\/\/micofora.com\/fr\/producto\/cultivar-trufas-una-realidad-cultivar-trufas-una-realidad-en-expansion-expansion\/"},"modified":"2022-01-04T10:06:53","modified_gmt":"2022-01-04T10:06:53","slug":"cultivar-trufas-una-realidad-cultivar-trufas-una-realidad-en-expansion-expansion","status":"publish","type":"product","link":"https:\/\/micofora.com\/fr\/produit\/cultivar-trufas-una-realidad-cultivar-trufas-una-realidad-en-expansion-expansion\/","title":{"rendered":"Cultivar Trufas, una realidad en expansi\u00f3n"},"content":{"rendered":"<p><span id=\"result_box\" class=\"\" lang=\"fr\"><span class=\"\">Cette \u00e9dition<\/span> Juin 2015\u00a0 contient 352 pages, avec 237 photos sur 61 <span class=\"\">graphiques<\/span> et des chiffres.<br \/>\nISBN <span class=\"\">978-84-617-3654-6<\/span><\/span><\/p>\n<p><img decoding=\"async\" class=\"alignnone size-full wp-image-21638\" src=\"https:\/\/micofora.com\/wp-content\/uploads\/2016\/07\/libro-cultivar-trufas-Marcos-Morcillo.png\" alt=\"libro cultivar trufas y truficultura\" width=\"449\" height=\"574\" srcset=\"https:\/\/micofora.com\/wp-content\/uploads\/2016\/07\/libro-cultivar-trufas-Marcos-Morcillo-120x153.png 120w, https:\/\/micofora.com\/wp-content\/uploads\/2016\/07\/libro-cultivar-trufas-Marcos-Morcillo-200x256.png 200w, https:\/\/micofora.com\/wp-content\/uploads\/2016\/07\/libro-cultivar-trufas-Marcos-Morcillo-235x300.png 235w, https:\/\/micofora.com\/wp-content\/uploads\/2016\/07\/libro-cultivar-trufas-Marcos-Morcillo-300x384.png 300w, https:\/\/micofora.com\/wp-content\/uploads\/2016\/07\/libro-cultivar-trufas-Marcos-Morcillo-400x511.png 400w, https:\/\/micofora.com\/wp-content\/uploads\/2016\/07\/libro-cultivar-trufas-Marcos-Morcillo.png 449w\" sizes=\"(max-width: 449px) 100vw, 449px\" \/><\/p>\n<p>&nbsp;<\/p>\n<p><img decoding=\"async\" class=\"alignnone size-full wp-image-21630\" src=\"https:\/\/micofora.com\/wp-content\/uploads\/2016\/07\/truficultires-libro-cultivar-trufas.png\" alt=\"truficultores trufa negra\" width=\"466\" height=\"722\" srcset=\"https:\/\/micofora.com\/wp-content\/uploads\/2016\/07\/truficultires-libro-cultivar-trufas-120x186.png 120w, https:\/\/micofora.com\/wp-content\/uploads\/2016\/07\/truficultires-libro-cultivar-trufas-194x300.png 194w, https:\/\/micofora.com\/wp-content\/uploads\/2016\/07\/truficultires-libro-cultivar-trufas-200x310.png 200w, https:\/\/micofora.com\/wp-content\/uploads\/2016\/07\/truficultires-libro-cultivar-trufas-300x465.png 300w, https:\/\/micofora.com\/wp-content\/uploads\/2016\/07\/truficultires-libro-cultivar-trufas-400x620.png 400w, https:\/\/micofora.com\/wp-content\/uploads\/2016\/07\/truficultires-libro-cultivar-trufas.png 466w\" sizes=\"(max-width: 466px) 100vw, 466px\" \/><\/p>\n<p><img decoding=\"async\" class=\"alignnone size-full wp-image-21634\" src=\"https:\/\/micofora.com\/wp-content\/uploads\/2016\/07\/cadena-valor-trufas.png\" alt=\"trufas cadena valor\" width=\"492\" height=\"201\" srcset=\"https:\/\/micofora.com\/wp-content\/uploads\/2016\/07\/cadena-valor-trufas-120x49.png 120w, https:\/\/micofora.com\/wp-content\/uploads\/2016\/07\/cadena-valor-trufas-200x82.png 200w, https:\/\/micofora.com\/wp-content\/uploads\/2016\/07\/cadena-valor-trufas-300x123.png 300w, https:\/\/micofora.com\/wp-content\/uploads\/2016\/07\/cadena-valor-trufas-400x163.png 400w, https:\/\/micofora.com\/wp-content\/uploads\/2016\/07\/cadena-valor-trufas.png 492w\" sizes=\"(max-width: 492px) 100vw, 492px\" \/><\/p>\n","protected":false},"excerpt":{"rendered":"<p><em><strong>Cultivar trufas, una realidad en expansi\u00f3n<\/strong><\/em>,<span id=\"result_box\" class=\"\" lang=\"fr\"> ne vise pas \u00e0 \u00eatre seulement un\u00a0 manuel th\u00e9orique et pratique, mais essaie aussi d&rsquo;\u00eatre <span class=\"\">un recueil<\/span>, mis \u00e0 jour jusqu&rsquo;\u00e0 ce que le moment de l&rsquo;impression, de l&rsquo;exp\u00e9rience <span class=\"\">dans le monde entier<\/span> dans ce domaine int\u00e9gralement, des conditions optimales <span class=\"\">pour la culture,<\/span> <span class=\"\">la cr\u00e9ation<\/span> <span class=\"\">et la gestion des<\/span> plantations, jusqu&rsquo;\u00e0 ce que les r\u00e9sultats des derni\u00e8res <span class=\"\">\u00e9tudes scientifiques<\/span> <span class=\"\">publi\u00e9es<\/span><span class=\"\">.<\/span><\/p>\n<p><strong>Editions en <span class=\"\">anglais et en espagnol<\/span>. <span class=\"\">S\u00e9lectionnez l&rsquo;\u00e9dition<\/span> de votre int\u00e9r\u00eat pour aller \u00e0 la page d&rsquo;achat<\/strong><\/span><\/p>\n<p>&nbsp;<\/p>\n","protected":false},"featured_media":20396,"comment_status":"open","ping_status":"closed","template":"","meta":[],"product_brand":[],"product_cat":[663],"product_tag":[],"class_list":{"0":"post-21439","1":"product","2":"type-product","3":"status-publish","4":"has-post-thumbnail","6":"product_cat-livres","8":"first","9":"instock","10":"taxable","11":"shipping-taxable","12":"purchasable","13":"product-type-variable"},"yoast_head":"<!-- This site is optimized with the Yoast SEO plugin v27.5 - https:\/\/yoast.com\/product\/yoast-seo-wordpress\/ -->\n<title>Cultivar Trufas, una realidad en expansi\u00f3n - Micofora<\/title>\n<meta name=\"description\" content=\"Cultivar trufas, una realidad en expansi\u00f3n, ne vise pas \u00e0 \u00eatre seulement un manuel th\u00e9orique et pratique, mais essaie aussi d&#039;\u00eatre un recueil, mis \u00e0 jour\" \/>\n<meta name=\"robots\" content=\"index, follow, max-snippet:-1, max-image-preview:large, max-video-preview:-1\" \/>\n<link rel=\"canonical\" href=\"https:\/\/micofora.com\/fr\/product\/cultivar-trufas-una-realidad-cultivar-trufas-una-realidad-en-expansion-expansion\/\" \/>\n<meta property=\"og:locale\" content=\"fr_FR\" \/>\n<meta property=\"og:type\" content=\"article\" \/>\n<meta property=\"og:title\" content=\"Cultivar Trufas, una realidad en expansi\u00f3n - Micofora\" \/>\n<meta property=\"og:description\" content=\"Cultivar trufas, una realidad en expansi\u00f3n, ne vise pas \u00e0 \u00eatre seulement un manuel th\u00e9orique et pratique, mais essaie aussi d&#039;\u00eatre un recueil, mis \u00e0 jour\" \/>\n<meta property=\"og:url\" content=\"https:\/\/micofora.com\/fr\/product\/cultivar-trufas-una-realidad-cultivar-trufas-una-realidad-en-expansion-expansion\/\" \/>\n<meta property=\"og:site_name\" content=\"Micofora\" \/>\n<meta property=\"article:modified_time\" content=\"2022-01-04T10:06:53+00:00\" \/>\n<meta property=\"og:image\" content=\"https:\/\/micofora.com\/wp-content\/uploads\/2016\/09\/Portada-libro-Cultivar-Trufas-una-realidad-en-expansion.jpg\" \/>\n\t<meta property=\"og:image:width\" content=\"623\" \/>\n\t<meta property=\"og:image:height\" content=\"877\" \/>\n\t<meta property=\"og:image:type\" content=\"image\/jpeg\" \/>\n<meta name=\"twitter:card\" content=\"summary_large_image\" \/>\n<script type=\"application\/ld+json\" class=\"yoast-schema-graph\">{\"@context\":\"https:\\\/\\\/schema.org\",\"@graph\":[{\"@type\":\"WebPage\",\"@id\":\"https:\\\/\\\/micofora.com\\\/fr\\\/product\\\/cultivar-trufas-una-realidad-cultivar-trufas-una-realidad-en-expansion-expansion\\\/\",\"url\":\"https:\\\/\\\/micofora.com\\\/fr\\\/product\\\/cultivar-trufas-una-realidad-cultivar-trufas-una-realidad-en-expansion-expansion\\\/\",\"name\":\"Cultivar Trufas, una realidad en expansi\u00f3n - Micofora\",\"isPartOf\":{\"@id\":\"https:\\\/\\\/micofora.com\\\/#website\"},\"primaryImageOfPage\":{\"@id\":\"https:\\\/\\\/micofora.com\\\/fr\\\/product\\\/cultivar-trufas-una-realidad-cultivar-trufas-una-realidad-en-expansion-expansion\\\/#primaryimage\"},\"image\":{\"@id\":\"https:\\\/\\\/micofora.com\\\/fr\\\/product\\\/cultivar-trufas-una-realidad-cultivar-trufas-una-realidad-en-expansion-expansion\\\/#primaryimage\"},\"thumbnailUrl\":\"https:\\\/\\\/micofora.com\\\/wp-content\\\/uploads\\\/2016\\\/09\\\/Portada-libro-Cultivar-Trufas-una-realidad-en-expansion.jpg\",\"datePublished\":\"2016-09-26T04:43:28+00:00\",\"dateModified\":\"2022-01-04T10:06:53+00:00\",\"description\":\"Cultivar trufas, una realidad en expansi\u00f3n, ne vise pas \u00e0 \u00eatre seulement un manuel th\u00e9orique et pratique, mais essaie aussi d'\u00eatre un recueil, mis \u00e0 jour\",\"breadcrumb\":{\"@id\":\"https:\\\/\\\/micofora.com\\\/fr\\\/product\\\/cultivar-trufas-una-realidad-cultivar-trufas-una-realidad-en-expansion-expansion\\\/#breadcrumb\"},\"inLanguage\":\"fr-FR\",\"potentialAction\":[{\"@type\":\"ReadAction\",\"target\":[\"https:\\\/\\\/micofora.com\\\/fr\\\/product\\\/cultivar-trufas-una-realidad-cultivar-trufas-una-realidad-en-expansion-expansion\\\/\"]}]},{\"@type\":\"ImageObject\",\"inLanguage\":\"fr-FR\",\"@id\":\"https:\\\/\\\/micofora.com\\\/fr\\\/product\\\/cultivar-trufas-una-realidad-cultivar-trufas-una-realidad-en-expansion-expansion\\\/#primaryimage\",\"url\":\"https:\\\/\\\/micofora.com\\\/wp-content\\\/uploads\\\/2016\\\/09\\\/Portada-libro-Cultivar-Trufas-una-realidad-en-expansion.jpg\",\"contentUrl\":\"https:\\\/\\\/micofora.com\\\/wp-content\\\/uploads\\\/2016\\\/09\\\/Portada-libro-Cultivar-Trufas-una-realidad-en-expansion.jpg\",\"width\":623,\"height\":877},{\"@type\":\"BreadcrumbList\",\"@id\":\"https:\\\/\\\/micofora.com\\\/fr\\\/product\\\/cultivar-trufas-una-realidad-cultivar-trufas-una-realidad-en-expansion-expansion\\\/#breadcrumb\",\"itemListElement\":[{\"@type\":\"ListItem\",\"position\":1,\"name\":\"Portada\",\"item\":\"https:\\\/\\\/micofora.com\\\/fr\\\/\"},{\"@type\":\"ListItem\",\"position\":2,\"name\":\"Magasine\",\"item\":\"https:\\\/\\\/micofora.com\\\/fr\\\/magasine\\\/\"},{\"@type\":\"ListItem\",\"position\":3,\"name\":\"Cultivar Trufas, una realidad en expansi\u00f3n\"}]},{\"@type\":\"WebSite\",\"@id\":\"https:\\\/\\\/micofora.com\\\/#website\",\"url\":\"https:\\\/\\\/micofora.com\\\/\",\"name\":\"Micofora\",\"description\":\"Micologia Forestal &amp; Aplicada\",\"potentialAction\":[{\"@type\":\"SearchAction\",\"target\":{\"@type\":\"EntryPoint\",\"urlTemplate\":\"https:\\\/\\\/micofora.com\\\/?s={search_term_string}\"},\"query-input\":{\"@type\":\"PropertyValueSpecification\",\"valueRequired\":true,\"valueName\":\"search_term_string\"}}],\"inLanguage\":\"fr-FR\"}]}<\/script>\n<!-- \/ Yoast SEO plugin. -->","yoast_head_json":{"title":"Cultivar Trufas, una realidad en expansi\u00f3n - Micofora","description":"Cultivar trufas, una realidad en expansi\u00f3n, ne vise pas \u00e0 \u00eatre seulement un manuel th\u00e9orique et pratique, mais essaie aussi d'\u00eatre un recueil, mis \u00e0 jour","robots":{"index":"index","follow":"follow","max-snippet":"max-snippet:-1","max-image-preview":"max-image-preview:large","max-video-preview":"max-video-preview:-1"},"canonical":"https:\/\/micofora.com\/fr\/product\/cultivar-trufas-una-realidad-cultivar-trufas-una-realidad-en-expansion-expansion\/","og_locale":"fr_FR","og_type":"article","og_title":"Cultivar Trufas, una realidad en expansi\u00f3n - Micofora","og_description":"Cultivar trufas, una realidad en expansi\u00f3n, ne vise pas \u00e0 \u00eatre seulement un manuel th\u00e9orique et pratique, mais essaie aussi d'\u00eatre un recueil, mis \u00e0 jour","og_url":"https:\/\/micofora.com\/fr\/product\/cultivar-trufas-una-realidad-cultivar-trufas-una-realidad-en-expansion-expansion\/","og_site_name":"Micofora","article_modified_time":"2022-01-04T10:06:53+00:00","og_image":[{"width":623,"height":877,"url":"https:\/\/micofora.com\/wp-content\/uploads\/2016\/09\/Portada-libro-Cultivar-Trufas-una-realidad-en-expansion.jpg","type":"image\/jpeg"}],"twitter_card":"summary_large_image","schema":{"@context":"https:\/\/schema.org","@graph":[{"@type":"WebPage","@id":"https:\/\/micofora.com\/fr\/product\/cultivar-trufas-una-realidad-cultivar-trufas-una-realidad-en-expansion-expansion\/","url":"https:\/\/micofora.com\/fr\/product\/cultivar-trufas-una-realidad-cultivar-trufas-una-realidad-en-expansion-expansion\/","name":"Cultivar Trufas, una realidad en expansi\u00f3n - Micofora","isPartOf":{"@id":"https:\/\/micofora.com\/#website"},"primaryImageOfPage":{"@id":"https:\/\/micofora.com\/fr\/product\/cultivar-trufas-una-realidad-cultivar-trufas-una-realidad-en-expansion-expansion\/#primaryimage"},"image":{"@id":"https:\/\/micofora.com\/fr\/product\/cultivar-trufas-una-realidad-cultivar-trufas-una-realidad-en-expansion-expansion\/#primaryimage"},"thumbnailUrl":"https:\/\/micofora.com\/wp-content\/uploads\/2016\/09\/Portada-libro-Cultivar-Trufas-una-realidad-en-expansion.jpg","datePublished":"2016-09-26T04:43:28+00:00","dateModified":"2022-01-04T10:06:53+00:00","description":"Cultivar trufas, una realidad en expansi\u00f3n, ne vise pas \u00e0 \u00eatre seulement un manuel th\u00e9orique et pratique, mais essaie aussi d'\u00eatre un recueil, mis \u00e0 jour","breadcrumb":{"@id":"https:\/\/micofora.com\/fr\/product\/cultivar-trufas-una-realidad-cultivar-trufas-una-realidad-en-expansion-expansion\/#breadcrumb"},"inLanguage":"fr-FR","potentialAction":[{"@type":"ReadAction","target":["https:\/\/micofora.com\/fr\/product\/cultivar-trufas-una-realidad-cultivar-trufas-una-realidad-en-expansion-expansion\/"]}]},{"@type":"ImageObject","inLanguage":"fr-FR","@id":"https:\/\/micofora.com\/fr\/product\/cultivar-trufas-una-realidad-cultivar-trufas-una-realidad-en-expansion-expansion\/#primaryimage","url":"https:\/\/micofora.com\/wp-content\/uploads\/2016\/09\/Portada-libro-Cultivar-Trufas-una-realidad-en-expansion.jpg","contentUrl":"https:\/\/micofora.com\/wp-content\/uploads\/2016\/09\/Portada-libro-Cultivar-Trufas-una-realidad-en-expansion.jpg","width":623,"height":877},{"@type":"BreadcrumbList","@id":"https:\/\/micofora.com\/fr\/product\/cultivar-trufas-una-realidad-cultivar-trufas-una-realidad-en-expansion-expansion\/#breadcrumb","itemListElement":[{"@type":"ListItem","position":1,"name":"Portada","item":"https:\/\/micofora.com\/fr\/"},{"@type":"ListItem","position":2,"name":"Magasine","item":"https:\/\/micofora.com\/fr\/magasine\/"},{"@type":"ListItem","position":3,"name":"Cultivar Trufas, una realidad en expansi\u00f3n"}]},{"@type":"WebSite","@id":"https:\/\/micofora.com\/#website","url":"https:\/\/micofora.com\/","name":"Micofora","description":"Micologia Forestal &amp; Aplicada","potentialAction":[{"@type":"SearchAction","target":{"@type":"EntryPoint","urlTemplate":"https:\/\/micofora.com\/?s={search_term_string}"},"query-input":{"@type":"PropertyValueSpecification","valueRequired":true,"valueName":"search_term_string"}}],"inLanguage":"fr-FR"}]}},"_links":{"self":[{"href":"https:\/\/micofora.com\/fr\/wp-json\/wp\/v2\/product\/21439","targetHints":{"allow":["GET"]}}],"collection":[{"href":"https:\/\/micofora.com\/fr\/wp-json\/wp\/v2\/product"}],"about":[{"href":"https:\/\/micofora.com\/fr\/wp-json\/wp\/v2\/types\/product"}],"replies":[{"embeddable":true,"href":"https:\/\/micofora.com\/fr\/wp-json\/wp\/v2\/comments?post=21439"}],"wp:featuredmedia":[{"embeddable":true,"href":"https:\/\/micofora.com\/fr\/wp-json\/wp\/v2\/media\/20396"}],"wp:attachment":[{"href":"https:\/\/micofora.com\/fr\/wp-json\/wp\/v2\/media?parent=21439"}],"wp:term":[{"taxonomy":"product_brand","embeddable":true,"href":"https:\/\/micofora.com\/fr\/wp-json\/wp\/v2\/product_brand?post=21439"},{"taxonomy":"product_cat","embeddable":true,"href":"https:\/\/micofora.com\/fr\/wp-json\/wp\/v2\/product_cat?post=21439"},{"taxonomy":"product_tag","embeddable":true,"href":"https:\/\/micofora.com\/fr\/wp-json\/wp\/v2\/product_tag?post=21439"}],"curies":[{"name":"wp","href":"https:\/\/api.w.org\/{rel}","templated":true}]}}