{"id":21413,"date":"2016-11-15T13:22:18","date_gmt":"2016-11-15T13:22:18","guid":{"rendered":"http:\/\/micofora.com\/fr\/producto\/mix-bioestimulante\/"},"modified":"2019-11-18T10:08:33","modified_gmt":"2019-11-18T10:08:33","slug":"melange-bioestimulant","status":"publish","type":"product","link":"https:\/\/micofora.com\/fr\/produit\/melange-bioestimulant\/","title":{"rendered":"M\u00e9lange Biostimulant"},"content":{"rendered":"<p>Il pr\u00e9sente une formulation express\u00e9ment con\u00e7ue pour appliquer \u00e0 toutes les cultures et \u00e0 toutes les \u00e9tapes de la croissance des plantes \u00e0 travers le syst\u00e8me d&rsquo;irrigation. Il est particuli\u00e8rement appropri\u00e9 pour renforcer l&rsquo;effet des mycorhizes dans les plantes pr\u00e9alablement inocul\u00e9es. Avantages pour les plantes :<br \/>\nune meilleure r\u00e9sistance au stress, augmentation de l&rsquo;absorption de N, P, K et de nutriments en g\u00e9n\u00e9ral. Une r\u00e9sistance accrue aux agents pathog\u00e8nes et les agents de n\u00e9matodes. Augmentation de la longueur des poils absorbants et augmente l&rsquo;activit\u00e9 microbienne. La plante r\u00e9duit les dommages \u00e0 froid, a une plus grande croissance dans les sols pauvres et permet une plus grande tol\u00e9rance \u00e0 la s\u00e9cheresse et des toxines de pH extr\u00eames. Cela nous permet de r\u00e9duire l&rsquo;utilisation d&rsquo;engrais et de pesticides.<\/p>\n<p>Le produit est une poudre et est formul\u00e9e pour une application dissous dans l&rsquo;eau (dans les p\u00e9pini\u00e8res et le repiquage de l\u00e9gumes et de fruits) mettre en synergie avec les mycorhizes recommand\u00e9 inoculant d\u00e9j\u00e0 la plante avec ENDOPLANT<\/p>\n<p><strong><a href=\"https:\/\/dl.dropboxusercontent.com\/u\/3729020\/Micofora\/DescargasWeb\/ficha%20tecnica%20bioestimulante.pdf\"><span data-word=\"pour\">Pour<\/span> <span data-word=\"plus\">plus<\/span> <span data-word=\"d\u2019informations\">d\u2019informations<\/span> <span data-word=\"sur\">sur<\/span> <span data-word=\"le\">le<\/span> <span data-word=\"biostimulant\">biostimulant<\/span> <span data-word=\"consulter\">consulter<\/span> <span data-word=\"les\">les<\/span> <span data-word=\"catalogue\">catalogue<\/span> <span data-word=\"et\">et<\/span> <span data-word=\"fiches\">fiches<\/span> <span data-word=\"techniques\">techniques<\/span><\/a><\/strong><\/p>\n","protected":false},"excerpt":{"rendered":"<p style=\"text-align: justify;\"><span data-word=\"nous\">Nous<\/span> <span data-word=\"pr\u00e9sentons\">pr\u00e9sentons<\/span> <span data-word=\"un\">un<\/span> <span data-word=\"produit\">produit<\/span> <span data-word=\"biologique\">biologique<\/span> <span data-word=\"naturel\">naturel<\/span> <span data-word=\"compos\u00e9\">compos\u00e9<\/span> <span data-word=\"de\">de<\/span> <span data-word=\"microorganismes\">microorganismes<\/span> <span data-word=\"b\u00e9n\u00e9fiques\">b\u00e9n\u00e9fiques<\/span> <span data-word=\"bact\u00e9ries\">(bact\u00e9ries<\/span> pour la <span data-word=\"solubilisation\">solubilisation<\/span> <span data-word=\"d\u2019azote\">d\u2019azote,<\/span> <span data-word=\"les\">les<\/span> <span data-word=\"bact\u00e9ries\">bact\u00e9ries<\/span> pour la <span data-word=\"fixation\">fixation<\/span> <span data-word=\"du\">du<\/span> <span data-word=\"phosphore\">phosphore<\/span> <span data-word=\"et\">et<\/span> <span data-word=\"des\">des<\/span> <span data-word=\"extraits\">extraits<\/span> <span data-word=\"de\">de<\/span> <span data-word=\"la\">la<\/span> <span data-word=\"fermentation\">fermentation,<\/span> <span data-word=\"ainsi\">ainsi<\/span> <span data-word=\"que\">que<\/span> <span data-word=\"des\">des<\/span> <span data-word=\"substances\">substances<\/span> <span data-word=\"naturelles\">naturelles<\/span> <span data-word=\"qui\">qui<\/span> <span data-word=\"favorisent\">favorisent<\/span> <span data-word=\"l\u2019activation\">l\u2019activation<\/span> <span data-word=\"de\">de<\/span> <span data-word=\"la\">la<\/span> <span data-word=\"vie\">vie<\/span> <span data-word=\"de\">de<\/span> <span data-word=\"la\">la<\/span> <span data-word=\"rhizosph\u00e8re\">rhizosph\u00e8re<\/span><span data-word=\"fixation\">.<\/span> <span data-word=\"c\u2019est\">C\u2019est<\/span> <span data-word=\"un\">un<\/span> <span data-word=\"produit\">produit<\/span> <span data-word=\"unique\">unique<\/span> <span data-word=\"qui\">qui<\/span> <span data-word=\"permet\">permet<\/span> <span data-word=\"\u00e0\">\u00e0<\/span> <span data-word=\"une\">une<\/span> <span data-word=\"application\">application<\/span> <span data-word=\"par\">par<\/span> <span data-word=\"l\u2019irrigation\">l\u2019irrigation<\/span> <span data-word=\"et\">et<\/span> <span data-word=\"est\">est<\/span> <span data-word=\"hautement\">hautement<\/span> <span data-word=\"concentr\u00e9\">concentr\u00e9<\/span> <span data-word=\"en\">en<\/span> <span data-word=\"vous\">vous<\/span> <span data-word=\"permettant\">permettant<\/span> <span data-word=\"de\">de<\/span> <span data-word=\"traiter\">traiter<\/span> <span data-word=\"de\">de<\/span> <span data-word=\"grandes\">grandes<\/span> <span data-word=\"\u00e9tendues\">\u00e9tendues<\/span> <span data-word=\"avec\">avec<\/span> <span data-word=\"peu\">peu<\/span> <span data-word=\"de\">de<\/span> <span data-word=\"produit\">produit.<\/span><\/p>\n","protected":false},"featured_media":21408,"comment_status":"open","ping_status":"closed","template":"","meta":[],"product_brand":[],"product_cat":[658],"product_tag":[],"class_list":{"0":"post-21413","1":"product","2":"type-product","3":"status-publish","4":"has-post-thumbnail","6":"product_cat-mycorrhizae-et-biostimulants","8":"first","9":"instock","10":"taxable","11":"shipping-taxable","12":"purchasable","13":"product-type-simple"},"yoast_head":"<!-- This site is optimized with the Yoast SEO plugin v27.5 - https:\/\/yoast.com\/product\/yoast-seo-wordpress\/ -->\n<title>Biostimulants m\u00e9langer des bact\u00e9ries et des champignons pour application foresti\u00e8re, organique agriculture et jardinage<\/title>\n<meta name=\"description\" content=\"Micologia Forestal &amp; Aplicada produit des Inoculants bact\u00e9riens pour horticulture et sylviculture. Elles fonctionnent comme des engrais organiques\" \/>\n<meta name=\"robots\" content=\"index, follow, max-snippet:-1, max-image-preview:large, max-video-preview:-1\" \/>\n<link rel=\"canonical\" href=\"https:\/\/micofora.com\/fr\/product\/melange-bioestimulant\/\" \/>\n<meta property=\"og:locale\" content=\"fr_FR\" \/>\n<meta property=\"og:type\" content=\"article\" \/>\n<meta property=\"og:title\" content=\"Biostimulants m\u00e9langer des bact\u00e9ries et des champignons pour application foresti\u00e8re, organique agriculture et jardinage\" \/>\n<meta property=\"og:description\" content=\"Micologia Forestal &amp; Aplicada produit des Inoculants bact\u00e9riens pour horticulture et sylviculture. Elles fonctionnent comme des engrais organiques\" \/>\n<meta property=\"og:url\" content=\"https:\/\/micofora.com\/fr\/product\/melange-bioestimulant\/\" \/>\n<meta property=\"og:site_name\" content=\"Micofora\" \/>\n<meta property=\"article:modified_time\" content=\"2019-11-18T10:08:33+00:00\" \/>\n<meta property=\"og:image\" content=\"https:\/\/micofora.com\/wp-content\/uploads\/2016\/11\/MIX-bioestimulante-microbiano.jpg\" \/>\n\t<meta property=\"og:image:width\" content=\"1000\" \/>\n\t<meta property=\"og:image:height\" content=\"1778\" \/>\n\t<meta property=\"og:image:type\" content=\"image\/jpeg\" \/>\n<meta name=\"twitter:card\" content=\"summary_large_image\" \/>\n<meta name=\"twitter:label1\" content=\"Dur\u00e9e de lecture estim\u00e9e\" \/>\n\t<meta name=\"twitter:data1\" content=\"1 minute\" \/>\n<script type=\"application\/ld+json\" class=\"yoast-schema-graph\">{\"@context\":\"https:\\\/\\\/schema.org\",\"@graph\":[{\"@type\":\"WebPage\",\"@id\":\"https:\\\/\\\/micofora.com\\\/fr\\\/product\\\/melange-bioestimulant\\\/\",\"url\":\"https:\\\/\\\/micofora.com\\\/fr\\\/product\\\/melange-bioestimulant\\\/\",\"name\":\"Biostimulants m\u00e9langer des bact\u00e9ries et des champignons pour application foresti\u00e8re, organique agriculture et jardinage\",\"isPartOf\":{\"@id\":\"https:\\\/\\\/micofora.com\\\/#website\"},\"primaryImageOfPage\":{\"@id\":\"https:\\\/\\\/micofora.com\\\/fr\\\/product\\\/melange-bioestimulant\\\/#primaryimage\"},\"image\":{\"@id\":\"https:\\\/\\\/micofora.com\\\/fr\\\/product\\\/melange-bioestimulant\\\/#primaryimage\"},\"thumbnailUrl\":\"https:\\\/\\\/micofora.com\\\/wp-content\\\/uploads\\\/2016\\\/11\\\/MIX-bioestimulante-microbiano.jpg\",\"datePublished\":\"2016-11-15T13:22:18+00:00\",\"dateModified\":\"2019-11-18T10:08:33+00:00\",\"description\":\"Micologia Forestal & Aplicada produit des Inoculants bact\u00e9riens pour horticulture et sylviculture. Elles fonctionnent comme des engrais organiques\",\"breadcrumb\":{\"@id\":\"https:\\\/\\\/micofora.com\\\/fr\\\/product\\\/melange-bioestimulant\\\/#breadcrumb\"},\"inLanguage\":\"fr-FR\",\"potentialAction\":[{\"@type\":\"ReadAction\",\"target\":[\"https:\\\/\\\/micofora.com\\\/fr\\\/product\\\/melange-bioestimulant\\\/\"]}]},{\"@type\":\"ImageObject\",\"inLanguage\":\"fr-FR\",\"@id\":\"https:\\\/\\\/micofora.com\\\/fr\\\/product\\\/melange-bioestimulant\\\/#primaryimage\",\"url\":\"https:\\\/\\\/micofora.com\\\/wp-content\\\/uploads\\\/2016\\\/11\\\/MIX-bioestimulante-microbiano.jpg\",\"contentUrl\":\"https:\\\/\\\/micofora.com\\\/wp-content\\\/uploads\\\/2016\\\/11\\\/MIX-bioestimulante-microbiano.jpg\",\"width\":1000,\"height\":1778},{\"@type\":\"BreadcrumbList\",\"@id\":\"https:\\\/\\\/micofora.com\\\/fr\\\/product\\\/melange-bioestimulant\\\/#breadcrumb\",\"itemListElement\":[{\"@type\":\"ListItem\",\"position\":1,\"name\":\"Portada\",\"item\":\"https:\\\/\\\/micofora.com\\\/fr\\\/\"},{\"@type\":\"ListItem\",\"position\":2,\"name\":\"Magasine\",\"item\":\"https:\\\/\\\/micofora.com\\\/fr\\\/magasine\\\/\"},{\"@type\":\"ListItem\",\"position\":3,\"name\":\"M\u00e9lange Biostimulant\"}]},{\"@type\":\"WebSite\",\"@id\":\"https:\\\/\\\/micofora.com\\\/#website\",\"url\":\"https:\\\/\\\/micofora.com\\\/\",\"name\":\"Micofora\",\"description\":\"Micologia Forestal &amp; Aplicada\",\"potentialAction\":[{\"@type\":\"SearchAction\",\"target\":{\"@type\":\"EntryPoint\",\"urlTemplate\":\"https:\\\/\\\/micofora.com\\\/?s={search_term_string}\"},\"query-input\":{\"@type\":\"PropertyValueSpecification\",\"valueRequired\":true,\"valueName\":\"search_term_string\"}}],\"inLanguage\":\"fr-FR\"}]}<\/script>\n<!-- \/ Yoast SEO plugin. -->","yoast_head_json":{"title":"Biostimulants m\u00e9langer des bact\u00e9ries et des champignons pour application foresti\u00e8re, organique agriculture et jardinage","description":"Micologia Forestal & Aplicada produit des Inoculants bact\u00e9riens pour horticulture et sylviculture. Elles fonctionnent comme des engrais organiques","robots":{"index":"index","follow":"follow","max-snippet":"max-snippet:-1","max-image-preview":"max-image-preview:large","max-video-preview":"max-video-preview:-1"},"canonical":"https:\/\/micofora.com\/fr\/product\/melange-bioestimulant\/","og_locale":"fr_FR","og_type":"article","og_title":"Biostimulants m\u00e9langer des bact\u00e9ries et des champignons pour application foresti\u00e8re, organique agriculture et jardinage","og_description":"Micologia Forestal & Aplicada produit des Inoculants bact\u00e9riens pour horticulture et sylviculture. Elles fonctionnent comme des engrais organiques","og_url":"https:\/\/micofora.com\/fr\/product\/melange-bioestimulant\/","og_site_name":"Micofora","article_modified_time":"2019-11-18T10:08:33+00:00","og_image":[{"width":1000,"height":1778,"url":"https:\/\/micofora.com\/wp-content\/uploads\/2016\/11\/MIX-bioestimulante-microbiano.jpg","type":"image\/jpeg"}],"twitter_card":"summary_large_image","twitter_misc":{"Dur\u00e9e de lecture estim\u00e9e":"1 minute"},"schema":{"@context":"https:\/\/schema.org","@graph":[{"@type":"WebPage","@id":"https:\/\/micofora.com\/fr\/product\/melange-bioestimulant\/","url":"https:\/\/micofora.com\/fr\/product\/melange-bioestimulant\/","name":"Biostimulants m\u00e9langer des bact\u00e9ries et des champignons pour application foresti\u00e8re, organique agriculture et jardinage","isPartOf":{"@id":"https:\/\/micofora.com\/#website"},"primaryImageOfPage":{"@id":"https:\/\/micofora.com\/fr\/product\/melange-bioestimulant\/#primaryimage"},"image":{"@id":"https:\/\/micofora.com\/fr\/product\/melange-bioestimulant\/#primaryimage"},"thumbnailUrl":"https:\/\/micofora.com\/wp-content\/uploads\/2016\/11\/MIX-bioestimulante-microbiano.jpg","datePublished":"2016-11-15T13:22:18+00:00","dateModified":"2019-11-18T10:08:33+00:00","description":"Micologia Forestal & Aplicada produit des Inoculants bact\u00e9riens pour horticulture et sylviculture. Elles fonctionnent comme des engrais organiques","breadcrumb":{"@id":"https:\/\/micofora.com\/fr\/product\/melange-bioestimulant\/#breadcrumb"},"inLanguage":"fr-FR","potentialAction":[{"@type":"ReadAction","target":["https:\/\/micofora.com\/fr\/product\/melange-bioestimulant\/"]}]},{"@type":"ImageObject","inLanguage":"fr-FR","@id":"https:\/\/micofora.com\/fr\/product\/melange-bioestimulant\/#primaryimage","url":"https:\/\/micofora.com\/wp-content\/uploads\/2016\/11\/MIX-bioestimulante-microbiano.jpg","contentUrl":"https:\/\/micofora.com\/wp-content\/uploads\/2016\/11\/MIX-bioestimulante-microbiano.jpg","width":1000,"height":1778},{"@type":"BreadcrumbList","@id":"https:\/\/micofora.com\/fr\/product\/melange-bioestimulant\/#breadcrumb","itemListElement":[{"@type":"ListItem","position":1,"name":"Portada","item":"https:\/\/micofora.com\/fr\/"},{"@type":"ListItem","position":2,"name":"Magasine","item":"https:\/\/micofora.com\/fr\/magasine\/"},{"@type":"ListItem","position":3,"name":"M\u00e9lange Biostimulant"}]},{"@type":"WebSite","@id":"https:\/\/micofora.com\/#website","url":"https:\/\/micofora.com\/","name":"Micofora","description":"Micologia Forestal &amp; Aplicada","potentialAction":[{"@type":"SearchAction","target":{"@type":"EntryPoint","urlTemplate":"https:\/\/micofora.com\/?s={search_term_string}"},"query-input":{"@type":"PropertyValueSpecification","valueRequired":true,"valueName":"search_term_string"}}],"inLanguage":"fr-FR"}]}},"_links":{"self":[{"href":"https:\/\/micofora.com\/fr\/wp-json\/wp\/v2\/product\/21413","targetHints":{"allow":["GET"]}}],"collection":[{"href":"https:\/\/micofora.com\/fr\/wp-json\/wp\/v2\/product"}],"about":[{"href":"https:\/\/micofora.com\/fr\/wp-json\/wp\/v2\/types\/product"}],"replies":[{"embeddable":true,"href":"https:\/\/micofora.com\/fr\/wp-json\/wp\/v2\/comments?post=21413"}],"wp:featuredmedia":[{"embeddable":true,"href":"https:\/\/micofora.com\/fr\/wp-json\/wp\/v2\/media\/21408"}],"wp:attachment":[{"href":"https:\/\/micofora.com\/fr\/wp-json\/wp\/v2\/media?parent=21413"}],"wp:term":[{"taxonomy":"product_brand","embeddable":true,"href":"https:\/\/micofora.com\/fr\/wp-json\/wp\/v2\/product_brand?post=21413"},{"taxonomy":"product_cat","embeddable":true,"href":"https:\/\/micofora.com\/fr\/wp-json\/wp\/v2\/product_cat?post=21413"},{"taxonomy":"product_tag","embeddable":true,"href":"https:\/\/micofora.com\/fr\/wp-json\/wp\/v2\/product_tag?post=21413"}],"curies":[{"name":"wp","href":"https:\/\/api.w.org\/{rel}","templated":true}]}}