{"id":21358,"date":"2016-07-28T19:01:47","date_gmt":"2016-07-28T19:01:47","guid":{"rendered":"http:\/\/micofora.com\/fr\/producto\/semilla-de-pleurotus\/"},"modified":"2017-10-30T09:23:21","modified_gmt":"2017-10-30T09:23:21","slug":"graines-des-pleurotus","status":"publish","type":"product","link":"https:\/\/micofora.com\/fr\/produit\/graines-des-pleurotus\/","title":{"rendered":"Graines des pleurotus"},"content":{"rendered":"<h3>Pr\u00e9paration des b\u00fbches<\/h3>\n<p><img decoding=\"async\" class=\"alignleft size-full wp-image-21339\" src=\"https:\/\/micofora.com\/wp-content\/uploads\/2016\/07\/taladro.jpg\" alt=\"Tronco\" width=\"142\" height=\"120\" srcset=\"https:\/\/micofora.com\/wp-content\/uploads\/2016\/07\/taladro-120x101.jpg 120w, https:\/\/micofora.com\/wp-content\/uploads\/2016\/07\/taladro.jpg 142w\" sizes=\"(max-width: 142px) 100vw, 142px\" \/>Il devrait \u00eatre plant\u00e9 sur des b\u00fbches fra\u00eechement coup\u00e9es. Le diam\u00e8tre recommand\u00e9 est entre 20-30cm. La longueur appropri\u00e9e est de 30 cm. Positionnez les b\u00fbches horizontales et percez 2 trous d&rsquo;environ 2 cm. de largeur d&rsquo;environ 5 cm. Tournez une bille d&rsquo;un tiers de tour et percez deux autres trous. R\u00e9p\u00e9tez le tour et l&rsquo;op\u00e9ration. Ne laissez pas les trous \u00eatre connect\u00e9s les uns aux autres. Distribuer une partie du contenu de l&rsquo;enveloppe de la graine dans un trou et la recouvrir de ruban adh\u00e9sif<\/p>\n<p>&nbsp;<\/p>\n<h3>Culture en plein air<\/h3>\n<p><img decoding=\"async\" class=\"alignleft size-full wp-image-21335\" src=\"https:\/\/micofora.com\/wp-content\/uploads\/2016\/07\/foratstronc.jpg\" alt=\"foratstronc\" width=\"107\" height=\"142\" \/>Choisissez des zones ombrag\u00e9es, non expos\u00e9es au vent, qui sont fra\u00eeches en \u00e9t\u00e9. Enterrez les troncs verticaux de quelques centim\u00e8tres et couvrez-les d&rsquo;un sac en plastique noir avec de petites perforations. Gardez-le humide. La production commencera lorsque la temp\u00e9rature descendra \u00e0 18 \u00b0 C et qu&rsquo;elle ne glacera pas, surtout en automne, dans une moindre mesure au printemps.<\/p>\n<p>&nbsp;<\/p>\n<h3>Culture int\u00e9rieure<\/h3>\n<p><img decoding=\"async\" class=\"alignleft size-full wp-image-21331\" src=\"https:\/\/micofora.com\/wp-content\/uploads\/2016\/07\/troncfructi.jpg\" alt=\"troncfructi\" width=\"142\" height=\"213\" srcset=\"https:\/\/micofora.com\/wp-content\/uploads\/2016\/07\/troncfructi-120x180.jpg 120w, https:\/\/micofora.com\/wp-content\/uploads\/2016\/07\/troncfructi.jpg 142w\" sizes=\"(max-width: 142px) 100vw, 142px\" \/><\/p>\n<p>Pendant l&rsquo;incubation, l&rsquo;environnement doit \u00eatre tr\u00e8s humide et la temp\u00e9rature entre 20-25\u00baC. Placer les troncs verticaux, partiellement enterr\u00e9s dans des r\u00e9cipients remplis de sable (par exemple dans des bo\u00eetes en plastique de type fruits). Gardez le sable humide. Production: apr\u00e8s environ 2 mois, le tronc appara\u00eet couvert de blanc. Retirez le sac. Les troncs incub\u00e9s \u00e0 l&rsquo;int\u00e9rieur devraient \u00eatre d\u00e9plac\u00e9s vers un endroit plus frais pour commencer la production (terrasse, balcon &#8230;)<\/p>\n<p>La production de pleurotus est prolong\u00e9e de 3 ou 5 ans. Il est situ\u00e9 autour de 10% du poids du tronc (un tronc de 10 kg produira 1 kg de Pleurotus).<\/p>\n","protected":false},"excerpt":{"rendered":"<p>La graine de Pleurotus est pr\u00e9par\u00e9e pour planter sur des b\u00fbches et des souches, \u00e0 \u00e0 l&rsquo;int\u00e9rieur et \u00e0 l&rsquo;ext\u00e9rieur. Les arbres les plus appropri\u00e9s sont ceux de r\u00e9sineux, en particulier de peuplier. D&rsquo;autres sont le peuplier blanc, les m\u00fbriers, les noix, les caroubiers, les saules et les ch\u00eanes. En aucun cas le pin, le fr\u00eane ou l&rsquo;aulne ne doivent \u00eatre utilis\u00e9s. Avec une petite bo\u00eete, vous pouvez inoculer un journal. Le temps de semer \u00e0 l&rsquo;int\u00e9rieur est toute l&rsquo;ann\u00e9e; \u00e0 l&rsquo;ext\u00e9rieur de pr\u00e9f\u00e9rence au printemps.<\/p>\n<p>Les prix n&rsquo;incluent pas la TVA ou les frais d&rsquo;exp\u00e9dition<\/p>\n","protected":false},"featured_media":21362,"comment_status":"open","ping_status":"closed","template":"","meta":[],"product_brand":[],"product_cat":[683],"product_tag":[],"class_list":{"0":"post-21358","1":"product","2":"type-product","3":"status-publish","4":"has-post-thumbnail","6":"product_cat-culture-de-champignons","8":"first","9":"outofstock","10":"taxable","11":"shipping-taxable","12":"purchasable","13":"product-type-simple"},"yoast_head":"<!-- This site is optimized with the Yoast SEO plugin v27.5 - https:\/\/yoast.com\/product\/yoast-seo-wordpress\/ -->\n<title>Cultivation pleurotus<\/title>\n<meta name=\"description\" content=\"Micologia Forestal &amp; Aplicada produit des graines pour la culture du pleurotus\" \/>\n<meta name=\"robots\" content=\"index, follow, max-snippet:-1, max-image-preview:large, max-video-preview:-1\" \/>\n<link rel=\"canonical\" href=\"https:\/\/micofora.com\/fr\/product\/graines-des-pleurotus\/\" \/>\n<meta property=\"og:locale\" content=\"fr_FR\" \/>\n<meta property=\"og:type\" content=\"article\" \/>\n<meta property=\"og:title\" content=\"Cultivation pleurotus\" \/>\n<meta property=\"og:description\" content=\"Micologia Forestal &amp; Aplicada produit des graines pour la culture du pleurotus\" \/>\n<meta property=\"og:url\" content=\"https:\/\/micofora.com\/fr\/product\/graines-des-pleurotus\/\" \/>\n<meta property=\"og:site_name\" content=\"Micofora\" \/>\n<meta property=\"article:modified_time\" content=\"2017-10-30T09:23:21+00:00\" \/>\n<meta property=\"og:image\" content=\"https:\/\/micofora.com\/wp-content\/uploads\/2016\/07\/llavor-girgola.jpg\" \/>\n\t<meta property=\"og:image:width\" content=\"1000\" \/>\n\t<meta property=\"og:image:height\" content=\"1547\" \/>\n\t<meta property=\"og:image:type\" content=\"image\/jpeg\" \/>\n<meta name=\"twitter:card\" content=\"summary_large_image\" \/>\n<meta name=\"twitter:label1\" content=\"Dur\u00e9e de lecture estim\u00e9e\" \/>\n\t<meta name=\"twitter:data1\" content=\"1 minute\" \/>\n<script type=\"application\/ld+json\" class=\"yoast-schema-graph\">{\"@context\":\"https:\\\/\\\/schema.org\",\"@graph\":[{\"@type\":\"WebPage\",\"@id\":\"https:\\\/\\\/micofora.com\\\/fr\\\/product\\\/graines-des-pleurotus\\\/\",\"url\":\"https:\\\/\\\/micofora.com\\\/fr\\\/product\\\/graines-des-pleurotus\\\/\",\"name\":\"Cultivation pleurotus\",\"isPartOf\":{\"@id\":\"https:\\\/\\\/micofora.com\\\/#website\"},\"primaryImageOfPage\":{\"@id\":\"https:\\\/\\\/micofora.com\\\/fr\\\/product\\\/graines-des-pleurotus\\\/#primaryimage\"},\"image\":{\"@id\":\"https:\\\/\\\/micofora.com\\\/fr\\\/product\\\/graines-des-pleurotus\\\/#primaryimage\"},\"thumbnailUrl\":\"https:\\\/\\\/micofora.com\\\/wp-content\\\/uploads\\\/2016\\\/07\\\/llavor-girgola.jpg\",\"datePublished\":\"2016-07-28T19:01:47+00:00\",\"dateModified\":\"2017-10-30T09:23:21+00:00\",\"description\":\"Micologia Forestal & Aplicada produit des graines pour la culture du pleurotus\",\"breadcrumb\":{\"@id\":\"https:\\\/\\\/micofora.com\\\/fr\\\/product\\\/graines-des-pleurotus\\\/#breadcrumb\"},\"inLanguage\":\"fr-FR\",\"potentialAction\":[{\"@type\":\"ReadAction\",\"target\":[\"https:\\\/\\\/micofora.com\\\/fr\\\/product\\\/graines-des-pleurotus\\\/\"]}]},{\"@type\":\"ImageObject\",\"inLanguage\":\"fr-FR\",\"@id\":\"https:\\\/\\\/micofora.com\\\/fr\\\/product\\\/graines-des-pleurotus\\\/#primaryimage\",\"url\":\"https:\\\/\\\/micofora.com\\\/wp-content\\\/uploads\\\/2016\\\/07\\\/llavor-girgola.jpg\",\"contentUrl\":\"https:\\\/\\\/micofora.com\\\/wp-content\\\/uploads\\\/2016\\\/07\\\/llavor-girgola.jpg\",\"width\":1000,\"height\":1547},{\"@type\":\"BreadcrumbList\",\"@id\":\"https:\\\/\\\/micofora.com\\\/fr\\\/product\\\/graines-des-pleurotus\\\/#breadcrumb\",\"itemListElement\":[{\"@type\":\"ListItem\",\"position\":1,\"name\":\"Portada\",\"item\":\"https:\\\/\\\/micofora.com\\\/fr\\\/\"},{\"@type\":\"ListItem\",\"position\":2,\"name\":\"Magasine\",\"item\":\"https:\\\/\\\/micofora.com\\\/fr\\\/magasine\\\/\"},{\"@type\":\"ListItem\",\"position\":3,\"name\":\"Graines des pleurotus\"}]},{\"@type\":\"WebSite\",\"@id\":\"https:\\\/\\\/micofora.com\\\/#website\",\"url\":\"https:\\\/\\\/micofora.com\\\/\",\"name\":\"Micofora\",\"description\":\"Micologia Forestal &amp; Aplicada\",\"potentialAction\":[{\"@type\":\"SearchAction\",\"target\":{\"@type\":\"EntryPoint\",\"urlTemplate\":\"https:\\\/\\\/micofora.com\\\/?s={search_term_string}\"},\"query-input\":{\"@type\":\"PropertyValueSpecification\",\"valueRequired\":true,\"valueName\":\"search_term_string\"}}],\"inLanguage\":\"fr-FR\"}]}<\/script>\n<!-- \/ Yoast SEO plugin. -->","yoast_head_json":{"title":"Cultivation pleurotus","description":"Micologia Forestal & Aplicada produit des graines pour la culture du pleurotus","robots":{"index":"index","follow":"follow","max-snippet":"max-snippet:-1","max-image-preview":"max-image-preview:large","max-video-preview":"max-video-preview:-1"},"canonical":"https:\/\/micofora.com\/fr\/product\/graines-des-pleurotus\/","og_locale":"fr_FR","og_type":"article","og_title":"Cultivation pleurotus","og_description":"Micologia Forestal & Aplicada produit des graines pour la culture du pleurotus","og_url":"https:\/\/micofora.com\/fr\/product\/graines-des-pleurotus\/","og_site_name":"Micofora","article_modified_time":"2017-10-30T09:23:21+00:00","og_image":[{"width":1000,"height":1547,"url":"https:\/\/micofora.com\/wp-content\/uploads\/2016\/07\/llavor-girgola.jpg","type":"image\/jpeg"}],"twitter_card":"summary_large_image","twitter_misc":{"Dur\u00e9e de lecture estim\u00e9e":"1 minute"},"schema":{"@context":"https:\/\/schema.org","@graph":[{"@type":"WebPage","@id":"https:\/\/micofora.com\/fr\/product\/graines-des-pleurotus\/","url":"https:\/\/micofora.com\/fr\/product\/graines-des-pleurotus\/","name":"Cultivation pleurotus","isPartOf":{"@id":"https:\/\/micofora.com\/#website"},"primaryImageOfPage":{"@id":"https:\/\/micofora.com\/fr\/product\/graines-des-pleurotus\/#primaryimage"},"image":{"@id":"https:\/\/micofora.com\/fr\/product\/graines-des-pleurotus\/#primaryimage"},"thumbnailUrl":"https:\/\/micofora.com\/wp-content\/uploads\/2016\/07\/llavor-girgola.jpg","datePublished":"2016-07-28T19:01:47+00:00","dateModified":"2017-10-30T09:23:21+00:00","description":"Micologia Forestal & Aplicada produit des graines pour la culture du pleurotus","breadcrumb":{"@id":"https:\/\/micofora.com\/fr\/product\/graines-des-pleurotus\/#breadcrumb"},"inLanguage":"fr-FR","potentialAction":[{"@type":"ReadAction","target":["https:\/\/micofora.com\/fr\/product\/graines-des-pleurotus\/"]}]},{"@type":"ImageObject","inLanguage":"fr-FR","@id":"https:\/\/micofora.com\/fr\/product\/graines-des-pleurotus\/#primaryimage","url":"https:\/\/micofora.com\/wp-content\/uploads\/2016\/07\/llavor-girgola.jpg","contentUrl":"https:\/\/micofora.com\/wp-content\/uploads\/2016\/07\/llavor-girgola.jpg","width":1000,"height":1547},{"@type":"BreadcrumbList","@id":"https:\/\/micofora.com\/fr\/product\/graines-des-pleurotus\/#breadcrumb","itemListElement":[{"@type":"ListItem","position":1,"name":"Portada","item":"https:\/\/micofora.com\/fr\/"},{"@type":"ListItem","position":2,"name":"Magasine","item":"https:\/\/micofora.com\/fr\/magasine\/"},{"@type":"ListItem","position":3,"name":"Graines des pleurotus"}]},{"@type":"WebSite","@id":"https:\/\/micofora.com\/#website","url":"https:\/\/micofora.com\/","name":"Micofora","description":"Micologia Forestal &amp; Aplicada","potentialAction":[{"@type":"SearchAction","target":{"@type":"EntryPoint","urlTemplate":"https:\/\/micofora.com\/?s={search_term_string}"},"query-input":{"@type":"PropertyValueSpecification","valueRequired":true,"valueName":"search_term_string"}}],"inLanguage":"fr-FR"}]}},"_links":{"self":[{"href":"https:\/\/micofora.com\/fr\/wp-json\/wp\/v2\/product\/21358","targetHints":{"allow":["GET"]}}],"collection":[{"href":"https:\/\/micofora.com\/fr\/wp-json\/wp\/v2\/product"}],"about":[{"href":"https:\/\/micofora.com\/fr\/wp-json\/wp\/v2\/types\/product"}],"replies":[{"embeddable":true,"href":"https:\/\/micofora.com\/fr\/wp-json\/wp\/v2\/comments?post=21358"}],"wp:featuredmedia":[{"embeddable":true,"href":"https:\/\/micofora.com\/fr\/wp-json\/wp\/v2\/media\/21362"}],"wp:attachment":[{"href":"https:\/\/micofora.com\/fr\/wp-json\/wp\/v2\/media?parent=21358"}],"wp:term":[{"taxonomy":"product_brand","embeddable":true,"href":"https:\/\/micofora.com\/fr\/wp-json\/wp\/v2\/product_brand?post=21358"},{"taxonomy":"product_cat","embeddable":true,"href":"https:\/\/micofora.com\/fr\/wp-json\/wp\/v2\/product_cat?post=21358"},{"taxonomy":"product_tag","embeddable":true,"href":"https:\/\/micofora.com\/fr\/wp-json\/wp\/v2\/product_tag?post=21358"}],"curies":[{"name":"wp","href":"https:\/\/api.w.org\/{rel}","templated":true}]}}