{"id":21317,"date":"2016-07-28T18:20:18","date_gmt":"2016-07-28T18:20:18","guid":{"rendered":"http:\/\/micofora.com\/fr\/producto\/semilla-de-shiitake\/"},"modified":"2022-09-24T09:57:41","modified_gmt":"2022-09-24T09:57:41","slug":"semilla-de-shiitake","status":"publish","type":"product","link":"https:\/\/micofora.com\/fr\/produit\/semilla-de-shiitake\/","title":{"rendered":"Semilla de Shiitake 2.5 kilos"},"content":{"rendered":"<h3>Preparaci\u00f3n de los troncos<\/h3>\n<p><img decoding=\"async\" class=\"alignleft size-full wp-image-21323\" src=\"https:\/\/micofora.com\/wp-content\/uploads\/2016\/07\/inoculattronc.jpg\" alt=\"inoculattronc\" width=\"128\" height=\"140\" srcset=\"https:\/\/micofora.com\/wp-content\/uploads\/2016\/07\/inoculattronc-120x131.jpg 120w, https:\/\/micofora.com\/wp-content\/uploads\/2016\/07\/inoculattronc.jpg 128w\" sizes=\"(max-width: 128px) 100vw, 128px\" \/>Se hacen unos agujeros con una barrena o taladro en diversos puntos del toc\u00f3n, o algunos surcos con una sierra, con cierta inclinaci\u00f3n hacia arriba y adentro, para evitar que se llenen de agua con la lluvia. Otra forma de siembra consiste en cortar rodajas del tronco con una motosierra. Coloque los troncos horizontales y taladre 2 orificios de unos 2 cm. de anchura por unos 5 cm de hondo. Gire el tronco un tercio de vuelta y taladre dos orificios m\u00e1s. Repita el giro y la operaci\u00f3n. Evite que los agujeros conecten entre s\u00ed. Distribuya parte del contenido del sobre de semillas en un agujero y t\u00e1pelo con cinta adhesiva de embalaje. Repita en los agujeros hasta finalizar la bolsa. En el caso de hacer rodajas se extiende el micelio sobre la superficie nueva y se cubre con la rodaja de madera que hemos cortado sujet\u00e1ndola con unos clavos. El borde se sella con papel engomadoFinalmente tapamos el tronco con una bolsa de pl\u00e1stico a la que le haremos peque\u00f1as perforaciones que permitan el intercambio de aire con el exterior.<\/p>\n<h3>ultivo del shii-take al aire libre<\/h3>\n<p>Los troncos deben permanecer durante 6-24 meses en zonas sombreadas, no expuestas al viento. Se debe mantener una humedad relativa del 60-75%. La temperatura \u00f3ptima es de 25 \u00ba C. Por encima de 35\u00baC o por debajo de 5\u00baC, para su crecimiento. Para acelerar el crecimiento miceliar se recomienda mantener los troncos horizontales y cubrirlos con paja o pl\u00e1stico, para mantener la temperatura. Evitar que los troncos entren en contacto, pues incentivan el crecimiento de hongos competidores. Esta incubaci\u00f3n no requiere iluminaci\u00f3n y se acaba cuando el micelio aparece en el exterior del tronco y sobre la superficie del tronco, ti\u00f1\u00e9ndolo de pardo. Para inducir cada fructificaci\u00f3n, se sumergen los troncos en agua fr\u00eda, 1 d\u00eda en invierno y 2-3 d\u00edas en verano. Luego se debe mantener una humedad del 95% y una temperatura entre 15 y 20\u00baC. Los troncos los colocaremos verticales, aunque ligeramente inclinados en forma de A Pasadas dos semanas, con luz, se iniciara la producci\u00f3n. En general la primera producci\u00f3n se da al a\u00f1o siguiente del corte del tronco y se repite en esta estaci\u00f3n y en el oto\u00f1o siguiente, durante 3 -6 a\u00f1os. La producci\u00f3n es entre un 10-20% del peso de la madera.<\/p>\n<h3><img decoding=\"async\" class=\"alignleft size-full wp-image-21327\" src=\"https:\/\/micofora.com\/wp-content\/uploads\/2016\/07\/troncfrutixii.jpg\" alt=\"troncfrutixii\" width=\"142\" height=\"143\" srcset=\"https:\/\/micofora.com\/wp-content\/uploads\/2016\/07\/troncfrutixii-66x66.jpg 66w, https:\/\/micofora.com\/wp-content\/uploads\/2016\/07\/troncfrutixii-100x100.jpg 100w, https:\/\/micofora.com\/wp-content\/uploads\/2016\/07\/troncfrutixii-120x121.jpg 120w, https:\/\/micofora.com\/wp-content\/uploads\/2016\/07\/troncfrutixii.jpg 142w\" sizes=\"(max-width: 142px) 100vw, 142px\" \/>Cultivo del shiitake en interior<\/h3>\n<p>Una vez incubados, se sumergen en agua durante 12 horas, se disponen verticalmente, a 15-20\u00baC, con una humedad del 80-90%. Los shiitakes fructifican en 7-15 d\u00edas, con iluminaci\u00f3n. Se mantiene la incubaci\u00f3n 1-2 meses, antes de volver a sumergir y estimular una segunda producci\u00f3n. Se puede llegar a conseguir 4 fructificaciones anuales de shiitake. En interior son recomendables de 2 a 4 cambios de aire por hora. 6. Recolecci\u00f3n de shiitake: La recolecci\u00f3n dura de 3 a 5 a\u00f1os. Se recoge antes que se abra y aplane completamente la seta. La producci\u00f3n total se situar\u00e1 alrededor del 10% del peso del a madera en el momento de la inoculaci\u00f3n.<\/p>\n","protected":false},"excerpt":{"rendered":"<p>Para el <strong>cultivo de\u00a0shiitake<\/strong>, los \u00e1rboles m\u00e1s adecuados son robles y hayas y menos indicados alisos y casta\u00f1os. Los troncos deben cortarse durante el reposo invernal, justo antes del brote primaveral. El di\u00e1metro recomendable es entre 20-30 cm. La longitud apropiada es la de 30 cm. No deben emplearse troncos invadidos por otros hongos o por larvas de insectos. Evitar da\u00f1ar la corteza durante la manipulaci\u00f3n.<\/p>\n<p><strong>Bolsa 2,5 Kg<\/strong><br \/>\n<strong> micelio sobre cereal<\/strong><\/p>\n<p><strong>Los precios indicados incluyen IVA y gastos de envio para Pen\u00ednsula y Baleares. Para envios a Canarias consultar portes.<\/strong><\/p>\n","protected":false},"featured_media":21318,"comment_status":"open","ping_status":"closed","template":"","meta":[],"product_brand":[],"product_cat":[683],"product_tag":[],"class_list":{"0":"post-21317","1":"product","2":"type-product","3":"status-publish","4":"has-post-thumbnail","6":"product_cat-culture-de-champignons","8":"first","9":"outofstock","10":"taxable","11":"shipping-taxable","12":"purchasable","13":"product-type-simple"},"yoast_head":"<!-- This site is optimized with the Yoast SEO plugin v27.5 - https:\/\/yoast.com\/product\/yoast-seo-wordpress\/ -->\n<title>Cultivo shiitake- Semillas shiitake - Producci\u00f3n shiitake<\/title>\n<meta name=\"description\" content=\"Micologia Forestal &amp; Aplicada produce semillas para el cultivo de shiitake.\" \/>\n<meta name=\"robots\" content=\"index, follow, max-snippet:-1, max-image-preview:large, max-video-preview:-1\" \/>\n<link rel=\"canonical\" href=\"https:\/\/micofora.com\/fr\/product\/semilla-de-shiitake\/\" \/>\n<meta property=\"og:locale\" content=\"fr_FR\" \/>\n<meta property=\"og:type\" content=\"article\" \/>\n<meta property=\"og:title\" content=\"Cultivo shiitake- Semillas shiitake - Producci\u00f3n shiitake\" \/>\n<meta property=\"og:description\" content=\"Micologia Forestal &amp; Aplicada produce semillas para el cultivo de shiitake.\" \/>\n<meta property=\"og:url\" content=\"https:\/\/micofora.com\/fr\/product\/semilla-de-shiitake\/\" \/>\n<meta property=\"og:site_name\" content=\"Micofora\" \/>\n<meta property=\"article:modified_time\" content=\"2022-09-24T09:57:41+00:00\" \/>\n<meta property=\"og:image\" content=\"https:\/\/micofora.com\/wp-content\/uploads\/2016\/07\/6420824443_710a9552fb_o.jpg\" \/>\n\t<meta property=\"og:image:width\" content=\"557\" \/>\n\t<meta property=\"og:image:height\" content=\"744\" \/>\n\t<meta property=\"og:image:type\" content=\"image\/jpeg\" \/>\n<meta name=\"twitter:card\" content=\"summary_large_image\" \/>\n<meta name=\"twitter:label1\" content=\"Dur\u00e9e de lecture estim\u00e9e\" \/>\n\t<meta name=\"twitter:data1\" content=\"3 minutes\" \/>\n<script type=\"application\/ld+json\" class=\"yoast-schema-graph\">{\"@context\":\"https:\\\/\\\/schema.org\",\"@graph\":[{\"@type\":\"WebPage\",\"@id\":\"https:\\\/\\\/micofora.com\\\/fr\\\/product\\\/semilla-de-shiitake\\\/\",\"url\":\"https:\\\/\\\/micofora.com\\\/fr\\\/product\\\/semilla-de-shiitake\\\/\",\"name\":\"Cultivo shiitake- Semillas shiitake - Producci\u00f3n shiitake\",\"isPartOf\":{\"@id\":\"https:\\\/\\\/micofora.com\\\/#website\"},\"primaryImageOfPage\":{\"@id\":\"https:\\\/\\\/micofora.com\\\/fr\\\/product\\\/semilla-de-shiitake\\\/#primaryimage\"},\"image\":{\"@id\":\"https:\\\/\\\/micofora.com\\\/fr\\\/product\\\/semilla-de-shiitake\\\/#primaryimage\"},\"thumbnailUrl\":\"https:\\\/\\\/micofora.com\\\/wp-content\\\/uploads\\\/2016\\\/07\\\/6420824443_710a9552fb_o.jpg\",\"datePublished\":\"2016-07-28T18:20:18+00:00\",\"dateModified\":\"2022-09-24T09:57:41+00:00\",\"description\":\"Micologia Forestal & Aplicada produce semillas para el cultivo de shiitake.\",\"breadcrumb\":{\"@id\":\"https:\\\/\\\/micofora.com\\\/fr\\\/product\\\/semilla-de-shiitake\\\/#breadcrumb\"},\"inLanguage\":\"fr-FR\",\"potentialAction\":[{\"@type\":\"ReadAction\",\"target\":[\"https:\\\/\\\/micofora.com\\\/fr\\\/product\\\/semilla-de-shiitake\\\/\"]}]},{\"@type\":\"ImageObject\",\"inLanguage\":\"fr-FR\",\"@id\":\"https:\\\/\\\/micofora.com\\\/fr\\\/product\\\/semilla-de-shiitake\\\/#primaryimage\",\"url\":\"https:\\\/\\\/micofora.com\\\/wp-content\\\/uploads\\\/2016\\\/07\\\/6420824443_710a9552fb_o.jpg\",\"contentUrl\":\"https:\\\/\\\/micofora.com\\\/wp-content\\\/uploads\\\/2016\\\/07\\\/6420824443_710a9552fb_o.jpg\",\"width\":557,\"height\":744},{\"@type\":\"BreadcrumbList\",\"@id\":\"https:\\\/\\\/micofora.com\\\/fr\\\/product\\\/semilla-de-shiitake\\\/#breadcrumb\",\"itemListElement\":[{\"@type\":\"ListItem\",\"position\":1,\"name\":\"Portada\",\"item\":\"https:\\\/\\\/micofora.com\\\/fr\\\/\"},{\"@type\":\"ListItem\",\"position\":2,\"name\":\"Magasine\",\"item\":\"https:\\\/\\\/micofora.com\\\/fr\\\/magasine\\\/\"},{\"@type\":\"ListItem\",\"position\":3,\"name\":\"Semilla de Shiitake 2.5 kilos\"}]},{\"@type\":\"WebSite\",\"@id\":\"https:\\\/\\\/micofora.com\\\/#website\",\"url\":\"https:\\\/\\\/micofora.com\\\/\",\"name\":\"Micofora\",\"description\":\"Micologia Forestal &amp; Aplicada\",\"potentialAction\":[{\"@type\":\"SearchAction\",\"target\":{\"@type\":\"EntryPoint\",\"urlTemplate\":\"https:\\\/\\\/micofora.com\\\/?s={search_term_string}\"},\"query-input\":{\"@type\":\"PropertyValueSpecification\",\"valueRequired\":true,\"valueName\":\"search_term_string\"}}],\"inLanguage\":\"fr-FR\"}]}<\/script>\n<!-- \/ Yoast SEO plugin. -->","yoast_head_json":{"title":"Cultivo shiitake- Semillas shiitake - Producci\u00f3n shiitake","description":"Micologia Forestal & Aplicada produce semillas para el cultivo de shiitake.","robots":{"index":"index","follow":"follow","max-snippet":"max-snippet:-1","max-image-preview":"max-image-preview:large","max-video-preview":"max-video-preview:-1"},"canonical":"https:\/\/micofora.com\/fr\/product\/semilla-de-shiitake\/","og_locale":"fr_FR","og_type":"article","og_title":"Cultivo shiitake- Semillas shiitake - Producci\u00f3n shiitake","og_description":"Micologia Forestal & Aplicada produce semillas para el cultivo de shiitake.","og_url":"https:\/\/micofora.com\/fr\/product\/semilla-de-shiitake\/","og_site_name":"Micofora","article_modified_time":"2022-09-24T09:57:41+00:00","og_image":[{"width":557,"height":744,"url":"https:\/\/micofora.com\/wp-content\/uploads\/2016\/07\/6420824443_710a9552fb_o.jpg","type":"image\/jpeg"}],"twitter_card":"summary_large_image","twitter_misc":{"Dur\u00e9e de lecture estim\u00e9e":"3 minutes"},"schema":{"@context":"https:\/\/schema.org","@graph":[{"@type":"WebPage","@id":"https:\/\/micofora.com\/fr\/product\/semilla-de-shiitake\/","url":"https:\/\/micofora.com\/fr\/product\/semilla-de-shiitake\/","name":"Cultivo shiitake- Semillas shiitake - Producci\u00f3n shiitake","isPartOf":{"@id":"https:\/\/micofora.com\/#website"},"primaryImageOfPage":{"@id":"https:\/\/micofora.com\/fr\/product\/semilla-de-shiitake\/#primaryimage"},"image":{"@id":"https:\/\/micofora.com\/fr\/product\/semilla-de-shiitake\/#primaryimage"},"thumbnailUrl":"https:\/\/micofora.com\/wp-content\/uploads\/2016\/07\/6420824443_710a9552fb_o.jpg","datePublished":"2016-07-28T18:20:18+00:00","dateModified":"2022-09-24T09:57:41+00:00","description":"Micologia Forestal & Aplicada produce semillas para el cultivo de shiitake.","breadcrumb":{"@id":"https:\/\/micofora.com\/fr\/product\/semilla-de-shiitake\/#breadcrumb"},"inLanguage":"fr-FR","potentialAction":[{"@type":"ReadAction","target":["https:\/\/micofora.com\/fr\/product\/semilla-de-shiitake\/"]}]},{"@type":"ImageObject","inLanguage":"fr-FR","@id":"https:\/\/micofora.com\/fr\/product\/semilla-de-shiitake\/#primaryimage","url":"https:\/\/micofora.com\/wp-content\/uploads\/2016\/07\/6420824443_710a9552fb_o.jpg","contentUrl":"https:\/\/micofora.com\/wp-content\/uploads\/2016\/07\/6420824443_710a9552fb_o.jpg","width":557,"height":744},{"@type":"BreadcrumbList","@id":"https:\/\/micofora.com\/fr\/product\/semilla-de-shiitake\/#breadcrumb","itemListElement":[{"@type":"ListItem","position":1,"name":"Portada","item":"https:\/\/micofora.com\/fr\/"},{"@type":"ListItem","position":2,"name":"Magasine","item":"https:\/\/micofora.com\/fr\/magasine\/"},{"@type":"ListItem","position":3,"name":"Semilla de Shiitake 2.5 kilos"}]},{"@type":"WebSite","@id":"https:\/\/micofora.com\/#website","url":"https:\/\/micofora.com\/","name":"Micofora","description":"Micologia Forestal &amp; Aplicada","potentialAction":[{"@type":"SearchAction","target":{"@type":"EntryPoint","urlTemplate":"https:\/\/micofora.com\/?s={search_term_string}"},"query-input":{"@type":"PropertyValueSpecification","valueRequired":true,"valueName":"search_term_string"}}],"inLanguage":"fr-FR"}]}},"_links":{"self":[{"href":"https:\/\/micofora.com\/fr\/wp-json\/wp\/v2\/product\/21317","targetHints":{"allow":["GET"]}}],"collection":[{"href":"https:\/\/micofora.com\/fr\/wp-json\/wp\/v2\/product"}],"about":[{"href":"https:\/\/micofora.com\/fr\/wp-json\/wp\/v2\/types\/product"}],"replies":[{"embeddable":true,"href":"https:\/\/micofora.com\/fr\/wp-json\/wp\/v2\/comments?post=21317"}],"wp:featuredmedia":[{"embeddable":true,"href":"https:\/\/micofora.com\/fr\/wp-json\/wp\/v2\/media\/21318"}],"wp:attachment":[{"href":"https:\/\/micofora.com\/fr\/wp-json\/wp\/v2\/media?parent=21317"}],"wp:term":[{"taxonomy":"product_brand","embeddable":true,"href":"https:\/\/micofora.com\/fr\/wp-json\/wp\/v2\/product_brand?post=21317"},{"taxonomy":"product_cat","embeddable":true,"href":"https:\/\/micofora.com\/fr\/wp-json\/wp\/v2\/product_cat?post=21317"},{"taxonomy":"product_tag","embeddable":true,"href":"https:\/\/micofora.com\/fr\/wp-json\/wp\/v2\/product_tag?post=21317"}],"curies":[{"name":"wp","href":"https:\/\/api.w.org\/{rel}","templated":true}]}}