{"id":21302,"date":"2016-07-28T18:26:55","date_gmt":"2016-07-28T18:26:55","guid":{"rendered":"http:\/\/micofora.com\/fr\/producto\/quercus-ilex-x-tuber-melanosporum\/"},"modified":"2024-09-13T09:43:49","modified_gmt":"2024-09-13T09:43:49","slug":"quercus-ilex-x-tuber-melanosporum","status":"publish","type":"product","link":"https:\/\/micofora.com\/fr\/produit\/quercus-ilex-x-tuber-melanosporum\/","title":{"rendered":"Quercus ilex x Tuber melanosporum"},"content":{"rendered":"<p>Plants de 1-2 s\u00e8ves dans un r\u00e9cipient de 450 cc.\u00a0Niveau moyen de mycorhization moyens pour une ann\u00e9e de 50% et 70% dans la seconde<\/p>\n<p>Le prix de la plante mycorhiz\u00e9e (en plantations d&rsquo;un hectare) est de 10 \u20ac.\u00a0 Notre plante mycorhiz\u00e9e est produite sur demande (1\u20ac de r\u00e9duction). Le reste de l&rsquo;usine en stock sera livr\u00e9 par ordre d&rsquo;arriv\u00e9e de la commande.<\/p>\n<p>Nous produisons des plantes avec d\u2019autres esp\u00e8ces de truffes. Sur demande, nous pouvons mycorhiser d\u2019autres esp\u00e8ces v\u00e9g\u00e9tales. Si vous ne trouvez pas la combinaison que vous souhaitez, consultez:\u00a0<a href=\"mailto:micologiaforestal@micofora.com\">micologiaforestal@micofora.com<\/a><\/p>\n<p><img decoding=\"async\" class=\"alignnone size-full wp-image-21392\" src=\"https:\/\/micofora.com\/wp-content\/uploads\/2016\/07\/combinaciones-arboles-truferos-que-produce-micofora-.png\" alt=\"planta trufera producida en Micologia Forestal\" width=\"602\" height=\"660\" srcset=\"https:\/\/micofora.com\/wp-content\/uploads\/2016\/07\/combinaciones-arboles-truferos-que-produce-micofora--120x132.png 120w, https:\/\/micofora.com\/wp-content\/uploads\/2016\/07\/combinaciones-arboles-truferos-que-produce-micofora--200x219.png 200w, https:\/\/micofora.com\/wp-content\/uploads\/2016\/07\/combinaciones-arboles-truferos-que-produce-micofora--274x300.png 274w, https:\/\/micofora.com\/wp-content\/uploads\/2016\/07\/combinaciones-arboles-truferos-que-produce-micofora--300x329.png 300w, https:\/\/micofora.com\/wp-content\/uploads\/2016\/07\/combinaciones-arboles-truferos-que-produce-micofora--400x439.png 400w, https:\/\/micofora.com\/wp-content\/uploads\/2016\/07\/combinaciones-arboles-truferos-que-produce-micofora--600x658.png 600w, https:\/\/micofora.com\/wp-content\/uploads\/2016\/07\/combinaciones-arboles-truferos-que-produce-micofora-.png 602w\" sizes=\"(max-width: 602px) 100vw, 602px\" \/><\/p>\n<p>&nbsp;<\/p>\n","protected":false},"excerpt":{"rendered":"<p>Nous produisons du ch\u00eane mycorhiz\u00e9, du ch\u00eane rouvre, du ch\u00eane vert, du ch\u00eane kerm\u00e8s et de la noisette \u00e0 la<a href=\"http:\/\/www.micofora.com\/index.asp?al=&amp;idioma=ES&amp;opc=40&amp;\">\u00a0truffe noire (Tuber melanosporum).<\/a><\/p>\n<p>Depuis 1989, nous produisons des\u00a0<strong>plantes mycorhiz\u00e9es \u00e0 la truff<\/strong>e. Actuellement dans les p\u00e9pini\u00e8res du Centre de recherche IRTA \u00e0 Barcelone<\/p>\n<p>Il existe une relation directe entre la taille de la plante et le collet des racines avec la concentration de myc\u00e9lium et la mycorhization, ce qui explique pourquoi nos plantes re\u00e7oivent un programme de fertigation en p\u00e9pini\u00e8re, obtenant des arbres durcis et plus grands (20-40 cm pour 1 ann\u00e9e, 40-60cm pour 2 ans).<\/p>\n<p>Qualit\u00e9 de l\u2019inoculum: chacune des truffes utilis\u00e9es est analys\u00e9e par l\u2019ADN et la microscopie.<\/p>\n<p>Niveaux de mycorhization moyens pour une ann\u00e9e de 50% et 70% dans la seconde.<\/p>\n<p>Production de truffes \u00e0 Barcelone, au Chili, au Mexique, aux \u00c9tats-Unis et en Afrique du Sud et projets de truffe dans les 5 continents. En travaillant avec nous, vous avez acc\u00e8s \u00e0 la plus grande base de donn\u00e9es et \u00e0 l\u2019information provenant des plantations du monde entier.<\/p>\n<p>Plants de 1-2 s\u00e8ves dans un r\u00e9cipient de 450 cc.\u00a0Niveau moyen de mycorhization moyens pour une ann\u00e9e de 50% et 70% dans la seconde<\/p>\n<p>Le prix de la plante mycorhiz\u00e9e (en plantations d\u2019un hectare) est de 8 \u20ac.\u00a0 Notre plante mycorhiz\u00e9e est produite sur demande (10% de r\u00e9duction). Le reste de l\u2019usine en stock sera livr\u00e9 par ordre d\u2019arriv\u00e9e de la commande.<\/p>\n<p>Nous produisons des plantes avec d\u2019autres esp\u00e8ces de truffes. Sur demande, nous pouvons mycorhiser d\u2019autres esp\u00e8ces v\u00e9g\u00e9tales. Si vous ne trouvez pas la combinaison que vous souhaitez, consultez:\u00a0<a href=\"mailto:micologiaforestal@micofora.com\">micologiaforestal@micofora.com<\/a><\/p>\n","protected":false},"featured_media":21305,"comment_status":"open","ping_status":"closed","template":"","meta":[],"product_brand":[],"product_cat":[662],"product_tag":[],"class_list":{"0":"post-21302","1":"product","2":"type-product","3":"status-publish","4":"has-post-thumbnail","6":"product_cat-produits-pour-le-trufficulteur","8":"first","9":"outofstock","10":"taxable","11":"shipping-taxable","12":"purchasable","13":"product-type-variable"},"yoast_head":"<!-- This site is optimized with the Yoast SEO plugin v27.4 - https:\/\/yoast.com\/product\/yoast-seo-wordpress\/ -->\n<title>Quercus ilex x Tuber melanosporum - Micofora<\/title>\n<meta name=\"robots\" content=\"index, follow, max-snippet:-1, max-image-preview:large, max-video-preview:-1\" \/>\n<link rel=\"canonical\" href=\"https:\/\/micofora.com\/fr\/product\/quercus-ilex-x-tuber-melanosporum\/\" \/>\n<meta property=\"og:locale\" content=\"fr_FR\" \/>\n<meta property=\"og:type\" content=\"article\" \/>\n<meta property=\"og:title\" content=\"Quercus ilex x Tuber melanosporum - Micofora\" \/>\n<meta property=\"og:description\" content=\"Nous produisons du ch\u00eane mycorhiz\u00e9, du ch\u00eane rouvre, du ch\u00eane vert, du ch\u00eane kerm\u00e8s et de la noisette \u00e0 la\u00a0truffe noire (Tuber melanosporum).  Depuis 1989, nous produisons des\u00a0plantes mycorhiz\u00e9es \u00e0 la truffe. Actuellement dans les p\u00e9pini\u00e8res du Centre de recherche IRTA \u00e0 Barcelone  Il existe une relation directe entre la taille de la plante et le collet des racines avec la concentration de myc\u00e9lium et la mycorhization, ce qui explique pourquoi nos plantes re\u00e7oivent un programme de fertigation en p\u00e9pini\u00e8re, obtenant des arbres durcis et plus grands (20-40 cm pour 1 ann\u00e9e, 40-60cm pour 2 ans).  Qualit\u00e9 de l\u2019inoculum: chacune des truffes utilis\u00e9es est analys\u00e9e par l\u2019ADN et la microscopie.  Niveaux de mycorhization moyens pour une ann\u00e9e de 50% et 70% dans la seconde.  Production de truffes \u00e0 Barcelone, au Chili, au Mexique, aux \u00c9tats-Unis et en Afrique du Sud et projets de truffe dans les 5 continents. En travaillant avec nous, vous avez acc\u00e8s \u00e0 la plus grande base de donn\u00e9es et \u00e0 l\u2019information provenant des plantations du monde entier.  Plants de 1-2 s\u00e8ves dans un r\u00e9cipient de 450 cc.\u00a0Niveau moyen de mycorhization moyens pour une ann\u00e9e de 50% et 70% dans la seconde  Le prix de la plante mycorhiz\u00e9e (en plantations d\u2019un hectare) est de 8 \u20ac.\u00a0 Notre plante mycorhiz\u00e9e est produite sur demande (10% de r\u00e9duction). Le reste de l\u2019usine en stock sera livr\u00e9 par ordre d\u2019arriv\u00e9e de la commande.  Nous produisons des plantes avec d\u2019autres esp\u00e8ces de truffes. Sur demande, nous pouvons mycorhiser d\u2019autres esp\u00e8ces v\u00e9g\u00e9tales. Si vous ne trouvez pas la combinaison que vous souhaitez, consultez:\u00a0micologiaforestal@micofora.com\" \/>\n<meta property=\"og:url\" content=\"https:\/\/micofora.com\/fr\/product\/quercus-ilex-x-tuber-melanosporum\/\" \/>\n<meta property=\"og:site_name\" content=\"Micofora\" \/>\n<meta property=\"article:modified_time\" content=\"2024-09-13T09:43:49+00:00\" \/>\n<meta property=\"og:image\" content=\"https:\/\/micofora.com\/wp-content\/uploads\/2016\/08\/alzina.jpg\" \/>\n\t<meta property=\"og:image:width\" content=\"1000\" \/>\n\t<meta property=\"og:image:height\" content=\"1778\" \/>\n\t<meta property=\"og:image:type\" content=\"image\/jpeg\" \/>\n<meta name=\"twitter:card\" content=\"summary_large_image\" \/>\n<meta name=\"twitter:label1\" content=\"Dur\u00e9e de lecture estim\u00e9e\" \/>\n\t<meta name=\"twitter:data1\" content=\"1 minute\" \/>\n<script type=\"application\/ld+json\" class=\"yoast-schema-graph\">{\"@context\":\"https:\\\/\\\/schema.org\",\"@graph\":[{\"@type\":\"WebPage\",\"@id\":\"https:\\\/\\\/micofora.com\\\/fr\\\/product\\\/quercus-ilex-x-tuber-melanosporum\\\/\",\"url\":\"https:\\\/\\\/micofora.com\\\/fr\\\/product\\\/quercus-ilex-x-tuber-melanosporum\\\/\",\"name\":\"Quercus ilex x Tuber melanosporum - Micofora\",\"isPartOf\":{\"@id\":\"https:\\\/\\\/micofora.com\\\/#website\"},\"primaryImageOfPage\":{\"@id\":\"https:\\\/\\\/micofora.com\\\/fr\\\/product\\\/quercus-ilex-x-tuber-melanosporum\\\/#primaryimage\"},\"image\":{\"@id\":\"https:\\\/\\\/micofora.com\\\/fr\\\/product\\\/quercus-ilex-x-tuber-melanosporum\\\/#primaryimage\"},\"thumbnailUrl\":\"https:\\\/\\\/micofora.com\\\/wp-content\\\/uploads\\\/2016\\\/08\\\/alzina.jpg\",\"datePublished\":\"2016-07-28T18:26:55+00:00\",\"dateModified\":\"2024-09-13T09:43:49+00:00\",\"breadcrumb\":{\"@id\":\"https:\\\/\\\/micofora.com\\\/fr\\\/product\\\/quercus-ilex-x-tuber-melanosporum\\\/#breadcrumb\"},\"inLanguage\":\"fr-FR\",\"potentialAction\":[{\"@type\":\"ReadAction\",\"target\":[\"https:\\\/\\\/micofora.com\\\/fr\\\/product\\\/quercus-ilex-x-tuber-melanosporum\\\/\"]}]},{\"@type\":\"ImageObject\",\"inLanguage\":\"fr-FR\",\"@id\":\"https:\\\/\\\/micofora.com\\\/fr\\\/product\\\/quercus-ilex-x-tuber-melanosporum\\\/#primaryimage\",\"url\":\"https:\\\/\\\/micofora.com\\\/wp-content\\\/uploads\\\/2016\\\/08\\\/alzina.jpg\",\"contentUrl\":\"https:\\\/\\\/micofora.com\\\/wp-content\\\/uploads\\\/2016\\\/08\\\/alzina.jpg\",\"width\":1000,\"height\":1778},{\"@type\":\"BreadcrumbList\",\"@id\":\"https:\\\/\\\/micofora.com\\\/fr\\\/product\\\/quercus-ilex-x-tuber-melanosporum\\\/#breadcrumb\",\"itemListElement\":[{\"@type\":\"ListItem\",\"position\":1,\"name\":\"Portada\",\"item\":\"https:\\\/\\\/micofora.com\\\/fr\\\/\"},{\"@type\":\"ListItem\",\"position\":2,\"name\":\"Magasine\",\"item\":\"https:\\\/\\\/micofora.com\\\/fr\\\/magasine\\\/\"},{\"@type\":\"ListItem\",\"position\":3,\"name\":\"Quercus ilex x Tuber melanosporum\"}]},{\"@type\":\"WebSite\",\"@id\":\"https:\\\/\\\/micofora.com\\\/#website\",\"url\":\"https:\\\/\\\/micofora.com\\\/\",\"name\":\"Micofora\",\"description\":\"Micologia Forestal &amp; Aplicada\",\"potentialAction\":[{\"@type\":\"SearchAction\",\"target\":{\"@type\":\"EntryPoint\",\"urlTemplate\":\"https:\\\/\\\/micofora.com\\\/?s={search_term_string}\"},\"query-input\":{\"@type\":\"PropertyValueSpecification\",\"valueRequired\":true,\"valueName\":\"search_term_string\"}}],\"inLanguage\":\"fr-FR\"}]}<\/script>\n<!-- \/ Yoast SEO plugin. -->","yoast_head_json":{"title":"Quercus ilex x Tuber melanosporum - Micofora","robots":{"index":"index","follow":"follow","max-snippet":"max-snippet:-1","max-image-preview":"max-image-preview:large","max-video-preview":"max-video-preview:-1"},"canonical":"https:\/\/micofora.com\/fr\/product\/quercus-ilex-x-tuber-melanosporum\/","og_locale":"fr_FR","og_type":"article","og_title":"Quercus ilex x Tuber melanosporum - Micofora","og_description":"Nous produisons du ch\u00eane mycorhiz\u00e9, du ch\u00eane rouvre, du ch\u00eane vert, du ch\u00eane kerm\u00e8s et de la noisette \u00e0 la\u00a0truffe noire (Tuber melanosporum).  Depuis 1989, nous produisons des\u00a0plantes mycorhiz\u00e9es \u00e0 la truffe. Actuellement dans les p\u00e9pini\u00e8res du Centre de recherche IRTA \u00e0 Barcelone  Il existe une relation directe entre la taille de la plante et le collet des racines avec la concentration de myc\u00e9lium et la mycorhization, ce qui explique pourquoi nos plantes re\u00e7oivent un programme de fertigation en p\u00e9pini\u00e8re, obtenant des arbres durcis et plus grands (20-40 cm pour 1 ann\u00e9e, 40-60cm pour 2 ans).  Qualit\u00e9 de l\u2019inoculum: chacune des truffes utilis\u00e9es est analys\u00e9e par l\u2019ADN et la microscopie.  Niveaux de mycorhization moyens pour une ann\u00e9e de 50% et 70% dans la seconde.  Production de truffes \u00e0 Barcelone, au Chili, au Mexique, aux \u00c9tats-Unis et en Afrique du Sud et projets de truffe dans les 5 continents. En travaillant avec nous, vous avez acc\u00e8s \u00e0 la plus grande base de donn\u00e9es et \u00e0 l\u2019information provenant des plantations du monde entier.  Plants de 1-2 s\u00e8ves dans un r\u00e9cipient de 450 cc.\u00a0Niveau moyen de mycorhization moyens pour une ann\u00e9e de 50% et 70% dans la seconde  Le prix de la plante mycorhiz\u00e9e (en plantations d\u2019un hectare) est de 8 \u20ac.\u00a0 Notre plante mycorhiz\u00e9e est produite sur demande (10% de r\u00e9duction). Le reste de l\u2019usine en stock sera livr\u00e9 par ordre d\u2019arriv\u00e9e de la commande.  Nous produisons des plantes avec d\u2019autres esp\u00e8ces de truffes. Sur demande, nous pouvons mycorhiser d\u2019autres esp\u00e8ces v\u00e9g\u00e9tales. Si vous ne trouvez pas la combinaison que vous souhaitez, consultez:\u00a0micologiaforestal@micofora.com","og_url":"https:\/\/micofora.com\/fr\/product\/quercus-ilex-x-tuber-melanosporum\/","og_site_name":"Micofora","article_modified_time":"2024-09-13T09:43:49+00:00","og_image":[{"width":1000,"height":1778,"url":"https:\/\/micofora.com\/wp-content\/uploads\/2016\/08\/alzina.jpg","type":"image\/jpeg"}],"twitter_card":"summary_large_image","twitter_misc":{"Dur\u00e9e de lecture estim\u00e9e":"1 minute"},"schema":{"@context":"https:\/\/schema.org","@graph":[{"@type":"WebPage","@id":"https:\/\/micofora.com\/fr\/product\/quercus-ilex-x-tuber-melanosporum\/","url":"https:\/\/micofora.com\/fr\/product\/quercus-ilex-x-tuber-melanosporum\/","name":"Quercus ilex x Tuber melanosporum - Micofora","isPartOf":{"@id":"https:\/\/micofora.com\/#website"},"primaryImageOfPage":{"@id":"https:\/\/micofora.com\/fr\/product\/quercus-ilex-x-tuber-melanosporum\/#primaryimage"},"image":{"@id":"https:\/\/micofora.com\/fr\/product\/quercus-ilex-x-tuber-melanosporum\/#primaryimage"},"thumbnailUrl":"https:\/\/micofora.com\/wp-content\/uploads\/2016\/08\/alzina.jpg","datePublished":"2016-07-28T18:26:55+00:00","dateModified":"2024-09-13T09:43:49+00:00","breadcrumb":{"@id":"https:\/\/micofora.com\/fr\/product\/quercus-ilex-x-tuber-melanosporum\/#breadcrumb"},"inLanguage":"fr-FR","potentialAction":[{"@type":"ReadAction","target":["https:\/\/micofora.com\/fr\/product\/quercus-ilex-x-tuber-melanosporum\/"]}]},{"@type":"ImageObject","inLanguage":"fr-FR","@id":"https:\/\/micofora.com\/fr\/product\/quercus-ilex-x-tuber-melanosporum\/#primaryimage","url":"https:\/\/micofora.com\/wp-content\/uploads\/2016\/08\/alzina.jpg","contentUrl":"https:\/\/micofora.com\/wp-content\/uploads\/2016\/08\/alzina.jpg","width":1000,"height":1778},{"@type":"BreadcrumbList","@id":"https:\/\/micofora.com\/fr\/product\/quercus-ilex-x-tuber-melanosporum\/#breadcrumb","itemListElement":[{"@type":"ListItem","position":1,"name":"Portada","item":"https:\/\/micofora.com\/fr\/"},{"@type":"ListItem","position":2,"name":"Magasine","item":"https:\/\/micofora.com\/fr\/magasine\/"},{"@type":"ListItem","position":3,"name":"Quercus ilex x Tuber melanosporum"}]},{"@type":"WebSite","@id":"https:\/\/micofora.com\/#website","url":"https:\/\/micofora.com\/","name":"Micofora","description":"Micologia Forestal &amp; Aplicada","potentialAction":[{"@type":"SearchAction","target":{"@type":"EntryPoint","urlTemplate":"https:\/\/micofora.com\/?s={search_term_string}"},"query-input":{"@type":"PropertyValueSpecification","valueRequired":true,"valueName":"search_term_string"}}],"inLanguage":"fr-FR"}]}},"_links":{"self":[{"href":"https:\/\/micofora.com\/fr\/wp-json\/wp\/v2\/product\/21302","targetHints":{"allow":["GET"]}}],"collection":[{"href":"https:\/\/micofora.com\/fr\/wp-json\/wp\/v2\/product"}],"about":[{"href":"https:\/\/micofora.com\/fr\/wp-json\/wp\/v2\/types\/product"}],"replies":[{"embeddable":true,"href":"https:\/\/micofora.com\/fr\/wp-json\/wp\/v2\/comments?post=21302"}],"wp:featuredmedia":[{"embeddable":true,"href":"https:\/\/micofora.com\/fr\/wp-json\/wp\/v2\/media\/21305"}],"wp:attachment":[{"href":"https:\/\/micofora.com\/fr\/wp-json\/wp\/v2\/media?parent=21302"}],"wp:term":[{"taxonomy":"product_brand","embeddable":true,"href":"https:\/\/micofora.com\/fr\/wp-json\/wp\/v2\/product_brand?post=21302"},{"taxonomy":"product_cat","embeddable":true,"href":"https:\/\/micofora.com\/fr\/wp-json\/wp\/v2\/product_cat?post=21302"},{"taxonomy":"product_tag","embeddable":true,"href":"https:\/\/micofora.com\/fr\/wp-json\/wp\/v2\/product_tag?post=21302"}],"curies":[{"name":"wp","href":"https:\/\/api.w.org\/{rel}","templated":true}]}}