{"id":21270,"date":"2016-08-12T07:29:36","date_gmt":"2016-08-12T07:29:36","guid":{"rendered":"http:\/\/micofora.com\/fr\/producto\/bioestimulante-para-trufas\/"},"modified":"2024-12-23T13:52:50","modified_gmt":"2024-12-23T13:52:50","slug":"biostimulant-pour-truffes","status":"publish","type":"product","link":"https:\/\/micofora.com\/fr\/produit\/biostimulant-pour-truffes\/","title":{"rendered":"TRUF-UP Biostimulant pour Truffes"},"content":{"rendered":"<h3>Caract\u00e9ristiques g\u00e9n\u00e9rales et mode d&rsquo;action<img decoding=\"async\" class=\"alignnone size-full wp-image-23895 alignright\" src=\"https:\/\/micofora.com\/wp-content\/uploads\/2016\/08\/Truf-up-logo.png\" alt=\"\" width=\"300\" height=\"301\" srcset=\"https:\/\/micofora.com\/wp-content\/uploads\/2016\/08\/Truf-up-logo-66x66.png 66w, https:\/\/micofora.com\/wp-content\/uploads\/2016\/08\/Truf-up-logo-100x100.png 100w, https:\/\/micofora.com\/wp-content\/uploads\/2016\/08\/Truf-up-logo-150x150.png 150w, https:\/\/micofora.com\/wp-content\/uploads\/2016\/08\/Truf-up-logo-200x201.png 200w, https:\/\/micofora.com\/wp-content\/uploads\/2016\/08\/Truf-up-logo-270x270.png 270w, https:\/\/micofora.com\/wp-content\/uploads\/2016\/08\/Truf-up-logo-299x300.png 299w, https:\/\/micofora.com\/wp-content\/uploads\/2016\/08\/Truf-up-logo.png 300w\" sizes=\"(max-width: 300px) 100vw, 300px\" \/><\/h3>\n<p>Notre produit pr\u00e9sente une formulation express\u00e9ment con\u00e7ue pour une application \u00e0 toutes les \u00e9tapes de la croissance des plantes truffi\u00e8res \u00e0 travers le syst\u00e8me d\u2019irrigation ou par pulv\u00e9risation sur le br\u00fbl\u00e9. Il est particuli\u00e8rement appropri\u00e9 pour renforcer l\u2019effet des mycorhizes des plantes pr\u00e9alablement inocul\u00e9es.\u00a0 Avantages pour les plantes : une meilleure r\u00e9sistance au stress, une augmentation de l\u2019absorption de N, P, K et de nutriments en g\u00e9n\u00e9ral. Une r\u00e9sistance accrue aux agents pathog\u00e8nes et aux n\u00e9matodes. Augmentation de la longueur des poils absorbants des radicelles et augmentation de l\u2019activit\u00e9 microbienne. La plante r\u00e9siste mieux au froid, a une meilleure croissance dans les sols pauvres et r\u00e9siste mieux \u00e0 la s\u00e9cheresse, aux toxines et aux pH extr\u00eames.<\/p>\n<p><strong>Format et mode d&rsquo;application<\/strong><\/p>\n<p>Conteneur de 1kg. Produit en poudre soluble dans l&rsquo;eau. Son application est recommand\u00e9e dans les truffi\u00e8res avec peu de vigueur ou de d\u00e9veloppement, dans toutes les phases de la culture. Il est recommand\u00e9 de r\u00e9p\u00e9ter son application 2 \u00e0 4 fois pendant la phase v\u00e9g\u00e9tative de l&rsquo;arbre au printemps-\u00e9t\u00e9-automne.<br \/>\nLes doses d&rsquo;application sont:<\/p>\n<ul>\n<li>arbres\u00a0 1-3 ans: 0,2g\/arbre<\/li>\n<li>arbres 4-9 ans 0,5g\/arbre<\/li>\n<li>arbres &gt;10 ans 1g\/arbre<\/li>\n<\/ul>\n<p>Voir le portfolio:<\/p>\n<p><a href=\"\/?p=20712\" target=\"_blank\" rel=\"noopener\">Project R&amp;D pour le d\u00e9veloppement d\u00fan engrais sp\u00e9cifique pour la trufficulture<\/a><\/p>\n","protected":false},"excerpt":{"rendered":"<p>Truf-Up biostimulant est un produit biologique naturel compos\u00e9 de microorganismes b\u00e9n\u00e9fiques tels que PGPR, bact\u00e9ries fixatrices d&rsquo;azote, bact\u00e9ries solubilisant le phosphore et extraits de fermentation (Bacillus, Paenibacillus, Saccharomyces), extraits d&rsquo;algues (Ascophyllum nodosum) 7 %, extraits humiques totaux 25 %, argiles et silicates 3 %,\u00a0 ainsi que des substances naturelles qui favorisent l\u2019activation de la vie de la rhizosph\u00e8re.<\/p>\n<p>C\u2019est\u00a0un\u00a0produit\u00a0unique\u00a0qui\u00a0permet\u00a0une\u00a0application\u00a0par\u00a0le syst\u00e8me d\u2019irrigation\u00a0et\u00a0qui est\u00a0hautement\u00a0concentr\u00e9\u00a0ce qui vous permet\u00a0de\u00a0traiter\u00a0de\u00a0grandes\u00a0\u00e9tendues\u00a0avec\u00a0peu\u00a0de\u00a0produit.<\/p>\n<p>Ce biostimulant pour la truffe est la premi\u00e8re formulation issue d\u2019un projet de R &amp; D scientifiquement test\u00e9 \u00e0 travers la quantification du myc\u00e9lium de truffe \u00e0 l\u2019aide de techniques mol\u00e9culaires.<\/p>\n<p>Le co\u00fbt de r\u00e9alisation de quatre traitements annuels dans une plantation truffi\u00e8re n&rsquo;est que de 50 \u20ac par hectare et par an.<\/p>\n<p>CE PRODUIT EST\u00a0<strong>CERTIFI\u00c9 POUR L\u2019AGRICULTURE BIOLOGIQUE<img decoding=\"async\" class=\"wp-image-25634 lazyloaded alignright\" src=\"https:\/\/micofora.com\/wp-content\/uploads\/2016\/09\/CCPAE.png\" alt=\"CCPAE\" width=\"226\" height=\"162\" data-src=\"https:\/\/micofora.com\/wp-content\/uploads\/2016\/09\/CCPAE.png\" srcset=\"https:\/\/micofora.com\/wp-content\/uploads\/2016\/09\/CCPAE-200x142.png 200w, https:\/\/micofora.com\/wp-content\/uploads\/2016\/09\/CCPAE-300x214.png 300w, https:\/\/micofora.com\/wp-content\/uploads\/2016\/09\/CCPAE-400x285.png 400w, https:\/\/micofora.com\/wp-content\/uploads\/2016\/09\/CCPAE.png 562w\" sizes=\"(max-width: 226px) 100vw, 226px\" \/><\/strong><\/p>\n","protected":false},"featured_media":24734,"comment_status":"open","ping_status":"closed","template":"","meta":[],"product_brand":[],"product_cat":[662],"product_tag":[],"class_list":{"0":"post-21270","1":"product","2":"type-product","3":"status-publish","4":"has-post-thumbnail","6":"product_cat-produits-pour-le-trufficulteur","8":"first","9":"instock","10":"taxable","11":"shipping-taxable","12":"purchasable","13":"product-type-simple"},"yoast_head":"<!-- This site is optimized with the Yoast SEO plugin v27.4 - https:\/\/yoast.com\/product\/yoast-seo-wordpress\/ -->\n<title>Biostimulant naturel pour am\u00e9liorent la production de truffes<\/title>\n<meta name=\"description\" content=\"C&#039;est un Biostimulant naturel pour la truffe compos\u00e9 de micro-organismes b\u00e9n\u00e9fiques comme les bact\u00e9ries fixatrices d&#039;azote...\" \/>\n<meta name=\"robots\" content=\"index, follow, max-snippet:-1, max-image-preview:large, max-video-preview:-1\" \/>\n<link rel=\"canonical\" href=\"https:\/\/micofora.com\/fr\/product\/biostimulant-pour-truffes\/\" \/>\n<meta property=\"og:locale\" content=\"fr_FR\" \/>\n<meta property=\"og:type\" content=\"article\" \/>\n<meta property=\"og:title\" content=\"Biostimulant naturel pour am\u00e9liorent la production de truffes\" \/>\n<meta property=\"og:description\" content=\"C&#039;est un Biostimulant naturel pour la truffe compos\u00e9 de micro-organismes b\u00e9n\u00e9fiques comme les bact\u00e9ries fixatrices d&#039;azote...\" \/>\n<meta property=\"og:url\" content=\"https:\/\/micofora.com\/fr\/product\/biostimulant-pour-truffes\/\" \/>\n<meta property=\"og:site_name\" content=\"Micofora\" \/>\n<meta property=\"article:modified_time\" content=\"2024-12-23T13:52:50+00:00\" \/>\n<meta property=\"og:image\" content=\"https:\/\/micofora.com\/wp-content\/uploads\/2016\/08\/bioestimulant.png\" \/>\n\t<meta property=\"og:image:width\" content=\"436\" \/>\n\t<meta property=\"og:image:height\" content=\"573\" \/>\n\t<meta property=\"og:image:type\" content=\"image\/png\" \/>\n<meta name=\"twitter:card\" content=\"summary_large_image\" \/>\n<meta name=\"twitter:label1\" content=\"Dur\u00e9e de lecture estim\u00e9e\" \/>\n\t<meta name=\"twitter:data1\" content=\"2 minutes\" \/>\n<script type=\"application\/ld+json\" class=\"yoast-schema-graph\">{\"@context\":\"https:\\\/\\\/schema.org\",\"@graph\":[{\"@type\":\"WebPage\",\"@id\":\"https:\\\/\\\/micofora.com\\\/fr\\\/product\\\/biostimulant-pour-truffes\\\/\",\"url\":\"https:\\\/\\\/micofora.com\\\/fr\\\/product\\\/biostimulant-pour-truffes\\\/\",\"name\":\"Biostimulant naturel pour am\u00e9liorent la production de truffes\",\"isPartOf\":{\"@id\":\"https:\\\/\\\/micofora.com\\\/#website\"},\"primaryImageOfPage\":{\"@id\":\"https:\\\/\\\/micofora.com\\\/fr\\\/product\\\/biostimulant-pour-truffes\\\/#primaryimage\"},\"image\":{\"@id\":\"https:\\\/\\\/micofora.com\\\/fr\\\/product\\\/biostimulant-pour-truffes\\\/#primaryimage\"},\"thumbnailUrl\":\"https:\\\/\\\/micofora.com\\\/wp-content\\\/uploads\\\/2016\\\/08\\\/bioestimulant.png\",\"datePublished\":\"2016-08-12T07:29:36+00:00\",\"dateModified\":\"2024-12-23T13:52:50+00:00\",\"description\":\"C'est un Biostimulant naturel pour la truffe compos\u00e9 de micro-organismes b\u00e9n\u00e9fiques comme les bact\u00e9ries fixatrices d'azote...\",\"breadcrumb\":{\"@id\":\"https:\\\/\\\/micofora.com\\\/fr\\\/product\\\/biostimulant-pour-truffes\\\/#breadcrumb\"},\"inLanguage\":\"fr-FR\",\"potentialAction\":[{\"@type\":\"ReadAction\",\"target\":[\"https:\\\/\\\/micofora.com\\\/fr\\\/product\\\/biostimulant-pour-truffes\\\/\"]}]},{\"@type\":\"ImageObject\",\"inLanguage\":\"fr-FR\",\"@id\":\"https:\\\/\\\/micofora.com\\\/fr\\\/product\\\/biostimulant-pour-truffes\\\/#primaryimage\",\"url\":\"https:\\\/\\\/micofora.com\\\/wp-content\\\/uploads\\\/2016\\\/08\\\/bioestimulant.png\",\"contentUrl\":\"https:\\\/\\\/micofora.com\\\/wp-content\\\/uploads\\\/2016\\\/08\\\/bioestimulant.png\",\"width\":436,\"height\":573},{\"@type\":\"BreadcrumbList\",\"@id\":\"https:\\\/\\\/micofora.com\\\/fr\\\/product\\\/biostimulant-pour-truffes\\\/#breadcrumb\",\"itemListElement\":[{\"@type\":\"ListItem\",\"position\":1,\"name\":\"Portada\",\"item\":\"https:\\\/\\\/micofora.com\\\/fr\\\/\"},{\"@type\":\"ListItem\",\"position\":2,\"name\":\"Magasine\",\"item\":\"https:\\\/\\\/micofora.com\\\/fr\\\/magasine\\\/\"},{\"@type\":\"ListItem\",\"position\":3,\"name\":\"TRUF-UP Biostimulant pour Truffes\"}]},{\"@type\":\"WebSite\",\"@id\":\"https:\\\/\\\/micofora.com\\\/#website\",\"url\":\"https:\\\/\\\/micofora.com\\\/\",\"name\":\"Micofora\",\"description\":\"Micologia Forestal &amp; Aplicada\",\"potentialAction\":[{\"@type\":\"SearchAction\",\"target\":{\"@type\":\"EntryPoint\",\"urlTemplate\":\"https:\\\/\\\/micofora.com\\\/?s={search_term_string}\"},\"query-input\":{\"@type\":\"PropertyValueSpecification\",\"valueRequired\":true,\"valueName\":\"search_term_string\"}}],\"inLanguage\":\"fr-FR\"}]}<\/script>\n<!-- \/ Yoast SEO plugin. -->","yoast_head_json":{"title":"Biostimulant naturel pour am\u00e9liorent la production de truffes","description":"C'est un Biostimulant naturel pour la truffe compos\u00e9 de micro-organismes b\u00e9n\u00e9fiques comme les bact\u00e9ries fixatrices d'azote...","robots":{"index":"index","follow":"follow","max-snippet":"max-snippet:-1","max-image-preview":"max-image-preview:large","max-video-preview":"max-video-preview:-1"},"canonical":"https:\/\/micofora.com\/fr\/product\/biostimulant-pour-truffes\/","og_locale":"fr_FR","og_type":"article","og_title":"Biostimulant naturel pour am\u00e9liorent la production de truffes","og_description":"C'est un Biostimulant naturel pour la truffe compos\u00e9 de micro-organismes b\u00e9n\u00e9fiques comme les bact\u00e9ries fixatrices d'azote...","og_url":"https:\/\/micofora.com\/fr\/product\/biostimulant-pour-truffes\/","og_site_name":"Micofora","article_modified_time":"2024-12-23T13:52:50+00:00","og_image":[{"width":436,"height":573,"url":"https:\/\/micofora.com\/wp-content\/uploads\/2016\/08\/bioestimulant.png","type":"image\/png"}],"twitter_card":"summary_large_image","twitter_misc":{"Dur\u00e9e de lecture estim\u00e9e":"2 minutes"},"schema":{"@context":"https:\/\/schema.org","@graph":[{"@type":"WebPage","@id":"https:\/\/micofora.com\/fr\/product\/biostimulant-pour-truffes\/","url":"https:\/\/micofora.com\/fr\/product\/biostimulant-pour-truffes\/","name":"Biostimulant naturel pour am\u00e9liorent la production de truffes","isPartOf":{"@id":"https:\/\/micofora.com\/#website"},"primaryImageOfPage":{"@id":"https:\/\/micofora.com\/fr\/product\/biostimulant-pour-truffes\/#primaryimage"},"image":{"@id":"https:\/\/micofora.com\/fr\/product\/biostimulant-pour-truffes\/#primaryimage"},"thumbnailUrl":"https:\/\/micofora.com\/wp-content\/uploads\/2016\/08\/bioestimulant.png","datePublished":"2016-08-12T07:29:36+00:00","dateModified":"2024-12-23T13:52:50+00:00","description":"C'est un Biostimulant naturel pour la truffe compos\u00e9 de micro-organismes b\u00e9n\u00e9fiques comme les bact\u00e9ries fixatrices d'azote...","breadcrumb":{"@id":"https:\/\/micofora.com\/fr\/product\/biostimulant-pour-truffes\/#breadcrumb"},"inLanguage":"fr-FR","potentialAction":[{"@type":"ReadAction","target":["https:\/\/micofora.com\/fr\/product\/biostimulant-pour-truffes\/"]}]},{"@type":"ImageObject","inLanguage":"fr-FR","@id":"https:\/\/micofora.com\/fr\/product\/biostimulant-pour-truffes\/#primaryimage","url":"https:\/\/micofora.com\/wp-content\/uploads\/2016\/08\/bioestimulant.png","contentUrl":"https:\/\/micofora.com\/wp-content\/uploads\/2016\/08\/bioestimulant.png","width":436,"height":573},{"@type":"BreadcrumbList","@id":"https:\/\/micofora.com\/fr\/product\/biostimulant-pour-truffes\/#breadcrumb","itemListElement":[{"@type":"ListItem","position":1,"name":"Portada","item":"https:\/\/micofora.com\/fr\/"},{"@type":"ListItem","position":2,"name":"Magasine","item":"https:\/\/micofora.com\/fr\/magasine\/"},{"@type":"ListItem","position":3,"name":"TRUF-UP Biostimulant pour Truffes"}]},{"@type":"WebSite","@id":"https:\/\/micofora.com\/#website","url":"https:\/\/micofora.com\/","name":"Micofora","description":"Micologia Forestal &amp; Aplicada","potentialAction":[{"@type":"SearchAction","target":{"@type":"EntryPoint","urlTemplate":"https:\/\/micofora.com\/?s={search_term_string}"},"query-input":{"@type":"PropertyValueSpecification","valueRequired":true,"valueName":"search_term_string"}}],"inLanguage":"fr-FR"}]}},"_links":{"self":[{"href":"https:\/\/micofora.com\/fr\/wp-json\/wp\/v2\/product\/21270","targetHints":{"allow":["GET"]}}],"collection":[{"href":"https:\/\/micofora.com\/fr\/wp-json\/wp\/v2\/product"}],"about":[{"href":"https:\/\/micofora.com\/fr\/wp-json\/wp\/v2\/types\/product"}],"replies":[{"embeddable":true,"href":"https:\/\/micofora.com\/fr\/wp-json\/wp\/v2\/comments?post=21270"}],"wp:featuredmedia":[{"embeddable":true,"href":"https:\/\/micofora.com\/fr\/wp-json\/wp\/v2\/media\/24734"}],"wp:attachment":[{"href":"https:\/\/micofora.com\/fr\/wp-json\/wp\/v2\/media?parent=21270"}],"wp:term":[{"taxonomy":"product_brand","embeddable":true,"href":"https:\/\/micofora.com\/fr\/wp-json\/wp\/v2\/product_brand?post=21270"},{"taxonomy":"product_cat","embeddable":true,"href":"https:\/\/micofora.com\/fr\/wp-json\/wp\/v2\/product_cat?post=21270"},{"taxonomy":"product_tag","embeddable":true,"href":"https:\/\/micofora.com\/fr\/wp-json\/wp\/v2\/product_tag?post=21270"}],"curies":[{"name":"wp","href":"https:\/\/api.w.org\/{rel}","templated":true}]}}