{"id":21248,"date":"2016-07-28T20:56:35","date_gmt":"2016-07-28T20:56:35","guid":{"rendered":"http:\/\/micofora.com\/fr\/producto\/semilla-de-niscalo\/"},"modified":"2023-05-05T07:20:34","modified_gmt":"2023-05-05T07:20:34","slug":"semilla-de-niscalo","status":"publish","type":"product","link":"https:\/\/micofora.com\/fr\/produit\/semilla-de-niscalo\/","title":{"rendered":"Graine de lactaire"},"content":{"rendered":"<p><strong>Entretien et collecte:<\/strong>\u00a0Arrosez surtout en juillet et ao\u00fbt en \u00e9vitant le trempage. Ne pas travailler ou marcher sur la zone plant\u00e9e. Ne payez pas. La production de c\u00e9pes commence \u00e0 24 mois de plantation. C\u2019est environ 1 kg par arbre.\u00a0 Les lactaires appara\u00eetront selon leur rythme saisonnier caract\u00e9ristique, principalement en automne.<\/p>\n","protected":false},"excerpt":{"rendered":"<p>La\u00a0<strong>Graine de Lactaire\u00a0<\/strong>est un produit exclusif de Micolog\u00eda Forestal &amp; Aplicada. Il est pr\u00eat \u00e0 planter autour du pin (n&rsquo;inporte quel type) toujours moins de 15 ans, dans tous les types de sols.\u00a0 Il peut \u00eatre plant\u00e9 toute l\u2019ann\u00e9e, de pr\u00e9f\u00e9rence au printemps et en automne; il ne devrait pas \u00eatre plant\u00e9 sur un sol gel\u00e9.<\/p>\n","protected":false},"featured_media":23418,"comment_status":"open","ping_status":"closed","template":"","meta":[],"product_brand":[],"product_cat":[683],"product_tag":[],"class_list":{"0":"post-21248","1":"product","2":"type-product","3":"status-publish","4":"has-post-thumbnail","6":"product_cat-culture-de-champignons","8":"first","9":"outofstock","10":"taxable","11":"shipping-taxable","12":"purchasable","13":"product-type-variable"},"yoast_head":"<!-- This site is optimized with the Yoast SEO plugin v27.5 - https:\/\/yoast.com\/product\/yoast-seo-wordpress\/ -->\n<title>Cultivo n\u00edscalo y rovell\u00f3n- Semillas n\u00edscalo - Producci\u00f3n n\u00edscalos<\/title>\n<meta name=\"description\" content=\"La Semilla de N\u00edscalo est\u00e1 preparada para sembrar alrededor de cualquier especie de pino, siempre menores de 20 a\u00f1os, en todo tipo de suelo.\" \/>\n<meta name=\"robots\" content=\"index, follow, max-snippet:-1, max-image-preview:large, max-video-preview:-1\" \/>\n<link rel=\"canonical\" href=\"https:\/\/micofora.com\/fr\/product\/semilla-de-niscalo\/\" \/>\n<meta property=\"og:locale\" content=\"fr_FR\" \/>\n<meta property=\"og:type\" content=\"article\" \/>\n<meta property=\"og:title\" content=\"Cultivo n\u00edscalo y rovell\u00f3n- Semillas n\u00edscalo - Producci\u00f3n n\u00edscalos\" \/>\n<meta property=\"og:description\" content=\"La Semilla de N\u00edscalo est\u00e1 preparada para sembrar alrededor de cualquier especie de pino, siempre menores de 20 a\u00f1os, en todo tipo de suelo.\" \/>\n<meta property=\"og:url\" content=\"https:\/\/micofora.com\/fr\/product\/semilla-de-niscalo\/\" \/>\n<meta property=\"og:site_name\" content=\"Micofora\" \/>\n<meta property=\"article:modified_time\" content=\"2023-05-05T07:20:34+00:00\" \/>\n<meta property=\"og:image\" content=\"https:\/\/micofora.com\/wp-content\/uploads\/2016\/07\/Llavor-rovello-1.jpg\" \/>\n\t<meta property=\"og:image:width\" content=\"1000\" \/>\n\t<meta property=\"og:image:height\" content=\"1505\" \/>\n\t<meta property=\"og:image:type\" content=\"image\/jpeg\" \/>\n<meta name=\"twitter:card\" content=\"summary_large_image\" \/>\n<meta name=\"twitter:label1\" content=\"Dur\u00e9e de lecture estim\u00e9e\" \/>\n\t<meta name=\"twitter:data1\" content=\"1 minute\" \/>\n<script type=\"application\/ld+json\" class=\"yoast-schema-graph\">{\"@context\":\"https:\\\/\\\/schema.org\",\"@graph\":[{\"@type\":\"WebPage\",\"@id\":\"https:\\\/\\\/micofora.com\\\/fr\\\/product\\\/semilla-de-niscalo\\\/\",\"url\":\"https:\\\/\\\/micofora.com\\\/fr\\\/product\\\/semilla-de-niscalo\\\/\",\"name\":\"Cultivo n\u00edscalo y rovell\u00f3n- Semillas n\u00edscalo - Producci\u00f3n n\u00edscalos\",\"isPartOf\":{\"@id\":\"https:\\\/\\\/micofora.com\\\/#website\"},\"primaryImageOfPage\":{\"@id\":\"https:\\\/\\\/micofora.com\\\/fr\\\/product\\\/semilla-de-niscalo\\\/#primaryimage\"},\"image\":{\"@id\":\"https:\\\/\\\/micofora.com\\\/fr\\\/product\\\/semilla-de-niscalo\\\/#primaryimage\"},\"thumbnailUrl\":\"https:\\\/\\\/micofora.com\\\/wp-content\\\/uploads\\\/2016\\\/07\\\/Llavor-rovello-1.jpg\",\"datePublished\":\"2016-07-28T20:56:35+00:00\",\"dateModified\":\"2023-05-05T07:20:34+00:00\",\"description\":\"La Semilla de N\u00edscalo est\u00e1 preparada para sembrar alrededor de cualquier especie de pino, siempre menores de 20 a\u00f1os, en todo tipo de suelo.\",\"breadcrumb\":{\"@id\":\"https:\\\/\\\/micofora.com\\\/fr\\\/product\\\/semilla-de-niscalo\\\/#breadcrumb\"},\"inLanguage\":\"fr-FR\",\"potentialAction\":[{\"@type\":\"ReadAction\",\"target\":[\"https:\\\/\\\/micofora.com\\\/fr\\\/product\\\/semilla-de-niscalo\\\/\"]}]},{\"@type\":\"ImageObject\",\"inLanguage\":\"fr-FR\",\"@id\":\"https:\\\/\\\/micofora.com\\\/fr\\\/product\\\/semilla-de-niscalo\\\/#primaryimage\",\"url\":\"https:\\\/\\\/micofora.com\\\/wp-content\\\/uploads\\\/2016\\\/07\\\/Llavor-rovello-1.jpg\",\"contentUrl\":\"https:\\\/\\\/micofora.com\\\/wp-content\\\/uploads\\\/2016\\\/07\\\/Llavor-rovello-1.jpg\",\"width\":1000,\"height\":1505},{\"@type\":\"BreadcrumbList\",\"@id\":\"https:\\\/\\\/micofora.com\\\/fr\\\/product\\\/semilla-de-niscalo\\\/#breadcrumb\",\"itemListElement\":[{\"@type\":\"ListItem\",\"position\":1,\"name\":\"Portada\",\"item\":\"https:\\\/\\\/micofora.com\\\/fr\\\/\"},{\"@type\":\"ListItem\",\"position\":2,\"name\":\"Magasine\",\"item\":\"https:\\\/\\\/micofora.com\\\/fr\\\/magasine\\\/\"},{\"@type\":\"ListItem\",\"position\":3,\"name\":\"Graine de lactaire\"}]},{\"@type\":\"WebSite\",\"@id\":\"https:\\\/\\\/micofora.com\\\/#website\",\"url\":\"https:\\\/\\\/micofora.com\\\/\",\"name\":\"Micofora\",\"description\":\"Micologia Forestal &amp; Aplicada\",\"potentialAction\":[{\"@type\":\"SearchAction\",\"target\":{\"@type\":\"EntryPoint\",\"urlTemplate\":\"https:\\\/\\\/micofora.com\\\/?s={search_term_string}\"},\"query-input\":{\"@type\":\"PropertyValueSpecification\",\"valueRequired\":true,\"valueName\":\"search_term_string\"}}],\"inLanguage\":\"fr-FR\"}]}<\/script>\n<!-- \/ Yoast SEO plugin. -->","yoast_head_json":{"title":"Cultivo n\u00edscalo y rovell\u00f3n- Semillas n\u00edscalo - Producci\u00f3n n\u00edscalos","description":"La Semilla de N\u00edscalo est\u00e1 preparada para sembrar alrededor de cualquier especie de pino, siempre menores de 20 a\u00f1os, en todo tipo de suelo.","robots":{"index":"index","follow":"follow","max-snippet":"max-snippet:-1","max-image-preview":"max-image-preview:large","max-video-preview":"max-video-preview:-1"},"canonical":"https:\/\/micofora.com\/fr\/product\/semilla-de-niscalo\/","og_locale":"fr_FR","og_type":"article","og_title":"Cultivo n\u00edscalo y rovell\u00f3n- Semillas n\u00edscalo - Producci\u00f3n n\u00edscalos","og_description":"La Semilla de N\u00edscalo est\u00e1 preparada para sembrar alrededor de cualquier especie de pino, siempre menores de 20 a\u00f1os, en todo tipo de suelo.","og_url":"https:\/\/micofora.com\/fr\/product\/semilla-de-niscalo\/","og_site_name":"Micofora","article_modified_time":"2023-05-05T07:20:34+00:00","og_image":[{"width":1000,"height":1505,"url":"https:\/\/micofora.com\/wp-content\/uploads\/2016\/07\/Llavor-rovello-1.jpg","type":"image\/jpeg"}],"twitter_card":"summary_large_image","twitter_misc":{"Dur\u00e9e de lecture estim\u00e9e":"1 minute"},"schema":{"@context":"https:\/\/schema.org","@graph":[{"@type":"WebPage","@id":"https:\/\/micofora.com\/fr\/product\/semilla-de-niscalo\/","url":"https:\/\/micofora.com\/fr\/product\/semilla-de-niscalo\/","name":"Cultivo n\u00edscalo y rovell\u00f3n- Semillas n\u00edscalo - Producci\u00f3n n\u00edscalos","isPartOf":{"@id":"https:\/\/micofora.com\/#website"},"primaryImageOfPage":{"@id":"https:\/\/micofora.com\/fr\/product\/semilla-de-niscalo\/#primaryimage"},"image":{"@id":"https:\/\/micofora.com\/fr\/product\/semilla-de-niscalo\/#primaryimage"},"thumbnailUrl":"https:\/\/micofora.com\/wp-content\/uploads\/2016\/07\/Llavor-rovello-1.jpg","datePublished":"2016-07-28T20:56:35+00:00","dateModified":"2023-05-05T07:20:34+00:00","description":"La Semilla de N\u00edscalo est\u00e1 preparada para sembrar alrededor de cualquier especie de pino, siempre menores de 20 a\u00f1os, en todo tipo de suelo.","breadcrumb":{"@id":"https:\/\/micofora.com\/fr\/product\/semilla-de-niscalo\/#breadcrumb"},"inLanguage":"fr-FR","potentialAction":[{"@type":"ReadAction","target":["https:\/\/micofora.com\/fr\/product\/semilla-de-niscalo\/"]}]},{"@type":"ImageObject","inLanguage":"fr-FR","@id":"https:\/\/micofora.com\/fr\/product\/semilla-de-niscalo\/#primaryimage","url":"https:\/\/micofora.com\/wp-content\/uploads\/2016\/07\/Llavor-rovello-1.jpg","contentUrl":"https:\/\/micofora.com\/wp-content\/uploads\/2016\/07\/Llavor-rovello-1.jpg","width":1000,"height":1505},{"@type":"BreadcrumbList","@id":"https:\/\/micofora.com\/fr\/product\/semilla-de-niscalo\/#breadcrumb","itemListElement":[{"@type":"ListItem","position":1,"name":"Portada","item":"https:\/\/micofora.com\/fr\/"},{"@type":"ListItem","position":2,"name":"Magasine","item":"https:\/\/micofora.com\/fr\/magasine\/"},{"@type":"ListItem","position":3,"name":"Graine de lactaire"}]},{"@type":"WebSite","@id":"https:\/\/micofora.com\/#website","url":"https:\/\/micofora.com\/","name":"Micofora","description":"Micologia Forestal &amp; Aplicada","potentialAction":[{"@type":"SearchAction","target":{"@type":"EntryPoint","urlTemplate":"https:\/\/micofora.com\/?s={search_term_string}"},"query-input":{"@type":"PropertyValueSpecification","valueRequired":true,"valueName":"search_term_string"}}],"inLanguage":"fr-FR"}]}},"_links":{"self":[{"href":"https:\/\/micofora.com\/fr\/wp-json\/wp\/v2\/product\/21248","targetHints":{"allow":["GET"]}}],"collection":[{"href":"https:\/\/micofora.com\/fr\/wp-json\/wp\/v2\/product"}],"about":[{"href":"https:\/\/micofora.com\/fr\/wp-json\/wp\/v2\/types\/product"}],"replies":[{"embeddable":true,"href":"https:\/\/micofora.com\/fr\/wp-json\/wp\/v2\/comments?post=21248"}],"wp:featuredmedia":[{"embeddable":true,"href":"https:\/\/micofora.com\/fr\/wp-json\/wp\/v2\/media\/23418"}],"wp:attachment":[{"href":"https:\/\/micofora.com\/fr\/wp-json\/wp\/v2\/media?parent=21248"}],"wp:term":[{"taxonomy":"product_brand","embeddable":true,"href":"https:\/\/micofora.com\/fr\/wp-json\/wp\/v2\/product_brand?post=21248"},{"taxonomy":"product_cat","embeddable":true,"href":"https:\/\/micofora.com\/fr\/wp-json\/wp\/v2\/product_cat?post=21248"},{"taxonomy":"product_tag","embeddable":true,"href":"https:\/\/micofora.com\/fr\/wp-json\/wp\/v2\/product_tag?post=21248"}],"curies":[{"name":"wp","href":"https:\/\/api.w.org\/{rel}","templated":true}]}}