{"id":21196,"date":"2016-07-28T19:06:57","date_gmt":"2016-07-28T19:06:57","guid":{"rendered":"http:\/\/micofora.com\/fr\/producto\/semilla-de-boleto\/"},"modified":"2025-09-13T07:00:25","modified_gmt":"2025-09-13T07:00:25","slug":"graine-de-cepes","status":"publish","type":"product","link":"https:\/\/micofora.com\/fr\/produit\/graine-de-cepes\/","title":{"rendered":"Graine de c\u00e8pes"},"content":{"rendered":"<p><strong>Entretien et collecte:<\/strong> Arrosez surtout en juillet et ao\u00fbt en \u00e9vitant le trempage. Ne pas travailler ou marcher sur la zone plant\u00e9e. Ne payez pas. La production de c\u00e9pes commence \u00e0 12-24 mois de plantation. C&rsquo;est environ 1 kg par arbre. Les c\u00e9pes appara\u00eetront selon leur rythme saisonnier caract\u00e9ristique, principalement en automne.<\/p>\n<p>Cliquez ici pour plus <a href=\"https:\/\/micofora.com\/wp-content\/uploads\/2017\/10\/Semillaboleto.pdf\">d&rsquo;informations sur les semences de c\u00e8pes<\/a>\u00a0 et la culture.<\/p>\n","protected":false},"excerpt":{"rendered":"<p>La <strong>graine de C\u00e9pes<\/strong> est un produit exclusif de Micolog\u00eda Forestal &amp; Aplicada. Il est pr\u00eat \u00e0 planter autour du pin, du h\u00eatre, du ch\u00eane, du li\u00e8ge, du ch\u00eane, du bouleau et de la ch\u00e2taigne, toujours sur 20 ans, sur des sols acides. Il peut \u00eatre plant\u00e9 toute l&rsquo;ann\u00e9e, de pr\u00e9f\u00e9rence au printemps et en automne; il ne devrait pas \u00eatre plant\u00e9 sur un sol gel\u00e9.<\/p>\n<p>&nbsp;<\/p>\n","protected":false},"featured_media":21198,"comment_status":"open","ping_status":"closed","template":"","meta":[],"product_brand":[],"product_cat":[683],"product_tag":[],"class_list":{"0":"post-21196","1":"product","2":"type-product","3":"status-publish","4":"has-post-thumbnail","6":"product_cat-culture-de-champignons","8":"first","9":"outofstock","10":"taxable","11":"shipping-taxable","12":"purchasable","13":"product-type-variable"},"yoast_head":"<!-- This site is optimized with the Yoast SEO plugin v27.5 - https:\/\/yoast.com\/product\/yoast-seo-wordpress\/ -->\n<title>Cultivo boleto- Semilla Boleto - Producci\u00f3n Boletus<\/title>\n<meta name=\"description\" content=\"Micologia Forestal &amp; Aplicada produce semilla para el cultivo de boleto\" \/>\n<meta name=\"robots\" content=\"index, follow, max-snippet:-1, max-image-preview:large, max-video-preview:-1\" \/>\n<link rel=\"canonical\" href=\"https:\/\/micofora.com\/fr\/product\/graine-de-cepes\/\" \/>\n<meta property=\"og:locale\" content=\"fr_FR\" \/>\n<meta property=\"og:type\" content=\"article\" \/>\n<meta property=\"og:title\" content=\"Cultivo boleto- Semilla Boleto - Producci\u00f3n Boletus\" \/>\n<meta property=\"og:description\" content=\"Micologia Forestal &amp; Aplicada produce semilla para el cultivo de boleto\" \/>\n<meta property=\"og:url\" content=\"https:\/\/micofora.com\/fr\/product\/graine-de-cepes\/\" \/>\n<meta property=\"og:site_name\" content=\"Micofora\" \/>\n<meta property=\"article:modified_time\" content=\"2025-09-13T07:00:25+00:00\" \/>\n<meta property=\"og:image\" content=\"https:\/\/micofora.com\/wp-content\/uploads\/2015\/09\/11-Cultivo-de-setas.jpeg\" \/>\n\t<meta property=\"og:image:width\" content=\"800\" \/>\n\t<meta property=\"og:image:height\" content=\"1000\" \/>\n\t<meta property=\"og:image:type\" content=\"image\/jpeg\" \/>\n<meta name=\"twitter:card\" content=\"summary_large_image\" \/>\n<script type=\"application\/ld+json\" class=\"yoast-schema-graph\">{\"@context\":\"https:\\\/\\\/schema.org\",\"@graph\":[{\"@type\":\"WebPage\",\"@id\":\"https:\\\/\\\/micofora.com\\\/fr\\\/product\\\/graine-de-cepes\\\/\",\"url\":\"https:\\\/\\\/micofora.com\\\/fr\\\/product\\\/graine-de-cepes\\\/\",\"name\":\"Cultivo boleto- Semilla Boleto - Producci\u00f3n Boletus\",\"isPartOf\":{\"@id\":\"https:\\\/\\\/micofora.com\\\/#website\"},\"primaryImageOfPage\":{\"@id\":\"https:\\\/\\\/micofora.com\\\/fr\\\/product\\\/graine-de-cepes\\\/#primaryimage\"},\"image\":{\"@id\":\"https:\\\/\\\/micofora.com\\\/fr\\\/product\\\/graine-de-cepes\\\/#primaryimage\"},\"thumbnailUrl\":\"https:\\\/\\\/micofora.com\\\/wp-content\\\/uploads\\\/2015\\\/09\\\/11-Cultivo-de-setas.jpeg\",\"datePublished\":\"2016-07-28T19:06:57+00:00\",\"dateModified\":\"2025-09-13T07:00:25+00:00\",\"description\":\"Micologia Forestal & Aplicada produce semilla para el cultivo de boleto\",\"breadcrumb\":{\"@id\":\"https:\\\/\\\/micofora.com\\\/fr\\\/product\\\/graine-de-cepes\\\/#breadcrumb\"},\"inLanguage\":\"fr-FR\",\"potentialAction\":[{\"@type\":\"ReadAction\",\"target\":[\"https:\\\/\\\/micofora.com\\\/fr\\\/product\\\/graine-de-cepes\\\/\"]}]},{\"@type\":\"ImageObject\",\"inLanguage\":\"fr-FR\",\"@id\":\"https:\\\/\\\/micofora.com\\\/fr\\\/product\\\/graine-de-cepes\\\/#primaryimage\",\"url\":\"https:\\\/\\\/micofora.com\\\/wp-content\\\/uploads\\\/2015\\\/09\\\/11-Cultivo-de-setas.jpeg\",\"contentUrl\":\"https:\\\/\\\/micofora.com\\\/wp-content\\\/uploads\\\/2015\\\/09\\\/11-Cultivo-de-setas.jpeg\",\"width\":800,\"height\":1000},{\"@type\":\"BreadcrumbList\",\"@id\":\"https:\\\/\\\/micofora.com\\\/fr\\\/product\\\/graine-de-cepes\\\/#breadcrumb\",\"itemListElement\":[{\"@type\":\"ListItem\",\"position\":1,\"name\":\"Portada\",\"item\":\"https:\\\/\\\/micofora.com\\\/fr\\\/\"},{\"@type\":\"ListItem\",\"position\":2,\"name\":\"Magasine\",\"item\":\"https:\\\/\\\/micofora.com\\\/fr\\\/magasine\\\/\"},{\"@type\":\"ListItem\",\"position\":3,\"name\":\"Graine de c\u00e8pes\"}]},{\"@type\":\"WebSite\",\"@id\":\"https:\\\/\\\/micofora.com\\\/#website\",\"url\":\"https:\\\/\\\/micofora.com\\\/\",\"name\":\"Micofora\",\"description\":\"Micologia Forestal &amp; Aplicada\",\"potentialAction\":[{\"@type\":\"SearchAction\",\"target\":{\"@type\":\"EntryPoint\",\"urlTemplate\":\"https:\\\/\\\/micofora.com\\\/?s={search_term_string}\"},\"query-input\":{\"@type\":\"PropertyValueSpecification\",\"valueRequired\":true,\"valueName\":\"search_term_string\"}}],\"inLanguage\":\"fr-FR\"}]}<\/script>\n<!-- \/ Yoast SEO plugin. -->","yoast_head_json":{"title":"Cultivo boleto- Semilla Boleto - Producci\u00f3n Boletus","description":"Micologia Forestal & Aplicada produce semilla para el cultivo de boleto","robots":{"index":"index","follow":"follow","max-snippet":"max-snippet:-1","max-image-preview":"max-image-preview:large","max-video-preview":"max-video-preview:-1"},"canonical":"https:\/\/micofora.com\/fr\/product\/graine-de-cepes\/","og_locale":"fr_FR","og_type":"article","og_title":"Cultivo boleto- Semilla Boleto - Producci\u00f3n Boletus","og_description":"Micologia Forestal & Aplicada produce semilla para el cultivo de boleto","og_url":"https:\/\/micofora.com\/fr\/product\/graine-de-cepes\/","og_site_name":"Micofora","article_modified_time":"2025-09-13T07:00:25+00:00","og_image":[{"width":800,"height":1000,"url":"https:\/\/micofora.com\/wp-content\/uploads\/2015\/09\/11-Cultivo-de-setas.jpeg","type":"image\/jpeg"}],"twitter_card":"summary_large_image","schema":{"@context":"https:\/\/schema.org","@graph":[{"@type":"WebPage","@id":"https:\/\/micofora.com\/fr\/product\/graine-de-cepes\/","url":"https:\/\/micofora.com\/fr\/product\/graine-de-cepes\/","name":"Cultivo boleto- Semilla Boleto - Producci\u00f3n Boletus","isPartOf":{"@id":"https:\/\/micofora.com\/#website"},"primaryImageOfPage":{"@id":"https:\/\/micofora.com\/fr\/product\/graine-de-cepes\/#primaryimage"},"image":{"@id":"https:\/\/micofora.com\/fr\/product\/graine-de-cepes\/#primaryimage"},"thumbnailUrl":"https:\/\/micofora.com\/wp-content\/uploads\/2015\/09\/11-Cultivo-de-setas.jpeg","datePublished":"2016-07-28T19:06:57+00:00","dateModified":"2025-09-13T07:00:25+00:00","description":"Micologia Forestal & Aplicada produce semilla para el cultivo de boleto","breadcrumb":{"@id":"https:\/\/micofora.com\/fr\/product\/graine-de-cepes\/#breadcrumb"},"inLanguage":"fr-FR","potentialAction":[{"@type":"ReadAction","target":["https:\/\/micofora.com\/fr\/product\/graine-de-cepes\/"]}]},{"@type":"ImageObject","inLanguage":"fr-FR","@id":"https:\/\/micofora.com\/fr\/product\/graine-de-cepes\/#primaryimage","url":"https:\/\/micofora.com\/wp-content\/uploads\/2015\/09\/11-Cultivo-de-setas.jpeg","contentUrl":"https:\/\/micofora.com\/wp-content\/uploads\/2015\/09\/11-Cultivo-de-setas.jpeg","width":800,"height":1000},{"@type":"BreadcrumbList","@id":"https:\/\/micofora.com\/fr\/product\/graine-de-cepes\/#breadcrumb","itemListElement":[{"@type":"ListItem","position":1,"name":"Portada","item":"https:\/\/micofora.com\/fr\/"},{"@type":"ListItem","position":2,"name":"Magasine","item":"https:\/\/micofora.com\/fr\/magasine\/"},{"@type":"ListItem","position":3,"name":"Graine de c\u00e8pes"}]},{"@type":"WebSite","@id":"https:\/\/micofora.com\/#website","url":"https:\/\/micofora.com\/","name":"Micofora","description":"Micologia Forestal &amp; Aplicada","potentialAction":[{"@type":"SearchAction","target":{"@type":"EntryPoint","urlTemplate":"https:\/\/micofora.com\/?s={search_term_string}"},"query-input":{"@type":"PropertyValueSpecification","valueRequired":true,"valueName":"search_term_string"}}],"inLanguage":"fr-FR"}]}},"_links":{"self":[{"href":"https:\/\/micofora.com\/fr\/wp-json\/wp\/v2\/product\/21196","targetHints":{"allow":["GET"]}}],"collection":[{"href":"https:\/\/micofora.com\/fr\/wp-json\/wp\/v2\/product"}],"about":[{"href":"https:\/\/micofora.com\/fr\/wp-json\/wp\/v2\/types\/product"}],"replies":[{"embeddable":true,"href":"https:\/\/micofora.com\/fr\/wp-json\/wp\/v2\/comments?post=21196"}],"wp:featuredmedia":[{"embeddable":true,"href":"https:\/\/micofora.com\/fr\/wp-json\/wp\/v2\/media\/21198"}],"wp:attachment":[{"href":"https:\/\/micofora.com\/fr\/wp-json\/wp\/v2\/media?parent=21196"}],"wp:term":[{"taxonomy":"product_brand","embeddable":true,"href":"https:\/\/micofora.com\/fr\/wp-json\/wp\/v2\/product_brand?post=21196"},{"taxonomy":"product_cat","embeddable":true,"href":"https:\/\/micofora.com\/fr\/wp-json\/wp\/v2\/product_cat?post=21196"},{"taxonomy":"product_tag","embeddable":true,"href":"https:\/\/micofora.com\/fr\/wp-json\/wp\/v2\/product_tag?post=21196"}],"curies":[{"name":"wp","href":"https:\/\/api.w.org\/{rel}","templated":true}]}}