{"id":21142,"date":"2016-07-28T18:45:04","date_gmt":"2016-07-28T18:45:04","guid":{"rendered":"http:\/\/micofora.com\/fr\/producto\/substrato-shiitake\/"},"modified":"2025-01-29T13:33:42","modified_gmt":"2025-01-29T13:33:42","slug":"substrato-shiitake","status":"publish","type":"product","link":"https:\/\/micofora.com\/fr\/produit\/substrato-shiitake\/","title":{"rendered":"Substrato Shiitake"},"content":{"rendered":"<p><span style=\"font-family: Verdana;\">Cultive <strong>shiitake <\/strong>en interior, en cualquier lugar fresco, aireado y con luz.\u00a0Se producen tres floraciones de forma sencilla tan s\u00f3lo manteniendo la humedad y temperatura necesarias.\u00a0Se trata de substrato con una mezcla de serr\u00edn de caducifolios incubado y listo para producir.<\/span><\/p>\n<p><span style=\"font-family: Verdana;\">Las instrucciones para producir shiitake en casa son muy sencillas.\u00a0Para iniciar la fructificaci\u00f3n necesitaremos dar un choque de humedad y para ello debemos retirar la bolsa de pl\u00e1stico con cuidado y sumergir en agua durante 24 horas (el substrato flota y <\/span><span style=\"font-family: Verdana;\">por tanto colocar algo de peso para que lo cubra el agua).<\/span><\/p>\n<p><span style=\"font-family: Verdana;\">Elegir un lugar fresco y ventilado, la temperatura ideal est\u00e1 entre los 15-20\u00baC.\u00a0Colocar el substrato en una bandeja o en una caja, ya que v<\/span><span style=\"font-family: Verdana;\"><img decoding=\"async\" src=\"http:\/\/www.micofora.com\/Image\/shiitake1.jpg\" alt=\"\" width=\"122\" height=\"81\" align=\"right\" hspace=\"1\" \/><\/span><span style=\"font-family: Verdana;\">amos a humedecerlo y se mojar\u00e1 la superficie donde lo coloquemos.\u00a0Si tiene una rejilla en la base e<\/span><span style=\"font-family: Verdana;\">vitaremos contaminaciones por exceso de humedad.\u00a0Mantendremos la humedad con un pulverizador varias veces al d\u00eda a unos 30-40 cm de distancia<\/span><\/p>\n<p><span style=\"font-family: Verdana;\"><img decoding=\"async\" src=\"http:\/\/www.micofora.com\/Image\/shiitake2.jpg\" alt=\"\" width=\"112\" height=\"91\" align=\"left\" hspace=\"1\" \/>En unos d\u00edas empezar\u00e1n a fructificar el shiitake, es muy importante mantener la humedad durante este proceso para que se desarrollen bien las setas por tanto pulverizaremos m\u00e1s a menudo)\u00a0Para recoger las setas se recomienda girar el pie y arrancarlas con cuidado.<\/span><\/p>\n<p><span style=\"font-family: Verdana;\">La primera floraci\u00f3n es la m\u00e1s importante, pr\u00e1cticamente el 40-50% de lo que producir\u00e1 la bolsa de substrato.\u00a0Una vez acabada la primera floracion volveremos a incitar la producci\u00f3n al cabo de unos 15 d\u00edas siguiendo los mismos pasos.<\/span><\/p>\n<div><span style=\"font-family: Verdana;\"><strong>Recomendaciones<\/strong><\/span><\/div>\n<p><span style=\"font-family: Verdana;\">Cuando reciba el paquete debe mantenerlo en nevera hasta que vaya a iniciar la producci\u00f3n<\/span><\/p>\n<p><span style=\"font-family: Verdana;\">No colocar en lugares con sol directo o corrientes de aire.<\/span><\/p>\n<p align=\"center\"><span style=\"font-family: Verdana;\"><strong>LA TEMPERATURA<\/strong><strong> DEBE SER DE 15-20 \u00ba C POR TANTO EN VERANO NO SE RECOMIENDA PRODUCIR SI NO SE PUEDE MANTENER<\/strong><\/span><\/p>\n","protected":false},"excerpt":{"rendered":"<p>Cultive <strong>shiitake <\/strong>en interior, en cualquier lugar fresco, aireado y con luz.\u00a0Se producen tres floraciones de forma sencilla tan s\u00f3lo manteniendo la humedad y temperatura necesarias.\u00a0Se trata de substrato con una mezcla de serr\u00edn de caducifolios incubado y listo para producir.<\/p>\n<p><strong>Caja 2 bolsas<\/strong><br \/>\n<strong> Bolsas 3 Kg substrato<\/strong><\/p>\n<p><strong>Los precios indicados incluyen IVA y gastos de envio para Pen\u00ednsula y Baleares. Para envios a Canarias consultar portes.<\/strong><\/p>\n","protected":false},"featured_media":21143,"comment_status":"open","ping_status":"closed","template":"","meta":[],"product_brand":[],"product_cat":[683],"product_tag":[],"class_list":{"0":"post-21142","1":"product","2":"type-product","3":"status-publish","4":"has-post-thumbnail","6":"product_cat-culture-de-champignons","8":"first","9":"outofstock","10":"taxable","11":"shipping-taxable","12":"purchasable","13":"product-type-variable"},"yoast_head":"<!-- This site is optimized with the Yoast SEO plugin v27.5 - https:\/\/yoast.com\/product\/yoast-seo-wordpress\/ -->\n<title>Cultivo shiitake- Semillas shiitake - Producci\u00f3n shiitake<\/title>\n<meta name=\"description\" content=\"Micologia Forestal &amp; Aplicada produce semillas para el cultivo de shiitake\" \/>\n<meta name=\"robots\" content=\"index, follow, max-snippet:-1, max-image-preview:large, max-video-preview:-1\" \/>\n<link rel=\"canonical\" href=\"https:\/\/micofora.com\/fr\/product\/substrato-shiitake\/\" \/>\n<meta property=\"og:locale\" content=\"fr_FR\" \/>\n<meta property=\"og:type\" content=\"article\" \/>\n<meta property=\"og:title\" content=\"Cultivo shiitake- Semillas shiitake - Producci\u00f3n shiitake\" \/>\n<meta property=\"og:description\" content=\"Micologia Forestal &amp; Aplicada produce semillas para el cultivo de shiitake\" \/>\n<meta property=\"og:url\" content=\"https:\/\/micofora.com\/fr\/product\/substrato-shiitake\/\" \/>\n<meta property=\"og:site_name\" content=\"Micofora\" \/>\n<meta property=\"article:modified_time\" content=\"2025-01-29T13:33:42+00:00\" \/>\n<meta property=\"og:image\" content=\"https:\/\/micofora.com\/wp-content\/uploads\/2016\/07\/shiitake2.jpg\" \/>\n\t<meta property=\"og:image:width\" content=\"1099\" \/>\n\t<meta property=\"og:image:height\" content=\"889\" \/>\n\t<meta property=\"og:image:type\" content=\"image\/jpeg\" \/>\n<meta name=\"twitter:card\" content=\"summary_large_image\" \/>\n<meta name=\"twitter:label1\" content=\"Dur\u00e9e de lecture estim\u00e9e\" \/>\n\t<meta name=\"twitter:data1\" content=\"2 minutes\" \/>\n<script type=\"application\/ld+json\" class=\"yoast-schema-graph\">{\"@context\":\"https:\\\/\\\/schema.org\",\"@graph\":[{\"@type\":\"WebPage\",\"@id\":\"https:\\\/\\\/micofora.com\\\/fr\\\/product\\\/substrato-shiitake\\\/\",\"url\":\"https:\\\/\\\/micofora.com\\\/fr\\\/product\\\/substrato-shiitake\\\/\",\"name\":\"Cultivo shiitake- Semillas shiitake - Producci\u00f3n shiitake\",\"isPartOf\":{\"@id\":\"https:\\\/\\\/micofora.com\\\/#website\"},\"primaryImageOfPage\":{\"@id\":\"https:\\\/\\\/micofora.com\\\/fr\\\/product\\\/substrato-shiitake\\\/#primaryimage\"},\"image\":{\"@id\":\"https:\\\/\\\/micofora.com\\\/fr\\\/product\\\/substrato-shiitake\\\/#primaryimage\"},\"thumbnailUrl\":\"https:\\\/\\\/micofora.com\\\/wp-content\\\/uploads\\\/2016\\\/07\\\/shiitake2.jpg\",\"datePublished\":\"2016-07-28T18:45:04+00:00\",\"dateModified\":\"2025-01-29T13:33:42+00:00\",\"description\":\"Micologia Forestal & Aplicada produce semillas para el cultivo de shiitake\",\"breadcrumb\":{\"@id\":\"https:\\\/\\\/micofora.com\\\/fr\\\/product\\\/substrato-shiitake\\\/#breadcrumb\"},\"inLanguage\":\"fr-FR\",\"potentialAction\":[{\"@type\":\"ReadAction\",\"target\":[\"https:\\\/\\\/micofora.com\\\/fr\\\/product\\\/substrato-shiitake\\\/\"]}]},{\"@type\":\"ImageObject\",\"inLanguage\":\"fr-FR\",\"@id\":\"https:\\\/\\\/micofora.com\\\/fr\\\/product\\\/substrato-shiitake\\\/#primaryimage\",\"url\":\"https:\\\/\\\/micofora.com\\\/wp-content\\\/uploads\\\/2016\\\/07\\\/shiitake2.jpg\",\"contentUrl\":\"https:\\\/\\\/micofora.com\\\/wp-content\\\/uploads\\\/2016\\\/07\\\/shiitake2.jpg\",\"width\":1099,\"height\":889},{\"@type\":\"BreadcrumbList\",\"@id\":\"https:\\\/\\\/micofora.com\\\/fr\\\/product\\\/substrato-shiitake\\\/#breadcrumb\",\"itemListElement\":[{\"@type\":\"ListItem\",\"position\":1,\"name\":\"Portada\",\"item\":\"https:\\\/\\\/micofora.com\\\/fr\\\/\"},{\"@type\":\"ListItem\",\"position\":2,\"name\":\"Magasine\",\"item\":\"https:\\\/\\\/micofora.com\\\/fr\\\/magasine\\\/\"},{\"@type\":\"ListItem\",\"position\":3,\"name\":\"Substrato Shiitake\"}]},{\"@type\":\"WebSite\",\"@id\":\"https:\\\/\\\/micofora.com\\\/#website\",\"url\":\"https:\\\/\\\/micofora.com\\\/\",\"name\":\"Micofora\",\"description\":\"Micologia Forestal &amp; Aplicada\",\"potentialAction\":[{\"@type\":\"SearchAction\",\"target\":{\"@type\":\"EntryPoint\",\"urlTemplate\":\"https:\\\/\\\/micofora.com\\\/?s={search_term_string}\"},\"query-input\":{\"@type\":\"PropertyValueSpecification\",\"valueRequired\":true,\"valueName\":\"search_term_string\"}}],\"inLanguage\":\"fr-FR\"}]}<\/script>\n<!-- \/ Yoast SEO plugin. -->","yoast_head_json":{"title":"Cultivo shiitake- Semillas shiitake - Producci\u00f3n shiitake","description":"Micologia Forestal & Aplicada produce semillas para el cultivo de shiitake","robots":{"index":"index","follow":"follow","max-snippet":"max-snippet:-1","max-image-preview":"max-image-preview:large","max-video-preview":"max-video-preview:-1"},"canonical":"https:\/\/micofora.com\/fr\/product\/substrato-shiitake\/","og_locale":"fr_FR","og_type":"article","og_title":"Cultivo shiitake- Semillas shiitake - Producci\u00f3n shiitake","og_description":"Micologia Forestal & Aplicada produce semillas para el cultivo de shiitake","og_url":"https:\/\/micofora.com\/fr\/product\/substrato-shiitake\/","og_site_name":"Micofora","article_modified_time":"2025-01-29T13:33:42+00:00","og_image":[{"width":1099,"height":889,"url":"https:\/\/micofora.com\/wp-content\/uploads\/2016\/07\/shiitake2.jpg","type":"image\/jpeg"}],"twitter_card":"summary_large_image","twitter_misc":{"Dur\u00e9e de lecture estim\u00e9e":"2 minutes"},"schema":{"@context":"https:\/\/schema.org","@graph":[{"@type":"WebPage","@id":"https:\/\/micofora.com\/fr\/product\/substrato-shiitake\/","url":"https:\/\/micofora.com\/fr\/product\/substrato-shiitake\/","name":"Cultivo shiitake- Semillas shiitake - Producci\u00f3n shiitake","isPartOf":{"@id":"https:\/\/micofora.com\/#website"},"primaryImageOfPage":{"@id":"https:\/\/micofora.com\/fr\/product\/substrato-shiitake\/#primaryimage"},"image":{"@id":"https:\/\/micofora.com\/fr\/product\/substrato-shiitake\/#primaryimage"},"thumbnailUrl":"https:\/\/micofora.com\/wp-content\/uploads\/2016\/07\/shiitake2.jpg","datePublished":"2016-07-28T18:45:04+00:00","dateModified":"2025-01-29T13:33:42+00:00","description":"Micologia Forestal & Aplicada produce semillas para el cultivo de shiitake","breadcrumb":{"@id":"https:\/\/micofora.com\/fr\/product\/substrato-shiitake\/#breadcrumb"},"inLanguage":"fr-FR","potentialAction":[{"@type":"ReadAction","target":["https:\/\/micofora.com\/fr\/product\/substrato-shiitake\/"]}]},{"@type":"ImageObject","inLanguage":"fr-FR","@id":"https:\/\/micofora.com\/fr\/product\/substrato-shiitake\/#primaryimage","url":"https:\/\/micofora.com\/wp-content\/uploads\/2016\/07\/shiitake2.jpg","contentUrl":"https:\/\/micofora.com\/wp-content\/uploads\/2016\/07\/shiitake2.jpg","width":1099,"height":889},{"@type":"BreadcrumbList","@id":"https:\/\/micofora.com\/fr\/product\/substrato-shiitake\/#breadcrumb","itemListElement":[{"@type":"ListItem","position":1,"name":"Portada","item":"https:\/\/micofora.com\/fr\/"},{"@type":"ListItem","position":2,"name":"Magasine","item":"https:\/\/micofora.com\/fr\/magasine\/"},{"@type":"ListItem","position":3,"name":"Substrato Shiitake"}]},{"@type":"WebSite","@id":"https:\/\/micofora.com\/#website","url":"https:\/\/micofora.com\/","name":"Micofora","description":"Micologia Forestal &amp; Aplicada","potentialAction":[{"@type":"SearchAction","target":{"@type":"EntryPoint","urlTemplate":"https:\/\/micofora.com\/?s={search_term_string}"},"query-input":{"@type":"PropertyValueSpecification","valueRequired":true,"valueName":"search_term_string"}}],"inLanguage":"fr-FR"}]}},"_links":{"self":[{"href":"https:\/\/micofora.com\/fr\/wp-json\/wp\/v2\/product\/21142","targetHints":{"allow":["GET"]}}],"collection":[{"href":"https:\/\/micofora.com\/fr\/wp-json\/wp\/v2\/product"}],"about":[{"href":"https:\/\/micofora.com\/fr\/wp-json\/wp\/v2\/types\/product"}],"replies":[{"embeddable":true,"href":"https:\/\/micofora.com\/fr\/wp-json\/wp\/v2\/comments?post=21142"}],"wp:featuredmedia":[{"embeddable":true,"href":"https:\/\/micofora.com\/fr\/wp-json\/wp\/v2\/media\/21143"}],"wp:attachment":[{"href":"https:\/\/micofora.com\/fr\/wp-json\/wp\/v2\/media?parent=21142"}],"wp:term":[{"taxonomy":"product_brand","embeddable":true,"href":"https:\/\/micofora.com\/fr\/wp-json\/wp\/v2\/product_brand?post=21142"},{"taxonomy":"product_cat","embeddable":true,"href":"https:\/\/micofora.com\/fr\/wp-json\/wp\/v2\/product_cat?post=21142"},{"taxonomy":"product_tag","embeddable":true,"href":"https:\/\/micofora.com\/fr\/wp-json\/wp\/v2\/product_tag?post=21142"}],"curies":[{"name":"wp","href":"https:\/\/api.w.org\/{rel}","templated":true}]}}