{"id":21001,"date":"2016-07-28T18:19:33","date_gmt":"2016-07-28T18:19:33","guid":{"rendered":"http:\/\/micofora.com\/fr\/producto\/bandeja-forestal-40-arboles\/"},"modified":"2016-07-28T18:19:33","modified_gmt":"2016-07-28T18:19:33","slug":"bandeja-forestal-40-arboles","status":"publish","type":"product","link":"https:\/\/micofora.com\/fr\/produit\/bandeja-forestal-40-arboles\/","title":{"rendered":"Pino Niscalero Bandeja forestal 40 \u00e1rboles"},"content":{"rendered":"<p><strong>Pino \u00e1lbar:<\/strong> indiferente al tipo de suelo, es un pino de monta\u00f1a. Se recomienda para las localidades situadas por encima de los 600 metros. Pino carrasco: de crecimiento medio, tolera los ambientes secos, mediterr\u00e1neos y los suelos calc\u00e1reos.<\/p>\n<p><strong>Pino pi\u00f1onero: <\/strong>prefiere ambientes mediterr\u00e1neos, litorales y sil\u00edceos. Presente en la monta\u00f1a mediterr\u00e1nea y tolera los suelos calc\u00e1reos. Es el \u00fanico pino que produce pi\u00f1ones comestibles.<\/p>\n<p><strong>Pino r\u00f3deno: <\/strong>muy similar al anterior, es de crecimiento m\u00e1s r\u00e1pido<\/p>\n<p><strong>Pino radiata:<\/strong> pino de origen californiano, requiere ambientes mediterr\u00e1neos litorales, h\u00famedos. Es suelo debe ser sil\u00edceo. De crecimiento muy r\u00e1pido.<\/p>\n<p>Clique aqu\u00ed para\u00a0 <a href=\"http:\/\/www.micofora.com\/archivos\/file\/Pinos_niscaleros.pdf\" target=\"_blank\">m\u00e1s informaci\u00f3n sobre cultivo de n\u00edscalos<\/a><\/p>\n","protected":false},"excerpt":{"rendered":"<p><strong>Micologia Forestal &amp; Aplicada<\/strong> produce desde 1989<strong>pinos niscaleros<\/strong>; se trata esencialmente de un pino que presenta sus ra\u00edces colonizadas por micorrizas de n\u00edscalos.<\/p>\n<p>En nuestro territorio hay esencialmente tres especies diferentes de hongos que producen n\u00edscalos (<em>Lactarius deliciosus, L. sanguifluus y L. vinosus<\/em>). Cada una de ellas est\u00e1 adaptada a un determinado ambiente. Cada pino niscalero de<strong>Micolog\u00eda Forestal &amp; Aplicada<\/strong> se inocula con tres cepas diferentes seleccionadas de n\u00edscalos aut\u00f3ctonos. De esta manera ser\u00e1n las condiciones ambientales del lugar donde se plante el \u00e1rbol las que seleccionaran la cepa m\u00e1s adecuada de n\u00edscalo para cada territorio.<\/p>\n<p>Pasados tres a\u00f1os, el hongo tiene las suficientes reservas almacenadas para producir setas. En oto\u00f1o iniciar\u00e1 la fructificaci\u00f3n y aparecer\u00e1n los primeros n\u00edscalos. Cada temporada se reproducir\u00e1 este fen\u00f3meno, siendo la florida m\u00e1s abundante si suministramos riego durante las \u00e9pocas de sequ\u00eda estival.<\/p>\n<p>Los pinos micorrizados con n\u00edscalo de MF&amp;A son de 1 savia y por ello de entre 15-30cm de altura. Disponemos de una amplia variedad de especies en funci\u00f3n de la zona donde vayan a realizarse la plantaci\u00f3n.<\/p>\n","protected":false},"featured_media":20993,"comment_status":"open","ping_status":"closed","template":"","meta":[],"product_brand":[],"product_cat":[683],"product_tag":[],"class_list":{"0":"post-21001","1":"product","2":"type-product","3":"status-publish","4":"has-post-thumbnail","6":"product_cat-culture-de-champignons","8":"first","9":"instock","10":"purchasable","11":"product-type-simple"},"yoast_head":"<!-- This site is optimized with the Yoast SEO plugin v27.5 - https:\/\/yoast.com\/product\/yoast-seo-wordpress\/ -->\n<title>Pino Niscalero Bandeja forestal 40 \u00e1rboles - Micofora<\/title>\n<meta name=\"robots\" content=\"index, follow, max-snippet:-1, max-image-preview:large, max-video-preview:-1\" \/>\n<link rel=\"canonical\" href=\"https:\/\/micofora.com\/fr\/product\/bandeja-forestal-40-arboles\/\" \/>\n<meta property=\"og:locale\" content=\"fr_FR\" \/>\n<meta property=\"og:type\" content=\"article\" \/>\n<meta property=\"og:title\" content=\"Pino Niscalero Bandeja forestal 40 \u00e1rboles - Micofora\" \/>\n<meta property=\"og:description\" content=\"Micologia Forestal &amp; Aplicada produce desde 1989pinos niscaleros; se trata esencialmente de un pino que presenta sus ra\u00edces colonizadas por micorrizas de n\u00edscalos.  En nuestro territorio hay esencialmente tres especies diferentes de hongos que producen n\u00edscalos (Lactarius deliciosus, L. sanguifluus y L. vinosus). Cada una de ellas est\u00e1 adaptada a un determinado ambiente. Cada pino niscalero deMicolog\u00eda Forestal &amp; Aplicada se inocula con tres cepas diferentes seleccionadas de n\u00edscalos aut\u00f3ctonos. De esta manera ser\u00e1n las condiciones ambientales del lugar donde se plante el \u00e1rbol las que seleccionaran la cepa m\u00e1s adecuada de n\u00edscalo para cada territorio.  Pasados tres a\u00f1os, el hongo tiene las suficientes reservas almacenadas para producir setas. En oto\u00f1o iniciar\u00e1 la fructificaci\u00f3n y aparecer\u00e1n los primeros n\u00edscalos. Cada temporada se reproducir\u00e1 este fen\u00f3meno, siendo la florida m\u00e1s abundante si suministramos riego durante las \u00e9pocas de sequ\u00eda estival.  Los pinos micorrizados con n\u00edscalo de MF&amp;A son de 1 savia y por ello de entre 15-30cm de altura. Disponemos de una amplia variedad de especies en funci\u00f3n de la zona donde vayan a realizarse la plantaci\u00f3n.\" \/>\n<meta property=\"og:url\" content=\"https:\/\/micofora.com\/fr\/product\/bandeja-forestal-40-arboles\/\" \/>\n<meta property=\"og:site_name\" content=\"Micofora\" \/>\n<meta property=\"og:image\" content=\"https:\/\/micofora.com\/wp-content\/uploads\/2016\/07\/pi-rovelloner-al-major-1.jpg\" \/>\n\t<meta property=\"og:image:width\" content=\"1000\" \/>\n\t<meta property=\"og:image:height\" content=\"1333\" \/>\n\t<meta property=\"og:image:type\" content=\"image\/jpeg\" \/>\n<meta name=\"twitter:card\" content=\"summary_large_image\" \/>\n<meta name=\"twitter:label1\" content=\"Dur\u00e9e de lecture estim\u00e9e\" \/>\n\t<meta name=\"twitter:data1\" content=\"1 minute\" \/>\n<script type=\"application\/ld+json\" class=\"yoast-schema-graph\">{\"@context\":\"https:\\\/\\\/schema.org\",\"@graph\":[{\"@type\":\"WebPage\",\"@id\":\"https:\\\/\\\/micofora.com\\\/fr\\\/product\\\/bandeja-forestal-40-arboles\\\/\",\"url\":\"https:\\\/\\\/micofora.com\\\/fr\\\/product\\\/bandeja-forestal-40-arboles\\\/\",\"name\":\"Pino Niscalero Bandeja forestal 40 \u00e1rboles - Micofora\",\"isPartOf\":{\"@id\":\"https:\\\/\\\/micofora.com\\\/#website\"},\"primaryImageOfPage\":{\"@id\":\"https:\\\/\\\/micofora.com\\\/fr\\\/product\\\/bandeja-forestal-40-arboles\\\/#primaryimage\"},\"image\":{\"@id\":\"https:\\\/\\\/micofora.com\\\/fr\\\/product\\\/bandeja-forestal-40-arboles\\\/#primaryimage\"},\"thumbnailUrl\":\"https:\\\/\\\/micofora.com\\\/wp-content\\\/uploads\\\/2016\\\/07\\\/pi-rovelloner-al-major-1.jpg\",\"datePublished\":\"2016-07-28T18:19:33+00:00\",\"breadcrumb\":{\"@id\":\"https:\\\/\\\/micofora.com\\\/fr\\\/product\\\/bandeja-forestal-40-arboles\\\/#breadcrumb\"},\"inLanguage\":\"fr-FR\",\"potentialAction\":[{\"@type\":\"ReadAction\",\"target\":[\"https:\\\/\\\/micofora.com\\\/fr\\\/product\\\/bandeja-forestal-40-arboles\\\/\"]}]},{\"@type\":\"ImageObject\",\"inLanguage\":\"fr-FR\",\"@id\":\"https:\\\/\\\/micofora.com\\\/fr\\\/product\\\/bandeja-forestal-40-arboles\\\/#primaryimage\",\"url\":\"https:\\\/\\\/micofora.com\\\/wp-content\\\/uploads\\\/2016\\\/07\\\/pi-rovelloner-al-major-1.jpg\",\"contentUrl\":\"https:\\\/\\\/micofora.com\\\/wp-content\\\/uploads\\\/2016\\\/07\\\/pi-rovelloner-al-major-1.jpg\",\"width\":1000,\"height\":1333},{\"@type\":\"BreadcrumbList\",\"@id\":\"https:\\\/\\\/micofora.com\\\/fr\\\/product\\\/bandeja-forestal-40-arboles\\\/#breadcrumb\",\"itemListElement\":[{\"@type\":\"ListItem\",\"position\":1,\"name\":\"Portada\",\"item\":\"https:\\\/\\\/micofora.com\\\/fr\\\/\"},{\"@type\":\"ListItem\",\"position\":2,\"name\":\"Magasine\",\"item\":\"https:\\\/\\\/micofora.com\\\/fr\\\/magasine\\\/\"},{\"@type\":\"ListItem\",\"position\":3,\"name\":\"Pino Niscalero Bandeja forestal 40 \u00e1rboles\"}]},{\"@type\":\"WebSite\",\"@id\":\"https:\\\/\\\/micofora.com\\\/#website\",\"url\":\"https:\\\/\\\/micofora.com\\\/\",\"name\":\"Micofora\",\"description\":\"Micologia Forestal &amp; Aplicada\",\"potentialAction\":[{\"@type\":\"SearchAction\",\"target\":{\"@type\":\"EntryPoint\",\"urlTemplate\":\"https:\\\/\\\/micofora.com\\\/?s={search_term_string}\"},\"query-input\":{\"@type\":\"PropertyValueSpecification\",\"valueRequired\":true,\"valueName\":\"search_term_string\"}}],\"inLanguage\":\"fr-FR\"}]}<\/script>\n<!-- \/ Yoast SEO plugin. -->","yoast_head_json":{"title":"Pino Niscalero Bandeja forestal 40 \u00e1rboles - Micofora","robots":{"index":"index","follow":"follow","max-snippet":"max-snippet:-1","max-image-preview":"max-image-preview:large","max-video-preview":"max-video-preview:-1"},"canonical":"https:\/\/micofora.com\/fr\/product\/bandeja-forestal-40-arboles\/","og_locale":"fr_FR","og_type":"article","og_title":"Pino Niscalero Bandeja forestal 40 \u00e1rboles - Micofora","og_description":"Micologia Forestal &amp; Aplicada produce desde 1989pinos niscaleros; se trata esencialmente de un pino que presenta sus ra\u00edces colonizadas por micorrizas de n\u00edscalos.  En nuestro territorio hay esencialmente tres especies diferentes de hongos que producen n\u00edscalos (Lactarius deliciosus, L. sanguifluus y L. vinosus). Cada una de ellas est\u00e1 adaptada a un determinado ambiente. Cada pino niscalero deMicolog\u00eda Forestal &amp; Aplicada se inocula con tres cepas diferentes seleccionadas de n\u00edscalos aut\u00f3ctonos. De esta manera ser\u00e1n las condiciones ambientales del lugar donde se plante el \u00e1rbol las que seleccionaran la cepa m\u00e1s adecuada de n\u00edscalo para cada territorio.  Pasados tres a\u00f1os, el hongo tiene las suficientes reservas almacenadas para producir setas. En oto\u00f1o iniciar\u00e1 la fructificaci\u00f3n y aparecer\u00e1n los primeros n\u00edscalos. Cada temporada se reproducir\u00e1 este fen\u00f3meno, siendo la florida m\u00e1s abundante si suministramos riego durante las \u00e9pocas de sequ\u00eda estival.  Los pinos micorrizados con n\u00edscalo de MF&amp;A son de 1 savia y por ello de entre 15-30cm de altura. Disponemos de una amplia variedad de especies en funci\u00f3n de la zona donde vayan a realizarse la plantaci\u00f3n.","og_url":"https:\/\/micofora.com\/fr\/product\/bandeja-forestal-40-arboles\/","og_site_name":"Micofora","og_image":[{"width":1000,"height":1333,"url":"https:\/\/micofora.com\/wp-content\/uploads\/2016\/07\/pi-rovelloner-al-major-1.jpg","type":"image\/jpeg"}],"twitter_card":"summary_large_image","twitter_misc":{"Dur\u00e9e de lecture estim\u00e9e":"1 minute"},"schema":{"@context":"https:\/\/schema.org","@graph":[{"@type":"WebPage","@id":"https:\/\/micofora.com\/fr\/product\/bandeja-forestal-40-arboles\/","url":"https:\/\/micofora.com\/fr\/product\/bandeja-forestal-40-arboles\/","name":"Pino Niscalero Bandeja forestal 40 \u00e1rboles - Micofora","isPartOf":{"@id":"https:\/\/micofora.com\/#website"},"primaryImageOfPage":{"@id":"https:\/\/micofora.com\/fr\/product\/bandeja-forestal-40-arboles\/#primaryimage"},"image":{"@id":"https:\/\/micofora.com\/fr\/product\/bandeja-forestal-40-arboles\/#primaryimage"},"thumbnailUrl":"https:\/\/micofora.com\/wp-content\/uploads\/2016\/07\/pi-rovelloner-al-major-1.jpg","datePublished":"2016-07-28T18:19:33+00:00","breadcrumb":{"@id":"https:\/\/micofora.com\/fr\/product\/bandeja-forestal-40-arboles\/#breadcrumb"},"inLanguage":"fr-FR","potentialAction":[{"@type":"ReadAction","target":["https:\/\/micofora.com\/fr\/product\/bandeja-forestal-40-arboles\/"]}]},{"@type":"ImageObject","inLanguage":"fr-FR","@id":"https:\/\/micofora.com\/fr\/product\/bandeja-forestal-40-arboles\/#primaryimage","url":"https:\/\/micofora.com\/wp-content\/uploads\/2016\/07\/pi-rovelloner-al-major-1.jpg","contentUrl":"https:\/\/micofora.com\/wp-content\/uploads\/2016\/07\/pi-rovelloner-al-major-1.jpg","width":1000,"height":1333},{"@type":"BreadcrumbList","@id":"https:\/\/micofora.com\/fr\/product\/bandeja-forestal-40-arboles\/#breadcrumb","itemListElement":[{"@type":"ListItem","position":1,"name":"Portada","item":"https:\/\/micofora.com\/fr\/"},{"@type":"ListItem","position":2,"name":"Magasine","item":"https:\/\/micofora.com\/fr\/magasine\/"},{"@type":"ListItem","position":3,"name":"Pino Niscalero Bandeja forestal 40 \u00e1rboles"}]},{"@type":"WebSite","@id":"https:\/\/micofora.com\/#website","url":"https:\/\/micofora.com\/","name":"Micofora","description":"Micologia Forestal &amp; Aplicada","potentialAction":[{"@type":"SearchAction","target":{"@type":"EntryPoint","urlTemplate":"https:\/\/micofora.com\/?s={search_term_string}"},"query-input":{"@type":"PropertyValueSpecification","valueRequired":true,"valueName":"search_term_string"}}],"inLanguage":"fr-FR"}]}},"_links":{"self":[{"href":"https:\/\/micofora.com\/fr\/wp-json\/wp\/v2\/product\/21001","targetHints":{"allow":["GET"]}}],"collection":[{"href":"https:\/\/micofora.com\/fr\/wp-json\/wp\/v2\/product"}],"about":[{"href":"https:\/\/micofora.com\/fr\/wp-json\/wp\/v2\/types\/product"}],"replies":[{"embeddable":true,"href":"https:\/\/micofora.com\/fr\/wp-json\/wp\/v2\/comments?post=21001"}],"wp:featuredmedia":[{"embeddable":true,"href":"https:\/\/micofora.com\/fr\/wp-json\/wp\/v2\/media\/20993"}],"wp:attachment":[{"href":"https:\/\/micofora.com\/fr\/wp-json\/wp\/v2\/media?parent=21001"}],"wp:term":[{"taxonomy":"product_brand","embeddable":true,"href":"https:\/\/micofora.com\/fr\/wp-json\/wp\/v2\/product_brand?post=21001"},{"taxonomy":"product_cat","embeddable":true,"href":"https:\/\/micofora.com\/fr\/wp-json\/wp\/v2\/product_cat?post=21001"},{"taxonomy":"product_tag","embeddable":true,"href":"https:\/\/micofora.com\/fr\/wp-json\/wp\/v2\/product_tag?post=21001"}],"curies":[{"name":"wp","href":"https:\/\/api.w.org\/{rel}","templated":true}]}}