{"id":20401,"date":"2016-08-12T10:48:40","date_gmt":"2016-08-12T10:48:40","guid":{"rendered":"http:\/\/micofora.com\/fr\/producto\/pinus-pinea-x-tuber-borchii-caja-25-unidades\/"},"modified":"2024-09-13T09:51:32","modified_gmt":"2024-09-13T09:51:32","slug":"pinus-pinea-x-tuber-borchii","status":"publish","type":"product","link":"https:\/\/micofora.com\/fr\/produit\/pinus-pinea-x-tuber-borchii\/","title":{"rendered":"Pinus pinea x Tuber borchii"},"content":{"rendered":"<p><strong>Pin pignon (<em>Pinus pinea<\/em>) mycorhiz\u00e9 avec <em>Tuber borchii<\/em> ou bianchetto\u00a0<\/strong><\/p>\n<p>Pins de 1 s\u00e8ve dans un r\u00e9cipient de 400 cc.\u00a0Niveau moyen de mycorhization de 70%<\/p>\n<p><strong>Performance d&rsquo;une plantation<\/strong><\/p>\n<p><img decoding=\"async\" class=\"alignnone size-large wp-image-21287\" src=\"https:\/\/micofora.com\/wp-content\/uploads\/2016\/08\/Captura-de-pantalla-2015-02-08-a-les-23.06.10-1024x509.png\" alt=\"rendimientos de una plantaci\u00f3n de trufa, pi\u00f1\u00f3n y corcho\" width=\"1024\" height=\"509\" srcset=\"https:\/\/micofora.com\/wp-content\/uploads\/2016\/08\/Captura-de-pantalla-2015-02-08-a-les-23.06.10-120x60.png 120w, https:\/\/micofora.com\/wp-content\/uploads\/2016\/08\/Captura-de-pantalla-2015-02-08-a-les-23.06.10-200x99.png 200w, https:\/\/micofora.com\/wp-content\/uploads\/2016\/08\/Captura-de-pantalla-2015-02-08-a-les-23.06.10-300x149.png 300w, https:\/\/micofora.com\/wp-content\/uploads\/2016\/08\/Captura-de-pantalla-2015-02-08-a-les-23.06.10-400x199.png 400w, https:\/\/micofora.com\/wp-content\/uploads\/2016\/08\/Captura-de-pantalla-2015-02-08-a-les-23.06.10-600x298.png 600w, https:\/\/micofora.com\/wp-content\/uploads\/2016\/08\/Captura-de-pantalla-2015-02-08-a-les-23.06.10-768x382.png 768w, https:\/\/micofora.com\/wp-content\/uploads\/2016\/08\/Captura-de-pantalla-2015-02-08-a-les-23.06.10-800x398.png 800w, https:\/\/micofora.com\/wp-content\/uploads\/2016\/08\/Captura-de-pantalla-2015-02-08-a-les-23.06.10-1024x509.png 1024w, https:\/\/micofora.com\/wp-content\/uploads\/2016\/08\/Captura-de-pantalla-2015-02-08-a-les-23.06.10-1200x596.png 1200w, https:\/\/micofora.com\/wp-content\/uploads\/2016\/08\/Captura-de-pantalla-2015-02-08-a-les-23.06.10.png 1322w\" sizes=\"(max-width: 1024px) 100vw, 1024px\" \/><\/p>\n<p>Le prix de la plante mycorhiz\u00e9e est de 10 \u20ac.\u00a0 Notre plante mycorhiz\u00e9e est produite sur demande (1\u20ac de r\u00e9duction). Le reste de l&rsquo;usine en stock sera livr\u00e9 par ordre d&rsquo;arriv\u00e9e de la commande.<\/p>\n<p>Nous produisons des plantes avec d&rsquo;autres esp\u00e8ces de truffes. Sur demande, nous pouvons mycorhiser d&rsquo;autres esp\u00e8ces v\u00e9g\u00e9tales. Si vous ne trouvez pas la combinaison que vous souhaitez, consultez: <a href=\"mailto:micologiaforestal@micofora.com\">micologiaforestal@micofora.com<\/a><\/p>\n<p><img decoding=\"async\" class=\"alignnone size-full wp-image-21390\" src=\"https:\/\/micofora.com\/wp-content\/uploads\/2016\/07\/combinaciones-arboles-truferos-que-produce-micofora-.png\" alt=\"planta trufera producida en Micologia Forestal\" width=\"602\" height=\"660\" srcset=\"https:\/\/micofora.com\/wp-content\/uploads\/2016\/07\/combinaciones-arboles-truferos-que-produce-micofora--120x132.png 120w, https:\/\/micofora.com\/wp-content\/uploads\/2016\/07\/combinaciones-arboles-truferos-que-produce-micofora--200x219.png 200w, https:\/\/micofora.com\/wp-content\/uploads\/2016\/07\/combinaciones-arboles-truferos-que-produce-micofora--274x300.png 274w, https:\/\/micofora.com\/wp-content\/uploads\/2016\/07\/combinaciones-arboles-truferos-que-produce-micofora--300x329.png 300w, https:\/\/micofora.com\/wp-content\/uploads\/2016\/07\/combinaciones-arboles-truferos-que-produce-micofora--400x439.png 400w, https:\/\/micofora.com\/wp-content\/uploads\/2016\/07\/combinaciones-arboles-truferos-que-produce-micofora--600x658.png 600w, https:\/\/micofora.com\/wp-content\/uploads\/2016\/07\/combinaciones-arboles-truferos-que-produce-micofora-.png 602w\" sizes=\"(max-width: 602px) 100vw, 602px\" \/><\/p>\n<p>&nbsp;<\/p>\n<p>&nbsp;<\/p>\n<p>&nbsp;<\/p>\n","protected":false},"excerpt":{"rendered":"<p>Plante mycorhiz\u00e9e de ch\u00eane-li\u00e8ge, de ch\u00eane et de pin parasol inocul\u00e9e \u00e0 la <a href=\"http:\/\/www.micofora.com\/pdf\/Tecologia%204%20Planta%20micorrizada%20Tuber%20borchii.pdf\">truffe blanche Bianchetto (<em>Tuber borchii<\/em>)<\/a>.<\/p>\n<p>Les pins peuvent \u00eatre greff\u00e9s avec les barbes des clones hautement productifs de pommes de pin.<\/p>\n<p>Depuis 1989, nous produisons des <strong>plantes mycorhiz\u00e9es \u00e0 la truff<\/strong>e. Actuellement dans les p\u00e9pini\u00e8res du Centre de recherche IRTA \u00e0 Barcelone<\/p>\n<p>Il existe une relation directe entre la taille de la plante et le collet des racines avec la concentration de myc\u00e9lium et la mycorhization, ce qui explique pourquoi nos plantes re\u00e7oivent un programme de fertigation en p\u00e9pini\u00e8re, obtenant des arbres durcis et plus grands (20-40 cm pour 1 ann\u00e9e, 40-60cm pour 2 ans).<\/p>\n<p>Qualit\u00e9 de l&rsquo;inoculum: chacune des truffes utilis\u00e9es est analys\u00e9e par l&rsquo;ADN et la microscopie.<\/p>\n<p>Niveaux de mycorhization moyens pour une ann\u00e9e de 50% et 70% dans la seconde.<\/p>\n<p>Production de truffes \u00e0 Barcelone, au Chili, au Mexique, aux \u00c9tats-Unis et en Afrique du Sud et projets de truffe dans les 5 continents. En travaillant avec nous, vous avez acc\u00e8s \u00e0 la plus grande base de donn\u00e9es et \u00e0 l&rsquo;information provenant des plantations du monde entier.<\/p>\n<p>&nbsp;<\/p>\n","protected":false},"featured_media":20402,"comment_status":"open","ping_status":"closed","template":"","meta":[],"product_brand":[],"product_cat":[662],"product_tag":[],"class_list":{"0":"post-20401","1":"product","2":"type-product","3":"status-publish","4":"has-post-thumbnail","6":"product_cat-produits-pour-le-trufficulteur","8":"first","9":"instock","10":"taxable","11":"shipping-taxable","12":"purchasable","13":"product-type-simple"},"yoast_head":"<!-- This site is optimized with the Yoast SEO plugin v27.4 - https:\/\/yoast.com\/product\/yoast-seo-wordpress\/ -->\n<title>pino pi\u00f1onero micorrizado con Tuber borchii o trufa blanca bianchetto<\/title>\n<meta name=\"description\" content=\"producimos planta micorrizada con Tuber borchii o trufa blanca bianchetto. Podemos injertar en pino pi\u00f1onero clones altamente productivos de pi\u00f1as\" \/>\n<meta name=\"robots\" content=\"index, follow, max-snippet:-1, max-image-preview:large, max-video-preview:-1\" \/>\n<link rel=\"canonical\" href=\"https:\/\/micofora.com\/fr\/product\/pinus-pinea-x-tuber-borchii\/\" \/>\n<meta property=\"og:locale\" content=\"fr_FR\" \/>\n<meta property=\"og:type\" content=\"article\" \/>\n<meta property=\"og:title\" content=\"pino pi\u00f1onero micorrizado con Tuber borchii o trufa blanca bianchetto\" \/>\n<meta property=\"og:description\" content=\"producimos planta micorrizada con Tuber borchii o trufa blanca bianchetto. Podemos injertar en pino pi\u00f1onero clones altamente productivos de pi\u00f1as\" \/>\n<meta property=\"og:url\" content=\"https:\/\/micofora.com\/fr\/product\/pinus-pinea-x-tuber-borchii\/\" \/>\n<meta property=\"og:site_name\" content=\"Micofora\" \/>\n<meta property=\"article:modified_time\" content=\"2024-09-13T09:51:32+00:00\" \/>\n<meta property=\"og:image\" content=\"https:\/\/micofora.com\/wp-content\/uploads\/2016\/08\/pi-borchii.jpg\" \/>\n\t<meta property=\"og:image:width\" content=\"1000\" \/>\n\t<meta property=\"og:image:height\" content=\"1778\" \/>\n\t<meta property=\"og:image:type\" content=\"image\/jpeg\" \/>\n<meta name=\"twitter:card\" content=\"summary_large_image\" \/>\n<meta name=\"twitter:label1\" content=\"Dur\u00e9e de lecture estim\u00e9e\" \/>\n\t<meta name=\"twitter:data1\" content=\"2 minutes\" \/>\n<script type=\"application\/ld+json\" class=\"yoast-schema-graph\">{\"@context\":\"https:\\\/\\\/schema.org\",\"@graph\":[{\"@type\":\"WebPage\",\"@id\":\"https:\\\/\\\/micofora.com\\\/fr\\\/product\\\/pinus-pinea-x-tuber-borchii\\\/\",\"url\":\"https:\\\/\\\/micofora.com\\\/fr\\\/product\\\/pinus-pinea-x-tuber-borchii\\\/\",\"name\":\"pino pi\u00f1onero micorrizado con Tuber borchii o trufa blanca bianchetto\",\"isPartOf\":{\"@id\":\"https:\\\/\\\/micofora.com\\\/#website\"},\"primaryImageOfPage\":{\"@id\":\"https:\\\/\\\/micofora.com\\\/fr\\\/product\\\/pinus-pinea-x-tuber-borchii\\\/#primaryimage\"},\"image\":{\"@id\":\"https:\\\/\\\/micofora.com\\\/fr\\\/product\\\/pinus-pinea-x-tuber-borchii\\\/#primaryimage\"},\"thumbnailUrl\":\"https:\\\/\\\/micofora.com\\\/wp-content\\\/uploads\\\/2016\\\/08\\\/pi-borchii.jpg\",\"datePublished\":\"2016-08-12T10:48:40+00:00\",\"dateModified\":\"2024-09-13T09:51:32+00:00\",\"description\":\"producimos planta micorrizada con Tuber borchii o trufa blanca bianchetto. Podemos injertar en pino pi\u00f1onero clones altamente productivos de pi\u00f1as\",\"breadcrumb\":{\"@id\":\"https:\\\/\\\/micofora.com\\\/fr\\\/product\\\/pinus-pinea-x-tuber-borchii\\\/#breadcrumb\"},\"inLanguage\":\"fr-FR\",\"potentialAction\":[{\"@type\":\"ReadAction\",\"target\":[\"https:\\\/\\\/micofora.com\\\/fr\\\/product\\\/pinus-pinea-x-tuber-borchii\\\/\"]}]},{\"@type\":\"ImageObject\",\"inLanguage\":\"fr-FR\",\"@id\":\"https:\\\/\\\/micofora.com\\\/fr\\\/product\\\/pinus-pinea-x-tuber-borchii\\\/#primaryimage\",\"url\":\"https:\\\/\\\/micofora.com\\\/wp-content\\\/uploads\\\/2016\\\/08\\\/pi-borchii.jpg\",\"contentUrl\":\"https:\\\/\\\/micofora.com\\\/wp-content\\\/uploads\\\/2016\\\/08\\\/pi-borchii.jpg\",\"width\":1000,\"height\":1778},{\"@type\":\"BreadcrumbList\",\"@id\":\"https:\\\/\\\/micofora.com\\\/fr\\\/product\\\/pinus-pinea-x-tuber-borchii\\\/#breadcrumb\",\"itemListElement\":[{\"@type\":\"ListItem\",\"position\":1,\"name\":\"Portada\",\"item\":\"https:\\\/\\\/micofora.com\\\/fr\\\/\"},{\"@type\":\"ListItem\",\"position\":2,\"name\":\"Magasine\",\"item\":\"https:\\\/\\\/micofora.com\\\/fr\\\/magasine\\\/\"},{\"@type\":\"ListItem\",\"position\":3,\"name\":\"Pinus pinea x Tuber borchii\"}]},{\"@type\":\"WebSite\",\"@id\":\"https:\\\/\\\/micofora.com\\\/#website\",\"url\":\"https:\\\/\\\/micofora.com\\\/\",\"name\":\"Micofora\",\"description\":\"Micologia Forestal &amp; Aplicada\",\"potentialAction\":[{\"@type\":\"SearchAction\",\"target\":{\"@type\":\"EntryPoint\",\"urlTemplate\":\"https:\\\/\\\/micofora.com\\\/?s={search_term_string}\"},\"query-input\":{\"@type\":\"PropertyValueSpecification\",\"valueRequired\":true,\"valueName\":\"search_term_string\"}}],\"inLanguage\":\"fr-FR\"}]}<\/script>\n<!-- \/ Yoast SEO plugin. -->","yoast_head_json":{"title":"pino pi\u00f1onero micorrizado con Tuber borchii o trufa blanca bianchetto","description":"producimos planta micorrizada con Tuber borchii o trufa blanca bianchetto. Podemos injertar en pino pi\u00f1onero clones altamente productivos de pi\u00f1as","robots":{"index":"index","follow":"follow","max-snippet":"max-snippet:-1","max-image-preview":"max-image-preview:large","max-video-preview":"max-video-preview:-1"},"canonical":"https:\/\/micofora.com\/fr\/product\/pinus-pinea-x-tuber-borchii\/","og_locale":"fr_FR","og_type":"article","og_title":"pino pi\u00f1onero micorrizado con Tuber borchii o trufa blanca bianchetto","og_description":"producimos planta micorrizada con Tuber borchii o trufa blanca bianchetto. Podemos injertar en pino pi\u00f1onero clones altamente productivos de pi\u00f1as","og_url":"https:\/\/micofora.com\/fr\/product\/pinus-pinea-x-tuber-borchii\/","og_site_name":"Micofora","article_modified_time":"2024-09-13T09:51:32+00:00","og_image":[{"width":1000,"height":1778,"url":"https:\/\/micofora.com\/wp-content\/uploads\/2016\/08\/pi-borchii.jpg","type":"image\/jpeg"}],"twitter_card":"summary_large_image","twitter_misc":{"Dur\u00e9e de lecture estim\u00e9e":"2 minutes"},"schema":{"@context":"https:\/\/schema.org","@graph":[{"@type":"WebPage","@id":"https:\/\/micofora.com\/fr\/product\/pinus-pinea-x-tuber-borchii\/","url":"https:\/\/micofora.com\/fr\/product\/pinus-pinea-x-tuber-borchii\/","name":"pino pi\u00f1onero micorrizado con Tuber borchii o trufa blanca bianchetto","isPartOf":{"@id":"https:\/\/micofora.com\/#website"},"primaryImageOfPage":{"@id":"https:\/\/micofora.com\/fr\/product\/pinus-pinea-x-tuber-borchii\/#primaryimage"},"image":{"@id":"https:\/\/micofora.com\/fr\/product\/pinus-pinea-x-tuber-borchii\/#primaryimage"},"thumbnailUrl":"https:\/\/micofora.com\/wp-content\/uploads\/2016\/08\/pi-borchii.jpg","datePublished":"2016-08-12T10:48:40+00:00","dateModified":"2024-09-13T09:51:32+00:00","description":"producimos planta micorrizada con Tuber borchii o trufa blanca bianchetto. Podemos injertar en pino pi\u00f1onero clones altamente productivos de pi\u00f1as","breadcrumb":{"@id":"https:\/\/micofora.com\/fr\/product\/pinus-pinea-x-tuber-borchii\/#breadcrumb"},"inLanguage":"fr-FR","potentialAction":[{"@type":"ReadAction","target":["https:\/\/micofora.com\/fr\/product\/pinus-pinea-x-tuber-borchii\/"]}]},{"@type":"ImageObject","inLanguage":"fr-FR","@id":"https:\/\/micofora.com\/fr\/product\/pinus-pinea-x-tuber-borchii\/#primaryimage","url":"https:\/\/micofora.com\/wp-content\/uploads\/2016\/08\/pi-borchii.jpg","contentUrl":"https:\/\/micofora.com\/wp-content\/uploads\/2016\/08\/pi-borchii.jpg","width":1000,"height":1778},{"@type":"BreadcrumbList","@id":"https:\/\/micofora.com\/fr\/product\/pinus-pinea-x-tuber-borchii\/#breadcrumb","itemListElement":[{"@type":"ListItem","position":1,"name":"Portada","item":"https:\/\/micofora.com\/fr\/"},{"@type":"ListItem","position":2,"name":"Magasine","item":"https:\/\/micofora.com\/fr\/magasine\/"},{"@type":"ListItem","position":3,"name":"Pinus pinea x Tuber borchii"}]},{"@type":"WebSite","@id":"https:\/\/micofora.com\/#website","url":"https:\/\/micofora.com\/","name":"Micofora","description":"Micologia Forestal &amp; Aplicada","potentialAction":[{"@type":"SearchAction","target":{"@type":"EntryPoint","urlTemplate":"https:\/\/micofora.com\/?s={search_term_string}"},"query-input":{"@type":"PropertyValueSpecification","valueRequired":true,"valueName":"search_term_string"}}],"inLanguage":"fr-FR"}]}},"_links":{"self":[{"href":"https:\/\/micofora.com\/fr\/wp-json\/wp\/v2\/product\/20401","targetHints":{"allow":["GET"]}}],"collection":[{"href":"https:\/\/micofora.com\/fr\/wp-json\/wp\/v2\/product"}],"about":[{"href":"https:\/\/micofora.com\/fr\/wp-json\/wp\/v2\/types\/product"}],"replies":[{"embeddable":true,"href":"https:\/\/micofora.com\/fr\/wp-json\/wp\/v2\/comments?post=20401"}],"wp:featuredmedia":[{"embeddable":true,"href":"https:\/\/micofora.com\/fr\/wp-json\/wp\/v2\/media\/20402"}],"wp:attachment":[{"href":"https:\/\/micofora.com\/fr\/wp-json\/wp\/v2\/media?parent=20401"}],"wp:term":[{"taxonomy":"product_brand","embeddable":true,"href":"https:\/\/micofora.com\/fr\/wp-json\/wp\/v2\/product_brand?post=20401"},{"taxonomy":"product_cat","embeddable":true,"href":"https:\/\/micofora.com\/fr\/wp-json\/wp\/v2\/product_cat?post=20401"},{"taxonomy":"product_tag","embeddable":true,"href":"https:\/\/micofora.com\/fr\/wp-json\/wp\/v2\/product_tag?post=20401"}],"curies":[{"name":"wp","href":"https:\/\/api.w.org\/{rel}","templated":true}]}}