{"id":20353,"date":"2016-09-26T15:34:57","date_gmt":"2016-09-26T15:34:57","guid":{"rendered":"http:\/\/micofora.com\/fr\/producto\/sustrato-para-nidos\/"},"modified":"2026-01-26T19:10:29","modified_gmt":"2026-01-26T19:10:29","slug":"puits-de-substrat","status":"publish","type":"product","link":"https:\/\/micofora.com\/fr\/produit\/puits-de-substrat\/","title":{"rendered":"Substrat sp\u00e9cial pi\u00e8ges \u00e0 truffes"},"content":{"rendered":"<p><img decoding=\"async\" class=\"alignnone size-full wp-image-23682\" src=\"https:\/\/micofora.com\/wp-content\/uploads\/2016\/09\/sexualidad-trufa-negra-actualizado.png\" alt=\"sexualit\u00e9 truffe noire micofora\" width=\"1202\" height=\"773\" srcset=\"https:\/\/micofora.com\/wp-content\/uploads\/2016\/09\/sexualidad-trufa-negra-actualizado-200x129.png 200w, https:\/\/micofora.com\/wp-content\/uploads\/2016\/09\/sexualidad-trufa-negra-actualizado-300x193.png 300w, https:\/\/micofora.com\/wp-content\/uploads\/2016\/09\/sexualidad-trufa-negra-actualizado-400x257.png 400w, https:\/\/micofora.com\/wp-content\/uploads\/2016\/09\/sexualidad-trufa-negra-actualizado-460x295.png 460w, https:\/\/micofora.com\/wp-content\/uploads\/2016\/09\/sexualidad-trufa-negra-actualizado-600x386.png 600w, https:\/\/micofora.com\/wp-content\/uploads\/2016\/09\/sexualidad-trufa-negra-actualizado-768x494.png 768w, https:\/\/micofora.com\/wp-content\/uploads\/2016\/09\/sexualidad-trufa-negra-actualizado-800x514.png 800w, https:\/\/micofora.com\/wp-content\/uploads\/2016\/09\/sexualidad-trufa-negra-actualizado-1024x659.png 1024w, https:\/\/micofora.com\/wp-content\/uploads\/2016\/09\/sexualidad-trufa-negra-actualizado-1200x772.png 1200w, https:\/\/micofora.com\/wp-content\/uploads\/2016\/09\/sexualidad-trufa-negra-actualizado.png 1202w\" sizes=\"(max-width: 1202px) 100vw, 1202px\" \/><\/p>\n<p><span id=\"result_box\" class=\"\" lang=\"fr\"><span class=\"\">La truffe noire<\/span> a deux sexes, n\u00e9cessaires \u00e0 la reproduction sexu\u00e9e et forme le fruit ou <span class=\"\">la truffe<\/span>. Lorsque nous suivons ces relations sexuelles dans une truffi\u00e8re, nous <span class=\"\">venons de commencer<\/span> <span class=\"\">une<\/span> <span class=\"\">autre<\/span> et c&rsquo;est pourquoi lorsque les plantations atteignent l&rsquo;\u00e2ge de <span class=\"\">la production<\/span> (6-8 ans) <span class=\"\">la moiti\u00e9 des<\/span> arbres ont perdu des sexes et ils ne peuvent pas <span class=\"\">porter leurs fruits<\/span>.<\/span><\/p>\n<p>Pour <span class=\"\">contrer cet effet<\/span><span class=\"\">, il est recommand\u00e9<\/span> l&rsquo;utilisation de substrats avec des spores de truffe.<\/p>\n<p><strong><span class=\"\">Syst\u00e8mes d&rsquo;application:<\/span><\/strong><\/p>\n<p>&nbsp;<\/p>\n<p><img decoding=\"async\" class=\"size-full wp-image-21041 aligncenter\" src=\"https:\/\/micofora.com\/wp-content\/uploads\/2016\/09\/Imagen-1.jpg\" alt=\"Sustrato con esporas para truficultura\" width=\"425\" height=\"240\" srcset=\"https:\/\/micofora.com\/wp-content\/uploads\/2016\/09\/Imagen-1-120x68.jpg 120w, https:\/\/micofora.com\/wp-content\/uploads\/2016\/09\/Imagen-1-200x113.jpg 200w, https:\/\/micofora.com\/wp-content\/uploads\/2016\/09\/Imagen-1-300x169.jpg 300w, https:\/\/micofora.com\/wp-content\/uploads\/2016\/09\/Imagen-1-400x226.jpg 400w, https:\/\/micofora.com\/wp-content\/uploads\/2016\/09\/Imagen-1.jpg 425w\" sizes=\"(max-width: 425px) 100vw, 425px\" \/><\/p>\n<p><img decoding=\"async\" class=\"aligncenter size-full wp-image-21057\" src=\"https:\/\/micofora.com\/wp-content\/uploads\/2016\/09\/apliccion-1.jpg\" alt=\"apliccion-1\" width=\"425\" height=\"245\" srcset=\"https:\/\/micofora.com\/wp-content\/uploads\/2016\/09\/apliccion-1-120x69.jpg 120w, https:\/\/micofora.com\/wp-content\/uploads\/2016\/09\/apliccion-1-200x115.jpg 200w, https:\/\/micofora.com\/wp-content\/uploads\/2016\/09\/apliccion-1-300x173.jpg 300w, https:\/\/micofora.com\/wp-content\/uploads\/2016\/09\/apliccion-1-400x231.jpg 400w, https:\/\/micofora.com\/wp-content\/uploads\/2016\/09\/apliccion-1.jpg 425w\" sizes=\"(max-width: 425px) 100vw, 425px\" \/><\/p>\n<p><img decoding=\"async\" class=\"aligncenter size-full wp-image-21049\" src=\"https:\/\/micofora.com\/wp-content\/uploads\/2016\/09\/aplicacion2.jpg\" alt=\"aplicacion2\" width=\"425\" height=\"321\" srcset=\"https:\/\/micofora.com\/wp-content\/uploads\/2016\/09\/aplicacion2-120x91.jpg 120w, https:\/\/micofora.com\/wp-content\/uploads\/2016\/09\/aplicacion2-200x151.jpg 200w, https:\/\/micofora.com\/wp-content\/uploads\/2016\/09\/aplicacion2-300x227.jpg 300w, https:\/\/micofora.com\/wp-content\/uploads\/2016\/09\/aplicacion2-400x302.jpg 400w, https:\/\/micofora.com\/wp-content\/uploads\/2016\/09\/aplicacion2.jpg 425w\" sizes=\"(max-width: 425px) 100vw, 425px\" \/><\/p>\n<p>&nbsp;<\/p>\n<p><img decoding=\"async\" class=\"aligncenter size-large wp-image-21061\" src=\"https:\/\/micofora.com\/wp-content\/uploads\/2016\/09\/aplicacion-3.png\" alt=\"aplicacion-3\" width=\"885\" height=\"660\" srcset=\"https:\/\/micofora.com\/wp-content\/uploads\/2016\/09\/aplicacion-3-120x89.png 120w, https:\/\/micofora.com\/wp-content\/uploads\/2016\/09\/aplicacion-3-200x149.png 200w, https:\/\/micofora.com\/wp-content\/uploads\/2016\/09\/aplicacion-3-300x224.png 300w, https:\/\/micofora.com\/wp-content\/uploads\/2016\/09\/aplicacion-3-400x298.png 400w, https:\/\/micofora.com\/wp-content\/uploads\/2016\/09\/aplicacion-3-600x447.png 600w, https:\/\/micofora.com\/wp-content\/uploads\/2016\/09\/aplicacion-3-768x573.png 768w, https:\/\/micofora.com\/wp-content\/uploads\/2016\/09\/aplicacion-3-800x597.png 800w, https:\/\/micofora.com\/wp-content\/uploads\/2016\/09\/aplicacion-3.png 885w\" sizes=\"(max-width: 885px) 100vw, 885px\" \/><\/p>\n<p><img decoding=\"async\" class=\"aligncenter size-full wp-image-21049\" src=\"https:\/\/micofora.com\/wp-content\/uploads\/2016\/09\/aplicacion2.jpg\" alt=\"aplicacion2\" width=\"425\" height=\"321\" srcset=\"https:\/\/micofora.com\/wp-content\/uploads\/2016\/09\/aplicacion2-120x91.jpg 120w, https:\/\/micofora.com\/wp-content\/uploads\/2016\/09\/aplicacion2-200x151.jpg 200w, https:\/\/micofora.com\/wp-content\/uploads\/2016\/09\/aplicacion2-300x227.jpg 300w, https:\/\/micofora.com\/wp-content\/uploads\/2016\/09\/aplicacion2-400x302.jpg 400w, https:\/\/micofora.com\/wp-content\/uploads\/2016\/09\/aplicacion2.jpg 425w\" sizes=\"(max-width: 425px) 100vw, 425px\" \/><\/p>\n","protected":false},"excerpt":{"rendered":"<p>Chez MF A nous produisons un substrat sp\u00e9cial trufficulture qui incorpore l\u2019inoculum de Tuber melanosporum pour g\u00e9n\u00e9rer de nouvelles mycorhizes et fournir le partenaire manquant pour la fructification.<\/p>\n<p>L\u2019avantage d\u2019utiliser Truf-Up est qu\u2019il est \u00e9labor\u00e9 avec des truffes analys\u00e9es une \u00e0 une par test ADN et au microscope pour \u00e9valuer la maturit\u00e9 des spores et certifier qu\u2019il n\u2019y a aucune autre vari\u00e9t\u00e9 de truffe (chinoise, brumale, etc).<\/p>\n<p>Substrat tamponn\u00e9 au pH enrichi en calcium.<\/p>\n<p><img decoding=\"async\" class=\"alignnone size-full wp-image-23666\" src=\"https:\/\/micofora.com\/wp-content\/uploads\/2016\/09\/highlights.jpg\" alt=\"\" width=\"855\" height=\"335\" srcset=\"https:\/\/micofora.com\/wp-content\/uploads\/2016\/09\/highlights-200x78.jpg 200w, https:\/\/micofora.com\/wp-content\/uploads\/2016\/09\/highlights-300x118.jpg 300w, https:\/\/micofora.com\/wp-content\/uploads\/2016\/09\/highlights-400x157.jpg 400w, https:\/\/micofora.com\/wp-content\/uploads\/2016\/09\/highlights-600x235.jpg 600w, https:\/\/micofora.com\/wp-content\/uploads\/2016\/09\/highlights-768x301.jpg 768w, https:\/\/micofora.com\/wp-content\/uploads\/2016\/09\/highlights-800x313.jpg 800w, https:\/\/micofora.com\/wp-content\/uploads\/2016\/09\/highlights.jpg 855w\" sizes=\"(max-width: 855px) 100vw, 855px\" \/><\/p>\n<p>De plus nous utilisons des truffes de premi\u00e8re qualit\u00e9 sans larves d\u2019insectes. Le substrat \u00a0a \u00e9t\u00e9 enti\u00e8rement st\u00e9rilis\u00e9 afin de ne contenir aucun des insectes ravageurs de la truffe qui pourraient \u00eatre incorpor\u00e9s.<\/p>\n<p><span id=\"result_box\" class=\"\" lang=\"fr\"><span title=\"A trav\u00e9s de un proyecto de investigaci\u00f3n (LINK Proyecto Torres Quevedo), hemos desarrollado un bioestimulante bacteriano que mezclamos en el sustrato para favorecer el desarrollo miceliar.\">De nos jours nous savons que les arbres et les truffes \u00e9changent des nutriments de mani\u00e8re complexe. Gr\u00e2ce \u00e0 nos <a href=\"https:\/\/micofora.com\/fr\/portfolio-items\/proyecto-investigacion-bacterias-y-trufas\/\" target=\"_blank\" rel=\"noopener\">projet de recherche<\/a> quantifi\u00e9e par ADN, nous avons d\u00e9velopp\u00e9 un biostimulant bact\u00e9rien qui augmente le d\u00e9veloppement du myc\u00e9lium et qui est incorpor\u00e9 dans le substrat Truf-Up. Le substrat sp\u00e9cifique de plantation Truf-Up incorpore aussi un fertilisant ad\u00e9quat \u00e0 la trufficulture, issu des<\/span><span title=\"As\u00ed mismo, fruto de otro proyecto (LINK proyecto I+D IRTA abono trufas) nace el formulado para fertilizar las plantas en el momento de plantaci\u00f3n, que hemos a\u00f1adido al SUSTRATO PARA PLANTACI\u00d3N \"><a href=\"https:\/\/micofora.com\/fr\/portfolio-items\/proyecto-id-para-el-desarrollo-de-un-abono-para-cultivo-de-trufas\/\" target=\"_blank\" rel=\"noopener\"> r\u00e9sultats d&rsquo;un autre projet.<\/a><\/span><\/span><\/p>\n<p>Ce produit b\u00e9n\u00e9ficie de la certification pour l\u2019agriculture ECOLOGIQUE-CCPAE.<br \/>\n<strong><img decoding=\"async\" class=\"wp-image-25634 alignright\" src=\"https:\/\/micofora.com\/wp-content\/uploads\/2016\/09\/CCPAE.png\" alt=\"CCPAE\" width=\"226\" height=\"162\" srcset=\"https:\/\/micofora.com\/wp-content\/uploads\/2016\/09\/CCPAE-200x142.png 200w, https:\/\/micofora.com\/wp-content\/uploads\/2016\/09\/CCPAE-300x214.png 300w, https:\/\/micofora.com\/wp-content\/uploads\/2016\/09\/CCPAE-400x285.png 400w, https:\/\/micofora.com\/wp-content\/uploads\/2016\/09\/CCPAE.png 562w\" sizes=\"(max-width: 226px) 100vw, 226px\" \/><\/strong><\/p>\n<p>Nous produisons Truf-Up en 3 conditionnements:<\/p>\n<ul>\n<li><strong>Pour la plantation<\/strong> (1L\/arbre). Prix du sac de 50 L: 20 \u20ac<\/li>\n<li><strong>Pour les arbres de 4 \u00e0 10 ans<\/strong> (10L\/arbre). Prix du sac de 50 L: 16 \u20ac<\/li>\n<li><strong>Pour les arbres de plus de 10 ans<\/strong> (10L\/arbre). Prix du sac de 50 L: 18,5 \u20ac<\/li>\n<\/ul>\n<p>Nb: Prix hors taxe et hors transport. Ce produit n\u2019est pas en stock, il faut le r\u00e9server avant janvier. Les commandes seront honor\u00e9es du 15 f\u00e9vrier au 15 mars.Vous pouvez passer commande au mail suivant micologiaforestal@micofora.com ou au +34609864552.D\u00e8s que nous aurons re\u00e7u votre commande vous recevrez un mail avec le co\u00fbt du transport.<\/p>\n<p>Les sacs se vendent au d\u00e9tail ou par palette. Une palette compl\u00e8te contient 45 sacs (substrat pour 225 plantes \u00e0 raison de 10L par arbre). La commande minimum pour un envoi est de 12 sacs.<\/p>\n<p>REDUCTIONS<\/p>\n<ul>\n<li>Plus de 10 palettes\u00a0: Transport offert et 5% de r\u00e9duction.<\/li>\n<li>Plus de 20 palettes\u00a0: Transport offert et 10% de r\u00e9duction.<\/li>\n<\/ul>\n<p><strong>FORMAT ET CONDITIONNEMENT<\/strong><\/p>\n","protected":false},"featured_media":23673,"comment_status":"open","ping_status":"closed","template":"","meta":[],"product_brand":[],"product_cat":[662],"product_tag":[],"class_list":{"0":"post-20353","1":"product","2":"type-product","3":"status-publish","4":"has-post-thumbnail","6":"product_cat-produits-pour-le-trufficulteur","8":"first","9":"outofstock","10":"taxable","11":"shipping-taxable","12":"purchasable","13":"product-type-variable"},"yoast_head":"<!-- This site is optimized with the Yoast SEO plugin v27.4 - https:\/\/yoast.com\/product\/yoast-seo-wordpress\/ -->\n<title>Puits de substrat pour produir truffes 10 litres \/ arbre<\/title>\n<meta name=\"description\" content=\"substrat sp\u00e9cial pour produire la truffe, qui a d\u00e9j\u00e0 incorpor\u00e9 l&#039;inoculum Tuber melanosporum dans la quantit\u00e9 n\u00e9cessaire pour g\u00e9n\u00e9rer\" \/>\n<meta name=\"robots\" content=\"index, follow, max-snippet:-1, max-image-preview:large, max-video-preview:-1\" \/>\n<link rel=\"canonical\" href=\"https:\/\/micofora.com\/fr\/produit\/puits-de-substrat\/\" \/>\n<meta property=\"og:locale\" content=\"fr_FR\" \/>\n<meta property=\"og:type\" content=\"article\" \/>\n<meta property=\"og:title\" content=\"Puits de substrat pour produir truffes 10 litres \/ arbre\" \/>\n<meta property=\"og:description\" content=\"substrat sp\u00e9cial pour produire la truffe, qui a d\u00e9j\u00e0 incorpor\u00e9 l&#039;inoculum Tuber melanosporum dans la quantit\u00e9 n\u00e9cessaire pour g\u00e9n\u00e9rer\" \/>\n<meta property=\"og:url\" content=\"https:\/\/micofora.com\/fr\/produit\/puits-de-substrat\/\" \/>\n<meta property=\"og:site_name\" content=\"Micofora\" \/>\n<meta property=\"article:modified_time\" content=\"2026-01-26T19:10:29+00:00\" \/>\n<meta property=\"og:image\" content=\"https:\/\/micofora.com\/wp-content\/uploads\/2016\/09\/BOLSA-DE-SUSTRATO2.jpg\" \/>\n\t<meta property=\"og:image:width\" content=\"3543\" \/>\n\t<meta property=\"og:image:height\" content=\"4961\" \/>\n\t<meta property=\"og:image:type\" content=\"image\/jpeg\" \/>\n<meta name=\"twitter:card\" content=\"summary_large_image\" \/>\n<meta name=\"twitter:label1\" content=\"Dur\u00e9e de lecture estim\u00e9e\" \/>\n\t<meta name=\"twitter:data1\" content=\"2 minutes\" \/>\n<script type=\"application\/ld+json\" class=\"yoast-schema-graph\">{\"@context\":\"https:\\\/\\\/schema.org\",\"@graph\":[{\"@type\":\"WebPage\",\"@id\":\"https:\\\/\\\/micofora.com\\\/fr\\\/produit\\\/puits-de-substrat\\\/\",\"url\":\"https:\\\/\\\/micofora.com\\\/fr\\\/produit\\\/puits-de-substrat\\\/\",\"name\":\"Puits de substrat pour produir truffes 10 litres \\\/ arbre\",\"isPartOf\":{\"@id\":\"https:\\\/\\\/micofora.com\\\/#website\"},\"primaryImageOfPage\":{\"@id\":\"https:\\\/\\\/micofora.com\\\/fr\\\/produit\\\/puits-de-substrat\\\/#primaryimage\"},\"image\":{\"@id\":\"https:\\\/\\\/micofora.com\\\/fr\\\/produit\\\/puits-de-substrat\\\/#primaryimage\"},\"thumbnailUrl\":\"https:\\\/\\\/micofora.com\\\/wp-content\\\/uploads\\\/2016\\\/09\\\/BOLSA-DE-SUSTRATO2-scaled.jpg\",\"datePublished\":\"2016-09-26T15:34:57+00:00\",\"dateModified\":\"2026-01-26T19:10:29+00:00\",\"description\":\"substrat sp\u00e9cial pour produire la truffe, qui a d\u00e9j\u00e0 incorpor\u00e9 l'inoculum Tuber melanosporum dans la quantit\u00e9 n\u00e9cessaire pour g\u00e9n\u00e9rer\",\"breadcrumb\":{\"@id\":\"https:\\\/\\\/micofora.com\\\/fr\\\/produit\\\/puits-de-substrat\\\/#breadcrumb\"},\"inLanguage\":\"fr-FR\",\"potentialAction\":[{\"@type\":\"ReadAction\",\"target\":[\"https:\\\/\\\/micofora.com\\\/fr\\\/produit\\\/puits-de-substrat\\\/\"]}]},{\"@type\":\"ImageObject\",\"inLanguage\":\"fr-FR\",\"@id\":\"https:\\\/\\\/micofora.com\\\/fr\\\/produit\\\/puits-de-substrat\\\/#primaryimage\",\"url\":\"https:\\\/\\\/micofora.com\\\/wp-content\\\/uploads\\\/2016\\\/09\\\/BOLSA-DE-SUSTRATO2-scaled.jpg\",\"contentUrl\":\"https:\\\/\\\/micofora.com\\\/wp-content\\\/uploads\\\/2016\\\/09\\\/BOLSA-DE-SUSTRATO2-scaled.jpg\",\"width\":1828,\"height\":2560},{\"@type\":\"BreadcrumbList\",\"@id\":\"https:\\\/\\\/micofora.com\\\/fr\\\/produit\\\/puits-de-substrat\\\/#breadcrumb\",\"itemListElement\":[{\"@type\":\"ListItem\",\"position\":1,\"name\":\"Portada\",\"item\":\"https:\\\/\\\/micofora.com\\\/fr\\\/\"},{\"@type\":\"ListItem\",\"position\":2,\"name\":\"Magasine\",\"item\":\"https:\\\/\\\/micofora.com\\\/fr\\\/magasine\\\/\"},{\"@type\":\"ListItem\",\"position\":3,\"name\":\"Substrat sp\u00e9cial pi\u00e8ges \u00e0 truffes\"}]},{\"@type\":\"WebSite\",\"@id\":\"https:\\\/\\\/micofora.com\\\/#website\",\"url\":\"https:\\\/\\\/micofora.com\\\/\",\"name\":\"Micofora\",\"description\":\"Micologia Forestal &amp; Aplicada\",\"potentialAction\":[{\"@type\":\"SearchAction\",\"target\":{\"@type\":\"EntryPoint\",\"urlTemplate\":\"https:\\\/\\\/micofora.com\\\/?s={search_term_string}\"},\"query-input\":{\"@type\":\"PropertyValueSpecification\",\"valueRequired\":true,\"valueName\":\"search_term_string\"}}],\"inLanguage\":\"fr-FR\"}]}<\/script>\n<!-- \/ Yoast SEO plugin. -->","yoast_head_json":{"title":"Puits de substrat pour produir truffes 10 litres \/ arbre","description":"substrat sp\u00e9cial pour produire la truffe, qui a d\u00e9j\u00e0 incorpor\u00e9 l'inoculum Tuber melanosporum dans la quantit\u00e9 n\u00e9cessaire pour g\u00e9n\u00e9rer","robots":{"index":"index","follow":"follow","max-snippet":"max-snippet:-1","max-image-preview":"max-image-preview:large","max-video-preview":"max-video-preview:-1"},"canonical":"https:\/\/micofora.com\/fr\/produit\/puits-de-substrat\/","og_locale":"fr_FR","og_type":"article","og_title":"Puits de substrat pour produir truffes 10 litres \/ arbre","og_description":"substrat sp\u00e9cial pour produire la truffe, qui a d\u00e9j\u00e0 incorpor\u00e9 l'inoculum Tuber melanosporum dans la quantit\u00e9 n\u00e9cessaire pour g\u00e9n\u00e9rer","og_url":"https:\/\/micofora.com\/fr\/produit\/puits-de-substrat\/","og_site_name":"Micofora","article_modified_time":"2026-01-26T19:10:29+00:00","og_image":[{"width":3543,"height":4961,"url":"https:\/\/micofora.com\/wp-content\/uploads\/2016\/09\/BOLSA-DE-SUSTRATO2.jpg","type":"image\/jpeg"}],"twitter_card":"summary_large_image","twitter_misc":{"Dur\u00e9e de lecture estim\u00e9e":"2 minutes"},"schema":{"@context":"https:\/\/schema.org","@graph":[{"@type":"WebPage","@id":"https:\/\/micofora.com\/fr\/produit\/puits-de-substrat\/","url":"https:\/\/micofora.com\/fr\/produit\/puits-de-substrat\/","name":"Puits de substrat pour produir truffes 10 litres \/ arbre","isPartOf":{"@id":"https:\/\/micofora.com\/#website"},"primaryImageOfPage":{"@id":"https:\/\/micofora.com\/fr\/produit\/puits-de-substrat\/#primaryimage"},"image":{"@id":"https:\/\/micofora.com\/fr\/produit\/puits-de-substrat\/#primaryimage"},"thumbnailUrl":"https:\/\/micofora.com\/wp-content\/uploads\/2016\/09\/BOLSA-DE-SUSTRATO2-scaled.jpg","datePublished":"2016-09-26T15:34:57+00:00","dateModified":"2026-01-26T19:10:29+00:00","description":"substrat sp\u00e9cial pour produire la truffe, qui a d\u00e9j\u00e0 incorpor\u00e9 l'inoculum Tuber melanosporum dans la quantit\u00e9 n\u00e9cessaire pour g\u00e9n\u00e9rer","breadcrumb":{"@id":"https:\/\/micofora.com\/fr\/produit\/puits-de-substrat\/#breadcrumb"},"inLanguage":"fr-FR","potentialAction":[{"@type":"ReadAction","target":["https:\/\/micofora.com\/fr\/produit\/puits-de-substrat\/"]}]},{"@type":"ImageObject","inLanguage":"fr-FR","@id":"https:\/\/micofora.com\/fr\/produit\/puits-de-substrat\/#primaryimage","url":"https:\/\/micofora.com\/wp-content\/uploads\/2016\/09\/BOLSA-DE-SUSTRATO2-scaled.jpg","contentUrl":"https:\/\/micofora.com\/wp-content\/uploads\/2016\/09\/BOLSA-DE-SUSTRATO2-scaled.jpg","width":1828,"height":2560},{"@type":"BreadcrumbList","@id":"https:\/\/micofora.com\/fr\/produit\/puits-de-substrat\/#breadcrumb","itemListElement":[{"@type":"ListItem","position":1,"name":"Portada","item":"https:\/\/micofora.com\/fr\/"},{"@type":"ListItem","position":2,"name":"Magasine","item":"https:\/\/micofora.com\/fr\/magasine\/"},{"@type":"ListItem","position":3,"name":"Substrat sp\u00e9cial pi\u00e8ges \u00e0 truffes"}]},{"@type":"WebSite","@id":"https:\/\/micofora.com\/#website","url":"https:\/\/micofora.com\/","name":"Micofora","description":"Micologia Forestal &amp; Aplicada","potentialAction":[{"@type":"SearchAction","target":{"@type":"EntryPoint","urlTemplate":"https:\/\/micofora.com\/?s={search_term_string}"},"query-input":{"@type":"PropertyValueSpecification","valueRequired":true,"valueName":"search_term_string"}}],"inLanguage":"fr-FR"}]}},"_links":{"self":[{"href":"https:\/\/micofora.com\/fr\/wp-json\/wp\/v2\/product\/20353","targetHints":{"allow":["GET"]}}],"collection":[{"href":"https:\/\/micofora.com\/fr\/wp-json\/wp\/v2\/product"}],"about":[{"href":"https:\/\/micofora.com\/fr\/wp-json\/wp\/v2\/types\/product"}],"replies":[{"embeddable":true,"href":"https:\/\/micofora.com\/fr\/wp-json\/wp\/v2\/comments?post=20353"}],"wp:featuredmedia":[{"embeddable":true,"href":"https:\/\/micofora.com\/fr\/wp-json\/wp\/v2\/media\/23673"}],"wp:attachment":[{"href":"https:\/\/micofora.com\/fr\/wp-json\/wp\/v2\/media?parent=20353"}],"wp:term":[{"taxonomy":"product_brand","embeddable":true,"href":"https:\/\/micofora.com\/fr\/wp-json\/wp\/v2\/product_brand?post=20353"},{"taxonomy":"product_cat","embeddable":true,"href":"https:\/\/micofora.com\/fr\/wp-json\/wp\/v2\/product_cat?post=20353"},{"taxonomy":"product_tag","embeddable":true,"href":"https:\/\/micofora.com\/fr\/wp-json\/wp\/v2\/product_tag?post=20353"}],"curies":[{"name":"wp","href":"https:\/\/api.w.org\/{rel}","templated":true}]}}