{"id":20341,"date":"2016-09-29T18:28:03","date_gmt":"2016-09-28T07:28:03","guid":{"rendered":"http:\/\/micofora.com\/fr\/producto\/endoplant-riego-1-kg\/"},"modified":"2017-08-04T15:22:56","modified_gmt":"2017-08-04T15:22:56","slug":"endoplant-irrigation","status":"publish","type":"product","link":"https:\/\/micofora.com\/fr\/produit\/endoplant-irrigation\/","title":{"rendered":"Endoplant Irrigation"},"content":{"rendered":"<p>ENDOPLANT est un produit biologique naturel compos\u00e9 de propagules de champignons mycorhiziens avec des substrats organiques m\u00e9lang\u00e9es de fa\u00e7on homog\u00e8ne. Il contient des compos\u00e9s naturels d&rsquo;origine v\u00e9g\u00e9tale et d&rsquo;un agent superabsorbant eau.<\/p>\n<p>Il pr\u00e9sente une formulation express\u00e9ment con\u00e7ue pour appliquer \u00e0 toutes les cultures et \u00e0 toutes les \u00e9tapes de la croissance des plantes \u00e0 travers le syst\u00e8me d&rsquo;irrigation. Il est particuli\u00e8rement appropri\u00e9 pour renforcer l&rsquo;effet des mycorhizes dans les plantes pr\u00e9alablement inocul\u00e9es. Avantages pour les plantes :<br \/>\nune meilleure r\u00e9sistance au stress, augmentation de l&rsquo;absorption de N, P, K et de nutriments en g\u00e9n\u00e9ral. Une r\u00e9sistance accrue aux agents pathog\u00e8nes et les agents de n\u00e9matodes. Augmentation de la longueur des poils absorbants et augmente l&rsquo;activit\u00e9 microbienne. La plante r\u00e9duit les dommages \u00e0 froid, a une plus grande croissance dans les sols pauvres et permet une plus grande tol\u00e9rance \u00e0 la s\u00e9cheresse et des toxines de pH extr\u00eames. Cela nous permet de r\u00e9duire l&rsquo;utilisation d&rsquo;engrais et de pesticides.<\/p>\n<p><strong>Application:<\/strong> plantes horticoles, des arbres fruitiers et des plantes ornementales. Ne pas appliquer dans les conif\u00e8res, feuillu, bleuets, Carnation, choux, azal\u00e9e, bleuet, laurier, orchid\u00e9e, radis, betterave et rhododendrons.<\/p>\n<p><span id=\"result_box\" class=\"\" lang=\"fr\"><span class=\"\">Le produit doit<\/span> <span class=\"\">\u00eatre m\u00e9lang\u00e9<\/span> avec de l&rsquo;eau qui normalement <span class=\"\">utiliser pour<\/span> <span class=\"\">arroser la plante<\/span>. Une fois appliqu\u00e9, faire un arrosage de finition lisse pour p\u00e9n\u00e9trer <span class=\"\">le produit<\/span><\/span><\/p>\n<p><strong>Dosage:<\/strong><strong><strong><strong><strong><strong><br \/>\n<\/strong><\/strong><\/strong><\/strong><\/strong><\/p>\n<table>\n<tbody>\n<tr>\n<td width=\"219\"><strong>ARROSEUR<\/strong><\/td>\n<td width=\"135\"><strong>4 Kg\/Ha<\/strong><\/td>\n<\/tr>\n<tr>\n<td width=\"219\"><strong><span id=\"result_box\" class=\"short_text\" lang=\"fr\"><span class=\"\">IRRIGATION GOUTTE \u00c0 GOUTTE<\/span><\/span><\/strong><\/td>\n<td width=\"135\"><strong>2 Kg\/Ha<\/strong><\/td>\n<\/tr>\n<tr>\n<td width=\"219\"><strong><span id=\"result_box\" class=\"short_text\" lang=\"fr\"><span class=\"\">FRUITS<\/span> ET <span class=\"\">VIGNE<\/span><\/span><\/strong><\/td>\n<td width=\"135\"><strong>1-2 g\/plante<\/strong><\/td>\n<\/tr>\n<\/tbody>\n<\/table>\n<p><a href=\"https:\/\/dl.dropboxusercontent.com\/u\/3729020\/Micofora\/DescargasWeb\/CATALOGO%20ENDOPLANT%281%29.pdf\"><strong><span data-word=\"pour\">Pour<\/span> <span data-word=\"plus\">plus<\/span> <span data-word=\"d\u2019informations\">d\u2019informations<\/span> <span data-word=\"consulter\">consulter<\/span> <span data-word=\"les\">les<\/span> <span data-word=\"catalogue\">catalogue<\/span> <span data-word=\"et\">et<\/span> <span data-word=\"fiches\">fiches<\/span> <span data-word=\"techniques\">techniques<\/span><\/strong><\/a><\/p>\n","protected":false},"excerpt":{"rendered":"<p><span id=\"result_box\" class=\"\" lang=\"fr\"><span class=\"\">Fungi:<\/span> <span class=\"\">Glomus intraradices<\/span>, <span class=\"\">Glomus mosseae<\/span><\/p>\n<p><span class=\"\">Nombre de<\/span> micro-organismes:&gt; <span class=\"\">60<\/span> propagules \/ cc produit<\/p>\n<p><span class=\"\">Composition qualitative<\/span><span class=\"\">-quantitative<\/span>: Le produit est sous la forme de spores, <span class=\"\">fragments de myc\u00e9lium<\/span> et de v\u00e9sicules<span class=\"\">, soutenue par<\/span> les argiles inorganiques inertes (z\u00e9olite)<\/p>\n<p><span class=\"\">analyse<\/span> <span class=\"\">physico-chimique<\/span> du produit<\/p>\n<p><span class=\"\">Poudre mouillable<\/span> (taille de particule 0-150 microns)<br \/>\n<span class=\"\">mati\u00e8re s\u00e8che:<\/span> <span class=\"\">90<\/span>%<br \/>\npH (1: 5): 6,5-7<br \/>\n<span class=\"\">N (<\/span><span class=\"\">total):<\/span> 2%<br \/>\nP2O5: 0,5%<br \/>\nK2O total: 2,7%<br \/>\n1,1% Fe2O3<br \/>\nSiO2: 61%<br \/>\nCaO: 2,3%<br \/>\nAl2O3: 10,1%<br \/>\nSolubilit\u00e9: 14% du produit<\/span><\/p>\n","protected":false},"featured_media":24342,"comment_status":"open","ping_status":"closed","template":"","meta":[],"product_brand":[],"product_cat":[658],"product_tag":[],"class_list":{"0":"post-20341","1":"product","2":"type-product","3":"status-publish","4":"has-post-thumbnail","6":"product_cat-mycorrhizae-et-biostimulants","8":"first","9":"instock","10":"taxable","11":"shipping-taxable","12":"purchasable","13":"product-type-variable"},"yoast_head":"<!-- This site is optimized with the Yoast SEO plugin v27.5 - https:\/\/yoast.com\/product\/yoast-seo-wordpress\/ -->\n<title>ENDOPLANT Champignons mycorhiziens pour horticulture et sylviculture<\/title>\n<meta name=\"description\" content=\"Micologia Forestal &amp; Aplicada produit des Inoculants mycorhiziens pour horticulture et sylviculture. Elles fonctionnent comme des engrais organiques\" \/>\n<meta name=\"robots\" content=\"index, follow, max-snippet:-1, max-image-preview:large, max-video-preview:-1\" \/>\n<link rel=\"canonical\" href=\"https:\/\/micofora.com\/fr\/product\/endoplant-irrigation\/\" \/>\n<meta property=\"og:locale\" content=\"fr_FR\" \/>\n<meta property=\"og:type\" content=\"article\" \/>\n<meta property=\"og:title\" content=\"ENDOPLANT Champignons mycorhiziens pour horticulture et sylviculture\" \/>\n<meta property=\"og:description\" content=\"Micologia Forestal &amp; Aplicada produit des Inoculants mycorhiziens pour horticulture et sylviculture. Elles fonctionnent comme des engrais organiques\" \/>\n<meta property=\"og:url\" content=\"https:\/\/micofora.com\/fr\/product\/endoplant-irrigation\/\" \/>\n<meta property=\"og:site_name\" content=\"Micofora\" \/>\n<meta property=\"article:modified_time\" content=\"2017-08-04T15:22:56+00:00\" \/>\n<meta property=\"og:image\" content=\"https:\/\/micofora.com\/wp-content\/uploads\/2016\/09\/endoplant-riego-500-1.jpg\" \/>\n\t<meta property=\"og:image:width\" content=\"1000\" \/>\n\t<meta property=\"og:image:height\" content=\"1394\" \/>\n\t<meta property=\"og:image:type\" content=\"image\/jpeg\" \/>\n<meta name=\"twitter:card\" content=\"summary_large_image\" \/>\n<meta name=\"twitter:label1\" content=\"Dur\u00e9e de lecture estim\u00e9e\" \/>\n\t<meta name=\"twitter:data1\" content=\"1 minute\" \/>\n<script type=\"application\/ld+json\" class=\"yoast-schema-graph\">{\"@context\":\"https:\\\/\\\/schema.org\",\"@graph\":[{\"@type\":\"WebPage\",\"@id\":\"https:\\\/\\\/micofora.com\\\/fr\\\/product\\\/endoplant-irrigation\\\/\",\"url\":\"https:\\\/\\\/micofora.com\\\/fr\\\/product\\\/endoplant-irrigation\\\/\",\"name\":\"ENDOPLANT Champignons mycorhiziens pour horticulture et sylviculture\",\"isPartOf\":{\"@id\":\"https:\\\/\\\/micofora.com\\\/#website\"},\"primaryImageOfPage\":{\"@id\":\"https:\\\/\\\/micofora.com\\\/fr\\\/product\\\/endoplant-irrigation\\\/#primaryimage\"},\"image\":{\"@id\":\"https:\\\/\\\/micofora.com\\\/fr\\\/product\\\/endoplant-irrigation\\\/#primaryimage\"},\"thumbnailUrl\":\"https:\\\/\\\/micofora.com\\\/wp-content\\\/uploads\\\/2016\\\/09\\\/endoplant-riego-500-2.jpg\",\"datePublished\":\"2016-09-28T07:28:03+00:00\",\"dateModified\":\"2017-08-04T15:22:56+00:00\",\"description\":\"Micologia Forestal & Aplicada produit des Inoculants mycorhiziens pour horticulture et sylviculture. Elles fonctionnent comme des engrais organiques\",\"breadcrumb\":{\"@id\":\"https:\\\/\\\/micofora.com\\\/fr\\\/product\\\/endoplant-irrigation\\\/#breadcrumb\"},\"inLanguage\":\"fr-FR\",\"potentialAction\":[{\"@type\":\"ReadAction\",\"target\":[\"https:\\\/\\\/micofora.com\\\/fr\\\/product\\\/endoplant-irrigation\\\/\"]}]},{\"@type\":\"ImageObject\",\"inLanguage\":\"fr-FR\",\"@id\":\"https:\\\/\\\/micofora.com\\\/fr\\\/product\\\/endoplant-irrigation\\\/#primaryimage\",\"url\":\"https:\\\/\\\/micofora.com\\\/wp-content\\\/uploads\\\/2016\\\/09\\\/endoplant-riego-500-2.jpg\",\"contentUrl\":\"https:\\\/\\\/micofora.com\\\/wp-content\\\/uploads\\\/2016\\\/09\\\/endoplant-riego-500-2.jpg\",\"width\":1000,\"height\":1778},{\"@type\":\"BreadcrumbList\",\"@id\":\"https:\\\/\\\/micofora.com\\\/fr\\\/product\\\/endoplant-irrigation\\\/#breadcrumb\",\"itemListElement\":[{\"@type\":\"ListItem\",\"position\":1,\"name\":\"Portada\",\"item\":\"https:\\\/\\\/micofora.com\\\/fr\\\/\"},{\"@type\":\"ListItem\",\"position\":2,\"name\":\"Magasine\",\"item\":\"https:\\\/\\\/micofora.com\\\/fr\\\/magasine\\\/\"},{\"@type\":\"ListItem\",\"position\":3,\"name\":\"Endoplant Irrigation\"}]},{\"@type\":\"WebSite\",\"@id\":\"https:\\\/\\\/micofora.com\\\/#website\",\"url\":\"https:\\\/\\\/micofora.com\\\/\",\"name\":\"Micofora\",\"description\":\"Micologia Forestal &amp; Aplicada\",\"potentialAction\":[{\"@type\":\"SearchAction\",\"target\":{\"@type\":\"EntryPoint\",\"urlTemplate\":\"https:\\\/\\\/micofora.com\\\/?s={search_term_string}\"},\"query-input\":{\"@type\":\"PropertyValueSpecification\",\"valueRequired\":true,\"valueName\":\"search_term_string\"}}],\"inLanguage\":\"fr-FR\"}]}<\/script>\n<!-- \/ Yoast SEO plugin. -->","yoast_head_json":{"title":"ENDOPLANT Champignons mycorhiziens pour horticulture et sylviculture","description":"Micologia Forestal & Aplicada produit des Inoculants mycorhiziens pour horticulture et sylviculture. Elles fonctionnent comme des engrais organiques","robots":{"index":"index","follow":"follow","max-snippet":"max-snippet:-1","max-image-preview":"max-image-preview:large","max-video-preview":"max-video-preview:-1"},"canonical":"https:\/\/micofora.com\/fr\/product\/endoplant-irrigation\/","og_locale":"fr_FR","og_type":"article","og_title":"ENDOPLANT Champignons mycorhiziens pour horticulture et sylviculture","og_description":"Micologia Forestal & Aplicada produit des Inoculants mycorhiziens pour horticulture et sylviculture. Elles fonctionnent comme des engrais organiques","og_url":"https:\/\/micofora.com\/fr\/product\/endoplant-irrigation\/","og_site_name":"Micofora","article_modified_time":"2017-08-04T15:22:56+00:00","og_image":[{"width":1000,"height":1394,"url":"https:\/\/micofora.com\/wp-content\/uploads\/2016\/09\/endoplant-riego-500-1.jpg","type":"image\/jpeg"}],"twitter_card":"summary_large_image","twitter_misc":{"Dur\u00e9e de lecture estim\u00e9e":"1 minute"},"schema":{"@context":"https:\/\/schema.org","@graph":[{"@type":"WebPage","@id":"https:\/\/micofora.com\/fr\/product\/endoplant-irrigation\/","url":"https:\/\/micofora.com\/fr\/product\/endoplant-irrigation\/","name":"ENDOPLANT Champignons mycorhiziens pour horticulture et sylviculture","isPartOf":{"@id":"https:\/\/micofora.com\/#website"},"primaryImageOfPage":{"@id":"https:\/\/micofora.com\/fr\/product\/endoplant-irrigation\/#primaryimage"},"image":{"@id":"https:\/\/micofora.com\/fr\/product\/endoplant-irrigation\/#primaryimage"},"thumbnailUrl":"https:\/\/micofora.com\/wp-content\/uploads\/2016\/09\/endoplant-riego-500-2.jpg","datePublished":"2016-09-28T07:28:03+00:00","dateModified":"2017-08-04T15:22:56+00:00","description":"Micologia Forestal & Aplicada produit des Inoculants mycorhiziens pour horticulture et sylviculture. Elles fonctionnent comme des engrais organiques","breadcrumb":{"@id":"https:\/\/micofora.com\/fr\/product\/endoplant-irrigation\/#breadcrumb"},"inLanguage":"fr-FR","potentialAction":[{"@type":"ReadAction","target":["https:\/\/micofora.com\/fr\/product\/endoplant-irrigation\/"]}]},{"@type":"ImageObject","inLanguage":"fr-FR","@id":"https:\/\/micofora.com\/fr\/product\/endoplant-irrigation\/#primaryimage","url":"https:\/\/micofora.com\/wp-content\/uploads\/2016\/09\/endoplant-riego-500-2.jpg","contentUrl":"https:\/\/micofora.com\/wp-content\/uploads\/2016\/09\/endoplant-riego-500-2.jpg","width":1000,"height":1778},{"@type":"BreadcrumbList","@id":"https:\/\/micofora.com\/fr\/product\/endoplant-irrigation\/#breadcrumb","itemListElement":[{"@type":"ListItem","position":1,"name":"Portada","item":"https:\/\/micofora.com\/fr\/"},{"@type":"ListItem","position":2,"name":"Magasine","item":"https:\/\/micofora.com\/fr\/magasine\/"},{"@type":"ListItem","position":3,"name":"Endoplant Irrigation"}]},{"@type":"WebSite","@id":"https:\/\/micofora.com\/#website","url":"https:\/\/micofora.com\/","name":"Micofora","description":"Micologia Forestal &amp; Aplicada","potentialAction":[{"@type":"SearchAction","target":{"@type":"EntryPoint","urlTemplate":"https:\/\/micofora.com\/?s={search_term_string}"},"query-input":{"@type":"PropertyValueSpecification","valueRequired":true,"valueName":"search_term_string"}}],"inLanguage":"fr-FR"}]}},"_links":{"self":[{"href":"https:\/\/micofora.com\/fr\/wp-json\/wp\/v2\/product\/20341","targetHints":{"allow":["GET"]}}],"collection":[{"href":"https:\/\/micofora.com\/fr\/wp-json\/wp\/v2\/product"}],"about":[{"href":"https:\/\/micofora.com\/fr\/wp-json\/wp\/v2\/types\/product"}],"replies":[{"embeddable":true,"href":"https:\/\/micofora.com\/fr\/wp-json\/wp\/v2\/comments?post=20341"}],"wp:featuredmedia":[{"embeddable":true,"href":"https:\/\/micofora.com\/fr\/wp-json\/wp\/v2\/media\/24342"}],"wp:attachment":[{"href":"https:\/\/micofora.com\/fr\/wp-json\/wp\/v2\/media?parent=20341"}],"wp:term":[{"taxonomy":"product_brand","embeddable":true,"href":"https:\/\/micofora.com\/fr\/wp-json\/wp\/v2\/product_brand?post=20341"},{"taxonomy":"product_cat","embeddable":true,"href":"https:\/\/micofora.com\/fr\/wp-json\/wp\/v2\/product_cat?post=20341"},{"taxonomy":"product_tag","embeddable":true,"href":"https:\/\/micofora.com\/fr\/wp-json\/wp\/v2\/product_tag?post=20341"}],"curies":[{"name":"wp","href":"https:\/\/api.w.org\/{rel}","templated":true}]}}