{"id":20335,"date":"2016-09-29T18:15:40","date_gmt":"2016-09-29T18:28:40","guid":{"rendered":"http:\/\/micofora.com\/fr\/producto\/ectoplant-riego-5-l\/"},"modified":"2017-08-04T16:06:05","modified_gmt":"2017-08-04T16:06:05","slug":"ectoplant-irrigation","status":"publish","type":"product","link":"https:\/\/micofora.com\/fr\/produit\/ectoplant-irrigation\/","title":{"rendered":"Ectoplant Irrigation"},"content":{"rendered":"<p>ECTOPLANT est un produit biologique naturel compos\u00e9 de propagules de champignons mycorhiziens avec des substrats organiques m\u00e9lang\u00e9es de fa\u00e7on homog\u00e8ne. Il contient des compos\u00e9s naturels d&rsquo;origine v\u00e9g\u00e9tale et d&rsquo;un agent superabsorbant eau.<\/p>\n<p>Il pr\u00e9sente une formulation express\u00e9ment con\u00e7ue pour appliquer \u00e0 toutes les cultures et \u00e0 toutes les \u00e9tapes de la croissance des plantes \u00e0 travers le syst\u00e8me d&rsquo;irrigation. Il est particuli\u00e8rement appropri\u00e9 pour renforcer l&rsquo;effet des mycorhizes dans les plantes pr\u00e9alablement inocul\u00e9es. Avantages pour les plantes :<br \/>\nune meilleure r\u00e9sistance au stress, augmentation de l&rsquo;absorption de N, P, K et de nutriments en g\u00e9n\u00e9ral. Une r\u00e9sistance accrue aux agents pathog\u00e8nes et les agents de n\u00e9matodes. Augmentation de la longueur des poils absorbants et augmente l&rsquo;activit\u00e9 microbienne. La plante r\u00e9duit les dommages \u00e0 froid, a une plus grande croissance dans les sols pauvres et permet une plus grande tol\u00e9rance \u00e0 la s\u00e9cheresse et des toxines de pH extr\u00eames. Cela nous permet de r\u00e9duire l&rsquo;utilisation d&rsquo;engrais et de pesticides.<\/p>\n<p><strong>Application: <\/strong><span id=\"result_box\" class=\"\" lang=\"fr\"><span class=\"\">dans<\/span> <span class=\"\">toutes les esp\u00e8ces<\/span> de la famille des Pinac\u00e9es (pin et sapin en g\u00e9n\u00e9ral), <span class=\"\">Fagaceae<\/span> (<span class=\"\">ch\u00eanes<\/span>, <span class=\"\">ch\u00e2taigniers et de h\u00eatres<\/span>), Betulaceae (bouleau, noisetier, aulne) et <span class=\"\">Salicac\u00e9es<\/span> <span class=\"\">(<\/span><span class=\"\">saules<\/span> et peupliers)<span class=\"\">.<\/span><\/span><\/p>\n<p><span id=\"result_box\" class=\"short_text\" lang=\"fr\">Effectuez deux applications espac\u00e9es de 10 <span class=\"\">jours<\/span><span class=\"\">.<\/span><\/span><\/p>\n<p><strong>\u00a0<\/strong><\/p>\n<p><a href=\"https:\/\/dl.dropboxusercontent.com\/u\/3729020\/Micofora\/DescargasWeb\/Catalogo%20ectoplant%281%29.pdf\" target=\"_blank\" rel=\"noopener\">Para m\u00e1s informaci\u00f3n sobre el producto consulte el cat\u00e1logo ECTOMICORRIZAS y las fichas t\u00e9cnicas<\/a><\/p>\n","protected":false},"excerpt":{"rendered":"<p>Indicado para la micorrizaci\u00f3n en la fase de vivero.\u00a0\u00a0 Se trata de un in\u00f3culo de aplicaci\u00f3n muy sencilla; puede realizarse a trav\u00e9s del del sistema de riego, ya que ha sido tamizado para evitar cualquier tipo de obturaci\u00f3n de los diferentes sistemas de aspersi\u00f3n. <strong>Ectoplant riego<\/strong> incorpora un adherente que asegura su permanencia en el sustrato y permite obtener un alto nivel de micorrizaci\u00f3n.<\/p>\n","protected":false},"featured_media":20336,"comment_status":"open","ping_status":"closed","template":"","meta":[],"product_brand":[],"product_cat":[658],"product_tag":[],"class_list":{"0":"post-20335","1":"product","2":"type-product","3":"status-publish","4":"has-post-thumbnail","6":"product_cat-mycorrhizae-et-biostimulants","8":"first","9":"outofstock","10":"taxable","11":"shipping-taxable","12":"purchasable","13":"product-type-simple"},"yoast_head":"<!-- This site is optimized with the Yoast SEO plugin v27.5 - https:\/\/yoast.com\/product\/yoast-seo-wordpress\/ -->\n<title>ECTOPLANT Champignons mycorhiziens pour sylviculture<\/title>\n<meta name=\"description\" content=\"Inoculum mycorhizien appropri\u00e9 pour micorrizaci\u00f3n au stade de la p\u00e9pini\u00e8re. application tr\u00e8s simple; Il peut \u00eatre fait par le syst\u00e8me d&#039;irrigation\" \/>\n<meta name=\"robots\" content=\"index, follow, max-snippet:-1, max-image-preview:large, max-video-preview:-1\" \/>\n<link rel=\"canonical\" href=\"https:\/\/micofora.com\/fr\/product\/ectoplant-irrigation\/\" \/>\n<meta property=\"og:locale\" content=\"fr_FR\" \/>\n<meta property=\"og:type\" content=\"article\" \/>\n<meta property=\"og:title\" content=\"ECTOPLANT Champignons mycorhiziens pour sylviculture\" \/>\n<meta property=\"og:description\" content=\"Inoculum mycorhizien appropri\u00e9 pour micorrizaci\u00f3n au stade de la p\u00e9pini\u00e8re. application tr\u00e8s simple; Il peut \u00eatre fait par le syst\u00e8me d&#039;irrigation\" \/>\n<meta property=\"og:url\" content=\"https:\/\/micofora.com\/fr\/product\/ectoplant-irrigation\/\" \/>\n<meta property=\"og:site_name\" content=\"Micofora\" \/>\n<meta property=\"article:modified_time\" content=\"2017-08-04T16:06:05+00:00\" \/>\n<meta property=\"og:image\" content=\"https:\/\/micofora.com\/wp-content\/uploads\/2016\/09\/ectoplant-riego.jpg\" \/>\n\t<meta property=\"og:image:width\" content=\"1000\" \/>\n\t<meta property=\"og:image:height\" content=\"1300\" \/>\n\t<meta property=\"og:image:type\" content=\"image\/jpeg\" \/>\n<meta name=\"twitter:card\" content=\"summary_large_image\" \/>\n<meta name=\"twitter:label1\" content=\"Dur\u00e9e de lecture estim\u00e9e\" \/>\n\t<meta name=\"twitter:data1\" content=\"1 minute\" \/>\n<script type=\"application\/ld+json\" class=\"yoast-schema-graph\">{\"@context\":\"https:\\\/\\\/schema.org\",\"@graph\":[{\"@type\":\"WebPage\",\"@id\":\"https:\\\/\\\/micofora.com\\\/fr\\\/product\\\/ectoplant-irrigation\\\/\",\"url\":\"https:\\\/\\\/micofora.com\\\/fr\\\/product\\\/ectoplant-irrigation\\\/\",\"name\":\"ECTOPLANT Champignons mycorhiziens pour sylviculture\",\"isPartOf\":{\"@id\":\"https:\\\/\\\/micofora.com\\\/#website\"},\"primaryImageOfPage\":{\"@id\":\"https:\\\/\\\/micofora.com\\\/fr\\\/product\\\/ectoplant-irrigation\\\/#primaryimage\"},\"image\":{\"@id\":\"https:\\\/\\\/micofora.com\\\/fr\\\/product\\\/ectoplant-irrigation\\\/#primaryimage\"},\"thumbnailUrl\":\"https:\\\/\\\/micofora.com\\\/wp-content\\\/uploads\\\/2016\\\/09\\\/ectoplant-riego.jpg\",\"datePublished\":\"2016-09-29T18:28:40+00:00\",\"dateModified\":\"2017-08-04T16:06:05+00:00\",\"description\":\"Inoculum mycorhizien appropri\u00e9 pour micorrizaci\u00f3n au stade de la p\u00e9pini\u00e8re. application tr\u00e8s simple; Il peut \u00eatre fait par le syst\u00e8me d'irrigation\",\"breadcrumb\":{\"@id\":\"https:\\\/\\\/micofora.com\\\/fr\\\/product\\\/ectoplant-irrigation\\\/#breadcrumb\"},\"inLanguage\":\"fr-FR\",\"potentialAction\":[{\"@type\":\"ReadAction\",\"target\":[\"https:\\\/\\\/micofora.com\\\/fr\\\/product\\\/ectoplant-irrigation\\\/\"]}]},{\"@type\":\"ImageObject\",\"inLanguage\":\"fr-FR\",\"@id\":\"https:\\\/\\\/micofora.com\\\/fr\\\/product\\\/ectoplant-irrigation\\\/#primaryimage\",\"url\":\"https:\\\/\\\/micofora.com\\\/wp-content\\\/uploads\\\/2016\\\/09\\\/ectoplant-riego.jpg\",\"contentUrl\":\"https:\\\/\\\/micofora.com\\\/wp-content\\\/uploads\\\/2016\\\/09\\\/ectoplant-riego.jpg\",\"width\":1000,\"height\":1300},{\"@type\":\"BreadcrumbList\",\"@id\":\"https:\\\/\\\/micofora.com\\\/fr\\\/product\\\/ectoplant-irrigation\\\/#breadcrumb\",\"itemListElement\":[{\"@type\":\"ListItem\",\"position\":1,\"name\":\"Portada\",\"item\":\"https:\\\/\\\/micofora.com\\\/fr\\\/\"},{\"@type\":\"ListItem\",\"position\":2,\"name\":\"Magasine\",\"item\":\"https:\\\/\\\/micofora.com\\\/fr\\\/magasine\\\/\"},{\"@type\":\"ListItem\",\"position\":3,\"name\":\"Ectoplant Irrigation\"}]},{\"@type\":\"WebSite\",\"@id\":\"https:\\\/\\\/micofora.com\\\/#website\",\"url\":\"https:\\\/\\\/micofora.com\\\/\",\"name\":\"Micofora\",\"description\":\"Micologia Forestal &amp; Aplicada\",\"potentialAction\":[{\"@type\":\"SearchAction\",\"target\":{\"@type\":\"EntryPoint\",\"urlTemplate\":\"https:\\\/\\\/micofora.com\\\/?s={search_term_string}\"},\"query-input\":{\"@type\":\"PropertyValueSpecification\",\"valueRequired\":true,\"valueName\":\"search_term_string\"}}],\"inLanguage\":\"fr-FR\"}]}<\/script>\n<!-- \/ Yoast SEO plugin. -->","yoast_head_json":{"title":"ECTOPLANT Champignons mycorhiziens pour sylviculture","description":"Inoculum mycorhizien appropri\u00e9 pour micorrizaci\u00f3n au stade de la p\u00e9pini\u00e8re. application tr\u00e8s simple; Il peut \u00eatre fait par le syst\u00e8me d'irrigation","robots":{"index":"index","follow":"follow","max-snippet":"max-snippet:-1","max-image-preview":"max-image-preview:large","max-video-preview":"max-video-preview:-1"},"canonical":"https:\/\/micofora.com\/fr\/product\/ectoplant-irrigation\/","og_locale":"fr_FR","og_type":"article","og_title":"ECTOPLANT Champignons mycorhiziens pour sylviculture","og_description":"Inoculum mycorhizien appropri\u00e9 pour micorrizaci\u00f3n au stade de la p\u00e9pini\u00e8re. application tr\u00e8s simple; Il peut \u00eatre fait par le syst\u00e8me d'irrigation","og_url":"https:\/\/micofora.com\/fr\/product\/ectoplant-irrigation\/","og_site_name":"Micofora","article_modified_time":"2017-08-04T16:06:05+00:00","og_image":[{"width":1000,"height":1300,"url":"https:\/\/micofora.com\/wp-content\/uploads\/2016\/09\/ectoplant-riego.jpg","type":"image\/jpeg"}],"twitter_card":"summary_large_image","twitter_misc":{"Dur\u00e9e de lecture estim\u00e9e":"1 minute"},"schema":{"@context":"https:\/\/schema.org","@graph":[{"@type":"WebPage","@id":"https:\/\/micofora.com\/fr\/product\/ectoplant-irrigation\/","url":"https:\/\/micofora.com\/fr\/product\/ectoplant-irrigation\/","name":"ECTOPLANT Champignons mycorhiziens pour sylviculture","isPartOf":{"@id":"https:\/\/micofora.com\/#website"},"primaryImageOfPage":{"@id":"https:\/\/micofora.com\/fr\/product\/ectoplant-irrigation\/#primaryimage"},"image":{"@id":"https:\/\/micofora.com\/fr\/product\/ectoplant-irrigation\/#primaryimage"},"thumbnailUrl":"https:\/\/micofora.com\/wp-content\/uploads\/2016\/09\/ectoplant-riego.jpg","datePublished":"2016-09-29T18:28:40+00:00","dateModified":"2017-08-04T16:06:05+00:00","description":"Inoculum mycorhizien appropri\u00e9 pour micorrizaci\u00f3n au stade de la p\u00e9pini\u00e8re. application tr\u00e8s simple; Il peut \u00eatre fait par le syst\u00e8me d'irrigation","breadcrumb":{"@id":"https:\/\/micofora.com\/fr\/product\/ectoplant-irrigation\/#breadcrumb"},"inLanguage":"fr-FR","potentialAction":[{"@type":"ReadAction","target":["https:\/\/micofora.com\/fr\/product\/ectoplant-irrigation\/"]}]},{"@type":"ImageObject","inLanguage":"fr-FR","@id":"https:\/\/micofora.com\/fr\/product\/ectoplant-irrigation\/#primaryimage","url":"https:\/\/micofora.com\/wp-content\/uploads\/2016\/09\/ectoplant-riego.jpg","contentUrl":"https:\/\/micofora.com\/wp-content\/uploads\/2016\/09\/ectoplant-riego.jpg","width":1000,"height":1300},{"@type":"BreadcrumbList","@id":"https:\/\/micofora.com\/fr\/product\/ectoplant-irrigation\/#breadcrumb","itemListElement":[{"@type":"ListItem","position":1,"name":"Portada","item":"https:\/\/micofora.com\/fr\/"},{"@type":"ListItem","position":2,"name":"Magasine","item":"https:\/\/micofora.com\/fr\/magasine\/"},{"@type":"ListItem","position":3,"name":"Ectoplant Irrigation"}]},{"@type":"WebSite","@id":"https:\/\/micofora.com\/#website","url":"https:\/\/micofora.com\/","name":"Micofora","description":"Micologia Forestal &amp; Aplicada","potentialAction":[{"@type":"SearchAction","target":{"@type":"EntryPoint","urlTemplate":"https:\/\/micofora.com\/?s={search_term_string}"},"query-input":{"@type":"PropertyValueSpecification","valueRequired":true,"valueName":"search_term_string"}}],"inLanguage":"fr-FR"}]}},"_links":{"self":[{"href":"https:\/\/micofora.com\/fr\/wp-json\/wp\/v2\/product\/20335","targetHints":{"allow":["GET"]}}],"collection":[{"href":"https:\/\/micofora.com\/fr\/wp-json\/wp\/v2\/product"}],"about":[{"href":"https:\/\/micofora.com\/fr\/wp-json\/wp\/v2\/types\/product"}],"replies":[{"embeddable":true,"href":"https:\/\/micofora.com\/fr\/wp-json\/wp\/v2\/comments?post=20335"}],"wp:featuredmedia":[{"embeddable":true,"href":"https:\/\/micofora.com\/fr\/wp-json\/wp\/v2\/media\/20336"}],"wp:attachment":[{"href":"https:\/\/micofora.com\/fr\/wp-json\/wp\/v2\/media?parent=20335"}],"wp:term":[{"taxonomy":"product_brand","embeddable":true,"href":"https:\/\/micofora.com\/fr\/wp-json\/wp\/v2\/product_brand?post=20335"},{"taxonomy":"product_cat","embeddable":true,"href":"https:\/\/micofora.com\/fr\/wp-json\/wp\/v2\/product_cat?post=20335"},{"taxonomy":"product_tag","embeddable":true,"href":"https:\/\/micofora.com\/fr\/wp-json\/wp\/v2\/product_tag?post=20335"}],"curies":[{"name":"wp","href":"https:\/\/api.w.org\/{rel}","templated":true}]}}