{"id":20329,"date":"2016-09-29T19:05:22","date_gmt":"2016-09-29T19:05:22","guid":{"rendered":"http:\/\/micofora.com\/fr\/producto\/endoplan-comprimidos\/"},"modified":"2017-08-04T14:59:08","modified_gmt":"2017-08-04T14:59:08","slug":"endoplant-tablettes","status":"publish","type":"product","link":"https:\/\/micofora.com\/fr\/produit\/endoplant-tablettes\/","title":{"rendered":"Endoplant Tablettes"},"content":{"rendered":"<p><span id=\"result_box\" class=\"\" lang=\"fr\">ENDOPLANT <span class=\"\">est un produit<\/span> biologique naturel compos\u00e9 de propagules de champignons mycorhiziens <span class=\"\">avec des substrats<\/span> organiques m\u00e9lang\u00e9es de fa\u00e7on homog\u00e8ne. Il contient <span class=\"\">des compos\u00e9s naturels<\/span> d&rsquo;origine v\u00e9g\u00e9tale et d&rsquo;un agent superabsorbant <span class=\"\">eau<\/span>.<\/span><\/p>\n<p>Il pr\u00e9sente une formulation express\u00e9ment con\u00e7ue pour appliquer \u00e0 toutes les cultures et \u00e0 toutes les \u00e9tapes de la croissance des plantes \u00e0 travers le syst\u00e8me d&rsquo;irrigation. Il est particuli\u00e8rement appropri\u00e9 pour renforcer l&rsquo;effet des mycorhizes dans les plantes pr\u00e9alablement inocul\u00e9es. Avantages pour les plantes :<br \/>\nune meilleure r\u00e9sistance au stress, augmentation de l&rsquo;absorption de N, P, K et de nutriments en g\u00e9n\u00e9ral. Une r\u00e9sistance accrue aux agents pathog\u00e8nes et les agents de n\u00e9matodes. Augmentation de la longueur des poils absorbants et augmente l&rsquo;activit\u00e9 microbienne. La plante r\u00e9duit les dommages \u00e0 froid, a une plus grande croissance dans les sols pauvres et permet une plus grande tol\u00e9rance \u00e0 la s\u00e9cheresse et des toxines de pH extr\u00eames. Cela nous permet de r\u00e9duire l&rsquo;utilisation d&rsquo;engrais et de pesticides.<\/p>\n<p><span id=\"result_box\" class=\"\" lang=\"fr\">Application: plantes horticoles, des arbres fruitiers et des plantes ornementales. <span class=\"\">Ne pas appliquer<\/span> dans les conif\u00e8res, feuillu, bleuets, Carnation, choux, azal\u00e9e, bleuet, <span class=\"\">laurier<\/span>, orchid\u00e9e, radis, betterave et rhododendrons<span class=\"\">.<\/span><\/span><\/p>\n<p><span id=\"result_box\" class=\"\" lang=\"fr\"><span class=\"\">MODE D&rsquo;EMPLOI<\/span><br \/>\n<span class=\"\">Transplantation:<\/span> place ENDOPLANT sous la plante en contact direct avec les <span class=\"\">racines<\/span>.<br \/>\n<span class=\"\">Plantes en terrain<\/span>: Enfouissement ENDOPLANT sur le sol, de sorte qu&rsquo;il est en contact direct avec les racines.<br \/>\n<span class=\"\">Dose<\/span> <span class=\"\">d&rsquo;application:<\/span> <span class=\"\">1 tablette\/<\/span><span class=\"\">plant<\/span><br \/>\nFormat: sacs de 500 tablettes<\/span><\/p>\n<p><a href=\"https:\/\/dl.dropboxusercontent.com\/u\/3729020\/Micofora\/DescargasWeb\/CATALOGO%20ENDOPLANT%281%29.pdf\">Pour plus d&rsquo;informations, s&rsquo;il vous pla\u00eet t\u00e9l\u00e9charger ici catalogue Endoplant<\/a><\/p>\n<p>&nbsp;<\/p>\n","protected":false},"excerpt":{"rendered":"<p><strong>ENDOPLANT Comprimidos<\/strong> es un nuevo\u00a0y c\u00f3modo formato de in\u00f3culo de micorrizas en forma de comprimidos para aplicar en el hoyo de plantaci\u00f3n.<\/p>\n<p>En su formulaci\u00f3n utilizamos una combinaci\u00f3n de especies f\u00fangicas aut\u00f3ctonas <strong>(<em>Glomus intraradices y Glomus mosseae<\/em>)<\/strong> componentes naturales de procedencia vegetal que ayudan a la compactaci\u00f3n del formulado\u00a0y un agente superabsorvente de agua.\u00a0<strong> ENDOPLANT <\/strong>es una formulaci\u00f3n expresamente estudiada para una pr\u00e1ctica\u00a0y r\u00e1pida micorizaci\u00f3n en plantas de vivero o campo (en plantas ya establecidas o durante el trasplante).<\/p>\n<p>La aplicaci\u00f3n de desinfectantes del suelo, tratamientos fungicidas, ais\u00ed como abonos con un alto contenido de f\u00f3sforo, pueden afectar o inhibir el desarrollo de los hongos de la micorriza.<\/p>\n<p>Bolsa 500 unidades<br \/>\nIn\u00f3culo para 500 plantas<\/p>\n","protected":false},"featured_media":24338,"comment_status":"open","ping_status":"closed","template":"","meta":[],"product_brand":[],"product_cat":[658],"product_tag":[],"class_list":{"0":"post-20329","1":"product","2":"type-product","3":"status-publish","4":"has-post-thumbnail","6":"product_cat-mycorrhizae-et-biostimulants","8":"first","9":"instock","10":"taxable","11":"shipping-taxable","12":"purchasable","13":"product-type-simple"},"yoast_head":"<!-- This site is optimized with the Yoast SEO plugin v27.5 - https:\/\/yoast.com\/product\/yoast-seo-wordpress\/ -->\n<title>ENDOPLANT Champignons mycorhiziens pour horticulture et sylviculture<\/title>\n<meta name=\"description\" content=\"Micologia Forestal &amp; Aplicada produit des Inoculants mycorhiziens pour horticulture et sylviculture. Elles fonctionnent comme des engrais organiques\" \/>\n<meta name=\"robots\" content=\"index, follow, max-snippet:-1, max-image-preview:large, max-video-preview:-1\" \/>\n<link rel=\"canonical\" href=\"https:\/\/micofora.com\/fr\/product\/endoplant-tablettes\/\" \/>\n<meta property=\"og:locale\" content=\"fr_FR\" \/>\n<meta property=\"og:type\" content=\"article\" \/>\n<meta property=\"og:title\" content=\"ENDOPLANT Champignons mycorhiziens pour horticulture et sylviculture\" \/>\n<meta property=\"og:description\" content=\"Micologia Forestal &amp; Aplicada produit des Inoculants mycorhiziens pour horticulture et sylviculture. Elles fonctionnent comme des engrais organiques\" \/>\n<meta property=\"og:url\" content=\"https:\/\/micofora.com\/fr\/product\/endoplant-tablettes\/\" \/>\n<meta property=\"og:site_name\" content=\"Micofora\" \/>\n<meta property=\"article:modified_time\" content=\"2017-08-04T14:59:08+00:00\" \/>\n<meta property=\"og:image\" content=\"https:\/\/micofora.com\/wp-content\/uploads\/2016\/09\/endoplant-comprimidos-1.jpg\" \/>\n\t<meta property=\"og:image:width\" content=\"1000\" \/>\n\t<meta property=\"og:image:height\" content=\"1778\" \/>\n\t<meta property=\"og:image:type\" content=\"image\/jpeg\" \/>\n<meta name=\"twitter:card\" content=\"summary_large_image\" \/>\n<meta name=\"twitter:label1\" content=\"Dur\u00e9e de lecture estim\u00e9e\" \/>\n\t<meta name=\"twitter:data1\" content=\"1 minute\" \/>\n<script type=\"application\/ld+json\" class=\"yoast-schema-graph\">{\"@context\":\"https:\\\/\\\/schema.org\",\"@graph\":[{\"@type\":\"WebPage\",\"@id\":\"https:\\\/\\\/micofora.com\\\/fr\\\/product\\\/endoplant-tablettes\\\/\",\"url\":\"https:\\\/\\\/micofora.com\\\/fr\\\/product\\\/endoplant-tablettes\\\/\",\"name\":\"ENDOPLANT Champignons mycorhiziens pour horticulture et sylviculture\",\"isPartOf\":{\"@id\":\"https:\\\/\\\/micofora.com\\\/#website\"},\"primaryImageOfPage\":{\"@id\":\"https:\\\/\\\/micofora.com\\\/fr\\\/product\\\/endoplant-tablettes\\\/#primaryimage\"},\"image\":{\"@id\":\"https:\\\/\\\/micofora.com\\\/fr\\\/product\\\/endoplant-tablettes\\\/#primaryimage\"},\"thumbnailUrl\":\"https:\\\/\\\/micofora.com\\\/wp-content\\\/uploads\\\/2016\\\/09\\\/endoplant-comprimidos-1.jpg\",\"datePublished\":\"2016-09-29T19:05:22+00:00\",\"dateModified\":\"2017-08-04T14:59:08+00:00\",\"description\":\"Micologia Forestal & Aplicada produit des Inoculants mycorhiziens pour horticulture et sylviculture. Elles fonctionnent comme des engrais organiques\",\"breadcrumb\":{\"@id\":\"https:\\\/\\\/micofora.com\\\/fr\\\/product\\\/endoplant-tablettes\\\/#breadcrumb\"},\"inLanguage\":\"fr-FR\",\"potentialAction\":[{\"@type\":\"ReadAction\",\"target\":[\"https:\\\/\\\/micofora.com\\\/fr\\\/product\\\/endoplant-tablettes\\\/\"]}]},{\"@type\":\"ImageObject\",\"inLanguage\":\"fr-FR\",\"@id\":\"https:\\\/\\\/micofora.com\\\/fr\\\/product\\\/endoplant-tablettes\\\/#primaryimage\",\"url\":\"https:\\\/\\\/micofora.com\\\/wp-content\\\/uploads\\\/2016\\\/09\\\/endoplant-comprimidos-1.jpg\",\"contentUrl\":\"https:\\\/\\\/micofora.com\\\/wp-content\\\/uploads\\\/2016\\\/09\\\/endoplant-comprimidos-1.jpg\",\"width\":1000,\"height\":1778},{\"@type\":\"BreadcrumbList\",\"@id\":\"https:\\\/\\\/micofora.com\\\/fr\\\/product\\\/endoplant-tablettes\\\/#breadcrumb\",\"itemListElement\":[{\"@type\":\"ListItem\",\"position\":1,\"name\":\"Portada\",\"item\":\"https:\\\/\\\/micofora.com\\\/fr\\\/\"},{\"@type\":\"ListItem\",\"position\":2,\"name\":\"Magasine\",\"item\":\"https:\\\/\\\/micofora.com\\\/fr\\\/magasine\\\/\"},{\"@type\":\"ListItem\",\"position\":3,\"name\":\"Endoplant Tablettes\"}]},{\"@type\":\"WebSite\",\"@id\":\"https:\\\/\\\/micofora.com\\\/#website\",\"url\":\"https:\\\/\\\/micofora.com\\\/\",\"name\":\"Micofora\",\"description\":\"Micologia Forestal &amp; Aplicada\",\"potentialAction\":[{\"@type\":\"SearchAction\",\"target\":{\"@type\":\"EntryPoint\",\"urlTemplate\":\"https:\\\/\\\/micofora.com\\\/?s={search_term_string}\"},\"query-input\":{\"@type\":\"PropertyValueSpecification\",\"valueRequired\":true,\"valueName\":\"search_term_string\"}}],\"inLanguage\":\"fr-FR\"}]}<\/script>\n<!-- \/ Yoast SEO plugin. -->","yoast_head_json":{"title":"ENDOPLANT Champignons mycorhiziens pour horticulture et sylviculture","description":"Micologia Forestal & Aplicada produit des Inoculants mycorhiziens pour horticulture et sylviculture. Elles fonctionnent comme des engrais organiques","robots":{"index":"index","follow":"follow","max-snippet":"max-snippet:-1","max-image-preview":"max-image-preview:large","max-video-preview":"max-video-preview:-1"},"canonical":"https:\/\/micofora.com\/fr\/product\/endoplant-tablettes\/","og_locale":"fr_FR","og_type":"article","og_title":"ENDOPLANT Champignons mycorhiziens pour horticulture et sylviculture","og_description":"Micologia Forestal & Aplicada produit des Inoculants mycorhiziens pour horticulture et sylviculture. Elles fonctionnent comme des engrais organiques","og_url":"https:\/\/micofora.com\/fr\/product\/endoplant-tablettes\/","og_site_name":"Micofora","article_modified_time":"2017-08-04T14:59:08+00:00","og_image":[{"width":1000,"height":1778,"url":"https:\/\/micofora.com\/wp-content\/uploads\/2016\/09\/endoplant-comprimidos-1.jpg","type":"image\/jpeg"}],"twitter_card":"summary_large_image","twitter_misc":{"Dur\u00e9e de lecture estim\u00e9e":"1 minute"},"schema":{"@context":"https:\/\/schema.org","@graph":[{"@type":"WebPage","@id":"https:\/\/micofora.com\/fr\/product\/endoplant-tablettes\/","url":"https:\/\/micofora.com\/fr\/product\/endoplant-tablettes\/","name":"ENDOPLANT Champignons mycorhiziens pour horticulture et sylviculture","isPartOf":{"@id":"https:\/\/micofora.com\/#website"},"primaryImageOfPage":{"@id":"https:\/\/micofora.com\/fr\/product\/endoplant-tablettes\/#primaryimage"},"image":{"@id":"https:\/\/micofora.com\/fr\/product\/endoplant-tablettes\/#primaryimage"},"thumbnailUrl":"https:\/\/micofora.com\/wp-content\/uploads\/2016\/09\/endoplant-comprimidos-1.jpg","datePublished":"2016-09-29T19:05:22+00:00","dateModified":"2017-08-04T14:59:08+00:00","description":"Micologia Forestal & Aplicada produit des Inoculants mycorhiziens pour horticulture et sylviculture. Elles fonctionnent comme des engrais organiques","breadcrumb":{"@id":"https:\/\/micofora.com\/fr\/product\/endoplant-tablettes\/#breadcrumb"},"inLanguage":"fr-FR","potentialAction":[{"@type":"ReadAction","target":["https:\/\/micofora.com\/fr\/product\/endoplant-tablettes\/"]}]},{"@type":"ImageObject","inLanguage":"fr-FR","@id":"https:\/\/micofora.com\/fr\/product\/endoplant-tablettes\/#primaryimage","url":"https:\/\/micofora.com\/wp-content\/uploads\/2016\/09\/endoplant-comprimidos-1.jpg","contentUrl":"https:\/\/micofora.com\/wp-content\/uploads\/2016\/09\/endoplant-comprimidos-1.jpg","width":1000,"height":1778},{"@type":"BreadcrumbList","@id":"https:\/\/micofora.com\/fr\/product\/endoplant-tablettes\/#breadcrumb","itemListElement":[{"@type":"ListItem","position":1,"name":"Portada","item":"https:\/\/micofora.com\/fr\/"},{"@type":"ListItem","position":2,"name":"Magasine","item":"https:\/\/micofora.com\/fr\/magasine\/"},{"@type":"ListItem","position":3,"name":"Endoplant Tablettes"}]},{"@type":"WebSite","@id":"https:\/\/micofora.com\/#website","url":"https:\/\/micofora.com\/","name":"Micofora","description":"Micologia Forestal &amp; Aplicada","potentialAction":[{"@type":"SearchAction","target":{"@type":"EntryPoint","urlTemplate":"https:\/\/micofora.com\/?s={search_term_string}"},"query-input":{"@type":"PropertyValueSpecification","valueRequired":true,"valueName":"search_term_string"}}],"inLanguage":"fr-FR"}]}},"_links":{"self":[{"href":"https:\/\/micofora.com\/fr\/wp-json\/wp\/v2\/product\/20329","targetHints":{"allow":["GET"]}}],"collection":[{"href":"https:\/\/micofora.com\/fr\/wp-json\/wp\/v2\/product"}],"about":[{"href":"https:\/\/micofora.com\/fr\/wp-json\/wp\/v2\/types\/product"}],"replies":[{"embeddable":true,"href":"https:\/\/micofora.com\/fr\/wp-json\/wp\/v2\/comments?post=20329"}],"wp:featuredmedia":[{"embeddable":true,"href":"https:\/\/micofora.com\/fr\/wp-json\/wp\/v2\/media\/24338"}],"wp:attachment":[{"href":"https:\/\/micofora.com\/fr\/wp-json\/wp\/v2\/media?parent=20329"}],"wp:term":[{"taxonomy":"product_brand","embeddable":true,"href":"https:\/\/micofora.com\/fr\/wp-json\/wp\/v2\/product_brand?post=20329"},{"taxonomy":"product_cat","embeddable":true,"href":"https:\/\/micofora.com\/fr\/wp-json\/wp\/v2\/product_cat?post=20329"},{"taxonomy":"product_tag","embeddable":true,"href":"https:\/\/micofora.com\/fr\/wp-json\/wp\/v2\/product_tag?post=20329"}],"curies":[{"name":"wp","href":"https:\/\/api.w.org\/{rel}","templated":true}]}}