{"id":25852,"date":"2022-06-01T12:08:05","date_gmt":"2022-06-01T12:08:05","guid":{"rendered":"https:\/\/micofora.com\/?page_id=25852"},"modified":"2022-06-01T12:08:05","modified_gmt":"2022-06-01T12:08:05","slug":"informations-sur-lutilisation-des-cookies","status":"publish","type":"page","link":"https:\/\/micofora.com\/fr\/informations-sur-lutilisation-des-cookies\/","title":{"rendered":"INFORMATIONS SUR L\u2019UTILISATION DES COOKIES"},"content":{"rendered":"<p><strong>Que sont les cookies ? <\/strong><\/p>\n<p>&nbsp;<\/p>\n<p>Les cookies sont de petits fichiers de donn\u00e9es qui sont re\u00e7us dans le terminal \u00e0 partir du site Web visit\u00e9 et sont utilis\u00e9s pour enregistrer certaines interactions de navigation sur un site Web en stockant des donn\u00e9es qui peuvent \u00eatre mises \u00e0 jour et r\u00e9cup\u00e9r\u00e9es. Ces fichiers sont stock\u00e9s sur l\u2019ordinateur de l\u2019utilisateur et contiennent des donn\u00e9es anonymes qui ne sont pas nuisibles \u00e0 son ordinateur. Ils sont utilis\u00e9s pour m\u00e9moriser les pr\u00e9f\u00e9rences de l\u2019utilisateur, telles que la langue s\u00e9lectionn\u00e9e, les donn\u00e9es d\u2019acc\u00e8s ou la personnalisation de la page.<\/p>\n<p>&nbsp;<\/p>\n<p>Les cookies peuvent \u00e9galement \u00eatre utilis\u00e9s pour enregistrer des informations anonymes sur la fa\u00e7on dont un visiteur utilise un site. Par exemple, \u00e0 partir de quelle page Web vous avez acc\u00e9d\u00e9, ou si vous avez utilis\u00e9 une \u00ab banni\u00e8re \u00bb publicitaire pour arriver.<\/p>\n<p>&nbsp;<\/p>\n<p><strong>Quelle utilisation donnons-nous aux diff\u00e9rents types de cookies ?<\/strong><\/p>\n<p><strong>\u00a0<\/strong><\/p>\n<p><strong>Selon son objectif :<\/strong><\/p>\n<p><strong>\u00a0<\/strong><\/p>\n<table>\n<tbody>\n<tr>\n<td width=\"325\"><strong>\u00a0<\/strong><\/p>\n<p><strong>\u00a0<\/strong><\/p>\n<p><strong>\u00a0<\/strong><\/p>\n<p><strong>\u00a0<\/strong><\/p>\n<p><strong>Cookies techniques<\/strong><\/td>\n<td width=\"325\">&nbsp;<\/p>\n<p>Les cookies techniques sont ceux qui facilitent la navigation de l\u2019utilisateur et l\u2019utilisation des diff\u00e9rentes options ou services propos\u00e9s par le site tels que l\u2019identification de la session, l\u2019acc\u00e8s \u00e0 certaines zones, la facilitation des commandes, des achats, le remplissage de formulaires, les inscriptions, la s\u00e9curit\u00e9, la facilitation des fonctionnalit\u00e9s (vid\u00e9os, r\u00e9seaux sociaux&#8230;).<\/p>\n<p>&nbsp;<\/td>\n<\/tr>\n<tr>\n<td width=\"325\"><strong>\u00a0<\/strong><\/p>\n<p><strong>\u00a0<\/strong><\/p>\n<p><strong>Cookies de personnalisation<\/strong><\/td>\n<td width=\"325\">&nbsp;<\/p>\n<p>Les cookies de personnalisation permettent \u00e0 l\u2019utilisateur d\u2019acc\u00e9der aux services en fonction de ses pr\u00e9f\u00e9rences (langue, navigateur, param\u00e8tres&#8230;).<\/p>\n<p>&nbsp;<\/td>\n<\/tr>\n<tr>\n<td width=\"325\"><strong>\u00a0<\/strong><\/p>\n<p><strong>\u00a0<\/strong><\/p>\n<p><strong>Cookies analytiques<\/strong><\/td>\n<td width=\"325\">&nbsp;<\/p>\n<p>Les cookies d\u2019analyse sont ceux utilis\u00e9s pour effectuer une analyse anonyme du comportement des internautes et qui permettent de mesurer l\u2019activit\u00e9 des utilisateurs et de d\u00e9velopper des profils de navigation afin d\u2019am\u00e9liorer les sites Web.<\/p>\n<p>&nbsp;<\/td>\n<\/tr>\n<tr>\n<td width=\"325\"><strong>\u00a0<\/strong><\/p>\n<p><strong>\u00a0<\/strong><\/p>\n<p><strong>\u00a0<\/strong><\/p>\n<p><strong>\u00a0<\/strong><\/p>\n<p><strong>Cookies publicitaires<\/strong><\/td>\n<td width=\"325\">&nbsp;<\/p>\n<p>Les cookies publicitaires permettent la gestion des espaces publicitaires sur le web. En outre, ces cookies peuvent \u00eatre de la publicit\u00e9 personnalis\u00e9e et permettent ainsi la gestion des espaces publicitaires du Web en fonction du comportement et des habitudes de navigation de l\u2019utilisateur, d\u2019o\u00f9 son profil est obtenu et permettent de personnaliser la publicit\u00e9 qui est affich\u00e9e dans le navigateur de l\u2019utilisateur ou d\u2019autres profils et r\u00e9seaux sociaux de l\u2019utilisateur.<\/p>\n<p>&nbsp;<\/td>\n<\/tr>\n<\/tbody>\n<\/table>\n<p><strong>Selon votre terme :<\/strong><\/p>\n<p>&nbsp;<\/p>\n<table>\n<tbody>\n<tr>\n<td width=\"325\"><strong>\u00a0<\/strong><\/p>\n<p><strong>Cookies de session<\/strong><\/td>\n<td width=\"325\">&nbsp;<\/p>\n<p>Les cookies de session sont ceux qui durent aussi longtemps que l\u2019utilisateur navigue sur le site Web et sont supprim\u00e9s lorsque le navigateur est ferm\u00e9.<\/p>\n<p>&nbsp;<\/td>\n<\/tr>\n<tr>\n<td width=\"325\"><strong>\u00a0<\/strong><\/p>\n<p><strong>\u00a0<\/strong><\/p>\n<p><strong>Cookies persistants<\/strong><\/td>\n<td width=\"325\">&nbsp;<\/p>\n<p>Ces cookies sont stock\u00e9s dans le terminal de l\u2019utilisateur jusqu\u2019\u00e0 ce qu\u2019ils soient supprim\u00e9s manuellement ou que la dur\u00e9e \u00e9tablie pour ledit cookie soit termin\u00e9e.<\/p>\n<p>&nbsp;<\/td>\n<\/tr>\n<\/tbody>\n<\/table>\n<p><strong>Selon sa propri\u00e9t\u00e9<\/strong> <strong>:<\/strong><\/p>\n<p>&nbsp;<\/p>\n<table>\n<tbody>\n<tr>\n<td width=\"325\"><strong>\u00a0<\/strong><\/p>\n<p><strong>Cookies propres<\/strong><\/td>\n<td width=\"325\">&nbsp;<\/p>\n<p>Auxquellas qui sont envoy\u00e9s \u00e0 l\u2019\u00e9quipement terminal de l\u2019utilisateur \u00e0 partir d\u2019un ordinateur ou d\u2019un domaine g\u00e9r\u00e9 par l\u2019\u00e9diteur lui-m\u00eame et \u00e0 partir duquel le service demand\u00e9 par l\u2019utilisateur est fourni.<\/p>\n<p>&nbsp;<\/td>\n<\/tr>\n<tr>\n<td width=\"325\"><strong>\u00a0<\/strong><\/p>\n<p><strong>\u00a0<\/strong><\/p>\n<p><strong>Cookies tiers<\/strong><\/td>\n<td width=\"325\">&nbsp;<\/p>\n<p>Ceux qui sont envoy\u00e9s \u00e0 l\u2019\u00e9quipement terminal de l\u2019utilisateur \u00e0 partir d\u2019un ordinateur ou d\u2019un domaine qui n\u2019est pas g\u00e9r\u00e9 par l\u2019\u00e9diteur, mais par une autre entit\u00e9 qui traite les donn\u00e9es obtenues par le biais des cookies.<\/td>\n<\/tr>\n<\/tbody>\n<\/table>\n<p>&nbsp;<\/p>\n<p><strong>Le tableau suivant montre la classification et la description des cookies utilis\u00e9s sur ce site Web afin que vous puissiez les identifier dans votre navigateur:<\/strong><\/p>\n<p>&nbsp;<\/p>\n<table width=\"100%\">\n<tbody>\n<tr>\n<td width=\"27%\"><strong>Nom<\/strong><\/td>\n<td width=\"21%\"><strong>Titulaire<\/strong><\/td>\n<td width=\"16%\"><strong>Donn\u00e9es collect\u00e9es<\/strong><\/td>\n<td width=\"12%\"><strong>But<\/strong><\/td>\n<td width=\"23%\"><strong>Dur\u00e9e<\/strong><\/td>\n<\/tr>\n<tr>\n<td width=\"27%\"><strong>_ga, _gid ET _gat<\/strong><\/td>\n<td width=\"21%\">Propre cookie (.micofora.com)<\/td>\n<td width=\"16%\">Sessions de visiteurs.<\/p>\n<p>&nbsp;<\/p>\n<p>_ga et _gid: Ils sont utilis\u00e9s pour distinguer les utilisateurs.<\/p>\n<p>&nbsp;<\/p>\n<p>_gat : utilis\u00e9 pour limiter le pourcentage de demandes<\/td>\n<td width=\"12%\">Analytique.<\/td>\n<td width=\"23%\">_ga: 2 ans.<\/p>\n<p>_gij: 1 jour.<\/p>\n<p>_gat: 1 minute.<\/p>\n<p>&nbsp;<\/p>\n<p>Pour plus d\u2019informations :<\/p>\n<p><a href=\"https:\/\/policies.google.com\/technologies\/cookies\">Politique de Google en mati\u00e8re de cookies<\/a><\/p>\n<p>&nbsp;<\/td>\n<\/tr>\n<tr>\n<td width=\"27%\"><strong>_GRECAPTCHA<\/strong><\/td>\n<td width=\"21%\">Cookie tiers (www.google.com)<\/td>\n<td width=\"16%\">Utilis\u00e9 par le service GOOGLE RECAPTCHA dans les formulaires pour \u00e9viter le SPAM.<\/td>\n<td width=\"12%\">Technique.<\/td>\n<td width=\"23%\">1 an.<\/p>\n<p>&nbsp;<\/p>\n<p>Pour plus d\u2019informations :<\/p>\n<p><a href=\"https:\/\/policies.google.com\/technologies\/cookies\">Politique de Google en mati\u00e8re de cookies<\/a><\/td>\n<\/tr>\n<tr>\n<td width=\"27%\"><strong>cookie_notice_accepted<\/strong><\/td>\n<td width=\"21%\">Propre cookie (micofora.com)<\/td>\n<td width=\"16%\">Utilis\u00e9 pour l\u2019acceptation des cookies.<\/td>\n<td width=\"12%\">Technique.<\/td>\n<td width=\"23%\">1 mois.<\/td>\n<\/tr>\n<tr>\n<td width=\"27%\"><strong>woocommerce_recently_viewed, woocommerce_cart_hash et woocommerce_items_in_cart<\/strong><\/td>\n<td width=\"21%\">Propre cookie (micofora.com)<\/td>\n<td width=\"16%\">Cookiequi stocke desinformations sur le panier du client et ses articles.<\/td>\n<td width=\"12%\">Technique.<\/td>\n<td width=\"23%\">\u00c0 la fin de la session avec le navigateur.<\/td>\n<\/tr>\n<tr>\n<td width=\"27%\"><strong>wp_woocommerce_session_[ID]<\/strong><\/td>\n<td width=\"21%\">Propre cookie (micofora.com)<\/td>\n<td width=\"16%\">Enregistrez un code unique pour chaque client afin d\u2019obtenir les informations de son panier.<\/td>\n<td width=\"12%\">Technique.<\/td>\n<td width=\"23%\">2 jours.<\/td>\n<\/tr>\n<\/tbody>\n<\/table>\n<p><strong>\u00a0<\/strong><\/p>\n<p><strong>\u00a0<\/strong><\/p>\n<p><strong>\u00a0<\/strong><\/p>\n<p><strong>Micofora<\/strong> oucaract\u00e9rise les cookies techniques, la personnalisation et l\u2019analyse de ses propres et de tiers, qui traitent les donn\u00e9es de connexion et \/ ou d\u2019appareil, ainsi que les habitudes de navigation \u00e0 des fins statistiques.<\/p>\n<p>&nbsp;<\/p>\n<p>Par cons\u00e9quent, lors de l\u2019acc\u00e8s \u00e0 notre site Web, conform\u00e9ment \u00e0 l\u2019article 22 de la loi sur les services de la soci\u00e9t\u00e9 de l\u2019information, nous avons demand\u00e9 votre consentement pour son utilisation.<\/p>\n<p>&nbsp;<\/p>\n<p>La fourniture de donn\u00e9es personnelles via notre portail et le consentement \u00e0 l\u2019utilisation de cookies <u>n\u00e9cessitent un \u00e2ge minimum de 14 ans<\/u> et l\u2019acceptation expresse de notre politique de confidentialit\u00e9.<\/p>\n<p>&nbsp;<\/p>\n<p><strong>Dans tous les cas, nous vous informons que vous pouvez activer ou d\u00e9sactiver les cookies en suivant les instructions de votre navigateur Internet :<\/strong><\/p>\n<table width=\"760\">\n<tbody>\n<tr>\n<td width=\"142\"><strong>Chrome<\/strong><\/p>\n<p><strong>\u00a0<\/strong><\/td>\n<td width=\"274\">Param\u00e8tres Afficher les options avanc\u00e9es Param\u00e8tres de contenu de confidentialit\u00e9.\u00e0\u00e0\u00e0<\/td>\n<td width=\"246\"><a href=\"https:\/\/support.google.com\/\">support.google.com<\/a><\/p>\n<p>&nbsp;<\/td>\n<td width=\"99\">&nbsp;<\/td>\n<\/tr>\n<tr>\n<td width=\"142\"><strong>\u00a0<\/strong><\/p>\n<p><strong>Firefox (en anglais)<\/strong><\/p>\n<p><strong>\u00a0<\/strong><\/td>\n<td width=\"274\">Outils Options de confidentialit\u00e9 Historique Param\u00e8tres personnalis\u00e9s.\u00e0\u00e0\u00e0\u00e0<\/td>\n<td width=\"246\"><a href=\"https:\/\/support.mozilla.org\/\">support.mozilla.org<\/a><\/td>\n<td width=\"99\">&nbsp;<\/td>\n<\/tr>\n<tr>\n<td width=\"142\"><strong>Internet Explorer<\/strong><\/p>\n<p><strong>\u00a0<\/strong><\/td>\n<td width=\"274\">&nbsp;<\/p>\n<p>Outils Options Internet Param\u00e8tres de confidentialit\u00e9.\u00e0\u00e0\u00e0<\/p>\n<p>&nbsp;<\/td>\n<td width=\"246\"><a href=\"https:\/\/windows.microsoft.com\">windows.microsoft.com<\/a><\/td>\n<td width=\"99\">&nbsp;<\/td>\n<\/tr>\n<tr>\n<td width=\"142\"><strong>Fonctionne<\/strong><\/p>\n<p><strong>\u00a0<\/strong><\/td>\n<td width=\"274\">&nbsp;<\/p>\n<p>Outils Pr\u00e9f\u00e9rences Modifier les pr\u00e9f\u00e9rences Cookies\u00e0\u00e0\u00e0.<\/p>\n<p>&nbsp;<\/td>\n<td width=\"246\"><a href=\"http:\/\/www.opera.com\/help\/tutorials\/security\/cookies\/\">http:\/\/www.opera.com\/help\/tutorials\/security\/cookies\/<\/a><\/td>\n<td width=\"99\">&nbsp;<\/p>\n<p>&nbsp;<\/td>\n<\/tr>\n<tr>\n<td width=\"142\"><strong>\u00a0<\/strong><\/p>\n<p><strong>Safari<\/strong><\/p>\n<p><strong>\u00a0<\/strong><\/td>\n<td width=\"274\">&nbsp;<\/p>\n<p>Pr\u00e9f\u00e9rences de s\u00e9curit\u00e9.\u00e0<\/p>\n<p>&nbsp;<\/td>\n<td width=\"246\"><a href=\"http:\/\/www.apple.com\">http:\/\/www.apple.com<\/a><\/td>\n<td width=\"99\">&nbsp;<\/td>\n<\/tr>\n<tr>\n<td width=\"142\"><strong>Bord<\/strong><\/p>\n<p><strong>\u00a0<\/strong><\/td>\n<td width=\"274\">&nbsp;<\/p>\n<p>Param\u00e8tres Afficher les param\u00e8tres avanc\u00e9s Confidentialit\u00e9 et services Cookies\u00e0\u00e0\u00e0.<\/p>\n<p>&nbsp;<\/td>\n<td width=\"246\"><a href=\"https:\/\/privacy.microsoft.com\/es-es\/windows-10-microsoft-edge-and-privacy\">https:\/\/privacy.microsoft.com\/es-es\/windows-10-microsoft-edge-and-privacy<\/a><\/p>\n<p>&nbsp;<\/td>\n<td width=\"99\">&nbsp;<\/td>\n<\/tr>\n<\/tbody>\n<\/table>\n<p>&nbsp;<\/p>\n<p>&nbsp;<\/p>\n<p>&nbsp;<\/p>\n","protected":false},"excerpt":{"rendered":"<p>Que sont les cookies ? &nbsp; Les cookies sont de petits fichiers de donn\u00e9es qui sont re\u00e7us dans le terminal \u00e0 partir du site Web visit\u00e9 et sont utilis\u00e9s pour enregistrer certaines interactions de navigation sur un site Web en stockant des donn\u00e9es qui peuvent \u00eatre mises \u00e0 jour et r\u00e9cup\u00e9r\u00e9es. Ces fichiers sont stock\u00e9s  [&#8230;]<\/p>\n","protected":false},"author":6,"featured_media":0,"parent":0,"menu_order":0,"comment_status":"closed","ping_status":"closed","template":"","meta":{"footnotes":""},"class_list":["post-25852","page","type-page","status-publish","hentry"],"yoast_head":"<!-- This site is optimized with the Yoast SEO plugin v27.4 - https:\/\/yoast.com\/product\/yoast-seo-wordpress\/ -->\n<title>INFORMATIONS SUR L\u2019UTILISATION DES COOKIES - Micofora<\/title>\n<meta name=\"robots\" content=\"index, follow, max-snippet:-1, max-image-preview:large, max-video-preview:-1\" \/>\n<link rel=\"canonical\" href=\"https:\/\/micofora.com\/fr\/informations-sur-lutilisation-des-cookies\/\" \/>\n<meta property=\"og:locale\" content=\"fr_FR\" \/>\n<meta property=\"og:type\" content=\"article\" \/>\n<meta property=\"og:title\" content=\"INFORMATIONS SUR L\u2019UTILISATION DES COOKIES - Micofora\" \/>\n<meta property=\"og:description\" content=\"Que sont les cookies ? &nbsp; Les cookies sont de petits fichiers de donn\u00e9es qui sont re\u00e7us dans le terminal \u00e0 partir du site Web visit\u00e9 et sont utilis\u00e9s pour enregistrer certaines interactions de navigation sur un site Web en stockant des donn\u00e9es qui peuvent \u00eatre mises \u00e0 jour et r\u00e9cup\u00e9r\u00e9es. Ces fichiers sont stock\u00e9s [...]\" \/>\n<meta property=\"og:url\" content=\"https:\/\/micofora.com\/fr\/informations-sur-lutilisation-des-cookies\/\" \/>\n<meta property=\"og:site_name\" content=\"Micofora\" \/>\n<meta name=\"twitter:card\" content=\"summary_large_image\" \/>\n<meta name=\"twitter:label1\" content=\"Dur\u00e9e de lecture estim\u00e9e\" \/>\n\t<meta name=\"twitter:data1\" content=\"5 minutes\" \/>\n<script type=\"application\/ld+json\" class=\"yoast-schema-graph\">{\"@context\":\"https:\\\/\\\/schema.org\",\"@graph\":[{\"@type\":\"WebPage\",\"@id\":\"https:\\\/\\\/micofora.com\\\/fr\\\/informations-sur-lutilisation-des-cookies\\\/\",\"url\":\"https:\\\/\\\/micofora.com\\\/fr\\\/informations-sur-lutilisation-des-cookies\\\/\",\"name\":\"INFORMATIONS SUR L\u2019UTILISATION DES COOKIES - Micofora\",\"isPartOf\":{\"@id\":\"https:\\\/\\\/micofora.com\\\/#website\"},\"datePublished\":\"2022-06-01T12:08:05+00:00\",\"breadcrumb\":{\"@id\":\"https:\\\/\\\/micofora.com\\\/fr\\\/informations-sur-lutilisation-des-cookies\\\/#breadcrumb\"},\"inLanguage\":\"fr-FR\",\"potentialAction\":[{\"@type\":\"ReadAction\",\"target\":[\"https:\\\/\\\/micofora.com\\\/fr\\\/informations-sur-lutilisation-des-cookies\\\/\"]}]},{\"@type\":\"BreadcrumbList\",\"@id\":\"https:\\\/\\\/micofora.com\\\/fr\\\/informations-sur-lutilisation-des-cookies\\\/#breadcrumb\",\"itemListElement\":[{\"@type\":\"ListItem\",\"position\":1,\"name\":\"Portada\",\"item\":\"https:\\\/\\\/micofora.com\\\/fr\\\/\"},{\"@type\":\"ListItem\",\"position\":2,\"name\":\"INFORMATIONS SUR L\u2019UTILISATION DES COOKIES\"}]},{\"@type\":\"WebSite\",\"@id\":\"https:\\\/\\\/micofora.com\\\/#website\",\"url\":\"https:\\\/\\\/micofora.com\\\/\",\"name\":\"Micofora\",\"description\":\"Micologia Forestal &amp; Aplicada\",\"potentialAction\":[{\"@type\":\"SearchAction\",\"target\":{\"@type\":\"EntryPoint\",\"urlTemplate\":\"https:\\\/\\\/micofora.com\\\/?s={search_term_string}\"},\"query-input\":{\"@type\":\"PropertyValueSpecification\",\"valueRequired\":true,\"valueName\":\"search_term_string\"}}],\"inLanguage\":\"fr-FR\"}]}<\/script>\n<!-- \/ Yoast SEO plugin. -->","yoast_head_json":{"title":"INFORMATIONS SUR L\u2019UTILISATION DES COOKIES - Micofora","robots":{"index":"index","follow":"follow","max-snippet":"max-snippet:-1","max-image-preview":"max-image-preview:large","max-video-preview":"max-video-preview:-1"},"canonical":"https:\/\/micofora.com\/fr\/informations-sur-lutilisation-des-cookies\/","og_locale":"fr_FR","og_type":"article","og_title":"INFORMATIONS SUR L\u2019UTILISATION DES COOKIES - Micofora","og_description":"Que sont les cookies ? &nbsp; Les cookies sont de petits fichiers de donn\u00e9es qui sont re\u00e7us dans le terminal \u00e0 partir du site Web visit\u00e9 et sont utilis\u00e9s pour enregistrer certaines interactions de navigation sur un site Web en stockant des donn\u00e9es qui peuvent \u00eatre mises \u00e0 jour et r\u00e9cup\u00e9r\u00e9es. Ces fichiers sont stock\u00e9s [...]","og_url":"https:\/\/micofora.com\/fr\/informations-sur-lutilisation-des-cookies\/","og_site_name":"Micofora","twitter_card":"summary_large_image","twitter_misc":{"Dur\u00e9e de lecture estim\u00e9e":"5 minutes"},"schema":{"@context":"https:\/\/schema.org","@graph":[{"@type":"WebPage","@id":"https:\/\/micofora.com\/fr\/informations-sur-lutilisation-des-cookies\/","url":"https:\/\/micofora.com\/fr\/informations-sur-lutilisation-des-cookies\/","name":"INFORMATIONS SUR L\u2019UTILISATION DES COOKIES - Micofora","isPartOf":{"@id":"https:\/\/micofora.com\/#website"},"datePublished":"2022-06-01T12:08:05+00:00","breadcrumb":{"@id":"https:\/\/micofora.com\/fr\/informations-sur-lutilisation-des-cookies\/#breadcrumb"},"inLanguage":"fr-FR","potentialAction":[{"@type":"ReadAction","target":["https:\/\/micofora.com\/fr\/informations-sur-lutilisation-des-cookies\/"]}]},{"@type":"BreadcrumbList","@id":"https:\/\/micofora.com\/fr\/informations-sur-lutilisation-des-cookies\/#breadcrumb","itemListElement":[{"@type":"ListItem","position":1,"name":"Portada","item":"https:\/\/micofora.com\/fr\/"},{"@type":"ListItem","position":2,"name":"INFORMATIONS SUR L\u2019UTILISATION DES COOKIES"}]},{"@type":"WebSite","@id":"https:\/\/micofora.com\/#website","url":"https:\/\/micofora.com\/","name":"Micofora","description":"Micologia Forestal &amp; Aplicada","potentialAction":[{"@type":"SearchAction","target":{"@type":"EntryPoint","urlTemplate":"https:\/\/micofora.com\/?s={search_term_string}"},"query-input":{"@type":"PropertyValueSpecification","valueRequired":true,"valueName":"search_term_string"}}],"inLanguage":"fr-FR"}]}},"_links":{"self":[{"href":"https:\/\/micofora.com\/fr\/wp-json\/wp\/v2\/pages\/25852","targetHints":{"allow":["GET"]}}],"collection":[{"href":"https:\/\/micofora.com\/fr\/wp-json\/wp\/v2\/pages"}],"about":[{"href":"https:\/\/micofora.com\/fr\/wp-json\/wp\/v2\/types\/page"}],"author":[{"embeddable":true,"href":"https:\/\/micofora.com\/fr\/wp-json\/wp\/v2\/users\/6"}],"replies":[{"embeddable":true,"href":"https:\/\/micofora.com\/fr\/wp-json\/wp\/v2\/comments?post=25852"}],"version-history":[{"count":1,"href":"https:\/\/micofora.com\/fr\/wp-json\/wp\/v2\/pages\/25852\/revisions"}],"predecessor-version":[{"id":25853,"href":"https:\/\/micofora.com\/fr\/wp-json\/wp\/v2\/pages\/25852\/revisions\/25853"}],"wp:attachment":[{"href":"https:\/\/micofora.com\/fr\/wp-json\/wp\/v2\/media?parent=25852"}],"curies":[{"name":"wp","href":"https:\/\/api.w.org\/{rel}","templated":true}]}}