{"id":25847,"date":"2022-06-01T12:01:59","date_gmt":"2022-06-01T12:01:59","guid":{"rendered":"https:\/\/micofora.com\/?page_id=25847"},"modified":"2025-12-01T13:56:39","modified_gmt":"2025-12-01T13:56:39","slug":"politique-de-confidentialite","status":"publish","type":"page","link":"https:\/\/micofora.com\/fr\/politique-de-confidentialite\/","title":{"rendered":"POLITIQUE DE CONFIDENTIALIT\u00c9"},"content":{"rendered":"<p>La confidentialit\u00e9 et la s\u00e9curit\u00e9 sont des valeurs primordiales de Micofora et, par cons\u00e9quent, nous assumons l\u2019engagement de garantir la vie priv\u00e9e de l\u2019utilisateur \u00e0 tout moment et de ne pas collecter d\u2019informations inutiles. Ci-dessous, nous vous fournissons toutes les informations n\u00e9cessaires sur notre politique de confidentialit\u00e9 en ce qui concerne les donn\u00e9es personnelles que nous collectons, en expliquant:<\/p>\n<ul>\n<li>Qui est responsable du traitement de vos donn\u00e9es.<\/li>\n<li>\u00c0 quelles fins nous collectons les donn\u00e9es que nous demandons.<\/li>\n<li>Quelle est la l\u00e9gitimit\u00e9 de son traitement.<\/li>\n<li>Combien de temps nous les conservons.<\/li>\n<li>\u00e0 quels destinataires vos donn\u00e9es sont communiqu\u00e9es.<\/li>\n<li>Quels sont vos droits.<\/li>\n<\/ul>\n<ol>\n<li><strong>Responsable<\/strong>:<\/li>\n<\/ol>\n<p>MICOLOGIA FORESTAL\u00a0 APLICADA SL\u00a0 (B64390040)<\/p>\n<p>Cami del Fou s\/n<\/p>\n<p>Sant Antoni de Vilamajor (08459), Barcelone, Espagne<\/p>\n<p><a href=\"mailto:micologiaforestal@micofora.com\">micologiaforestal@micofora.com<\/a><\/p>\n<p>&nbsp;<\/p>\n<ol start=\"2\">\n<li><strong>Finalit\u00e9s, l\u00e9gitimit\u00e9 et conservation du traitement des donn\u00e9es transmises par <\/strong>:<\/li>\n<\/ol>\n<ul>\n<li>FORMULAIRE DE CONTACT.<\/li>\n<\/ul>\n<p><strong>Objectif :<\/strong> Vous fournir un moyen de nous contacter et de r\u00e9pondre \u00e0 vos demandes d\u2019informations, ainsi que de vous envoyer des communications sur nos produits, services et activit\u00e9s, y compris par voie \u00e9lectronique, si vous cochez la case d\u2019acceptation.<\/p>\n<p><strong>L\u00e9gitimation:<\/strong> Le consentement de l\u2019utilisateur lorsqu\u2019il nous demande des informations via notre formulaire de contact et lorsqu\u2019il coche la case d\u2019acceptation de l\u2019envoi d\u2019informations.<\/p>\n<p><strong>Conservation:<\/strong> Jusqu\u2019\u00e0 ceque votre demande soit faite via notre formulaire ou r\u00e9pondue par e-mail, si elle n\u2019a pas g\u00e9n\u00e9r\u00e9 un nouveau traitement. Encas d\u2019accord pour recevoir des envois commerciaux, jusqu\u2019\u00e0 ce que vous demandiez l\u2019annulation de ceux-ci.<\/p>\n<ul>\n<li>FORMULAIRE D\u2019INSCRIPTION O.<\/li>\n<\/ul>\n<p><strong>Objectif<\/strong>: Vous enregistrer en tant qu\u2019utilisateur et vous permettre d\u2019acc\u00e9der aux services r\u00e9serv\u00e9s aux utilisateurs enregistr\u00e9s de notre site Web et vous informer de nos activit\u00e9s, produits et services, ainsi que vous envoyer \u00a0des communications commerciales \u00a0sur nos produits et services (y compris par voie \u00e9lectronique).<\/p>\n<p><strong>L\u00e9gitimation :<\/strong> Consentement de l\u2019utilisateur. Int\u00e9r\u00eat l\u00e9gitime du responsable \u00e0 tenir ses clients inform\u00e9s de ses produits et services.<\/p>\n<p><strong>Conservation:<\/strong> Htant que l\u2019utilisateur enregistr\u00e9 demande son annulation et par la suite pendant les p\u00e9riodes l\u00e9galement \u00e9tablies. \u00a0Envois commerciaux : jusqu\u2019\u00e0 ce que l\u2019utilisateur demande son annulation.<\/p>\n<ul>\n<li>FORMULAIRE D\u2019ACHAT .<\/li>\n<\/ul>\n<p><strong>Objectif :<\/strong> G\u00e9rer vos bons de commande et vous informer de nosproduits et services, y compris par voie \u00e9lectronique.<\/p>\n<p><strong>L\u00e9gitimation :<\/strong> Ex\u00e9cution du contrat de vente et int\u00e9r\u00eat l\u00e9gitime \u00e0 informer nos clients sur nosproduits et services.<\/p>\n<p><strong>Conservation:<\/strong> Tant que la relation contractuelle dure et, apr\u00e8s elle, pendant les p\u00e9riodes de conservation l\u00e9galement requises pour assumer d\u2019\u00e9ventuelles responsabilit\u00e9s. \u00a0Envois commerciaux : jusqu\u2019\u00e0 ce que l\u2019utilisateur demande son annulation.<\/p>\n<ul>\n<li>\u00c9VALUATION DES PRODUITS.<\/li>\n<\/ul>\n<p><strong>But :<\/strong> Publier votre \u00e9valuation du produit indiqu\u00e9 sur le site Web.<\/p>\n<p><strong>L\u00e9gitimation :<\/strong> Consentement de l\u2019utilisateur lors de l\u2019utilisation de notre formulaire d\u2019\u00e9valuation de produit.<\/p>\n<p><strong>Conservation:<\/strong> Tant que l\u2019\u00e9valuation du produit est publi\u00e9e sur le site Web et que la partie int\u00e9ress\u00e9e r\u00e9voque le consentement.<\/p>\n<ul>\n<li>COMMENTAIRES DU BLOG.<\/li>\n<\/ul>\n<p><strong>But:<\/strong> Publier votre commentaire sur le blog du site Web.<\/p>\n<p><strong>L\u00e9gitimation :<\/strong> Consentement de l\u2019utilisateur lors de l\u2019utilisation de notre formulaire de commentaire.<\/p>\n<p><strong>Conservation:<\/strong> Tant que l\u2019article de blog est publi\u00e9 sur le site Web etque la partie int\u00e9ress\u00e9e r\u00e9voque le consentement.<\/p>\n<ul>\n<li>ENVOI D\u2019E-MAILS.<\/li>\n<\/ul>\n<p><strong>Objectif :<\/strong> R\u00e9pondre \u00e0 vos demandes d\u2019information, r\u00e9pondre \u00e0 vos demandes et r\u00e9pondre \u00e0 vos questions ou doutes.<\/p>\n<p><strong>L\u00e9gitimation:<\/strong> Le consentement de l\u2019utilisateur lorsqu\u2019il nous demande des informations via l\u2019adresse e-mail.<\/p>\n<p><strong>Conservation :<\/strong> Jusqu\u2019\u00e0 ce qu\u2019une foisque votre demande a re\u00e7u une r\u00e9ponse par courriel, si elle n\u2019a pas g\u00e9n\u00e9r\u00e9 un nouveau traitement.<\/p>\n<ul>\n<li>ENVOI DU CURRICULUM VITAE PAR EMAIL.<\/li>\n<\/ul>\n<p><strong>Objectif :<\/strong> Avoir votre CV pour participer \u00e0 nos processus de s\u00e9lection du personnel.<\/p>\n<p><strong>L\u00e9gitimation:<\/strong> Le consentement de l\u2019utilisateur lors de l\u2019envoi de ses informations personnelles et de son programme d\u2019\u00e9tudes pour nos processus de s\u00e9lection du personnel.<\/p>\n<p><strong>Conservation:<\/strong> Pendant le d\u00e9veloppement des processus de s\u00e9lection du personnel ouverts et pendant 1 an pour les processus futurs.<\/p>\n<p><strong>Obligation de nous fournir vos donn\u00e9es personnelles et cons\u00e9quences de ne pas le faire.<\/strong><\/p>\n<p>La fourniture de donn\u00e9es personnellesn\u00e9cessite un \u00e2ge minimum de 14 ans ou, le cas \u00e9ch\u00e9ant, une capacit\u00e9 juridique suffisante pour contracter.<\/p>\n<p>Les donn\u00e9es personnelles demand\u00e9es sont n\u00e9cessaires pour g\u00e9rer vos demandes et \/ ou vous fournir les services que vous pouvez louer, donc, si vous ne les fournissez pas, nous ne serons pas en mesure de vous servir correctement ou de vous fournir le service que vous avez demand\u00e9.<\/p>\n<ol start=\"3\">\n<li><strong>Destinataires de vos donn\u00e9es<\/strong><\/li>\n<\/ol>\n<p>Vos donn\u00e9es sont confidentielles et ne seront pas transf\u00e9r\u00e9es \u00e0 des tiers, sauf obligation l\u00e9gale.<\/p>\n<ol start=\"4\">\n<li><strong>Droits relatifs \u00e0 vos donn\u00e9es personnelles<\/strong><\/li>\n<\/ol>\n<p>Toute personne peut retirer son consentement \u00e0 tout moment, lorsqu\u2019il a \u00e9t\u00e9 accord\u00e9 pour le traitement de ses donn\u00e9es. En aucun cas, le retrait de ce consentement ne conditionne l\u2019ex\u00e9cution du contrat d\u2019abonnement ou les relations g\u00e9n\u00e9r\u00e9es pr\u00e9c\u00e9demment.<\/p>\n<p>De m\u00eame, vous pouvez exercer les droits suivants :<\/p>\n<ul>\n<li>Demander l\u2019acc\u00e8s \u00e0 vos donn\u00e9es personnelles ou leur rectification lorsqu\u2019elles sont inexactes.<\/li>\n<li>Demander leur suppression lorsque, entre autres raisons, les donn\u00e9es ne sont plus n\u00e9cessaires aux fins pour lesquelles elles ont \u00e9t\u00e9 collect\u00e9es.<\/li>\n<li>Demandez la limitation de votre traitement dans certaines circonstances.<\/li>\n<li>Demander l\u2019opposition au traitement de vos donn\u00e9es pour des raisons li\u00e9es \u00e0 votre situation particuli\u00e8re.<\/li>\n<li>Demander la portabilit\u00e9 des donn\u00e9es dans les cas pr\u00e9vus par la r\u00e9glementation.<\/li>\n<li>Autres droits reconnus dans la r\u00e9glementation applicable.<\/li>\n<\/ul>\n<p>O\u00f9 et comment demander vos droits: En \u00e9crivant au responsable \u00e0 votre adresse postale ou \u00e9lectronique (indiqu\u00e9e dans la section A), en indiquant la r\u00e9f\u00e9rence \u00ab\u00a0Donn\u00e9es personnelles\u00a0\u00bb, en pr\u00e9cisant le droit que vous souhaitez exercer et concernant quelles donn\u00e9es personnelles.<\/p>\n<p>En cas de divergences avec l\u2019entreprise en ce qui concerne le traitement de vos donn\u00e9es, vous pouvez d\u00e9poser une plainte aupr\u00e8s de l\u2019Autorit\u00e9 de protection des donn\u00e9es (<a href=\"http:\/\/www.agpd.es\/\">www.agpd.es<\/a>).<\/p>\n<ol start=\"5\">\n<li><strong>Cookies<\/strong><\/li>\n<\/ol>\n<p>Ce site Utilise des cookies techniques, de personnalisation et d\u2019analyse, les siens et ceux de tiers qui traitent les donn\u00e9es de connexion et \/ ou d\u2019appareil \u00e0 des fins statistiques, mais ne capturent en aucun cas les habitudes de navigation \u00e0 des fins publicitaires.<\/p>\n<p>Par cons\u00e9quent, lors de l\u2019acc\u00e8s \u00e0 notre site Web, conform\u00e9ment \u00e0 l\u2019article 22 de la loi sur la soci\u00e9t\u00e9 de l\u2019information, lors du traitement des cookies susmentionn\u00e9s, nous avons demand\u00e9 votre consentement pour leur utilisation et fourni des informations \u00e0 leur sujet.<\/p>\n<ol start=\"6\">\n<li><strong>S\u00e9curit\u00e9 de vos donn\u00e9es personnelles<\/strong><\/li>\n<\/ol>\n<p>Afin de garantir la s\u00e9curit\u00e9 de vos donn\u00e9es personnelles, nous vous informons que nous avons adopt\u00e9 toutes les mesures techniques et organisationnelles n\u00e9cessaires pour garantir la s\u00e9curit\u00e9 des donn\u00e9es personnelles fournies contre leur alt\u00e9ration, leur perte et leur traitement ou acc\u00e8s non autoris\u00e9.<\/p>\n<ol start=\"7\">\n<li><strong>Mise \u00e0 jour de vos donn\u00e9es<\/strong><\/li>\n<\/ol>\n<p>Il est important que pour que nous puissions garder vos donn\u00e9es personnelles \u00e0 jour, nous informer chaque fois qu\u2019il y a eu une modification dans celles-ci, sinon, nous ne sommes pas responsables de la v\u00e9racit\u00e9 de celles-ci.<\/p>\n<p>Nous ne sommes pas responsables de la politique de confidentialit\u00e9 concernant les donn\u00e9es personnelles que vous pouvez fournir \u00e0 des tiers via les liens disponibles sur notre site Web.<\/p>\n<p>Cette politique de confidentialit\u00e9 peut \u00eatre modifi\u00e9e pour les adapter aux changements qui se produisent sur notre site Web, ainsi qu\u2019aux modifications l\u00e9gislatives ou jurisprudentielles sur les donn\u00e9es personnelles qui apparaissent, de sorte qu\u2019elle n\u00e9cessite une lecture, chaque fois que vous nous fournissez vos donn\u00e9es via ce site Web.<\/p>\n<p>&nbsp;<\/p>\n","protected":false},"excerpt":{"rendered":"<p>La confidentialit\u00e9 et la s\u00e9curit\u00e9 sont des valeurs primordiales de Micofora et, par cons\u00e9quent, nous assumons l\u2019engagement de garantir la vie priv\u00e9e de l\u2019utilisateur \u00e0 tout moment et de ne pas collecter d\u2019informations inutiles. Ci-dessous, nous vous fournissons toutes les informations n\u00e9cessaires sur notre politique de confidentialit\u00e9 en ce qui concerne les donn\u00e9es personnelles que  [&#8230;]<\/p>\n","protected":false},"author":6,"featured_media":0,"parent":0,"menu_order":0,"comment_status":"closed","ping_status":"closed","template":"","meta":{"footnotes":""},"class_list":["post-25847","page","type-page","status-publish","hentry"],"yoast_head":"<!-- This site is optimized with the Yoast SEO plugin v27.5 - https:\/\/yoast.com\/product\/yoast-seo-wordpress\/ -->\n<title>POLITIQUE DE CONFIDENTIALIT\u00c9 - Micofora<\/title>\n<meta name=\"robots\" content=\"index, follow, max-snippet:-1, max-image-preview:large, max-video-preview:-1\" \/>\n<link rel=\"canonical\" href=\"https:\/\/micofora.com\/fr\/politique-de-confidentialite\/\" \/>\n<meta property=\"og:locale\" content=\"fr_FR\" \/>\n<meta property=\"og:type\" content=\"article\" \/>\n<meta property=\"og:title\" content=\"POLITIQUE DE CONFIDENTIALIT\u00c9 - Micofora\" \/>\n<meta property=\"og:description\" content=\"La confidentialit\u00e9 et la s\u00e9curit\u00e9 sont des valeurs primordiales de Micofora et, par cons\u00e9quent, nous assumons l\u2019engagement de garantir la vie priv\u00e9e de l\u2019utilisateur \u00e0 tout moment et de ne pas collecter d\u2019informations inutiles. Ci-dessous, nous vous fournissons toutes les informations n\u00e9cessaires sur notre politique de confidentialit\u00e9 en ce qui concerne les donn\u00e9es personnelles que [...]\" \/>\n<meta property=\"og:url\" content=\"https:\/\/micofora.com\/fr\/politique-de-confidentialite\/\" \/>\n<meta property=\"og:site_name\" content=\"Micofora\" \/>\n<meta property=\"article:modified_time\" content=\"2025-12-01T13:56:39+00:00\" \/>\n<meta name=\"twitter:card\" content=\"summary_large_image\" \/>\n<meta name=\"twitter:label1\" content=\"Dur\u00e9e de lecture estim\u00e9e\" \/>\n\t<meta name=\"twitter:data1\" content=\"6 minutes\" \/>\n<script type=\"application\/ld+json\" class=\"yoast-schema-graph\">{\"@context\":\"https:\\\/\\\/schema.org\",\"@graph\":[{\"@type\":\"WebPage\",\"@id\":\"https:\\\/\\\/micofora.com\\\/fr\\\/politique-de-confidentialite\\\/\",\"url\":\"https:\\\/\\\/micofora.com\\\/fr\\\/politique-de-confidentialite\\\/\",\"name\":\"POLITIQUE DE CONFIDENTIALIT\u00c9 - Micofora\",\"isPartOf\":{\"@id\":\"https:\\\/\\\/micofora.com\\\/#website\"},\"datePublished\":\"2022-06-01T12:01:59+00:00\",\"dateModified\":\"2025-12-01T13:56:39+00:00\",\"breadcrumb\":{\"@id\":\"https:\\\/\\\/micofora.com\\\/fr\\\/politique-de-confidentialite\\\/#breadcrumb\"},\"inLanguage\":\"fr-FR\",\"potentialAction\":[{\"@type\":\"ReadAction\",\"target\":[\"https:\\\/\\\/micofora.com\\\/fr\\\/politique-de-confidentialite\\\/\"]}]},{\"@type\":\"BreadcrumbList\",\"@id\":\"https:\\\/\\\/micofora.com\\\/fr\\\/politique-de-confidentialite\\\/#breadcrumb\",\"itemListElement\":[{\"@type\":\"ListItem\",\"position\":1,\"name\":\"Portada\",\"item\":\"https:\\\/\\\/micofora.com\\\/fr\\\/\"},{\"@type\":\"ListItem\",\"position\":2,\"name\":\"POLITIQUE DE CONFIDENTIALIT\u00c9\"}]},{\"@type\":\"WebSite\",\"@id\":\"https:\\\/\\\/micofora.com\\\/#website\",\"url\":\"https:\\\/\\\/micofora.com\\\/\",\"name\":\"Micofora\",\"description\":\"Micologia Forestal &amp; Aplicada\",\"potentialAction\":[{\"@type\":\"SearchAction\",\"target\":{\"@type\":\"EntryPoint\",\"urlTemplate\":\"https:\\\/\\\/micofora.com\\\/?s={search_term_string}\"},\"query-input\":{\"@type\":\"PropertyValueSpecification\",\"valueRequired\":true,\"valueName\":\"search_term_string\"}}],\"inLanguage\":\"fr-FR\"}]}<\/script>\n<!-- \/ Yoast SEO plugin. -->","yoast_head_json":{"title":"POLITIQUE DE CONFIDENTIALIT\u00c9 - Micofora","robots":{"index":"index","follow":"follow","max-snippet":"max-snippet:-1","max-image-preview":"max-image-preview:large","max-video-preview":"max-video-preview:-1"},"canonical":"https:\/\/micofora.com\/fr\/politique-de-confidentialite\/","og_locale":"fr_FR","og_type":"article","og_title":"POLITIQUE DE CONFIDENTIALIT\u00c9 - Micofora","og_description":"La confidentialit\u00e9 et la s\u00e9curit\u00e9 sont des valeurs primordiales de Micofora et, par cons\u00e9quent, nous assumons l\u2019engagement de garantir la vie priv\u00e9e de l\u2019utilisateur \u00e0 tout moment et de ne pas collecter d\u2019informations inutiles. Ci-dessous, nous vous fournissons toutes les informations n\u00e9cessaires sur notre politique de confidentialit\u00e9 en ce qui concerne les donn\u00e9es personnelles que [...]","og_url":"https:\/\/micofora.com\/fr\/politique-de-confidentialite\/","og_site_name":"Micofora","article_modified_time":"2025-12-01T13:56:39+00:00","twitter_card":"summary_large_image","twitter_misc":{"Dur\u00e9e de lecture estim\u00e9e":"6 minutes"},"schema":{"@context":"https:\/\/schema.org","@graph":[{"@type":"WebPage","@id":"https:\/\/micofora.com\/fr\/politique-de-confidentialite\/","url":"https:\/\/micofora.com\/fr\/politique-de-confidentialite\/","name":"POLITIQUE DE CONFIDENTIALIT\u00c9 - Micofora","isPartOf":{"@id":"https:\/\/micofora.com\/#website"},"datePublished":"2022-06-01T12:01:59+00:00","dateModified":"2025-12-01T13:56:39+00:00","breadcrumb":{"@id":"https:\/\/micofora.com\/fr\/politique-de-confidentialite\/#breadcrumb"},"inLanguage":"fr-FR","potentialAction":[{"@type":"ReadAction","target":["https:\/\/micofora.com\/fr\/politique-de-confidentialite\/"]}]},{"@type":"BreadcrumbList","@id":"https:\/\/micofora.com\/fr\/politique-de-confidentialite\/#breadcrumb","itemListElement":[{"@type":"ListItem","position":1,"name":"Portada","item":"https:\/\/micofora.com\/fr\/"},{"@type":"ListItem","position":2,"name":"POLITIQUE DE CONFIDENTIALIT\u00c9"}]},{"@type":"WebSite","@id":"https:\/\/micofora.com\/#website","url":"https:\/\/micofora.com\/","name":"Micofora","description":"Micologia Forestal &amp; Aplicada","potentialAction":[{"@type":"SearchAction","target":{"@type":"EntryPoint","urlTemplate":"https:\/\/micofora.com\/?s={search_term_string}"},"query-input":{"@type":"PropertyValueSpecification","valueRequired":true,"valueName":"search_term_string"}}],"inLanguage":"fr-FR"}]}},"_links":{"self":[{"href":"https:\/\/micofora.com\/fr\/wp-json\/wp\/v2\/pages\/25847","targetHints":{"allow":["GET"]}}],"collection":[{"href":"https:\/\/micofora.com\/fr\/wp-json\/wp\/v2\/pages"}],"about":[{"href":"https:\/\/micofora.com\/fr\/wp-json\/wp\/v2\/types\/page"}],"author":[{"embeddable":true,"href":"https:\/\/micofora.com\/fr\/wp-json\/wp\/v2\/users\/6"}],"replies":[{"embeddable":true,"href":"https:\/\/micofora.com\/fr\/wp-json\/wp\/v2\/comments?post=25847"}],"version-history":[{"count":3,"href":"https:\/\/micofora.com\/fr\/wp-json\/wp\/v2\/pages\/25847\/revisions"}],"predecessor-version":[{"id":27961,"href":"https:\/\/micofora.com\/fr\/wp-json\/wp\/v2\/pages\/25847\/revisions\/27961"}],"wp:attachment":[{"href":"https:\/\/micofora.com\/fr\/wp-json\/wp\/v2\/media?parent=25847"}],"curies":[{"name":"wp","href":"https:\/\/api.w.org\/{rel}","templated":true}]}}