{"id":21951,"date":"2016-11-24T23:32:07","date_gmt":"2016-11-24T23:32:07","guid":{"rendered":"http:\/\/micofora.com\/fr\/?page_id=21951"},"modified":"2016-12-02T09:22:35","modified_gmt":"2016-12-02T09:22:35","slug":"livres","status":"publish","type":"page","link":"https:\/\/micofora.com\/fr\/livres\/","title":{"rendered":"Livres"},"content":{"rendered":"<div class=\"fusion-fullwidth fullwidth-box fusion-builder-row-1 nonhundred-percent-fullwidth non-hundred-percent-height-scrolling\" style=\"--awb-border-radius-top-left:0px;--awb-border-radius-top-right:0px;--awb-border-radius-bottom-right:0px;--awb-border-radius-bottom-left:0px;--awb-padding-top:20px;--awb-padding-bottom:20px;--awb-flex-wrap:wrap;\" ><div class=\"fusion-builder-row fusion-row\"><div class=\"fusion-layout-column fusion_builder_column fusion-builder-column-0 fusion_builder_column_1_1 1_1 fusion-one-full fusion-column-first fusion-column-last\" style=\"--awb-bg-size:cover;\"><div class=\"fusion-column-wrapper fusion-flex-column-wrapper-legacy\"><div class=\"fusion-text fusion-text-1\"><p><em><strong>Cultivar trufas, una realidad en expansi\u00f3n<\/strong><\/em>,<span id=\"result_box\" class=\"\" lang=\"fr\"> ne vise pas \u00e0 \u00eatre seulement un\u00a0 manuel th\u00e9orique et pratique, mais essaie aussi d&rsquo;\u00eatre <span class=\"\">un recueil<\/span>, mis \u00e0 jour jusqu&rsquo;\u00e0 ce que le moment de l&rsquo;impression, de l&rsquo;exp\u00e9rience <span class=\"\">dans le monde entier<\/span> dans ce domaine int\u00e9gralement, des conditions optimales <span class=\"\">pour la culture,<\/span> <span class=\"\">la cr\u00e9ation<\/span> <span class=\"\">et la gestion des<\/span> plantations, jusqu&rsquo;\u00e0 ce que les r\u00e9sultats des derni\u00e8res <span class=\"\">\u00e9tudes scientifiques<\/span> <span class=\"\">publi\u00e9es<\/span><span class=\"\">.<\/span><\/p>\n<p><strong>Editions en <span class=\"\">anglais et en espagnol<\/span>. <span class=\"\">S\u00e9lectionnez l&rsquo;\u00e9dition<\/span> de votre int\u00e9r\u00eat pour aller \u00e0 la page d&rsquo;achat<\/strong><\/span><\/p>\n<\/div><div class=\"fusion-sep-clear\"><\/div><div class=\"fusion-separator fusion-full-width-sep\" style=\"margin-left: auto;margin-right: auto;margin-top:15px;margin-bottom:15px;width:100%;\"><\/div><div class=\"fusion-sep-clear\"><\/div><div class=\"fusion-clearfix\"><\/div><\/div><\/div><div class=\"fusion-layout-column fusion_builder_column fusion-builder-column-1 fusion_builder_column_1_6 1_6 fusion-one-sixth fusion-column-first\" style=\"--awb-bg-size:cover;width:16.666666666667%;width:calc(16.666666666667% - ( ( 4% + 4% + 4% ) * 0.16666666666667 ) );margin-right: 4%;\"><div class=\"fusion-column-wrapper fusion-flex-column-wrapper-legacy\"><div class=\"fusion-clearfix\"><\/div><\/div><\/div><div class=\"fusion-layout-column fusion_builder_column fusion-builder-column-2 fusion_builder_column_1_3 1_3 fusion-one-third\" style=\"--awb-bg-color:#ffffff;--awb-bg-color-hover:#ffffff;--awb-bg-size:cover;width:33.333333333333%;width:calc(33.333333333333% - ( ( 4% + 4% + 4% ) * 0.33333333333333 ) );margin-right: 4%;\"><div class=\"fusion-column-wrapper fusion-flex-column-wrapper-legacy\"><div class=\"fusion-image-element fusion-image-align-center in-legacy-container\" style=\"text-align:center;--awb-caption-title-font-family:var(--h2_typography-font-family);--awb-caption-title-font-weight:var(--h2_typography-font-weight);--awb-caption-title-font-style:var(--h2_typography-font-style);--awb-caption-title-size:var(--h2_typography-font-size);--awb-caption-title-transform:var(--h2_typography-text-transform);--awb-caption-title-line-height:var(--h2_typography-line-height);--awb-caption-title-letter-spacing:var(--h2_typography-letter-spacing);\"><div class=\"imageframe-align-center\"><span class=\" fusion-imageframe imageframe-none imageframe-1 hover-type-zoomin\"><a class=\"fusion-no-lightbox\" href=\"https:\/\/micofora.com\/producto\/cultivar-trufas-una-realidad-cultivar-trufas-una-realidad-en-expansion-expansion\/\" target=\"_blank\" aria-label=\"portada-libro-cultivar-trufas-una-realidad-en-expansion-1\" rel=\"noopener noreferrer\"><img decoding=\"async\" width=\"623\" height=\"877\" src=\"https:\/\/micofora.com\/wp-content\/uploads\/2016\/11\/Portada-libro-Cultivar-Trufas-una-realidad-en-expansion-1.jpeg\" alt class=\"img-responsive wp-image-21748\" srcset=\"https:\/\/micofora.com\/wp-content\/uploads\/2016\/11\/Portada-libro-Cultivar-Trufas-una-realidad-en-expansion-1-200x282.jpeg 200w, https:\/\/micofora.com\/wp-content\/uploads\/2016\/11\/Portada-libro-Cultivar-Trufas-una-realidad-en-expansion-1-400x563.jpeg 400w, https:\/\/micofora.com\/wp-content\/uploads\/2016\/11\/Portada-libro-Cultivar-Trufas-una-realidad-en-expansion-1-600x845.jpeg 600w, https:\/\/micofora.com\/wp-content\/uploads\/2016\/11\/Portada-libro-Cultivar-Trufas-una-realidad-en-expansion-1.jpeg 623w\" sizes=\"(max-width: 800px) 100vw, 400px\" \/><\/a><\/span><\/div><\/div><div class=\"fusion-text fusion-text-2\"><h3 style=\"text-align: center;\"><a href=\"\/?p=21439\">Cultivar Trufas, una realidad en expansi\u00f3n<\/a><\/h3>\n<\/div><div class=\"fusion-clearfix\"><\/div><\/div><\/div><div class=\"fusion-layout-column fusion_builder_column fusion-builder-column-3 fusion_builder_column_1_3 1_3 fusion-one-third\" style=\"--awb-bg-color:#ffffff;--awb-bg-color-hover:#ffffff;--awb-bg-size:cover;width:33.333333333333%;width:calc(33.333333333333% - ( ( 4% + 4% + 4% ) * 0.33333333333333 ) );margin-right: 4%;\"><div class=\"fusion-column-wrapper fusion-flex-column-wrapper-legacy\"><div class=\"fusion-image-element fusion-image-align-center in-legacy-container\" style=\"text-align:center;--awb-caption-title-font-family:var(--h2_typography-font-family);--awb-caption-title-font-weight:var(--h2_typography-font-weight);--awb-caption-title-font-style:var(--h2_typography-font-style);--awb-caption-title-size:var(--h2_typography-font-size);--awb-caption-title-transform:var(--h2_typography-text-transform);--awb-caption-title-line-height:var(--h2_typography-line-height);--awb-caption-title-letter-spacing:var(--h2_typography-letter-spacing);\"><div class=\"imageframe-align-center\"><span class=\" fusion-imageframe imageframe-none imageframe-2 hover-type-zoomin\"><a class=\"fusion-no-lightbox\" href=\"https:\/\/micofora.com\/en\/product\/truffle-farming-today-comprehensive-world-guide\/\" target=\"_blank\" aria-label=\"truffle-farming-today-a-comprehensive-world-guide\" rel=\"noopener noreferrer\"><img decoding=\"async\" width=\"623\" height=\"876\" src=\"https:\/\/micofora.com\/wp-content\/uploads\/2016\/11\/Truffle-Farming-Today-a-Comprehensive-World-Guide.jpg\" alt class=\"img-responsive wp-image-21752\" srcset=\"https:\/\/micofora.com\/wp-content\/uploads\/2016\/11\/Truffle-Farming-Today-a-Comprehensive-World-Guide-200x281.jpg 200w, https:\/\/micofora.com\/wp-content\/uploads\/2016\/11\/Truffle-Farming-Today-a-Comprehensive-World-Guide-400x562.jpg 400w, https:\/\/micofora.com\/wp-content\/uploads\/2016\/11\/Truffle-Farming-Today-a-Comprehensive-World-Guide-600x844.jpg 600w, https:\/\/micofora.com\/wp-content\/uploads\/2016\/11\/Truffle-Farming-Today-a-Comprehensive-World-Guide.jpg 623w\" sizes=\"(max-width: 800px) 100vw, 400px\" \/><\/a><\/span><\/div><\/div><div class=\"fusion-text fusion-text-3\"><h3 style=\"text-align: center;\"><a href=\"https:\/\/micofora.com\/en\/product\/truffle-farming-today-comprehensive-world-guide\/\">Truffle Farming Today, a Comprehensive World Guide<\/a><\/h3>\n<\/div><div class=\"fusion-clearfix\"><\/div><\/div><\/div><div class=\"fusion-layout-column fusion_builder_column fusion-builder-column-4 fusion_builder_column_1_6 1_6 fusion-one-sixth fusion-column-last\" style=\"--awb-bg-size:cover;width:16.666666666667%;width:calc(16.666666666667% - ( ( 4% + 4% + 4% ) * 0.16666666666667 ) );\"><div class=\"fusion-column-wrapper fusion-flex-column-wrapper-legacy\"><div class=\"fusion-clearfix\"><\/div><\/div><\/div><\/div><\/div>\n","protected":false},"excerpt":{"rendered":"","protected":false},"author":1,"featured_media":0,"parent":0,"menu_order":0,"comment_status":"closed","ping_status":"closed","template":"","meta":{"footnotes":""},"class_list":["post-21951","page","type-page","status-publish","hentry"],"yoast_head":"<!-- This site is optimized with the Yoast SEO plugin v27.5 - https:\/\/yoast.com\/product\/yoast-seo-wordpress\/ -->\n<title>Livres - Micofora<\/title>\n<meta name=\"robots\" content=\"index, follow, max-snippet:-1, max-image-preview:large, max-video-preview:-1\" \/>\n<link rel=\"canonical\" href=\"https:\/\/micofora.com\/fr\/livres\/\" \/>\n<meta property=\"og:locale\" content=\"fr_FR\" \/>\n<meta property=\"og:type\" content=\"article\" \/>\n<meta property=\"og:title\" content=\"Livres - Micofora\" \/>\n<meta property=\"og:url\" content=\"https:\/\/micofora.com\/fr\/livres\/\" \/>\n<meta property=\"og:site_name\" content=\"Micofora\" \/>\n<meta property=\"article:modified_time\" content=\"2016-12-02T09:22:35+00:00\" \/>\n<meta name=\"twitter:card\" content=\"summary_large_image\" \/>\n<meta name=\"twitter:label1\" content=\"Dur\u00e9e de lecture estim\u00e9e\" \/>\n\t<meta name=\"twitter:data1\" content=\"3 minutes\" \/>\n<script type=\"application\/ld+json\" class=\"yoast-schema-graph\">{\"@context\":\"https:\\\/\\\/schema.org\",\"@graph\":[{\"@type\":\"WebPage\",\"@id\":\"https:\\\/\\\/micofora.com\\\/fr\\\/livres\\\/\",\"url\":\"https:\\\/\\\/micofora.com\\\/fr\\\/livres\\\/\",\"name\":\"Livres - Micofora\",\"isPartOf\":{\"@id\":\"https:\\\/\\\/micofora.com\\\/#website\"},\"datePublished\":\"2016-11-24T23:32:07+00:00\",\"dateModified\":\"2016-12-02T09:22:35+00:00\",\"breadcrumb\":{\"@id\":\"https:\\\/\\\/micofora.com\\\/fr\\\/livres\\\/#breadcrumb\"},\"inLanguage\":\"fr-FR\",\"potentialAction\":[{\"@type\":\"ReadAction\",\"target\":[\"https:\\\/\\\/micofora.com\\\/fr\\\/livres\\\/\"]}]},{\"@type\":\"BreadcrumbList\",\"@id\":\"https:\\\/\\\/micofora.com\\\/fr\\\/livres\\\/#breadcrumb\",\"itemListElement\":[{\"@type\":\"ListItem\",\"position\":1,\"name\":\"Portada\",\"item\":\"https:\\\/\\\/micofora.com\\\/fr\\\/\"},{\"@type\":\"ListItem\",\"position\":2,\"name\":\"Livres\"}]},{\"@type\":\"WebSite\",\"@id\":\"https:\\\/\\\/micofora.com\\\/#website\",\"url\":\"https:\\\/\\\/micofora.com\\\/\",\"name\":\"Micofora\",\"description\":\"Micologia Forestal &amp; Aplicada\",\"potentialAction\":[{\"@type\":\"SearchAction\",\"target\":{\"@type\":\"EntryPoint\",\"urlTemplate\":\"https:\\\/\\\/micofora.com\\\/?s={search_term_string}\"},\"query-input\":{\"@type\":\"PropertyValueSpecification\",\"valueRequired\":true,\"valueName\":\"search_term_string\"}}],\"inLanguage\":\"fr-FR\"}]}<\/script>\n<!-- \/ Yoast SEO plugin. -->","yoast_head_json":{"title":"Livres - Micofora","robots":{"index":"index","follow":"follow","max-snippet":"max-snippet:-1","max-image-preview":"max-image-preview:large","max-video-preview":"max-video-preview:-1"},"canonical":"https:\/\/micofora.com\/fr\/livres\/","og_locale":"fr_FR","og_type":"article","og_title":"Livres - Micofora","og_url":"https:\/\/micofora.com\/fr\/livres\/","og_site_name":"Micofora","article_modified_time":"2016-12-02T09:22:35+00:00","twitter_card":"summary_large_image","twitter_misc":{"Dur\u00e9e de lecture estim\u00e9e":"3 minutes"},"schema":{"@context":"https:\/\/schema.org","@graph":[{"@type":"WebPage","@id":"https:\/\/micofora.com\/fr\/livres\/","url":"https:\/\/micofora.com\/fr\/livres\/","name":"Livres - Micofora","isPartOf":{"@id":"https:\/\/micofora.com\/#website"},"datePublished":"2016-11-24T23:32:07+00:00","dateModified":"2016-12-02T09:22:35+00:00","breadcrumb":{"@id":"https:\/\/micofora.com\/fr\/livres\/#breadcrumb"},"inLanguage":"fr-FR","potentialAction":[{"@type":"ReadAction","target":["https:\/\/micofora.com\/fr\/livres\/"]}]},{"@type":"BreadcrumbList","@id":"https:\/\/micofora.com\/fr\/livres\/#breadcrumb","itemListElement":[{"@type":"ListItem","position":1,"name":"Portada","item":"https:\/\/micofora.com\/fr\/"},{"@type":"ListItem","position":2,"name":"Livres"}]},{"@type":"WebSite","@id":"https:\/\/micofora.com\/#website","url":"https:\/\/micofora.com\/","name":"Micofora","description":"Micologia Forestal &amp; Aplicada","potentialAction":[{"@type":"SearchAction","target":{"@type":"EntryPoint","urlTemplate":"https:\/\/micofora.com\/?s={search_term_string}"},"query-input":{"@type":"PropertyValueSpecification","valueRequired":true,"valueName":"search_term_string"}}],"inLanguage":"fr-FR"}]}},"_links":{"self":[{"href":"https:\/\/micofora.com\/fr\/wp-json\/wp\/v2\/pages\/21951","targetHints":{"allow":["GET"]}}],"collection":[{"href":"https:\/\/micofora.com\/fr\/wp-json\/wp\/v2\/pages"}],"about":[{"href":"https:\/\/micofora.com\/fr\/wp-json\/wp\/v2\/types\/page"}],"author":[{"embeddable":true,"href":"https:\/\/micofora.com\/fr\/wp-json\/wp\/v2\/users\/1"}],"replies":[{"embeddable":true,"href":"https:\/\/micofora.com\/fr\/wp-json\/wp\/v2\/comments?post=21951"}],"version-history":[{"count":0,"href":"https:\/\/micofora.com\/fr\/wp-json\/wp\/v2\/pages\/21951\/revisions"}],"wp:attachment":[{"href":"https:\/\/micofora.com\/fr\/wp-json\/wp\/v2\/media?parent=21951"}],"curies":[{"name":"wp","href":"https:\/\/api.w.org\/{rel}","templated":true}]}}