{"id":20694,"date":"2016-10-30T12:54:10","date_gmt":"2016-10-30T12:54:10","guid":{"rendered":"http:\/\/micofora.com\/fr\/aviso-legal\/"},"modified":"2025-12-01T13:54:35","modified_gmt":"2025-12-01T13:54:35","slug":"avis-juridique","status":"publish","type":"page","link":"https:\/\/micofora.com\/fr\/avis-juridique\/","title":{"rendered":"Avis juridique"},"content":{"rendered":"<p><span class=\"Y2IQFc\" lang=\"fr\">Ce site web est la propri\u00e9t\u00e9 de MICOLOGIA FORESTAL\u00a0 APLICADA SL (\u00c0 partir de Micofora), avec NIF n\u00ba B64390040 et adresse \u00e0 Cami del Fou s\/n, Sant Antoni de Vilamajor (08459), Barcelone, Espagne et inscrite au Registre du Commerce de Barcelone, Volume 39132, Folio 104, Page B 339103, Inscription 1 <\/span><\/p>\n<p><span class=\"Y2IQFc\" lang=\"fr\">Pour toute question ou proposition, contactez-nous en appelant le +938155455 ou par e-mail micologiaforestal@micofora.com . <\/span><\/p>\n<p><span class=\"Y2IQFc\" lang=\"fr\">Ce site Web est r\u00e9gi par la r\u00e9glementation exclusivement applicable en Espagne, \u00e9tant soumis \u00e0 \u00e0 lui, nationaux et \u00e9trangers qui utilisent ce site Web. <\/span><\/p>\n<p><span class=\"Y2IQFc\" lang=\"fr\">L&rsquo;acc\u00e8s \u00e0 notre site par l&rsquo;UTILISATEUR est libre et conditionn\u00e9 \u00e0 la lecture pr\u00e9alable et \u00e0 l&rsquo;acceptation int\u00e9grale, expresse et sans r\u00e9serve des pr\u00e9sentes CONDITIONS CONDITIONS G\u00c9N\u00c9RALES D&rsquo;UTILISATION en vigueur au moment de l&rsquo;acc\u00e8s, que nous vous demandons de lire attentivement. La PERSONNE UTILISATEUR au moment o\u00f9 vous utilisez notre portail, son contenu ou ses services, acceptez et se soumet express\u00e9ment aux conditions g\u00e9n\u00e9rales d&rsquo;utilisation de celles-ci. Si l&rsquo;UTILISATEUR Si vous n&rsquo;\u00eates pas d&rsquo;accord avec ces conditions d&rsquo;utilisation, vous devez vous abstenir d&rsquo;utiliser ce portail et op\u00e9rer \u00e0 travers celui-ci. La fourniture de donn\u00e9es personnelles et l&rsquo;achat de produits via notre portail n\u00e9cessitent \u00eatre \u00e2g\u00e9 de 14 ans minimum ou, le cas \u00e9ch\u00e9ant, avoir la capacit\u00e9 juridique suffisante pour embaucher. A tout moment nous pouvons modifier la pr\u00e9sentation et la configuration de notre site internet, \u00e9tendre ou r\u00e9duire les services, voire le supprimer du R\u00e9seau, ainsi que les services et contenus fournies, le tout unilat\u00e9ralement et sans pr\u00e9avis.<\/span><\/p>\n<p>&nbsp;<\/p>\n<p id=\"tw-target-text\" class=\"tw-data-text tw-text-large tw-ta\" dir=\"ltr\" data-placeholder=\"Traducci\u00f3n\"><span class=\"Y2IQFc\" lang=\"fr\">A. PROPRI\u00c9T\u00c9 INTELLECTUELLE <\/span><\/p>\n<p class=\"tw-data-text tw-text-large tw-ta\" dir=\"ltr\" data-placeholder=\"Traducci\u00f3n\"><span class=\"Y2IQFc\" lang=\"fr\">Tous les contenus, textes, images et codes sources sont la propri\u00e9t\u00e9 de Micofora ou de tiers auxquels leurs droits d&rsquo;exploitation ont \u00e9t\u00e9 acquis, et sont prot\u00e9g\u00e9s par les droits de Propri\u00e9t\u00e9 Intellectuelle et Industrielle. <\/span><\/p>\n<p class=\"tw-data-text tw-text-large tw-ta\" dir=\"ltr\" data-placeholder=\"Traducci\u00f3n\"><span class=\"Y2IQFc\" lang=\"fr\">L&rsquo;UTILISATEUR n&rsquo;en a le droit qu&rsquo;\u00e0 un usage priv\u00e9, sans intention de profit, et vous avez besoin d&rsquo;une autorisation expresse pour modifier, reproduire, exploiter, distribuer ou exercer tout droit appartenant \u00e0 son propri\u00e9taire. Micofora est une marque d\u00e9pos\u00e9e, et sa reproduction, imitation, utilisation ou l&rsquo;insertion de ces marques sans notre autorisation. L&rsquo;\u00e9tablissement de liens vers notre portail ne conf\u00e8re aucun droit sur celui-ci. De m\u00eame, le simple fait d&rsquo;\u00e9tablir un lien vers notre site ne donne pas le droit de accorder la cat\u00e9gorie de collaborateur ou de partenaire. Micofora est exon\u00e9r\u00e9 de toute responsabilit\u00e9 pour toute r\u00e9clamation concernant les droits de la propri\u00e9t\u00e9 intellectuelle des articles et images publi\u00e9s par des tiers sur son portail. Imitation, totale ou partielle, de notre portail ou du \u00e9tablissement de liens vers notre site sans l&rsquo;autorisation pr\u00e9alable de Micofora.<\/span><\/p>\n<div id=\"tw-target-rmn-container\" class=\"tw-target-rmn tw-ta-container F0azHf tw-nfl\"><span class=\"Y2IQFc\" lang=\"fr\">B. CONDITIONS D&rsquo;ACC\u00c8S ET D&rsquo;UTILISATION <\/span><\/div>\n<div><\/div>\n<div class=\"tw-target-rmn tw-ta-container F0azHf tw-nfl\">\n<p><span class=\"Y2IQFc\" lang=\"fr\">L&rsquo;acc\u00e8s \u00e0 notre site est gratuit et ne n\u00e9cessite pas d&rsquo;abonnement ou d&rsquo;inscription pr\u00e9alable. Cependant, certains services sont d&rsquo;acc\u00e8s restreint \u00e0 certains UTILISATEURS et ils n\u00e9cessitent d&rsquo;avoir compl\u00e9t\u00e9 un processus d&rsquo;enregistrement et\/ou d&rsquo;identification par des mots de passe. Ces les services seront d\u00fbment identifi\u00e9s sur le Web. L&rsquo;envoi de donn\u00e9es personnelles implique l&rsquo;acceptation expresse par l&rsquo;UTILISATEUR de notre politique de confidentialit\u00e9. L&rsquo;UTILISATEUR doit acc\u00e9der \u00e0 notre site Web conform\u00e9ment \u00e0 la bonne foi, aux r\u00e8gles de l&rsquo;ordre public et les pr\u00e9sentes Conditions G\u00e9n\u00e9rales d&rsquo;Utilisation. L&rsquo;acc\u00e8s \u00e0 notre site Web est effectu\u00e9s sous la responsabilit\u00e9 propre et exclusive de l&rsquo;UTILISATEUR, qui r\u00e9pondra en tous les cas de dommages pouvant \u00eatre caus\u00e9s \u00e0 des tiers ou \u00e0 nous-m\u00eames. Il est express\u00e9ment interdit \u00e0 l&rsquo;UTILISATEUR d&rsquo;utiliser et d&rsquo;obtenir les services, produits et contenus propos\u00e9s sur ce site, par des proc\u00e9dures autres que celles stipul\u00e9es dans les pr\u00e9sentes conditions d&rsquo;utilisation et, le cas \u00e9ch\u00e9ant, dans les conditions particuli\u00e8res que r\u00e9glementer l&rsquo;acquisition de certains produits. L&rsquo;UTILISATEUR s&rsquo;interdit tout type d&rsquo;action sur notre portail qui provient une surcharge de fonctionnement excessive de nos syst\u00e8mes informatiques, ainsi que la introduction de virus, ou installation de robots, ou de logiciels alt\u00e9rant le fonctionnement normal de notre site Web, ou \u00e9ventuellement causer des dommages \u00e0 nos syst\u00e8mes informatiques. Compte tenu de la difficult\u00e9 de contr\u00f4le des informations, contenus et services qui contiennent des pages Web de tiers disponibles sur notre site Web, nous vous informons que Micofora, n&rsquo;en est pas responsable, sans pr\u00e9judice du fait qu&rsquo;elle tentera, dans la mesure possible, s&rsquo;assurer de sa l\u00e9galit\u00e9. Micofora se r\u00e9serve le droit de d\u00e9sinscrire tout UTILISATEUR que l&rsquo;organisation comprenez que vous avez viol\u00e9 les conditions qui r\u00e9gissent l&rsquo;utilisation de notre site Web. De m\u00eame, il se r\u00e9serve le droit d&rsquo;exercer les actions l\u00e9gales appropri\u00e9es contre ceux qui violent les ces conditions g\u00e9n\u00e9rales d&rsquo;utilisation.<\/span><\/p>\n<p>&nbsp;<\/p>\n<p id=\"tw-target-text\" class=\"tw-data-text tw-text-large tw-ta\" dir=\"ltr\" data-placeholder=\"Traducci\u00f3n\"><span class=\"Y2IQFc\" lang=\"fr\">C. POLITIQUE DE CONFIDENTIALIT\u00c9 <\/span><\/p>\n<p class=\"tw-data-text tw-text-large tw-ta\" dir=\"ltr\" data-placeholder=\"Traducci\u00f3n\"><span class=\"Y2IQFc\" lang=\"fr\">La confidentialit\u00e9 et la s\u00e9curit\u00e9 sont des valeurs fondamentales de Micofora et, par cons\u00e9quent, Nous assumons l&rsquo;engagement de garantir la confidentialit\u00e9 de l&rsquo;UTILISATEUR \u00e0 tout moment et de ne pas collecter d&rsquo;informations inutiles. La fourniture de donn\u00e9es personnelles via notre portail n\u00e9cessite un \u00e2ge minimum de 14 ans et l&rsquo;acceptation expresse de notre politique de confidentialit\u00e9. <\/span><\/p>\n<p class=\"tw-data-text tw-text-large tw-ta\" dir=\"ltr\" data-placeholder=\"Traducci\u00f3n\"><span class=\"Y2IQFc\" lang=\"fr\">D. RESPONSABILIT\u00c9S <\/span><\/p>\n<p class=\"tw-data-text tw-text-large tw-ta\" dir=\"ltr\" data-placeholder=\"Traducci\u00f3n\"><span class=\"Y2IQFc\" lang=\"fr\">En mettant ce site Web \u00e0 la disposition de l&rsquo;UTILISATEUR, nous voulons offrir un service qualit\u00e9, en faisant preuve de la plus grande diligence dans sa fourniture, ainsi que dans les moyens technologies utilis\u00e9es. Toutefois, Micofora ne garantit pas que la disponibilit\u00e9 du service sera continu et ininterrompu, en raison de circonstances caus\u00e9es par des probl\u00e8mes sur le r\u00e9seau Internet, pannes d&rsquo;appareils informatiques ou autres circonstances impr\u00e9visibles, de sorte que le L&rsquo;UTILISATEUR s&rsquo;engage \u00e0 supporter ces circonstances dans des limites raisonnables. Ce site Web, \u00e0 l&rsquo;exception de ce qui est r\u00e9glement\u00e9, le cas \u00e9ch\u00e9ant, par des conditions d&rsquo;utilisation sp\u00e9cifiques, est pr\u00e9sentation purement informative et institutionnelle de nos produits et services, donc que la Micofora n&rsquo;est pas responsable des attentes de toute nature qu&rsquo;elle peut engendrer envers les PERSONNE UTILISATEUR. L&rsquo;UTILISATEUR reconna\u00eet avoir pris connaissance de toutes les informations concernant les conditions d&rsquo;utilisation de notre portail, et reconna\u00eet qu&rsquo;ils sont suffisants pour exclure l&rsquo;erreur qu&rsquo;ils contiennent, et par cons\u00e9quent, les accepte pleinement et express\u00e9ment. L&rsquo;UTILISATEUR est pleinement conscient que la simple navigation \u00e0 travers ce site Web, ainsi que l&rsquo;utilisation de ses services, impliquent l&rsquo;acceptation de ces condition d&rsquo;utilisation. Tout ce qui concerne notre site Web est r\u00e9gi exclusivement par la loi espagnole. Dans le cas de la survenance de tout type de divergence ou de divergence entre les parties en ce qui concerne l&rsquo;interpr\u00e9tation et le contenu de ce site Web, toutes les parties soumettent aux tribunaux et Des tribunaux qui correspondent l\u00e9galement.<\/span><\/p>\n<div id=\"tw-target-rmn-container\" class=\"tw-target-rmn tw-ta-container F0azHf tw-nfl\">\n<div id=\"tw-target-text-container\" class=\"tw-ta-container F0azHf tw-nfl\" tabindex=\"0\"><span class=\"Y2IQFc\" lang=\"fr\">E. VALIDIT\u00c9 DES CONDITIONS G\u00c9N\u00c9RALES D&rsquo;ACC\u00c8S AU WEB <\/span><\/div>\n<div tabindex=\"0\"><\/div>\n<div class=\"tw-ta-container F0azHf tw-nfl\" tabindex=\"0\"><span class=\"Y2IQFc\" lang=\"fr\">Les pr\u00e9sentes Conditions G\u00e9n\u00e9rales d&rsquo;Utilisation ont \u00e9t\u00e9 modifi\u00e9es le 01\/10\/2022. Dans Nous pouvons proc\u00e9der \u00e0 sa modification \u00e0 tout moment : merci de v\u00e9rifier la date de d\u00e9livrance \u00e0 chaque fois que vous vous connectez \u00e0 notre site internet et avez ainsi la certitude que vous ne il n&rsquo;y a eu aucune modification qui l&rsquo;affecte. <\/span><\/div>\n<div class=\"tw-ta-container F0azHf tw-nfl\" tabindex=\"0\"><span class=\"Y2IQFc\" lang=\"fr\">Pour toute question relative aux Conditions d&rsquo;Utilisation de notre site, vous pouvez contacter Contactez-nous aux donn\u00e9es indiqu\u00e9es ci-dessus, ou avec Lant Abogados \u00e0 info@lant- avocats.com ou sur https:\/\/www.lant-abogados.com\/<\/span><\/div>\n<div id=\"tw-target-rmn-container\" class=\"tw-target-rmn tw-ta-container F0azHf tw-nfl\">\n<pre id=\"tw-target-rmn\" class=\"tw-data-placeholder tw-text-small tw-ta\" dir=\"ltr\" data-placeholder=\"\"><\/pre>\n<\/div>\n<\/div>\n<pre id=\"tw-target-text\" class=\"tw-data-text tw-text-large tw-ta\" dir=\"ltr\" data-placeholder=\"Traducci\u00f3n\"><span class=\"Y2IQFc\" lang=\"fr\">\u00a0<\/span><\/pre>\n<div id=\"tw-target-rmn-container\" class=\"tw-target-rmn tw-ta-container F0azHf tw-nfl\">\n<p id=\"tw-target-rmn\" class=\"tw-data-placeholder tw-text-small tw-ta\" dir=\"ltr\">\n<\/div>\n<\/div>\n","protected":false},"excerpt":{"rendered":"<p>Ce site web est la propri\u00e9t\u00e9 de MICOLOGIA FORESTAL\u00a0 APLICADA SL (\u00c0 partir de Micofora), avec NIF n\u00ba B64390040 et adresse \u00e0 Cami del Fou s\/n, Sant Antoni de Vilamajor (08459), Barcelone, Espagne et inscrite au Registre du Commerce de Barcelone, Volume 39132, Folio 104, Page B 339103, Inscription 1 Pour toute question ou proposition,  [&#8230;]<\/p>\n","protected":false},"author":1,"featured_media":0,"parent":0,"menu_order":0,"comment_status":"closed","ping_status":"closed","template":"","meta":{"footnotes":""},"class_list":["post-20694","page","type-page","status-publish","hentry"],"yoast_head":"<!-- This site is optimized with the Yoast SEO plugin v27.5 - https:\/\/yoast.com\/product\/yoast-seo-wordpress\/ -->\n<title>Avis juridique - Micofora<\/title>\n<meta name=\"robots\" content=\"noindex, nofollow\" \/>\n<meta property=\"og:locale\" content=\"fr_FR\" \/>\n<meta property=\"og:type\" content=\"article\" \/>\n<meta property=\"og:title\" content=\"Avis juridique - Micofora\" \/>\n<meta property=\"og:description\" content=\"Ce site web est la propri\u00e9t\u00e9 de MICOLOGIA FORESTAL\u00a0 APLICADA SL (\u00c0 partir de Micofora), avec NIF n\u00ba B64390040 et adresse \u00e0 Cami del Fou s\/n, Sant Antoni de Vilamajor (08459), Barcelone, Espagne et inscrite au Registre du Commerce de Barcelone, Volume 39132, Folio 104, Page B 339103, Inscription 1 Pour toute question ou proposition, [...]\" \/>\n<meta property=\"og:url\" content=\"https:\/\/micofora.com\/fr\/avis-juridique\/\" \/>\n<meta property=\"og:site_name\" content=\"Micofora\" \/>\n<meta property=\"article:modified_time\" content=\"2025-12-01T13:54:35+00:00\" \/>\n<meta name=\"twitter:card\" content=\"summary_large_image\" \/>\n<meta name=\"twitter:label1\" content=\"Dur\u00e9e de lecture estim\u00e9e\" \/>\n\t<meta name=\"twitter:data1\" content=\"6 minutes\" \/>\n<script type=\"application\/ld+json\" class=\"yoast-schema-graph\">{\"@context\":\"https:\\\/\\\/schema.org\",\"@graph\":[{\"@type\":\"WebPage\",\"@id\":\"https:\\\/\\\/micofora.com\\\/fr\\\/avis-juridique\\\/\",\"url\":\"https:\\\/\\\/micofora.com\\\/fr\\\/avis-juridique\\\/\",\"name\":\"Avis juridique - Micofora\",\"isPartOf\":{\"@id\":\"https:\\\/\\\/micofora.com\\\/#website\"},\"datePublished\":\"2016-10-30T12:54:10+00:00\",\"dateModified\":\"2025-12-01T13:54:35+00:00\",\"breadcrumb\":{\"@id\":\"https:\\\/\\\/micofora.com\\\/fr\\\/avis-juridique\\\/#breadcrumb\"},\"inLanguage\":\"fr-FR\",\"potentialAction\":[{\"@type\":\"ReadAction\",\"target\":[\"https:\\\/\\\/micofora.com\\\/fr\\\/avis-juridique\\\/\"]}]},{\"@type\":\"BreadcrumbList\",\"@id\":\"https:\\\/\\\/micofora.com\\\/fr\\\/avis-juridique\\\/#breadcrumb\",\"itemListElement\":[{\"@type\":\"ListItem\",\"position\":1,\"name\":\"Portada\",\"item\":\"https:\\\/\\\/micofora.com\\\/fr\\\/\"},{\"@type\":\"ListItem\",\"position\":2,\"name\":\"Avis juridique\"}]},{\"@type\":\"WebSite\",\"@id\":\"https:\\\/\\\/micofora.com\\\/#website\",\"url\":\"https:\\\/\\\/micofora.com\\\/\",\"name\":\"Micofora\",\"description\":\"Micologia Forestal &amp; Aplicada\",\"potentialAction\":[{\"@type\":\"SearchAction\",\"target\":{\"@type\":\"EntryPoint\",\"urlTemplate\":\"https:\\\/\\\/micofora.com\\\/?s={search_term_string}\"},\"query-input\":{\"@type\":\"PropertyValueSpecification\",\"valueRequired\":true,\"valueName\":\"search_term_string\"}}],\"inLanguage\":\"fr-FR\"}]}<\/script>\n<!-- \/ Yoast SEO plugin. -->","yoast_head_json":{"title":"Avis juridique - Micofora","robots":{"index":"noindex","follow":"nofollow"},"og_locale":"fr_FR","og_type":"article","og_title":"Avis juridique - Micofora","og_description":"Ce site web est la propri\u00e9t\u00e9 de MICOLOGIA FORESTAL\u00a0 APLICADA SL (\u00c0 partir de Micofora), avec NIF n\u00ba B64390040 et adresse \u00e0 Cami del Fou s\/n, Sant Antoni de Vilamajor (08459), Barcelone, Espagne et inscrite au Registre du Commerce de Barcelone, Volume 39132, Folio 104, Page B 339103, Inscription 1 Pour toute question ou proposition, [...]","og_url":"https:\/\/micofora.com\/fr\/avis-juridique\/","og_site_name":"Micofora","article_modified_time":"2025-12-01T13:54:35+00:00","twitter_card":"summary_large_image","twitter_misc":{"Dur\u00e9e de lecture estim\u00e9e":"6 minutes"},"schema":{"@context":"https:\/\/schema.org","@graph":[{"@type":"WebPage","@id":"https:\/\/micofora.com\/fr\/avis-juridique\/","url":"https:\/\/micofora.com\/fr\/avis-juridique\/","name":"Avis juridique - Micofora","isPartOf":{"@id":"https:\/\/micofora.com\/#website"},"datePublished":"2016-10-30T12:54:10+00:00","dateModified":"2025-12-01T13:54:35+00:00","breadcrumb":{"@id":"https:\/\/micofora.com\/fr\/avis-juridique\/#breadcrumb"},"inLanguage":"fr-FR","potentialAction":[{"@type":"ReadAction","target":["https:\/\/micofora.com\/fr\/avis-juridique\/"]}]},{"@type":"BreadcrumbList","@id":"https:\/\/micofora.com\/fr\/avis-juridique\/#breadcrumb","itemListElement":[{"@type":"ListItem","position":1,"name":"Portada","item":"https:\/\/micofora.com\/fr\/"},{"@type":"ListItem","position":2,"name":"Avis juridique"}]},{"@type":"WebSite","@id":"https:\/\/micofora.com\/#website","url":"https:\/\/micofora.com\/","name":"Micofora","description":"Micologia Forestal &amp; Aplicada","potentialAction":[{"@type":"SearchAction","target":{"@type":"EntryPoint","urlTemplate":"https:\/\/micofora.com\/?s={search_term_string}"},"query-input":{"@type":"PropertyValueSpecification","valueRequired":true,"valueName":"search_term_string"}}],"inLanguage":"fr-FR"}]}},"_links":{"self":[{"href":"https:\/\/micofora.com\/fr\/wp-json\/wp\/v2\/pages\/20694","targetHints":{"allow":["GET"]}}],"collection":[{"href":"https:\/\/micofora.com\/fr\/wp-json\/wp\/v2\/pages"}],"about":[{"href":"https:\/\/micofora.com\/fr\/wp-json\/wp\/v2\/types\/page"}],"author":[{"embeddable":true,"href":"https:\/\/micofora.com\/fr\/wp-json\/wp\/v2\/users\/1"}],"replies":[{"embeddable":true,"href":"https:\/\/micofora.com\/fr\/wp-json\/wp\/v2\/comments?post=20694"}],"version-history":[{"count":2,"href":"https:\/\/micofora.com\/fr\/wp-json\/wp\/v2\/pages\/20694\/revisions"}],"predecessor-version":[{"id":27959,"href":"https:\/\/micofora.com\/fr\/wp-json\/wp\/v2\/pages\/20694\/revisions\/27959"}],"wp:attachment":[{"href":"https:\/\/micofora.com\/fr\/wp-json\/wp\/v2\/media?parent=20694"}],"curies":[{"name":"wp","href":"https:\/\/api.w.org\/{rel}","templated":true}]}}