{"id":20548,"date":"2016-01-03T09:53:16","date_gmt":"2016-01-03T09:53:16","guid":{"rendered":"http:\/\/micofora.com\/fr\/produccion-planta-micorrizada\/"},"modified":"2020-10-26T14:24:02","modified_gmt":"2020-10-26T14:24:02","slug":"production-plante-mycorhiziens","status":"publish","type":"page","link":"https:\/\/micofora.com\/fr\/production-plante-mycorhiziens\/","title":{"rendered":"Production de plantes mycorhiziens"},"content":{"rendered":"<p><div class=\"fusion-fullwidth fullwidth-box fusion-builder-row-1 nonhundred-percent-fullwidth non-hundred-percent-height-scrolling\" style=\"--awb-background-position:left top;--awb-border-radius-top-left:0px;--awb-border-radius-top-right:0px;--awb-border-radius-bottom-right:0px;--awb-border-radius-bottom-left:0px;--awb-padding-top:20px;--awb-padding-bottom:20px;--awb-border-sizes-top:0px;--awb-border-sizes-bottom:0px;--awb-flex-wrap:wrap;\" ><div class=\"fusion-builder-row fusion-row\"><div class=\"fusion-layout-column fusion_builder_column fusion-builder-column-0 fusion_builder_column_1_1 1_1 fusion-one-full fusion-column-first fusion-column-last\" style=\"--awb-bg-size:cover;\"><div class=\"fusion-column-wrapper fusion-flex-column-wrapper-legacy\"><div class=\"fusion-image-element in-legacy-container\" style=\"--awb-caption-title-font-family:var(--h2_typography-font-family);--awb-caption-title-font-weight:var(--h2_typography-font-weight);--awb-caption-title-font-style:var(--h2_typography-font-style);--awb-caption-title-size:var(--h2_typography-font-size);--awb-caption-title-transform:var(--h2_typography-text-transform);--awb-caption-title-line-height:var(--h2_typography-line-height);--awb-caption-title-letter-spacing:var(--h2_typography-letter-spacing);\"><span class=\" fusion-imageframe imageframe-none imageframe-1 hover-type-none\"><img decoding=\"async\" width=\"1600\" height=\"605\" title=\"slider1\" src=\"https:\/\/micofora.com\/wp-content\/uploads\/2016\/01\/slider1.jpg\" alt class=\"img-responsive wp-image-20550\" srcset=\"https:\/\/micofora.com\/wp-content\/uploads\/2016\/01\/slider1-200x76.jpg 200w, https:\/\/micofora.com\/wp-content\/uploads\/2016\/01\/slider1-400x151.jpg 400w, https:\/\/micofora.com\/wp-content\/uploads\/2016\/01\/slider1-600x227.jpg 600w, https:\/\/micofora.com\/wp-content\/uploads\/2016\/01\/slider1-800x303.jpg 800w, https:\/\/micofora.com\/wp-content\/uploads\/2016\/01\/slider1-1200x454.jpg 1200w, https:\/\/micofora.com\/wp-content\/uploads\/2016\/01\/slider1.jpg 1600w\" sizes=\"(max-width: 800px) 100vw, 1200px\" \/><\/span><\/div><div class=\"fusion-clearfix\"><\/div><\/div><\/div><div class=\"fusion-layout-column fusion_builder_column fusion-builder-column-1 fusion_builder_column_1_1 1_1 fusion-one-full fusion-column-first fusion-column-last\" style=\"--awb-bg-size:cover;\"><div class=\"fusion-column-wrapper fusion-flex-column-wrapper-legacy\"><div class=\"fusion-title title fusion-title-1 fusion-title-text fusion-title-size-two\"><h2 class=\"fusion-title-heading title-heading-left\" style=\"margin:0;\">Technologie pour la production de plantes mycorhiziens avec champignons comestibles<\/h2><span class=\"awb-title-spacer\"><\/span><div class=\"title-sep-container\"><div class=\"title-sep sep-double sep-solid\" style=\"border-color:#e0dede;\"><\/div><\/div><\/div><div class=\"fusion-text fusion-text-1\"><p>Micologia Forestal &amp; Aplicada, depuis 1989, a d\u00e9velopp\u00e9 des technologies pour la production de plante mycorhiziens en p\u00e9pini\u00e8re pour produir champignons comestibles. Gr\u00e2ce \u00e0 notre \u00a0I+D, ces technologies sont constamment mises \u00e0 jour et plus efficace chaque jour.<\/p>\n<p>Aujourd&rsquo;hui, nous pouvons voir cette technologie en deux versions:<\/p>\n<ul>\n<li>Protocole de productions de plante mycorhiziens. Gr\u00e2ce \u00e0 cette technologie, vous pouvez produire des ch\u00eanes, ch\u00eanes verts, noisetiers, pins, etc. mycorhiziens avec diff\u00e9rentes vari\u00e9t\u00e9s de truffe, comme la truffe noire (Tuber melanosporum), la truffe de Bourgogne ou d&rsquo;\u00e9t\u00e9 (Tuber aestivum-uncinatum), ou bianchetto (Tuber borchii ou Tuber albidum).<\/li>\n<li>Protocole pour la production de pins mycorhiziens aux champignons sauvages (Lactarius de deliciosus). Gr\u00e2ce \u00e0 cette technologie, vous pouvez produire tout type de pin mycorhizes avec girolles ou \u00ab\u00a0rovellons\u00a0\u00bb (Lactarius deliciosus, Lactarius sanguifluus, etc).<\/li>\n<\/ul>\n<p>Ces deux technologies couvrent tous les aspects de sa production: la production de semences, la formulation et la pr\u00e9paration des syst\u00e8mes cultivation, syst\u00e9me de semences et de production dans des conditions contr\u00f4l\u00e9es. En plus des conseils en continu et donne des solutions de problemes des ann\u00e9es ant\u00e9rieures.<\/p>\n<p>Si vous \u00eates int\u00e9ress\u00e9 par la cr\u00e9ation d&rsquo;une p\u00e9pini\u00e8re ou soci\u00e9t\u00e9 li\u00e9e \u00e0 la production de champignons mycorhiziens comestibles, ou de croire que cette technologie peut \u00eatre utile pour leurs projets, s&rsquo;il vous pla\u00eet contactez-nous.<\/p>\n<\/div><div class=\"fusion-sep-clear\"><\/div><div class=\"fusion-separator fusion-full-width-sep\" style=\"margin-left: auto;margin-right: auto;margin-top:10px;margin-bottom:11px;width:100%;\"><\/div><div class=\"fusion-sep-clear\"><\/div><div class=\"fusion-clearfix\"><\/div><\/div><\/div><div class=\"fusion-layout-column fusion_builder_column fusion-builder-column-2 fusion_builder_column_1_3 1_3 fusion-one-third fusion-column-first\" style=\"--awb-bg-size:cover;width:30.6666%; margin-right: 4%;\"><div class=\"fusion-column-wrapper fusion-flex-column-wrapper-legacy\"><div class=\"fusion-button-wrapper\"><a class=\"fusion-button button-flat fusion-button-default-size button-default fusion-button-default button-1 fusion-button-default-span fusion-button-default-type\" target=\"_blank\" rel=\"noopener noreferrer\" href=\"https:\/\/micofora.com\/wp-content\/uploads\/2017\/09\/DOSSIER-TECNOLOGIA-PRODUCCI\u00d3N-PLANTA-CON-TRUFAS-ES.pdf\"><span class=\"fusion-button-text awb-button__text awb-button__text--default\">DOSSIER TECHNOLOGIQUE PRODUCTION VEGETALE AVEC TRUFFE<\/span><\/a><\/div><div class=\"fusion-clearfix\"><\/div><\/div><\/div><div class=\"fusion-layout-column fusion_builder_column fusion-builder-column-3 fusion_builder_column_1_3 1_3 fusion-one-third\" style=\"--awb-bg-size:cover;width:30.6666%; margin-right: 4%;\"><div class=\"fusion-column-wrapper fusion-flex-column-wrapper-legacy\"><div class=\"fusion-button-wrapper\"><a class=\"fusion-button button-flat fusion-button-default-size button-default fusion-button-default button-2 fusion-button-default-span fusion-button-default-type\" target=\"_blank\" rel=\"noopener noreferrer\" href=\"https:\/\/micofora.com\/wp-content\/uploads\/2017\/09\/Tecnologia-Planta-micorrizada-Tuber-borchii-ES-1.pdf\"><span class=\"fusion-button-text awb-button__text awb-button__text--default\">DOSSIER TECHNOLOGIQUE DE PLANTE MYCORHIZIENNE TUBER BORCHII <\/span><\/a><\/div><div class=\"fusion-clearfix\"><\/div><\/div><\/div><div class=\"fusion-layout-column fusion_builder_column fusion-builder-column-4 fusion_builder_column_1_3 1_3 fusion-one-third fusion-column-last\" style=\"--awb-bg-size:cover;width:30.6666%;\"><div class=\"fusion-column-wrapper fusion-flex-column-wrapper-legacy\"><div class=\"fusion-button-wrapper\"><a class=\"fusion-button button-flat fusion-button-default-size button-default fusion-button-default button-3 fusion-button-default-span fusion-button-default-type\" target=\"_blank\" rel=\"noopener noreferrer\" href=\"https:\/\/micofora.com\/wp-content\/uploads\/2017\/09\/Technology-for-the-production-of-Infected-Pines-with-Lactarius-EN-1.pdf\"><span class=\"fusion-button-text awb-button__text awb-button__text--default\">DOSSIER PINS AVEC LACTARIUS DELICIOSUS<\/span><\/a><\/div><div class=\"fusion-clearfix\"><\/div><\/div><\/div><div class=\"fusion-layout-column fusion_builder_column fusion-builder-column-5 fusion_builder_column_1_1 1_1 fusion-one-full fusion-column-first fusion-column-last\" style=\"--awb-bg-size:cover;\"><div class=\"fusion-column-wrapper fusion-flex-column-wrapper-legacy\"><div class=\"fusion-image-element in-legacy-container\" style=\"--awb-caption-title-font-family:var(--h2_typography-font-family);--awb-caption-title-font-weight:var(--h2_typography-font-weight);--awb-caption-title-font-style:var(--h2_typography-font-style);--awb-caption-title-size:var(--h2_typography-font-size);--awb-caption-title-transform:var(--h2_typography-text-transform);--awb-caption-title-line-height:var(--h2_typography-line-height);--awb-caption-title-letter-spacing:var(--h2_typography-letter-spacing);\"><span class=\" fusion-imageframe imageframe-none imageframe-2 hover-type-none\"><img decoding=\"async\" width=\"1600\" height=\"906\" title=\"llit-sembra&#8211;763867\" src=\"https:\/\/micofora.com\/wp-content\/uploads\/2016\/01\/llit-sembra-763867.jpg\" alt class=\"img-responsive wp-image-20549\" srcset=\"https:\/\/micofora.com\/wp-content\/uploads\/2016\/01\/llit-sembra-763867-200x113.jpg 200w, https:\/\/micofora.com\/wp-content\/uploads\/2016\/01\/llit-sembra-763867-400x227.jpg 400w, https:\/\/micofora.com\/wp-content\/uploads\/2016\/01\/llit-sembra-763867-600x340.jpg 600w, https:\/\/micofora.com\/wp-content\/uploads\/2016\/01\/llit-sembra-763867-800x453.jpg 800w, https:\/\/micofora.com\/wp-content\/uploads\/2016\/01\/llit-sembra-763867-1200x680.jpg 1200w, https:\/\/micofora.com\/wp-content\/uploads\/2016\/01\/llit-sembra-763867.jpg 1600w\" sizes=\"(max-width: 800px) 100vw, 1200px\" \/><\/span><\/div><div class=\"fusion-clearfix\"><\/div><\/div><\/div><\/div><\/div><div class=\"fusion-fullwidth fullwidth-box fusion-builder-row-2 hundred-percent-fullwidth non-hundred-percent-height-scrolling\" style=\"--awb-border-radius-top-left:0px;--awb-border-radius-top-right:0px;--awb-border-radius-bottom-right:0px;--awb-border-radius-bottom-left:0px;--awb-overflow:visible;--awb-margin-top:10px;--awb-margin-bottom:11px;--awb-background-color:rgba(255,255,255,0);--awb-flex-wrap:wrap;\" ><div class=\"fusion-builder-row fusion-row\"><div class=\"fusion-layout-column fusion_builder_column fusion-builder-column-6 fusion_builder_column_1_1 1_1 fusion-one-full fusion-column-first fusion-column-last fusion-column-no-min-height\" style=\"--awb-bg-size:cover;--awb-margin-bottom:0px;\"><div class=\"fusion-column-wrapper fusion-flex-column-wrapper-legacy\"><div class=\"fusion-sep-clear\"><\/div><div class=\"fusion-separator fusion-full-width-sep\" style=\"margin-left: auto;margin-right: auto;width:100%;\"><\/div><div class=\"fusion-sep-clear\"><\/div><div class=\"fusion-clearfix\"><\/div><\/div><\/div><\/div><\/div><div class=\"fusion-fullwidth fullwidth-box fusion-builder-row-3 hundred-percent-fullwidth non-hundred-percent-height-scrolling\" style=\"--awb-border-radius-top-left:0px;--awb-border-radius-top-right:0px;--awb-border-radius-bottom-right:0px;--awb-border-radius-bottom-left:0px;--awb-overflow:visible;--awb-flex-wrap:wrap;\" ><div class=\"fusion-builder-row fusion-row\"><div class=\"fusion-layout-column fusion_builder_column fusion-builder-column-7 fusion_builder_column_1_1 1_1 fusion-one-full fusion-column-first fusion-column-last fusion-column-no-min-height\" style=\"--awb-bg-size:cover;--awb-margin-bottom:0px;\"><div class=\"fusion-column-wrapper fusion-flex-column-wrapper-legacy\"><div class=\"fusion-sharing-box fusion-sharing-box-1 has-taglines layout-floated layout-medium-floated layout-small-floated\" style=\"background-color:#f6f6f6;--awb-layout:row;--awb-alignment-small:space-between;\" data-title=\"Production de plantes mycorhiziens\" data-description=\"Technologie pour la production de plantes mycorhiziens avec champignons comestibles \r\n\r\nMicologia Forestal &amp; Aplicada, depuis 1989, a d\u00e9velopp\u00e9 des technologies pour la production de plante mycorhiziens en p\u00e9pini\u00e8re pour produir champignons comestibles. Gr\u00e2ce \u00e0 notre \u00a0I+D, ces technologies sont constamment mises \u00e0 jour et plus efficace chaque jour.\r\n\r\nAujourd&#039;hui, nous pouvons voir cette technologie en\" data-link=\"https:\/\/micofora.com\/fr\/production-plante-mycorhiziens\/\"><h4 class=\"tagline\" style=\"color:#333333;\">Comparte esta historia, Elija su plataforma!<\/h4><div class=\"fusion-social-networks sharingbox-shortcode-icon-wrapper sharingbox-shortcode-icon-wrapper-1\"><span><a href=\"https:\/\/www.facebook.com\/sharer.php?u=https%3A%2F%2Fmicofora.com%2Ffr%2Fproduction-plante-mycorhiziens%2F&amp;t=Production%20de%20plantes%20mycorhiziens\" target=\"_blank\" rel=\"noreferrer\" title=\"Facebook\" aria-label=\"Facebook\" data-placement=\"top\" data-toggle=\"tooltip\" data-title=\"Facebook\"><i class=\"fusion-social-network-icon fusion-tooltip fusion-facebook awb-icon-facebook\" style=\"color:#bebdbd;\" aria-hidden=\"true\"><\/i><\/a><\/span><span><a href=\"https:\/\/x.com\/intent\/post?text=Production%20de%20plantes%20mycorhiziens&amp;url=https%3A%2F%2Fmicofora.com%2Ffr%2Fproduction-plante-mycorhiziens%2F\" target=\"_blank\" rel=\"noopener noreferrer\" title=\"X\" aria-label=\"X\" data-placement=\"top\" data-toggle=\"tooltip\" data-title=\"X\"><i class=\"fusion-social-network-icon fusion-tooltip fusion-twitter awb-icon-twitter\" style=\"color:#bebdbd;\" aria-hidden=\"true\"><\/i><\/a><\/span><span><a href=\"https:\/\/reddit.com\/submit?url=https%3A%2F%2Fmicofora.com%2Ffr%2Fproduction-plante-mycorhiziens%2F&amp;title=Production%20de%20plantes%20mycorhiziens\" target=\"_blank\" rel=\"noopener noreferrer\" title=\"Reddit\" aria-label=\"Reddit\" data-placement=\"top\" data-toggle=\"tooltip\" data-title=\"Reddit\"><i class=\"fusion-social-network-icon fusion-tooltip fusion-reddit awb-icon-reddit\" style=\"color:#bebdbd;\" aria-hidden=\"true\"><\/i><\/a><\/span><span><a href=\"https:\/\/www.linkedin.com\/shareArticle?mini=true&amp;url=https%3A%2F%2Fmicofora.com%2Ffr%2Fproduction-plante-mycorhiziens%2F&amp;title=Production%20de%20plantes%20mycorhiziens&amp;summary=Technologie%20pour%20la%20production%20de%20plantes%20mycorhiziens%20avec%20champignons%20comestibles%20%0D%0A%0D%0AMicologia%20Forestal%20%26amp%3B%20Aplicada%2C%20depuis%201989%2C%20a%20d%C3%A9velopp%C3%A9%20des%20technologies%20pour%20la%20production%20de%20plante%20mycorhiziens%20en%20p%C3%A9pini%C3%A8re%20pour%20produir%20champignons%20comestibles.%20Gr%C3%A2ce%20%C3%A0%20notre%20%C2%A0I%2BD%2C%20ces%20technologies%20sont%20constamment%20mises%20%C3%A0%20jour%20et%20plus%20efficace%20chaque%20jour.%0D%0A%0D%0AAujourd%26%2339%3Bhui%2C%20nous%20pouvons%20voir%20cette%20technologie%20en\" target=\"_blank\" rel=\"noopener noreferrer\" title=\"LinkedIn\" aria-label=\"LinkedIn\" data-placement=\"top\" data-toggle=\"tooltip\" data-title=\"LinkedIn\"><i class=\"fusion-social-network-icon fusion-tooltip fusion-linkedin awb-icon-linkedin\" style=\"color:#bebdbd;\" aria-hidden=\"true\"><\/i><\/a><\/span><span><a href=\"https:\/\/www.tumblr.com\/share\/link?url=https%3A%2F%2Fmicofora.com%2Ffr%2Fproduction-plante-mycorhiziens%2F&amp;name=Production%20de%20plantes%20mycorhiziens&amp;description=Technologie%20pour%20la%20production%20de%20plantes%20mycorhiziens%20avec%20champignons%20comestibles%20%0D%0A%0D%0AMicologia%20Forestal%20%26amp%3B%20Aplicada%2C%20depuis%201989%2C%20a%20d%C3%A9velopp%C3%A9%20des%20technologies%20pour%20la%20production%20de%20plante%20mycorhiziens%20en%20p%C3%A9pini%C3%A8re%20pour%20produir%20champignons%20comestibles.%20Gr%C3%A2ce%20%C3%A0%20notre%20%C2%A0I%2BD%2C%20ces%20technologies%20sont%20constamment%20mises%20%C3%A0%20jour%20et%20plus%20efficace%20chaque%20jour.%0D%0A%0D%0AAujourd%26%2339%3Bhui%2C%20nous%20pouvons%20voir%20cette%20technologie%20en\" target=\"_blank\" rel=\"noopener noreferrer\" title=\"Tumblr\" aria-label=\"Tumblr\" data-placement=\"top\" data-toggle=\"tooltip\" data-title=\"Tumblr\"><i class=\"fusion-social-network-icon fusion-tooltip fusion-tumblr awb-icon-tumblr\" style=\"color:#bebdbd;\" aria-hidden=\"true\"><\/i><\/a><\/span><span><a href=\"https:\/\/pinterest.com\/pin\/create\/button\/?url=https%3A%2F%2Fmicofora.com%2Ffr%2Fproduction-plante-mycorhiziens%2F&amp;description=Technologie%20pour%20la%20production%20de%20plantes%20mycorhiziens%20avec%20champignons%20comestibles%20%0D%0A%0D%0AMicologia%20Forestal%20%26amp%3B%20Aplicada%2C%20depuis%201989%2C%20a%20d%C3%A9velopp%C3%A9%20des%20technologies%20pour%20la%20production%20de%20plante%20mycorhiziens%20en%20p%C3%A9pini%C3%A8re%20pour%20produir%20champignons%20comestibles.%20Gr%C3%A2ce%20%C3%A0%20notre%20%C2%A0I%2BD%2C%20ces%20technologies%20sont%20constamment%20mises%20%C3%A0%20jour%20et%20plus%20efficace%20chaque%20jour.%0D%0A%0D%0AAujourd%26%2339%3Bhui%2C%20nous%20pouvons%20voir%20cette%20technologie%20en&amp;media=\" target=\"_blank\" rel=\"noopener noreferrer\" title=\"Pinterest\" aria-label=\"Pinterest\" data-placement=\"top\" data-toggle=\"tooltip\" data-title=\"Pinterest\"><i class=\"fusion-social-network-icon fusion-tooltip fusion-pinterest awb-icon-pinterest\" style=\"color:#bebdbd;\" aria-hidden=\"true\"><\/i><\/a><\/span><span><a href=\"mailto:?subject=Production%20de%20plantes%20mycorhiziens&amp;body=https%3A%2F%2Fmicofora.com%2Ffr%2Fproduction-plante-mycorhiziens%2F\" target=\"_self\" title=\"Email\" aria-label=\"Email\" data-placement=\"top\" data-toggle=\"tooltip\" data-title=\"Email\"><i class=\"fusion-social-network-icon fusion-tooltip fusion-mail awb-icon-mail\" style=\"color:#bebdbd;\" aria-hidden=\"true\"><\/i><\/a><\/span><\/div><\/div><div class=\"fusion-clearfix\"><\/div><\/div><\/div><div class=\"fusion-layout-column fusion_builder_column fusion-builder-column-8 fusion_builder_column_1_3 1_3 fusion-one-third fusion-column-first\" style=\"--awb-bg-size:cover;width:30.6666%; margin-right: 4%;\"><div class=\"fusion-column-wrapper fusion-flex-column-wrapper-legacy\"><div class=\"fusion-clearfix\"><\/div><\/div><\/div><\/div><\/div><\/p>\n","protected":false},"excerpt":{"rendered":"","protected":false},"author":6,"featured_media":0,"parent":0,"menu_order":2,"comment_status":"closed","ping_status":"closed","template":"","meta":{"footnotes":""},"class_list":["post-20548","page","type-page","status-publish","hentry"],"yoast_head":"<!-- This site is optimized with the Yoast SEO plugin v27.4 - https:\/\/yoast.com\/product\/yoast-seo-wordpress\/ -->\n<title>Production de plantes mycorhiziens - Micofora<\/title>\n<meta name=\"description\" content=\"Micologia Forestal &amp; Aplicada, depuis 1989, a d\u00e9velopp\u00e9 des technologies pour la production de plante mycorhiziens en p\u00e9pini\u00e8re pour champignons comestibles.\" \/>\n<meta name=\"robots\" content=\"index, follow, max-snippet:-1, max-image-preview:large, max-video-preview:-1\" \/>\n<link rel=\"canonical\" href=\"https:\/\/micofora.com\/fr\/production-plante-mycorhiziens\/\" \/>\n<meta property=\"og:locale\" content=\"fr_FR\" \/>\n<meta property=\"og:type\" content=\"article\" \/>\n<meta property=\"og:title\" content=\"Production de plantes mycorhiziens - Micofora\" \/>\n<meta property=\"og:description\" content=\"Micologia Forestal &amp; Aplicada, depuis 1989, a d\u00e9velopp\u00e9 des technologies pour la production de plante mycorhiziens en p\u00e9pini\u00e8re pour champignons comestibles.\" \/>\n<meta property=\"og:url\" content=\"https:\/\/micofora.com\/fr\/production-plante-mycorhiziens\/\" \/>\n<meta property=\"og:site_name\" content=\"Micofora\" \/>\n<meta property=\"article:modified_time\" content=\"2020-10-26T14:24:02+00:00\" \/>\n<meta property=\"og:image\" content=\"https:\/\/micofora.com\/wp-content\/uploads\/2016\/01\/slider1.jpg\" \/>\n<meta name=\"twitter:card\" content=\"summary_large_image\" \/>\n<meta name=\"twitter:label1\" content=\"Dur\u00e9e de lecture estim\u00e9e\" \/>\n\t<meta name=\"twitter:data1\" content=\"7 minutes\" \/>\n<script type=\"application\/ld+json\" class=\"yoast-schema-graph\">{\"@context\":\"https:\\\/\\\/schema.org\",\"@graph\":[{\"@type\":\"WebPage\",\"@id\":\"https:\\\/\\\/micofora.com\\\/fr\\\/production-plante-mycorhiziens\\\/\",\"url\":\"https:\\\/\\\/micofora.com\\\/fr\\\/production-plante-mycorhiziens\\\/\",\"name\":\"Production de plantes mycorhiziens - Micofora\",\"isPartOf\":{\"@id\":\"https:\\\/\\\/micofora.com\\\/#website\"},\"primaryImageOfPage\":{\"@id\":\"https:\\\/\\\/micofora.com\\\/fr\\\/production-plante-mycorhiziens\\\/#primaryimage\"},\"image\":{\"@id\":\"https:\\\/\\\/micofora.com\\\/fr\\\/production-plante-mycorhiziens\\\/#primaryimage\"},\"thumbnailUrl\":\"https:\\\/\\\/micofora.com\\\/wp-content\\\/uploads\\\/2016\\\/01\\\/slider1.jpg\",\"datePublished\":\"2016-01-03T09:53:16+00:00\",\"dateModified\":\"2020-10-26T14:24:02+00:00\",\"description\":\"Micologia Forestal & Aplicada, depuis 1989, a d\u00e9velopp\u00e9 des technologies pour la production de plante mycorhiziens en p\u00e9pini\u00e8re pour champignons comestibles.\",\"breadcrumb\":{\"@id\":\"https:\\\/\\\/micofora.com\\\/fr\\\/production-plante-mycorhiziens\\\/#breadcrumb\"},\"inLanguage\":\"fr-FR\",\"potentialAction\":[{\"@type\":\"ReadAction\",\"target\":[\"https:\\\/\\\/micofora.com\\\/fr\\\/production-plante-mycorhiziens\\\/\"]}]},{\"@type\":\"ImageObject\",\"inLanguage\":\"fr-FR\",\"@id\":\"https:\\\/\\\/micofora.com\\\/fr\\\/production-plante-mycorhiziens\\\/#primaryimage\",\"url\":\"https:\\\/\\\/micofora.com\\\/wp-content\\\/uploads\\\/2016\\\/01\\\/slider1.jpg\",\"contentUrl\":\"https:\\\/\\\/micofora.com\\\/wp-content\\\/uploads\\\/2016\\\/01\\\/slider1.jpg\"},{\"@type\":\"BreadcrumbList\",\"@id\":\"https:\\\/\\\/micofora.com\\\/fr\\\/production-plante-mycorhiziens\\\/#breadcrumb\",\"itemListElement\":[{\"@type\":\"ListItem\",\"position\":1,\"name\":\"Portada\",\"item\":\"https:\\\/\\\/micofora.com\\\/fr\\\/\"},{\"@type\":\"ListItem\",\"position\":2,\"name\":\"Production de plantes mycorhiziens\"}]},{\"@type\":\"WebSite\",\"@id\":\"https:\\\/\\\/micofora.com\\\/#website\",\"url\":\"https:\\\/\\\/micofora.com\\\/\",\"name\":\"Micofora\",\"description\":\"Micologia Forestal &amp; Aplicada\",\"potentialAction\":[{\"@type\":\"SearchAction\",\"target\":{\"@type\":\"EntryPoint\",\"urlTemplate\":\"https:\\\/\\\/micofora.com\\\/?s={search_term_string}\"},\"query-input\":{\"@type\":\"PropertyValueSpecification\",\"valueRequired\":true,\"valueName\":\"search_term_string\"}}],\"inLanguage\":\"fr-FR\"}]}<\/script>\n<!-- \/ Yoast SEO plugin. -->","yoast_head_json":{"title":"Production de plantes mycorhiziens - Micofora","description":"Micologia Forestal & Aplicada, depuis 1989, a d\u00e9velopp\u00e9 des technologies pour la production de plante mycorhiziens en p\u00e9pini\u00e8re pour champignons comestibles.","robots":{"index":"index","follow":"follow","max-snippet":"max-snippet:-1","max-image-preview":"max-image-preview:large","max-video-preview":"max-video-preview:-1"},"canonical":"https:\/\/micofora.com\/fr\/production-plante-mycorhiziens\/","og_locale":"fr_FR","og_type":"article","og_title":"Production de plantes mycorhiziens - Micofora","og_description":"Micologia Forestal & Aplicada, depuis 1989, a d\u00e9velopp\u00e9 des technologies pour la production de plante mycorhiziens en p\u00e9pini\u00e8re pour champignons comestibles.","og_url":"https:\/\/micofora.com\/fr\/production-plante-mycorhiziens\/","og_site_name":"Micofora","article_modified_time":"2020-10-26T14:24:02+00:00","og_image":[{"url":"https:\/\/micofora.com\/wp-content\/uploads\/2016\/01\/slider1.jpg","type":"","width":"","height":""}],"twitter_card":"summary_large_image","twitter_misc":{"Dur\u00e9e de lecture estim\u00e9e":"7 minutes"},"schema":{"@context":"https:\/\/schema.org","@graph":[{"@type":"WebPage","@id":"https:\/\/micofora.com\/fr\/production-plante-mycorhiziens\/","url":"https:\/\/micofora.com\/fr\/production-plante-mycorhiziens\/","name":"Production de plantes mycorhiziens - Micofora","isPartOf":{"@id":"https:\/\/micofora.com\/#website"},"primaryImageOfPage":{"@id":"https:\/\/micofora.com\/fr\/production-plante-mycorhiziens\/#primaryimage"},"image":{"@id":"https:\/\/micofora.com\/fr\/production-plante-mycorhiziens\/#primaryimage"},"thumbnailUrl":"https:\/\/micofora.com\/wp-content\/uploads\/2016\/01\/slider1.jpg","datePublished":"2016-01-03T09:53:16+00:00","dateModified":"2020-10-26T14:24:02+00:00","description":"Micologia Forestal & Aplicada, depuis 1989, a d\u00e9velopp\u00e9 des technologies pour la production de plante mycorhiziens en p\u00e9pini\u00e8re pour champignons comestibles.","breadcrumb":{"@id":"https:\/\/micofora.com\/fr\/production-plante-mycorhiziens\/#breadcrumb"},"inLanguage":"fr-FR","potentialAction":[{"@type":"ReadAction","target":["https:\/\/micofora.com\/fr\/production-plante-mycorhiziens\/"]}]},{"@type":"ImageObject","inLanguage":"fr-FR","@id":"https:\/\/micofora.com\/fr\/production-plante-mycorhiziens\/#primaryimage","url":"https:\/\/micofora.com\/wp-content\/uploads\/2016\/01\/slider1.jpg","contentUrl":"https:\/\/micofora.com\/wp-content\/uploads\/2016\/01\/slider1.jpg"},{"@type":"BreadcrumbList","@id":"https:\/\/micofora.com\/fr\/production-plante-mycorhiziens\/#breadcrumb","itemListElement":[{"@type":"ListItem","position":1,"name":"Portada","item":"https:\/\/micofora.com\/fr\/"},{"@type":"ListItem","position":2,"name":"Production de plantes mycorhiziens"}]},{"@type":"WebSite","@id":"https:\/\/micofora.com\/#website","url":"https:\/\/micofora.com\/","name":"Micofora","description":"Micologia Forestal &amp; Aplicada","potentialAction":[{"@type":"SearchAction","target":{"@type":"EntryPoint","urlTemplate":"https:\/\/micofora.com\/?s={search_term_string}"},"query-input":{"@type":"PropertyValueSpecification","valueRequired":true,"valueName":"search_term_string"}}],"inLanguage":"fr-FR"}]}},"_links":{"self":[{"href":"https:\/\/micofora.com\/fr\/wp-json\/wp\/v2\/pages\/20548","targetHints":{"allow":["GET"]}}],"collection":[{"href":"https:\/\/micofora.com\/fr\/wp-json\/wp\/v2\/pages"}],"about":[{"href":"https:\/\/micofora.com\/fr\/wp-json\/wp\/v2\/types\/page"}],"author":[{"embeddable":true,"href":"https:\/\/micofora.com\/fr\/wp-json\/wp\/v2\/users\/6"}],"replies":[{"embeddable":true,"href":"https:\/\/micofora.com\/fr\/wp-json\/wp\/v2\/comments?post=20548"}],"version-history":[{"count":0,"href":"https:\/\/micofora.com\/fr\/wp-json\/wp\/v2\/pages\/20548\/revisions"}],"wp:attachment":[{"href":"https:\/\/micofora.com\/fr\/wp-json\/wp\/v2\/media?parent=20548"}],"curies":[{"name":"wp","href":"https:\/\/api.w.org\/{rel}","templated":true}]}}