{"id":20531,"date":"2016-09-02T14:54:27","date_gmt":"2016-09-02T14:54:27","guid":{"rendered":"http:\/\/micofora.com\/fr\/visitas-tecnicas-trufa\/"},"modified":"2025-11-11T08:47:49","modified_gmt":"2025-11-11T08:47:49","slug":"visites-techniques-truffe","status":"publish","type":"page","link":"https:\/\/micofora.com\/fr\/visites-techniques-truffe\/","title":{"rendered":"Visites Techniques Truffe"},"content":{"rendered":"<div class=\"fusion-fullwidth fullwidth-box fusion-builder-row-1 nonhundred-percent-fullwidth non-hundred-percent-height-scrolling\" style=\"--awb-background-position:left top;--awb-border-sizes-top:0px;--awb-border-sizes-bottom:0px;--awb-border-sizes-left:0px;--awb-border-sizes-right:0px;--awb-border-radius-top-left:0px;--awb-border-radius-top-right:0px;--awb-border-radius-bottom-right:0px;--awb-border-radius-bottom-left:0px;--awb-padding-top:20px;--awb-padding-bottom:20px;--awb-flex-wrap:wrap;\" ><div class=\"fusion-builder-row fusion-row\"><div class=\"fusion-layout-column fusion_builder_column fusion-builder-column-0 fusion_builder_column_1_1 1_1 fusion-one-full fusion-column-first fusion-column-last\" style=\"--awb-bg-size:cover;\"><div class=\"fusion-column-wrapper fusion-flex-column-wrapper-legacy\"><div class=\"fusion-clearfix\"><\/div><\/div><\/div><div class=\"fusion-layout-column fusion_builder_column fusion-builder-column-1 fusion_builder_column_1_3 1_3 fusion-one-third fusion-column-first\" style=\"--awb-bg-size:cover;width:30.6666%; margin-right: 4%;\"><div class=\"fusion-column-wrapper fusion-flex-column-wrapper-legacy\"><div class=\"fusion-text fusion-text-1\"><h2>\u00a0Un service complet pour le trufficulteur<\/h2>\n<p>En plus de la production de mycorhizes pour la culture des truffes noires et le d\u00e9veloppement de la technologie pour l&rsquo;inoculation de truffe dans l&rsquo;arbre adulte, il offre un service complet pour le trufficulteur: vous pouvez envoyer vos \u00e9chantillons de sol afin d&rsquo;\u00e9valuer leur potentiel et demander une visite ou des conseils techniques sur la plantation de truffes.<\/p>\n<\/div><div class=\"fusion-reading-box-container reading-box-container-1\" style=\"--awb-title-color:#333333;--awb-margin-top:0px;--awb-margin-bottom:84px;\"><div class=\"reading-box\" style=\"background-color:#f6f6f6;border-width:1px;border-color:#f6f6f6;border-top-width:3px;border-top-color:var(--primary_color);border-style:solid;\"><h2>Premi\u00e8re approche \u2013 \u00c9tude de faisabilit\u00e9<\/h2><div class=\"reading-box-additional fusion-reading-box-additional\">\n<p>Vous souhaitez vous lancer dans la culture de truffes mais avez besoin d&rsquo;une premi\u00e8re \u00e9valuation pour v\u00e9rifier la viabilit\u00e9 de votre projet\u00a0? Nous proposons une premi\u00e8re consultation pour les projets truffiers. Son tarif est de 400\u00a0\u20ac et comprend\u00a0:<\/p>\n<ul>\n<li>1\u00a0h de t\u00e9l\u00e9consultation initiale. Demande de donn\u00e9es pour le rapport technique.<\/li>\n<li>\u00c9tude des donn\u00e9es climatiques et p\u00e9dologiques. \u00c9laboration d&rsquo;une \u00e9tude de faisabilit\u00e9.<\/li>\n<li>1\u00a0h de t\u00e9l\u00e9consultation pour discuter des r\u00e9sultats et des conclusions.<\/li>\n<\/ul>\n<p>Si vous ne disposez pas d&rsquo;analyses de sol, vous pouvez nous envoyer des \u00e9chantillons \u00e0 notre laboratoire de Barcelone.<\/p>\n<p><a href=\"https:\/\/micofora.com\/fr\/analyse-du-sol\/\" target=\"_blank\" rel=\"noopener\">Le co\u00fbt d&rsquo;une analyse de sol compl\u00e8te est de 93\u00a0\u20ac par \u00e9chantillon<\/a>.<\/p>\n<\/div><div class=\"fusion-clearfix\"><\/div><\/div><\/div><div class=\"fusion-reading-box-container reading-box-container-2\" style=\"--awb-title-color:#333333;--awb-margin-top:0px;--awb-margin-bottom:84px;\"><div class=\"reading-box\" style=\"background-color:#f6f6f6;border-width:1px;border-color:#f6f6f6;border-top-width:3px;border-top-color:var(--primary_color);border-style:solid;\"><h2>Rapport ex\u00e9cutif<\/h2><div class=\"reading-box-additional fusion-reading-box-additional\">\n<p>Son co\u00fbt est de 500 \u20ac et comprend la pr\u00e9paration du sol et la conception du verger avec des cartes g\u00e9or\u00e9f\u00e9renc\u00e9es d\u00e9taill\u00e9es. Vous obtenez ainsi le nombre exact d&rsquo;arbres, de tuyaux d&rsquo;irrigation, de g\u00e9otextile, etc.<\/p>\n<p><img decoding=\"async\" class=\"size-medium wp-image-27843\" src=\"https:\/\/micofora.com\/wp-content\/uploads\/2025\/11\/truffle-orchard-design-micofora-300x207.jpeg\" alt=\"truffle orchard layouts micofora\" width=\"300\" height=\"207\" srcset=\"https:\/\/micofora.com\/wp-content\/uploads\/2025\/11\/truffle-orchard-design-micofora-200x138.jpeg 200w, https:\/\/micofora.com\/wp-content\/uploads\/2025\/11\/truffle-orchard-design-micofora-300x207.jpeg 300w, https:\/\/micofora.com\/wp-content\/uploads\/2025\/11\/truffle-orchard-design-micofora-400x276.jpeg 400w, https:\/\/micofora.com\/wp-content\/uploads\/2025\/11\/truffle-orchard-design-micofora-600x414.jpeg 600w, https:\/\/micofora.com\/wp-content\/uploads\/2025\/11\/truffle-orchard-design-micofora-768x530.jpeg 768w, https:\/\/micofora.com\/wp-content\/uploads\/2025\/11\/truffle-orchard-design-micofora-800x552.jpeg 800w, https:\/\/micofora.com\/wp-content\/uploads\/2025\/11\/truffle-orchard-design-micofora-1024x707.jpeg 1024w, https:\/\/micofora.com\/wp-content\/uploads\/2025\/11\/truffle-orchard-design-micofora-1200x828.jpeg 1200w, https:\/\/micofora.com\/wp-content\/uploads\/2025\/11\/truffle-orchard-design-micofora-1536x1060.jpeg 1536w, https:\/\/micofora.com\/wp-content\/uploads\/2025\/11\/truffle-orchard-design-micofora.jpeg 1600w\" sizes=\"(max-width: 300px) 100vw, 300px\" \/><\/p>\n<p><img decoding=\"async\" class=\"size-medium wp-image-27847\" src=\"https:\/\/micofora.com\/wp-content\/uploads\/2025\/11\/truffle-plantation-design-micofora-300x183.jpg\" alt=\"truffle plantation design micofora\" width=\"300\" height=\"183\" srcset=\"https:\/\/micofora.com\/wp-content\/uploads\/2025\/11\/truffle-plantation-design-micofora-200x122.jpg 200w, https:\/\/micofora.com\/wp-content\/uploads\/2025\/11\/truffle-plantation-design-micofora-300x183.jpg 300w, https:\/\/micofora.com\/wp-content\/uploads\/2025\/11\/truffle-plantation-design-micofora-400x244.jpg 400w, https:\/\/micofora.com\/wp-content\/uploads\/2025\/11\/truffle-plantation-design-micofora-600x366.jpg 600w, https:\/\/micofora.com\/wp-content\/uploads\/2025\/11\/truffle-plantation-design-micofora-768x469.jpg 768w, https:\/\/micofora.com\/wp-content\/uploads\/2025\/11\/truffle-plantation-design-micofora-800x489.jpg 800w, https:\/\/micofora.com\/wp-content\/uploads\/2025\/11\/truffle-plantation-design-micofora-1024x625.jpg 1024w, https:\/\/micofora.com\/wp-content\/uploads\/2025\/11\/truffle-plantation-design-micofora-1200x733.jpg 1200w, https:\/\/micofora.com\/wp-content\/uploads\/2025\/11\/truffle-plantation-design-micofora-1536x938.jpg 1536w\" sizes=\"(max-width: 300px) 100vw, 300px\" \/><\/p>\n<\/div><div class=\"fusion-clearfix\"><\/div><\/div><\/div><div class=\"fusion-clearfix\"><\/div><\/div><\/div><div class=\"fusion-layout-column fusion_builder_column fusion-builder-column-2 fusion_builder_column_1_3 1_3 fusion-one-third\" style=\"--awb-bg-size:cover;width:30.6666%; margin-right: 4%;\"><div class=\"fusion-column-wrapper fusion-flex-column-wrapper-legacy\"><div class=\"fusion-text fusion-text-2\"><h3>Le suivi annuel des plantations de truffes<\/h3>\n<p>Nous offrons un service sp\u00e9cial de suivi de plantation en Espagne (pour les autres pays demandent express\u00e9ment). Ce service comprend la surveillance mycorhiziens, quantit\u00e9 myceli\u00e9nne au sol par analyse de l&rsquo;ADN (Real time PCR), d\u00e9tection des bact\u00e9ries potentiellement b\u00e9n\u00e9fiques pour la truffe, des recommandations sur les amendements du sol (Labourage, syst\u00e8mes de travail du sol, ajout de produits sp\u00e9cifiques, etc.) Il comprend \u00e9galement des recommandations personnalis\u00e9es de mod\u00e8les de gestion (irrigation, le type d&rsquo;\u00e9lagage, etc.). La dur\u00e9e minimale recommand\u00e9e du suivi personnalis\u00e9 est de 3 ans.<\/p>\n<\/div><div class=\"fusion-reading-box-container reading-box-container-3\" style=\"--awb-title-color:#333333;--awb-margin-top:0px;--awb-margin-bottom:84px;\"><div class=\"reading-box\" style=\"background-color:#f6f6f6;border-width:1px;border-color:#f6f6f6;border-top-width:3px;border-top-color:var(--primary_color);border-style:solid;\"><h2>Combien \u00e7a co\u00fbte?<\/h2><div class=\"reading-box-additional fusion-reading-box-additional\">\n<p style=\"text-align: justify;\">Le prix de cette offre est de 750 \u20ac \/ an pour une superficie maximale de 2 hectares (+250 \u20ac \/ hectare suppl\u00e9mentaire).<\/p>\n<p>Il comprend:<\/p>\n<p>-Visite annuelle \u00e0 la plantation<\/p>\n<p>&#8211; Analyse mycorhizienne (10 \u00e9chantillons)<\/p>\n<p>-quantification de myc\u00e9lium \u00a0de l&rsquo;ADN (5 \u00e9chantillons)<\/p>\n<p>-D\u00e9tection des bact\u00e9ries sp\u00e9cifiques (5 \u00e9chantillons)<\/p>\n<p>D\u00e8s la deuxi\u00e8me ann\u00e9e, vous pouvez r\u00e9duire le nombre et le type d&rsquo;analyse, de sorte que le co\u00fbt pourrait \u00eatre r\u00e9duit \u00e0 450 \u20ac \/ an pour un maximum de 2 hectares et 200 \u20ac \/ hectare suppl\u00e9mentaire \/ an. A partir de 100 km de Barcelone, vous devrez \u00a0ajouter un co\u00fbt suppl\u00e9mentaire de 0,35 \u20ac \/ Km de d\u00e9placement.<\/p>\n<\/div><div class=\"fusion-clearfix\"><\/div><\/div><\/div><div class=\"fusion-clearfix\"><\/div><\/div><\/div><div class=\"fusion-layout-column fusion_builder_column fusion-builder-column-3 fusion_builder_column_1_3 1_3 fusion-one-third fusion-column-last\" style=\"--awb-bg-size:cover;width:30.6666%;\"><div class=\"fusion-column-wrapper fusion-flex-column-wrapper-legacy\"><div class=\"fusion-text fusion-text-3\"><h3><\/h3>\n<h3>Offre sp\u00e9ciale pour les associations de trufficulteurs<\/h3>\n<p>Nous offrons un suivi annuel des plantations de truffes \u00e0 un prix sp\u00e9cial pour les associations de producteurs . La superficie maximale est de 2 hectares par participant, en cas d&rsquo;un terrain avec une superficie sup\u00e9rieure, un suplement sera demand\u00e9. Le nombre minimum de participants devrait \u00eatre de 3 \u00e0 optimiser les d\u00e9placements, les visites et les tests.<br \/>\n\u00c0 partir de 5 participants, les frais de d\u00e9placement ne seront pas factur\u00e9.<\/p>\n<p style=\"text-align: justify;\"><strong>\u00a0<\/strong><\/p>\n<\/div><div class=\"fusion-reading-box-container reading-box-container-4\" style=\"--awb-title-color:#333333;--awb-margin-top:0px;--awb-margin-bottom:84px;\"><div class=\"reading-box\" style=\"background-color:#f6f6f6;border-width:1px;border-color:#f6f6f6;border-top-width:3px;border-top-color:var(--primary_color);border-style:solid;\"><h2>Combien \u00e7a co\u00fbte?<\/h2><div class=\"reading-box-additional fusion-reading-box-additional\">\n<p style=\"text-align: justify;\">Prix par participant 500 \u20ac (suppl\u00e9ment de 200 \u20ac \/ hectare \u00e0 partir de la deuxi\u00e8me hectare)<\/p>\n<p>A partir de 100 km de Barcelone, vous devrez ajouter un co\u00fbt suppl\u00e9mentaire de 0,35 \u20ac \/ Km de d\u00e9placement.<\/p>\n<p>D\u00e8s la deuxi\u00e8me ann\u00e9e (\u00e0 condition que le nombre de participants soit le m\u00eame), le co\u00fbt peut \u00eatre r\u00e9duit \u00e0 350 \u20ac \/ ha par an).<\/p>\n<\/div><div class=\"fusion-clearfix\"><\/div><\/div><\/div><div class=\"fusion-clearfix\"><\/div><\/div><\/div><\/div><\/div>\n","protected":false},"excerpt":{"rendered":"","protected":false},"author":6,"featured_media":20534,"parent":0,"menu_order":0,"comment_status":"closed","ping_status":"closed","template":"","meta":{"footnotes":""},"class_list":["post-20531","page","type-page","status-publish","has-post-thumbnail","hentry"],"yoast_head":"<!-- This site is optimized with the Yoast SEO plugin v27.5 - https:\/\/yoast.com\/product\/yoast-seo-wordpress\/ -->\n<title>Visites Techniques Truffe - Micofora<\/title>\n<meta name=\"description\" content=\"En Micolog\u00eda Forestal Aplicada offrent des visites techniques. Demander une visite ou des conseils techniques pour vos plantations de truffes.\" \/>\n<meta name=\"robots\" content=\"index, follow, max-snippet:-1, max-image-preview:large, max-video-preview:-1\" \/>\n<link rel=\"canonical\" href=\"https:\/\/micofora.com\/fr\/visites-techniques-truffe\/\" \/>\n<meta property=\"og:locale\" content=\"fr_FR\" \/>\n<meta property=\"og:type\" content=\"article\" \/>\n<meta property=\"og:title\" content=\"Visites Techniques Truffe - Micofora\" \/>\n<meta property=\"og:description\" content=\"En Micolog\u00eda Forestal Aplicada offrent des visites techniques. Demander une visite ou des conseils techniques pour vos plantations de truffes.\" \/>\n<meta property=\"og:url\" content=\"https:\/\/micofora.com\/fr\/visites-techniques-truffe\/\" \/>\n<meta property=\"og:site_name\" content=\"Micofora\" \/>\n<meta property=\"article:modified_time\" content=\"2025-11-11T08:47:49+00:00\" \/>\n<meta property=\"og:image\" content=\"https:\/\/micofora.com\/wp-content\/uploads\/2016\/09\/VISITAS-TECNICAS.jpg\" \/>\n\t<meta property=\"og:image:width\" content=\"2048\" \/>\n\t<meta property=\"og:image:height\" content=\"864\" \/>\n\t<meta property=\"og:image:type\" content=\"image\/jpeg\" \/>\n<meta name=\"twitter:card\" content=\"summary_large_image\" \/>\n<meta name=\"twitter:label1\" content=\"Dur\u00e9e de lecture estim\u00e9e\" \/>\n\t<meta name=\"twitter:data1\" content=\"4 minutes\" \/>\n<script type=\"application\/ld+json\" class=\"yoast-schema-graph\">{\"@context\":\"https:\\\/\\\/schema.org\",\"@graph\":[{\"@type\":\"WebPage\",\"@id\":\"https:\\\/\\\/micofora.com\\\/fr\\\/visites-techniques-truffe\\\/\",\"url\":\"https:\\\/\\\/micofora.com\\\/fr\\\/visites-techniques-truffe\\\/\",\"name\":\"Visites Techniques Truffe - Micofora\",\"isPartOf\":{\"@id\":\"https:\\\/\\\/micofora.com\\\/#website\"},\"primaryImageOfPage\":{\"@id\":\"https:\\\/\\\/micofora.com\\\/fr\\\/visites-techniques-truffe\\\/#primaryimage\"},\"image\":{\"@id\":\"https:\\\/\\\/micofora.com\\\/fr\\\/visites-techniques-truffe\\\/#primaryimage\"},\"thumbnailUrl\":\"https:\\\/\\\/micofora.com\\\/wp-content\\\/uploads\\\/2016\\\/09\\\/VISITAS-TECNICAS.jpg\",\"datePublished\":\"2016-09-02T14:54:27+00:00\",\"dateModified\":\"2025-11-11T08:47:49+00:00\",\"description\":\"En Micolog\u00eda Forestal Aplicada offrent des visites techniques. Demander une visite ou des conseils techniques pour vos plantations de truffes.\",\"breadcrumb\":{\"@id\":\"https:\\\/\\\/micofora.com\\\/fr\\\/visites-techniques-truffe\\\/#breadcrumb\"},\"inLanguage\":\"fr-FR\",\"potentialAction\":[{\"@type\":\"ReadAction\",\"target\":[\"https:\\\/\\\/micofora.com\\\/fr\\\/visites-techniques-truffe\\\/\"]}]},{\"@type\":\"ImageObject\",\"inLanguage\":\"fr-FR\",\"@id\":\"https:\\\/\\\/micofora.com\\\/fr\\\/visites-techniques-truffe\\\/#primaryimage\",\"url\":\"https:\\\/\\\/micofora.com\\\/wp-content\\\/uploads\\\/2016\\\/09\\\/VISITAS-TECNICAS.jpg\",\"contentUrl\":\"https:\\\/\\\/micofora.com\\\/wp-content\\\/uploads\\\/2016\\\/09\\\/VISITAS-TECNICAS.jpg\",\"width\":2048,\"height\":864},{\"@type\":\"BreadcrumbList\",\"@id\":\"https:\\\/\\\/micofora.com\\\/fr\\\/visites-techniques-truffe\\\/#breadcrumb\",\"itemListElement\":[{\"@type\":\"ListItem\",\"position\":1,\"name\":\"Portada\",\"item\":\"https:\\\/\\\/micofora.com\\\/fr\\\/\"},{\"@type\":\"ListItem\",\"position\":2,\"name\":\"Visites Techniques Truffe\"}]},{\"@type\":\"WebSite\",\"@id\":\"https:\\\/\\\/micofora.com\\\/#website\",\"url\":\"https:\\\/\\\/micofora.com\\\/\",\"name\":\"Micofora\",\"description\":\"Micologia Forestal &amp; Aplicada\",\"potentialAction\":[{\"@type\":\"SearchAction\",\"target\":{\"@type\":\"EntryPoint\",\"urlTemplate\":\"https:\\\/\\\/micofora.com\\\/?s={search_term_string}\"},\"query-input\":{\"@type\":\"PropertyValueSpecification\",\"valueRequired\":true,\"valueName\":\"search_term_string\"}}],\"inLanguage\":\"fr-FR\"}]}<\/script>\n<!-- \/ Yoast SEO plugin. -->","yoast_head_json":{"title":"Visites Techniques Truffe - Micofora","description":"En Micolog\u00eda Forestal Aplicada offrent des visites techniques. Demander une visite ou des conseils techniques pour vos plantations de truffes.","robots":{"index":"index","follow":"follow","max-snippet":"max-snippet:-1","max-image-preview":"max-image-preview:large","max-video-preview":"max-video-preview:-1"},"canonical":"https:\/\/micofora.com\/fr\/visites-techniques-truffe\/","og_locale":"fr_FR","og_type":"article","og_title":"Visites Techniques Truffe - Micofora","og_description":"En Micolog\u00eda Forestal Aplicada offrent des visites techniques. Demander une visite ou des conseils techniques pour vos plantations de truffes.","og_url":"https:\/\/micofora.com\/fr\/visites-techniques-truffe\/","og_site_name":"Micofora","article_modified_time":"2025-11-11T08:47:49+00:00","og_image":[{"width":2048,"height":864,"url":"https:\/\/micofora.com\/wp-content\/uploads\/2016\/09\/VISITAS-TECNICAS.jpg","type":"image\/jpeg"}],"twitter_card":"summary_large_image","twitter_misc":{"Dur\u00e9e de lecture estim\u00e9e":"4 minutes"},"schema":{"@context":"https:\/\/schema.org","@graph":[{"@type":"WebPage","@id":"https:\/\/micofora.com\/fr\/visites-techniques-truffe\/","url":"https:\/\/micofora.com\/fr\/visites-techniques-truffe\/","name":"Visites Techniques Truffe - Micofora","isPartOf":{"@id":"https:\/\/micofora.com\/#website"},"primaryImageOfPage":{"@id":"https:\/\/micofora.com\/fr\/visites-techniques-truffe\/#primaryimage"},"image":{"@id":"https:\/\/micofora.com\/fr\/visites-techniques-truffe\/#primaryimage"},"thumbnailUrl":"https:\/\/micofora.com\/wp-content\/uploads\/2016\/09\/VISITAS-TECNICAS.jpg","datePublished":"2016-09-02T14:54:27+00:00","dateModified":"2025-11-11T08:47:49+00:00","description":"En Micolog\u00eda Forestal Aplicada offrent des visites techniques. Demander une visite ou des conseils techniques pour vos plantations de truffes.","breadcrumb":{"@id":"https:\/\/micofora.com\/fr\/visites-techniques-truffe\/#breadcrumb"},"inLanguage":"fr-FR","potentialAction":[{"@type":"ReadAction","target":["https:\/\/micofora.com\/fr\/visites-techniques-truffe\/"]}]},{"@type":"ImageObject","inLanguage":"fr-FR","@id":"https:\/\/micofora.com\/fr\/visites-techniques-truffe\/#primaryimage","url":"https:\/\/micofora.com\/wp-content\/uploads\/2016\/09\/VISITAS-TECNICAS.jpg","contentUrl":"https:\/\/micofora.com\/wp-content\/uploads\/2016\/09\/VISITAS-TECNICAS.jpg","width":2048,"height":864},{"@type":"BreadcrumbList","@id":"https:\/\/micofora.com\/fr\/visites-techniques-truffe\/#breadcrumb","itemListElement":[{"@type":"ListItem","position":1,"name":"Portada","item":"https:\/\/micofora.com\/fr\/"},{"@type":"ListItem","position":2,"name":"Visites Techniques Truffe"}]},{"@type":"WebSite","@id":"https:\/\/micofora.com\/#website","url":"https:\/\/micofora.com\/","name":"Micofora","description":"Micologia Forestal &amp; Aplicada","potentialAction":[{"@type":"SearchAction","target":{"@type":"EntryPoint","urlTemplate":"https:\/\/micofora.com\/?s={search_term_string}"},"query-input":{"@type":"PropertyValueSpecification","valueRequired":true,"valueName":"search_term_string"}}],"inLanguage":"fr-FR"}]}},"_links":{"self":[{"href":"https:\/\/micofora.com\/fr\/wp-json\/wp\/v2\/pages\/20531","targetHints":{"allow":["GET"]}}],"collection":[{"href":"https:\/\/micofora.com\/fr\/wp-json\/wp\/v2\/pages"}],"about":[{"href":"https:\/\/micofora.com\/fr\/wp-json\/wp\/v2\/types\/page"}],"author":[{"embeddable":true,"href":"https:\/\/micofora.com\/fr\/wp-json\/wp\/v2\/users\/6"}],"replies":[{"embeddable":true,"href":"https:\/\/micofora.com\/fr\/wp-json\/wp\/v2\/comments?post=20531"}],"version-history":[{"count":2,"href":"https:\/\/micofora.com\/fr\/wp-json\/wp\/v2\/pages\/20531\/revisions"}],"predecessor-version":[{"id":27856,"href":"https:\/\/micofora.com\/fr\/wp-json\/wp\/v2\/pages\/20531\/revisions\/27856"}],"wp:featuredmedia":[{"embeddable":true,"href":"https:\/\/micofora.com\/fr\/wp-json\/wp\/v2\/media\/20534"}],"wp:attachment":[{"href":"https:\/\/micofora.com\/fr\/wp-json\/wp\/v2\/media?parent=20531"}],"curies":[{"name":"wp","href":"https:\/\/api.w.org\/{rel}","templated":true}]}}