{"id":20505,"date":"2016-07-27T14:56:44","date_gmt":"2016-07-27T14:56:44","guid":{"rendered":"http:\/\/micofora.com\/fr\/micoconsulting\/"},"modified":"2016-11-29T09:34:53","modified_gmt":"2016-11-29T09:34:53","slug":"micoconsulting","status":"publish","type":"page","link":"https:\/\/micofora.com\/fr\/micoconsulting\/","title":{"rendered":"MicoConsulting &#8211; conseils techniques pour la culture des champignons"},"content":{"rendered":"<div class=\"fusion-fullwidth fullwidth-box fusion-builder-row-1 nonhundred-percent-fullwidth non-hundred-percent-height-scrolling\" style=\"--awb-background-position:left top;--awb-border-radius-top-left:0px;--awb-border-radius-top-right:0px;--awb-border-radius-bottom-right:0px;--awb-border-radius-bottom-left:0px;--awb-padding-top:20px;--awb-padding-bottom:20px;--awb-border-sizes-top:0px;--awb-border-sizes-bottom:0px;--awb-flex-wrap:wrap;\" ><div class=\"fusion-builder-row fusion-row\"><div class=\"fusion-layout-column fusion_builder_column fusion-builder-column-0 fusion_builder_column_1_3 1_3 fusion-one-third fusion-column-first\" style=\"--awb-bg-size:cover;width:30.6666%; margin-right: 4%;\"><div class=\"fusion-column-wrapper fusion-flex-column-wrapper-legacy\"><div class=\"fusion-text fusion-text-1\"><h2>CONCEPTION DE JARDIN MYCOLOGIQUES<\/h2>\n<h2>ITIN\u00c9RAIRES MYCOLOGIQUES ASSOCI\u00c9S \u00c0 MYCOTOURISME<\/h2>\n<\/div><div class=\"fusion-sep-clear\"><\/div><div class=\"fusion-separator fusion-clearfix\" style=\"float:left;margin-top:0px;margin-bottom:35px;width:100%;max-width:170px;\"><div class=\"fusion-separator-border sep-single sep-solid\" style=\"--awb-height:20px;--awb-amount:20px;--awb-sep-color:#e2e3e8;border-color:#e2e3e8;border-top-width:3px;\"><\/div><\/div><div class=\"fusion-sep-clear\"><\/div><div class=\"fusion-text fusion-text-2\"><h4>R\u00e9daction Mycologiques de Plans de Gestion Foresti\u00e8re, visant \u00e0 la mise en valeur des ressources mycologiques dans les terres priv\u00e9es ou publiques.<\/h4>\n<\/div><div class=\"fusion-clearfix\"><\/div><\/div><\/div><div class=\"fusion-layout-column fusion_builder_column fusion-builder-column-1 fusion_builder_column_1_3 1_3 fusion-one-third\" style=\"--awb-bg-size:cover;width:30.6666%; margin-right: 4%;\"><div class=\"fusion-column-wrapper fusion-flex-column-wrapper-legacy\"><div class=\"fusion-image-element in-legacy-container\" style=\"--awb-caption-title-font-family:var(--h2_typography-font-family);--awb-caption-title-font-weight:var(--h2_typography-font-weight);--awb-caption-title-font-style:var(--h2_typography-font-style);--awb-caption-title-size:var(--h2_typography-font-size);--awb-caption-title-transform:var(--h2_typography-text-transform);--awb-caption-title-line-height:var(--h2_typography-line-height);--awb-caption-title-letter-spacing:var(--h2_typography-letter-spacing);\"><span class=\" fusion-imageframe imageframe-none imageframe-1 hover-type-zoomin\"><img decoding=\"async\" width=\"356\" height=\"250\" alt=\"CONSULTORIA EN MICOLOGIA Y DESARROLLO RURAL\" title=\"CONSULTORIA EN MICOLOGIA Y DESARROLLO RURAL\" src=\"https:\/\/micofora.com\/wp-content\/uploads\/2016\/07\/CONSULTORIA-EN-MICOLOGIA-Y-DESARROLLO-RURAL-1.jpeg\" class=\"img-responsive wp-image-20508\" srcset=\"https:\/\/micofora.com\/wp-content\/uploads\/2016\/07\/CONSULTORIA-EN-MICOLOGIA-Y-DESARROLLO-RURAL-1-200x140.jpeg 200w, https:\/\/micofora.com\/wp-content\/uploads\/2016\/07\/CONSULTORIA-EN-MICOLOGIA-Y-DESARROLLO-RURAL-1.jpeg 356w\" sizes=\"(max-width: 800px) 100vw, 356px\" \/><\/span><\/div><div class=\"fusion-sep-clear\"><\/div><div class=\"fusion-separator fusion-full-width-sep fusion-clearfix\" style=\"float:left;margin-top:10px;margin-bottom:10px;width:100%;\"><\/div><div class=\"fusion-sep-clear\"><\/div><div class=\"fusion-text fusion-text-3\"><h3><strong>Conseils en Mycologie y son d\u00e9veloppement<\/strong><\/h3>\n<p>Notre mod\u00e8le de travail en mycologie et le d\u00e9veloppement rural comprend:<\/p>\n<ul>\n<li>\n<div id=\"gt-res-c\" class=\"g-unit\">\n<div id=\"gt-res-p\">\n<div id=\"gt-res-data\">\n<div id=\"gt-res-wrap\">\n<div id=\"gt-res-content\">\n<div dir=\"ltr\">D\u00e9veloppement de projets pour la plante comme des saprophytes pleurotes ou shii-take, tant pour <span class=\"\">la culture sur<\/span> <span class=\"\">substrat que pour les troncs<\/span>. Nous donnons des conseils techniques et formation <span class=\"\">dans la culture<\/span>.<\/div>\n<\/div>\n<\/div>\n<\/div>\n<\/div>\n<\/div>\n<\/li>\n<li>R\u00e9daction de plans de gestion foresti\u00e8re Mycologie, visant \u00e0 la mise en valeur des ressources mycologiques dans les terres priv\u00e9es ou publiques.<\/li>\n<li>Conception de jardins mycologiques, itin\u00e9raires mycologiques associ\u00e9s au Mycotourisme.<\/li>\n<li>Consultation sur la mycologie dans des projets de d\u00e9veloppement rural \u00e0 l&rsquo;\u00e9tranger.<\/li>\n<\/ul>\n<p>Nous participons \u00e0 des projets collaboratifs \u00e0 l&rsquo;\u00e9tranger pour la culture de champignons sur le substrat sur les d\u00e9chets organiques en production de modules simples et la r\u00e9colte et la gestion sylvicole des esp\u00e8ces ayant une valeur \u00e9conomique qui apparaissent naturellement.<\/p>\n<p>Vous pouvez voir plus d&rsquo;informations sur les liens suivants:<\/p>\n<\/div><div class=\"fusion-button-wrapper\"><a class=\"fusion-button button-flat fusion-button-default-size button-default fusion-button-default button-1 fusion-button-default-span fusion-button-default-type\" target=\"_blank\" rel=\"noopener noreferrer\" href=\"http:\/\/www.slideshare.net\/micofora\/cultivo-de-hongos-y-desarrollo-rural-en-nicaragua\"><span class=\"fusion-button-icon-divider button-icon-divider-left\"><i class=\" fa fa-file-o awb-button__icon awb-button__icon--default\" aria-hidden=\"true\"><\/i><\/span><span class=\"fusion-button-text awb-button__text awb-button__text--default fusion-button-text-left\">Culture de champignon et d\u00e9veloppement rural au Nicaragua<\/span><\/a><\/div><div class=\"fusion-sep-clear\"><\/div><div class=\"fusion-separator fusion-full-width-sep fusion-clearfix\" style=\"float:left;margin-top:10px;margin-bottom:10px;width:100%;\"><\/div><div class=\"fusion-sep-clear\"><\/div><div class=\"fusion-button-wrapper\"><a class=\"fusion-button button-flat fusion-button-default-size button-default fusion-button-default button-2 fusion-button-default-span fusion-button-default-type\" target=\"_blank\" rel=\"noopener noreferrer\" href=\"http:\/\/www.slideshare.net\/micofora\/hongos-silvestres-en-guatemala\"><span class=\"fusion-button-icon-divider button-icon-divider-left\"><i class=\" fa fa-file-o awb-button__icon awb-button__icon--default\" aria-hidden=\"true\"><\/i><\/span><span class=\"fusion-button-text awb-button__text awb-button__text--default fusion-button-text-left\">Champignons sauvages au Guatemala<\/span><\/a><\/div><div class=\"fusion-clearfix\"><\/div><\/div><\/div><div class=\"fusion-layout-column fusion_builder_column fusion-builder-column-2 fusion_builder_column_1_3 1_3 fusion-one-third fusion-column-last\" style=\"--awb-bg-size:cover;width:30.6666%;\"><div class=\"fusion-column-wrapper fusion-flex-column-wrapper-legacy\"><div class=\"fusion-image-element in-legacy-container\" style=\"--awb-caption-title-font-family:var(--h2_typography-font-family);--awb-caption-title-font-weight:var(--h2_typography-font-weight);--awb-caption-title-font-style:var(--h2_typography-font-style);--awb-caption-title-size:var(--h2_typography-font-size);--awb-caption-title-transform:var(--h2_typography-text-transform);--awb-caption-title-line-height:var(--h2_typography-line-height);--awb-caption-title-letter-spacing:var(--h2_typography-letter-spacing);\"><span class=\" fusion-imageframe imageframe-none imageframe-2 hover-type-zoomin\"><img decoding=\"async\" width=\"356\" height=\"250\" title=\"Bolet Ben fet shiitake farm\" src=\"https:\/\/micofora.com\/wp-content\/uploads\/2016\/07\/Bolet-Ben-fet-shiitake-farm.jpeg\" alt class=\"img-responsive wp-image-18546\" srcset=\"https:\/\/micofora.com\/wp-content\/uploads\/2016\/07\/Bolet-Ben-fet-shiitake-farm-200x140.jpeg 200w, https:\/\/micofora.com\/wp-content\/uploads\/2016\/07\/Bolet-Ben-fet-shiitake-farm.jpeg 356w\" sizes=\"(max-width: 800px) 100vw, 356px\" \/><\/span><\/div><div class=\"fusion-sep-clear\"><\/div><div class=\"fusion-separator fusion-full-width-sep fusion-clearfix\" style=\"float:left;margin-top:10px;margin-bottom:10px;width:100%;\"><\/div><div class=\"fusion-sep-clear\"><\/div><div class=\"fusion-text fusion-text-4\"><h3>Conseils techniques dans la culture des champignons<\/h3>\n<p>D\u00e9veloppement de projets pour la construction de plantes comme les saprophytes pleurotes ou shii-take, tant pour la culture sur substrat que sur les troncs. Nous donnons des conseils techniques et formation dans la culture.<\/p>\n<\/div><div class=\"fusion-clearfix\"><\/div><\/div><\/div><\/div><\/div>\n","protected":false},"excerpt":{"rendered":"","protected":false},"author":6,"featured_media":0,"parent":0,"menu_order":0,"comment_status":"closed","ping_status":"closed","template":"","meta":{"footnotes":""},"class_list":["post-20505","page","type-page","status-publish","hentry"],"yoast_head":"<!-- This site is optimized with the Yoast SEO plugin v27.4 - https:\/\/yoast.com\/product\/yoast-seo-wordpress\/ -->\n<title>MicoConsulting - conseils techniques pour la culture des champignons - Micofora<\/title>\n<meta name=\"description\" content=\"Conseils techniques et formation dans la culture des champignons. D\u00e9veloppement de projet.\" \/>\n<meta name=\"robots\" content=\"index, follow, max-snippet:-1, max-image-preview:large, max-video-preview:-1\" \/>\n<link rel=\"canonical\" href=\"https:\/\/micofora.com\/fr\/micoconsulting\/\" \/>\n<meta property=\"og:locale\" content=\"fr_FR\" \/>\n<meta property=\"og:type\" content=\"article\" \/>\n<meta property=\"og:title\" content=\"MicoConsulting - conseils techniques pour la culture des champignons - Micofora\" \/>\n<meta property=\"og:description\" content=\"Conseils techniques et formation dans la culture des champignons. D\u00e9veloppement de projet.\" \/>\n<meta property=\"og:url\" content=\"https:\/\/micofora.com\/fr\/micoconsulting\/\" \/>\n<meta property=\"og:site_name\" content=\"Micofora\" \/>\n<meta property=\"article:modified_time\" content=\"2016-11-29T09:34:53+00:00\" \/>\n<meta property=\"og:image\" content=\"https:\/\/micofora.com\/wp-content\/uploads\/2016\/07\/CONSULTORIA-EN-MICOLOGIA-Y-DESARROLLO-RURAL-1.jpeg\" \/>\n<meta name=\"twitter:card\" content=\"summary_large_image\" \/>\n<meta name=\"twitter:label1\" content=\"Dur\u00e9e de lecture estim\u00e9e\" \/>\n\t<meta name=\"twitter:data1\" content=\"4 minutes\" \/>\n<script type=\"application\/ld+json\" class=\"yoast-schema-graph\">{\"@context\":\"https:\\\/\\\/schema.org\",\"@graph\":[{\"@type\":\"WebPage\",\"@id\":\"https:\\\/\\\/micofora.com\\\/fr\\\/micoconsulting\\\/\",\"url\":\"https:\\\/\\\/micofora.com\\\/fr\\\/micoconsulting\\\/\",\"name\":\"MicoConsulting - conseils techniques pour la culture des champignons - Micofora\",\"isPartOf\":{\"@id\":\"https:\\\/\\\/micofora.com\\\/#website\"},\"primaryImageOfPage\":{\"@id\":\"https:\\\/\\\/micofora.com\\\/fr\\\/micoconsulting\\\/#primaryimage\"},\"image\":{\"@id\":\"https:\\\/\\\/micofora.com\\\/fr\\\/micoconsulting\\\/#primaryimage\"},\"thumbnailUrl\":\"https:\\\/\\\/micofora.com\\\/wp-content\\\/uploads\\\/2016\\\/07\\\/CONSULTORIA-EN-MICOLOGIA-Y-DESARROLLO-RURAL-1.jpeg\",\"datePublished\":\"2016-07-27T14:56:44+00:00\",\"dateModified\":\"2016-11-29T09:34:53+00:00\",\"description\":\"Conseils techniques et formation dans la culture des champignons. D\u00e9veloppement de projet.\",\"breadcrumb\":{\"@id\":\"https:\\\/\\\/micofora.com\\\/fr\\\/micoconsulting\\\/#breadcrumb\"},\"inLanguage\":\"fr-FR\",\"potentialAction\":[{\"@type\":\"ReadAction\",\"target\":[\"https:\\\/\\\/micofora.com\\\/fr\\\/micoconsulting\\\/\"]}]},{\"@type\":\"ImageObject\",\"inLanguage\":\"fr-FR\",\"@id\":\"https:\\\/\\\/micofora.com\\\/fr\\\/micoconsulting\\\/#primaryimage\",\"url\":\"https:\\\/\\\/micofora.com\\\/wp-content\\\/uploads\\\/2016\\\/07\\\/CONSULTORIA-EN-MICOLOGIA-Y-DESARROLLO-RURAL-1.jpeg\",\"contentUrl\":\"https:\\\/\\\/micofora.com\\\/wp-content\\\/uploads\\\/2016\\\/07\\\/CONSULTORIA-EN-MICOLOGIA-Y-DESARROLLO-RURAL-1.jpeg\"},{\"@type\":\"BreadcrumbList\",\"@id\":\"https:\\\/\\\/micofora.com\\\/fr\\\/micoconsulting\\\/#breadcrumb\",\"itemListElement\":[{\"@type\":\"ListItem\",\"position\":1,\"name\":\"Portada\",\"item\":\"https:\\\/\\\/micofora.com\\\/fr\\\/\"},{\"@type\":\"ListItem\",\"position\":2,\"name\":\"MicoConsulting &#8211; conseils techniques pour la culture des champignons\"}]},{\"@type\":\"WebSite\",\"@id\":\"https:\\\/\\\/micofora.com\\\/#website\",\"url\":\"https:\\\/\\\/micofora.com\\\/\",\"name\":\"Micofora\",\"description\":\"Micologia Forestal &amp; Aplicada\",\"potentialAction\":[{\"@type\":\"SearchAction\",\"target\":{\"@type\":\"EntryPoint\",\"urlTemplate\":\"https:\\\/\\\/micofora.com\\\/?s={search_term_string}\"},\"query-input\":{\"@type\":\"PropertyValueSpecification\",\"valueRequired\":true,\"valueName\":\"search_term_string\"}}],\"inLanguage\":\"fr-FR\"}]}<\/script>\n<!-- \/ Yoast SEO plugin. -->","yoast_head_json":{"title":"MicoConsulting - conseils techniques pour la culture des champignons - Micofora","description":"Conseils techniques et formation dans la culture des champignons. D\u00e9veloppement de projet.","robots":{"index":"index","follow":"follow","max-snippet":"max-snippet:-1","max-image-preview":"max-image-preview:large","max-video-preview":"max-video-preview:-1"},"canonical":"https:\/\/micofora.com\/fr\/micoconsulting\/","og_locale":"fr_FR","og_type":"article","og_title":"MicoConsulting - conseils techniques pour la culture des champignons - Micofora","og_description":"Conseils techniques et formation dans la culture des champignons. D\u00e9veloppement de projet.","og_url":"https:\/\/micofora.com\/fr\/micoconsulting\/","og_site_name":"Micofora","article_modified_time":"2016-11-29T09:34:53+00:00","og_image":[{"url":"https:\/\/micofora.com\/wp-content\/uploads\/2016\/07\/CONSULTORIA-EN-MICOLOGIA-Y-DESARROLLO-RURAL-1.jpeg","type":"","width":"","height":""}],"twitter_card":"summary_large_image","twitter_misc":{"Dur\u00e9e de lecture estim\u00e9e":"4 minutes"},"schema":{"@context":"https:\/\/schema.org","@graph":[{"@type":"WebPage","@id":"https:\/\/micofora.com\/fr\/micoconsulting\/","url":"https:\/\/micofora.com\/fr\/micoconsulting\/","name":"MicoConsulting - conseils techniques pour la culture des champignons - Micofora","isPartOf":{"@id":"https:\/\/micofora.com\/#website"},"primaryImageOfPage":{"@id":"https:\/\/micofora.com\/fr\/micoconsulting\/#primaryimage"},"image":{"@id":"https:\/\/micofora.com\/fr\/micoconsulting\/#primaryimage"},"thumbnailUrl":"https:\/\/micofora.com\/wp-content\/uploads\/2016\/07\/CONSULTORIA-EN-MICOLOGIA-Y-DESARROLLO-RURAL-1.jpeg","datePublished":"2016-07-27T14:56:44+00:00","dateModified":"2016-11-29T09:34:53+00:00","description":"Conseils techniques et formation dans la culture des champignons. D\u00e9veloppement de projet.","breadcrumb":{"@id":"https:\/\/micofora.com\/fr\/micoconsulting\/#breadcrumb"},"inLanguage":"fr-FR","potentialAction":[{"@type":"ReadAction","target":["https:\/\/micofora.com\/fr\/micoconsulting\/"]}]},{"@type":"ImageObject","inLanguage":"fr-FR","@id":"https:\/\/micofora.com\/fr\/micoconsulting\/#primaryimage","url":"https:\/\/micofora.com\/wp-content\/uploads\/2016\/07\/CONSULTORIA-EN-MICOLOGIA-Y-DESARROLLO-RURAL-1.jpeg","contentUrl":"https:\/\/micofora.com\/wp-content\/uploads\/2016\/07\/CONSULTORIA-EN-MICOLOGIA-Y-DESARROLLO-RURAL-1.jpeg"},{"@type":"BreadcrumbList","@id":"https:\/\/micofora.com\/fr\/micoconsulting\/#breadcrumb","itemListElement":[{"@type":"ListItem","position":1,"name":"Portada","item":"https:\/\/micofora.com\/fr\/"},{"@type":"ListItem","position":2,"name":"MicoConsulting &#8211; conseils techniques pour la culture des champignons"}]},{"@type":"WebSite","@id":"https:\/\/micofora.com\/#website","url":"https:\/\/micofora.com\/","name":"Micofora","description":"Micologia Forestal &amp; Aplicada","potentialAction":[{"@type":"SearchAction","target":{"@type":"EntryPoint","urlTemplate":"https:\/\/micofora.com\/?s={search_term_string}"},"query-input":{"@type":"PropertyValueSpecification","valueRequired":true,"valueName":"search_term_string"}}],"inLanguage":"fr-FR"}]}},"_links":{"self":[{"href":"https:\/\/micofora.com\/fr\/wp-json\/wp\/v2\/pages\/20505","targetHints":{"allow":["GET"]}}],"collection":[{"href":"https:\/\/micofora.com\/fr\/wp-json\/wp\/v2\/pages"}],"about":[{"href":"https:\/\/micofora.com\/fr\/wp-json\/wp\/v2\/types\/page"}],"author":[{"embeddable":true,"href":"https:\/\/micofora.com\/fr\/wp-json\/wp\/v2\/users\/6"}],"replies":[{"embeddable":true,"href":"https:\/\/micofora.com\/fr\/wp-json\/wp\/v2\/comments?post=20505"}],"version-history":[{"count":0,"href":"https:\/\/micofora.com\/fr\/wp-json\/wp\/v2\/pages\/20505\/revisions"}],"wp:attachment":[{"href":"https:\/\/micofora.com\/fr\/wp-json\/wp\/v2\/media?parent=20505"}],"curies":[{"name":"wp","href":"https:\/\/api.w.org\/{rel}","templated":true}]}}