{"id":20499,"date":"2016-08-12T06:33:57","date_gmt":"2016-08-12T06:33:57","guid":{"rendered":"http:\/\/micofora.com\/fr\/mapas-de-produccion-de-trufas\/"},"modified":"2025-11-17T16:24:30","modified_gmt":"2025-11-17T16:24:30","slug":"situtation-geographique-production-de-truffe","status":"publish","type":"page","link":"https:\/\/micofora.com\/fr\/situtation-geographique-production-de-truffe\/","title":{"rendered":"Cartes de production de truffes de votre plantation"},"content":{"rendered":"<div class=\"fusion-fullwidth fullwidth-box fusion-builder-row-1 nonhundred-percent-fullwidth non-hundred-percent-height-scrolling\" style=\"--awb-background-position:left top;--awb-border-sizes-top:0px;--awb-border-sizes-bottom:0px;--awb-border-sizes-left:0px;--awb-border-sizes-right:0px;--awb-border-radius-top-left:0px;--awb-border-radius-top-right:0px;--awb-border-radius-bottom-right:0px;--awb-border-radius-bottom-left:0px;--awb-padding-top:20px;--awb-padding-bottom:20px;--awb-flex-wrap:wrap;\" ><div class=\"fusion-builder-row fusion-row\"><div class=\"fusion-layout-column fusion_builder_column fusion-builder-column-0 fusion_builder_column_1_3 1_3 fusion-one-third fusion-column-first\" style=\"--awb-bg-size:cover;width:30.6666%; margin-right: 4%;\"><div class=\"fusion-column-wrapper fusion-flex-column-wrapper-legacy\"><div class=\"fusion-image-element in-legacy-container\" style=\"--awb-caption-title-font-family:var(--h2_typography-font-family);--awb-caption-title-font-weight:var(--h2_typography-font-weight);--awb-caption-title-font-style:var(--h2_typography-font-style);--awb-caption-title-size:var(--h2_typography-font-size);--awb-caption-title-transform:var(--h2_typography-text-transform);--awb-caption-title-line-height:var(--h2_typography-line-height);--awb-caption-title-letter-spacing:var(--h2_typography-letter-spacing);\"><span class=\" fusion-imageframe imageframe-none imageframe-1 hover-type-zoomin\"><img decoding=\"async\" width=\"356\" height=\"250\" title=\"gps\" src=\"https:\/\/micofora.com\/wp-content\/uploads\/2025\/07\/gps.jpeg\" alt class=\"img-responsive wp-image-27595\" srcset=\"https:\/\/micofora.com\/wp-content\/uploads\/2025\/07\/gps-200x140.jpeg 200w, https:\/\/micofora.com\/wp-content\/uploads\/2025\/07\/gps.jpeg 356w\" sizes=\"(max-width: 800px) 100vw, 356px\" \/><\/span><\/div><div class=\"fusion-sep-clear\"><\/div><div class=\"fusion-separator fusion-full-width-sep fusion-clearfix\" style=\"float:left;margin-top:10px;margin-bottom:10px;width:100%;\"><\/div><div class=\"fusion-sep-clear\"><\/div><div class=\"fusion-text fusion-text-1\"><h3 style=\"text-align: left;\"><strong>Qu\u2019est-ce que c\u2019est ?<\/strong><\/h3>\n<p>Gr\u00e2ce \u00e0 l\u2019enregistrement g\u00e9olocalis\u00e9 de chaque truffe par GPS, nous g\u00e9n\u00e9rons des cartes de production d\u00e9taill\u00e9es par parcelle \u00e0 chaque campagne.<\/p>\n<p>Il n\u2019est pas n\u00e9cessaire d\u2019investir dans du mat\u00e9riel co\u00fbteux: vous pouvez utiliser un GPS classique ou simplement votre propre smartphone. Aujourd\u2019hui, gr\u00e2ce aux avanc\u00e9es technologiques et au d\u00e9veloppement d\u2019applications sp\u00e9cialis\u00e9es, la collecte de donn\u00e9es sur le terrain est plus accessible et efficace que jamais.<\/p>\n<p>Nous nous adaptons \u00e0 chaque cas particulier et vous offrons un accompagnement continu pour vous aider \u00e0 atteindre vos objectifs avec pr\u00e9cision.<\/p>\n<div style=\"width: 1080px;\" class=\"wp-video\"><video class=\"wp-video-shortcode\" id=\"video-20499-1\" width=\"1080\" height=\"1080\" preload=\"metadata\" controls=\"controls\"><source type=\"video\/mp4\" src=\"https:\/\/micofora.com\/wp-content\/uploads\/2025\/11\/GIS-TRUFFLE-MAPS-MICOFORA-EN.mp4?_=1\" \/><a href=\"https:\/\/micofora.com\/wp-content\/uploads\/2025\/11\/GIS-TRUFFLE-MAPS-MICOFORA-EN.mp4\">https:\/\/micofora.com\/wp-content\/uploads\/2025\/11\/GIS-TRUFFLE-MAPS-MICOFORA-EN.mp4<\/a><\/video><\/div>\n<\/div><div class=\"fusion-image-element fusion-image-align-center in-legacy-container\" style=\"text-align:center;--awb-caption-title-font-family:var(--h2_typography-font-family);--awb-caption-title-font-weight:var(--h2_typography-font-weight);--awb-caption-title-font-style:var(--h2_typography-font-style);--awb-caption-title-size:var(--h2_typography-font-size);--awb-caption-title-transform:var(--h2_typography-text-transform);--awb-caption-title-line-height:var(--h2_typography-line-height);--awb-caption-title-letter-spacing:var(--h2_typography-letter-spacing);\"><div class=\"imageframe-align-center\"><span class=\" fusion-imageframe imageframe-none imageframe-2 hover-type-zoomin\"><img decoding=\"async\" width=\"488\" height=\"341\" title=\"icono movil gps\" src=\"https:\/\/micofora.com\/wp-content\/uploads\/2025\/07\/icono-movil-gps.jpg\" alt class=\"img-responsive wp-image-27557\" srcset=\"https:\/\/micofora.com\/wp-content\/uploads\/2025\/07\/icono-movil-gps-200x140.jpg 200w, https:\/\/micofora.com\/wp-content\/uploads\/2025\/07\/icono-movil-gps-400x280.jpg 400w, https:\/\/micofora.com\/wp-content\/uploads\/2025\/07\/icono-movil-gps.jpg 488w\" sizes=\"(max-width: 800px) 100vw, 400px\" \/><\/span><\/div><\/div><div class=\"fusion-reading-box-container reading-box-container-1\" style=\"--awb-title-color:#333333;--awb-margin-top:0px;--awb-margin-bottom:84px;\"><div class=\"reading-box\" style=\"background-color:#f6f6f6;border-width:1px;border-color:#f6f6f6;border-top-width:3px;border-top-color:var(--primary_color);border-style:solid;\"><h2>Combien \u00e7a co\u00fbte?<\/h2><div class=\"reading-box-description fusion-reading-box-additional\">Toutes les informations sont trait\u00e9es de mani\u00e8re confidentielle et exclusivement avec le client.\nParlez-nous de votre cas, nous vous conseillerons.\n<\/div><div class=\"reading-box-additional\">\n<ul>\n<li>Acquisition et personnalisation des dispositifs GPS: utilisez votre propre smartphone ou achetez un GPS de type GARMIN Dakota 20 (200\u20ac\/unit\u00e9).<\/li>\n<li>Frais d\u2019implantation, pour num\u00e9riser votre plantation : 30\u20ac\/ha<\/li>\n<li>\u00c9laboration du rapport annuel : 400\u20ac\/parcelle jusqu\u2019\u00e0 5 ha + 30\u20ac suppl\u00e9mentaires par hectare.<\/li>\n<li>Si vous utilisez un GPS, il vous suffit de marquer les points, sans frais suppl\u00e9mentaires. En revanche, si vous pr\u00e9f\u00e9rez utiliser une application gratuite pour smartphone afin de collecter davantage de donn\u00e9es, nous vous accompagnerons dans la prise en main de l&rsquo;application et cr\u00e9erons un formulaire adapt\u00e9 \u00e0 votre plantation, le tout en ligne. Dans ce cas, un suppl\u00e9ment de 400 \u20ac est \u00e0 pr\u00e9voir (uniquement pour la premi\u00e8re ann\u00e9e).<\/li>\n<\/ul>\n<p>Ces prix n\u2019incluent pas la TVA<\/p>\n<\/div><div class=\"fusion-clearfix\"><\/div><\/div><\/div><div class=\"fusion-clearfix\"><\/div><\/div><\/div><div class=\"fusion-layout-column fusion_builder_column fusion-builder-column-1 fusion_builder_column_1_3 1_3 fusion-one-third\" style=\"--awb-bg-size:cover;width:30.6666%; margin-right: 4%;\"><div class=\"fusion-column-wrapper fusion-flex-column-wrapper-legacy\"><div class=\"fusion-image-element in-legacy-container\" style=\"--awb-caption-title-font-family:var(--h2_typography-font-family);--awb-caption-title-font-weight:var(--h2_typography-font-weight);--awb-caption-title-font-style:var(--h2_typography-font-style);--awb-caption-title-size:var(--h2_typography-font-size);--awb-caption-title-transform:var(--h2_typography-text-transform);--awb-caption-title-line-height:var(--h2_typography-line-height);--awb-caption-title-letter-spacing:var(--h2_typography-letter-spacing);\"><span class=\" fusion-imageframe imageframe-none imageframe-3 hover-type-zoomin\"><img decoding=\"async\" width=\"356\" height=\"250\" title=\"Batea mapa calor\" src=\"https:\/\/micofora.com\/wp-content\/uploads\/2025\/07\/Batea-mapa-calor-1-e1752559826468.jpg\" alt class=\"img-responsive wp-image-27608\" srcset=\"https:\/\/micofora.com\/wp-content\/uploads\/2025\/07\/Batea-mapa-calor-1-e1752559826468-300x211.jpg 300w, https:\/\/micofora.com\/wp-content\/uploads\/2025\/07\/Batea-mapa-calor-1-e1752559826468.jpg 356w\" sizes=\"(max-width: 356px) 100vw, 356px\" \/><\/span><\/div><div class=\"fusion-sep-clear\"><\/div><div class=\"fusion-separator fusion-full-width-sep fusion-clearfix\" style=\"float:left;margin-top:10px;margin-bottom:10px;width:100%;\"><\/div><div class=\"fusion-sep-clear\"><\/div><div class=\"fusion-text fusion-text-2\"><h3 style=\"text-align: left;\"><strong>Processus<\/strong><\/h3>\n<p><strong>\u2022<\/strong> \u00c9tape 1: Num\u00e9risation de la plantation<\/p>\n<p>Nous nous occupons de cela: nous localisons tous les arbres de votre plantation qui nous serviront de r\u00e9f\u00e9rence pour rep\u00e9rer les truffes.<\/p>\n<\/div><div class=\"fusion-image-element fusion-image-align-center in-legacy-container\" style=\"text-align:center;--awb-caption-title-font-family:var(--h2_typography-font-family);--awb-caption-title-font-weight:var(--h2_typography-font-weight);--awb-caption-title-font-style:var(--h2_typography-font-style);--awb-caption-title-size:var(--h2_typography-font-size);--awb-caption-title-transform:var(--h2_typography-text-transform);--awb-caption-title-line-height:var(--h2_typography-line-height);--awb-caption-title-letter-spacing:var(--h2_typography-letter-spacing);\"><div class=\"imageframe-align-center\"><span class=\" fusion-imageframe imageframe-none imageframe-4 hover-type-zoomin\"><img decoding=\"async\" width=\"356\" height=\"250\" title=\"GPS paso 1\" src=\"https:\/\/micofora.com\/wp-content\/uploads\/2025\/07\/GPS-paso-1-e1752560753649.jpg\" alt class=\"img-responsive wp-image-27567\" srcset=\"https:\/\/micofora.com\/wp-content\/uploads\/2025\/07\/GPS-paso-1-e1752560753649-300x211.jpg 300w, https:\/\/micofora.com\/wp-content\/uploads\/2025\/07\/GPS-paso-1-e1752560753649.jpg 356w\" sizes=\"(max-width: 356px) 100vw, 356px\" \/><\/span><\/div><\/div><div class=\"fusion-sep-clear\"><\/div><div class=\"fusion-separator fusion-full-width-sep fusion-clearfix\" style=\"float:left;margin-top:10px;margin-bottom:10px;width:100%;\"><\/div><div class=\"fusion-sep-clear\"><\/div><div class=\"fusion-text fusion-text-3\"><p><strong>\u2022<\/strong> \u00c9tape 2: G\u00e9n\u00e9ration du formulaire de terrain<\/p>\n<p>D\u00e9cidez du type d\u2019informations que vous souhaitez obtenir, nous nous adaptons \u00e0 vos besoins et utilisons des options d\u00e9roulantes pour acc\u00e9l\u00e9rer le processus.<\/p>\n<\/div><div class=\"fusion-image-element fusion-image-align-center in-legacy-container\" style=\"text-align:center;--awb-caption-title-font-family:var(--h2_typography-font-family);--awb-caption-title-font-weight:var(--h2_typography-font-weight);--awb-caption-title-font-style:var(--h2_typography-font-style);--awb-caption-title-size:var(--h2_typography-font-size);--awb-caption-title-transform:var(--h2_typography-text-transform);--awb-caption-title-line-height:var(--h2_typography-line-height);--awb-caption-title-letter-spacing:var(--h2_typography-letter-spacing);\"><div class=\"imageframe-align-center\"><span class=\" fusion-imageframe imageframe-none imageframe-5 hover-type-none\"><img decoding=\"async\" width=\"700\" height=\"621\" title=\"GPS_formulario_franc\u00e9s\" src=\"https:\/\/micofora.com\/wp-content\/uploads\/2025\/07\/GPS_formulario_frances-1.jpg\" alt class=\"img-responsive wp-image-27747\" srcset=\"https:\/\/micofora.com\/wp-content\/uploads\/2025\/07\/GPS_formulario_frances-1-200x177.jpg 200w, https:\/\/micofora.com\/wp-content\/uploads\/2025\/07\/GPS_formulario_frances-1-400x355.jpg 400w, https:\/\/micofora.com\/wp-content\/uploads\/2025\/07\/GPS_formulario_frances-1-600x532.jpg 600w, https:\/\/micofora.com\/wp-content\/uploads\/2025\/07\/GPS_formulario_frances-1.jpg 700w\" sizes=\"(max-width: 800px) 100vw, 400px\" \/><\/span><\/div><\/div><div class=\"fusion-sep-clear\"><\/div><div class=\"fusion-separator fusion-full-width-sep fusion-clearfix\" style=\"float:left;margin-top:10px;margin-bottom:10px;width:100%;\"><\/div><div class=\"fusion-sep-clear\"><\/div><div class=\"fusion-text fusion-text-4\"><p><strong>\u2022<\/strong> \u00c9tape 3 : Collecte des donn\u00e9es<\/p>\n<p>Sortez sur le terrain et indiquez o\u00f9 les truffes apparaissent avec les informations requises.<\/p>\n<\/div><div class=\"fusion-text fusion-text-5\"><p><strong>\u2022<\/strong> \u00c9tape 4 : Interpr\u00e9tation des r\u00e9sultats<\/p>\n<p>Une fois la campagne de r\u00e9colte termin\u00e9e, t\u00e9l\u00e9chargez toutes les donn\u00e9es collect\u00e9es et r\u00e9alisez un rapport annuel de campagne.<\/p>\n<\/div><div class=\"fusion-image-element fusion-image-align-left in-legacy-container\" style=\"text-align:left;--awb-caption-title-font-family:var(--h2_typography-font-family);--awb-caption-title-font-weight:var(--h2_typography-font-weight);--awb-caption-title-font-style:var(--h2_typography-font-style);--awb-caption-title-size:var(--h2_typography-font-size);--awb-caption-title-transform:var(--h2_typography-text-transform);--awb-caption-title-line-height:var(--h2_typography-line-height);--awb-caption-title-letter-spacing:var(--h2_typography-letter-spacing);\"><span class=\" fusion-imageframe imageframe-none imageframe-6 hover-type-zoomin\" style=\"margin-right:25px;float:left;\"><img decoding=\"async\" width=\"843\" height=\"383\" title=\"GPS paso 4\" src=\"https:\/\/micofora.com\/wp-content\/uploads\/2025\/07\/GPS-paso-4.jpg\" alt class=\"img-responsive wp-image-27583\" srcset=\"https:\/\/micofora.com\/wp-content\/uploads\/2025\/07\/GPS-paso-4-200x91.jpg 200w, https:\/\/micofora.com\/wp-content\/uploads\/2025\/07\/GPS-paso-4-400x182.jpg 400w, https:\/\/micofora.com\/wp-content\/uploads\/2025\/07\/GPS-paso-4-600x273.jpg 600w, https:\/\/micofora.com\/wp-content\/uploads\/2025\/07\/GPS-paso-4-800x363.jpg 800w, https:\/\/micofora.com\/wp-content\/uploads\/2025\/07\/GPS-paso-4.jpg 843w\" sizes=\"(max-width: 800px) 100vw, 400px\" \/><\/span><\/div><div class=\"fusion-clearfix\"><\/div><\/div><\/div><div class=\"fusion-layout-column fusion_builder_column fusion-builder-column-2 fusion_builder_column_1_3 1_3 fusion-one-third fusion-column-last\" style=\"--awb-bg-size:cover;width:30.6666%;\"><div class=\"fusion-column-wrapper fusion-flex-column-wrapper-legacy\"><div class=\"fusion-image-element in-legacy-container\" style=\"--awb-caption-title-font-family:var(--h2_typography-font-family);--awb-caption-title-font-weight:var(--h2_typography-font-weight);--awb-caption-title-font-style:var(--h2_typography-font-style);--awb-caption-title-size:var(--h2_typography-font-size);--awb-caption-title-transform:var(--h2_typography-text-transform);--awb-caption-title-line-height:var(--h2_typography-line-height);--awb-caption-title-letter-spacing:var(--h2_typography-letter-spacing);\"><span class=\" fusion-imageframe imageframe-none imageframe-7 hover-type-zoomin\"><img decoding=\"async\" width=\"356\" height=\"250\" title=\"batea puntos\" src=\"https:\/\/micofora.com\/wp-content\/uploads\/2025\/07\/batea-puntos-1-e1752560622285.jpg\" alt class=\"img-responsive wp-image-27618\" srcset=\"https:\/\/micofora.com\/wp-content\/uploads\/2025\/07\/batea-puntos-1-e1752560622285-300x211.jpg 300w, https:\/\/micofora.com\/wp-content\/uploads\/2025\/07\/batea-puntos-1-e1752560622285.jpg 356w\" sizes=\"(max-width: 356px) 100vw, 356px\" \/><\/span><\/div><div class=\"fusion-sep-clear\"><\/div><div class=\"fusion-separator fusion-full-width-sep fusion-clearfix\" style=\"float:left;margin-top:10px;margin-bottom:10px;width:100%;\"><\/div><div class=\"fusion-sep-clear\"><\/div><div class=\"fusion-text fusion-text-6\"><h3 style=\"text-align: left;\"><strong>Avantages<\/strong><\/h3>\n<p><strong>\u2022 <\/strong>Connaissez votre plantation. O\u00f9 et quand elle produit, r\u00e9pondez \u00e0 des questions telles que:<\/p>\n<ol>\n<li>Quel est le poids des truffes tout au long de la campagne de r\u00e9colte?<\/li>\n<li>Quelles zones ou quels arbres sont les plus productifs?<\/li>\n<li>Quel pourcentage de truffes appara\u00eet en nids \u00e0 truffes?<\/li>\n<li>Quel pourcentage de truffes appara\u00eet en exposition ombrag\u00e9e\/ensoleill\u00e9e?<\/li>\n<li>Quel type de taille n\u00e9cessite ma plantation?<\/li>\n<li>Quel pourcentage de la production totale a \u00e9t\u00e9 affect\u00e9 par le scarab\u00e9e Leiodes?<\/li>\n<li>Y a-t-il une zone qui ne produit pas?<\/li>\n<li>\u00c0 quelle fr\u00e9quence d\u2019irrigation puis-je obtenir plus de truffes?<\/li>\n<\/ol>\n<p><strong>\u2022 <\/strong>Travaillez en mode hors ligne. Peu importe o\u00f9 se trouve votre plantation, ce syst\u00e8me vous permet de travailler dans des zones recul\u00e9es sans couverture t\u00e9l\u00e9phonique ni acc\u00e8s \u00e0 Internet.<\/p>\n<p><strong>\u2022 <\/strong>Nous travaillons avec pr\u00e9cision. En ayant tous les arbres de la plantation localis\u00e9s sur le mobile, il est possible d\u2019atteindre une pr\u00e9cision subm\u00e9trique (erreur inf\u00e9rieure \u00e0 1 m\u00e8tre).<\/p>\n<p><strong>\u2022 <\/strong>Nous utilisons un logiciel open source GNU (General Public License), libre et facilement accessible.<\/p>\n<p><strong>\u2022 <\/strong>Conseil 100 % \u00e0 distance. Tout le processus peut \u00eatre r\u00e9alis\u00e9 \u00e0 distance.<\/p>\n<p><strong>\u2022 <\/strong>G\u00e9n\u00e9rez un enregistrement continu au fil des ans. Plus d\u2019informations sont ajout\u00e9es au syst\u00e8me, plus nous pourrons en tirer de grandes conclusions.<\/p>\n<p><strong>\u2022 <\/strong>G\u00e9n\u00e9rez une carte thermique o\u00f9 vous pourrez visualiser les zones les plus productives.<\/p>\n<\/div><div class=\"fusion-image-element fusion-image-align-center in-legacy-container\" style=\"text-align:center;--awb-caption-title-font-family:var(--h2_typography-font-family);--awb-caption-title-font-weight:var(--h2_typography-font-weight);--awb-caption-title-font-style:var(--h2_typography-font-style);--awb-caption-title-size:var(--h2_typography-font-size);--awb-caption-title-transform:var(--h2_typography-text-transform);--awb-caption-title-line-height:var(--h2_typography-line-height);--awb-caption-title-letter-spacing:var(--h2_typography-letter-spacing);\"><div class=\"imageframe-align-center\"><span class=\" fusion-imageframe imageframe-none imageframe-8 hover-type-zoomin\"><img decoding=\"async\" width=\"356\" height=\"250\" title=\"batea x sectores\" src=\"https:\/\/micofora.com\/wp-content\/uploads\/2025\/07\/batea-x-sectores-e1752561450329.jpg\" alt class=\"img-responsive wp-image-27622\" srcset=\"https:\/\/micofora.com\/wp-content\/uploads\/2025\/07\/batea-x-sectores-e1752561450329-300x211.jpg 300w, https:\/\/micofora.com\/wp-content\/uploads\/2025\/07\/batea-x-sectores-e1752561450329.jpg 356w\" sizes=\"(max-width: 356px) 100vw, 356px\" \/><\/span><\/div><\/div><div class=\"fusion-sep-clear\"><\/div><div class=\"fusion-separator fusion-full-width-sep fusion-clearfix\" style=\"float:left;margin-top:10px;margin-bottom:10px;width:100%;\"><\/div><div class=\"fusion-sep-clear\"><\/div><div class=\"fusion-text fusion-text-7\"><p><strong>\u2022 <\/strong>Optimisation des ressources. Ce type d\u2019enregistrement est fortement recommand\u00e9 pour les plantations jeunes qui commencent \u00e0 produire, entre la 5e et la 10e ann\u00e9e. Divisez la plantation en plusieurs secteurs et \u00e9tablissez diff\u00e9rents sch\u00e9mas de gestion afin que, lorsque votre plantation sera \u00e0 pleine production, vous sachiez quelles apports en spores, fr\u00e9quences d\u2019irrigation, tailles ou traitements sont les plus rentables pour votre plantation.<\/p>\n<\/div><div class=\"fusion-clearfix\"><\/div><\/div><\/div><\/div><\/div>\n","protected":false},"excerpt":{"rendered":"","protected":false},"author":6,"featured_media":0,"parent":0,"menu_order":0,"comment_status":"closed","ping_status":"closed","template":"","meta":{"footnotes":""},"class_list":["post-20499","page","type-page","status-publish","hentry"],"yoast_head":"<!-- This site is optimized with the Yoast SEO plugin v27.4 - https:\/\/yoast.com\/product\/yoast-seo-wordpress\/ -->\n<title>Cartes de production de truffes de votre plantation - Micofora<\/title>\n<meta name=\"description\" content=\"Gr\u00e2ce \u00e0 l\u2019enregistrement de chaque truffe par GPS sur le terrain, il est possible d\u2019obtenir des cartes de production de truffes de votre plantation, par parcelle, \u00e0 chaque campagne.\" \/>\n<meta name=\"robots\" content=\"index, follow, max-snippet:-1, max-image-preview:large, max-video-preview:-1\" \/>\n<link rel=\"canonical\" href=\"https:\/\/micofora.com\/fr\/situtation-geographique-production-de-truffe\/\" \/>\n<meta property=\"og:locale\" content=\"fr_FR\" \/>\n<meta property=\"og:type\" content=\"article\" \/>\n<meta property=\"og:title\" content=\"Cartes de production de truffes de votre plantation - Micofora\" \/>\n<meta property=\"og:description\" content=\"Gr\u00e2ce \u00e0 l\u2019enregistrement de chaque truffe par GPS sur le terrain, il est possible d\u2019obtenir des cartes de production de truffes de votre plantation, par parcelle, \u00e0 chaque campagne.\" \/>\n<meta property=\"og:url\" content=\"https:\/\/micofora.com\/fr\/situtation-geographique-production-de-truffe\/\" \/>\n<meta property=\"og:site_name\" content=\"Micofora\" \/>\n<meta property=\"article:modified_time\" content=\"2025-11-17T16:24:30+00:00\" \/>\n<meta name=\"twitter:card\" content=\"summary_large_image\" \/>\n<meta name=\"twitter:label1\" content=\"Dur\u00e9e de lecture estim\u00e9e\" \/>\n\t<meta name=\"twitter:data1\" content=\"5 minutes\" \/>\n<script type=\"application\/ld+json\" class=\"yoast-schema-graph\">{\"@context\":\"https:\\\/\\\/schema.org\",\"@graph\":[{\"@type\":\"WebPage\",\"@id\":\"https:\\\/\\\/micofora.com\\\/fr\\\/situtation-geographique-production-de-truffe\\\/\",\"url\":\"https:\\\/\\\/micofora.com\\\/fr\\\/situtation-geographique-production-de-truffe\\\/\",\"name\":\"Cartes de production de truffes de votre plantation - Micofora\",\"isPartOf\":{\"@id\":\"https:\\\/\\\/micofora.com\\\/#website\"},\"datePublished\":\"2016-08-12T06:33:57+00:00\",\"dateModified\":\"2025-11-17T16:24:30+00:00\",\"description\":\"Gr\u00e2ce \u00e0 l\u2019enregistrement de chaque truffe par GPS sur le terrain, il est possible d\u2019obtenir des cartes de production de truffes de votre plantation, par parcelle, \u00e0 chaque campagne.\",\"breadcrumb\":{\"@id\":\"https:\\\/\\\/micofora.com\\\/fr\\\/situtation-geographique-production-de-truffe\\\/#breadcrumb\"},\"inLanguage\":\"fr-FR\",\"potentialAction\":[{\"@type\":\"ReadAction\",\"target\":[\"https:\\\/\\\/micofora.com\\\/fr\\\/situtation-geographique-production-de-truffe\\\/\"]}]},{\"@type\":\"BreadcrumbList\",\"@id\":\"https:\\\/\\\/micofora.com\\\/fr\\\/situtation-geographique-production-de-truffe\\\/#breadcrumb\",\"itemListElement\":[{\"@type\":\"ListItem\",\"position\":1,\"name\":\"Portada\",\"item\":\"https:\\\/\\\/micofora.com\\\/fr\\\/\"},{\"@type\":\"ListItem\",\"position\":2,\"name\":\"Cartes de production de truffes de votre plantation\"}]},{\"@type\":\"WebSite\",\"@id\":\"https:\\\/\\\/micofora.com\\\/#website\",\"url\":\"https:\\\/\\\/micofora.com\\\/\",\"name\":\"Micofora\",\"description\":\"Micologia Forestal &amp; Aplicada\",\"potentialAction\":[{\"@type\":\"SearchAction\",\"target\":{\"@type\":\"EntryPoint\",\"urlTemplate\":\"https:\\\/\\\/micofora.com\\\/?s={search_term_string}\"},\"query-input\":{\"@type\":\"PropertyValueSpecification\",\"valueRequired\":true,\"valueName\":\"search_term_string\"}}],\"inLanguage\":\"fr-FR\"}]}<\/script>\n<!-- \/ Yoast SEO plugin. -->","yoast_head_json":{"title":"Cartes de production de truffes de votre plantation - Micofora","description":"Gr\u00e2ce \u00e0 l\u2019enregistrement de chaque truffe par GPS sur le terrain, il est possible d\u2019obtenir des cartes de production de truffes de votre plantation, par parcelle, \u00e0 chaque campagne.","robots":{"index":"index","follow":"follow","max-snippet":"max-snippet:-1","max-image-preview":"max-image-preview:large","max-video-preview":"max-video-preview:-1"},"canonical":"https:\/\/micofora.com\/fr\/situtation-geographique-production-de-truffe\/","og_locale":"fr_FR","og_type":"article","og_title":"Cartes de production de truffes de votre plantation - Micofora","og_description":"Gr\u00e2ce \u00e0 l\u2019enregistrement de chaque truffe par GPS sur le terrain, il est possible d\u2019obtenir des cartes de production de truffes de votre plantation, par parcelle, \u00e0 chaque campagne.","og_url":"https:\/\/micofora.com\/fr\/situtation-geographique-production-de-truffe\/","og_site_name":"Micofora","article_modified_time":"2025-11-17T16:24:30+00:00","twitter_card":"summary_large_image","twitter_misc":{"Dur\u00e9e de lecture estim\u00e9e":"5 minutes"},"schema":{"@context":"https:\/\/schema.org","@graph":[{"@type":"WebPage","@id":"https:\/\/micofora.com\/fr\/situtation-geographique-production-de-truffe\/","url":"https:\/\/micofora.com\/fr\/situtation-geographique-production-de-truffe\/","name":"Cartes de production de truffes de votre plantation - Micofora","isPartOf":{"@id":"https:\/\/micofora.com\/#website"},"datePublished":"2016-08-12T06:33:57+00:00","dateModified":"2025-11-17T16:24:30+00:00","description":"Gr\u00e2ce \u00e0 l\u2019enregistrement de chaque truffe par GPS sur le terrain, il est possible d\u2019obtenir des cartes de production de truffes de votre plantation, par parcelle, \u00e0 chaque campagne.","breadcrumb":{"@id":"https:\/\/micofora.com\/fr\/situtation-geographique-production-de-truffe\/#breadcrumb"},"inLanguage":"fr-FR","potentialAction":[{"@type":"ReadAction","target":["https:\/\/micofora.com\/fr\/situtation-geographique-production-de-truffe\/"]}]},{"@type":"BreadcrumbList","@id":"https:\/\/micofora.com\/fr\/situtation-geographique-production-de-truffe\/#breadcrumb","itemListElement":[{"@type":"ListItem","position":1,"name":"Portada","item":"https:\/\/micofora.com\/fr\/"},{"@type":"ListItem","position":2,"name":"Cartes de production de truffes de votre plantation"}]},{"@type":"WebSite","@id":"https:\/\/micofora.com\/#website","url":"https:\/\/micofora.com\/","name":"Micofora","description":"Micologia Forestal &amp; Aplicada","potentialAction":[{"@type":"SearchAction","target":{"@type":"EntryPoint","urlTemplate":"https:\/\/micofora.com\/?s={search_term_string}"},"query-input":{"@type":"PropertyValueSpecification","valueRequired":true,"valueName":"search_term_string"}}],"inLanguage":"fr-FR"}]}},"_links":{"self":[{"href":"https:\/\/micofora.com\/fr\/wp-json\/wp\/v2\/pages\/20499","targetHints":{"allow":["GET"]}}],"collection":[{"href":"https:\/\/micofora.com\/fr\/wp-json\/wp\/v2\/pages"}],"about":[{"href":"https:\/\/micofora.com\/fr\/wp-json\/wp\/v2\/types\/page"}],"author":[{"embeddable":true,"href":"https:\/\/micofora.com\/fr\/wp-json\/wp\/v2\/users\/6"}],"replies":[{"embeddable":true,"href":"https:\/\/micofora.com\/fr\/wp-json\/wp\/v2\/comments?post=20499"}],"version-history":[{"count":11,"href":"https:\/\/micofora.com\/fr\/wp-json\/wp\/v2\/pages\/20499\/revisions"}],"predecessor-version":[{"id":27901,"href":"https:\/\/micofora.com\/fr\/wp-json\/wp\/v2\/pages\/20499\/revisions\/27901"}],"wp:attachment":[{"href":"https:\/\/micofora.com\/fr\/wp-json\/wp\/v2\/media?parent=20499"}],"curies":[{"name":"wp","href":"https:\/\/api.w.org\/{rel}","templated":true}]}}