{"id":20494,"date":"2016-07-27T15:04:10","date_gmt":"2016-07-27T15:04:10","guid":{"rendered":"http:\/\/micofora.com\/fr\/libros-de-truficultura\/"},"modified":"2025-05-16T08:12:59","modified_gmt":"2025-05-16T08:12:59","slug":"livres-de-trufficulture","status":"publish","type":"page","link":"https:\/\/micofora.com\/fr\/livres-de-trufficulture\/","title":{"rendered":"Livres de truffes"},"content":{"rendered":"<p><div class=\"fusion-fullwidth fullwidth-box fusion-builder-row-1 hundred-percent-fullwidth non-hundred-percent-height-scrolling\" style=\"--awb-border-radius-top-left:0px;--awb-border-radius-top-right:0px;--awb-border-radius-bottom-right:0px;--awb-border-radius-bottom-left:0px;--awb-overflow:visible;--awb-flex-wrap:wrap;\" ><div class=\"fusion-builder-row fusion-row\"><div class=\"fusion-layout-column fusion_builder_column fusion-builder-column-0 fusion_builder_column_1_1 1_1 fusion-one-full fusion-column-first fusion-column-last fusion-column-no-min-height\" style=\"--awb-bg-size:cover;--awb-margin-bottom:0px;\"><div class=\"fusion-column-wrapper fusion-flex-column-wrapper-legacy\"><div class=\"fusion-text fusion-text-1\"><h4 style=\"text-align: justify;\">Micolog\u00eda Forestal &amp; Aplicada a particip\u00e9 \u00e0 la publication de plusieurs livres sur la truffe et deux d&rsquo;entre eux ont \u00e9t\u00e9 \u00e9crit<\/h4>\n<\/div><div class=\"fusion-sep-clear\"><\/div><div class=\"fusion-separator fusion-full-width-sep fusion-clearfix\" style=\"float:left;margin-top:10px;margin-bottom:10px;width:100%;\"><\/div><div class=\"fusion-sep-clear\"><\/div><div class=\"fusion-clearfix\"><\/div><\/div><\/div><\/div><\/div><div class=\"fusion-fullwidth fullwidth-box fusion-builder-row-2 nonhundred-percent-fullwidth non-hundred-percent-height-scrolling\" style=\"--awb-background-position:left top;--awb-border-sizes-top:0px;--awb-border-sizes-bottom:0px;--awb-border-sizes-left:0px;--awb-border-sizes-right:0px;--awb-border-radius-top-left:0px;--awb-border-radius-top-right:0px;--awb-border-radius-bottom-right:0px;--awb-border-radius-bottom-left:0px;--awb-padding-top:20px;--awb-padding-bottom:20px;--awb-flex-wrap:wrap;\" ><div class=\"fusion-builder-row fusion-row\"><div class=\"fusion-layout-column fusion_builder_column fusion-builder-column-1 fusion_builder_column_1_3 1_3 fusion-one-third fusion-column-first\" style=\"--awb-bg-size:cover;width:30.6666%; margin-right: 4%;\"><div class=\"fusion-column-wrapper fusion-flex-column-wrapper-legacy\"><div class=\"fusion-image-element in-legacy-container\" style=\"--awb-caption-title-font-family:var(--h2_typography-font-family);--awb-caption-title-font-weight:var(--h2_typography-font-weight);--awb-caption-title-font-style:var(--h2_typography-font-style);--awb-caption-title-size:var(--h2_typography-font-size);--awb-caption-title-transform:var(--h2_typography-text-transform);--awb-caption-title-line-height:var(--h2_typography-line-height);--awb-caption-title-letter-spacing:var(--h2_typography-letter-spacing);\"><span class=\" fusion-imageframe imageframe-none imageframe-1 hover-type-zoomin\"><a href=\"https:\/\/micofora.com\/wp-content\/uploads\/2016\/07\/FOTO-LIBRO-MANUAL-DE-TRUFICULTURA-ANDALUZA.jpg\" class=\"fusion-lightbox\" data-rel=\"iLightbox[560ab642b19ebbaa8c3]\" data-title=\"FOTO LIBRO MANUAL DE TRUFICULTURA ANDALUZA\" title=\"FOTO LIBRO MANUAL DE TRUFICULTURA ANDALUZA\"><img decoding=\"async\" width=\"600\" height=\"437\" src=\"https:\/\/micofora.com\/wp-content\/uploads\/2016\/07\/FOTO-LIBRO-MANUAL-DE-TRUFICULTURA-ANDALUZA.jpg\" alt class=\"img-responsive wp-image-20498\" srcset=\"https:\/\/micofora.com\/wp-content\/uploads\/2016\/07\/FOTO-LIBRO-MANUAL-DE-TRUFICULTURA-ANDALUZA-200x146.jpg 200w, https:\/\/micofora.com\/wp-content\/uploads\/2016\/07\/FOTO-LIBRO-MANUAL-DE-TRUFICULTURA-ANDALUZA-400x291.jpg 400w, https:\/\/micofora.com\/wp-content\/uploads\/2016\/07\/FOTO-LIBRO-MANUAL-DE-TRUFICULTURA-ANDALUZA.jpg 600w\" sizes=\"(max-width: 800px) 100vw, 400px\" \/><\/a><\/span><\/div><div class=\"fusion-sep-clear\"><\/div><div class=\"fusion-separator fusion-full-width-sep fusion-clearfix\" style=\"float:left;margin-top:10px;margin-bottom:10px;width:100%;\"><\/div><div class=\"fusion-sep-clear\"><\/div><div class=\"fusion-text fusion-text-2\"><h3>Manuel de trufficulture d&rsquo;Andalousie<\/h3>\n<p>Morcillo M,\u00a0Moreno-Arroyo B, Pulido E, S\u00e1nchez M.<br \/>\n2007. 1\u00aaed. Ed. Fundaci\u00f3n Gypaetus.<br \/>\nConsejer\u00eda de Medio Ambiente.<br \/>\nJunta de Andaluc\u00eda. 176 pp. ISBN: 978-84-935194-3-8<\/p>\n<p>Ce livre n&rsquo;est plus en stock et pas de nouvelles \u00e9ditions sont pr\u00e9vues.<\/p>\n<\/div><div class=\"fusion-clearfix\"><\/div><\/div><\/div><div class=\"fusion-layout-column fusion_builder_column fusion-builder-column-2 fusion_builder_column_1_3 1_3 fusion-one-third\" style=\"--awb-bg-size:cover;width:30.6666%; margin-right: 4%;\"><div class=\"fusion-column-wrapper fusion-flex-column-wrapper-legacy\"><div class=\"fusion-image-element in-legacy-container\" style=\"--awb-caption-title-font-family:var(--h2_typography-font-family);--awb-caption-title-font-weight:var(--h2_typography-font-weight);--awb-caption-title-font-style:var(--h2_typography-font-style);--awb-caption-title-size:var(--h2_typography-font-size);--awb-caption-title-transform:var(--h2_typography-text-transform);--awb-caption-title-line-height:var(--h2_typography-line-height);--awb-caption-title-letter-spacing:var(--h2_typography-letter-spacing);\"><span class=\" fusion-imageframe imageframe-none imageframe-2 hover-type-zoomin\"><img decoding=\"async\" width=\"412\" height=\"580\" title=\"Imagen 3\" src=\"https:\/\/micofora.com\/wp-content\/uploads\/2016\/07\/Imagen-3-1.png\" alt class=\"img-responsive wp-image-20497\" srcset=\"https:\/\/micofora.com\/wp-content\/uploads\/2016\/07\/Imagen-3-1-200x282.png 200w, https:\/\/micofora.com\/wp-content\/uploads\/2016\/07\/Imagen-3-1-400x563.png 400w, https:\/\/micofora.com\/wp-content\/uploads\/2016\/07\/Imagen-3-1.png 412w\" sizes=\"(max-width: 800px) 100vw, 400px\" \/><\/span><\/div><div class=\"fusion-text fusion-text-3\"><h3 style=\"text-align: justify;\">Cultivar trufas una realidad en expansi\u00f3n<\/h3>\n<p style=\"text-align: justify;\">Marcos Morcillo,\u00a0M\u00f3nica S\u00e1nchez, Xavier Vilanova.<br \/>\n2015. ISBN 978-84-617-3654-6<\/p>\n<p style=\"text-align: justify;\">Dep\u00f3sito Legal B 3633-2015<\/p>\n<p style=\"text-align: justify;\">\u00c9dition cartonn\u00e9e avec 351 pages, 237 photos et 61 dessins<\/p>\n<p style=\"text-align: justify;\"><span id=\"result_box\" class=\"short_text\" lang=\"fr\">\u00c9dition <span class=\"\">en espagnol<\/span> <span class=\"\">et en anglais<\/span><\/span><\/p>\n<\/div><div class=\"fusion-button-wrapper\"><a class=\"fusion-button button-flat fusion-button-default-size button-default fusion-button-default button-1 fusion-button-default-span fusion-button-default-type\" target=\"_self\" href=\"https:\/\/micofora.com\/producto\/cultivar-trufas-una-realidad-cultivar-trufas-una-realidad-en-expansion-expansion\/\"><span class=\"fusion-button-text awb-button__text awb-button__text--default\">Acheter le livre<\/span><\/a><\/div><div class=\"fusion-sep-clear\"><\/div><div class=\"fusion-separator fusion-full-width-sep fusion-clearfix\" style=\"float:left;margin-top:10px;margin-bottom:10px;width:100%;\"><\/div><div class=\"fusion-sep-clear\"><\/div><div class=\"fusion-button-wrapper\"><a class=\"fusion-button button-flat fusion-button-default-size button-default fusion-button-default button-2 fusion-button-default-span fusion-button-default-type\" target=\"_self\" href=\"https:\/\/micofora.com\/wp-content\/uploads\/2024\/09\/truffle-farming-guide-micofora-booklet.pdf\"><span class=\"fusion-button-text awb-button__text awb-button__text--default\">T\u00c9L\u00c9CHARGER LE R\u00c9SUM\u00c9<\/span><\/a><\/div><div class=\"fusion-clearfix\"><\/div><\/div><\/div><div class=\"fusion-layout-column fusion_builder_column fusion-builder-column-3 fusion_builder_column_1_3 1_3 fusion-one-third fusion-column-last\" style=\"--awb-bg-size:cover;width:30.6666%;\"><div class=\"fusion-column-wrapper fusion-flex-column-wrapper-legacy\"><div class=\"fusion-text fusion-text-4\"><p><img decoding=\"async\" class=\"alignnone size-full wp-image-21636\" src=\"https:\/\/micofora.com\/wp-content\/uploads\/2016\/07\/libro-cultivar-trufas-Marcos-Morcillo.png\" alt=\"libro cultivar trufas y truficultura\" width=\"449\" height=\"574\" srcset=\"https:\/\/micofora.com\/wp-content\/uploads\/2016\/07\/libro-cultivar-trufas-Marcos-Morcillo-120x153.png 120w, https:\/\/micofora.com\/wp-content\/uploads\/2016\/07\/libro-cultivar-trufas-Marcos-Morcillo-200x256.png 200w, https:\/\/micofora.com\/wp-content\/uploads\/2016\/07\/libro-cultivar-trufas-Marcos-Morcillo-235x300.png 235w, https:\/\/micofora.com\/wp-content\/uploads\/2016\/07\/libro-cultivar-trufas-Marcos-Morcillo-300x384.png 300w, https:\/\/micofora.com\/wp-content\/uploads\/2016\/07\/libro-cultivar-trufas-Marcos-Morcillo-400x511.png 400w, https:\/\/micofora.com\/wp-content\/uploads\/2016\/07\/libro-cultivar-trufas-Marcos-Morcillo.png 449w\" sizes=\"(max-width: 449px) 100vw, 449px\" \/><\/p>\n<p><img decoding=\"async\" class=\"alignnone size-full wp-image-21628\" src=\"https:\/\/micofora.com\/wp-content\/uploads\/2016\/07\/truficultires-libro-cultivar-trufas.png\" alt=\"truficultores trufa negra\" width=\"466\" height=\"722\" srcset=\"https:\/\/micofora.com\/wp-content\/uploads\/2016\/07\/truficultires-libro-cultivar-trufas-120x186.png 120w, https:\/\/micofora.com\/wp-content\/uploads\/2016\/07\/truficultires-libro-cultivar-trufas-194x300.png 194w, https:\/\/micofora.com\/wp-content\/uploads\/2016\/07\/truficultires-libro-cultivar-trufas-200x310.png 200w, https:\/\/micofora.com\/wp-content\/uploads\/2016\/07\/truficultires-libro-cultivar-trufas-300x465.png 300w, https:\/\/micofora.com\/wp-content\/uploads\/2016\/07\/truficultires-libro-cultivar-trufas-400x620.png 400w, https:\/\/micofora.com\/wp-content\/uploads\/2016\/07\/truficultires-libro-cultivar-trufas.png 466w\" sizes=\"(max-width: 466px) 100vw, 466px\" \/><\/p>\n<p><img decoding=\"async\" class=\"alignnone size-full wp-image-21632\" src=\"https:\/\/micofora.com\/wp-content\/uploads\/2016\/07\/cadena-valor-trufas.png\" alt=\"trufas cadena valor\" width=\"492\" height=\"201\" srcset=\"https:\/\/micofora.com\/wp-content\/uploads\/2016\/07\/cadena-valor-trufas-120x49.png 120w, https:\/\/micofora.com\/wp-content\/uploads\/2016\/07\/cadena-valor-trufas-200x82.png 200w, https:\/\/micofora.com\/wp-content\/uploads\/2016\/07\/cadena-valor-trufas-300x123.png 300w, https:\/\/micofora.com\/wp-content\/uploads\/2016\/07\/cadena-valor-trufas-400x163.png 400w, https:\/\/micofora.com\/wp-content\/uploads\/2016\/07\/cadena-valor-trufas.png 492w\" sizes=\"(max-width: 492px) 100vw, 492px\" \/><\/p>\n<\/div><div class=\"fusion-clearfix\"><\/div><\/div><\/div><\/div><\/div><\/p>\n","protected":false},"excerpt":{"rendered":"","protected":false},"author":6,"featured_media":0,"parent":0,"menu_order":0,"comment_status":"closed","ping_status":"closed","template":"","meta":{"footnotes":""},"class_list":["post-20494","page","type-page","status-publish","hentry"],"yoast_head":"<!-- This site is optimized with the Yoast SEO plugin v27.5 - https:\/\/yoast.com\/product\/yoast-seo-wordpress\/ -->\n<title>Livres de truffes - Micofora<\/title>\n<meta name=\"description\" content=\"Nos livres de trufficulture.\" \/>\n<meta name=\"robots\" content=\"index, follow, max-snippet:-1, max-image-preview:large, max-video-preview:-1\" \/>\n<link rel=\"canonical\" href=\"https:\/\/micofora.com\/fr\/livres-de-trufficulture\/\" \/>\n<meta property=\"og:locale\" content=\"fr_FR\" \/>\n<meta property=\"og:type\" content=\"article\" \/>\n<meta property=\"og:title\" content=\"Livres de truffes - Micofora\" \/>\n<meta property=\"og:description\" content=\"Nos livres de trufficulture.\" \/>\n<meta property=\"og:url\" content=\"https:\/\/micofora.com\/fr\/livres-de-trufficulture\/\" \/>\n<meta property=\"og:site_name\" content=\"Micofora\" \/>\n<meta property=\"article:modified_time\" content=\"2025-05-16T08:12:59+00:00\" \/>\n<meta property=\"og:image\" content=\"https:\/\/micofora.com\/wp-content\/uploads\/2016\/07\/FOTO-LIBRO-MANUAL-DE-TRUFICULTURA-ANDALUZA.jpg\" \/>\n\t<meta property=\"og:image:width\" content=\"600\" \/>\n\t<meta property=\"og:image:height\" content=\"437\" \/>\n\t<meta property=\"og:image:type\" content=\"image\/jpeg\" \/>\n<meta name=\"twitter:card\" content=\"summary_large_image\" \/>\n<meta name=\"twitter:label1\" content=\"Dur\u00e9e de lecture estim\u00e9e\" \/>\n\t<meta name=\"twitter:data1\" content=\"2 minutes\" \/>\n<script type=\"application\/ld+json\" class=\"yoast-schema-graph\">{\"@context\":\"https:\\\/\\\/schema.org\",\"@graph\":[{\"@type\":\"WebPage\",\"@id\":\"https:\\\/\\\/micofora.com\\\/fr\\\/livres-de-trufficulture\\\/\",\"url\":\"https:\\\/\\\/micofora.com\\\/fr\\\/livres-de-trufficulture\\\/\",\"name\":\"Livres de truffes - Micofora\",\"isPartOf\":{\"@id\":\"https:\\\/\\\/micofora.com\\\/#website\"},\"primaryImageOfPage\":{\"@id\":\"https:\\\/\\\/micofora.com\\\/fr\\\/livres-de-trufficulture\\\/#primaryimage\"},\"image\":{\"@id\":\"https:\\\/\\\/micofora.com\\\/fr\\\/livres-de-trufficulture\\\/#primaryimage\"},\"thumbnailUrl\":\"https:\\\/\\\/micofora.com\\\/wp-content\\\/uploads\\\/2016\\\/07\\\/FOTO-LIBRO-MANUAL-DE-TRUFICULTURA-ANDALUZA.jpg\",\"datePublished\":\"2016-07-27T15:04:10+00:00\",\"dateModified\":\"2025-05-16T08:12:59+00:00\",\"description\":\"Nos livres de trufficulture.\",\"breadcrumb\":{\"@id\":\"https:\\\/\\\/micofora.com\\\/fr\\\/livres-de-trufficulture\\\/#breadcrumb\"},\"inLanguage\":\"fr-FR\",\"potentialAction\":[{\"@type\":\"ReadAction\",\"target\":[\"https:\\\/\\\/micofora.com\\\/fr\\\/livres-de-trufficulture\\\/\"]}]},{\"@type\":\"ImageObject\",\"inLanguage\":\"fr-FR\",\"@id\":\"https:\\\/\\\/micofora.com\\\/fr\\\/livres-de-trufficulture\\\/#primaryimage\",\"url\":\"https:\\\/\\\/micofora.com\\\/wp-content\\\/uploads\\\/2016\\\/07\\\/FOTO-LIBRO-MANUAL-DE-TRUFICULTURA-ANDALUZA.jpg\",\"contentUrl\":\"https:\\\/\\\/micofora.com\\\/wp-content\\\/uploads\\\/2016\\\/07\\\/FOTO-LIBRO-MANUAL-DE-TRUFICULTURA-ANDALUZA.jpg\"},{\"@type\":\"BreadcrumbList\",\"@id\":\"https:\\\/\\\/micofora.com\\\/fr\\\/livres-de-trufficulture\\\/#breadcrumb\",\"itemListElement\":[{\"@type\":\"ListItem\",\"position\":1,\"name\":\"Portada\",\"item\":\"https:\\\/\\\/micofora.com\\\/fr\\\/\"},{\"@type\":\"ListItem\",\"position\":2,\"name\":\"Livres de truffes\"}]},{\"@type\":\"WebSite\",\"@id\":\"https:\\\/\\\/micofora.com\\\/#website\",\"url\":\"https:\\\/\\\/micofora.com\\\/\",\"name\":\"Micofora\",\"description\":\"Micologia Forestal &amp; Aplicada\",\"potentialAction\":[{\"@type\":\"SearchAction\",\"target\":{\"@type\":\"EntryPoint\",\"urlTemplate\":\"https:\\\/\\\/micofora.com\\\/?s={search_term_string}\"},\"query-input\":{\"@type\":\"PropertyValueSpecification\",\"valueRequired\":true,\"valueName\":\"search_term_string\"}}],\"inLanguage\":\"fr-FR\"}]}<\/script>\n<!-- \/ Yoast SEO plugin. -->","yoast_head_json":{"title":"Livres de truffes - Micofora","description":"Nos livres de trufficulture.","robots":{"index":"index","follow":"follow","max-snippet":"max-snippet:-1","max-image-preview":"max-image-preview:large","max-video-preview":"max-video-preview:-1"},"canonical":"https:\/\/micofora.com\/fr\/livres-de-trufficulture\/","og_locale":"fr_FR","og_type":"article","og_title":"Livres de truffes - Micofora","og_description":"Nos livres de trufficulture.","og_url":"https:\/\/micofora.com\/fr\/livres-de-trufficulture\/","og_site_name":"Micofora","article_modified_time":"2025-05-16T08:12:59+00:00","og_image":[{"width":600,"height":437,"url":"https:\/\/micofora.com\/wp-content\/uploads\/2016\/07\/FOTO-LIBRO-MANUAL-DE-TRUFICULTURA-ANDALUZA.jpg","type":"image\/jpeg"}],"twitter_card":"summary_large_image","twitter_misc":{"Dur\u00e9e de lecture estim\u00e9e":"2 minutes"},"schema":{"@context":"https:\/\/schema.org","@graph":[{"@type":"WebPage","@id":"https:\/\/micofora.com\/fr\/livres-de-trufficulture\/","url":"https:\/\/micofora.com\/fr\/livres-de-trufficulture\/","name":"Livres de truffes - Micofora","isPartOf":{"@id":"https:\/\/micofora.com\/#website"},"primaryImageOfPage":{"@id":"https:\/\/micofora.com\/fr\/livres-de-trufficulture\/#primaryimage"},"image":{"@id":"https:\/\/micofora.com\/fr\/livres-de-trufficulture\/#primaryimage"},"thumbnailUrl":"https:\/\/micofora.com\/wp-content\/uploads\/2016\/07\/FOTO-LIBRO-MANUAL-DE-TRUFICULTURA-ANDALUZA.jpg","datePublished":"2016-07-27T15:04:10+00:00","dateModified":"2025-05-16T08:12:59+00:00","description":"Nos livres de trufficulture.","breadcrumb":{"@id":"https:\/\/micofora.com\/fr\/livres-de-trufficulture\/#breadcrumb"},"inLanguage":"fr-FR","potentialAction":[{"@type":"ReadAction","target":["https:\/\/micofora.com\/fr\/livres-de-trufficulture\/"]}]},{"@type":"ImageObject","inLanguage":"fr-FR","@id":"https:\/\/micofora.com\/fr\/livres-de-trufficulture\/#primaryimage","url":"https:\/\/micofora.com\/wp-content\/uploads\/2016\/07\/FOTO-LIBRO-MANUAL-DE-TRUFICULTURA-ANDALUZA.jpg","contentUrl":"https:\/\/micofora.com\/wp-content\/uploads\/2016\/07\/FOTO-LIBRO-MANUAL-DE-TRUFICULTURA-ANDALUZA.jpg"},{"@type":"BreadcrumbList","@id":"https:\/\/micofora.com\/fr\/livres-de-trufficulture\/#breadcrumb","itemListElement":[{"@type":"ListItem","position":1,"name":"Portada","item":"https:\/\/micofora.com\/fr\/"},{"@type":"ListItem","position":2,"name":"Livres de truffes"}]},{"@type":"WebSite","@id":"https:\/\/micofora.com\/#website","url":"https:\/\/micofora.com\/","name":"Micofora","description":"Micologia Forestal &amp; Aplicada","potentialAction":[{"@type":"SearchAction","target":{"@type":"EntryPoint","urlTemplate":"https:\/\/micofora.com\/?s={search_term_string}"},"query-input":{"@type":"PropertyValueSpecification","valueRequired":true,"valueName":"search_term_string"}}],"inLanguage":"fr-FR"}]}},"_links":{"self":[{"href":"https:\/\/micofora.com\/fr\/wp-json\/wp\/v2\/pages\/20494","targetHints":{"allow":["GET"]}}],"collection":[{"href":"https:\/\/micofora.com\/fr\/wp-json\/wp\/v2\/pages"}],"about":[{"href":"https:\/\/micofora.com\/fr\/wp-json\/wp\/v2\/types\/page"}],"author":[{"embeddable":true,"href":"https:\/\/micofora.com\/fr\/wp-json\/wp\/v2\/users\/6"}],"replies":[{"embeddable":true,"href":"https:\/\/micofora.com\/fr\/wp-json\/wp\/v2\/comments?post=20494"}],"version-history":[{"count":1,"href":"https:\/\/micofora.com\/fr\/wp-json\/wp\/v2\/pages\/20494\/revisions"}],"predecessor-version":[{"id":27467,"href":"https:\/\/micofora.com\/fr\/wp-json\/wp\/v2\/pages\/20494\/revisions\/27467"}],"wp:attachment":[{"href":"https:\/\/micofora.com\/fr\/wp-json\/wp\/v2\/media?parent=20494"}],"curies":[{"name":"wp","href":"https:\/\/api.w.org\/{rel}","templated":true}]}}