{"id":20490,"date":"2016-07-27T14:57:19","date_gmt":"2016-07-27T14:57:19","guid":{"rendered":"http:\/\/micofora.com\/fr\/formacion-en-micologia\/"},"modified":"2016-12-01T10:33:12","modified_gmt":"2016-12-01T10:33:12","slug":"formation-en-mycologie","status":"publish","type":"page","link":"https:\/\/micofora.com\/fr\/formation-en-mycologie\/","title":{"rendered":"Formation en Mycologie"},"content":{"rendered":"<div class=\"fusion-fullwidth fullwidth-box fusion-builder-row-1 nonhundred-percent-fullwidth non-hundred-percent-height-scrolling\" style=\"--awb-background-position:left top;--awb-border-radius-top-left:0px;--awb-border-radius-top-right:0px;--awb-border-radius-bottom-right:0px;--awb-border-radius-bottom-left:0px;--awb-padding-top:20px;--awb-padding-bottom:20px;--awb-border-sizes-top:0px;--awb-border-sizes-bottom:0px;--awb-flex-wrap:wrap;\" ><div class=\"fusion-builder-row fusion-row\"><div class=\"fusion-layout-column fusion_builder_column fusion-builder-column-0 fusion_builder_column_1_3 1_3 fusion-one-third fusion-column-first\" style=\"--awb-bg-size:cover;width:30.6666%; margin-right: 4%;\"><div class=\"fusion-column-wrapper fusion-flex-column-wrapper-legacy\"><div class=\"fusion-text fusion-text-1\"><h3 style=\"text-align: justify;\">Cours d&rsquo;informations sur la culture du champignons et truffe ou\/avec cours techniques monographiques sur demande.<em><br \/>\n<\/em><\/h3>\n<\/div><div class=\"fusion-text fusion-text-2\"><p style=\"text-align: justify;\">Chaque ann\u00e9e, nous organisons plusieurs s\u00e9minaires techniques de trufficulture dans le but de promouvoir la culture de la truffe dans notre pays et pour faire conna\u00eetre les r\u00e9sultats des recherches les plus r\u00e9centes.<\/p>\n<p style=\"text-align: justify;\">En ce sens, nous avons organis\u00e9 \u00e0 Barcelone Truffle tour comme un \u00e9v\u00e9nement fixe deux fois dans l&rsquo;ann\u00e9e.<br \/>\nEgalement sur notre blog, nous publions chaque cours ou \u00e9v\u00e9nement que nous organisons ou auxquels nous participerons.<\/p>\n<\/div><div class=\"fusion-sep-clear\"><\/div><div class=\"fusion-separator fusion-full-width-sep fusion-clearfix\" style=\"float:left;margin-top:10px;margin-bottom:10px;width:100%;\"><\/div><div class=\"fusion-sep-clear\"><\/div><div class=\"fusion-button-wrapper\"><a class=\"fusion-button button-flat fusion-button-default-size button-default fusion-button-default button-1 fusion-button-default-span fusion-button-default-type\" target=\"_blank\" rel=\"noopener noreferrer\" href=\"http:\/\/www.slideshare.net\/micofora\/jornada-tofones-i-tubericultura-irta-caldes-montbui?ref=https:\/\/micofora.com\/formacion-en-micologia\/\"><span class=\"fusion-button-text awb-button__text awb-button__text--default\">Journ\u00e9e de la truffe<\/span><\/a><\/div><div class=\"fusion-sep-clear\"><\/div><div class=\"fusion-separator fusion-full-width-sep fusion-clearfix\" style=\"float:left;margin-top:10px;margin-bottom:10px;width:100%;\"><\/div><div class=\"fusion-sep-clear\"><\/div><div class=\"fusion-button-wrapper\"><a class=\"fusion-button button-flat fusion-button-default-size button-default fusion-button-default button-2 fusion-button-default-span fusion-button-default-type\" target=\"_blank\" rel=\"noopener noreferrer\" href=\"http:\/\/barcelonatruffletour.com\/\"><span class=\"fusion-button-text awb-button__text awb-button__text--default\">Barcelona Truffle Tour<\/span><\/a><\/div><div class=\"fusion-clearfix\"><\/div><\/div><\/div><div class=\"fusion-layout-column fusion_builder_column fusion-builder-column-1 fusion_builder_column_2_3 2_3 fusion-two-third fusion-column-last\" style=\"--awb-bg-size:cover;width:65.3333%;\"><div class=\"fusion-column-wrapper fusion-flex-column-wrapper-legacy\"><div class=\"fusion-image-element in-legacy-container\" style=\"--awb-caption-title-font-family:var(--h2_typography-font-family);--awb-caption-title-font-weight:var(--h2_typography-font-weight);--awb-caption-title-font-style:var(--h2_typography-font-style);--awb-caption-title-size:var(--h2_typography-font-size);--awb-caption-title-transform:var(--h2_typography-text-transform);--awb-caption-title-line-height:var(--h2_typography-line-height);--awb-caption-title-letter-spacing:var(--h2_typography-letter-spacing);\"><span class=\" fusion-imageframe imageframe-none imageframe-1 hover-type-zoomin\"><img decoding=\"async\" width=\"1000\" height=\"750\" alt=\"FORMACION EN TRUFICULTURA\" title=\"FORMACION EN TRUFICULTURA\" src=\"https:\/\/micofora.com\/wp-content\/uploads\/2016\/07\/FORMACION-EN-TRUFICULTURA-1.jpg\" class=\"img-responsive wp-image-20493\" srcset=\"https:\/\/micofora.com\/wp-content\/uploads\/2016\/07\/FORMACION-EN-TRUFICULTURA-1-200x150.jpg 200w, https:\/\/micofora.com\/wp-content\/uploads\/2016\/07\/FORMACION-EN-TRUFICULTURA-1-400x300.jpg 400w, https:\/\/micofora.com\/wp-content\/uploads\/2016\/07\/FORMACION-EN-TRUFICULTURA-1-600x450.jpg 600w, https:\/\/micofora.com\/wp-content\/uploads\/2016\/07\/FORMACION-EN-TRUFICULTURA-1-800x600.jpg 800w, https:\/\/micofora.com\/wp-content\/uploads\/2016\/07\/FORMACION-EN-TRUFICULTURA-1.jpg 1000w\" sizes=\"(max-width: 800px) 100vw, 800px\" \/><\/span><\/div><div class=\"fusion-clearfix\"><\/div><\/div><\/div><\/div><\/div>\n","protected":false},"excerpt":{"rendered":"","protected":false},"author":6,"featured_media":0,"parent":0,"menu_order":0,"comment_status":"closed","ping_status":"closed","template":"","meta":{"footnotes":""},"class_list":["post-20490","page","type-page","status-publish","hentry"],"yoast_head":"<!-- This site is optimized with the Yoast SEO plugin v27.4 - https:\/\/yoast.com\/product\/yoast-seo-wordpress\/ -->\n<title>Formation en Mycologie - Micofora<\/title>\n<meta name=\"description\" content=\"Formaction en Micolog\u00eda. Cours d&#039;informations sur la culture du champignons et truffe ou\/avec cours techniques monographiques sur demande.\" \/>\n<meta name=\"robots\" content=\"index, follow, max-snippet:-1, max-image-preview:large, max-video-preview:-1\" \/>\n<link rel=\"canonical\" href=\"https:\/\/micofora.com\/fr\/formation-en-mycologie\/\" \/>\n<meta property=\"og:locale\" content=\"fr_FR\" \/>\n<meta property=\"og:type\" content=\"article\" \/>\n<meta property=\"og:title\" content=\"Formation en Mycologie - Micofora\" \/>\n<meta property=\"og:description\" content=\"Formaction en Micolog\u00eda. Cours d&#039;informations sur la culture du champignons et truffe ou\/avec cours techniques monographiques sur demande.\" \/>\n<meta property=\"og:url\" content=\"https:\/\/micofora.com\/fr\/formation-en-mycologie\/\" \/>\n<meta property=\"og:site_name\" content=\"Micofora\" \/>\n<meta property=\"article:modified_time\" content=\"2016-12-01T10:33:12+00:00\" \/>\n<meta property=\"og:image\" content=\"https:\/\/micofora.com\/wp-content\/uploads\/2016\/07\/FORMACION-EN-TRUFICULTURA-1.jpg\" \/>\n<meta name=\"twitter:card\" content=\"summary_large_image\" \/>\n<meta name=\"twitter:label1\" content=\"Dur\u00e9e de lecture estim\u00e9e\" \/>\n\t<meta name=\"twitter:data1\" content=\"3 minutes\" \/>\n<script type=\"application\/ld+json\" class=\"yoast-schema-graph\">{\"@context\":\"https:\\\/\\\/schema.org\",\"@graph\":[{\"@type\":\"WebPage\",\"@id\":\"https:\\\/\\\/micofora.com\\\/fr\\\/formation-en-mycologie\\\/\",\"url\":\"https:\\\/\\\/micofora.com\\\/fr\\\/formation-en-mycologie\\\/\",\"name\":\"Formation en Mycologie - Micofora\",\"isPartOf\":{\"@id\":\"https:\\\/\\\/micofora.com\\\/#website\"},\"primaryImageOfPage\":{\"@id\":\"https:\\\/\\\/micofora.com\\\/fr\\\/formation-en-mycologie\\\/#primaryimage\"},\"image\":{\"@id\":\"https:\\\/\\\/micofora.com\\\/fr\\\/formation-en-mycologie\\\/#primaryimage\"},\"thumbnailUrl\":\"https:\\\/\\\/micofora.com\\\/wp-content\\\/uploads\\\/2016\\\/07\\\/FORMACION-EN-TRUFICULTURA-1.jpg\",\"datePublished\":\"2016-07-27T14:57:19+00:00\",\"dateModified\":\"2016-12-01T10:33:12+00:00\",\"description\":\"Formaction en Micolog\u00eda. Cours d'informations sur la culture du champignons et truffe ou\\\/avec cours techniques monographiques sur demande.\",\"breadcrumb\":{\"@id\":\"https:\\\/\\\/micofora.com\\\/fr\\\/formation-en-mycologie\\\/#breadcrumb\"},\"inLanguage\":\"fr-FR\",\"potentialAction\":[{\"@type\":\"ReadAction\",\"target\":[\"https:\\\/\\\/micofora.com\\\/fr\\\/formation-en-mycologie\\\/\"]}]},{\"@type\":\"ImageObject\",\"inLanguage\":\"fr-FR\",\"@id\":\"https:\\\/\\\/micofora.com\\\/fr\\\/formation-en-mycologie\\\/#primaryimage\",\"url\":\"https:\\\/\\\/micofora.com\\\/wp-content\\\/uploads\\\/2016\\\/07\\\/FORMACION-EN-TRUFICULTURA-1.jpg\",\"contentUrl\":\"https:\\\/\\\/micofora.com\\\/wp-content\\\/uploads\\\/2016\\\/07\\\/FORMACION-EN-TRUFICULTURA-1.jpg\"},{\"@type\":\"BreadcrumbList\",\"@id\":\"https:\\\/\\\/micofora.com\\\/fr\\\/formation-en-mycologie\\\/#breadcrumb\",\"itemListElement\":[{\"@type\":\"ListItem\",\"position\":1,\"name\":\"Portada\",\"item\":\"https:\\\/\\\/micofora.com\\\/fr\\\/\"},{\"@type\":\"ListItem\",\"position\":2,\"name\":\"Formation en Mycologie\"}]},{\"@type\":\"WebSite\",\"@id\":\"https:\\\/\\\/micofora.com\\\/#website\",\"url\":\"https:\\\/\\\/micofora.com\\\/\",\"name\":\"Micofora\",\"description\":\"Micologia Forestal &amp; Aplicada\",\"potentialAction\":[{\"@type\":\"SearchAction\",\"target\":{\"@type\":\"EntryPoint\",\"urlTemplate\":\"https:\\\/\\\/micofora.com\\\/?s={search_term_string}\"},\"query-input\":{\"@type\":\"PropertyValueSpecification\",\"valueRequired\":true,\"valueName\":\"search_term_string\"}}],\"inLanguage\":\"fr-FR\"}]}<\/script>\n<!-- \/ Yoast SEO plugin. -->","yoast_head_json":{"title":"Formation en Mycologie - Micofora","description":"Formaction en Micolog\u00eda. Cours d'informations sur la culture du champignons et truffe ou\/avec cours techniques monographiques sur demande.","robots":{"index":"index","follow":"follow","max-snippet":"max-snippet:-1","max-image-preview":"max-image-preview:large","max-video-preview":"max-video-preview:-1"},"canonical":"https:\/\/micofora.com\/fr\/formation-en-mycologie\/","og_locale":"fr_FR","og_type":"article","og_title":"Formation en Mycologie - Micofora","og_description":"Formaction en Micolog\u00eda. Cours d'informations sur la culture du champignons et truffe ou\/avec cours techniques monographiques sur demande.","og_url":"https:\/\/micofora.com\/fr\/formation-en-mycologie\/","og_site_name":"Micofora","article_modified_time":"2016-12-01T10:33:12+00:00","og_image":[{"url":"https:\/\/micofora.com\/wp-content\/uploads\/2016\/07\/FORMACION-EN-TRUFICULTURA-1.jpg","type":"","width":"","height":""}],"twitter_card":"summary_large_image","twitter_misc":{"Dur\u00e9e de lecture estim\u00e9e":"3 minutes"},"schema":{"@context":"https:\/\/schema.org","@graph":[{"@type":"WebPage","@id":"https:\/\/micofora.com\/fr\/formation-en-mycologie\/","url":"https:\/\/micofora.com\/fr\/formation-en-mycologie\/","name":"Formation en Mycologie - Micofora","isPartOf":{"@id":"https:\/\/micofora.com\/#website"},"primaryImageOfPage":{"@id":"https:\/\/micofora.com\/fr\/formation-en-mycologie\/#primaryimage"},"image":{"@id":"https:\/\/micofora.com\/fr\/formation-en-mycologie\/#primaryimage"},"thumbnailUrl":"https:\/\/micofora.com\/wp-content\/uploads\/2016\/07\/FORMACION-EN-TRUFICULTURA-1.jpg","datePublished":"2016-07-27T14:57:19+00:00","dateModified":"2016-12-01T10:33:12+00:00","description":"Formaction en Micolog\u00eda. Cours d'informations sur la culture du champignons et truffe ou\/avec cours techniques monographiques sur demande.","breadcrumb":{"@id":"https:\/\/micofora.com\/fr\/formation-en-mycologie\/#breadcrumb"},"inLanguage":"fr-FR","potentialAction":[{"@type":"ReadAction","target":["https:\/\/micofora.com\/fr\/formation-en-mycologie\/"]}]},{"@type":"ImageObject","inLanguage":"fr-FR","@id":"https:\/\/micofora.com\/fr\/formation-en-mycologie\/#primaryimage","url":"https:\/\/micofora.com\/wp-content\/uploads\/2016\/07\/FORMACION-EN-TRUFICULTURA-1.jpg","contentUrl":"https:\/\/micofora.com\/wp-content\/uploads\/2016\/07\/FORMACION-EN-TRUFICULTURA-1.jpg"},{"@type":"BreadcrumbList","@id":"https:\/\/micofora.com\/fr\/formation-en-mycologie\/#breadcrumb","itemListElement":[{"@type":"ListItem","position":1,"name":"Portada","item":"https:\/\/micofora.com\/fr\/"},{"@type":"ListItem","position":2,"name":"Formation en Mycologie"}]},{"@type":"WebSite","@id":"https:\/\/micofora.com\/#website","url":"https:\/\/micofora.com\/","name":"Micofora","description":"Micologia Forestal &amp; Aplicada","potentialAction":[{"@type":"SearchAction","target":{"@type":"EntryPoint","urlTemplate":"https:\/\/micofora.com\/?s={search_term_string}"},"query-input":{"@type":"PropertyValueSpecification","valueRequired":true,"valueName":"search_term_string"}}],"inLanguage":"fr-FR"}]}},"_links":{"self":[{"href":"https:\/\/micofora.com\/fr\/wp-json\/wp\/v2\/pages\/20490","targetHints":{"allow":["GET"]}}],"collection":[{"href":"https:\/\/micofora.com\/fr\/wp-json\/wp\/v2\/pages"}],"about":[{"href":"https:\/\/micofora.com\/fr\/wp-json\/wp\/v2\/types\/page"}],"author":[{"embeddable":true,"href":"https:\/\/micofora.com\/fr\/wp-json\/wp\/v2\/users\/6"}],"replies":[{"embeddable":true,"href":"https:\/\/micofora.com\/fr\/wp-json\/wp\/v2\/comments?post=20490"}],"version-history":[{"count":0,"href":"https:\/\/micofora.com\/fr\/wp-json\/wp\/v2\/pages\/20490\/revisions"}],"wp:attachment":[{"href":"https:\/\/micofora.com\/fr\/wp-json\/wp\/v2\/media?parent=20490"}],"curies":[{"name":"wp","href":"https:\/\/api.w.org\/{rel}","templated":true}]}}