{"id":20446,"date":"2016-09-03T14:55:28","date_gmt":"2016-09-03T14:55:28","guid":{"rendered":"http:\/\/micofora.com\/fr\/analisis-de-suelo\/"},"modified":"2026-05-05T07:44:40","modified_gmt":"2026-05-05T07:44:40","slug":"analyse-du-sol","status":"publish","type":"page","link":"https:\/\/micofora.com\/fr\/analyse-du-sol\/","title":{"rendered":"Analyse du sol"},"content":{"rendered":"<p><div class=\"fusion-fullwidth fullwidth-box fusion-builder-row-1 nonhundred-percent-fullwidth non-hundred-percent-height-scrolling\" style=\"--awb-background-position:left top;--awb-border-sizes-top:0px;--awb-border-sizes-bottom:0px;--awb-border-sizes-left:0px;--awb-border-sizes-right:0px;--awb-border-radius-top-left:0px;--awb-border-radius-top-right:0px;--awb-border-radius-bottom-right:0px;--awb-border-radius-bottom-left:0px;--awb-padding-top:20px;--awb-padding-bottom:20px;--awb-flex-wrap:wrap;\" ><div class=\"fusion-builder-row fusion-row\"><div class=\"fusion-layout-column fusion_builder_column fusion-builder-column-0 fusion_builder_column_1_1 1_1 fusion-one-full fusion-column-first fusion-column-last\" style=\"--awb-bg-size:cover;\"><div class=\"fusion-column-wrapper fusion-flex-column-wrapper-legacy\"><div class=\"fusion-clearfix\"><\/div><\/div><\/div><div class=\"fusion-layout-column fusion_builder_column fusion-builder-column-1 fusion_builder_column_1_3 1_3 fusion-one-third fusion-column-first\" style=\"--awb-bg-size:cover;width:30.6666%; margin-right: 4%;\"><div class=\"fusion-column-wrapper fusion-flex-column-wrapper-legacy\"><div class=\"fusion-text fusion-text-1\"><h3>Potentiel de la truffe<\/h3>\n<p>Chaque esp\u00e8ce de truffe pousse dans un sol crayeux particulier. Le choix du terrain est essentiel pour la r\u00e9ussite d&rsquo;une plantation de truffe.<\/p>\n<\/div><div class=\"fusion-reading-box-container reading-box-container-1\" style=\"--awb-title-color:#333333;--awb-margin-top:0px;--awb-margin-bottom:84px;\"><div class=\"reading-box\" style=\"background-color:#f6f6f6;border-width:1px;border-color:#f6f6f6;border-top-width:3px;border-top-color:var(--primary_color);border-style:solid;\"><h2>Combien \u00e7a co\u00fbte?<\/h2><div class=\"reading-box-additional fusion-reading-box-additional\">\n<ul>\n<li>Analyse de base: 10 \u20ac<\/li>\n<li>Analyse compl\u00e8te: 77 \u20ac<\/li>\n<li>Fertilit\u00e9 br\u00fbles: 125 \u20ac<\/li>\n<\/ul>\n<p>Ces prix ne comprennent pas la TVA<\/p>\n<\/div><div class=\"fusion-clearfix\"><\/div><\/div><\/div><div class=\"fusion-clearfix\"><\/div><\/div><\/div><div class=\"fusion-layout-column fusion_builder_column fusion-builder-column-2 fusion_builder_column_1_3 1_3 fusion-one-third\" style=\"--awb-bg-size:cover;width:30.6666%; margin-right: 4%;\"><div class=\"fusion-column-wrapper fusion-flex-column-wrapper-legacy\"><div class=\"fusion-text fusion-text-2\"><h3>Analyse BASIC du sol<\/h3>\n<p>Il comprend le pH, la texture et Carbonates.<\/p>\n<p>Pour cette analyse, 100 grammes d&rsquo;\u00e9chantillon sont n\u00e9cessaires. Retirez les pierres et laisser que la terre.<\/p>\n<\/div><div class=\"fusion-clearfix\"><\/div><\/div><\/div><div class=\"fusion-layout-column fusion_builder_column fusion-builder-column-3 fusion_builder_column_1_3 1_3 fusion-one-third fusion-column-last\" style=\"--awb-bg-size:cover;width:30.6666%;\"><div class=\"fusion-column-wrapper fusion-flex-column-wrapper-legacy\"><div class=\"fusion-text fusion-text-3\"><h3>Analyse COMPL\u00c8TE du sol<\/h3>\n<p>Il comprend le pH, la conductivit\u00e9 \u00e9lectrique, \u00e9quivalent carbonate de calcium, la mati\u00e8re organique, azote, phosphore, potassium, calcium, magn\u00e9sium, sodium, Relation C \/ N, Arena Total, Limo \u00e9pais, Limo mince, Argile, clase Textural USDA.<\/p>\n<h3><strong>analyse de FERTILIT\u00c9 des br\u00fbl\u00e9s<\/strong><\/h3>\n<p>Inclut le pH, l&rsquo;\u00e9quivalent en carbonate de calcium, la mati\u00e8re organique, l&rsquo;azote, le phosphore, le potassium, le calcium, le magn\u00e9sium, le sodium + fer, le mangan\u00e8se, le cuivre, le zinc et le bore.<\/p>\n<p><strong>\u00a0<\/strong><\/p>\n<\/div><div class=\"fusion-button-wrapper\"><a class=\"fusion-button button-flat fusion-button-default-size button-default fusion-button-default button-1 fusion-button-default-span fusion-button-default-type\" target=\"_blank\" rel=\"noopener noreferrer\" href=\"https:\/\/www.dropbox.com\/s\/h914grbpnbtshek\/c\u00f3mo%20tomar%20muestras%20de%20suelo%2C%20dentro%20de%20servicios%20-%20analisis%20suelo%2C%20con%20boton%20para%20descargar.pdf?dl=0\"><span class=\"fusion-button-icon-divider button-icon-divider-left\"><i class=\" fa fa-file-o awb-button__icon awb-button__icon--default\" aria-hidden=\"true\"><\/i><\/span><span class=\"fusion-button-text awb-button__text awb-button__text--default fusion-button-text-left\">Comment prendre des \u00e9chantillon de terre<\/span><\/a><\/div><div class=\"fusion-clearfix\"><\/div><\/div><\/div><\/div><\/div><div class=\"fusion-fullwidth fullwidth-box fusion-builder-row-2 nonhundred-percent-fullwidth non-hundred-percent-height-scrolling\" style=\"--awb-background-position:left top;--awb-border-sizes-top:0px;--awb-border-sizes-bottom:0px;--awb-border-sizes-left:0px;--awb-border-sizes-right:0px;--awb-border-radius-top-left:0px;--awb-border-radius-top-right:0px;--awb-border-radius-bottom-right:0px;--awb-border-radius-bottom-left:0px;--awb-padding-top:20px;--awb-padding-bottom:20px;--awb-flex-wrap:wrap;\" ><div class=\"fusion-builder-row fusion-row\"><\/div><\/div><\/p>\n","protected":false},"excerpt":{"rendered":"","protected":false},"author":6,"featured_media":20447,"parent":0,"menu_order":0,"comment_status":"closed","ping_status":"closed","template":"","meta":{"footnotes":""},"class_list":["post-20446","page","type-page","status-publish","has-post-thumbnail","hentry"],"yoast_head":"<!-- This site is optimized with the Yoast SEO plugin v27.5 - https:\/\/yoast.com\/product\/yoast-seo-wordpress\/ -->\n<title>Analyse du sol - Micofora<\/title>\n<meta name=\"description\" content=\"Chaque esp\u00e8ce de truffe pousse dans un sol crayeux particulier. Le choix du terrain est essentiel pour la r\u00e9ussite d&#039;une plantation de truffe.\" \/>\n<meta name=\"robots\" content=\"index, follow, max-snippet:-1, max-image-preview:large, max-video-preview:-1\" \/>\n<link rel=\"canonical\" href=\"https:\/\/micofora.com\/fr\/analyse-du-sol\/\" \/>\n<meta property=\"og:locale\" content=\"fr_FR\" \/>\n<meta property=\"og:type\" content=\"article\" \/>\n<meta property=\"og:title\" content=\"Analyse du sol - Micofora\" \/>\n<meta property=\"og:description\" content=\"Chaque esp\u00e8ce de truffe pousse dans un sol crayeux particulier. Le choix du terrain est essentiel pour la r\u00e9ussite d&#039;une plantation de truffe.\" \/>\n<meta property=\"og:url\" content=\"https:\/\/micofora.com\/fr\/analyse-du-sol\/\" \/>\n<meta property=\"og:site_name\" content=\"Micofora\" \/>\n<meta property=\"article:modified_time\" content=\"2026-05-05T07:44:40+00:00\" \/>\n<meta property=\"og:image\" content=\"https:\/\/micofora.com\/wp-content\/uploads\/2016\/09\/ANALISIS-SUELO.jpg\" \/>\n\t<meta property=\"og:image:width\" content=\"2048\" \/>\n\t<meta property=\"og:image:height\" content=\"864\" \/>\n\t<meta property=\"og:image:type\" content=\"image\/jpeg\" \/>\n<meta name=\"twitter:card\" content=\"summary_large_image\" \/>\n<meta name=\"twitter:label1\" content=\"Dur\u00e9e de lecture estim\u00e9e\" \/>\n\t<meta name=\"twitter:data1\" content=\"1 minute\" \/>\n<script type=\"application\/ld+json\" class=\"yoast-schema-graph\">{\"@context\":\"https:\\\/\\\/schema.org\",\"@graph\":[{\"@type\":\"WebPage\",\"@id\":\"https:\\\/\\\/micofora.com\\\/fr\\\/analyse-du-sol\\\/\",\"url\":\"https:\\\/\\\/micofora.com\\\/fr\\\/analyse-du-sol\\\/\",\"name\":\"Analyse du sol - Micofora\",\"isPartOf\":{\"@id\":\"https:\\\/\\\/micofora.com\\\/#website\"},\"primaryImageOfPage\":{\"@id\":\"https:\\\/\\\/micofora.com\\\/fr\\\/analyse-du-sol\\\/#primaryimage\"},\"image\":{\"@id\":\"https:\\\/\\\/micofora.com\\\/fr\\\/analyse-du-sol\\\/#primaryimage\"},\"thumbnailUrl\":\"https:\\\/\\\/micofora.com\\\/wp-content\\\/uploads\\\/2016\\\/09\\\/ANALISIS-SUELO.jpg\",\"datePublished\":\"2016-09-03T14:55:28+00:00\",\"dateModified\":\"2026-05-05T07:44:40+00:00\",\"description\":\"Chaque esp\u00e8ce de truffe pousse dans un sol crayeux particulier. Le choix du terrain est essentiel pour la r\u00e9ussite d'une plantation de truffe.\",\"breadcrumb\":{\"@id\":\"https:\\\/\\\/micofora.com\\\/fr\\\/analyse-du-sol\\\/#breadcrumb\"},\"inLanguage\":\"fr-FR\",\"potentialAction\":[{\"@type\":\"ReadAction\",\"target\":[\"https:\\\/\\\/micofora.com\\\/fr\\\/analyse-du-sol\\\/\"]}]},{\"@type\":\"ImageObject\",\"inLanguage\":\"fr-FR\",\"@id\":\"https:\\\/\\\/micofora.com\\\/fr\\\/analyse-du-sol\\\/#primaryimage\",\"url\":\"https:\\\/\\\/micofora.com\\\/wp-content\\\/uploads\\\/2016\\\/09\\\/ANALISIS-SUELO.jpg\",\"contentUrl\":\"https:\\\/\\\/micofora.com\\\/wp-content\\\/uploads\\\/2016\\\/09\\\/ANALISIS-SUELO.jpg\",\"width\":2048,\"height\":864},{\"@type\":\"BreadcrumbList\",\"@id\":\"https:\\\/\\\/micofora.com\\\/fr\\\/analyse-du-sol\\\/#breadcrumb\",\"itemListElement\":[{\"@type\":\"ListItem\",\"position\":1,\"name\":\"Portada\",\"item\":\"https:\\\/\\\/micofora.com\\\/fr\\\/\"},{\"@type\":\"ListItem\",\"position\":2,\"name\":\"Analyse du sol\"}]},{\"@type\":\"WebSite\",\"@id\":\"https:\\\/\\\/micofora.com\\\/#website\",\"url\":\"https:\\\/\\\/micofora.com\\\/\",\"name\":\"Micofora\",\"description\":\"Micologia Forestal &amp; Aplicada\",\"potentialAction\":[{\"@type\":\"SearchAction\",\"target\":{\"@type\":\"EntryPoint\",\"urlTemplate\":\"https:\\\/\\\/micofora.com\\\/?s={search_term_string}\"},\"query-input\":{\"@type\":\"PropertyValueSpecification\",\"valueRequired\":true,\"valueName\":\"search_term_string\"}}],\"inLanguage\":\"fr-FR\"}]}<\/script>\n<!-- \/ Yoast SEO plugin. -->","yoast_head_json":{"title":"Analyse du sol - Micofora","description":"Chaque esp\u00e8ce de truffe pousse dans un sol crayeux particulier. Le choix du terrain est essentiel pour la r\u00e9ussite d'une plantation de truffe.","robots":{"index":"index","follow":"follow","max-snippet":"max-snippet:-1","max-image-preview":"max-image-preview:large","max-video-preview":"max-video-preview:-1"},"canonical":"https:\/\/micofora.com\/fr\/analyse-du-sol\/","og_locale":"fr_FR","og_type":"article","og_title":"Analyse du sol - Micofora","og_description":"Chaque esp\u00e8ce de truffe pousse dans un sol crayeux particulier. Le choix du terrain est essentiel pour la r\u00e9ussite d'une plantation de truffe.","og_url":"https:\/\/micofora.com\/fr\/analyse-du-sol\/","og_site_name":"Micofora","article_modified_time":"2026-05-05T07:44:40+00:00","og_image":[{"width":2048,"height":864,"url":"https:\/\/micofora.com\/wp-content\/uploads\/2016\/09\/ANALISIS-SUELO.jpg","type":"image\/jpeg"}],"twitter_card":"summary_large_image","twitter_misc":{"Dur\u00e9e de lecture estim\u00e9e":"1 minute"},"schema":{"@context":"https:\/\/schema.org","@graph":[{"@type":"WebPage","@id":"https:\/\/micofora.com\/fr\/analyse-du-sol\/","url":"https:\/\/micofora.com\/fr\/analyse-du-sol\/","name":"Analyse du sol - Micofora","isPartOf":{"@id":"https:\/\/micofora.com\/#website"},"primaryImageOfPage":{"@id":"https:\/\/micofora.com\/fr\/analyse-du-sol\/#primaryimage"},"image":{"@id":"https:\/\/micofora.com\/fr\/analyse-du-sol\/#primaryimage"},"thumbnailUrl":"https:\/\/micofora.com\/wp-content\/uploads\/2016\/09\/ANALISIS-SUELO.jpg","datePublished":"2016-09-03T14:55:28+00:00","dateModified":"2026-05-05T07:44:40+00:00","description":"Chaque esp\u00e8ce de truffe pousse dans un sol crayeux particulier. Le choix du terrain est essentiel pour la r\u00e9ussite d'une plantation de truffe.","breadcrumb":{"@id":"https:\/\/micofora.com\/fr\/analyse-du-sol\/#breadcrumb"},"inLanguage":"fr-FR","potentialAction":[{"@type":"ReadAction","target":["https:\/\/micofora.com\/fr\/analyse-du-sol\/"]}]},{"@type":"ImageObject","inLanguage":"fr-FR","@id":"https:\/\/micofora.com\/fr\/analyse-du-sol\/#primaryimage","url":"https:\/\/micofora.com\/wp-content\/uploads\/2016\/09\/ANALISIS-SUELO.jpg","contentUrl":"https:\/\/micofora.com\/wp-content\/uploads\/2016\/09\/ANALISIS-SUELO.jpg","width":2048,"height":864},{"@type":"BreadcrumbList","@id":"https:\/\/micofora.com\/fr\/analyse-du-sol\/#breadcrumb","itemListElement":[{"@type":"ListItem","position":1,"name":"Portada","item":"https:\/\/micofora.com\/fr\/"},{"@type":"ListItem","position":2,"name":"Analyse du sol"}]},{"@type":"WebSite","@id":"https:\/\/micofora.com\/#website","url":"https:\/\/micofora.com\/","name":"Micofora","description":"Micologia Forestal &amp; Aplicada","potentialAction":[{"@type":"SearchAction","target":{"@type":"EntryPoint","urlTemplate":"https:\/\/micofora.com\/?s={search_term_string}"},"query-input":{"@type":"PropertyValueSpecification","valueRequired":true,"valueName":"search_term_string"}}],"inLanguage":"fr-FR"}]}},"_links":{"self":[{"href":"https:\/\/micofora.com\/fr\/wp-json\/wp\/v2\/pages\/20446","targetHints":{"allow":["GET"]}}],"collection":[{"href":"https:\/\/micofora.com\/fr\/wp-json\/wp\/v2\/pages"}],"about":[{"href":"https:\/\/micofora.com\/fr\/wp-json\/wp\/v2\/types\/page"}],"author":[{"embeddable":true,"href":"https:\/\/micofora.com\/fr\/wp-json\/wp\/v2\/users\/6"}],"replies":[{"embeddable":true,"href":"https:\/\/micofora.com\/fr\/wp-json\/wp\/v2\/comments?post=20446"}],"version-history":[{"count":2,"href":"https:\/\/micofora.com\/fr\/wp-json\/wp\/v2\/pages\/20446\/revisions"}],"predecessor-version":[{"id":28244,"href":"https:\/\/micofora.com\/fr\/wp-json\/wp\/v2\/pages\/20446\/revisions\/28244"}],"wp:featuredmedia":[{"embeddable":true,"href":"https:\/\/micofora.com\/fr\/wp-json\/wp\/v2\/media\/20447"}],"wp:attachment":[{"href":"https:\/\/micofora.com\/fr\/wp-json\/wp\/v2\/media?parent=20446"}],"curies":[{"name":"wp","href":"https:\/\/api.w.org\/{rel}","templated":true}]}}