{"id":20445,"date":"2016-09-03T14:54:48","date_gmt":"2016-09-03T14:54:48","guid":{"rendered":"http:\/\/micofora.com\/fr\/analisis-adn-micorrizas\/"},"modified":"2025-09-25T08:12:30","modified_gmt":"2025-09-25T08:12:30","slug":"analyse-adn-mycorhizes","status":"publish","type":"page","link":"https:\/\/micofora.com\/fr\/analyse-adn-mycorhizes\/","title":{"rendered":"Analyse de l&rsquo;ADN &#038; Mycorhizes"},"content":{"rendered":"<div class=\"fusion-fullwidth fullwidth-box fusion-builder-row-1 nonhundred-percent-fullwidth non-hundred-percent-height-scrolling\" style=\"--awb-background-position:left top;--awb-border-sizes-top:0px;--awb-border-sizes-bottom:0px;--awb-border-sizes-left:0px;--awb-border-sizes-right:0px;--awb-border-radius-top-left:0px;--awb-border-radius-top-right:0px;--awb-border-radius-bottom-right:0px;--awb-border-radius-bottom-left:0px;--awb-padding-top:20px;--awb-padding-bottom:20px;--awb-flex-wrap:wrap;\" ><div class=\"fusion-builder-row fusion-row\"><div class=\"fusion-layout-column fusion_builder_column fusion-builder-column-0 fusion_builder_column_1_3 1_3 fusion-one-third fusion-column-first\" style=\"--awb-bg-size:cover;width:30.6666%; margin-right: 4%;\"><div class=\"fusion-column-wrapper fusion-flex-column-wrapper-legacy\"><div class=\"fusion-image-element in-legacy-container\" style=\"--awb-caption-title-font-family:var(--h2_typography-font-family);--awb-caption-title-font-weight:var(--h2_typography-font-weight);--awb-caption-title-font-style:var(--h2_typography-font-style);--awb-caption-title-size:var(--h2_typography-font-size);--awb-caption-title-transform:var(--h2_typography-text-transform);--awb-caption-title-line-height:var(--h2_typography-line-height);--awb-caption-title-letter-spacing:var(--h2_typography-letter-spacing);\"><span class=\" fusion-imageframe imageframe-none imageframe-1 hover-type-zoomin\"><img decoding=\"async\" width=\"600\" height=\"485\" title=\"imagen-1\" src=\"https:\/\/micofora.com\/wp-content\/uploads\/2016\/09\/Imagen-1.png\" alt class=\"img-responsive wp-image-22735\" srcset=\"https:\/\/micofora.com\/wp-content\/uploads\/2016\/09\/Imagen-1-200x162.png 200w, https:\/\/micofora.com\/wp-content\/uploads\/2016\/09\/Imagen-1-400x323.png 400w, https:\/\/micofora.com\/wp-content\/uploads\/2016\/09\/Imagen-1.png 600w\" sizes=\"(max-width: 800px) 100vw, 400px\" \/><\/span><\/div><div class=\"fusion-sep-clear\"><\/div><div class=\"fusion-separator fusion-full-width-sep fusion-clearfix\" style=\"float:left;margin-top:10px;margin-bottom:49px;width:100%;\"><\/div><div class=\"fusion-sep-clear\"><\/div><div class=\"fusion-text fusion-text-1\"><h3>Analyse de l&rsquo;\u00e9tat des mycorhizes<\/h3>\n<p>Indique si l&rsquo;arbre conserve la truffe et, pour cela son potentiel de production, tout en vous permettant de voir les niveaux d&rsquo;autres champignons polluants et leur proportion relative.<\/p>\n<\/div><div class=\"fusion-reading-box-container reading-box-container-1\" style=\"--awb-title-color:#333333;--awb-margin-top:0px;--awb-margin-bottom:84px;\"><div class=\"reading-box\" style=\"background-color:#f6f6f6;border-width:1px;border-color:#f6f6f6;border-top-width:3px;border-top-color:var(--primary_color);border-style:solid;\"><h2>Combien \u00e7a co\u00fbte?<\/h2><div class=\"reading-box-additional fusion-reading-box-additional\">\n<p>ANALYSE MYCORHIZES:<\/p>\n<p>45 \u20ac \/ \u00e9chantillon pour pour un arbre de p\u00e9pini\u00e8re mycorhiz\u00e9 ou par racines prise dans le domaine<\/p>\n<p>ANALYSE ADN<\/p>\n<p>40 \u20ac\/\u00e9chantillon de sol pour une PCR qualitative<br \/>\n75 \u20ac\/\u00e9chantillon de sol pour une PCR quantitative<br \/>\n75 \u20ac\/\u00e9chantillon pour le s\u00e9quen\u00e7age d&rsquo;un champignon ou d&rsquo;une truffe afin d&rsquo;en d\u00e9terminer l&rsquo;esp\u00e8ce.<\/p>\n<p>Ces prix ne comprennent pas la TVA.<\/p>\n<\/div><div class=\"fusion-clearfix\"><\/div><\/div><\/div><div class=\"fusion-clearfix\"><\/div><\/div><\/div><div class=\"fusion-layout-column fusion_builder_column fusion-builder-column-1 fusion_builder_column_1_3 1_3 fusion-one-third\" style=\"--awb-bg-size:cover;width:30.6666%; margin-right: 4%;\"><div class=\"fusion-column-wrapper fusion-flex-column-wrapper-legacy\"><div class=\"fusion-image-element in-legacy-container\" style=\"--awb-caption-title-font-family:var(--h2_typography-font-family);--awb-caption-title-font-weight:var(--h2_typography-font-weight);--awb-caption-title-font-style:var(--h2_typography-font-style);--awb-caption-title-size:var(--h2_typography-font-size);--awb-caption-title-transform:var(--h2_typography-text-transform);--awb-caption-title-line-height:var(--h2_typography-line-height);--awb-caption-title-letter-spacing:var(--h2_typography-letter-spacing);\"><span class=\" fusion-imageframe imageframe-none imageframe-2 hover-type-zoomin\"><a href=\"https:\/\/micofora.com\/wp-content\/uploads\/2016\/09\/truffle-mycelium-along-year-withour-irrigation.png\" class=\"fusion-lightbox\" data-rel=\"iLightbox[0b1d99a972ade24c9ec]\" data-title=\"truffle-mycelium-along-year-withour-irrigation\" title=\"truffle-mycelium-along-year-withour-irrigation\"><img decoding=\"async\" width=\"749\" height=\"620\" src=\"https:\/\/micofora.com\/wp-content\/uploads\/2016\/09\/truffle-mycelium-along-year-withour-irrigation.png\" alt class=\"img-responsive wp-image-22721\" srcset=\"https:\/\/micofora.com\/wp-content\/uploads\/2016\/09\/truffle-mycelium-along-year-withour-irrigation-200x166.png 200w, https:\/\/micofora.com\/wp-content\/uploads\/2016\/09\/truffle-mycelium-along-year-withour-irrigation-400x331.png 400w, https:\/\/micofora.com\/wp-content\/uploads\/2016\/09\/truffle-mycelium-along-year-withour-irrigation-600x497.png 600w, https:\/\/micofora.com\/wp-content\/uploads\/2016\/09\/truffle-mycelium-along-year-withour-irrigation.png 749w\" sizes=\"(max-width: 800px) 100vw, 400px\" \/><\/a><\/span><\/div><div class=\"fusion-sep-clear\"><\/div><div class=\"fusion-separator fusion-full-width-sep fusion-clearfix\" style=\"float:left;margin-top:10px;margin-bottom:10px;width:100%;\"><\/div><div class=\"fusion-sep-clear\"><\/div><div class=\"fusion-text fusion-text-2\"><h3>Quantification du myc\u00e9lium par analyse mol\u00e9culaire<\/h3>\n<p>Les analyses mol\u00e9culaires sont bas\u00e9es sur la PCR quantitative. Cette technique est sans danger pour la plantation et simple, parce que le m\u00eame trufficulteur peut pr\u00e9lever des \u00e9chantillons de sol n\u00e9cessaire. Une fois dans le laboratoire, \u00a0est amplifi\u00e9 la truffe au niveau de l&rsquo;esp\u00e8ce et elle est compar\u00e9e \u00e0 une courbe d&rsquo;\u00e9talonnage avec des quantit\u00e9s connues de myc\u00e9lium. Gr\u00e2ce \u00e0 une I+D, nous cr\u00e9ons des courbes de r\u00e9f\u00e9rence pour Q. ilex \u00e0 la truffe d&rsquo;\u00e2ges diff\u00e9rents, en comparant les plantes en production et \u00e9galement sans elle.<\/p>\n<\/div><div class=\"fusion-clearfix\"><\/div><\/div><\/div><div class=\"fusion-layout-column fusion_builder_column fusion-builder-column-2 fusion_builder_column_1_3 1_3 fusion-one-third fusion-column-last\" style=\"--awb-bg-size:cover;width:30.6666%;\"><div class=\"fusion-column-wrapper fusion-flex-column-wrapper-legacy\"><div class=\"fusion-image-element in-legacy-container\" style=\"--awb-caption-title-font-family:var(--h2_typography-font-family);--awb-caption-title-font-weight:var(--h2_typography-font-weight);--awb-caption-title-font-style:var(--h2_typography-font-style);--awb-caption-title-size:var(--h2_typography-font-size);--awb-caption-title-transform:var(--h2_typography-text-transform);--awb-caption-title-line-height:var(--h2_typography-line-height);--awb-caption-title-letter-spacing:var(--h2_typography-letter-spacing);\"><span class=\" fusion-imageframe imageframe-none imageframe-3 hover-type-zoomin\"><a href=\"https:\/\/micofora.com\/wp-content\/uploads\/2016\/09\/evolucion-concentraci.png\" class=\"fusion-lightbox\" data-rel=\"iLightbox[7f75fe3e87d9438b1b3]\" data-title=\"evolucion-concentraci\" title=\"evolucion-concentraci\"><img decoding=\"async\" width=\"732\" height=\"466\" src=\"https:\/\/micofora.com\/wp-content\/uploads\/2016\/09\/evolucion-concentraci.png\" alt class=\"img-responsive wp-image-22745\" srcset=\"https:\/\/micofora.com\/wp-content\/uploads\/2016\/09\/evolucion-concentraci-200x127.png 200w, https:\/\/micofora.com\/wp-content\/uploads\/2016\/09\/evolucion-concentraci-400x255.png 400w, https:\/\/micofora.com\/wp-content\/uploads\/2016\/09\/evolucion-concentraci-600x382.png 600w, https:\/\/micofora.com\/wp-content\/uploads\/2016\/09\/evolucion-concentraci.png 732w\" sizes=\"(max-width: 800px) 100vw, 400px\" \/><\/a><\/span><\/div><div class=\"fusion-sep-clear\"><\/div><div class=\"fusion-separator fusion-full-width-sep fusion-clearfix\" style=\"float:left;margin-top:10px;margin-bottom:10px;width:100%;\"><\/div><div class=\"fusion-sep-clear\"><\/div><div class=\"fusion-text fusion-text-3\"><h6>Cliquez sur les graphiques pour les voir plus grand<\/h6>\n<\/div><div class=\"fusion-sep-clear\"><\/div><div class=\"fusion-separator fusion-full-width-sep fusion-clearfix\" style=\"float:left;margin-top:10px;margin-bottom:10px;width:100%;\"><\/div><div class=\"fusion-sep-clear\"><\/div><div class=\"fusion-text fusion-text-4\"><h4>Plus d&rsquo;informations sur ces techniques:<\/h4>\n<\/div><div class=\"fusion-sep-clear\"><\/div><div class=\"fusion-separator fusion-full-width-sep fusion-clearfix\" style=\"float:left;margin-top:10px;margin-bottom:10px;width:100%;\"><\/div><div class=\"fusion-sep-clear\"><\/div><div class=\"fusion-button-wrapper\"><a class=\"fusion-button button-flat fusion-button-default-size button-default fusion-button-default button-1 fusion-button-default-span fusion-button-default-type\" target=\"_blank\" rel=\"noopener noreferrer\" href=\"https:\/\/micofora.com\/wp-content\/uploads\/2017\/09\/capitulo-cuantificacion-micelio-trufa-1.pdf\"><span class=\"fusion-button-text awb-button__text awb-button__text--default\">quantification truffe myc\u00e9lium 1<\/span><\/a><\/div><div class=\"fusion-sep-clear\"><\/div><div class=\"fusion-separator fusion-full-width-sep fusion-clearfix\" style=\"float:left;margin-top:10px;margin-bottom:10px;width:100%;\"><\/div><div class=\"fusion-sep-clear\"><\/div><div class=\"fusion-button-wrapper\"><a class=\"fusion-button button-flat fusion-button-default-size button-default fusion-button-default button-2 fusion-button-default-span fusion-button-default-type\" target=\"_blank\" rel=\"noopener noreferrer\" href=\"https:\/\/micofora.com\/wp-content\/uploads\/2017\/09\/capitulo-quantificacion-micelio-trufa2-1.pdf\"><span class=\"fusion-button-text awb-button__text awb-button__text--default\">Quantification truffe myc\u00e9lium 2<\/span><\/a><\/div><div class=\"fusion-sep-clear\"><\/div><div class=\"fusion-separator fusion-full-width-sep fusion-clearfix\" style=\"float:left;margin-top:10px;margin-bottom:10px;width:100%;\"><\/div><div class=\"fusion-sep-clear\"><\/div><div class=\"fusion-button-wrapper\"><a class=\"fusion-button button-flat fusion-button-default-size button-default fusion-button-default button-3 fusion-button-default-span fusion-button-default-type\" target=\"_blank\" rel=\"noopener noreferrer\" href=\"https:\/\/micofora.com\/wp-content\/uploads\/2017\/09\/how-to-take-samples-for-truffle-DNA-quantification.pdf\"><span class=\"fusion-button-text awb-button__text awb-button__text--default\">DEMANDE DE SERVICE D&rsquo; ANALYSE DE L&rsquo;ADN<\/span><\/a><\/div><div class=\"fusion-sep-clear\"><\/div><div class=\"fusion-separator fusion-full-width-sep fusion-clearfix\" style=\"float:left;margin-top:10px;margin-bottom:10px;width:100%;\"><\/div><div class=\"fusion-sep-clear\"><\/div><div class=\"fusion-button-wrapper\"><a class=\"fusion-button button-flat fusion-button-default-size button-default fusion-button-default button-4 fusion-button-default-span fusion-button-default-type\" target=\"_blank\" rel=\"noopener noreferrer\" href=\"https:\/\/micofora.com\/wp-content\/uploads\/2019\/09\/C\u00f3mo-tomar-muestras-para-ANALISIS-DE-MICORRIZAS.pdf\"><span class=\"fusion-button-text awb-button__text awb-button__text--default\">DEMANDE DE SERVICE D&rsquo; ANALYSE DE MYCORHIZES <\/span><\/a><\/div><div class=\"fusion-clearfix\"><\/div><\/div><\/div><\/div><\/div>\n","protected":false},"excerpt":{"rendered":"","protected":false},"author":6,"featured_media":0,"parent":0,"menu_order":0,"comment_status":"closed","ping_status":"closed","template":"","meta":{"footnotes":""},"class_list":["post-20445","page","type-page","status-publish","hentry"],"yoast_head":"<!-- This site is optimized with the Yoast SEO plugin v27.5 - https:\/\/yoast.com\/product\/yoast-seo-wordpress\/ -->\n<title>Analyse de l&#039;ADN &amp; Mycorhizes - Micofora<\/title>\n<meta name=\"description\" content=\"Notre analyse de l&#039;ADN et de l&#039;etat des mycorhizes d\u00e9termine si l&#039;arbre conserve la truffe et donc leur potentiel de production.\" \/>\n<meta name=\"robots\" content=\"index, follow, max-snippet:-1, max-image-preview:large, max-video-preview:-1\" \/>\n<link rel=\"canonical\" href=\"https:\/\/micofora.com\/fr\/analyse-adn-mycorhizes\/\" \/>\n<meta property=\"og:locale\" content=\"fr_FR\" \/>\n<meta property=\"og:type\" content=\"article\" \/>\n<meta property=\"og:title\" content=\"Analyse de l&#039;ADN &amp; Mycorhizes - Micofora\" \/>\n<meta property=\"og:description\" content=\"Notre analyse de l&#039;ADN et de l&#039;etat des mycorhizes d\u00e9termine si l&#039;arbre conserve la truffe et donc leur potentiel de production.\" \/>\n<meta property=\"og:url\" content=\"https:\/\/micofora.com\/fr\/analyse-adn-mycorhizes\/\" \/>\n<meta property=\"og:site_name\" content=\"Micofora\" \/>\n<meta property=\"article:modified_time\" content=\"2025-09-25T08:12:30+00:00\" \/>\n<meta name=\"twitter:card\" content=\"summary_large_image\" \/>\n<meta name=\"twitter:label1\" content=\"Dur\u00e9e de lecture estim\u00e9e\" \/>\n\t<meta name=\"twitter:data1\" content=\"2 minutes\" \/>\n<script type=\"application\/ld+json\" class=\"yoast-schema-graph\">{\"@context\":\"https:\\\/\\\/schema.org\",\"@graph\":[{\"@type\":\"WebPage\",\"@id\":\"https:\\\/\\\/micofora.com\\\/fr\\\/analyse-adn-mycorhizes\\\/\",\"url\":\"https:\\\/\\\/micofora.com\\\/fr\\\/analyse-adn-mycorhizes\\\/\",\"name\":\"Analyse de l'ADN & Mycorhizes - Micofora\",\"isPartOf\":{\"@id\":\"https:\\\/\\\/micofora.com\\\/#website\"},\"datePublished\":\"2016-09-03T14:54:48+00:00\",\"dateModified\":\"2025-09-25T08:12:30+00:00\",\"description\":\"Notre analyse de l'ADN et de l'etat des mycorhizes d\u00e9termine si l'arbre conserve la truffe et donc leur potentiel de production.\",\"breadcrumb\":{\"@id\":\"https:\\\/\\\/micofora.com\\\/fr\\\/analyse-adn-mycorhizes\\\/#breadcrumb\"},\"inLanguage\":\"fr-FR\",\"potentialAction\":[{\"@type\":\"ReadAction\",\"target\":[\"https:\\\/\\\/micofora.com\\\/fr\\\/analyse-adn-mycorhizes\\\/\"]}]},{\"@type\":\"BreadcrumbList\",\"@id\":\"https:\\\/\\\/micofora.com\\\/fr\\\/analyse-adn-mycorhizes\\\/#breadcrumb\",\"itemListElement\":[{\"@type\":\"ListItem\",\"position\":1,\"name\":\"Portada\",\"item\":\"https:\\\/\\\/micofora.com\\\/fr\\\/\"},{\"@type\":\"ListItem\",\"position\":2,\"name\":\"Analyse de l&#8217;ADN &#038; Mycorhizes\"}]},{\"@type\":\"WebSite\",\"@id\":\"https:\\\/\\\/micofora.com\\\/#website\",\"url\":\"https:\\\/\\\/micofora.com\\\/\",\"name\":\"Micofora\",\"description\":\"Micologia Forestal &amp; Aplicada\",\"potentialAction\":[{\"@type\":\"SearchAction\",\"target\":{\"@type\":\"EntryPoint\",\"urlTemplate\":\"https:\\\/\\\/micofora.com\\\/?s={search_term_string}\"},\"query-input\":{\"@type\":\"PropertyValueSpecification\",\"valueRequired\":true,\"valueName\":\"search_term_string\"}}],\"inLanguage\":\"fr-FR\"}]}<\/script>\n<!-- \/ Yoast SEO plugin. -->","yoast_head_json":{"title":"Analyse de l'ADN & Mycorhizes - Micofora","description":"Notre analyse de l'ADN et de l'etat des mycorhizes d\u00e9termine si l'arbre conserve la truffe et donc leur potentiel de production.","robots":{"index":"index","follow":"follow","max-snippet":"max-snippet:-1","max-image-preview":"max-image-preview:large","max-video-preview":"max-video-preview:-1"},"canonical":"https:\/\/micofora.com\/fr\/analyse-adn-mycorhizes\/","og_locale":"fr_FR","og_type":"article","og_title":"Analyse de l'ADN & Mycorhizes - Micofora","og_description":"Notre analyse de l'ADN et de l'etat des mycorhizes d\u00e9termine si l'arbre conserve la truffe et donc leur potentiel de production.","og_url":"https:\/\/micofora.com\/fr\/analyse-adn-mycorhizes\/","og_site_name":"Micofora","article_modified_time":"2025-09-25T08:12:30+00:00","twitter_card":"summary_large_image","twitter_misc":{"Dur\u00e9e de lecture estim\u00e9e":"2 minutes"},"schema":{"@context":"https:\/\/schema.org","@graph":[{"@type":"WebPage","@id":"https:\/\/micofora.com\/fr\/analyse-adn-mycorhizes\/","url":"https:\/\/micofora.com\/fr\/analyse-adn-mycorhizes\/","name":"Analyse de l'ADN & Mycorhizes - Micofora","isPartOf":{"@id":"https:\/\/micofora.com\/#website"},"datePublished":"2016-09-03T14:54:48+00:00","dateModified":"2025-09-25T08:12:30+00:00","description":"Notre analyse de l'ADN et de l'etat des mycorhizes d\u00e9termine si l'arbre conserve la truffe et donc leur potentiel de production.","breadcrumb":{"@id":"https:\/\/micofora.com\/fr\/analyse-adn-mycorhizes\/#breadcrumb"},"inLanguage":"fr-FR","potentialAction":[{"@type":"ReadAction","target":["https:\/\/micofora.com\/fr\/analyse-adn-mycorhizes\/"]}]},{"@type":"BreadcrumbList","@id":"https:\/\/micofora.com\/fr\/analyse-adn-mycorhizes\/#breadcrumb","itemListElement":[{"@type":"ListItem","position":1,"name":"Portada","item":"https:\/\/micofora.com\/fr\/"},{"@type":"ListItem","position":2,"name":"Analyse de l&#8217;ADN &#038; Mycorhizes"}]},{"@type":"WebSite","@id":"https:\/\/micofora.com\/#website","url":"https:\/\/micofora.com\/","name":"Micofora","description":"Micologia Forestal &amp; Aplicada","potentialAction":[{"@type":"SearchAction","target":{"@type":"EntryPoint","urlTemplate":"https:\/\/micofora.com\/?s={search_term_string}"},"query-input":{"@type":"PropertyValueSpecification","valueRequired":true,"valueName":"search_term_string"}}],"inLanguage":"fr-FR"}]}},"_links":{"self":[{"href":"https:\/\/micofora.com\/fr\/wp-json\/wp\/v2\/pages\/20445","targetHints":{"allow":["GET"]}}],"collection":[{"href":"https:\/\/micofora.com\/fr\/wp-json\/wp\/v2\/pages"}],"about":[{"href":"https:\/\/micofora.com\/fr\/wp-json\/wp\/v2\/types\/page"}],"author":[{"embeddable":true,"href":"https:\/\/micofora.com\/fr\/wp-json\/wp\/v2\/users\/6"}],"replies":[{"embeddable":true,"href":"https:\/\/micofora.com\/fr\/wp-json\/wp\/v2\/comments?post=20445"}],"version-history":[{"count":2,"href":"https:\/\/micofora.com\/fr\/wp-json\/wp\/v2\/pages\/20445\/revisions"}],"predecessor-version":[{"id":27783,"href":"https:\/\/micofora.com\/fr\/wp-json\/wp\/v2\/pages\/20445\/revisions\/27783"}],"wp:attachment":[{"href":"https:\/\/micofora.com\/fr\/wp-json\/wp\/v2\/media?parent=20445"}],"curies":[{"name":"wp","href":"https:\/\/api.w.org\/{rel}","templated":true}]}}