{"id":20509,"date":"2016-09-26T10:17:12","date_gmt":"2016-09-26T10:17:12","guid":{"rendered":"http:\/\/micofora.com\/en\/micorrizas-y-bioestimulantes\/"},"modified":"2016-11-17T10:48:19","modified_gmt":"2016-11-17T10:48:19","slug":"mycorrhizae-and-biostimulants","status":"publish","type":"page","link":"https:\/\/micofora.com\/en\/mycorrhizae-and-biostimulants\/","title":{"rendered":"Mycorrhizae and Biostimulants"},"content":{"rendered":"<p><div class=\"fusion-fullwidth fullwidth-box fusion-builder-row-1 nonhundred-percent-fullwidth non-hundred-percent-height-scrolling\" style=\"--awb-background-position:left top;--awb-border-radius-top-left:0px;--awb-border-radius-top-right:0px;--awb-border-radius-bottom-right:0px;--awb-border-radius-bottom-left:0px;--awb-padding-top:20px;--awb-padding-bottom:20px;--awb-border-sizes-top:0px;--awb-border-sizes-bottom:0px;--awb-flex-wrap:wrap;\" ><div class=\"fusion-builder-row fusion-row\"><div class=\"fusion-layout-column fusion_builder_column fusion-builder-column-0 fusion_builder_column_2_5 2_5 fusion-two-fifth fusion-column-first\" style=\"--awb-bg-size:cover;width:37.6%; margin-right: 4%;\"><div class=\"fusion-column-wrapper fusion-flex-column-wrapper-legacy\"><div class=\"fusion-text fusion-text-1\"><p><img decoding=\"async\" class=\"size-full wp-image-19862 aligncenter\" src=\"https:\/\/micofora.com\/wp-content\/uploads\/2016\/09\/lactarius-micorriza.jpg\" alt=\"lactarius-micorriza\" width=\"250\" height=\"300\" srcset=\"https:\/\/micofora.com\/wp-content\/uploads\/2016\/09\/lactarius-micorriza-120x144.jpg 120w, https:\/\/micofora.com\/wp-content\/uploads\/2016\/09\/lactarius-micorriza-200x240.jpg 200w, https:\/\/micofora.com\/wp-content\/uploads\/2016\/09\/lactarius-micorriza.jpg 250w\" sizes=\"(max-width: 250px) 100vw, 250px\" \/><\/p>\n<\/div><div class=\"fusion-clearfix\"><\/div><\/div><\/div><div class=\"fusion-layout-column fusion_builder_column fusion-builder-column-1 fusion_builder_column_3_5 3_5 fusion-three-fifth fusion-column-last\" style=\"--awb-bg-size:cover;width:58.4%;\"><div class=\"fusion-column-wrapper fusion-flex-column-wrapper-legacy\"><div class=\"fusion-text fusion-text-2\"><p>The word mycorrhiza literally means root-fungus. It is a symbiosis, which means that the association is beneficial for both organisms. This latter consideration clearly separates mycorrhizae from other relationships between fungi and plants (pathogens, parasites&#8230;)<\/p>\n<\/div><div class=\"fusion-clearfix\"><\/div><\/div><\/div><\/div><\/div><div class=\"fusion-fullwidth fullwidth-box fusion-builder-row-2 nonhundred-percent-fullwidth non-hundred-percent-height-scrolling\" style=\"--awb-background-position:left top;--awb-border-radius-top-left:0px;--awb-border-radius-top-right:0px;--awb-border-radius-bottom-right:0px;--awb-border-radius-bottom-left:0px;--awb-padding-top:20px;--awb-padding-bottom:20px;--awb-border-sizes-top:0px;--awb-border-sizes-bottom:0px;--awb-flex-wrap:wrap;\" ><div class=\"fusion-builder-row fusion-row\"><div class=\"fusion-layout-column fusion_builder_column fusion-builder-column-2 fusion_builder_column_1_2 1_2 fusion-one-half fusion-column-first\" style=\"--awb-bg-size:cover;width:48%; margin-right: 4%;\"><div class=\"fusion-column-wrapper fusion-flex-column-wrapper-legacy\"><div class=\"fusion-title title fusion-title-1 fusion-title-text fusion-title-size-three\"><h3 class=\"fusion-title-heading title-heading-left\" style=\"margin:0;\">WHO FORM MYCORRHIZAE?<\/h3><span class=\"awb-title-spacer\"><\/span><div class=\"title-sep-container\"><div class=\"title-sep sep-double sep-solid\" style=\"border-color:#e0dede;\"><\/div><\/div><\/div><div class=\"fusion-text fusion-text-3\"><p>There is a great diversity of plants and fungi that naturally form mycorrhiza. More than 700 species of fungi are known to establish mycorrhizal relationships with vegetables. From an anatomical point of view we can differentiate between two major types of mycorrhizae:<\/p>\n<p>ECTOPLANT products<\/p>\n<p>Ectomycorrhizae, which are more frequent in tree roots, and which significantly modify their branching. More than 2,900 species of vascular plants form ectomycorrhizae. 95% of ectomycorrhizal species (pine, fir, Douglas fir, larch), 94% of fagaceae (beech, holm oak, hazelnut, chestnut, etc.) are 90% Of the mirt\u00e1ceas (eucalyptus) 83% of salic\u00e1ceas (willows, poplars &#8230;) 70% of the betul\u00e1ceas (birches) many ulmaceae (maples), jugland\u00e1ceas (walnuts) cist\u00e1ceas (rock roses, Cistus and Helianthemum &#8230;) In other words, ectomycorrhizas form practically all trees (95%) and many shrubs of interest in the temperate forests of the Northern Hemisphere, including the Mediterranean ones.<\/p>\n<p>ENDOPLANT products<\/p>\n<p>Endomycorhizae, usually in shrubs and herbaceous plants that do not modify the external appearance of the root, although its internal morphology. Plants that basically form endomycorrhizas: leguminous (apiaceous), rosacea, oleaceous, euphorbiaceous, scrophulariaceae. Rubiaceous, cyperaceae, grasses (poaceae) and composite (fabaceae). That is, most of the crops, fruit trees and plants for gardening, as well as the natural herbaceous stratum of many ecosystems of the planet are endomicorr\u00edcicos.<\/p>\n<\/div><div class=\"fusion-clearfix\"><\/div><\/div><\/div><div class=\"fusion-layout-column fusion_builder_column fusion-builder-column-3 fusion_builder_column_1_2 1_2 fusion-one-half fusion-column-last\" style=\"--awb-bg-size:cover;width:48%;\"><div class=\"fusion-column-wrapper fusion-flex-column-wrapper-legacy\"><div class=\"fusion-title title fusion-title-2 fusion-title-text fusion-title-size-three\"><h3 class=\"fusion-title-heading title-heading-left\" style=\"margin:0;\">What benefits will get?<\/h3><span class=\"awb-title-spacer\"><\/span><div class=\"title-sep-container\"><div class=\"title-sep sep-double sep-solid\" style=\"border-color:#e0dede;\"><\/div><\/div><\/div><div class=\"fusion-text fusion-text-4\"><p>The physiology of the mycorrhizal plant changes completely when it is associated with the fungus. By means of the external mycelium, the contact between the roots and the medium increases considerably.<\/p>\n<p>One centimeter of roots without mycorrhizae explores 1-2 cm3 of soil; With mycorrhiza increases 5-200 times.<br \/>\nUsually the volume of soil is 12-15cm3 colonized by the inoculum of mycorrhizae (exceptionally it has reached 200 cm3).<br \/>\nBy increasing the volume of soil explored by mycorrhizae, the efficiency of soil nutrient uptake increases. Mycorrhizae extract phosphorus from the available pool but indirectly affect the solubilization and mineralization processes. There are other effects produced by mycorrhizae, such as increased mycorrhizal plant resistance to water stress and salinity, increased resistance and \/ or tolerance to certain soil pathogens, increased transplant survival and an increase of nitrogen fixation in legumes. In conclusion, it can be argued that the benefits of early inoculation with mycorrhizal fungi have a reduction in fertilizer and phytosanitary inputs, a reduction in water supply, higher growth and production of mycorrhizal plants, conditions of stress and a better use of the soils.<\/p>\n<\/div><div class=\"fusion-clearfix\"><\/div><\/div><\/div><\/div><\/div><div class=\"fusion-fullwidth fullwidth-box fusion-builder-row-3 hundred-percent-fullwidth non-hundred-percent-height-scrolling\" style=\"--awb-border-radius-top-left:0px;--awb-border-radius-top-right:0px;--awb-border-radius-bottom-right:0px;--awb-border-radius-bottom-left:0px;--awb-overflow:visible;--awb-margin-top:15px;--awb-background-color:rgba(255,255,255,0);--awb-flex-wrap:wrap;\" ><div class=\"fusion-builder-row fusion-row\"><div class=\"fusion-layout-column fusion_builder_column fusion-builder-column-4 fusion_builder_column_1_1 1_1 fusion-one-full fusion-column-first fusion-column-last fusion-column-no-min-height\" style=\"--awb-bg-size:cover;--awb-margin-bottom:0px;\"><div class=\"fusion-column-wrapper fusion-flex-column-wrapper-legacy\"><div class=\"fusion-sep-clear\"><\/div><div class=\"fusion-separator fusion-full-width-sep\" style=\"margin-left: auto;margin-right: auto;width:100%;\"><\/div><div class=\"fusion-sep-clear\"><\/div><div class=\"fusion-clearfix\"><\/div><\/div><\/div><\/div><\/div><div class=\"fusion-fullwidth fullwidth-box fusion-builder-row-4 hundred-percent-fullwidth non-hundred-percent-height-scrolling\" style=\"--awb-border-radius-top-left:0px;--awb-border-radius-top-right:0px;--awb-border-radius-bottom-right:0px;--awb-border-radius-bottom-left:0px;--awb-overflow:visible;--awb-flex-wrap:wrap;\" ><div class=\"fusion-builder-row fusion-row\"><div class=\"fusion-layout-column fusion_builder_column fusion-builder-column-5 fusion_builder_column_1_1 1_1 fusion-one-full fusion-column-first fusion-column-last\" style=\"--awb-bg-size:cover;\"><div class=\"fusion-column-wrapper fusion-flex-column-wrapper-legacy\"><div class=\"fusion-title title fusion-title-3 fusion-title-text fusion-title-size-two\"><h2 class=\"fusion-title-heading title-heading-left\" style=\"margin:0;\">PRODUCTS<\/h2><span class=\"awb-title-spacer\"><\/span><div class=\"title-sep-container\"><div class=\"title-sep sep-double sep-solid\" style=\"border-color:#e0dede;\"><\/div><\/div><\/div><div class=\"fusion-text fusion-text-5\"><div class=\"woocommerce columns-6 \"><ul class=\"products clearfix products-6\">\n<li class=\"product type-product post-20339 status-publish first instock product_cat-mycorrhizae-and-biostimulants has-post-thumbnail taxable shipping-taxable purchasable product-type-variable product-grid-view\">\n\t<div class=\"fusion-product-wrapper\">\n\n<div class=\"fusion-clean-product-image-wrapper \">\n\t<div  class=\"fusion-image-wrapper fusion-image-size-fixed\" aria-haspopup=\"true\">\n\t\t\t\t<img decoding=\"async\" width=\"200\" height=\"200\" src=\"https:\/\/micofora.com\/wp-content\/uploads\/2016\/09\/endoplant-riego-500-2-200x200.jpg\" class=\"attachment-woocommerce_thumbnail size-woocommerce_thumbnail wp-post-image\" alt=\"\" srcset=\"https:\/\/micofora.com\/wp-content\/uploads\/2016\/09\/endoplant-riego-500-2-66x66.jpg 66w, https:\/\/micofora.com\/wp-content\/uploads\/2016\/09\/endoplant-riego-500-2-100x100.jpg 100w, https:\/\/micofora.com\/wp-content\/uploads\/2016\/09\/endoplant-riego-500-2-150x150.jpg 150w, https:\/\/micofora.com\/wp-content\/uploads\/2016\/09\/endoplant-riego-500-2-200x200.jpg 200w\" sizes=\"(max-width: 200px) 100vw, 200px\" \/><div class=\"fusion-rollover\">\n\t<div class=\"fusion-rollover-content\">\n\n\t\t\t\t\n\t\t\n\t\t\t\t\t\t\t\t\n\t\t\t\t\t\t\t\t\n\t\t\n\t\t\t\t\t\t\t\t\t\t\t\t\t\t\t\n\t\t\t\t\t\t\n\t\t\t\t\t\t\t\t\t\t<div class=\"fusion-product-buttons\">\n\t\t\t\t\t<a href=\"https:\/\/micofora.com\/en\/product\/endoplant-irrigation\/\" aria-describedby=\"woocommerce_loop_add_to_cart_link_describedby_20339\" data-quantity=\"1\" class=\"button product_type_variable add_to_cart_button\" data-product_id=\"20339\" data-product_sku=\"\" aria-label=\"Select options for &ldquo;Endoplant Irrigation&rdquo;\" rel=\"nofollow\">Select options<\/a>\t<span id=\"woocommerce_loop_add_to_cart_link_describedby_20339\" class=\"screen-reader-text\">\n\t\tThis product has multiple variants. The options may be chosen on the product page\t<\/span>\n<span class=\"fusion-rollover-linebreak\">\n\t\/<\/span>\n\n<a href=\"https:\/\/micofora.com\/en\/product\/endoplant-irrigation\/\" class=\"show_details_button\">\n\tDetails<\/a>\n\n\t\t\t\t<\/div>\n\t\t\t\t\t\t\t\t\t<a class=\"fusion-link-wrapper\" href=\"https:\/\/micofora.com\/en\/product\/endoplant-irrigation\/\" aria-label=\"Endoplant Irrigation\"><\/a>\n\t<\/div>\n<\/div>\n<\/div>\n<\/div>\n<div class=\"fusion-product-content\">\n\t<div class=\"product-details\">\n\t\t<div class=\"product-details-container\">\n<h3 class=\"product-title\">\n\t<a href=\"https:\/\/micofora.com\/en\/product\/endoplant-irrigation\/\">\n\t\tEndoplant Irrigation\t<\/a>\n<\/h3>\n<div class=\"fusion-price-rating\">\n\n\t<span class=\"price\"><span class=\"woocommerce-Price-amount amount\"><bdi>80,00<span class=\"woocommerce-Price-currencySymbol\">&euro;<\/span><\/bdi><\/span><\/span>\n\t\t<\/div>\n\t<\/div>\n<\/div>\n\n\t<\/div> \n\n\n<\/div>\n<\/li>\n<\/ul>\n<\/div>\n<\/div><div class=\"fusion-clearfix\"><\/div><\/div><\/div><div class=\"fusion-layout-column fusion_builder_column fusion-builder-column-6 fusion_builder_column_1_1 1_1 fusion-one-full fusion-column-first fusion-column-last fusion-column-no-min-height\" style=\"--awb-bg-size:cover;--awb-margin-bottom:0px;\"><div class=\"fusion-column-wrapper fusion-flex-column-wrapper-legacy\"><div class=\"fusion-sep-clear\"><\/div><div class=\"fusion-separator fusion-full-width-sep\" style=\"margin-left: auto;margin-right: auto;margin-top:30px;margin-bottom:40px;width:100%;\"><div class=\"fusion-separator-border sep-double sep-solid\" style=\"--awb-height:20px;--awb-amount:20px;border-color:#e0dede;border-top-width:1px;border-bottom-width:1px;\"><\/div><\/div><div class=\"fusion-sep-clear\"><\/div><div class=\"fusion-clearfix\"><\/div><\/div><\/div><\/div><\/div><\/p>\n","protected":false},"excerpt":{"rendered":"","protected":false},"author":6,"featured_media":0,"parent":0,"menu_order":0,"comment_status":"closed","ping_status":"closed","template":"","meta":{"footnotes":""},"class_list":["post-20509","page","type-page","status-publish","hentry"],"yoast_head":"<!-- This site is optimized with the Yoast SEO plugin v27.4 - https:\/\/yoast.com\/product\/yoast-seo-wordpress\/ -->\n<title>Mycorrhizae and Biostimulants - Micofora<\/title>\n<meta name=\"description\" content=\"Micorrizas y Bioestimulantes para ahorro de agua, mayor crecimiento y producci\u00f3n de plantas micorrizadas y un mejor aprovechamiento de los suelos.\" \/>\n<meta name=\"robots\" content=\"index, follow, max-snippet:-1, max-image-preview:large, max-video-preview:-1\" \/>\n<link rel=\"canonical\" href=\"https:\/\/micofora.com\/en\/mycorrhizae-and-biostimulants\/\" \/>\n<meta property=\"og:locale\" content=\"en_US\" \/>\n<meta property=\"og:type\" content=\"article\" \/>\n<meta property=\"og:title\" content=\"Mycorrhizae and Biostimulants - Micofora\" \/>\n<meta property=\"og:description\" content=\"Micorrizas y Bioestimulantes para ahorro de agua, mayor crecimiento y producci\u00f3n de plantas micorrizadas y un mejor aprovechamiento de los suelos.\" \/>\n<meta property=\"og:url\" content=\"https:\/\/micofora.com\/en\/mycorrhizae-and-biostimulants\/\" \/>\n<meta property=\"og:site_name\" content=\"Micofora\" \/>\n<meta property=\"article:modified_time\" content=\"2016-11-17T10:48:19+00:00\" \/>\n<meta property=\"og:image\" content=\"https:\/\/micofora.com\/wp-content\/uploads\/2016\/09\/lactarius-micorriza.jpg\" \/>\n<meta name=\"twitter:card\" content=\"summary_large_image\" \/>\n<meta name=\"twitter:label1\" content=\"Est. reading time\" \/>\n\t<meta name=\"twitter:data1\" content=\"6 minutes\" \/>\n<script type=\"application\/ld+json\" class=\"yoast-schema-graph\">{\"@context\":\"https:\\\/\\\/schema.org\",\"@graph\":[{\"@type\":\"WebPage\",\"@id\":\"https:\\\/\\\/micofora.com\\\/en\\\/mycorrhizae-and-biostimulants\\\/\",\"url\":\"https:\\\/\\\/micofora.com\\\/en\\\/mycorrhizae-and-biostimulants\\\/\",\"name\":\"Mycorrhizae and Biostimulants - Micofora\",\"isPartOf\":{\"@id\":\"https:\\\/\\\/micofora.com\\\/#website\"},\"primaryImageOfPage\":{\"@id\":\"https:\\\/\\\/micofora.com\\\/en\\\/mycorrhizae-and-biostimulants\\\/#primaryimage\"},\"image\":{\"@id\":\"https:\\\/\\\/micofora.com\\\/en\\\/mycorrhizae-and-biostimulants\\\/#primaryimage\"},\"thumbnailUrl\":\"https:\\\/\\\/micofora.com\\\/wp-content\\\/uploads\\\/2016\\\/09\\\/lactarius-micorriza.jpg\",\"datePublished\":\"2016-09-26T10:17:12+00:00\",\"dateModified\":\"2016-11-17T10:48:19+00:00\",\"description\":\"Micorrizas y Bioestimulantes para ahorro de agua, mayor crecimiento y producci\u00f3n de plantas micorrizadas y un mejor aprovechamiento de los suelos.\",\"breadcrumb\":{\"@id\":\"https:\\\/\\\/micofora.com\\\/en\\\/mycorrhizae-and-biostimulants\\\/#breadcrumb\"},\"inLanguage\":\"en-US\",\"potentialAction\":[{\"@type\":\"ReadAction\",\"target\":[\"https:\\\/\\\/micofora.com\\\/en\\\/mycorrhizae-and-biostimulants\\\/\"]}]},{\"@type\":\"ImageObject\",\"inLanguage\":\"en-US\",\"@id\":\"https:\\\/\\\/micofora.com\\\/en\\\/mycorrhizae-and-biostimulants\\\/#primaryimage\",\"url\":\"https:\\\/\\\/micofora.com\\\/wp-content\\\/uploads\\\/2016\\\/09\\\/lactarius-micorriza.jpg\",\"contentUrl\":\"https:\\\/\\\/micofora.com\\\/wp-content\\\/uploads\\\/2016\\\/09\\\/lactarius-micorriza.jpg\"},{\"@type\":\"BreadcrumbList\",\"@id\":\"https:\\\/\\\/micofora.com\\\/en\\\/mycorrhizae-and-biostimulants\\\/#breadcrumb\",\"itemListElement\":[{\"@type\":\"ListItem\",\"position\":1,\"name\":\"Portada\",\"item\":\"https:\\\/\\\/micofora.com\\\/en\\\/\"},{\"@type\":\"ListItem\",\"position\":2,\"name\":\"Mycorrhizae and Biostimulants\"}]},{\"@type\":\"WebSite\",\"@id\":\"https:\\\/\\\/micofora.com\\\/#website\",\"url\":\"https:\\\/\\\/micofora.com\\\/\",\"name\":\"Micofora\",\"description\":\"Micologia Forestal &amp; Aplicada\",\"potentialAction\":[{\"@type\":\"SearchAction\",\"target\":{\"@type\":\"EntryPoint\",\"urlTemplate\":\"https:\\\/\\\/micofora.com\\\/?s={search_term_string}\"},\"query-input\":{\"@type\":\"PropertyValueSpecification\",\"valueRequired\":true,\"valueName\":\"search_term_string\"}}],\"inLanguage\":\"en-US\"}]}<\/script>\n<!-- \/ Yoast SEO plugin. -->","yoast_head_json":{"title":"Mycorrhizae and Biostimulants - Micofora","description":"Micorrizas y Bioestimulantes para ahorro de agua, mayor crecimiento y producci\u00f3n de plantas micorrizadas y un mejor aprovechamiento de los suelos.","robots":{"index":"index","follow":"follow","max-snippet":"max-snippet:-1","max-image-preview":"max-image-preview:large","max-video-preview":"max-video-preview:-1"},"canonical":"https:\/\/micofora.com\/en\/mycorrhizae-and-biostimulants\/","og_locale":"en_US","og_type":"article","og_title":"Mycorrhizae and Biostimulants - Micofora","og_description":"Micorrizas y Bioestimulantes para ahorro de agua, mayor crecimiento y producci\u00f3n de plantas micorrizadas y un mejor aprovechamiento de los suelos.","og_url":"https:\/\/micofora.com\/en\/mycorrhizae-and-biostimulants\/","og_site_name":"Micofora","article_modified_time":"2016-11-17T10:48:19+00:00","og_image":[{"url":"https:\/\/micofora.com\/wp-content\/uploads\/2016\/09\/lactarius-micorriza.jpg","type":"","width":"","height":""}],"twitter_card":"summary_large_image","twitter_misc":{"Est. reading time":"6 minutes"},"schema":{"@context":"https:\/\/schema.org","@graph":[{"@type":"WebPage","@id":"https:\/\/micofora.com\/en\/mycorrhizae-and-biostimulants\/","url":"https:\/\/micofora.com\/en\/mycorrhizae-and-biostimulants\/","name":"Mycorrhizae and Biostimulants - Micofora","isPartOf":{"@id":"https:\/\/micofora.com\/#website"},"primaryImageOfPage":{"@id":"https:\/\/micofora.com\/en\/mycorrhizae-and-biostimulants\/#primaryimage"},"image":{"@id":"https:\/\/micofora.com\/en\/mycorrhizae-and-biostimulants\/#primaryimage"},"thumbnailUrl":"https:\/\/micofora.com\/wp-content\/uploads\/2016\/09\/lactarius-micorriza.jpg","datePublished":"2016-09-26T10:17:12+00:00","dateModified":"2016-11-17T10:48:19+00:00","description":"Micorrizas y Bioestimulantes para ahorro de agua, mayor crecimiento y producci\u00f3n de plantas micorrizadas y un mejor aprovechamiento de los suelos.","breadcrumb":{"@id":"https:\/\/micofora.com\/en\/mycorrhizae-and-biostimulants\/#breadcrumb"},"inLanguage":"en-US","potentialAction":[{"@type":"ReadAction","target":["https:\/\/micofora.com\/en\/mycorrhizae-and-biostimulants\/"]}]},{"@type":"ImageObject","inLanguage":"en-US","@id":"https:\/\/micofora.com\/en\/mycorrhizae-and-biostimulants\/#primaryimage","url":"https:\/\/micofora.com\/wp-content\/uploads\/2016\/09\/lactarius-micorriza.jpg","contentUrl":"https:\/\/micofora.com\/wp-content\/uploads\/2016\/09\/lactarius-micorriza.jpg"},{"@type":"BreadcrumbList","@id":"https:\/\/micofora.com\/en\/mycorrhizae-and-biostimulants\/#breadcrumb","itemListElement":[{"@type":"ListItem","position":1,"name":"Portada","item":"https:\/\/micofora.com\/en\/"},{"@type":"ListItem","position":2,"name":"Mycorrhizae and Biostimulants"}]},{"@type":"WebSite","@id":"https:\/\/micofora.com\/#website","url":"https:\/\/micofora.com\/","name":"Micofora","description":"Micologia Forestal &amp; Aplicada","potentialAction":[{"@type":"SearchAction","target":{"@type":"EntryPoint","urlTemplate":"https:\/\/micofora.com\/?s={search_term_string}"},"query-input":{"@type":"PropertyValueSpecification","valueRequired":true,"valueName":"search_term_string"}}],"inLanguage":"en-US"}]}},"_links":{"self":[{"href":"https:\/\/micofora.com\/en\/wp-json\/wp\/v2\/pages\/20509","targetHints":{"allow":["GET"]}}],"collection":[{"href":"https:\/\/micofora.com\/en\/wp-json\/wp\/v2\/pages"}],"about":[{"href":"https:\/\/micofora.com\/en\/wp-json\/wp\/v2\/types\/page"}],"author":[{"embeddable":true,"href":"https:\/\/micofora.com\/en\/wp-json\/wp\/v2\/users\/6"}],"replies":[{"embeddable":true,"href":"https:\/\/micofora.com\/en\/wp-json\/wp\/v2\/comments?post=20509"}],"version-history":[{"count":0,"href":"https:\/\/micofora.com\/en\/wp-json\/wp\/v2\/pages\/20509\/revisions"}],"wp:attachment":[{"href":"https:\/\/micofora.com\/en\/wp-json\/wp\/v2\/media?parent=20509"}],"curies":[{"name":"wp","href":"https:\/\/api.w.org\/{rel}","templated":true}]}}