{"id":27229,"date":"2024-12-12T08:23:23","date_gmt":"2024-12-12T08:23:23","guid":{"rendered":"https:\/\/micofora.com\/product\/pseudomonas-fluorescens\/"},"modified":"2025-03-03T14:46:12","modified_gmt":"2025-03-03T14:46:12","slug":"pseudomonas-fluorescens","status":"publish","type":"product","link":"https:\/\/micofora.com\/ca\/producte\/pseudomonas-fluorescens\/","title":{"rendered":"TRUF-UP Pseudomonas fluorescens"},"content":{"rendered":"<p>Caracter\u00edstiques generals i mode d&#8217;acci\u00f3<br \/>\nA Micofora vam comen\u00e7ar a treballar amb <em>Pseudomonas fluorescens<\/em> el 2011, un bacteri ja descrit \u00e0mpliament com a coajudant en la micorizaci\u00f3, per\u00f2 que tenia com a principal problema de cara a la seva comercialitzaci\u00f3 el fet que perdia r\u00e0pidament la viabilitat a temperatura ambient, especialment quan es formula en l\u00edquid. El nostre equip ha desenvolupat una soca liofilitzada en pols que mant\u00e9 12 mesos la viabilitat.<br \/>\nAls estudis que hem realitzat, en quantificar el miceli de t\u00f2fona amb ADN, observem com despr\u00e9s de l&#8217;aplicaci\u00f3 d&#8217;aquest bacteri la concentraci\u00f3 de miceli de T\u00f2fona negra creix exponencialment en viver i especialment en plantacions d&#8217;alzina jove, amb una correlaci\u00f3 directa a l&#8217;entrada a producci\u00f3 d&#8217;aquests arbres a camp.<\/p>\n<p>Format de subministrament i aplicaci\u00f3<br \/>\nEnv\u00e0s de 1kg en pols soluble amb aigua. Concentraci\u00f3 de 2&#215;10<sup>8<\/sup> CFU\/g. Se&#8217;n recomana l&#8217;aplicaci\u00f3 en arbres tofoners en qualsevol fase del cultiu. Es recomana repetir l&#8217;aplicaci\u00f3 de 2 a 4 cops durant la fase vegetativa de l&#8217;arbre d\u00b4abril a setembre<br \/>\nLes dosis s\u00f3n:<\/p>\n<p>arbres de 1-3 anys 0,2 g\/arbre<br \/>\narbres de 4-9 anys 0,5 g\/arbre<br \/>\narbres de &gt;10 anys 1 g\/arbre<br \/>\nPous o nius: 0,5 g\/arbre<\/p>\n<p>&nbsp;<\/p>\n<div id=\"attachment_27238\" style=\"width: 1160px\" class=\"wp-caption alignnone\"><img decoding=\"async\" aria-describedby=\"caption-attachment-27238\" class=\"size-full wp-image-27238\" src=\"https:\/\/micofora.com\/wp-content\/uploads\/2024\/12\/efecto-bacterias-en-micelio-de-trufa.jpg\" alt=\"Efecto bacterias micofora Truf-Up en la concentraci\u00f3n de micelio de trufa negra en suelo\" width=\"1150\" height=\"796\" srcset=\"https:\/\/micofora.com\/wp-content\/uploads\/2024\/12\/efecto-bacterias-en-micelio-de-trufa-200x138.jpg 200w, https:\/\/micofora.com\/wp-content\/uploads\/2024\/12\/efecto-bacterias-en-micelio-de-trufa-300x208.jpg 300w, https:\/\/micofora.com\/wp-content\/uploads\/2024\/12\/efecto-bacterias-en-micelio-de-trufa-400x277.jpg 400w, https:\/\/micofora.com\/wp-content\/uploads\/2024\/12\/efecto-bacterias-en-micelio-de-trufa-600x415.jpg 600w, https:\/\/micofora.com\/wp-content\/uploads\/2024\/12\/efecto-bacterias-en-micelio-de-trufa-768x532.jpg 768w, https:\/\/micofora.com\/wp-content\/uploads\/2024\/12\/efecto-bacterias-en-micelio-de-trufa-800x554.jpg 800w, https:\/\/micofora.com\/wp-content\/uploads\/2024\/12\/efecto-bacterias-en-micelio-de-trufa-1024x709.jpg 1024w, https:\/\/micofora.com\/wp-content\/uploads\/2024\/12\/efecto-bacterias-en-micelio-de-trufa.jpg 1150w\" sizes=\"(max-width: 1150px) 100vw, 1150px\" \/><p id=\"caption-attachment-27238\" class=\"wp-caption-text\">Efecte bacteris micofora Truf-Up a la concentraci\u00f3 de miceli de t\u00f2fona negra a terra, mesurat amb PCR quantitativa.<\/p><\/div>\n<h6 class=\"p1\"><b>Referencies: <\/b><\/h6>\n<h6 class=\"p2\">Vilanova X <i>et al. <\/i>2013. Characterisation of <i>Pseudomonadaceae <\/i>populations in <i>Tuber melanosporum <\/i>wild truffieres. 1st International Congress of Trufficulture. Teruel. Spain.<\/h6>\n<h6 class=\"p2\">Morcillo <i>et al. <\/i>2016. Evolution of <i>Tuber melanosporum <\/i>mycelium concentration in the soil throughout the year and evaluation of fungal biodiversity in productive and non-productive trees. Proceedings of the 8th International Workshop on Edible Mycorrhizal Mushrooms. Cahors, France.<\/h6>\n<h6 class=\"p1\">Giorgi <i>et al<\/i>. 2024. Effect of Bacteria Inoculation on Colonization of Roots by <i>Tuber melanosporum <\/i>and Growth of <i>Quercus ilex <\/i>Seedlings. https:\/\/doi.org\/10.3390\/plants13020224<\/h6>\n","protected":false},"excerpt":{"rendered":"<p>Es tracta d&#8217;un bacteri amb alta capacitat d&#8217;adaptaci\u00f3 a la rizosfera i tolerant a la sequera, es reprodueix r\u00e0pidament a terra i aconsegueix sobreviure per per\u00edodes llargs, de reproducci\u00f3 r\u00e0pida i colonitzaci\u00f3 competitiva. Presenta una alta capacitat de solubilitzaci\u00f3 del f\u00f2sfor i <strong>augmenta la concentraci\u00f3 de miceli i micorizes de t\u00f2fona al terra.<\/strong><\/p>\n<p>El cost de realitzar quatre tractaments anuals en una plantaci\u00f3 tofonera \u00e9s nom\u00e9s de 50 \u20ac per hect\u00e0rea i any<\/p>\n","protected":false},"featured_media":27233,"comment_status":"open","ping_status":"closed","template":"","meta":[],"product_brand":[],"product_cat":[657],"product_tag":[],"class_list":{"0":"post-27229","1":"product","2":"type-product","3":"status-publish","4":"has-post-thumbnail","6":"product_cat-productes-per-tubericultura","8":"first","9":"instock","10":"taxable","11":"shipping-taxable","12":"purchasable","13":"product-type-simple"},"yoast_head":"<!-- This site is optimized with the Yoast SEO plugin v27.4 - https:\/\/yoast.com\/product\/yoast-seo-wordpress\/ -->\n<title>TRUF-UP Pseudomonas fluorescens - Micofora<\/title>\n<meta name=\"description\" content=\"Pseudomonas fluorescens es una bacteria que augmenta la concentraci\u00f3 de miceli de t\u00f2fona negra en viver i al s\u00f2l en plantacions tofoneres\" \/>\n<meta name=\"robots\" content=\"index, follow, max-snippet:-1, max-image-preview:large, max-video-preview:-1\" \/>\n<link rel=\"canonical\" href=\"https:\/\/micofora.com\/ca\/product\/pseudomonas-fluorescens\/\" \/>\n<meta property=\"og:locale\" content=\"ca_ES\" \/>\n<meta property=\"og:type\" content=\"article\" \/>\n<meta property=\"og:title\" content=\"TRUF-UP Pseudomonas fluorescens - Micofora\" \/>\n<meta property=\"og:description\" content=\"Pseudomonas fluorescens es una bacteria que augmenta la concentraci\u00f3 de miceli de t\u00f2fona negra en viver i al s\u00f2l en plantacions tofoneres\" \/>\n<meta property=\"og:url\" content=\"https:\/\/micofora.com\/ca\/product\/pseudomonas-fluorescens\/\" \/>\n<meta property=\"og:site_name\" content=\"Micofora\" \/>\n<meta property=\"article:modified_time\" content=\"2025-03-03T14:46:12+00:00\" \/>\n<meta property=\"og:image\" content=\"https:\/\/micofora.com\/wp-content\/uploads\/2024\/12\/pot-pseudomonas-1-scaled.gif\" \/>\n\t<meta property=\"og:image:width\" content=\"1450\" \/>\n\t<meta property=\"og:image:height\" content=\"2560\" \/>\n\t<meta property=\"og:image:type\" content=\"image\/gif\" \/>\n<meta name=\"twitter:card\" content=\"summary_large_image\" \/>\n<meta name=\"twitter:label1\" content=\"Est. reading time\" \/>\n\t<meta name=\"twitter:data1\" content=\"2 minutes\" \/>\n<script type=\"application\/ld+json\" class=\"yoast-schema-graph\">{\"@context\":\"https:\\\/\\\/schema.org\",\"@graph\":[{\"@type\":\"WebPage\",\"@id\":\"https:\\\/\\\/micofora.com\\\/ca\\\/product\\\/pseudomonas-fluorescens\\\/\",\"url\":\"https:\\\/\\\/micofora.com\\\/ca\\\/product\\\/pseudomonas-fluorescens\\\/\",\"name\":\"TRUF-UP Pseudomonas fluorescens - Micofora\",\"isPartOf\":{\"@id\":\"https:\\\/\\\/micofora.com\\\/#website\"},\"primaryImageOfPage\":{\"@id\":\"https:\\\/\\\/micofora.com\\\/ca\\\/product\\\/pseudomonas-fluorescens\\\/#primaryimage\"},\"image\":{\"@id\":\"https:\\\/\\\/micofora.com\\\/ca\\\/product\\\/pseudomonas-fluorescens\\\/#primaryimage\"},\"thumbnailUrl\":\"https:\\\/\\\/micofora.com\\\/wp-content\\\/uploads\\\/2024\\\/12\\\/pot-pseudomonas-1-scaled.gif\",\"datePublished\":\"2024-12-12T08:23:23+00:00\",\"dateModified\":\"2025-03-03T14:46:12+00:00\",\"description\":\"Pseudomonas fluorescens es una bacteria que augmenta la concentraci\u00f3 de miceli de t\u00f2fona negra en viver i al s\u00f2l en plantacions tofoneres\",\"breadcrumb\":{\"@id\":\"https:\\\/\\\/micofora.com\\\/ca\\\/product\\\/pseudomonas-fluorescens\\\/#breadcrumb\"},\"inLanguage\":\"ca\",\"potentialAction\":[{\"@type\":\"ReadAction\",\"target\":[\"https:\\\/\\\/micofora.com\\\/ca\\\/product\\\/pseudomonas-fluorescens\\\/\"]}]},{\"@type\":\"ImageObject\",\"inLanguage\":\"ca\",\"@id\":\"https:\\\/\\\/micofora.com\\\/ca\\\/product\\\/pseudomonas-fluorescens\\\/#primaryimage\",\"url\":\"https:\\\/\\\/micofora.com\\\/wp-content\\\/uploads\\\/2024\\\/12\\\/pot-pseudomonas-1-scaled.gif\",\"contentUrl\":\"https:\\\/\\\/micofora.com\\\/wp-content\\\/uploads\\\/2024\\\/12\\\/pot-pseudomonas-1-scaled.gif\",\"width\":1450,\"height\":2560},{\"@type\":\"BreadcrumbList\",\"@id\":\"https:\\\/\\\/micofora.com\\\/ca\\\/product\\\/pseudomonas-fluorescens\\\/#breadcrumb\",\"itemListElement\":[{\"@type\":\"ListItem\",\"position\":1,\"name\":\"Portada\",\"item\":\"https:\\\/\\\/micofora.com\\\/ca\\\/\"},{\"@type\":\"ListItem\",\"position\":2,\"name\":\"Shop\",\"item\":\"https:\\\/\\\/micofora.com\\\/ca\\\/shop\\\/\"},{\"@type\":\"ListItem\",\"position\":3,\"name\":\"TRUF-UP Pseudomonas fluorescens\"}]},{\"@type\":\"WebSite\",\"@id\":\"https:\\\/\\\/micofora.com\\\/#website\",\"url\":\"https:\\\/\\\/micofora.com\\\/\",\"name\":\"Micofora\",\"description\":\"Micologia Forestal &amp; Aplicada\",\"potentialAction\":[{\"@type\":\"SearchAction\",\"target\":{\"@type\":\"EntryPoint\",\"urlTemplate\":\"https:\\\/\\\/micofora.com\\\/?s={search_term_string}\"},\"query-input\":{\"@type\":\"PropertyValueSpecification\",\"valueRequired\":true,\"valueName\":\"search_term_string\"}}],\"inLanguage\":\"ca\"}]}<\/script>\n<!-- \/ Yoast SEO plugin. -->","yoast_head_json":{"title":"TRUF-UP Pseudomonas fluorescens - Micofora","description":"Pseudomonas fluorescens es una bacteria que augmenta la concentraci\u00f3 de miceli de t\u00f2fona negra en viver i al s\u00f2l en plantacions tofoneres","robots":{"index":"index","follow":"follow","max-snippet":"max-snippet:-1","max-image-preview":"max-image-preview:large","max-video-preview":"max-video-preview:-1"},"canonical":"https:\/\/micofora.com\/ca\/product\/pseudomonas-fluorescens\/","og_locale":"ca_ES","og_type":"article","og_title":"TRUF-UP Pseudomonas fluorescens - Micofora","og_description":"Pseudomonas fluorescens es una bacteria que augmenta la concentraci\u00f3 de miceli de t\u00f2fona negra en viver i al s\u00f2l en plantacions tofoneres","og_url":"https:\/\/micofora.com\/ca\/product\/pseudomonas-fluorescens\/","og_site_name":"Micofora","article_modified_time":"2025-03-03T14:46:12+00:00","og_image":[{"width":1450,"height":2560,"url":"https:\/\/micofora.com\/wp-content\/uploads\/2024\/12\/pot-pseudomonas-1-scaled.gif","type":"image\/gif"}],"twitter_card":"summary_large_image","twitter_misc":{"Est. reading time":"2 minutes"},"schema":{"@context":"https:\/\/schema.org","@graph":[{"@type":"WebPage","@id":"https:\/\/micofora.com\/ca\/product\/pseudomonas-fluorescens\/","url":"https:\/\/micofora.com\/ca\/product\/pseudomonas-fluorescens\/","name":"TRUF-UP Pseudomonas fluorescens - Micofora","isPartOf":{"@id":"https:\/\/micofora.com\/#website"},"primaryImageOfPage":{"@id":"https:\/\/micofora.com\/ca\/product\/pseudomonas-fluorescens\/#primaryimage"},"image":{"@id":"https:\/\/micofora.com\/ca\/product\/pseudomonas-fluorescens\/#primaryimage"},"thumbnailUrl":"https:\/\/micofora.com\/wp-content\/uploads\/2024\/12\/pot-pseudomonas-1-scaled.gif","datePublished":"2024-12-12T08:23:23+00:00","dateModified":"2025-03-03T14:46:12+00:00","description":"Pseudomonas fluorescens es una bacteria que augmenta la concentraci\u00f3 de miceli de t\u00f2fona negra en viver i al s\u00f2l en plantacions tofoneres","breadcrumb":{"@id":"https:\/\/micofora.com\/ca\/product\/pseudomonas-fluorescens\/#breadcrumb"},"inLanguage":"ca","potentialAction":[{"@type":"ReadAction","target":["https:\/\/micofora.com\/ca\/product\/pseudomonas-fluorescens\/"]}]},{"@type":"ImageObject","inLanguage":"ca","@id":"https:\/\/micofora.com\/ca\/product\/pseudomonas-fluorescens\/#primaryimage","url":"https:\/\/micofora.com\/wp-content\/uploads\/2024\/12\/pot-pseudomonas-1-scaled.gif","contentUrl":"https:\/\/micofora.com\/wp-content\/uploads\/2024\/12\/pot-pseudomonas-1-scaled.gif","width":1450,"height":2560},{"@type":"BreadcrumbList","@id":"https:\/\/micofora.com\/ca\/product\/pseudomonas-fluorescens\/#breadcrumb","itemListElement":[{"@type":"ListItem","position":1,"name":"Portada","item":"https:\/\/micofora.com\/ca\/"},{"@type":"ListItem","position":2,"name":"Shop","item":"https:\/\/micofora.com\/ca\/shop\/"},{"@type":"ListItem","position":3,"name":"TRUF-UP Pseudomonas fluorescens"}]},{"@type":"WebSite","@id":"https:\/\/micofora.com\/#website","url":"https:\/\/micofora.com\/","name":"Micofora","description":"Micologia Forestal &amp; Aplicada","potentialAction":[{"@type":"SearchAction","target":{"@type":"EntryPoint","urlTemplate":"https:\/\/micofora.com\/?s={search_term_string}"},"query-input":{"@type":"PropertyValueSpecification","valueRequired":true,"valueName":"search_term_string"}}],"inLanguage":"ca"}]}},"_links":{"self":[{"href":"https:\/\/micofora.com\/ca\/wp-json\/wp\/v2\/product\/27229","targetHints":{"allow":["GET"]}}],"collection":[{"href":"https:\/\/micofora.com\/ca\/wp-json\/wp\/v2\/product"}],"about":[{"href":"https:\/\/micofora.com\/ca\/wp-json\/wp\/v2\/types\/product"}],"replies":[{"embeddable":true,"href":"https:\/\/micofora.com\/ca\/wp-json\/wp\/v2\/comments?post=27229"}],"wp:featuredmedia":[{"embeddable":true,"href":"https:\/\/micofora.com\/ca\/wp-json\/wp\/v2\/media\/27233"}],"wp:attachment":[{"href":"https:\/\/micofora.com\/ca\/wp-json\/wp\/v2\/media?parent=27229"}],"wp:term":[{"taxonomy":"product_brand","embeddable":true,"href":"https:\/\/micofora.com\/ca\/wp-json\/wp\/v2\/product_brand?post=27229"},{"taxonomy":"product_cat","embeddable":true,"href":"https:\/\/micofora.com\/ca\/wp-json\/wp\/v2\/product_cat?post=27229"},{"taxonomy":"product_tag","embeddable":true,"href":"https:\/\/micofora.com\/ca\/wp-json\/wp\/v2\/product_tag?post=27229"}],"curies":[{"name":"wp","href":"https:\/\/api.w.org\/{rel}","templated":true}]}}