{"id":21443,"date":"2016-09-26T04:43:28","date_gmt":"2016-09-26T04:43:28","guid":{"rendered":"http:\/\/micofora.com\/ca\/producto\/cultivar-trufas-una-realidad-cultivar-trufas-una-realidad-en-expansion-expansion\/"},"modified":"2019-11-25T07:45:13","modified_gmt":"2019-11-25T07:45:13","slug":"cultivar-trufas-una-realidad-cultivar-trufas-una-realidad-en-expansion-expansion","status":"publish","type":"product","link":"https:\/\/micofora.com\/ca\/producte\/cultivar-trufas-una-realidad-cultivar-trufas-una-realidad-en-expansion-expansion\/","title":{"rendered":"Cultivar Trufas, una realidad en expansi\u00f3n"},"content":{"rendered":"<p>Edici\u00f3 de juny del 2015, en tapes dures cont\u00e9 352 p\u00e0gines, 237 fotograf\u00edes m\u00e9s 61 gr\u00e0fics i figures.<br \/>\nISBN 978-84-617-3654-6<\/p>\n<p><img decoding=\"async\" class=\"alignnone size-full wp-image-21639\" src=\"https:\/\/micofora.com\/wp-content\/uploads\/2016\/07\/libro-cultivar-trufas-Marcos-Morcillo.png\" alt=\"libro cultivar trufas y truficultura\" width=\"449\" height=\"574\" srcset=\"https:\/\/micofora.com\/wp-content\/uploads\/2016\/07\/libro-cultivar-trufas-Marcos-Morcillo-120x153.png 120w, https:\/\/micofora.com\/wp-content\/uploads\/2016\/07\/libro-cultivar-trufas-Marcos-Morcillo-200x256.png 200w, https:\/\/micofora.com\/wp-content\/uploads\/2016\/07\/libro-cultivar-trufas-Marcos-Morcillo-235x300.png 235w, https:\/\/micofora.com\/wp-content\/uploads\/2016\/07\/libro-cultivar-trufas-Marcos-Morcillo-300x384.png 300w, https:\/\/micofora.com\/wp-content\/uploads\/2016\/07\/libro-cultivar-trufas-Marcos-Morcillo-400x511.png 400w, https:\/\/micofora.com\/wp-content\/uploads\/2016\/07\/libro-cultivar-trufas-Marcos-Morcillo.png 449w\" sizes=\"(max-width: 449px) 100vw, 449px\" \/><\/p>\n<p>&nbsp;<\/p>\n<p><img decoding=\"async\" class=\"alignnone size-full wp-image-21631\" src=\"https:\/\/micofora.com\/wp-content\/uploads\/2016\/07\/truficultires-libro-cultivar-trufas.png\" alt=\"truficultores trufa negra\" width=\"466\" height=\"722\" srcset=\"https:\/\/micofora.com\/wp-content\/uploads\/2016\/07\/truficultires-libro-cultivar-trufas-120x186.png 120w, https:\/\/micofora.com\/wp-content\/uploads\/2016\/07\/truficultires-libro-cultivar-trufas-194x300.png 194w, https:\/\/micofora.com\/wp-content\/uploads\/2016\/07\/truficultires-libro-cultivar-trufas-200x310.png 200w, https:\/\/micofora.com\/wp-content\/uploads\/2016\/07\/truficultires-libro-cultivar-trufas-300x465.png 300w, https:\/\/micofora.com\/wp-content\/uploads\/2016\/07\/truficultires-libro-cultivar-trufas-400x620.png 400w, https:\/\/micofora.com\/wp-content\/uploads\/2016\/07\/truficultires-libro-cultivar-trufas.png 466w\" sizes=\"(max-width: 466px) 100vw, 466px\" \/><\/p>\n<p><img decoding=\"async\" class=\"alignnone size-full wp-image-21635\" src=\"https:\/\/micofora.com\/wp-content\/uploads\/2016\/07\/cadena-valor-trufas.png\" alt=\"trufas cadena valor\" width=\"492\" height=\"201\" srcset=\"https:\/\/micofora.com\/wp-content\/uploads\/2016\/07\/cadena-valor-trufas-120x49.png 120w, https:\/\/micofora.com\/wp-content\/uploads\/2016\/07\/cadena-valor-trufas-200x82.png 200w, https:\/\/micofora.com\/wp-content\/uploads\/2016\/07\/cadena-valor-trufas-300x123.png 300w, https:\/\/micofora.com\/wp-content\/uploads\/2016\/07\/cadena-valor-trufas-400x163.png 400w, https:\/\/micofora.com\/wp-content\/uploads\/2016\/07\/cadena-valor-trufas.png 492w\" sizes=\"(max-width: 492px) 100vw, 492px\" \/><\/p>\n","protected":false},"excerpt":{"rendered":"<p>Cultivar trufas, una realidad en expansi\u00f3n no pretende ser solo un manual te\u00f3rico-pr\u00e1ctico de truficultura, sino que tambi\u00e9n in- tenta ser un compendio, actualizado hasta el momento de su edici\u00f3n, de las experiencias realizadas en todo el mundo en este \u00e1mbito de manera integral, desde las condiciones \u00f3ptimas para el cultivo, la creaci\u00f3n y la gesti\u00f3n de plantaciones, hasta las conclusiones de los \u00faltimos trabajos cient\u00edficos publicados.<\/p>\n","protected":false},"featured_media":20398,"comment_status":"open","ping_status":"closed","template":"","meta":[],"product_brand":[],"product_cat":[649],"product_tag":[],"class_list":{"0":"post-21443","1":"product","2":"type-product","3":"status-publish","4":"has-post-thumbnail","6":"product_cat-llibres","8":"first","9":"instock","10":"taxable","11":"shipping-taxable","12":"purchasable","13":"product-type-variable"},"yoast_head":"<!-- This site is optimized with the Yoast SEO plugin v27.4 - https:\/\/yoast.com\/product\/yoast-seo-wordpress\/ -->\n<title>Cultivar Trufas, una realidad en expansi\u00f3n - Micofora<\/title>\n<meta name=\"description\" content=\"Manual te\u00f3rico-pr\u00e1ctico de truficultura y compendio actualizado de las experiencias realizadas en todo el mundo en este \u00e1mbito del cultivo.\" \/>\n<meta name=\"robots\" content=\"index, follow, max-snippet:-1, max-image-preview:large, max-video-preview:-1\" \/>\n<link rel=\"canonical\" href=\"https:\/\/micofora.com\/ca\/product\/cultivar-trufas-una-realidad-cultivar-trufas-una-realidad-en-expansion-expansion\/\" \/>\n<meta property=\"og:locale\" content=\"ca_ES\" \/>\n<meta property=\"og:type\" content=\"article\" \/>\n<meta property=\"og:title\" content=\"Cultivar Trufas, una realidad en expansi\u00f3n - Micofora\" \/>\n<meta property=\"og:description\" content=\"Manual te\u00f3rico-pr\u00e1ctico de truficultura y compendio actualizado de las experiencias realizadas en todo el mundo en este \u00e1mbito del cultivo.\" \/>\n<meta property=\"og:url\" content=\"https:\/\/micofora.com\/ca\/product\/cultivar-trufas-una-realidad-cultivar-trufas-una-realidad-en-expansion-expansion\/\" \/>\n<meta property=\"og:site_name\" content=\"Micofora\" \/>\n<meta property=\"article:modified_time\" content=\"2019-11-25T07:45:13+00:00\" \/>\n<meta property=\"og:image\" content=\"https:\/\/micofora.com\/wp-content\/uploads\/2016\/09\/Portada-libro-Cultivar-Trufas-una-realidad-en-expansion.jpg\" \/>\n\t<meta property=\"og:image:width\" content=\"623\" \/>\n\t<meta property=\"og:image:height\" content=\"877\" \/>\n\t<meta property=\"og:image:type\" content=\"image\/jpeg\" \/>\n<meta name=\"twitter:card\" content=\"summary_large_image\" \/>\n<script type=\"application\/ld+json\" class=\"yoast-schema-graph\">{\"@context\":\"https:\\\/\\\/schema.org\",\"@graph\":[{\"@type\":\"WebPage\",\"@id\":\"https:\\\/\\\/micofora.com\\\/ca\\\/product\\\/cultivar-trufas-una-realidad-cultivar-trufas-una-realidad-en-expansion-expansion\\\/\",\"url\":\"https:\\\/\\\/micofora.com\\\/ca\\\/product\\\/cultivar-trufas-una-realidad-cultivar-trufas-una-realidad-en-expansion-expansion\\\/\",\"name\":\"Cultivar Trufas, una realidad en expansi\u00f3n - Micofora\",\"isPartOf\":{\"@id\":\"https:\\\/\\\/micofora.com\\\/#website\"},\"primaryImageOfPage\":{\"@id\":\"https:\\\/\\\/micofora.com\\\/ca\\\/product\\\/cultivar-trufas-una-realidad-cultivar-trufas-una-realidad-en-expansion-expansion\\\/#primaryimage\"},\"image\":{\"@id\":\"https:\\\/\\\/micofora.com\\\/ca\\\/product\\\/cultivar-trufas-una-realidad-cultivar-trufas-una-realidad-en-expansion-expansion\\\/#primaryimage\"},\"thumbnailUrl\":\"https:\\\/\\\/micofora.com\\\/wp-content\\\/uploads\\\/2016\\\/09\\\/Portada-libro-Cultivar-Trufas-una-realidad-en-expansion.jpg\",\"datePublished\":\"2016-09-26T04:43:28+00:00\",\"dateModified\":\"2019-11-25T07:45:13+00:00\",\"description\":\"Manual te\u00f3rico-pr\u00e1ctico de truficultura y compendio actualizado de las experiencias realizadas en todo el mundo en este \u00e1mbito del cultivo.\",\"breadcrumb\":{\"@id\":\"https:\\\/\\\/micofora.com\\\/ca\\\/product\\\/cultivar-trufas-una-realidad-cultivar-trufas-una-realidad-en-expansion-expansion\\\/#breadcrumb\"},\"inLanguage\":\"ca\",\"potentialAction\":[{\"@type\":\"ReadAction\",\"target\":[\"https:\\\/\\\/micofora.com\\\/ca\\\/product\\\/cultivar-trufas-una-realidad-cultivar-trufas-una-realidad-en-expansion-expansion\\\/\"]}]},{\"@type\":\"ImageObject\",\"inLanguage\":\"ca\",\"@id\":\"https:\\\/\\\/micofora.com\\\/ca\\\/product\\\/cultivar-trufas-una-realidad-cultivar-trufas-una-realidad-en-expansion-expansion\\\/#primaryimage\",\"url\":\"https:\\\/\\\/micofora.com\\\/wp-content\\\/uploads\\\/2016\\\/09\\\/Portada-libro-Cultivar-Trufas-una-realidad-en-expansion.jpg\",\"contentUrl\":\"https:\\\/\\\/micofora.com\\\/wp-content\\\/uploads\\\/2016\\\/09\\\/Portada-libro-Cultivar-Trufas-una-realidad-en-expansion.jpg\",\"width\":623,\"height\":877},{\"@type\":\"BreadcrumbList\",\"@id\":\"https:\\\/\\\/micofora.com\\\/ca\\\/product\\\/cultivar-trufas-una-realidad-cultivar-trufas-una-realidad-en-expansion-expansion\\\/#breadcrumb\",\"itemListElement\":[{\"@type\":\"ListItem\",\"position\":1,\"name\":\"Portada\",\"item\":\"https:\\\/\\\/micofora.com\\\/ca\\\/\"},{\"@type\":\"ListItem\",\"position\":2,\"name\":\"Shop\",\"item\":\"https:\\\/\\\/micofora.com\\\/ca\\\/shop\\\/\"},{\"@type\":\"ListItem\",\"position\":3,\"name\":\"Cultivar Trufas, una realidad en expansi\u00f3n\"}]},{\"@type\":\"WebSite\",\"@id\":\"https:\\\/\\\/micofora.com\\\/#website\",\"url\":\"https:\\\/\\\/micofora.com\\\/\",\"name\":\"Micofora\",\"description\":\"Micologia Forestal &amp; Aplicada\",\"potentialAction\":[{\"@type\":\"SearchAction\",\"target\":{\"@type\":\"EntryPoint\",\"urlTemplate\":\"https:\\\/\\\/micofora.com\\\/?s={search_term_string}\"},\"query-input\":{\"@type\":\"PropertyValueSpecification\",\"valueRequired\":true,\"valueName\":\"search_term_string\"}}],\"inLanguage\":\"ca\"}]}<\/script>\n<!-- \/ Yoast SEO plugin. -->","yoast_head_json":{"title":"Cultivar Trufas, una realidad en expansi\u00f3n - Micofora","description":"Manual te\u00f3rico-pr\u00e1ctico de truficultura y compendio actualizado de las experiencias realizadas en todo el mundo en este \u00e1mbito del cultivo.","robots":{"index":"index","follow":"follow","max-snippet":"max-snippet:-1","max-image-preview":"max-image-preview:large","max-video-preview":"max-video-preview:-1"},"canonical":"https:\/\/micofora.com\/ca\/product\/cultivar-trufas-una-realidad-cultivar-trufas-una-realidad-en-expansion-expansion\/","og_locale":"ca_ES","og_type":"article","og_title":"Cultivar Trufas, una realidad en expansi\u00f3n - Micofora","og_description":"Manual te\u00f3rico-pr\u00e1ctico de truficultura y compendio actualizado de las experiencias realizadas en todo el mundo en este \u00e1mbito del cultivo.","og_url":"https:\/\/micofora.com\/ca\/product\/cultivar-trufas-una-realidad-cultivar-trufas-una-realidad-en-expansion-expansion\/","og_site_name":"Micofora","article_modified_time":"2019-11-25T07:45:13+00:00","og_image":[{"width":623,"height":877,"url":"https:\/\/micofora.com\/wp-content\/uploads\/2016\/09\/Portada-libro-Cultivar-Trufas-una-realidad-en-expansion.jpg","type":"image\/jpeg"}],"twitter_card":"summary_large_image","schema":{"@context":"https:\/\/schema.org","@graph":[{"@type":"WebPage","@id":"https:\/\/micofora.com\/ca\/product\/cultivar-trufas-una-realidad-cultivar-trufas-una-realidad-en-expansion-expansion\/","url":"https:\/\/micofora.com\/ca\/product\/cultivar-trufas-una-realidad-cultivar-trufas-una-realidad-en-expansion-expansion\/","name":"Cultivar Trufas, una realidad en expansi\u00f3n - Micofora","isPartOf":{"@id":"https:\/\/micofora.com\/#website"},"primaryImageOfPage":{"@id":"https:\/\/micofora.com\/ca\/product\/cultivar-trufas-una-realidad-cultivar-trufas-una-realidad-en-expansion-expansion\/#primaryimage"},"image":{"@id":"https:\/\/micofora.com\/ca\/product\/cultivar-trufas-una-realidad-cultivar-trufas-una-realidad-en-expansion-expansion\/#primaryimage"},"thumbnailUrl":"https:\/\/micofora.com\/wp-content\/uploads\/2016\/09\/Portada-libro-Cultivar-Trufas-una-realidad-en-expansion.jpg","datePublished":"2016-09-26T04:43:28+00:00","dateModified":"2019-11-25T07:45:13+00:00","description":"Manual te\u00f3rico-pr\u00e1ctico de truficultura y compendio actualizado de las experiencias realizadas en todo el mundo en este \u00e1mbito del cultivo.","breadcrumb":{"@id":"https:\/\/micofora.com\/ca\/product\/cultivar-trufas-una-realidad-cultivar-trufas-una-realidad-en-expansion-expansion\/#breadcrumb"},"inLanguage":"ca","potentialAction":[{"@type":"ReadAction","target":["https:\/\/micofora.com\/ca\/product\/cultivar-trufas-una-realidad-cultivar-trufas-una-realidad-en-expansion-expansion\/"]}]},{"@type":"ImageObject","inLanguage":"ca","@id":"https:\/\/micofora.com\/ca\/product\/cultivar-trufas-una-realidad-cultivar-trufas-una-realidad-en-expansion-expansion\/#primaryimage","url":"https:\/\/micofora.com\/wp-content\/uploads\/2016\/09\/Portada-libro-Cultivar-Trufas-una-realidad-en-expansion.jpg","contentUrl":"https:\/\/micofora.com\/wp-content\/uploads\/2016\/09\/Portada-libro-Cultivar-Trufas-una-realidad-en-expansion.jpg","width":623,"height":877},{"@type":"BreadcrumbList","@id":"https:\/\/micofora.com\/ca\/product\/cultivar-trufas-una-realidad-cultivar-trufas-una-realidad-en-expansion-expansion\/#breadcrumb","itemListElement":[{"@type":"ListItem","position":1,"name":"Portada","item":"https:\/\/micofora.com\/ca\/"},{"@type":"ListItem","position":2,"name":"Shop","item":"https:\/\/micofora.com\/ca\/shop\/"},{"@type":"ListItem","position":3,"name":"Cultivar Trufas, una realidad en expansi\u00f3n"}]},{"@type":"WebSite","@id":"https:\/\/micofora.com\/#website","url":"https:\/\/micofora.com\/","name":"Micofora","description":"Micologia Forestal &amp; Aplicada","potentialAction":[{"@type":"SearchAction","target":{"@type":"EntryPoint","urlTemplate":"https:\/\/micofora.com\/?s={search_term_string}"},"query-input":{"@type":"PropertyValueSpecification","valueRequired":true,"valueName":"search_term_string"}}],"inLanguage":"ca"}]}},"_links":{"self":[{"href":"https:\/\/micofora.com\/ca\/wp-json\/wp\/v2\/product\/21443","targetHints":{"allow":["GET"]}}],"collection":[{"href":"https:\/\/micofora.com\/ca\/wp-json\/wp\/v2\/product"}],"about":[{"href":"https:\/\/micofora.com\/ca\/wp-json\/wp\/v2\/types\/product"}],"replies":[{"embeddable":true,"href":"https:\/\/micofora.com\/ca\/wp-json\/wp\/v2\/comments?post=21443"}],"wp:featuredmedia":[{"embeddable":true,"href":"https:\/\/micofora.com\/ca\/wp-json\/wp\/v2\/media\/20398"}],"wp:attachment":[{"href":"https:\/\/micofora.com\/ca\/wp-json\/wp\/v2\/media?parent=21443"}],"wp:term":[{"taxonomy":"product_brand","embeddable":true,"href":"https:\/\/micofora.com\/ca\/wp-json\/wp\/v2\/product_brand?post=21443"},{"taxonomy":"product_cat","embeddable":true,"href":"https:\/\/micofora.com\/ca\/wp-json\/wp\/v2\/product_cat?post=21443"},{"taxonomy":"product_tag","embeddable":true,"href":"https:\/\/micofora.com\/ca\/wp-json\/wp\/v2\/product_tag?post=21443"}],"curies":[{"name":"wp","href":"https:\/\/api.w.org\/{rel}","templated":true}]}}