{"id":21414,"date":"2016-11-15T13:22:18","date_gmt":"2016-11-15T13:22:18","guid":{"rendered":"http:\/\/micofora.com\/ca\/producto\/mix-bioestimulante\/"},"modified":"2019-11-18T10:08:33","modified_gmt":"2019-11-18T10:08:33","slug":"mix-bioestimulante","status":"publish","type":"product","link":"https:\/\/micofora.com\/ca\/producte\/mix-bioestimulante\/","title":{"rendered":"Mix Bioestimulante"},"content":{"rendered":"<div class=\"traductor-textarea form-group\">\n<div class=\"textarea-desti col-xs-12 col-sm-6\">\n<div class=\"form-control second-textarea\">\n<p>Presenta una formulaci\u00f3 expressament estudiada per aplicar en qualsevol cultiu i estadi de creixement de la planta per mitj\u00e0 del sistema de reg existent. Est\u00e0 particularment indicat per potenciar l&#8217;efecte de les micorizes en plantes pr\u00e8viament inoculades. Entre els beneficis que proporciona a les plantes estan: millor resist\u00e8ncia a l&#8217;estr\u00e8s, major absorci\u00f3 de N, P, K i nutrients en general. Major resist\u00e8ncia a agents pat\u00f2gens i nem\u00e0todes. Augmenta la longitud dels p\u00e8ls radiculares i incrementa l&#8217;activitat microbiana. La planta redueix el dany del fred, presenta major creixement en s\u00f2ls pobres i li permet major toler\u00e0ncia a la sequera, toxines i pH extrem. Aix\u00f2 ens permet reduir l&#8217;\u00fas de fertilitzaci\u00f3 i de pesticides.<\/p>\n<p>El producte \u00e9s un producte en pols i est\u00e0 formulat per aplicar per reg en plantes de vivers i pel transplantament a camp d&#8217;hortalisses i fruiters. Per a un efecte sin\u00e8rgic amb les micorizes es recomana inocular pr\u00e8viament la planta amb ENDOPLANT<br \/>\nPer a m\u00e9s informaci\u00f3 sobre el bioestimulant consulti\u00a0<a href=\"https:\/\/micofora.com\/wp-content\/uploads\/2016\/11\/ficha-tecnica-bioestimulante.pdf\">ficha tecnica bioestimulant<\/a><br \/>\nEls preus indicats inclouen IVA i despeses d\u00b4enviament\u00a0per a Pen\u00ednsula i Balears. Per enviaments a Can\u00e0ries consultar ports.<\/p>\n<\/div>\n<\/div>\n<\/div>\n<div class=\"traductor-checkbox form-group\"><\/div>\n","protected":false},"excerpt":{"rendered":"<p>Es tracta d&#8217;un producte biol\u00f2gic natural compost per microorganismes beneficiosos com a bacteris fixadors de nitrogen, bacteris solubilizadors de f\u00f2sfor i extractes de fermentaci\u00f3, aix\u00ed com subst\u00e0ncies naturals que afavoreixen l&#8217;activaci\u00f3 de la vida \u00fatil de la rizosfera. \u00c9s un producte \u00fanic que permet una aplicaci\u00f3 mitjan\u00e7ant reg, alhora est\u00e0 molt concentrat pel que permet tractar grans extensions amb poc producte.<\/p>\n","protected":false},"featured_media":21409,"comment_status":"open","ping_status":"closed","template":"","meta":[],"product_brand":[],"product_cat":[651],"product_tag":[],"class_list":{"0":"post-21414","1":"product","2":"type-product","3":"status-publish","4":"has-post-thumbnail","6":"product_cat-micorrizas-i-bioestimulants","8":"first","9":"instock","10":"taxable","11":"shipping-taxable","12":"purchasable","13":"product-type-simple"},"yoast_head":"<!-- This site is optimized with the Yoast SEO plugin v27.4 - https:\/\/yoast.com\/product\/yoast-seo-wordpress\/ -->\n<title>Mix Bioestimulante - Micofora<\/title>\n<meta name=\"robots\" content=\"index, follow, max-snippet:-1, max-image-preview:large, max-video-preview:-1\" \/>\n<link rel=\"canonical\" href=\"https:\/\/micofora.com\/ca\/product\/mix-bioestimulante\/\" \/>\n<meta property=\"og:locale\" content=\"ca_ES\" \/>\n<meta property=\"og:type\" content=\"article\" \/>\n<meta property=\"og:title\" content=\"Mix Bioestimulante - Micofora\" \/>\n<meta property=\"og:description\" content=\"Es tracta d&#039;un producte biol\u00f2gic natural compost per microorganismes beneficiosos com a bacteris fixadors de nitrogen, bacteris solubilizadors de f\u00f2sfor i extractes de fermentaci\u00f3, aix\u00ed com subst\u00e0ncies naturals que afavoreixen l&#039;activaci\u00f3 de la vida \u00fatil de la rizosfera. \u00c9s un producte \u00fanic que permet una aplicaci\u00f3 mitjan\u00e7ant reg, alhora est\u00e0 molt concentrat pel que permet tractar grans extensions amb poc producte.\" \/>\n<meta property=\"og:url\" content=\"https:\/\/micofora.com\/ca\/product\/mix-bioestimulante\/\" \/>\n<meta property=\"og:site_name\" content=\"Micofora\" \/>\n<meta property=\"article:modified_time\" content=\"2019-11-18T10:08:33+00:00\" \/>\n<meta property=\"og:image\" content=\"https:\/\/micofora.com\/wp-content\/uploads\/2016\/11\/MIX-bioestimulante-microbiano.jpg\" \/>\n\t<meta property=\"og:image:width\" content=\"1000\" \/>\n\t<meta property=\"og:image:height\" content=\"1778\" \/>\n\t<meta property=\"og:image:type\" content=\"image\/jpeg\" \/>\n<meta name=\"twitter:card\" content=\"summary_large_image\" \/>\n<meta name=\"twitter:label1\" content=\"Est. reading time\" \/>\n\t<meta name=\"twitter:data1\" content=\"1 minute\" \/>\n<script type=\"application\/ld+json\" class=\"yoast-schema-graph\">{\"@context\":\"https:\\\/\\\/schema.org\",\"@graph\":[{\"@type\":\"WebPage\",\"@id\":\"https:\\\/\\\/micofora.com\\\/ca\\\/product\\\/mix-bioestimulante\\\/\",\"url\":\"https:\\\/\\\/micofora.com\\\/ca\\\/product\\\/mix-bioestimulante\\\/\",\"name\":\"Mix Bioestimulante - Micofora\",\"isPartOf\":{\"@id\":\"https:\\\/\\\/micofora.com\\\/#website\"},\"primaryImageOfPage\":{\"@id\":\"https:\\\/\\\/micofora.com\\\/ca\\\/product\\\/mix-bioestimulante\\\/#primaryimage\"},\"image\":{\"@id\":\"https:\\\/\\\/micofora.com\\\/ca\\\/product\\\/mix-bioestimulante\\\/#primaryimage\"},\"thumbnailUrl\":\"https:\\\/\\\/micofora.com\\\/wp-content\\\/uploads\\\/2016\\\/11\\\/MIX-bioestimulante-microbiano.jpg\",\"datePublished\":\"2016-11-15T13:22:18+00:00\",\"dateModified\":\"2019-11-18T10:08:33+00:00\",\"breadcrumb\":{\"@id\":\"https:\\\/\\\/micofora.com\\\/ca\\\/product\\\/mix-bioestimulante\\\/#breadcrumb\"},\"inLanguage\":\"ca\",\"potentialAction\":[{\"@type\":\"ReadAction\",\"target\":[\"https:\\\/\\\/micofora.com\\\/ca\\\/product\\\/mix-bioestimulante\\\/\"]}]},{\"@type\":\"ImageObject\",\"inLanguage\":\"ca\",\"@id\":\"https:\\\/\\\/micofora.com\\\/ca\\\/product\\\/mix-bioestimulante\\\/#primaryimage\",\"url\":\"https:\\\/\\\/micofora.com\\\/wp-content\\\/uploads\\\/2016\\\/11\\\/MIX-bioestimulante-microbiano.jpg\",\"contentUrl\":\"https:\\\/\\\/micofora.com\\\/wp-content\\\/uploads\\\/2016\\\/11\\\/MIX-bioestimulante-microbiano.jpg\",\"width\":1000,\"height\":1778},{\"@type\":\"BreadcrumbList\",\"@id\":\"https:\\\/\\\/micofora.com\\\/ca\\\/product\\\/mix-bioestimulante\\\/#breadcrumb\",\"itemListElement\":[{\"@type\":\"ListItem\",\"position\":1,\"name\":\"Portada\",\"item\":\"https:\\\/\\\/micofora.com\\\/ca\\\/\"},{\"@type\":\"ListItem\",\"position\":2,\"name\":\"Shop\",\"item\":\"https:\\\/\\\/micofora.com\\\/ca\\\/shop\\\/\"},{\"@type\":\"ListItem\",\"position\":3,\"name\":\"Mix Bioestimulante\"}]},{\"@type\":\"WebSite\",\"@id\":\"https:\\\/\\\/micofora.com\\\/#website\",\"url\":\"https:\\\/\\\/micofora.com\\\/\",\"name\":\"Micofora\",\"description\":\"Micologia Forestal &amp; Aplicada\",\"potentialAction\":[{\"@type\":\"SearchAction\",\"target\":{\"@type\":\"EntryPoint\",\"urlTemplate\":\"https:\\\/\\\/micofora.com\\\/?s={search_term_string}\"},\"query-input\":{\"@type\":\"PropertyValueSpecification\",\"valueRequired\":true,\"valueName\":\"search_term_string\"}}],\"inLanguage\":\"ca\"}]}<\/script>\n<!-- \/ Yoast SEO plugin. -->","yoast_head_json":{"title":"Mix Bioestimulante - Micofora","robots":{"index":"index","follow":"follow","max-snippet":"max-snippet:-1","max-image-preview":"max-image-preview:large","max-video-preview":"max-video-preview:-1"},"canonical":"https:\/\/micofora.com\/ca\/product\/mix-bioestimulante\/","og_locale":"ca_ES","og_type":"article","og_title":"Mix Bioestimulante - Micofora","og_description":"Es tracta d'un producte biol\u00f2gic natural compost per microorganismes beneficiosos com a bacteris fixadors de nitrogen, bacteris solubilizadors de f\u00f2sfor i extractes de fermentaci\u00f3, aix\u00ed com subst\u00e0ncies naturals que afavoreixen l'activaci\u00f3 de la vida \u00fatil de la rizosfera. \u00c9s un producte \u00fanic que permet una aplicaci\u00f3 mitjan\u00e7ant reg, alhora est\u00e0 molt concentrat pel que permet tractar grans extensions amb poc producte.","og_url":"https:\/\/micofora.com\/ca\/product\/mix-bioestimulante\/","og_site_name":"Micofora","article_modified_time":"2019-11-18T10:08:33+00:00","og_image":[{"width":1000,"height":1778,"url":"https:\/\/micofora.com\/wp-content\/uploads\/2016\/11\/MIX-bioestimulante-microbiano.jpg","type":"image\/jpeg"}],"twitter_card":"summary_large_image","twitter_misc":{"Est. reading time":"1 minute"},"schema":{"@context":"https:\/\/schema.org","@graph":[{"@type":"WebPage","@id":"https:\/\/micofora.com\/ca\/product\/mix-bioestimulante\/","url":"https:\/\/micofora.com\/ca\/product\/mix-bioestimulante\/","name":"Mix Bioestimulante - Micofora","isPartOf":{"@id":"https:\/\/micofora.com\/#website"},"primaryImageOfPage":{"@id":"https:\/\/micofora.com\/ca\/product\/mix-bioestimulante\/#primaryimage"},"image":{"@id":"https:\/\/micofora.com\/ca\/product\/mix-bioestimulante\/#primaryimage"},"thumbnailUrl":"https:\/\/micofora.com\/wp-content\/uploads\/2016\/11\/MIX-bioestimulante-microbiano.jpg","datePublished":"2016-11-15T13:22:18+00:00","dateModified":"2019-11-18T10:08:33+00:00","breadcrumb":{"@id":"https:\/\/micofora.com\/ca\/product\/mix-bioestimulante\/#breadcrumb"},"inLanguage":"ca","potentialAction":[{"@type":"ReadAction","target":["https:\/\/micofora.com\/ca\/product\/mix-bioestimulante\/"]}]},{"@type":"ImageObject","inLanguage":"ca","@id":"https:\/\/micofora.com\/ca\/product\/mix-bioestimulante\/#primaryimage","url":"https:\/\/micofora.com\/wp-content\/uploads\/2016\/11\/MIX-bioestimulante-microbiano.jpg","contentUrl":"https:\/\/micofora.com\/wp-content\/uploads\/2016\/11\/MIX-bioestimulante-microbiano.jpg","width":1000,"height":1778},{"@type":"BreadcrumbList","@id":"https:\/\/micofora.com\/ca\/product\/mix-bioestimulante\/#breadcrumb","itemListElement":[{"@type":"ListItem","position":1,"name":"Portada","item":"https:\/\/micofora.com\/ca\/"},{"@type":"ListItem","position":2,"name":"Shop","item":"https:\/\/micofora.com\/ca\/shop\/"},{"@type":"ListItem","position":3,"name":"Mix Bioestimulante"}]},{"@type":"WebSite","@id":"https:\/\/micofora.com\/#website","url":"https:\/\/micofora.com\/","name":"Micofora","description":"Micologia Forestal &amp; Aplicada","potentialAction":[{"@type":"SearchAction","target":{"@type":"EntryPoint","urlTemplate":"https:\/\/micofora.com\/?s={search_term_string}"},"query-input":{"@type":"PropertyValueSpecification","valueRequired":true,"valueName":"search_term_string"}}],"inLanguage":"ca"}]}},"_links":{"self":[{"href":"https:\/\/micofora.com\/ca\/wp-json\/wp\/v2\/product\/21414","targetHints":{"allow":["GET"]}}],"collection":[{"href":"https:\/\/micofora.com\/ca\/wp-json\/wp\/v2\/product"}],"about":[{"href":"https:\/\/micofora.com\/ca\/wp-json\/wp\/v2\/types\/product"}],"replies":[{"embeddable":true,"href":"https:\/\/micofora.com\/ca\/wp-json\/wp\/v2\/comments?post=21414"}],"wp:featuredmedia":[{"embeddable":true,"href":"https:\/\/micofora.com\/ca\/wp-json\/wp\/v2\/media\/21409"}],"wp:attachment":[{"href":"https:\/\/micofora.com\/ca\/wp-json\/wp\/v2\/media?parent=21414"}],"wp:term":[{"taxonomy":"product_brand","embeddable":true,"href":"https:\/\/micofora.com\/ca\/wp-json\/wp\/v2\/product_brand?post=21414"},{"taxonomy":"product_cat","embeddable":true,"href":"https:\/\/micofora.com\/ca\/wp-json\/wp\/v2\/product_cat?post=21414"},{"taxonomy":"product_tag","embeddable":true,"href":"https:\/\/micofora.com\/ca\/wp-json\/wp\/v2\/product_tag?post=21414"}],"curies":[{"name":"wp","href":"https:\/\/api.w.org\/{rel}","templated":true}]}}