{"id":21365,"date":"2016-07-28T19:01:47","date_gmt":"2016-07-28T18:50:47","guid":{"rendered":"http:\/\/micofora.com\/ca\/producto\/semilla-de-pleurotus\/"},"modified":"2016-11-15T20:34:28","modified_gmt":"2016-11-15T20:34:28","slug":"llavor-de-pleurotus","status":"publish","type":"product","link":"https:\/\/micofora.com\/ca\/producte\/llavor-de-pleurotus\/","title":{"rendered":"Llavor de Pleurotus"},"content":{"rendered":"<h3><strong>Preparaci\u00f3n de los troncos<\/strong><\/h3>\n<p><img decoding=\"async\" class=\"alignleft size-full wp-image-21339\" src=\"https:\/\/micofora.com\/wp-content\/uploads\/2016\/07\/taladro.jpg\" alt=\"Tronco\" width=\"142\" height=\"120\" srcset=\"https:\/\/micofora.com\/wp-content\/uploads\/2016\/07\/taladro-120x101.jpg 120w, https:\/\/micofora.com\/wp-content\/uploads\/2016\/07\/taladro.jpg 142w\" sizes=\"(max-width: 142px) 100vw, 142px\" \/>Debe sembrarse en troncos reci\u00e9n cortados. El di\u00e1metro recomendable es entre 20-30cm. La longitud apropiada es de 30 cm. Coloque los troncos horizontales y taladre 2 orificios de unos 2 cm. de anchura por unos 5 cm. Gire un tronco un tercio de vuelta y taladre dos orificios m\u00e1s. Repita el giro y la operaci\u00f3n. Evite que los agujeros se conecten entre s\u00ed. Distribuya parte del contenido del sobre de semillas en un agujero y t\u00e1pelo con cinta adhesiva de embalaje<\/p>\n<p>&nbsp;<\/p>\n<p>&nbsp;<\/p>\n<h3>Cultivo\u00a0en el exterior<\/h3>\n<p><img decoding=\"async\" class=\"alignleft size-full wp-image-21335\" src=\"https:\/\/micofora.com\/wp-content\/uploads\/2016\/07\/foratstronc.jpg\" alt=\"foratstronc\" width=\"107\" height=\"142\" \/>Escoger zonas sombreadas, no expuestas al viento, que sean frescas en verano. Enterrar los troncos verticales unos cent\u00edmetros y cubrirlos con una bolsa de pl\u00e1stico negra con peque\u00f1as perforaciones. Mantener h\u00famedo. Iniciar\u00e1n la producci\u00f3n cuando la temperatura descienda a 18\u00baC y mientras no hiele, mayormente en oto\u00f1o, en menor grado en primavera.<\/p>\n<p>&nbsp;<\/p>\n<p>&nbsp;<\/p>\n<p>&nbsp;<\/p>\n<h3>Cultivo en\u00a0el interior<\/h3>\n<p><img decoding=\"async\" class=\"alignleft size-full wp-image-21331\" src=\"https:\/\/micofora.com\/wp-content\/uploads\/2016\/07\/troncfructi.jpg\" alt=\"troncfructi\" width=\"142\" height=\"213\" srcset=\"https:\/\/micofora.com\/wp-content\/uploads\/2016\/07\/troncfructi-120x180.jpg 120w, https:\/\/micofora.com\/wp-content\/uploads\/2016\/07\/troncfructi.jpg 142w\" sizes=\"(max-width: 142px) 100vw, 142px\" \/>Durante la incubaci\u00f3n el ambiente debe ser muy h\u00famedo y la temperatura entre 20-25\u00baC. Coloque los troncos verticales, parcialmente enterrados en recipientes llenos de arena (por ejemplo, en cajas de pl\u00e1stico tipo fruta). Mantenga h\u00fameda la arena. Producci\u00f3n: al cabo de unos 2 meses el tronco aparece recubierto de blanco. Retire la bolsa. Los troncos incubados en interiores deben trasladarse a una lugar m\u00e1s fresco para iniciar la producci\u00f3n (terraza, balc\u00f3n&#8230;)<\/p>\n<p>La producci\u00f3n de pleurotus se alarga durante 3 o 5 a\u00f1os. Se sit\u00faa entorno al 10% del peso del tronco (un tronco del 10 Kg. producir\u00e1 1 Kg. de Pleurotus).<\/p>\n","protected":false},"excerpt":{"rendered":"<p>La <strong>Semilla de Pleurotus<\/strong> est\u00e1 preparada para sembrar\u00a0 en troncos y tocones, tanto en exteriores como interiores. Los \u00e1rboles m\u00e1s adecuados son los de madera blanda, especialmente el chopo. Otros son el \u00e1lamo blanco, las moreras, nogales, algarrobos, sauces, encina y roble. En ning\u00fan caso deben emplearse el pino, fresno o alisos. Con una cajita puede inocular un\u00a0tronco.\u00a0\u00a0\u00a0 La \u00e9poca\u00a0de siembra\u00a0en interior es todo el a\u00f1o; en exteriores preferentemente en primavera.<\/p>\n<p><strong>Los precios indicados incluyen IVA y gastos de envio para Pen\u00ednsula y Baleares. Para envios a Canarias consultar portes.<\/strong><\/p>\n<p>&nbsp;<\/p>\n","protected":false},"featured_media":21369,"comment_status":"open","ping_status":"closed","template":"","meta":[],"product_brand":[],"product_cat":[647],"product_tag":[],"class_list":{"0":"post-21365","1":"product","2":"type-product","3":"status-publish","4":"has-post-thumbnail","6":"product_cat-cultiu-de-bolets","8":"first","9":"outofstock","10":"taxable","11":"shipping-taxable","12":"purchasable","13":"product-type-simple"},"yoast_head":"<!-- This site is optimized with the Yoast SEO plugin v27.6 - https:\/\/yoast.com\/product\/yoast-seo-wordpress\/ -->\n<title>Llavor de Pleurotus - Micofora<\/title>\n<meta name=\"description\" content=\"La Semilla de Pleurotus est\u00e1 preparada para sembrar en troncos y tocones, tanto en exteriores como interiores.\" \/>\n<meta name=\"robots\" content=\"index, follow, max-snippet:-1, max-image-preview:large, max-video-preview:-1\" \/>\n<link rel=\"canonical\" href=\"https:\/\/micofora.com\/ca\/product\/llavor-de-pleurotus\/\" \/>\n<meta property=\"og:locale\" content=\"ca_ES\" \/>\n<meta property=\"og:type\" content=\"article\" \/>\n<meta property=\"og:title\" content=\"Llavor de Pleurotus - Micofora\" \/>\n<meta property=\"og:description\" content=\"La Semilla de Pleurotus est\u00e1 preparada para sembrar en troncos y tocones, tanto en exteriores como interiores.\" \/>\n<meta property=\"og:url\" content=\"https:\/\/micofora.com\/ca\/product\/llavor-de-pleurotus\/\" \/>\n<meta property=\"og:site_name\" content=\"Micofora\" \/>\n<meta property=\"article:modified_time\" content=\"2016-11-15T20:34:28+00:00\" \/>\n<meta property=\"og:image\" content=\"https:\/\/micofora.com\/wp-content\/uploads\/2016\/07\/llavor-girgola.jpg\" \/>\n\t<meta property=\"og:image:width\" content=\"1000\" \/>\n\t<meta property=\"og:image:height\" content=\"1547\" \/>\n\t<meta property=\"og:image:type\" content=\"image\/jpeg\" \/>\n<meta name=\"twitter:card\" content=\"summary_large_image\" \/>\n<meta name=\"twitter:label1\" content=\"Est. reading time\" \/>\n\t<meta name=\"twitter:data1\" content=\"1 minute\" \/>\n<script type=\"application\/ld+json\" class=\"yoast-schema-graph\">{\"@context\":\"https:\\\/\\\/schema.org\",\"@graph\":[{\"@type\":\"WebPage\",\"@id\":\"https:\\\/\\\/micofora.com\\\/ca\\\/product\\\/llavor-de-pleurotus\\\/\",\"url\":\"https:\\\/\\\/micofora.com\\\/ca\\\/product\\\/llavor-de-pleurotus\\\/\",\"name\":\"Llavor de Pleurotus - Micofora\",\"isPartOf\":{\"@id\":\"https:\\\/\\\/micofora.com\\\/#website\"},\"primaryImageOfPage\":{\"@id\":\"https:\\\/\\\/micofora.com\\\/ca\\\/product\\\/llavor-de-pleurotus\\\/#primaryimage\"},\"image\":{\"@id\":\"https:\\\/\\\/micofora.com\\\/ca\\\/product\\\/llavor-de-pleurotus\\\/#primaryimage\"},\"thumbnailUrl\":\"https:\\\/\\\/micofora.com\\\/wp-content\\\/uploads\\\/2016\\\/07\\\/llavor-girgola.jpg\",\"datePublished\":\"2016-07-28T18:50:47+00:00\",\"dateModified\":\"2016-11-15T20:34:28+00:00\",\"description\":\"La Semilla de Pleurotus est\u00e1 preparada para sembrar en troncos y tocones, tanto en exteriores como interiores.\",\"breadcrumb\":{\"@id\":\"https:\\\/\\\/micofora.com\\\/ca\\\/product\\\/llavor-de-pleurotus\\\/#breadcrumb\"},\"inLanguage\":\"ca\",\"potentialAction\":[{\"@type\":\"ReadAction\",\"target\":[\"https:\\\/\\\/micofora.com\\\/ca\\\/product\\\/llavor-de-pleurotus\\\/\"]}]},{\"@type\":\"ImageObject\",\"inLanguage\":\"ca\",\"@id\":\"https:\\\/\\\/micofora.com\\\/ca\\\/product\\\/llavor-de-pleurotus\\\/#primaryimage\",\"url\":\"https:\\\/\\\/micofora.com\\\/wp-content\\\/uploads\\\/2016\\\/07\\\/llavor-girgola.jpg\",\"contentUrl\":\"https:\\\/\\\/micofora.com\\\/wp-content\\\/uploads\\\/2016\\\/07\\\/llavor-girgola.jpg\",\"width\":1000,\"height\":1547},{\"@type\":\"BreadcrumbList\",\"@id\":\"https:\\\/\\\/micofora.com\\\/ca\\\/product\\\/llavor-de-pleurotus\\\/#breadcrumb\",\"itemListElement\":[{\"@type\":\"ListItem\",\"position\":1,\"name\":\"Portada\",\"item\":\"https:\\\/\\\/micofora.com\\\/ca\\\/\"},{\"@type\":\"ListItem\",\"position\":2,\"name\":\"Shop\",\"item\":\"https:\\\/\\\/micofora.com\\\/ca\\\/shop\\\/\"},{\"@type\":\"ListItem\",\"position\":3,\"name\":\"Llavor de Pleurotus\"}]},{\"@type\":\"WebSite\",\"@id\":\"https:\\\/\\\/micofora.com\\\/#website\",\"url\":\"https:\\\/\\\/micofora.com\\\/\",\"name\":\"Micofora\",\"description\":\"Micologia Forestal &amp; Aplicada\",\"potentialAction\":[{\"@type\":\"SearchAction\",\"target\":{\"@type\":\"EntryPoint\",\"urlTemplate\":\"https:\\\/\\\/micofora.com\\\/?s={search_term_string}\"},\"query-input\":{\"@type\":\"PropertyValueSpecification\",\"valueRequired\":true,\"valueName\":\"search_term_string\"}}],\"inLanguage\":\"ca\"}]}<\/script>\n<!-- \/ Yoast SEO plugin. -->","yoast_head_json":{"title":"Llavor de Pleurotus - Micofora","description":"La Semilla de Pleurotus est\u00e1 preparada para sembrar en troncos y tocones, tanto en exteriores como interiores.","robots":{"index":"index","follow":"follow","max-snippet":"max-snippet:-1","max-image-preview":"max-image-preview:large","max-video-preview":"max-video-preview:-1"},"canonical":"https:\/\/micofora.com\/ca\/product\/llavor-de-pleurotus\/","og_locale":"ca_ES","og_type":"article","og_title":"Llavor de Pleurotus - Micofora","og_description":"La Semilla de Pleurotus est\u00e1 preparada para sembrar en troncos y tocones, tanto en exteriores como interiores.","og_url":"https:\/\/micofora.com\/ca\/product\/llavor-de-pleurotus\/","og_site_name":"Micofora","article_modified_time":"2016-11-15T20:34:28+00:00","og_image":[{"width":1000,"height":1547,"url":"https:\/\/micofora.com\/wp-content\/uploads\/2016\/07\/llavor-girgola.jpg","type":"image\/jpeg"}],"twitter_card":"summary_large_image","twitter_misc":{"Est. reading time":"1 minute"},"schema":{"@context":"https:\/\/schema.org","@graph":[{"@type":"WebPage","@id":"https:\/\/micofora.com\/ca\/product\/llavor-de-pleurotus\/","url":"https:\/\/micofora.com\/ca\/product\/llavor-de-pleurotus\/","name":"Llavor de Pleurotus - Micofora","isPartOf":{"@id":"https:\/\/micofora.com\/#website"},"primaryImageOfPage":{"@id":"https:\/\/micofora.com\/ca\/product\/llavor-de-pleurotus\/#primaryimage"},"image":{"@id":"https:\/\/micofora.com\/ca\/product\/llavor-de-pleurotus\/#primaryimage"},"thumbnailUrl":"https:\/\/micofora.com\/wp-content\/uploads\/2016\/07\/llavor-girgola.jpg","datePublished":"2016-07-28T18:50:47+00:00","dateModified":"2016-11-15T20:34:28+00:00","description":"La Semilla de Pleurotus est\u00e1 preparada para sembrar en troncos y tocones, tanto en exteriores como interiores.","breadcrumb":{"@id":"https:\/\/micofora.com\/ca\/product\/llavor-de-pleurotus\/#breadcrumb"},"inLanguage":"ca","potentialAction":[{"@type":"ReadAction","target":["https:\/\/micofora.com\/ca\/product\/llavor-de-pleurotus\/"]}]},{"@type":"ImageObject","inLanguage":"ca","@id":"https:\/\/micofora.com\/ca\/product\/llavor-de-pleurotus\/#primaryimage","url":"https:\/\/micofora.com\/wp-content\/uploads\/2016\/07\/llavor-girgola.jpg","contentUrl":"https:\/\/micofora.com\/wp-content\/uploads\/2016\/07\/llavor-girgola.jpg","width":1000,"height":1547},{"@type":"BreadcrumbList","@id":"https:\/\/micofora.com\/ca\/product\/llavor-de-pleurotus\/#breadcrumb","itemListElement":[{"@type":"ListItem","position":1,"name":"Portada","item":"https:\/\/micofora.com\/ca\/"},{"@type":"ListItem","position":2,"name":"Shop","item":"https:\/\/micofora.com\/ca\/shop\/"},{"@type":"ListItem","position":3,"name":"Llavor de Pleurotus"}]},{"@type":"WebSite","@id":"https:\/\/micofora.com\/#website","url":"https:\/\/micofora.com\/","name":"Micofora","description":"Micologia Forestal &amp; Aplicada","potentialAction":[{"@type":"SearchAction","target":{"@type":"EntryPoint","urlTemplate":"https:\/\/micofora.com\/?s={search_term_string}"},"query-input":{"@type":"PropertyValueSpecification","valueRequired":true,"valueName":"search_term_string"}}],"inLanguage":"ca"}]}},"_links":{"self":[{"href":"https:\/\/micofora.com\/ca\/wp-json\/wp\/v2\/product\/21365","targetHints":{"allow":["GET"]}}],"collection":[{"href":"https:\/\/micofora.com\/ca\/wp-json\/wp\/v2\/product"}],"about":[{"href":"https:\/\/micofora.com\/ca\/wp-json\/wp\/v2\/types\/product"}],"replies":[{"embeddable":true,"href":"https:\/\/micofora.com\/ca\/wp-json\/wp\/v2\/comments?post=21365"}],"wp:featuredmedia":[{"embeddable":true,"href":"https:\/\/micofora.com\/ca\/wp-json\/wp\/v2\/media\/21369"}],"wp:attachment":[{"href":"https:\/\/micofora.com\/ca\/wp-json\/wp\/v2\/media?parent=21365"}],"wp:term":[{"taxonomy":"product_brand","embeddable":true,"href":"https:\/\/micofora.com\/ca\/wp-json\/wp\/v2\/product_brand?post=21365"},{"taxonomy":"product_cat","embeddable":true,"href":"https:\/\/micofora.com\/ca\/wp-json\/wp\/v2\/product_cat?post=21365"},{"taxonomy":"product_tag","embeddable":true,"href":"https:\/\/micofora.com\/ca\/wp-json\/wp\/v2\/product_tag?post=21365"}],"curies":[{"name":"wp","href":"https:\/\/api.w.org\/{rel}","templated":true}]}}