{"id":21319,"date":"2016-07-28T18:20:18","date_gmt":"2016-07-28T19:01:18","guid":{"rendered":"http:\/\/micofora.com\/ca\/producto\/semilla-de-shiitake\/"},"modified":"2019-12-18T07:12:10","modified_gmt":"2019-12-18T07:12:10","slug":"llavor-de-shiitake","status":"publish","type":"product","link":"https:\/\/micofora.com\/ca\/producte\/llavor-de-shiitake\/","title":{"rendered":"Llavor de shiitake 2.5 kilos"},"content":{"rendered":"<h3><strong>Preparaci\u00f3 dels troncs<\/strong><\/h3>\n<p><img decoding=\"async\" class=\"alignleft size-full wp-image-21323\" src=\"https:\/\/micofora.com\/wp-content\/uploads\/2016\/07\/inoculattronc.jpg\" alt=\"inoculattronc\" width=\"128\" height=\"140\" srcset=\"https:\/\/micofora.com\/wp-content\/uploads\/2016\/07\/inoculattronc-120x131.jpg 120w, https:\/\/micofora.com\/wp-content\/uploads\/2016\/07\/inoculattronc.jpg 128w\" sizes=\"(max-width: 128px) 100vw, 128px\" \/>Es fan uns forats amb una barrina o taladre en diversos puntos del ti\u00f3, o algus solcs amb serra, amb certa inclinaci\u00f3 cap a dalt i cap endins, per a evitar que s&#8217;omplin d&#8217;aigua amb la pluja. Una altre manera de sembrar consisteix en tallar rodanxes del tronc amb un motoserra. Coloqui els troncs horitzontals i taladri 2 orificis d&#8217;uns 2 cm. d&#8217;amplada per uns 5 cm de fons. Giri el tronc un ter\u00e7 de volta i taladri dos orificis m\u00e9s. Repeteixi el gir i l&#8217;operaci\u00f3. Eviti que els forats connectin entre ells. Distribueixi part del contingut del sobre de llavors en un forat i tapi&#8217;l amb cinta adhesiva d&#8217;embalatge. Reparteixi el miceli en els forats fins a vuidar la bossa. En el cas de fer rodanxes s&#8217;ha d&#8217;extendre el miceli sobre la superf\u00edcie nova i tapar amb la rodanxa de fusta que hem tallat subjectant-la amb uns claus. La vora es segella amb un paper adhesiu. Finalment tapems el tronc amb una bossa de pl\u00e0stic a la que farem petits forats que permetin l&#8217;intercanvi d&#8217;aire amb l&#8217;exterior.<\/p>\n<h3>\n<strong>Cultiu del shii-take a l&#8217;aire lliure<\/strong><\/h3>\n<p>Els troncs han d&#8217;estar durant 6-24 mesos en zones hombr\u00edvoles, no exposades al vent. S&#8217;ha de mantenir una humitat relativa del 60-75%. La temperatura \u00f2ptima \u00e9s de 25 \u00ba C. Per damunt de 35\u00baC o per sota de 5\u00baC, s&#8217;atura el creixement. Per a accelerar el creixement miceliar es recomana mantenir els troncs horitzontals i tapar-los amb palla o pl\u00e0stic, per tal de mantenir la temperatura. Evitar que els troncs entrin en contacte, doncs s&#8217;incentiva la proliferaci\u00f3 de fongs competidors. Aqueta incubaci\u00f3 no requereix iluminaci\u00f3 i s&#8217;acaba quan el miceli apareix a l&#8217;exterior del tronc tenyint la superf\u00edcie de color marr\u00f3 fosc. Per a induir cada fructificaci\u00f3, es submergeixen els troncs en aigua freda, 1 dia a l&#8217;hivern i 2-3 dies a l&#8217;estiu. Llavors s&#8217;ha de mantenir una humitat del 95% i una temperatura d&#8217;entre 15 i 20\u00baC. Col\u00b7locarem els troncs en vertical, per\u00f2 lleugerament inclinats en forma d&#8217;A. Passades dues setmanes, amb llum, s&#8217;iniciar\u00e0 la producci\u00f3. En general la primera producci\u00f3 es d\u00f3na a l&#8217;any seg\u00fcent de la tallada del tronc i es repeteix en aqueslla estaci\u00f3 i a la tardor seg\u00fcent, durant 3-6 anys. La producci\u00f3 \u00e9s d&#8217;entre un 10-20% del pes de la fusta.<\/p>\n<h3>\n<img decoding=\"async\" class=\"alignleft size-full wp-image-21327\" src=\"https:\/\/micofora.com\/wp-content\/uploads\/2016\/07\/troncfrutixii.jpg\" alt=\"troncfrutixii\" width=\"142\" height=\"143\" srcset=\"https:\/\/micofora.com\/wp-content\/uploads\/2016\/07\/troncfrutixii-66x66.jpg 66w, https:\/\/micofora.com\/wp-content\/uploads\/2016\/07\/troncfrutixii-100x100.jpg 100w, https:\/\/micofora.com\/wp-content\/uploads\/2016\/07\/troncfrutixii-120x121.jpg 120w, https:\/\/micofora.com\/wp-content\/uploads\/2016\/07\/troncfrutixii.jpg 142w\" sizes=\"(max-width: 142px) 100vw, 142px\" \/><strong>Cultiu del shiitake a l&#8217;interior<\/strong><\/h3>\n<p>Una vegada incubats, els troncs es sumergeixen en aigua durant 12 hores, es disposen verticalment, a 15-20\u00baC, amb una humitat del 80-90%. Els shiitakes fructifiquen en 7-15 dies, amb il\u00b7luminaci\u00f3. Es mant\u00e9 la incubaci\u00f3 1-2 mesos, abans de tornara submergir i estimular una segunda producci\u00f3. Es poden arribar a aconseguir 4 fructificacions anuals de shiitake. A l&#8217;interior s\u00f3n recomanables de 2 a 4 canvis d&#8217;aire cada hora. Recol\u00b7lecci\u00f3 de shiitake: La producci\u00f3 es mant\u00e9 de 3 a 5 anys. El bolet es recull abans que s&#8217;obri i s&#8217;aplani completament. La producci\u00f3 total es situar\u00e0 entorn del 10% del pes de la fusta en el moment de la inoculaci\u00f3.<\/p>\n","protected":false},"excerpt":{"rendered":"<p>Per al cultiu de shiitake, els arbres m\u00e9s adequats s\u00f3n els roures i el faig. Els troncs s&#8217;han de tallar durant el rep\u00f2s hivernal, just abans del brot primaveral. El di\u00e0metre recomanable \u00e9s d&#8217;entre 20-30 cm. La longitut apropiada \u00e9s d&#8217;uns 30 cm. No s&#8217;han d&#8217;utilitzar troncs colonitzats per d&#8217;altres fongs o per larves d&#8217;insectes. Evitar malmetre l&#8217;escor\u00e7a durant la manipulaci\u00f3.<\/p>\n<p>FORMATS D&#8217;ENVASOS<br \/>\n<strong>La llavor de shiitake es presenta en bosses de 2,5Kg (suficient per a sembrar entre 8-12 troncs).<\/strong><\/p>\n<p><strong>Els preus de la cistella de compra a continuaci\u00f3, s\u00f3n amb IVA i ports inclosos.<\/strong><\/p>\n","protected":false},"featured_media":21320,"comment_status":"open","ping_status":"closed","template":"","meta":[],"product_brand":[],"product_cat":[647],"product_tag":[],"class_list":{"0":"post-21319","1":"product","2":"type-product","3":"status-publish","4":"has-post-thumbnail","6":"product_cat-cultiu-de-bolets","8":"first","9":"outofstock","10":"taxable","11":"shipping-taxable","12":"purchasable","13":"product-type-simple"},"yoast_head":"<!-- This site is optimized with the Yoast SEO plugin v27.4 - https:\/\/yoast.com\/product\/yoast-seo-wordpress\/ -->\n<title>Llavor de shiitake 2.5 kilos - Micofora<\/title>\n<meta name=\"description\" content=\"Per al cultiu de shiitake, els arbres m\u00e9s adequats s\u00f3n els roures i el faig.\" \/>\n<meta name=\"robots\" content=\"index, follow, max-snippet:-1, max-image-preview:large, max-video-preview:-1\" \/>\n<link rel=\"canonical\" href=\"https:\/\/micofora.com\/ca\/product\/llavor-de-shiitake\/\" \/>\n<meta property=\"og:locale\" content=\"ca_ES\" \/>\n<meta property=\"og:type\" content=\"article\" \/>\n<meta property=\"og:title\" content=\"Llavor de shiitake 2.5 kilos - Micofora\" \/>\n<meta property=\"og:description\" content=\"Per al cultiu de shiitake, els arbres m\u00e9s adequats s\u00f3n els roures i el faig.\" \/>\n<meta property=\"og:url\" content=\"https:\/\/micofora.com\/ca\/product\/llavor-de-shiitake\/\" \/>\n<meta property=\"og:site_name\" content=\"Micofora\" \/>\n<meta property=\"article:modified_time\" content=\"2019-12-18T07:12:10+00:00\" \/>\n<meta property=\"og:image\" content=\"https:\/\/micofora.com\/wp-content\/uploads\/2016\/07\/6420824443_710a9552fb_o.jpg\" \/>\n\t<meta property=\"og:image:width\" content=\"557\" \/>\n\t<meta property=\"og:image:height\" content=\"744\" \/>\n\t<meta property=\"og:image:type\" content=\"image\/jpeg\" \/>\n<meta name=\"twitter:card\" content=\"summary_large_image\" \/>\n<meta name=\"twitter:label1\" content=\"Est. reading time\" \/>\n\t<meta name=\"twitter:data1\" content=\"2 minutes\" \/>\n<script type=\"application\/ld+json\" class=\"yoast-schema-graph\">{\"@context\":\"https:\\\/\\\/schema.org\",\"@graph\":[{\"@type\":\"WebPage\",\"@id\":\"https:\\\/\\\/micofora.com\\\/ca\\\/product\\\/llavor-de-shiitake\\\/\",\"url\":\"https:\\\/\\\/micofora.com\\\/ca\\\/product\\\/llavor-de-shiitake\\\/\",\"name\":\"Llavor de shiitake 2.5 kilos - Micofora\",\"isPartOf\":{\"@id\":\"https:\\\/\\\/micofora.com\\\/#website\"},\"primaryImageOfPage\":{\"@id\":\"https:\\\/\\\/micofora.com\\\/ca\\\/product\\\/llavor-de-shiitake\\\/#primaryimage\"},\"image\":{\"@id\":\"https:\\\/\\\/micofora.com\\\/ca\\\/product\\\/llavor-de-shiitake\\\/#primaryimage\"},\"thumbnailUrl\":\"https:\\\/\\\/micofora.com\\\/wp-content\\\/uploads\\\/2016\\\/07\\\/6420824443_710a9552fb_o.jpg\",\"datePublished\":\"2016-07-28T19:01:18+00:00\",\"dateModified\":\"2019-12-18T07:12:10+00:00\",\"description\":\"Per al cultiu de shiitake, els arbres m\u00e9s adequats s\u00f3n els roures i el faig.\",\"breadcrumb\":{\"@id\":\"https:\\\/\\\/micofora.com\\\/ca\\\/product\\\/llavor-de-shiitake\\\/#breadcrumb\"},\"inLanguage\":\"ca\",\"potentialAction\":[{\"@type\":\"ReadAction\",\"target\":[\"https:\\\/\\\/micofora.com\\\/ca\\\/product\\\/llavor-de-shiitake\\\/\"]}]},{\"@type\":\"ImageObject\",\"inLanguage\":\"ca\",\"@id\":\"https:\\\/\\\/micofora.com\\\/ca\\\/product\\\/llavor-de-shiitake\\\/#primaryimage\",\"url\":\"https:\\\/\\\/micofora.com\\\/wp-content\\\/uploads\\\/2016\\\/07\\\/6420824443_710a9552fb_o.jpg\",\"contentUrl\":\"https:\\\/\\\/micofora.com\\\/wp-content\\\/uploads\\\/2016\\\/07\\\/6420824443_710a9552fb_o.jpg\",\"width\":557,\"height\":744},{\"@type\":\"BreadcrumbList\",\"@id\":\"https:\\\/\\\/micofora.com\\\/ca\\\/product\\\/llavor-de-shiitake\\\/#breadcrumb\",\"itemListElement\":[{\"@type\":\"ListItem\",\"position\":1,\"name\":\"Portada\",\"item\":\"https:\\\/\\\/micofora.com\\\/ca\\\/\"},{\"@type\":\"ListItem\",\"position\":2,\"name\":\"Shop\",\"item\":\"https:\\\/\\\/micofora.com\\\/ca\\\/shop\\\/\"},{\"@type\":\"ListItem\",\"position\":3,\"name\":\"Llavor de shiitake 2.5 kilos\"}]},{\"@type\":\"WebSite\",\"@id\":\"https:\\\/\\\/micofora.com\\\/#website\",\"url\":\"https:\\\/\\\/micofora.com\\\/\",\"name\":\"Micofora\",\"description\":\"Micologia Forestal &amp; Aplicada\",\"potentialAction\":[{\"@type\":\"SearchAction\",\"target\":{\"@type\":\"EntryPoint\",\"urlTemplate\":\"https:\\\/\\\/micofora.com\\\/?s={search_term_string}\"},\"query-input\":{\"@type\":\"PropertyValueSpecification\",\"valueRequired\":true,\"valueName\":\"search_term_string\"}}],\"inLanguage\":\"ca\"}]}<\/script>\n<!-- \/ Yoast SEO plugin. -->","yoast_head_json":{"title":"Llavor de shiitake 2.5 kilos - Micofora","description":"Per al cultiu de shiitake, els arbres m\u00e9s adequats s\u00f3n els roures i el faig.","robots":{"index":"index","follow":"follow","max-snippet":"max-snippet:-1","max-image-preview":"max-image-preview:large","max-video-preview":"max-video-preview:-1"},"canonical":"https:\/\/micofora.com\/ca\/product\/llavor-de-shiitake\/","og_locale":"ca_ES","og_type":"article","og_title":"Llavor de shiitake 2.5 kilos - Micofora","og_description":"Per al cultiu de shiitake, els arbres m\u00e9s adequats s\u00f3n els roures i el faig.","og_url":"https:\/\/micofora.com\/ca\/product\/llavor-de-shiitake\/","og_site_name":"Micofora","article_modified_time":"2019-12-18T07:12:10+00:00","og_image":[{"width":557,"height":744,"url":"https:\/\/micofora.com\/wp-content\/uploads\/2016\/07\/6420824443_710a9552fb_o.jpg","type":"image\/jpeg"}],"twitter_card":"summary_large_image","twitter_misc":{"Est. reading time":"2 minutes"},"schema":{"@context":"https:\/\/schema.org","@graph":[{"@type":"WebPage","@id":"https:\/\/micofora.com\/ca\/product\/llavor-de-shiitake\/","url":"https:\/\/micofora.com\/ca\/product\/llavor-de-shiitake\/","name":"Llavor de shiitake 2.5 kilos - Micofora","isPartOf":{"@id":"https:\/\/micofora.com\/#website"},"primaryImageOfPage":{"@id":"https:\/\/micofora.com\/ca\/product\/llavor-de-shiitake\/#primaryimage"},"image":{"@id":"https:\/\/micofora.com\/ca\/product\/llavor-de-shiitake\/#primaryimage"},"thumbnailUrl":"https:\/\/micofora.com\/wp-content\/uploads\/2016\/07\/6420824443_710a9552fb_o.jpg","datePublished":"2016-07-28T19:01:18+00:00","dateModified":"2019-12-18T07:12:10+00:00","description":"Per al cultiu de shiitake, els arbres m\u00e9s adequats s\u00f3n els roures i el faig.","breadcrumb":{"@id":"https:\/\/micofora.com\/ca\/product\/llavor-de-shiitake\/#breadcrumb"},"inLanguage":"ca","potentialAction":[{"@type":"ReadAction","target":["https:\/\/micofora.com\/ca\/product\/llavor-de-shiitake\/"]}]},{"@type":"ImageObject","inLanguage":"ca","@id":"https:\/\/micofora.com\/ca\/product\/llavor-de-shiitake\/#primaryimage","url":"https:\/\/micofora.com\/wp-content\/uploads\/2016\/07\/6420824443_710a9552fb_o.jpg","contentUrl":"https:\/\/micofora.com\/wp-content\/uploads\/2016\/07\/6420824443_710a9552fb_o.jpg","width":557,"height":744},{"@type":"BreadcrumbList","@id":"https:\/\/micofora.com\/ca\/product\/llavor-de-shiitake\/#breadcrumb","itemListElement":[{"@type":"ListItem","position":1,"name":"Portada","item":"https:\/\/micofora.com\/ca\/"},{"@type":"ListItem","position":2,"name":"Shop","item":"https:\/\/micofora.com\/ca\/shop\/"},{"@type":"ListItem","position":3,"name":"Llavor de shiitake 2.5 kilos"}]},{"@type":"WebSite","@id":"https:\/\/micofora.com\/#website","url":"https:\/\/micofora.com\/","name":"Micofora","description":"Micologia Forestal &amp; Aplicada","potentialAction":[{"@type":"SearchAction","target":{"@type":"EntryPoint","urlTemplate":"https:\/\/micofora.com\/?s={search_term_string}"},"query-input":{"@type":"PropertyValueSpecification","valueRequired":true,"valueName":"search_term_string"}}],"inLanguage":"ca"}]}},"_links":{"self":[{"href":"https:\/\/micofora.com\/ca\/wp-json\/wp\/v2\/product\/21319","targetHints":{"allow":["GET"]}}],"collection":[{"href":"https:\/\/micofora.com\/ca\/wp-json\/wp\/v2\/product"}],"about":[{"href":"https:\/\/micofora.com\/ca\/wp-json\/wp\/v2\/types\/product"}],"replies":[{"embeddable":true,"href":"https:\/\/micofora.com\/ca\/wp-json\/wp\/v2\/comments?post=21319"}],"wp:featuredmedia":[{"embeddable":true,"href":"https:\/\/micofora.com\/ca\/wp-json\/wp\/v2\/media\/21320"}],"wp:attachment":[{"href":"https:\/\/micofora.com\/ca\/wp-json\/wp\/v2\/media?parent=21319"}],"wp:term":[{"taxonomy":"product_brand","embeddable":true,"href":"https:\/\/micofora.com\/ca\/wp-json\/wp\/v2\/product_brand?post=21319"},{"taxonomy":"product_cat","embeddable":true,"href":"https:\/\/micofora.com\/ca\/wp-json\/wp\/v2\/product_cat?post=21319"},{"taxonomy":"product_tag","embeddable":true,"href":"https:\/\/micofora.com\/ca\/wp-json\/wp\/v2\/product_tag?post=21319"}],"curies":[{"name":"wp","href":"https:\/\/api.w.org\/{rel}","templated":true}]}}