{"id":21308,"date":"2016-07-28T18:26:55","date_gmt":"2016-07-28T18:26:55","guid":{"rendered":"http:\/\/micofora.com\/ca\/producto\/quercus-ilex-x-tuber-melanosporum\/"},"modified":"2025-12-19T14:41:11","modified_gmt":"2025-12-19T14:41:11","slug":"quercus-ilex-x-tuber-melanosporum","status":"publish","type":"product","link":"https:\/\/micofora.com\/ca\/producte\/quercus-ilex-x-tuber-melanosporum\/","title":{"rendered":"Quercus ilex x Tuber melanosporum"},"content":{"rendered":"<p>La planta produida sota comanda reb un descompte de 1\u20ac. La reserva de planta amb descompte s\u00b4ha de fer abans del mes de mar\u00e7 de cada any per ser entregada al mar\u00e7 de l\u00b4any seguent. Si es desitja plantar a la tardor planta de dues sabes, aquesta t\u00e9 un sobrecost de 0,5\u20ac.<\/p>\n<p>La resta de planta en estoc ser\u00e0 lliurada per rigor\u00f3s ordre d\u2019arribada de comandes.<\/p>\n<p>Produim planta amb altres esp\u00e8cies de t\u00f2fona. Sota comanda podem micorizar altres esp\u00e8cies vegetals. Si no troba en la tenda la combinaci\u00f3 que desitja, consultins a micologiaforestal@micofora.com<\/p>\n<p><img decoding=\"async\" class=\"alignnone size-full wp-image-21401\" src=\"https:\/\/micofora.com\/wp-content\/uploads\/2016\/08\/combinacions-planta-tofonera-de-micofora.png\" alt=\"planta micorizada amb t\u00f2fona produida a Catalunya\" width=\"601\" height=\"661\" srcset=\"https:\/\/micofora.com\/wp-content\/uploads\/2016\/08\/combinacions-planta-tofonera-de-micofora-120x132.png 120w, https:\/\/micofora.com\/wp-content\/uploads\/2016\/08\/combinacions-planta-tofonera-de-micofora-200x220.png 200w, https:\/\/micofora.com\/wp-content\/uploads\/2016\/08\/combinacions-planta-tofonera-de-micofora-273x300.png 273w, https:\/\/micofora.com\/wp-content\/uploads\/2016\/08\/combinacions-planta-tofonera-de-micofora-300x330.png 300w, https:\/\/micofora.com\/wp-content\/uploads\/2016\/08\/combinacions-planta-tofonera-de-micofora-400x440.png 400w, https:\/\/micofora.com\/wp-content\/uploads\/2016\/08\/combinacions-planta-tofonera-de-micofora-600x660.png 600w, https:\/\/micofora.com\/wp-content\/uploads\/2016\/08\/combinacions-planta-tofonera-de-micofora.png 601w\" sizes=\"(max-width: 601px) 100vw, 601px\" \/><\/p>\n<p>&nbsp;<\/p>\n","protected":false},"excerpt":{"rendered":"<p>Des de 1989 som productors de planta micorrizada de t\u00f2fona. Actualment en els vivers del Centre de Recerca IRTA a Barcelona<\/p>\n<p>Existeix una relaci\u00f3 directa entre el tamany de la planta i coll d\u2019arrel amb la concentraci\u00f3 de miceli i micorizaci\u00f3, \u00e9s per aix\u00f2 que les nostres plantes reben en viver un programa de fertirrigaci\u00f3, obtenint arbres de major port (20-40cm per 1 any, 40-60cm per 2 anys) i endurits.<\/p>\n<p>Qualitat d\u2019in\u00f2cul: cadascuna de les t\u00f2fones usades \u00e9s analitzada mitjan\u00e7ant ADN i microsc\u00f2pia.<\/p>\n<p>Nivells de micorizaci\u00f3 mitjans per a un any del 50% i 70% en el segon.<\/p>\n<p>Producci\u00f3 de planta tofonera a Barcelona, Xile, M\u00e8xic, USA i Sud-\u00e0frica i projectes de truficultura en els 5 continents. Treballant amb nosaltres tens acc\u00e9s a la major base de dades i informaci\u00f3 procedent de plantacions a tot el m\u00f3n.<\/p>\n","protected":false},"featured_media":21311,"comment_status":"open","ping_status":"closed","template":"","meta":[],"product_brand":[],"product_cat":[657],"product_tag":[],"class_list":{"0":"post-21308","1":"product","2":"type-product","3":"status-publish","4":"has-post-thumbnail","6":"product_cat-productes-per-tubericultura","8":"first","9":"outofstock","10":"taxable","11":"shipping-taxable","12":"purchasable","13":"product-type-variable"},"yoast_head":"<!-- This site is optimized with the Yoast SEO plugin v27.4 - https:\/\/yoast.com\/product\/yoast-seo-wordpress\/ -->\n<title>Quercus ilex x Tuber melanosporum - Micofora<\/title>\n<meta name=\"robots\" content=\"index, follow, max-snippet:-1, max-image-preview:large, max-video-preview:-1\" \/>\n<link rel=\"canonical\" href=\"https:\/\/micofora.com\/ca\/product\/quercus-ilex-x-tuber-melanosporum\/\" \/>\n<meta property=\"og:locale\" content=\"ca_ES\" \/>\n<meta property=\"og:type\" content=\"article\" \/>\n<meta property=\"og:title\" content=\"Quercus ilex x Tuber melanosporum - Micofora\" \/>\n<meta property=\"og:description\" content=\"Des de 1989 som productors de planta micorrizada de t\u00f2fona. Actualment en els vivers del Centre de Recerca IRTA a Barcelona  Existeix una relaci\u00f3 directa entre el tamany de la planta i coll d\u2019arrel amb la concentraci\u00f3 de miceli i micorizaci\u00f3, \u00e9s per aix\u00f2 que les nostres plantes reben en viver un programa de fertirrigaci\u00f3, obtenint arbres de major port (20-40cm per 1 any, 40-60cm per 2 anys) i endurits.  Qualitat d\u2019in\u00f2cul: cadascuna de les t\u00f2fones usades \u00e9s analitzada mitjan\u00e7ant ADN i microsc\u00f2pia.  Nivells de micorizaci\u00f3 mitjans per a un any del 50% i 70% en el segon.  Producci\u00f3 de planta tofonera a Barcelona, Xile, M\u00e8xic, USA i Sud-\u00e0frica i projectes de truficultura en els 5 continents. Treballant amb nosaltres tens acc\u00e9s a la major base de dades i informaci\u00f3 procedent de plantacions a tot el m\u00f3n.\" \/>\n<meta property=\"og:url\" content=\"https:\/\/micofora.com\/ca\/product\/quercus-ilex-x-tuber-melanosporum\/\" \/>\n<meta property=\"og:site_name\" content=\"Micofora\" \/>\n<meta property=\"article:modified_time\" content=\"2025-12-19T14:41:11+00:00\" \/>\n<meta property=\"og:image\" content=\"https:\/\/micofora.com\/wp-content\/uploads\/2016\/08\/alzina.jpg\" \/>\n\t<meta property=\"og:image:width\" content=\"1000\" \/>\n\t<meta property=\"og:image:height\" content=\"1778\" \/>\n\t<meta property=\"og:image:type\" content=\"image\/jpeg\" \/>\n<meta name=\"twitter:card\" content=\"summary_large_image\" \/>\n<meta name=\"twitter:label1\" content=\"Est. reading time\" \/>\n\t<meta name=\"twitter:data1\" content=\"1 minute\" \/>\n<script type=\"application\/ld+json\" class=\"yoast-schema-graph\">{\"@context\":\"https:\\\/\\\/schema.org\",\"@graph\":[{\"@type\":\"WebPage\",\"@id\":\"https:\\\/\\\/micofora.com\\\/ca\\\/product\\\/quercus-ilex-x-tuber-melanosporum\\\/\",\"url\":\"https:\\\/\\\/micofora.com\\\/ca\\\/product\\\/quercus-ilex-x-tuber-melanosporum\\\/\",\"name\":\"Quercus ilex x Tuber melanosporum - Micofora\",\"isPartOf\":{\"@id\":\"https:\\\/\\\/micofora.com\\\/#website\"},\"primaryImageOfPage\":{\"@id\":\"https:\\\/\\\/micofora.com\\\/ca\\\/product\\\/quercus-ilex-x-tuber-melanosporum\\\/#primaryimage\"},\"image\":{\"@id\":\"https:\\\/\\\/micofora.com\\\/ca\\\/product\\\/quercus-ilex-x-tuber-melanosporum\\\/#primaryimage\"},\"thumbnailUrl\":\"https:\\\/\\\/micofora.com\\\/wp-content\\\/uploads\\\/2016\\\/08\\\/alzina.jpg\",\"datePublished\":\"2016-07-28T18:26:55+00:00\",\"dateModified\":\"2025-12-19T14:41:11+00:00\",\"breadcrumb\":{\"@id\":\"https:\\\/\\\/micofora.com\\\/ca\\\/product\\\/quercus-ilex-x-tuber-melanosporum\\\/#breadcrumb\"},\"inLanguage\":\"ca\",\"potentialAction\":[{\"@type\":\"ReadAction\",\"target\":[\"https:\\\/\\\/micofora.com\\\/ca\\\/product\\\/quercus-ilex-x-tuber-melanosporum\\\/\"]}]},{\"@type\":\"ImageObject\",\"inLanguage\":\"ca\",\"@id\":\"https:\\\/\\\/micofora.com\\\/ca\\\/product\\\/quercus-ilex-x-tuber-melanosporum\\\/#primaryimage\",\"url\":\"https:\\\/\\\/micofora.com\\\/wp-content\\\/uploads\\\/2016\\\/08\\\/alzina.jpg\",\"contentUrl\":\"https:\\\/\\\/micofora.com\\\/wp-content\\\/uploads\\\/2016\\\/08\\\/alzina.jpg\",\"width\":1000,\"height\":1778},{\"@type\":\"BreadcrumbList\",\"@id\":\"https:\\\/\\\/micofora.com\\\/ca\\\/product\\\/quercus-ilex-x-tuber-melanosporum\\\/#breadcrumb\",\"itemListElement\":[{\"@type\":\"ListItem\",\"position\":1,\"name\":\"Portada\",\"item\":\"https:\\\/\\\/micofora.com\\\/ca\\\/\"},{\"@type\":\"ListItem\",\"position\":2,\"name\":\"Shop\",\"item\":\"https:\\\/\\\/micofora.com\\\/ca\\\/shop\\\/\"},{\"@type\":\"ListItem\",\"position\":3,\"name\":\"Quercus ilex x Tuber melanosporum\"}]},{\"@type\":\"WebSite\",\"@id\":\"https:\\\/\\\/micofora.com\\\/#website\",\"url\":\"https:\\\/\\\/micofora.com\\\/\",\"name\":\"Micofora\",\"description\":\"Micologia Forestal &amp; Aplicada\",\"potentialAction\":[{\"@type\":\"SearchAction\",\"target\":{\"@type\":\"EntryPoint\",\"urlTemplate\":\"https:\\\/\\\/micofora.com\\\/?s={search_term_string}\"},\"query-input\":{\"@type\":\"PropertyValueSpecification\",\"valueRequired\":true,\"valueName\":\"search_term_string\"}}],\"inLanguage\":\"ca\"}]}<\/script>\n<!-- \/ Yoast SEO plugin. -->","yoast_head_json":{"title":"Quercus ilex x Tuber melanosporum - Micofora","robots":{"index":"index","follow":"follow","max-snippet":"max-snippet:-1","max-image-preview":"max-image-preview:large","max-video-preview":"max-video-preview:-1"},"canonical":"https:\/\/micofora.com\/ca\/product\/quercus-ilex-x-tuber-melanosporum\/","og_locale":"ca_ES","og_type":"article","og_title":"Quercus ilex x Tuber melanosporum - Micofora","og_description":"Des de 1989 som productors de planta micorrizada de t\u00f2fona. Actualment en els vivers del Centre de Recerca IRTA a Barcelona  Existeix una relaci\u00f3 directa entre el tamany de la planta i coll d\u2019arrel amb la concentraci\u00f3 de miceli i micorizaci\u00f3, \u00e9s per aix\u00f2 que les nostres plantes reben en viver un programa de fertirrigaci\u00f3, obtenint arbres de major port (20-40cm per 1 any, 40-60cm per 2 anys) i endurits.  Qualitat d\u2019in\u00f2cul: cadascuna de les t\u00f2fones usades \u00e9s analitzada mitjan\u00e7ant ADN i microsc\u00f2pia.  Nivells de micorizaci\u00f3 mitjans per a un any del 50% i 70% en el segon.  Producci\u00f3 de planta tofonera a Barcelona, Xile, M\u00e8xic, USA i Sud-\u00e0frica i projectes de truficultura en els 5 continents. Treballant amb nosaltres tens acc\u00e9s a la major base de dades i informaci\u00f3 procedent de plantacions a tot el m\u00f3n.","og_url":"https:\/\/micofora.com\/ca\/product\/quercus-ilex-x-tuber-melanosporum\/","og_site_name":"Micofora","article_modified_time":"2025-12-19T14:41:11+00:00","og_image":[{"width":1000,"height":1778,"url":"https:\/\/micofora.com\/wp-content\/uploads\/2016\/08\/alzina.jpg","type":"image\/jpeg"}],"twitter_card":"summary_large_image","twitter_misc":{"Est. reading time":"1 minute"},"schema":{"@context":"https:\/\/schema.org","@graph":[{"@type":"WebPage","@id":"https:\/\/micofora.com\/ca\/product\/quercus-ilex-x-tuber-melanosporum\/","url":"https:\/\/micofora.com\/ca\/product\/quercus-ilex-x-tuber-melanosporum\/","name":"Quercus ilex x Tuber melanosporum - Micofora","isPartOf":{"@id":"https:\/\/micofora.com\/#website"},"primaryImageOfPage":{"@id":"https:\/\/micofora.com\/ca\/product\/quercus-ilex-x-tuber-melanosporum\/#primaryimage"},"image":{"@id":"https:\/\/micofora.com\/ca\/product\/quercus-ilex-x-tuber-melanosporum\/#primaryimage"},"thumbnailUrl":"https:\/\/micofora.com\/wp-content\/uploads\/2016\/08\/alzina.jpg","datePublished":"2016-07-28T18:26:55+00:00","dateModified":"2025-12-19T14:41:11+00:00","breadcrumb":{"@id":"https:\/\/micofora.com\/ca\/product\/quercus-ilex-x-tuber-melanosporum\/#breadcrumb"},"inLanguage":"ca","potentialAction":[{"@type":"ReadAction","target":["https:\/\/micofora.com\/ca\/product\/quercus-ilex-x-tuber-melanosporum\/"]}]},{"@type":"ImageObject","inLanguage":"ca","@id":"https:\/\/micofora.com\/ca\/product\/quercus-ilex-x-tuber-melanosporum\/#primaryimage","url":"https:\/\/micofora.com\/wp-content\/uploads\/2016\/08\/alzina.jpg","contentUrl":"https:\/\/micofora.com\/wp-content\/uploads\/2016\/08\/alzina.jpg","width":1000,"height":1778},{"@type":"BreadcrumbList","@id":"https:\/\/micofora.com\/ca\/product\/quercus-ilex-x-tuber-melanosporum\/#breadcrumb","itemListElement":[{"@type":"ListItem","position":1,"name":"Portada","item":"https:\/\/micofora.com\/ca\/"},{"@type":"ListItem","position":2,"name":"Shop","item":"https:\/\/micofora.com\/ca\/shop\/"},{"@type":"ListItem","position":3,"name":"Quercus ilex x Tuber melanosporum"}]},{"@type":"WebSite","@id":"https:\/\/micofora.com\/#website","url":"https:\/\/micofora.com\/","name":"Micofora","description":"Micologia Forestal &amp; Aplicada","potentialAction":[{"@type":"SearchAction","target":{"@type":"EntryPoint","urlTemplate":"https:\/\/micofora.com\/?s={search_term_string}"},"query-input":{"@type":"PropertyValueSpecification","valueRequired":true,"valueName":"search_term_string"}}],"inLanguage":"ca"}]}},"_links":{"self":[{"href":"https:\/\/micofora.com\/ca\/wp-json\/wp\/v2\/product\/21308","targetHints":{"allow":["GET"]}}],"collection":[{"href":"https:\/\/micofora.com\/ca\/wp-json\/wp\/v2\/product"}],"about":[{"href":"https:\/\/micofora.com\/ca\/wp-json\/wp\/v2\/types\/product"}],"replies":[{"embeddable":true,"href":"https:\/\/micofora.com\/ca\/wp-json\/wp\/v2\/comments?post=21308"}],"wp:featuredmedia":[{"embeddable":true,"href":"https:\/\/micofora.com\/ca\/wp-json\/wp\/v2\/media\/21311"}],"wp:attachment":[{"href":"https:\/\/micofora.com\/ca\/wp-json\/wp\/v2\/media?parent=21308"}],"wp:term":[{"taxonomy":"product_brand","embeddable":true,"href":"https:\/\/micofora.com\/ca\/wp-json\/wp\/v2\/product_brand?post=21308"},{"taxonomy":"product_cat","embeddable":true,"href":"https:\/\/micofora.com\/ca\/wp-json\/wp\/v2\/product_cat?post=21308"},{"taxonomy":"product_tag","embeddable":true,"href":"https:\/\/micofora.com\/ca\/wp-json\/wp\/v2\/product_tag?post=21308"}],"curies":[{"name":"wp","href":"https:\/\/api.w.org\/{rel}","templated":true}]}}