{"id":21272,"date":"2016-08-12T07:29:36","date_gmt":"2016-08-12T07:29:36","guid":{"rendered":"http:\/\/micofora.com\/ca\/producto\/bioestimulante-para-trufas\/"},"modified":"2025-03-03T14:48:09","modified_gmt":"2025-03-03T14:48:09","slug":"bioestimulant-per-tofones","status":"publish","type":"product","link":"https:\/\/micofora.com\/ca\/producte\/bioestimulant-per-tofones\/","title":{"rendered":"TRUF-UP Bioestimulant per T\u00f2fones"},"content":{"rendered":"<p><strong>Caracter\u00edstiques generals i manera d&#8217;acci\u00f3<img decoding=\"async\" class=\"alignnone size-full wp-image-23894 alignright\" src=\"https:\/\/micofora.com\/wp-content\/uploads\/2016\/08\/Truf-up-logo.png\" alt=\"\" width=\"300\" height=\"301\" srcset=\"https:\/\/micofora.com\/wp-content\/uploads\/2016\/08\/Truf-up-logo-66x66.png 66w, https:\/\/micofora.com\/wp-content\/uploads\/2016\/08\/Truf-up-logo-100x100.png 100w, https:\/\/micofora.com\/wp-content\/uploads\/2016\/08\/Truf-up-logo-150x150.png 150w, https:\/\/micofora.com\/wp-content\/uploads\/2016\/08\/Truf-up-logo-200x201.png 200w, https:\/\/micofora.com\/wp-content\/uploads\/2016\/08\/Truf-up-logo-270x270.png 270w, https:\/\/micofora.com\/wp-content\/uploads\/2016\/08\/Truf-up-logo-299x300.png 299w, https:\/\/micofora.com\/wp-content\/uploads\/2016\/08\/Truf-up-logo.png 300w\" sizes=\"(max-width: 300px) 100vw, 300px\" \/><\/strong><\/p>\n<p>Aquest\u00a0Bioestimulant fertilitzant per t\u00f2fones amb bacteris presenta una formulaci\u00f3 expressament estudiada per aplicar en plantacions tofoneres, pel sistema de reg existent o b\u00e9 per ruixar sobre els cremats. Est\u00e0 particularment indicat per a potenciar l&#8217;efecte de les micorizes. Entre els beneficis que proporciona a les plantes estan: millor resist\u00e8ncia a l&#8217;estr\u00e8s, major absorci\u00f3 de N, P, K i nutrients en general. Major resist\u00e8ncia a agents pat\u00f2gens i nematodes. Augmenta la longitud dels p\u00e8ls radiculars i incrementa l&#8217;activitat microbiana. La planta redueix problemes pel fred, presenta major creixement en s\u00f2ls pobres i li permet major toler\u00e0ncia a la sequera, toxines i pH extrem.<\/p>\n<p><strong>\u00a0Format de subministrament i aplicaci\u00f3<\/strong><\/p>\n<p>Env\u00e0s de 1kg en pols soluble en aigua. Es recomana la seva aplicaci\u00f3 en arbres tofoners amb poc vigor o desenvolupament, en qualsevol fase del cultiu. Recomenem repetir l\u00b4aplicaci\u00f3 de 2 a 4 vegades durant la fase vegetativa de l&#8217;arbre a la primavera-estiu-tardor.<br \/>\n<strong>Les dosis d&#8217;aplicaci\u00f3 s\u00f3n:<\/strong><br \/>\narbres de 1-3 anys 0,2g \/ arbre<br \/>\narbres de 4-9 anys 0,5g \/ arbre<br \/>\narbres de &gt; 10 anys 1 g \/ arbre<\/p>\n<p>Veure\u00a0portfolio:<\/p>\n<p><a href=\"\/?p=20714\">Proyecto I+D para el Desarrollo de un Abono para Cultivo de Trufas<\/a><\/p>\n","protected":false},"excerpt":{"rendered":"<p>Aquest Bioestimulant fertilitzant per t\u00f2fones un producte biol\u00f2gic natural compost per microorganismes beneficiosos com a bacteris PGPR, fixadors de nitrogen, bacteris solubilitzadors de f\u00f2sfor i extractes de fermentaci\u00f3, (Bacillus, Paenibacillus, Saccharomyces), extractes d&#8217;algues (Ascophyllum nodosum) 7%, extractes h\u00famic total 25%, argiles i silicats 3%, aix\u00ed com subst\u00e0ncies naturals que afavoreixen l&#8217;activaci\u00f3 de la vida \u00fatil de la rizosfera. \u00c9s un producte \u00fanic que permet una aplicaci\u00f3 mitjan\u00e7ant reg i que \u00e9s molt concentrat pel que permet tractar grans extensions amb poc producte.<br \/>\nAquest bioestimulant per truficultura \u00e9s el primer formulat que sorgeix d&#8217;un projecte d&#8217;R + D cinet\u00edficamente testat mitjan\u00e7ant la quantificaci\u00f3 de miceli de t\u00f2fona mitjan\u00e7ant t\u00e8cniques moleculars.<\/p>\n<p>El cost de realitzar quatre tractaments anuals en una plantaci\u00f3 tofonera \u00e9s nom\u00e9s de 50 \u20ac per hect\u00e0rea i any.<\/p>\n<p>Aquest producte est\u00e0 <strong>certificat per agricultura ecol\u00f3gica<\/strong><br \/>\n<strong><img decoding=\"async\" class=\"wp-image-25634 alignright lazyloaded\" src=\"https:\/\/micofora.com\/wp-content\/uploads\/2016\/09\/CCPAE.png\" alt=\"CCPAE\" width=\"260\" height=\"185\" data-src=\"https:\/\/micofora.com\/wp-content\/uploads\/2016\/09\/CCPAE.png\" srcset=\"https:\/\/micofora.com\/wp-content\/uploads\/2016\/09\/CCPAE-200x142.png 200w, https:\/\/micofora.com\/wp-content\/uploads\/2016\/09\/CCPAE-300x214.png 300w, https:\/\/micofora.com\/wp-content\/uploads\/2016\/09\/CCPAE-400x285.png 400w, https:\/\/micofora.com\/wp-content\/uploads\/2016\/09\/CCPAE.png 562w\" sizes=\"(max-width: 260px) 100vw, 260px\" \/><\/strong><\/p>\n","protected":false},"featured_media":24732,"comment_status":"open","ping_status":"closed","template":"","meta":[],"product_brand":[],"product_cat":[657],"product_tag":[],"class_list":{"0":"post-21272","1":"product","2":"type-product","3":"status-publish","4":"has-post-thumbnail","6":"product_cat-productes-per-tubericultura","8":"first","9":"instock","10":"taxable","11":"shipping-taxable","12":"purchasable","13":"product-type-simple"},"yoast_head":"<!-- This site is optimized with the Yoast SEO plugin v27.4 - https:\/\/yoast.com\/product\/yoast-seo-wordpress\/ -->\n<title>Bioestimulant - fertilitzant per t\u00f2fones amb bacteris<\/title>\n<meta name=\"description\" content=\"Bioestimulant fertilitzant per t\u00f2fones \u00e9s un producte biol\u00f2gic natural compost per microorganismes beneficiosos, bacteris fixadors de nitrogen entre altres\" \/>\n<meta name=\"robots\" content=\"index, follow, max-snippet:-1, max-image-preview:large, max-video-preview:-1\" \/>\n<link rel=\"canonical\" href=\"https:\/\/micofora.com\/ca\/product\/bioestimulant-per-tofones\/\" \/>\n<meta property=\"og:locale\" content=\"ca_ES\" \/>\n<meta property=\"og:type\" content=\"article\" \/>\n<meta property=\"og:title\" content=\"Bioestimulant - fertilitzant per t\u00f2fones amb bacteris\" \/>\n<meta property=\"og:description\" content=\"Bioestimulant fertilitzant per t\u00f2fones \u00e9s un producte biol\u00f2gic natural compost per microorganismes beneficiosos, bacteris fixadors de nitrogen entre altres\" \/>\n<meta property=\"og:url\" content=\"https:\/\/micofora.com\/ca\/product\/bioestimulant-per-tofones\/\" \/>\n<meta property=\"og:site_name\" content=\"Micofora\" \/>\n<meta property=\"article:modified_time\" content=\"2025-03-03T14:48:09+00:00\" \/>\n<meta property=\"og:image\" content=\"https:\/\/micofora.com\/wp-content\/uploads\/2016\/08\/bioestimulant.png\" \/>\n\t<meta property=\"og:image:width\" content=\"436\" \/>\n\t<meta property=\"og:image:height\" content=\"573\" \/>\n\t<meta property=\"og:image:type\" content=\"image\/png\" \/>\n<meta name=\"twitter:card\" content=\"summary_large_image\" \/>\n<meta name=\"twitter:label1\" content=\"Est. reading time\" \/>\n\t<meta name=\"twitter:data1\" content=\"2 minutes\" \/>\n<script type=\"application\/ld+json\" class=\"yoast-schema-graph\">{\"@context\":\"https:\\\/\\\/schema.org\",\"@graph\":[{\"@type\":\"WebPage\",\"@id\":\"https:\\\/\\\/micofora.com\\\/ca\\\/product\\\/bioestimulant-per-tofones\\\/\",\"url\":\"https:\\\/\\\/micofora.com\\\/ca\\\/product\\\/bioestimulant-per-tofones\\\/\",\"name\":\"Bioestimulant - fertilitzant per t\u00f2fones amb bacteris\",\"isPartOf\":{\"@id\":\"https:\\\/\\\/micofora.com\\\/#website\"},\"primaryImageOfPage\":{\"@id\":\"https:\\\/\\\/micofora.com\\\/ca\\\/product\\\/bioestimulant-per-tofones\\\/#primaryimage\"},\"image\":{\"@id\":\"https:\\\/\\\/micofora.com\\\/ca\\\/product\\\/bioestimulant-per-tofones\\\/#primaryimage\"},\"thumbnailUrl\":\"https:\\\/\\\/micofora.com\\\/wp-content\\\/uploads\\\/2016\\\/08\\\/bioestimulant.png\",\"datePublished\":\"2016-08-12T07:29:36+00:00\",\"dateModified\":\"2025-03-03T14:48:09+00:00\",\"description\":\"Bioestimulant fertilitzant per t\u00f2fones \u00e9s un producte biol\u00f2gic natural compost per microorganismes beneficiosos, bacteris fixadors de nitrogen entre altres\",\"breadcrumb\":{\"@id\":\"https:\\\/\\\/micofora.com\\\/ca\\\/product\\\/bioestimulant-per-tofones\\\/#breadcrumb\"},\"inLanguage\":\"ca\",\"potentialAction\":[{\"@type\":\"ReadAction\",\"target\":[\"https:\\\/\\\/micofora.com\\\/ca\\\/product\\\/bioestimulant-per-tofones\\\/\"]}]},{\"@type\":\"ImageObject\",\"inLanguage\":\"ca\",\"@id\":\"https:\\\/\\\/micofora.com\\\/ca\\\/product\\\/bioestimulant-per-tofones\\\/#primaryimage\",\"url\":\"https:\\\/\\\/micofora.com\\\/wp-content\\\/uploads\\\/2016\\\/08\\\/bioestimulant.png\",\"contentUrl\":\"https:\\\/\\\/micofora.com\\\/wp-content\\\/uploads\\\/2016\\\/08\\\/bioestimulant.png\",\"width\":436,\"height\":573},{\"@type\":\"BreadcrumbList\",\"@id\":\"https:\\\/\\\/micofora.com\\\/ca\\\/product\\\/bioestimulant-per-tofones\\\/#breadcrumb\",\"itemListElement\":[{\"@type\":\"ListItem\",\"position\":1,\"name\":\"Portada\",\"item\":\"https:\\\/\\\/micofora.com\\\/ca\\\/\"},{\"@type\":\"ListItem\",\"position\":2,\"name\":\"Shop\",\"item\":\"https:\\\/\\\/micofora.com\\\/ca\\\/shop\\\/\"},{\"@type\":\"ListItem\",\"position\":3,\"name\":\"TRUF-UP Bioestimulant per T\u00f2fones\"}]},{\"@type\":\"WebSite\",\"@id\":\"https:\\\/\\\/micofora.com\\\/#website\",\"url\":\"https:\\\/\\\/micofora.com\\\/\",\"name\":\"Micofora\",\"description\":\"Micologia Forestal &amp; Aplicada\",\"potentialAction\":[{\"@type\":\"SearchAction\",\"target\":{\"@type\":\"EntryPoint\",\"urlTemplate\":\"https:\\\/\\\/micofora.com\\\/?s={search_term_string}\"},\"query-input\":{\"@type\":\"PropertyValueSpecification\",\"valueRequired\":true,\"valueName\":\"search_term_string\"}}],\"inLanguage\":\"ca\"}]}<\/script>\n<!-- \/ Yoast SEO plugin. -->","yoast_head_json":{"title":"Bioestimulant - fertilitzant per t\u00f2fones amb bacteris","description":"Bioestimulant fertilitzant per t\u00f2fones \u00e9s un producte biol\u00f2gic natural compost per microorganismes beneficiosos, bacteris fixadors de nitrogen entre altres","robots":{"index":"index","follow":"follow","max-snippet":"max-snippet:-1","max-image-preview":"max-image-preview:large","max-video-preview":"max-video-preview:-1"},"canonical":"https:\/\/micofora.com\/ca\/product\/bioestimulant-per-tofones\/","og_locale":"ca_ES","og_type":"article","og_title":"Bioestimulant - fertilitzant per t\u00f2fones amb bacteris","og_description":"Bioestimulant fertilitzant per t\u00f2fones \u00e9s un producte biol\u00f2gic natural compost per microorganismes beneficiosos, bacteris fixadors de nitrogen entre altres","og_url":"https:\/\/micofora.com\/ca\/product\/bioestimulant-per-tofones\/","og_site_name":"Micofora","article_modified_time":"2025-03-03T14:48:09+00:00","og_image":[{"width":436,"height":573,"url":"https:\/\/micofora.com\/wp-content\/uploads\/2016\/08\/bioestimulant.png","type":"image\/png"}],"twitter_card":"summary_large_image","twitter_misc":{"Est. reading time":"2 minutes"},"schema":{"@context":"https:\/\/schema.org","@graph":[{"@type":"WebPage","@id":"https:\/\/micofora.com\/ca\/product\/bioestimulant-per-tofones\/","url":"https:\/\/micofora.com\/ca\/product\/bioestimulant-per-tofones\/","name":"Bioestimulant - fertilitzant per t\u00f2fones amb bacteris","isPartOf":{"@id":"https:\/\/micofora.com\/#website"},"primaryImageOfPage":{"@id":"https:\/\/micofora.com\/ca\/product\/bioestimulant-per-tofones\/#primaryimage"},"image":{"@id":"https:\/\/micofora.com\/ca\/product\/bioestimulant-per-tofones\/#primaryimage"},"thumbnailUrl":"https:\/\/micofora.com\/wp-content\/uploads\/2016\/08\/bioestimulant.png","datePublished":"2016-08-12T07:29:36+00:00","dateModified":"2025-03-03T14:48:09+00:00","description":"Bioestimulant fertilitzant per t\u00f2fones \u00e9s un producte biol\u00f2gic natural compost per microorganismes beneficiosos, bacteris fixadors de nitrogen entre altres","breadcrumb":{"@id":"https:\/\/micofora.com\/ca\/product\/bioestimulant-per-tofones\/#breadcrumb"},"inLanguage":"ca","potentialAction":[{"@type":"ReadAction","target":["https:\/\/micofora.com\/ca\/product\/bioestimulant-per-tofones\/"]}]},{"@type":"ImageObject","inLanguage":"ca","@id":"https:\/\/micofora.com\/ca\/product\/bioestimulant-per-tofones\/#primaryimage","url":"https:\/\/micofora.com\/wp-content\/uploads\/2016\/08\/bioestimulant.png","contentUrl":"https:\/\/micofora.com\/wp-content\/uploads\/2016\/08\/bioestimulant.png","width":436,"height":573},{"@type":"BreadcrumbList","@id":"https:\/\/micofora.com\/ca\/product\/bioestimulant-per-tofones\/#breadcrumb","itemListElement":[{"@type":"ListItem","position":1,"name":"Portada","item":"https:\/\/micofora.com\/ca\/"},{"@type":"ListItem","position":2,"name":"Shop","item":"https:\/\/micofora.com\/ca\/shop\/"},{"@type":"ListItem","position":3,"name":"TRUF-UP Bioestimulant per T\u00f2fones"}]},{"@type":"WebSite","@id":"https:\/\/micofora.com\/#website","url":"https:\/\/micofora.com\/","name":"Micofora","description":"Micologia Forestal &amp; Aplicada","potentialAction":[{"@type":"SearchAction","target":{"@type":"EntryPoint","urlTemplate":"https:\/\/micofora.com\/?s={search_term_string}"},"query-input":{"@type":"PropertyValueSpecification","valueRequired":true,"valueName":"search_term_string"}}],"inLanguage":"ca"}]}},"_links":{"self":[{"href":"https:\/\/micofora.com\/ca\/wp-json\/wp\/v2\/product\/21272","targetHints":{"allow":["GET"]}}],"collection":[{"href":"https:\/\/micofora.com\/ca\/wp-json\/wp\/v2\/product"}],"about":[{"href":"https:\/\/micofora.com\/ca\/wp-json\/wp\/v2\/types\/product"}],"replies":[{"embeddable":true,"href":"https:\/\/micofora.com\/ca\/wp-json\/wp\/v2\/comments?post=21272"}],"wp:featuredmedia":[{"embeddable":true,"href":"https:\/\/micofora.com\/ca\/wp-json\/wp\/v2\/media\/24732"}],"wp:attachment":[{"href":"https:\/\/micofora.com\/ca\/wp-json\/wp\/v2\/media?parent=21272"}],"wp:term":[{"taxonomy":"product_brand","embeddable":true,"href":"https:\/\/micofora.com\/ca\/wp-json\/wp\/v2\/product_brand?post=21272"},{"taxonomy":"product_cat","embeddable":true,"href":"https:\/\/micofora.com\/ca\/wp-json\/wp\/v2\/product_cat?post=21272"},{"taxonomy":"product_tag","embeddable":true,"href":"https:\/\/micofora.com\/ca\/wp-json\/wp\/v2\/product_tag?post=21272"}],"curies":[{"name":"wp","href":"https:\/\/api.w.org\/{rel}","templated":true}]}}