{"id":21256,"date":"2016-07-28T20:56:35","date_gmt":"2016-07-28T18:45:35","guid":{"rendered":"http:\/\/micofora.com\/ca\/producto\/semilla-de-niscalo\/"},"modified":"2016-11-15T11:50:48","modified_gmt":"2016-11-15T11:50:48","slug":"llavor-de-rovello","status":"publish","type":"product","link":"https:\/\/micofora.com\/ca\/producte\/llavor-de-rovello\/","title":{"rendered":"Llavor de Rovell\u00f3"},"content":{"rendered":"<p><strong>M\u00e8tode de sembra:<\/strong> dibuixi en el terra i al voltant de l&#8217;arbre escollit una l\u00ednia que segueixi el marge de la cap\u00e7ada. Si es tracta de pins joves (4-6 anys) faci un solc seguint la l\u00ednia i retiri la terra. En pins m\u00e9s grans faci 8-12 forats al llarg de la l\u00ednia. La profunditat ser\u00e1 d&#8217;uns 10-15 cm. En caso que hi hagi gespa, aquest es pot retirar i col\u00b7locar-se en acabat. Distribueixi la llavor de rovell\u00f3 i tapi-la amb terra.<br \/>\n<strong>Manteniment i recol\u00b7lecci\u00f3:<\/strong> Regar especialment al juliol i l&#8217;agost evitant entollaments. No llaurar ni trepitjar la zona sembrada. No adobar. La producci\u00f3 de rovellons s&#8217;inicia al cap de 2 anys en arbres adults. Aquest \u00e9s d&#8217;aproximadament 1 Kg. per arbre. Els rovellons apareixeran seguint el seu ritme estacional caracter\u00edstic.<\/p>\n<p><a href=\"https:\/\/dl.dropboxusercontent.com\/u\/3729020\/Micofora\/DescargasWeb\/Semillaniscalo.pdf\">M\u00e9s informaci\u00f3 sobre la llavor de rovell\u00f3.<\/a><\/p>\n","protected":false},"excerpt":{"rendered":"<p>La Llavor de Rovell\u00f3 \u00e9s un producte exclusiu de Micologia Forestal &amp; Aplicada. \u00a0Est\u00e0 preparada per a sembrar al voltant de pins siempre menors de 20 anys, en tot tipus de s\u00f2l. Amb cada caixeta de llavors de rovell\u00f3 podr\u00e0 inocular un arbre. \u00a0Pot sembrar-se durant tot l&#8217;any, per\u00f2 \u00e9s millor fer-ho a la primavera o a la tardor; en cap cas s&#8217;ha de sembrar en terrenys gla\u00e7ats.<\/p>\n<p>Els preus de la cistella de compra a continuaci\u00f3, s\u00f3n amb IVA i ports inclosos.<\/p>\n","protected":false},"featured_media":23416,"comment_status":"open","ping_status":"closed","template":"","meta":[],"product_brand":[],"product_cat":[647],"product_tag":[],"class_list":{"0":"post-21256","1":"product","2":"type-product","3":"status-publish","4":"has-post-thumbnail","6":"product_cat-cultiu-de-bolets","8":"first","9":"outofstock","10":"taxable","11":"shipping-taxable","12":"purchasable","13":"product-type-variable"},"yoast_head":"<!-- This site is optimized with the Yoast SEO plugin v27.6 - https:\/\/yoast.com\/product\/yoast-seo-wordpress\/ -->\n<title>Llavor de Rovell\u00f3 - Micofora<\/title>\n<meta name=\"description\" content=\"La Llavor de Rovell\u00f3 est\u00e0 preparada per a sembrar al voltant de pins siempre menors de 20 anys, en tot tipus de s\u00f2l.\" \/>\n<meta name=\"robots\" content=\"index, follow, max-snippet:-1, max-image-preview:large, max-video-preview:-1\" \/>\n<link rel=\"canonical\" href=\"https:\/\/micofora.com\/ca\/product\/llavor-de-rovello\/\" \/>\n<meta property=\"og:locale\" content=\"ca_ES\" \/>\n<meta property=\"og:type\" content=\"article\" \/>\n<meta property=\"og:title\" content=\"Llavor de Rovell\u00f3 - Micofora\" \/>\n<meta property=\"og:description\" content=\"La Llavor de Rovell\u00f3 est\u00e0 preparada per a sembrar al voltant de pins siempre menors de 20 anys, en tot tipus de s\u00f2l.\" \/>\n<meta property=\"og:url\" content=\"https:\/\/micofora.com\/ca\/product\/llavor-de-rovello\/\" \/>\n<meta property=\"og:site_name\" content=\"Micofora\" \/>\n<meta property=\"article:modified_time\" content=\"2016-11-15T11:50:48+00:00\" \/>\n<meta property=\"og:image\" content=\"https:\/\/micofora.com\/wp-content\/uploads\/2016\/07\/Llavor-rovello-1.jpg\" \/>\n\t<meta property=\"og:image:width\" content=\"1000\" \/>\n\t<meta property=\"og:image:height\" content=\"1505\" \/>\n\t<meta property=\"og:image:type\" content=\"image\/jpeg\" \/>\n<meta name=\"twitter:card\" content=\"summary_large_image\" \/>\n<meta name=\"twitter:label1\" content=\"Est. reading time\" \/>\n\t<meta name=\"twitter:data1\" content=\"1 minute\" \/>\n<script type=\"application\/ld+json\" class=\"yoast-schema-graph\">{\"@context\":\"https:\\\/\\\/schema.org\",\"@graph\":[{\"@type\":\"WebPage\",\"@id\":\"https:\\\/\\\/micofora.com\\\/ca\\\/product\\\/llavor-de-rovello\\\/\",\"url\":\"https:\\\/\\\/micofora.com\\\/ca\\\/product\\\/llavor-de-rovello\\\/\",\"name\":\"Llavor de Rovell\u00f3 - Micofora\",\"isPartOf\":{\"@id\":\"https:\\\/\\\/micofora.com\\\/#website\"},\"primaryImageOfPage\":{\"@id\":\"https:\\\/\\\/micofora.com\\\/ca\\\/product\\\/llavor-de-rovello\\\/#primaryimage\"},\"image\":{\"@id\":\"https:\\\/\\\/micofora.com\\\/ca\\\/product\\\/llavor-de-rovello\\\/#primaryimage\"},\"thumbnailUrl\":\"https:\\\/\\\/micofora.com\\\/wp-content\\\/uploads\\\/2016\\\/07\\\/Llavor-rovello-1.jpg\",\"datePublished\":\"2016-07-28T18:45:35+00:00\",\"dateModified\":\"2016-11-15T11:50:48+00:00\",\"description\":\"La Llavor de Rovell\u00f3 est\u00e0 preparada per a sembrar al voltant de pins siempre menors de 20 anys, en tot tipus de s\u00f2l.\",\"breadcrumb\":{\"@id\":\"https:\\\/\\\/micofora.com\\\/ca\\\/product\\\/llavor-de-rovello\\\/#breadcrumb\"},\"inLanguage\":\"ca\",\"potentialAction\":[{\"@type\":\"ReadAction\",\"target\":[\"https:\\\/\\\/micofora.com\\\/ca\\\/product\\\/llavor-de-rovello\\\/\"]}]},{\"@type\":\"ImageObject\",\"inLanguage\":\"ca\",\"@id\":\"https:\\\/\\\/micofora.com\\\/ca\\\/product\\\/llavor-de-rovello\\\/#primaryimage\",\"url\":\"https:\\\/\\\/micofora.com\\\/wp-content\\\/uploads\\\/2016\\\/07\\\/Llavor-rovello-1.jpg\",\"contentUrl\":\"https:\\\/\\\/micofora.com\\\/wp-content\\\/uploads\\\/2016\\\/07\\\/Llavor-rovello-1.jpg\",\"width\":1000,\"height\":1505},{\"@type\":\"BreadcrumbList\",\"@id\":\"https:\\\/\\\/micofora.com\\\/ca\\\/product\\\/llavor-de-rovello\\\/#breadcrumb\",\"itemListElement\":[{\"@type\":\"ListItem\",\"position\":1,\"name\":\"Portada\",\"item\":\"https:\\\/\\\/micofora.com\\\/ca\\\/\"},{\"@type\":\"ListItem\",\"position\":2,\"name\":\"Shop\",\"item\":\"https:\\\/\\\/micofora.com\\\/ca\\\/shop\\\/\"},{\"@type\":\"ListItem\",\"position\":3,\"name\":\"Llavor de Rovell\u00f3\"}]},{\"@type\":\"WebSite\",\"@id\":\"https:\\\/\\\/micofora.com\\\/#website\",\"url\":\"https:\\\/\\\/micofora.com\\\/\",\"name\":\"Micofora\",\"description\":\"Micologia Forestal &amp; Aplicada\",\"potentialAction\":[{\"@type\":\"SearchAction\",\"target\":{\"@type\":\"EntryPoint\",\"urlTemplate\":\"https:\\\/\\\/micofora.com\\\/?s={search_term_string}\"},\"query-input\":{\"@type\":\"PropertyValueSpecification\",\"valueRequired\":true,\"valueName\":\"search_term_string\"}}],\"inLanguage\":\"ca\"}]}<\/script>\n<!-- \/ Yoast SEO plugin. -->","yoast_head_json":{"title":"Llavor de Rovell\u00f3 - Micofora","description":"La Llavor de Rovell\u00f3 est\u00e0 preparada per a sembrar al voltant de pins siempre menors de 20 anys, en tot tipus de s\u00f2l.","robots":{"index":"index","follow":"follow","max-snippet":"max-snippet:-1","max-image-preview":"max-image-preview:large","max-video-preview":"max-video-preview:-1"},"canonical":"https:\/\/micofora.com\/ca\/product\/llavor-de-rovello\/","og_locale":"ca_ES","og_type":"article","og_title":"Llavor de Rovell\u00f3 - Micofora","og_description":"La Llavor de Rovell\u00f3 est\u00e0 preparada per a sembrar al voltant de pins siempre menors de 20 anys, en tot tipus de s\u00f2l.","og_url":"https:\/\/micofora.com\/ca\/product\/llavor-de-rovello\/","og_site_name":"Micofora","article_modified_time":"2016-11-15T11:50:48+00:00","og_image":[{"width":1000,"height":1505,"url":"https:\/\/micofora.com\/wp-content\/uploads\/2016\/07\/Llavor-rovello-1.jpg","type":"image\/jpeg"}],"twitter_card":"summary_large_image","twitter_misc":{"Est. reading time":"1 minute"},"schema":{"@context":"https:\/\/schema.org","@graph":[{"@type":"WebPage","@id":"https:\/\/micofora.com\/ca\/product\/llavor-de-rovello\/","url":"https:\/\/micofora.com\/ca\/product\/llavor-de-rovello\/","name":"Llavor de Rovell\u00f3 - Micofora","isPartOf":{"@id":"https:\/\/micofora.com\/#website"},"primaryImageOfPage":{"@id":"https:\/\/micofora.com\/ca\/product\/llavor-de-rovello\/#primaryimage"},"image":{"@id":"https:\/\/micofora.com\/ca\/product\/llavor-de-rovello\/#primaryimage"},"thumbnailUrl":"https:\/\/micofora.com\/wp-content\/uploads\/2016\/07\/Llavor-rovello-1.jpg","datePublished":"2016-07-28T18:45:35+00:00","dateModified":"2016-11-15T11:50:48+00:00","description":"La Llavor de Rovell\u00f3 est\u00e0 preparada per a sembrar al voltant de pins siempre menors de 20 anys, en tot tipus de s\u00f2l.","breadcrumb":{"@id":"https:\/\/micofora.com\/ca\/product\/llavor-de-rovello\/#breadcrumb"},"inLanguage":"ca","potentialAction":[{"@type":"ReadAction","target":["https:\/\/micofora.com\/ca\/product\/llavor-de-rovello\/"]}]},{"@type":"ImageObject","inLanguage":"ca","@id":"https:\/\/micofora.com\/ca\/product\/llavor-de-rovello\/#primaryimage","url":"https:\/\/micofora.com\/wp-content\/uploads\/2016\/07\/Llavor-rovello-1.jpg","contentUrl":"https:\/\/micofora.com\/wp-content\/uploads\/2016\/07\/Llavor-rovello-1.jpg","width":1000,"height":1505},{"@type":"BreadcrumbList","@id":"https:\/\/micofora.com\/ca\/product\/llavor-de-rovello\/#breadcrumb","itemListElement":[{"@type":"ListItem","position":1,"name":"Portada","item":"https:\/\/micofora.com\/ca\/"},{"@type":"ListItem","position":2,"name":"Shop","item":"https:\/\/micofora.com\/ca\/shop\/"},{"@type":"ListItem","position":3,"name":"Llavor de Rovell\u00f3"}]},{"@type":"WebSite","@id":"https:\/\/micofora.com\/#website","url":"https:\/\/micofora.com\/","name":"Micofora","description":"Micologia Forestal &amp; Aplicada","potentialAction":[{"@type":"SearchAction","target":{"@type":"EntryPoint","urlTemplate":"https:\/\/micofora.com\/?s={search_term_string}"},"query-input":{"@type":"PropertyValueSpecification","valueRequired":true,"valueName":"search_term_string"}}],"inLanguage":"ca"}]}},"_links":{"self":[{"href":"https:\/\/micofora.com\/ca\/wp-json\/wp\/v2\/product\/21256","targetHints":{"allow":["GET"]}}],"collection":[{"href":"https:\/\/micofora.com\/ca\/wp-json\/wp\/v2\/product"}],"about":[{"href":"https:\/\/micofora.com\/ca\/wp-json\/wp\/v2\/types\/product"}],"replies":[{"embeddable":true,"href":"https:\/\/micofora.com\/ca\/wp-json\/wp\/v2\/comments?post=21256"}],"wp:featuredmedia":[{"embeddable":true,"href":"https:\/\/micofora.com\/ca\/wp-json\/wp\/v2\/media\/23416"}],"wp:attachment":[{"href":"https:\/\/micofora.com\/ca\/wp-json\/wp\/v2\/media?parent=21256"}],"wp:term":[{"taxonomy":"product_brand","embeddable":true,"href":"https:\/\/micofora.com\/ca\/wp-json\/wp\/v2\/product_brand?post=21256"},{"taxonomy":"product_cat","embeddable":true,"href":"https:\/\/micofora.com\/ca\/wp-json\/wp\/v2\/product_cat?post=21256"},{"taxonomy":"product_tag","embeddable":true,"href":"https:\/\/micofora.com\/ca\/wp-json\/wp\/v2\/product_tag?post=21256"}],"curies":[{"name":"wp","href":"https:\/\/api.w.org\/{rel}","templated":true}]}}