{"id":21204,"date":"2016-07-28T19:06:57","date_gmt":"2016-07-28T18:36:57","guid":{"rendered":"http:\/\/micofora.com\/ca\/producto\/semilla-de-boleto\/"},"modified":"2022-12-14T21:21:41","modified_gmt":"2022-12-14T21:21:41","slug":"llavor-de-cep","status":"publish","type":"product","link":"https:\/\/micofora.com\/ca\/producte\/llavor-de-cep\/","title":{"rendered":"Llavor de Cep"},"content":{"rendered":"<p><strong>M\u00e8tode de sembra:<\/strong> dibuixi en el terra al voltant de l&#8217;arbre escollit una l\u00ednia que segueixi el marge de la seva cap\u00e7ada. Faci 8-12 forats d&#8217;entre uns 10-15 cm de profunditat. Distribueixi la llavor de cep i tapi-la amb terra.<br \/>\n<strong>Manteniment i recol\u00b7lecci\u00f3:<\/strong> Regar especialment els mesos de juliol i agost evitant entollaments. No llaurar ni trepitjar la zona sembrada. No adovar. La producci\u00f3 de ceps s&#8217;inicia al cap de 2 anys. Aquesta \u00e9s d&#8217;aproximadament 1 Kg. per arbre. Els ceps apareixeran seguint el seu ritme estacional caracter\u00edstic.<\/p>\n<p><a href=\"https:\/\/micofora.com\/wp-content\/uploads\/2017\/10\/Semillaboleto.pdf\" target=\"_blank\" rel=\"noopener\">M\u00e9s informaci\u00f3 sobre la llavor de cep.<\/a><\/p>\n<p>&nbsp;<\/p>\n","protected":false},"excerpt":{"rendered":"<p>La Llavor de Cep \u00e9s un producte exclusiu de Micologia Forestal &amp; Aplicada. \u00a0Est\u00e0 preparada per a sembrar al voltant de pi, faig, alzina, surera, roure, bedoll i castanyer, sempre majors de 20 anys i sobre s\u00f2ls \u00e0cids Amb cada caixeta de llavor de cep podr\u00e0 innocular un arbre. \u00a0Pot sembrar-se durant tot l&#8217;any, preferiblement a la primavera i tardor; no s&#8217;ha de sembrar en terrenys gelats.<\/p>\n<p>&nbsp;<\/p>\n<p>&nbsp;<\/p>\n","protected":false},"featured_media":21206,"comment_status":"open","ping_status":"closed","template":"","meta":[],"product_brand":[],"product_cat":[647],"product_tag":[],"class_list":{"0":"post-21204","1":"product","2":"type-product","3":"status-publish","4":"has-post-thumbnail","6":"product_cat-cultiu-de-bolets","8":"first","9":"outofstock","10":"taxable","11":"shipping-taxable","12":"purchasable","13":"product-type-variable"},"yoast_head":"<!-- This site is optimized with the Yoast SEO plugin v27.4 - https:\/\/yoast.com\/product\/yoast-seo-wordpress\/ -->\n<title>Llavor de Cep - Micofora<\/title>\n<meta name=\"description\" content=\"La Llavor de Cep est\u00e0 preparada per a sembrar al voltant de pins siempre menors de 20 anys, en tot tipus de s\u00f2l.\" \/>\n<meta name=\"robots\" content=\"index, follow, max-snippet:-1, max-image-preview:large, max-video-preview:-1\" \/>\n<link rel=\"canonical\" href=\"https:\/\/micofora.com\/ca\/product\/llavor-de-cep\/\" \/>\n<meta property=\"og:locale\" content=\"ca_ES\" \/>\n<meta property=\"og:type\" content=\"article\" \/>\n<meta property=\"og:title\" content=\"Llavor de Cep - Micofora\" \/>\n<meta property=\"og:description\" content=\"La Llavor de Cep est\u00e0 preparada per a sembrar al voltant de pins siempre menors de 20 anys, en tot tipus de s\u00f2l.\" \/>\n<meta property=\"og:url\" content=\"https:\/\/micofora.com\/ca\/product\/llavor-de-cep\/\" \/>\n<meta property=\"og:site_name\" content=\"Micofora\" \/>\n<meta property=\"article:modified_time\" content=\"2022-12-14T21:21:41+00:00\" \/>\n<meta property=\"og:image\" content=\"https:\/\/micofora.com\/wp-content\/uploads\/2015\/09\/11-Cultivo-de-setas.jpeg\" \/>\n\t<meta property=\"og:image:width\" content=\"800\" \/>\n\t<meta property=\"og:image:height\" content=\"1000\" \/>\n\t<meta property=\"og:image:type\" content=\"image\/jpeg\" \/>\n<meta name=\"twitter:card\" content=\"summary_large_image\" \/>\n<meta name=\"twitter:label1\" content=\"Est. reading time\" \/>\n\t<meta name=\"twitter:data1\" content=\"1 minute\" \/>\n<script type=\"application\/ld+json\" class=\"yoast-schema-graph\">{\"@context\":\"https:\\\/\\\/schema.org\",\"@graph\":[{\"@type\":\"WebPage\",\"@id\":\"https:\\\/\\\/micofora.com\\\/ca\\\/product\\\/llavor-de-cep\\\/\",\"url\":\"https:\\\/\\\/micofora.com\\\/ca\\\/product\\\/llavor-de-cep\\\/\",\"name\":\"Llavor de Cep - Micofora\",\"isPartOf\":{\"@id\":\"https:\\\/\\\/micofora.com\\\/#website\"},\"primaryImageOfPage\":{\"@id\":\"https:\\\/\\\/micofora.com\\\/ca\\\/product\\\/llavor-de-cep\\\/#primaryimage\"},\"image\":{\"@id\":\"https:\\\/\\\/micofora.com\\\/ca\\\/product\\\/llavor-de-cep\\\/#primaryimage\"},\"thumbnailUrl\":\"https:\\\/\\\/micofora.com\\\/wp-content\\\/uploads\\\/2015\\\/09\\\/11-Cultivo-de-setas.jpeg\",\"datePublished\":\"2016-07-28T18:36:57+00:00\",\"dateModified\":\"2022-12-14T21:21:41+00:00\",\"description\":\"La Llavor de Cep est\u00e0 preparada per a sembrar al voltant de pins siempre menors de 20 anys, en tot tipus de s\u00f2l.\",\"breadcrumb\":{\"@id\":\"https:\\\/\\\/micofora.com\\\/ca\\\/product\\\/llavor-de-cep\\\/#breadcrumb\"},\"inLanguage\":\"ca\",\"potentialAction\":[{\"@type\":\"ReadAction\",\"target\":[\"https:\\\/\\\/micofora.com\\\/ca\\\/product\\\/llavor-de-cep\\\/\"]}]},{\"@type\":\"ImageObject\",\"inLanguage\":\"ca\",\"@id\":\"https:\\\/\\\/micofora.com\\\/ca\\\/product\\\/llavor-de-cep\\\/#primaryimage\",\"url\":\"https:\\\/\\\/micofora.com\\\/wp-content\\\/uploads\\\/2015\\\/09\\\/11-Cultivo-de-setas.jpeg\",\"contentUrl\":\"https:\\\/\\\/micofora.com\\\/wp-content\\\/uploads\\\/2015\\\/09\\\/11-Cultivo-de-setas.jpeg\",\"width\":800,\"height\":1000},{\"@type\":\"BreadcrumbList\",\"@id\":\"https:\\\/\\\/micofora.com\\\/ca\\\/product\\\/llavor-de-cep\\\/#breadcrumb\",\"itemListElement\":[{\"@type\":\"ListItem\",\"position\":1,\"name\":\"Portada\",\"item\":\"https:\\\/\\\/micofora.com\\\/ca\\\/\"},{\"@type\":\"ListItem\",\"position\":2,\"name\":\"Shop\",\"item\":\"https:\\\/\\\/micofora.com\\\/ca\\\/shop\\\/\"},{\"@type\":\"ListItem\",\"position\":3,\"name\":\"Llavor de Cep\"}]},{\"@type\":\"WebSite\",\"@id\":\"https:\\\/\\\/micofora.com\\\/#website\",\"url\":\"https:\\\/\\\/micofora.com\\\/\",\"name\":\"Micofora\",\"description\":\"Micologia Forestal &amp; Aplicada\",\"potentialAction\":[{\"@type\":\"SearchAction\",\"target\":{\"@type\":\"EntryPoint\",\"urlTemplate\":\"https:\\\/\\\/micofora.com\\\/?s={search_term_string}\"},\"query-input\":{\"@type\":\"PropertyValueSpecification\",\"valueRequired\":true,\"valueName\":\"search_term_string\"}}],\"inLanguage\":\"ca\"}]}<\/script>\n<!-- \/ Yoast SEO plugin. -->","yoast_head_json":{"title":"Llavor de Cep - Micofora","description":"La Llavor de Cep est\u00e0 preparada per a sembrar al voltant de pins siempre menors de 20 anys, en tot tipus de s\u00f2l.","robots":{"index":"index","follow":"follow","max-snippet":"max-snippet:-1","max-image-preview":"max-image-preview:large","max-video-preview":"max-video-preview:-1"},"canonical":"https:\/\/micofora.com\/ca\/product\/llavor-de-cep\/","og_locale":"ca_ES","og_type":"article","og_title":"Llavor de Cep - Micofora","og_description":"La Llavor de Cep est\u00e0 preparada per a sembrar al voltant de pins siempre menors de 20 anys, en tot tipus de s\u00f2l.","og_url":"https:\/\/micofora.com\/ca\/product\/llavor-de-cep\/","og_site_name":"Micofora","article_modified_time":"2022-12-14T21:21:41+00:00","og_image":[{"width":800,"height":1000,"url":"https:\/\/micofora.com\/wp-content\/uploads\/2015\/09\/11-Cultivo-de-setas.jpeg","type":"image\/jpeg"}],"twitter_card":"summary_large_image","twitter_misc":{"Est. reading time":"1 minute"},"schema":{"@context":"https:\/\/schema.org","@graph":[{"@type":"WebPage","@id":"https:\/\/micofora.com\/ca\/product\/llavor-de-cep\/","url":"https:\/\/micofora.com\/ca\/product\/llavor-de-cep\/","name":"Llavor de Cep - Micofora","isPartOf":{"@id":"https:\/\/micofora.com\/#website"},"primaryImageOfPage":{"@id":"https:\/\/micofora.com\/ca\/product\/llavor-de-cep\/#primaryimage"},"image":{"@id":"https:\/\/micofora.com\/ca\/product\/llavor-de-cep\/#primaryimage"},"thumbnailUrl":"https:\/\/micofora.com\/wp-content\/uploads\/2015\/09\/11-Cultivo-de-setas.jpeg","datePublished":"2016-07-28T18:36:57+00:00","dateModified":"2022-12-14T21:21:41+00:00","description":"La Llavor de Cep est\u00e0 preparada per a sembrar al voltant de pins siempre menors de 20 anys, en tot tipus de s\u00f2l.","breadcrumb":{"@id":"https:\/\/micofora.com\/ca\/product\/llavor-de-cep\/#breadcrumb"},"inLanguage":"ca","potentialAction":[{"@type":"ReadAction","target":["https:\/\/micofora.com\/ca\/product\/llavor-de-cep\/"]}]},{"@type":"ImageObject","inLanguage":"ca","@id":"https:\/\/micofora.com\/ca\/product\/llavor-de-cep\/#primaryimage","url":"https:\/\/micofora.com\/wp-content\/uploads\/2015\/09\/11-Cultivo-de-setas.jpeg","contentUrl":"https:\/\/micofora.com\/wp-content\/uploads\/2015\/09\/11-Cultivo-de-setas.jpeg","width":800,"height":1000},{"@type":"BreadcrumbList","@id":"https:\/\/micofora.com\/ca\/product\/llavor-de-cep\/#breadcrumb","itemListElement":[{"@type":"ListItem","position":1,"name":"Portada","item":"https:\/\/micofora.com\/ca\/"},{"@type":"ListItem","position":2,"name":"Shop","item":"https:\/\/micofora.com\/ca\/shop\/"},{"@type":"ListItem","position":3,"name":"Llavor de Cep"}]},{"@type":"WebSite","@id":"https:\/\/micofora.com\/#website","url":"https:\/\/micofora.com\/","name":"Micofora","description":"Micologia Forestal &amp; Aplicada","potentialAction":[{"@type":"SearchAction","target":{"@type":"EntryPoint","urlTemplate":"https:\/\/micofora.com\/?s={search_term_string}"},"query-input":{"@type":"PropertyValueSpecification","valueRequired":true,"valueName":"search_term_string"}}],"inLanguage":"ca"}]}},"_links":{"self":[{"href":"https:\/\/micofora.com\/ca\/wp-json\/wp\/v2\/product\/21204","targetHints":{"allow":["GET"]}}],"collection":[{"href":"https:\/\/micofora.com\/ca\/wp-json\/wp\/v2\/product"}],"about":[{"href":"https:\/\/micofora.com\/ca\/wp-json\/wp\/v2\/types\/product"}],"replies":[{"embeddable":true,"href":"https:\/\/micofora.com\/ca\/wp-json\/wp\/v2\/comments?post=21204"}],"wp:featuredmedia":[{"embeddable":true,"href":"https:\/\/micofora.com\/ca\/wp-json\/wp\/v2\/media\/21206"}],"wp:attachment":[{"href":"https:\/\/micofora.com\/ca\/wp-json\/wp\/v2\/media?parent=21204"}],"wp:term":[{"taxonomy":"product_brand","embeddable":true,"href":"https:\/\/micofora.com\/ca\/wp-json\/wp\/v2\/product_brand?post=21204"},{"taxonomy":"product_cat","embeddable":true,"href":"https:\/\/micofora.com\/ca\/wp-json\/wp\/v2\/product_cat?post=21204"},{"taxonomy":"product_tag","embeddable":true,"href":"https:\/\/micofora.com\/ca\/wp-json\/wp\/v2\/product_tag?post=21204"}],"curies":[{"name":"wp","href":"https:\/\/api.w.org\/{rel}","templated":true}]}}