{"id":21146,"date":"2016-07-28T18:45:04","date_gmt":"2016-07-28T19:06:04","guid":{"rendered":"http:\/\/micofora.com\/ca\/producto\/substrato-shiitake\/"},"modified":"2016-11-14T21:16:12","modified_gmt":"2016-11-14T21:16:12","slug":"substrat-xiitake","status":"publish","type":"product","link":"https:\/\/micofora.com\/ca\/producte\/substrat-xiitake\/","title":{"rendered":"Substrat xiitake"},"content":{"rendered":"<p>Les instruccions per produir xiitake a casa s\u00f3n molt senzilles. Per iniciar la fructificaci\u00f3 necessitarem donar un xoc d&#8217;humitat i per a aix\u00f2 hem de retirar la bossa de pl\u00e0stic amb cura i submergir en aigua durant 24 hores (el substrat flota i per tant col\u00b7locar una mica de pes perqu\u00e8 el cobreixi l&#8217;aigua).<br \/>\nTriar un lloc fresc i ventilat, la temperatura ideal est\u00e0 entre els 15-20 \u00ba C. Col\u00b7locar el substrat en una safata o en una caixa, ja que anem a humitejar i es mullar\u00e0 la superf\u00edcie on col\u00b7loquem els. Si t\u00e9 una reixeta a la base evitarem contaminacions per exc\u00e9s d&#8217;humitat. Mantindrem la humitat amb un polveritzador diverses vegades al dia a uns 30-40 cm de dist\u00e0ncia<\/p>\n<p><img decoding=\"async\" class=\"size-medium wp-image-21151 alignleft\" src=\"https:\/\/micofora.com\/wp-content\/uploads\/2016\/07\/shiitake3-200x300.jpg\" alt=\"shiitake\" width=\"200\" height=\"300\" srcset=\"https:\/\/micofora.com\/wp-content\/uploads\/2016\/07\/shiitake3-120x180.jpg 120w, https:\/\/micofora.com\/wp-content\/uploads\/2016\/07\/shiitake3-200x301.jpg 200w, https:\/\/micofora.com\/wp-content\/uploads\/2016\/07\/shiitake3-300x451.jpg 300w, https:\/\/micofora.com\/wp-content\/uploads\/2016\/07\/shiitake3-400x601.jpg 400w, https:\/\/micofora.com\/wp-content\/uploads\/2016\/07\/shiitake3.jpg 591w\" sizes=\"(max-width: 200px) 100vw, 200px\" \/><br \/>\nEn uns dies comen\u00e7ar\u00e0 a fructificar el xiitake, \u00e9s molt important mantenir la humitat durant aquest proc\u00e9s perqu\u00e8 es desenvolupin b\u00e9 els bolets per tant pulveritzarem m\u00e9s sovint). Per recollir els bolets es recomana girar el peu i arrencar amb cura.<br \/>\nLa primera floraci\u00f3 \u00e9s la m\u00e9s important, pr\u00e0cticament el 40-50% del que produir\u00e0 la borsa de substrat. Un cop acabada la primera floraci\u00f3 tornarem a estimular la producci\u00f3 al cap d&#8217;uns 15 dies seguint els mateixos passos.<\/p>\n<p><strong>Recomanacions<\/strong><\/p>\n<p>Quan rebeu el paquet ha de mantenir en nevera fins que vagi a iniciar la producci\u00f3<br \/>\nNo col \u00b7 locar en llocs amb sol directe o corrents d&#8217;aire.<br \/>\n<strong>A TEMPERATURA HA DE SER DE 15-20\u00baC PER TANT A L\u2019ESTIU NO ES RECOMANA PRODU\u00cfR SI NO ES POT MANTENIR<\/strong><\/p>\n","protected":false},"excerpt":{"rendered":"<p>Conre\u00ef xiitake a l&#8217;interior de casa, en qualsevol lloc fresc, airejat i amb llum. Es produeixen tres floracions de forma senzilla nom\u00e9s mantenint la humitat i temperatura necess\u00e0ries. Es tracta de substrat amb una barreja de serradures de caducifolis incubat i llest per produir.<\/p>\n<p>Els preus de la cistella de compra a continuaci\u00f3, s\u00f3n amb IVA i ports inclosos<\/p>\n","protected":false},"featured_media":21147,"comment_status":"open","ping_status":"closed","template":"","meta":[],"product_brand":[],"product_cat":[647],"product_tag":[],"class_list":{"0":"post-21146","1":"product","2":"type-product","3":"status-publish","4":"has-post-thumbnail","6":"product_cat-cultiu-de-bolets","8":"first","9":"outofstock","10":"taxable","11":"shipping-taxable","12":"purchasable","13":"product-type-variable"},"yoast_head":"<!-- This site is optimized with the Yoast SEO plugin v27.6 - https:\/\/yoast.com\/product\/yoast-seo-wordpress\/ -->\n<title>Substrat xiitake - Micofora<\/title>\n<meta name=\"description\" content=\"Conrear xiitake en interior, en qualsevol lloc fresc, airejat i amb llum.\" \/>\n<meta name=\"robots\" content=\"index, follow, max-snippet:-1, max-image-preview:large, max-video-preview:-1\" \/>\n<link rel=\"canonical\" href=\"https:\/\/micofora.com\/ca\/product\/substrat-xiitake\/\" \/>\n<meta property=\"og:locale\" content=\"ca_ES\" \/>\n<meta property=\"og:type\" content=\"article\" \/>\n<meta property=\"og:title\" content=\"Substrat xiitake - Micofora\" \/>\n<meta property=\"og:description\" content=\"Conrear xiitake en interior, en qualsevol lloc fresc, airejat i amb llum.\" \/>\n<meta property=\"og:url\" content=\"https:\/\/micofora.com\/ca\/product\/substrat-xiitake\/\" \/>\n<meta property=\"og:site_name\" content=\"Micofora\" \/>\n<meta property=\"article:modified_time\" content=\"2016-11-14T21:16:12+00:00\" \/>\n<meta property=\"og:image\" content=\"https:\/\/micofora.com\/wp-content\/uploads\/2016\/07\/shiitake2.jpg\" \/>\n\t<meta property=\"og:image:width\" content=\"1099\" \/>\n\t<meta property=\"og:image:height\" content=\"889\" \/>\n\t<meta property=\"og:image:type\" content=\"image\/jpeg\" \/>\n<meta name=\"twitter:card\" content=\"summary_large_image\" \/>\n<meta name=\"twitter:label1\" content=\"Est. reading time\" \/>\n\t<meta name=\"twitter:data1\" content=\"1 minute\" \/>\n<script type=\"application\/ld+json\" class=\"yoast-schema-graph\">{\"@context\":\"https:\\\/\\\/schema.org\",\"@graph\":[{\"@type\":\"WebPage\",\"@id\":\"https:\\\/\\\/micofora.com\\\/ca\\\/product\\\/substrat-xiitake\\\/\",\"url\":\"https:\\\/\\\/micofora.com\\\/ca\\\/product\\\/substrat-xiitake\\\/\",\"name\":\"Substrat xiitake - Micofora\",\"isPartOf\":{\"@id\":\"https:\\\/\\\/micofora.com\\\/#website\"},\"primaryImageOfPage\":{\"@id\":\"https:\\\/\\\/micofora.com\\\/ca\\\/product\\\/substrat-xiitake\\\/#primaryimage\"},\"image\":{\"@id\":\"https:\\\/\\\/micofora.com\\\/ca\\\/product\\\/substrat-xiitake\\\/#primaryimage\"},\"thumbnailUrl\":\"https:\\\/\\\/micofora.com\\\/wp-content\\\/uploads\\\/2016\\\/07\\\/shiitake2.jpg\",\"datePublished\":\"2016-07-28T19:06:04+00:00\",\"dateModified\":\"2016-11-14T21:16:12+00:00\",\"description\":\"Conrear xiitake en interior, en qualsevol lloc fresc, airejat i amb llum.\",\"breadcrumb\":{\"@id\":\"https:\\\/\\\/micofora.com\\\/ca\\\/product\\\/substrat-xiitake\\\/#breadcrumb\"},\"inLanguage\":\"ca\",\"potentialAction\":[{\"@type\":\"ReadAction\",\"target\":[\"https:\\\/\\\/micofora.com\\\/ca\\\/product\\\/substrat-xiitake\\\/\"]}]},{\"@type\":\"ImageObject\",\"inLanguage\":\"ca\",\"@id\":\"https:\\\/\\\/micofora.com\\\/ca\\\/product\\\/substrat-xiitake\\\/#primaryimage\",\"url\":\"https:\\\/\\\/micofora.com\\\/wp-content\\\/uploads\\\/2016\\\/07\\\/shiitake2.jpg\",\"contentUrl\":\"https:\\\/\\\/micofora.com\\\/wp-content\\\/uploads\\\/2016\\\/07\\\/shiitake2.jpg\",\"width\":1099,\"height\":889},{\"@type\":\"BreadcrumbList\",\"@id\":\"https:\\\/\\\/micofora.com\\\/ca\\\/product\\\/substrat-xiitake\\\/#breadcrumb\",\"itemListElement\":[{\"@type\":\"ListItem\",\"position\":1,\"name\":\"Portada\",\"item\":\"https:\\\/\\\/micofora.com\\\/ca\\\/\"},{\"@type\":\"ListItem\",\"position\":2,\"name\":\"Shop\",\"item\":\"https:\\\/\\\/micofora.com\\\/ca\\\/shop\\\/\"},{\"@type\":\"ListItem\",\"position\":3,\"name\":\"Substrat xiitake\"}]},{\"@type\":\"WebSite\",\"@id\":\"https:\\\/\\\/micofora.com\\\/#website\",\"url\":\"https:\\\/\\\/micofora.com\\\/\",\"name\":\"Micofora\",\"description\":\"Micologia Forestal &amp; Aplicada\",\"potentialAction\":[{\"@type\":\"SearchAction\",\"target\":{\"@type\":\"EntryPoint\",\"urlTemplate\":\"https:\\\/\\\/micofora.com\\\/?s={search_term_string}\"},\"query-input\":{\"@type\":\"PropertyValueSpecification\",\"valueRequired\":true,\"valueName\":\"search_term_string\"}}],\"inLanguage\":\"ca\"}]}<\/script>\n<!-- \/ Yoast SEO plugin. -->","yoast_head_json":{"title":"Substrat xiitake - Micofora","description":"Conrear xiitake en interior, en qualsevol lloc fresc, airejat i amb llum.","robots":{"index":"index","follow":"follow","max-snippet":"max-snippet:-1","max-image-preview":"max-image-preview:large","max-video-preview":"max-video-preview:-1"},"canonical":"https:\/\/micofora.com\/ca\/product\/substrat-xiitake\/","og_locale":"ca_ES","og_type":"article","og_title":"Substrat xiitake - Micofora","og_description":"Conrear xiitake en interior, en qualsevol lloc fresc, airejat i amb llum.","og_url":"https:\/\/micofora.com\/ca\/product\/substrat-xiitake\/","og_site_name":"Micofora","article_modified_time":"2016-11-14T21:16:12+00:00","og_image":[{"width":1099,"height":889,"url":"https:\/\/micofora.com\/wp-content\/uploads\/2016\/07\/shiitake2.jpg","type":"image\/jpeg"}],"twitter_card":"summary_large_image","twitter_misc":{"Est. reading time":"1 minute"},"schema":{"@context":"https:\/\/schema.org","@graph":[{"@type":"WebPage","@id":"https:\/\/micofora.com\/ca\/product\/substrat-xiitake\/","url":"https:\/\/micofora.com\/ca\/product\/substrat-xiitake\/","name":"Substrat xiitake - Micofora","isPartOf":{"@id":"https:\/\/micofora.com\/#website"},"primaryImageOfPage":{"@id":"https:\/\/micofora.com\/ca\/product\/substrat-xiitake\/#primaryimage"},"image":{"@id":"https:\/\/micofora.com\/ca\/product\/substrat-xiitake\/#primaryimage"},"thumbnailUrl":"https:\/\/micofora.com\/wp-content\/uploads\/2016\/07\/shiitake2.jpg","datePublished":"2016-07-28T19:06:04+00:00","dateModified":"2016-11-14T21:16:12+00:00","description":"Conrear xiitake en interior, en qualsevol lloc fresc, airejat i amb llum.","breadcrumb":{"@id":"https:\/\/micofora.com\/ca\/product\/substrat-xiitake\/#breadcrumb"},"inLanguage":"ca","potentialAction":[{"@type":"ReadAction","target":["https:\/\/micofora.com\/ca\/product\/substrat-xiitake\/"]}]},{"@type":"ImageObject","inLanguage":"ca","@id":"https:\/\/micofora.com\/ca\/product\/substrat-xiitake\/#primaryimage","url":"https:\/\/micofora.com\/wp-content\/uploads\/2016\/07\/shiitake2.jpg","contentUrl":"https:\/\/micofora.com\/wp-content\/uploads\/2016\/07\/shiitake2.jpg","width":1099,"height":889},{"@type":"BreadcrumbList","@id":"https:\/\/micofora.com\/ca\/product\/substrat-xiitake\/#breadcrumb","itemListElement":[{"@type":"ListItem","position":1,"name":"Portada","item":"https:\/\/micofora.com\/ca\/"},{"@type":"ListItem","position":2,"name":"Shop","item":"https:\/\/micofora.com\/ca\/shop\/"},{"@type":"ListItem","position":3,"name":"Substrat xiitake"}]},{"@type":"WebSite","@id":"https:\/\/micofora.com\/#website","url":"https:\/\/micofora.com\/","name":"Micofora","description":"Micologia Forestal &amp; Aplicada","potentialAction":[{"@type":"SearchAction","target":{"@type":"EntryPoint","urlTemplate":"https:\/\/micofora.com\/?s={search_term_string}"},"query-input":{"@type":"PropertyValueSpecification","valueRequired":true,"valueName":"search_term_string"}}],"inLanguage":"ca"}]}},"_links":{"self":[{"href":"https:\/\/micofora.com\/ca\/wp-json\/wp\/v2\/product\/21146","targetHints":{"allow":["GET"]}}],"collection":[{"href":"https:\/\/micofora.com\/ca\/wp-json\/wp\/v2\/product"}],"about":[{"href":"https:\/\/micofora.com\/ca\/wp-json\/wp\/v2\/types\/product"}],"replies":[{"embeddable":true,"href":"https:\/\/micofora.com\/ca\/wp-json\/wp\/v2\/comments?post=21146"}],"wp:featuredmedia":[{"embeddable":true,"href":"https:\/\/micofora.com\/ca\/wp-json\/wp\/v2\/media\/21147"}],"wp:attachment":[{"href":"https:\/\/micofora.com\/ca\/wp-json\/wp\/v2\/media?parent=21146"}],"wp:term":[{"taxonomy":"product_brand","embeddable":true,"href":"https:\/\/micofora.com\/ca\/wp-json\/wp\/v2\/product_brand?post=21146"},{"taxonomy":"product_cat","embeddable":true,"href":"https:\/\/micofora.com\/ca\/wp-json\/wp\/v2\/product_cat?post=21146"},{"taxonomy":"product_tag","embeddable":true,"href":"https:\/\/micofora.com\/ca\/wp-json\/wp\/v2\/product_tag?post=21146"}],"curies":[{"name":"wp","href":"https:\/\/api.w.org\/{rel}","templated":true}]}}