{"id":21021,"date":"2016-09-29T18:20:23","date_gmt":"2016-07-28T17:48:23","guid":{"rendered":"http:\/\/micofora.com\/ca\/producto\/ectoplan-comprimidos\/"},"modified":"2019-10-21T13:30:45","modified_gmt":"2019-10-21T13:30:45","slug":"ectoplant-comprimits","status":"publish","type":"product","link":"https:\/\/micofora.com\/ca\/producte\/ectoplant-comprimits\/","title":{"rendered":"Ectoplant Comprimits"},"content":{"rendered":"<p><strong>Aplicaci\u00f3: <\/strong><br \/>\nProducte apte per a utilitzar en totes las esp\u00e8cies de la fam\u00edlia Pinaceae (pins i avets en general), Fagaceae (alzines, roures, castanyers i faig), Betulaceae (bedoll, avellaner, alisos) y Salicaceae (salzes i \u00e0lbers).<br \/>\nL&#8217;aplicaci\u00f3 de desinfectants del s\u00f2l, tractaments fungicides, aix\u00ed com d&#8217;adobs amb un alt contingut de f\u00f2sfor, poden afectar o inhibir el desenvolupament dels fongs de la micoriza.<\/p>\n<p><strong>Instruccions d&#8217;\u00fas:<\/strong><br \/>\nTransplantament: Col\u00b7locar ECTOPLANT a sota de la planta en contacte directe amb les arrels.<br \/>\nPlantes ja establertes: Enterrar ECTOPLANT en el s\u00f2l, de manera que estigui en contacte directe amb les arrels.<br \/>\nDosi: 1 pastilla per planta.<br \/>\nFormat de suministrament: ECTOPLANT comprimits pot subministrar-se en boses de 500 unitats envasades al buit.<br \/>\nPer m\u00e9s informaci\u00f3 consulteu\u00a0<a href=\"https:\/\/micofora.com\/wp-content\/uploads\/2016\/09\/Ectoplant-comprimidos.pdf\">Ectoplant comprimidos<\/a><\/p>\n<p>consulteu cat\u00e0leg de tots els productes ECTOPLANT\u00a0<a href=\"https:\/\/micofora.com\/wp-content\/uploads\/2016\/09\/Catalogo-ectoplant.pdf\">Catalogo ectoplant<\/a><\/p>\n<p>&nbsp;<\/p>\n","protected":false},"excerpt":{"rendered":"<p>ECTOPLANT Comprimits \u00e9s un nou i c\u00f2mode format d&#8217;in\u00f2cul de micorizes en forma de comprimits per a aplicar en el forat de plantaci\u00f3.<br \/>\nEn la seva formulaci\u00f3 utilitzems una convinaci\u00f3 d&#8217;esp\u00e8cies f\u00fangiques aut\u00f2ctones (Rhizopogon spp, Pisolithus tinctorius, Scleroderma verrucosum, Suillus spp), components naturals de proced\u00e8ncia vegetal que ajuden a la compactaci\u00f3 del formulat i un agent superabsorvent d&#8217; aigua. ECTOPLANT \u00e9s una formulaci\u00f3 expressament estudiada per a una pr\u00e0ctica i r\u00e0pida micorizaci\u00f3 en plantes forestals de viver o camp (en plantes ja establertes o durant el transplantament).<br \/>\n<strong>In\u00f3cul per\u00a0500 plantas<\/strong><\/p>\n","protected":false},"featured_media":24736,"comment_status":"open","ping_status":"closed","template":"","meta":[],"product_brand":[],"product_cat":[651],"product_tag":[],"class_list":{"0":"post-21021","1":"product","2":"type-product","3":"status-publish","4":"has-post-thumbnail","6":"product_cat-micorrizas-i-bioestimulants","8":"first","9":"instock","10":"taxable","11":"shipping-taxable","12":"purchasable","13":"product-type-simple"},"yoast_head":"<!-- This site is optimized with the Yoast SEO plugin v27.5 - https:\/\/yoast.com\/product\/yoast-seo-wordpress\/ -->\n<title>Ectoplant Comprimits - Micofora<\/title>\n<meta name=\"description\" content=\"ECTOPLANT Comprimits \u00e9s un nou i c\u00f2mode format d&#039;in\u00f2cul de micorizes en forma de comprimits per a aplicar en el forat de plantaci\u00f3.\" \/>\n<meta name=\"robots\" content=\"index, follow, max-snippet:-1, max-image-preview:large, max-video-preview:-1\" \/>\n<link rel=\"canonical\" href=\"https:\/\/micofora.com\/ca\/product\/ectoplant-comprimits\/\" \/>\n<meta property=\"og:locale\" content=\"ca_ES\" \/>\n<meta property=\"og:type\" content=\"article\" \/>\n<meta property=\"og:title\" content=\"Ectoplant Comprimits - Micofora\" \/>\n<meta property=\"og:description\" content=\"ECTOPLANT Comprimits \u00e9s un nou i c\u00f2mode format d&#039;in\u00f2cul de micorizes en forma de comprimits per a aplicar en el forat de plantaci\u00f3.\" \/>\n<meta property=\"og:url\" content=\"https:\/\/micofora.com\/ca\/product\/ectoplant-comprimits\/\" \/>\n<meta property=\"og:site_name\" content=\"Micofora\" \/>\n<meta property=\"article:modified_time\" content=\"2019-10-21T13:30:45+00:00\" \/>\n<meta property=\"og:image\" content=\"https:\/\/micofora.com\/wp-content\/uploads\/2016\/09\/ectoplant.png\" \/>\n\t<meta property=\"og:image:width\" content=\"377\" \/>\n\t<meta property=\"og:image:height\" content=\"626\" \/>\n\t<meta property=\"og:image:type\" content=\"image\/png\" \/>\n<meta name=\"twitter:card\" content=\"summary_large_image\" \/>\n<meta name=\"twitter:label1\" content=\"Est. reading time\" \/>\n\t<meta name=\"twitter:data1\" content=\"1 minute\" \/>\n<script type=\"application\/ld+json\" class=\"yoast-schema-graph\">{\"@context\":\"https:\\\/\\\/schema.org\",\"@graph\":[{\"@type\":\"WebPage\",\"@id\":\"https:\\\/\\\/micofora.com\\\/ca\\\/product\\\/ectoplant-comprimits\\\/\",\"url\":\"https:\\\/\\\/micofora.com\\\/ca\\\/product\\\/ectoplant-comprimits\\\/\",\"name\":\"Ectoplant Comprimits - Micofora\",\"isPartOf\":{\"@id\":\"https:\\\/\\\/micofora.com\\\/#website\"},\"primaryImageOfPage\":{\"@id\":\"https:\\\/\\\/micofora.com\\\/ca\\\/product\\\/ectoplant-comprimits\\\/#primaryimage\"},\"image\":{\"@id\":\"https:\\\/\\\/micofora.com\\\/ca\\\/product\\\/ectoplant-comprimits\\\/#primaryimage\"},\"thumbnailUrl\":\"https:\\\/\\\/micofora.com\\\/wp-content\\\/uploads\\\/2016\\\/09\\\/ectoplant.png\",\"datePublished\":\"2016-07-28T17:48:23+00:00\",\"dateModified\":\"2019-10-21T13:30:45+00:00\",\"description\":\"ECTOPLANT Comprimits \u00e9s un nou i c\u00f2mode format d'in\u00f2cul de micorizes en forma de comprimits per a aplicar en el forat de plantaci\u00f3.\",\"breadcrumb\":{\"@id\":\"https:\\\/\\\/micofora.com\\\/ca\\\/product\\\/ectoplant-comprimits\\\/#breadcrumb\"},\"inLanguage\":\"ca\",\"potentialAction\":[{\"@type\":\"ReadAction\",\"target\":[\"https:\\\/\\\/micofora.com\\\/ca\\\/product\\\/ectoplant-comprimits\\\/\"]}]},{\"@type\":\"ImageObject\",\"inLanguage\":\"ca\",\"@id\":\"https:\\\/\\\/micofora.com\\\/ca\\\/product\\\/ectoplant-comprimits\\\/#primaryimage\",\"url\":\"https:\\\/\\\/micofora.com\\\/wp-content\\\/uploads\\\/2016\\\/09\\\/ectoplant.png\",\"contentUrl\":\"https:\\\/\\\/micofora.com\\\/wp-content\\\/uploads\\\/2016\\\/09\\\/ectoplant.png\",\"width\":377,\"height\":626},{\"@type\":\"BreadcrumbList\",\"@id\":\"https:\\\/\\\/micofora.com\\\/ca\\\/product\\\/ectoplant-comprimits\\\/#breadcrumb\",\"itemListElement\":[{\"@type\":\"ListItem\",\"position\":1,\"name\":\"Portada\",\"item\":\"https:\\\/\\\/micofora.com\\\/ca\\\/\"},{\"@type\":\"ListItem\",\"position\":2,\"name\":\"Shop\",\"item\":\"https:\\\/\\\/micofora.com\\\/ca\\\/shop\\\/\"},{\"@type\":\"ListItem\",\"position\":3,\"name\":\"Ectoplant Comprimits\"}]},{\"@type\":\"WebSite\",\"@id\":\"https:\\\/\\\/micofora.com\\\/#website\",\"url\":\"https:\\\/\\\/micofora.com\\\/\",\"name\":\"Micofora\",\"description\":\"Micologia Forestal &amp; Aplicada\",\"potentialAction\":[{\"@type\":\"SearchAction\",\"target\":{\"@type\":\"EntryPoint\",\"urlTemplate\":\"https:\\\/\\\/micofora.com\\\/?s={search_term_string}\"},\"query-input\":{\"@type\":\"PropertyValueSpecification\",\"valueRequired\":true,\"valueName\":\"search_term_string\"}}],\"inLanguage\":\"ca\"}]}<\/script>\n<!-- \/ Yoast SEO plugin. -->","yoast_head_json":{"title":"Ectoplant Comprimits - Micofora","description":"ECTOPLANT Comprimits \u00e9s un nou i c\u00f2mode format d'in\u00f2cul de micorizes en forma de comprimits per a aplicar en el forat de plantaci\u00f3.","robots":{"index":"index","follow":"follow","max-snippet":"max-snippet:-1","max-image-preview":"max-image-preview:large","max-video-preview":"max-video-preview:-1"},"canonical":"https:\/\/micofora.com\/ca\/product\/ectoplant-comprimits\/","og_locale":"ca_ES","og_type":"article","og_title":"Ectoplant Comprimits - Micofora","og_description":"ECTOPLANT Comprimits \u00e9s un nou i c\u00f2mode format d'in\u00f2cul de micorizes en forma de comprimits per a aplicar en el forat de plantaci\u00f3.","og_url":"https:\/\/micofora.com\/ca\/product\/ectoplant-comprimits\/","og_site_name":"Micofora","article_modified_time":"2019-10-21T13:30:45+00:00","og_image":[{"width":377,"height":626,"url":"https:\/\/micofora.com\/wp-content\/uploads\/2016\/09\/ectoplant.png","type":"image\/png"}],"twitter_card":"summary_large_image","twitter_misc":{"Est. reading time":"1 minute"},"schema":{"@context":"https:\/\/schema.org","@graph":[{"@type":"WebPage","@id":"https:\/\/micofora.com\/ca\/product\/ectoplant-comprimits\/","url":"https:\/\/micofora.com\/ca\/product\/ectoplant-comprimits\/","name":"Ectoplant Comprimits - Micofora","isPartOf":{"@id":"https:\/\/micofora.com\/#website"},"primaryImageOfPage":{"@id":"https:\/\/micofora.com\/ca\/product\/ectoplant-comprimits\/#primaryimage"},"image":{"@id":"https:\/\/micofora.com\/ca\/product\/ectoplant-comprimits\/#primaryimage"},"thumbnailUrl":"https:\/\/micofora.com\/wp-content\/uploads\/2016\/09\/ectoplant.png","datePublished":"2016-07-28T17:48:23+00:00","dateModified":"2019-10-21T13:30:45+00:00","description":"ECTOPLANT Comprimits \u00e9s un nou i c\u00f2mode format d'in\u00f2cul de micorizes en forma de comprimits per a aplicar en el forat de plantaci\u00f3.","breadcrumb":{"@id":"https:\/\/micofora.com\/ca\/product\/ectoplant-comprimits\/#breadcrumb"},"inLanguage":"ca","potentialAction":[{"@type":"ReadAction","target":["https:\/\/micofora.com\/ca\/product\/ectoplant-comprimits\/"]}]},{"@type":"ImageObject","inLanguage":"ca","@id":"https:\/\/micofora.com\/ca\/product\/ectoplant-comprimits\/#primaryimage","url":"https:\/\/micofora.com\/wp-content\/uploads\/2016\/09\/ectoplant.png","contentUrl":"https:\/\/micofora.com\/wp-content\/uploads\/2016\/09\/ectoplant.png","width":377,"height":626},{"@type":"BreadcrumbList","@id":"https:\/\/micofora.com\/ca\/product\/ectoplant-comprimits\/#breadcrumb","itemListElement":[{"@type":"ListItem","position":1,"name":"Portada","item":"https:\/\/micofora.com\/ca\/"},{"@type":"ListItem","position":2,"name":"Shop","item":"https:\/\/micofora.com\/ca\/shop\/"},{"@type":"ListItem","position":3,"name":"Ectoplant Comprimits"}]},{"@type":"WebSite","@id":"https:\/\/micofora.com\/#website","url":"https:\/\/micofora.com\/","name":"Micofora","description":"Micologia Forestal &amp; Aplicada","potentialAction":[{"@type":"SearchAction","target":{"@type":"EntryPoint","urlTemplate":"https:\/\/micofora.com\/?s={search_term_string}"},"query-input":{"@type":"PropertyValueSpecification","valueRequired":true,"valueName":"search_term_string"}}],"inLanguage":"ca"}]}},"_links":{"self":[{"href":"https:\/\/micofora.com\/ca\/wp-json\/wp\/v2\/product\/21021","targetHints":{"allow":["GET"]}}],"collection":[{"href":"https:\/\/micofora.com\/ca\/wp-json\/wp\/v2\/product"}],"about":[{"href":"https:\/\/micofora.com\/ca\/wp-json\/wp\/v2\/types\/product"}],"replies":[{"embeddable":true,"href":"https:\/\/micofora.com\/ca\/wp-json\/wp\/v2\/comments?post=21021"}],"wp:featuredmedia":[{"embeddable":true,"href":"https:\/\/micofora.com\/ca\/wp-json\/wp\/v2\/media\/24736"}],"wp:attachment":[{"href":"https:\/\/micofora.com\/ca\/wp-json\/wp\/v2\/media?parent=21021"}],"wp:term":[{"taxonomy":"product_brand","embeddable":true,"href":"https:\/\/micofora.com\/ca\/wp-json\/wp\/v2\/product_brand?post=21021"},{"taxonomy":"product_cat","embeddable":true,"href":"https:\/\/micofora.com\/ca\/wp-json\/wp\/v2\/product_cat?post=21021"},{"taxonomy":"product_tag","embeddable":true,"href":"https:\/\/micofora.com\/ca\/wp-json\/wp\/v2\/product_tag?post=21021"}],"curies":[{"name":"wp","href":"https:\/\/api.w.org\/{rel}","templated":true}]}}