{"id":21009,"date":"2016-07-28T18:08:18","date_gmt":"2016-07-28T18:08:18","guid":{"rendered":"http:\/\/micofora.com\/ca\/producto\/endoplant-root-dip\/"},"modified":"2016-11-16T17:30:46","modified_gmt":"2016-11-16T17:30:46","slug":"endoplant-root-dip","status":"publish","type":"product","link":"https:\/\/micofora.com\/ca\/producte\/endoplant-root-dip\/","title":{"rendered":"Endoplant Root Dip"},"content":{"rendered":"<p><strong>Instruccions d&#8217;\u00fas<\/strong><br \/>\n<strong>Aplicaci\u00f3:<\/strong> Barrejar b\u00e9 el producte amb aigua i banyar les arrels. La quantitat d&#8217;aigua a utilitzar dependr\u00e0 del volum del sistema radicular de la planta a micorizar. Es recomana una prova pr\u00e8via per tal de veure la quantitat d&#8217;aigua necess\u00e0ria per tal que la mescla sigui adequada. Remoure sovint durant la inoculaci\u00f3.<\/p>\n<p><strong>Dosi:<\/strong><\/p>\n<table>\n<tbody>\n<tr>\n<td colspan=\"2\"><strong>VIVER \u00a0<\/strong><\/td>\n<td><strong>5-10 cc<\/strong><\/td>\n<\/tr>\n<tr>\n<td colspan=\"2\"><strong>HORTICOLES CAMP<\/strong><\/td>\n<td><strong>4-8 cc<\/strong><\/td>\n<\/tr>\n<tr>\n<td rowspan=\"2\"><strong>PLANTACIO\u00a0<\/strong><\/td>\n<td><b>Vinya<\/b><\/td>\n<td><strong>10 cc<\/strong><\/td>\n<\/tr>\n<tr>\n<td><b>Fruiters<\/b><\/td>\n<td><strong>15 cc<\/strong><\/td>\n<\/tr>\n<\/tbody>\n<\/table>\n<p>&nbsp;<\/p>\n<p><strong>Format de subministrament:<\/strong> Envasos 5 L<\/p>\n<p>In\u00f3cul per 250 plantes<\/p>\n<p><a href=\"https:\/\/dl.dropboxusercontent.com\/u\/3729020\/Micofora\/DescargasWeb\/CATALOGO%20ENDOPLANT%281%29.pdf\" target=\"_blank\">Per m\u00e9s informaci\u00f3 consulteu el cat\u00e0leg i les fitxes t\u00e8cniques<\/a><\/p>\n","protected":false},"excerpt":{"rendered":"<p>Aquest in\u00f2cul de micorizes es presenta en forma d&#8217;espores, ves\u00edcules i fragments de miceli de Glomus intraradices\u00a0i Glomus mosseae, suportades per argiles inorg\u00e0nique inerts i una argila ferruginosa. Es tracta d&#8217;una pols mullable de granulometria 0-1mm<\/p>\n<p>Est\u00e0 formulat per als transplantaments a rel nua.<\/p>\n","protected":false},"featured_media":21010,"comment_status":"open","ping_status":"closed","template":"","meta":[],"product_brand":[],"product_cat":[651],"product_tag":[],"class_list":{"0":"post-21009","1":"product","2":"type-product","3":"status-publish","4":"has-post-thumbnail","6":"product_cat-micorrizas-i-bioestimulants","8":"first","9":"instock","10":"purchasable","11":"product-type-simple"},"yoast_head":"<!-- This site is optimized with the Yoast SEO plugin v27.5 - https:\/\/yoast.com\/product\/yoast-seo-wordpress\/ -->\n<title>Endoplant Root Dip - Micofora<\/title>\n<meta name=\"description\" content=\"In\u00f2cul de micorizes en forma d&#039;espores, ves\u00edcules i fragments de miceli de Glomus intraradices\u00a0i Glomus mosseae, suportades per argiles inorg\u00e0nique inerts i una argila ferruginosa.\" \/>\n<meta name=\"robots\" content=\"index, follow, max-snippet:-1, max-image-preview:large, max-video-preview:-1\" \/>\n<link rel=\"canonical\" href=\"https:\/\/micofora.com\/ca\/product\/endoplant-root-dip\/\" \/>\n<meta property=\"og:locale\" content=\"ca_ES\" \/>\n<meta property=\"og:type\" content=\"article\" \/>\n<meta property=\"og:title\" content=\"Endoplant Root Dip - Micofora\" \/>\n<meta property=\"og:description\" content=\"In\u00f2cul de micorizes en forma d&#039;espores, ves\u00edcules i fragments de miceli de Glomus intraradices\u00a0i Glomus mosseae, suportades per argiles inorg\u00e0nique inerts i una argila ferruginosa.\" \/>\n<meta property=\"og:url\" content=\"https:\/\/micofora.com\/ca\/product\/endoplant-root-dip\/\" \/>\n<meta property=\"og:site_name\" content=\"Micofora\" \/>\n<meta property=\"article:modified_time\" content=\"2016-11-16T17:30:46+00:00\" \/>\n<meta property=\"og:image\" content=\"https:\/\/micofora.com\/wp-content\/uploads\/2016\/07\/Endoplant-rootdip.jpg\" \/>\n\t<meta property=\"og:image:width\" content=\"1000\" \/>\n\t<meta property=\"og:image:height\" content=\"1300\" \/>\n\t<meta property=\"og:image:type\" content=\"image\/jpeg\" \/>\n<meta name=\"twitter:card\" content=\"summary_large_image\" \/>\n<script type=\"application\/ld+json\" class=\"yoast-schema-graph\">{\"@context\":\"https:\\\/\\\/schema.org\",\"@graph\":[{\"@type\":\"WebPage\",\"@id\":\"https:\\\/\\\/micofora.com\\\/ca\\\/product\\\/endoplant-root-dip\\\/\",\"url\":\"https:\\\/\\\/micofora.com\\\/ca\\\/product\\\/endoplant-root-dip\\\/\",\"name\":\"Endoplant Root Dip - Micofora\",\"isPartOf\":{\"@id\":\"https:\\\/\\\/micofora.com\\\/#website\"},\"primaryImageOfPage\":{\"@id\":\"https:\\\/\\\/micofora.com\\\/ca\\\/product\\\/endoplant-root-dip\\\/#primaryimage\"},\"image\":{\"@id\":\"https:\\\/\\\/micofora.com\\\/ca\\\/product\\\/endoplant-root-dip\\\/#primaryimage\"},\"thumbnailUrl\":\"https:\\\/\\\/micofora.com\\\/wp-content\\\/uploads\\\/2016\\\/07\\\/Endoplant-rootdip.jpg\",\"datePublished\":\"2016-07-28T18:08:18+00:00\",\"dateModified\":\"2016-11-16T17:30:46+00:00\",\"description\":\"In\u00f2cul de micorizes en forma d'espores, ves\u00edcules i fragments de miceli de Glomus intraradices\u00a0i Glomus mosseae, suportades per argiles inorg\u00e0nique inerts i una argila ferruginosa.\",\"breadcrumb\":{\"@id\":\"https:\\\/\\\/micofora.com\\\/ca\\\/product\\\/endoplant-root-dip\\\/#breadcrumb\"},\"inLanguage\":\"ca\",\"potentialAction\":[{\"@type\":\"ReadAction\",\"target\":[\"https:\\\/\\\/micofora.com\\\/ca\\\/product\\\/endoplant-root-dip\\\/\"]}]},{\"@type\":\"ImageObject\",\"inLanguage\":\"ca\",\"@id\":\"https:\\\/\\\/micofora.com\\\/ca\\\/product\\\/endoplant-root-dip\\\/#primaryimage\",\"url\":\"https:\\\/\\\/micofora.com\\\/wp-content\\\/uploads\\\/2016\\\/07\\\/Endoplant-rootdip.jpg\",\"contentUrl\":\"https:\\\/\\\/micofora.com\\\/wp-content\\\/uploads\\\/2016\\\/07\\\/Endoplant-rootdip.jpg\",\"width\":1000,\"height\":1300},{\"@type\":\"BreadcrumbList\",\"@id\":\"https:\\\/\\\/micofora.com\\\/ca\\\/product\\\/endoplant-root-dip\\\/#breadcrumb\",\"itemListElement\":[{\"@type\":\"ListItem\",\"position\":1,\"name\":\"Portada\",\"item\":\"https:\\\/\\\/micofora.com\\\/ca\\\/\"},{\"@type\":\"ListItem\",\"position\":2,\"name\":\"Shop\",\"item\":\"https:\\\/\\\/micofora.com\\\/ca\\\/shop\\\/\"},{\"@type\":\"ListItem\",\"position\":3,\"name\":\"Endoplant Root Dip\"}]},{\"@type\":\"WebSite\",\"@id\":\"https:\\\/\\\/micofora.com\\\/#website\",\"url\":\"https:\\\/\\\/micofora.com\\\/\",\"name\":\"Micofora\",\"description\":\"Micologia Forestal &amp; Aplicada\",\"potentialAction\":[{\"@type\":\"SearchAction\",\"target\":{\"@type\":\"EntryPoint\",\"urlTemplate\":\"https:\\\/\\\/micofora.com\\\/?s={search_term_string}\"},\"query-input\":{\"@type\":\"PropertyValueSpecification\",\"valueRequired\":true,\"valueName\":\"search_term_string\"}}],\"inLanguage\":\"ca\"}]}<\/script>\n<!-- \/ Yoast SEO plugin. -->","yoast_head_json":{"title":"Endoplant Root Dip - Micofora","description":"In\u00f2cul de micorizes en forma d'espores, ves\u00edcules i fragments de miceli de Glomus intraradices\u00a0i Glomus mosseae, suportades per argiles inorg\u00e0nique inerts i una argila ferruginosa.","robots":{"index":"index","follow":"follow","max-snippet":"max-snippet:-1","max-image-preview":"max-image-preview:large","max-video-preview":"max-video-preview:-1"},"canonical":"https:\/\/micofora.com\/ca\/product\/endoplant-root-dip\/","og_locale":"ca_ES","og_type":"article","og_title":"Endoplant Root Dip - Micofora","og_description":"In\u00f2cul de micorizes en forma d'espores, ves\u00edcules i fragments de miceli de Glomus intraradices\u00a0i Glomus mosseae, suportades per argiles inorg\u00e0nique inerts i una argila ferruginosa.","og_url":"https:\/\/micofora.com\/ca\/product\/endoplant-root-dip\/","og_site_name":"Micofora","article_modified_time":"2016-11-16T17:30:46+00:00","og_image":[{"width":1000,"height":1300,"url":"https:\/\/micofora.com\/wp-content\/uploads\/2016\/07\/Endoplant-rootdip.jpg","type":"image\/jpeg"}],"twitter_card":"summary_large_image","schema":{"@context":"https:\/\/schema.org","@graph":[{"@type":"WebPage","@id":"https:\/\/micofora.com\/ca\/product\/endoplant-root-dip\/","url":"https:\/\/micofora.com\/ca\/product\/endoplant-root-dip\/","name":"Endoplant Root Dip - Micofora","isPartOf":{"@id":"https:\/\/micofora.com\/#website"},"primaryImageOfPage":{"@id":"https:\/\/micofora.com\/ca\/product\/endoplant-root-dip\/#primaryimage"},"image":{"@id":"https:\/\/micofora.com\/ca\/product\/endoplant-root-dip\/#primaryimage"},"thumbnailUrl":"https:\/\/micofora.com\/wp-content\/uploads\/2016\/07\/Endoplant-rootdip.jpg","datePublished":"2016-07-28T18:08:18+00:00","dateModified":"2016-11-16T17:30:46+00:00","description":"In\u00f2cul de micorizes en forma d'espores, ves\u00edcules i fragments de miceli de Glomus intraradices\u00a0i Glomus mosseae, suportades per argiles inorg\u00e0nique inerts i una argila ferruginosa.","breadcrumb":{"@id":"https:\/\/micofora.com\/ca\/product\/endoplant-root-dip\/#breadcrumb"},"inLanguage":"ca","potentialAction":[{"@type":"ReadAction","target":["https:\/\/micofora.com\/ca\/product\/endoplant-root-dip\/"]}]},{"@type":"ImageObject","inLanguage":"ca","@id":"https:\/\/micofora.com\/ca\/product\/endoplant-root-dip\/#primaryimage","url":"https:\/\/micofora.com\/wp-content\/uploads\/2016\/07\/Endoplant-rootdip.jpg","contentUrl":"https:\/\/micofora.com\/wp-content\/uploads\/2016\/07\/Endoplant-rootdip.jpg","width":1000,"height":1300},{"@type":"BreadcrumbList","@id":"https:\/\/micofora.com\/ca\/product\/endoplant-root-dip\/#breadcrumb","itemListElement":[{"@type":"ListItem","position":1,"name":"Portada","item":"https:\/\/micofora.com\/ca\/"},{"@type":"ListItem","position":2,"name":"Shop","item":"https:\/\/micofora.com\/ca\/shop\/"},{"@type":"ListItem","position":3,"name":"Endoplant Root Dip"}]},{"@type":"WebSite","@id":"https:\/\/micofora.com\/#website","url":"https:\/\/micofora.com\/","name":"Micofora","description":"Micologia Forestal &amp; Aplicada","potentialAction":[{"@type":"SearchAction","target":{"@type":"EntryPoint","urlTemplate":"https:\/\/micofora.com\/?s={search_term_string}"},"query-input":{"@type":"PropertyValueSpecification","valueRequired":true,"valueName":"search_term_string"}}],"inLanguage":"ca"}]}},"_links":{"self":[{"href":"https:\/\/micofora.com\/ca\/wp-json\/wp\/v2\/product\/21009","targetHints":{"allow":["GET"]}}],"collection":[{"href":"https:\/\/micofora.com\/ca\/wp-json\/wp\/v2\/product"}],"about":[{"href":"https:\/\/micofora.com\/ca\/wp-json\/wp\/v2\/types\/product"}],"replies":[{"embeddable":true,"href":"https:\/\/micofora.com\/ca\/wp-json\/wp\/v2\/comments?post=21009"}],"wp:featuredmedia":[{"embeddable":true,"href":"https:\/\/micofora.com\/ca\/wp-json\/wp\/v2\/media\/21010"}],"wp:attachment":[{"href":"https:\/\/micofora.com\/ca\/wp-json\/wp\/v2\/media?parent=21009"}],"wp:term":[{"taxonomy":"product_brand","embeddable":true,"href":"https:\/\/micofora.com\/ca\/wp-json\/wp\/v2\/product_brand?post=21009"},{"taxonomy":"product_cat","embeddable":true,"href":"https:\/\/micofora.com\/ca\/wp-json\/wp\/v2\/product_cat?post=21009"},{"taxonomy":"product_tag","embeddable":true,"href":"https:\/\/micofora.com\/ca\/wp-json\/wp\/v2\/product_tag?post=21009"}],"curies":[{"name":"wp","href":"https:\/\/api.w.org\/{rel}","templated":true}]}}