{"id":20994,"date":"2016-07-28T18:50:47","date_gmt":"2016-07-28T18:20:47","guid":{"rendered":"http:\/\/micofora.com\/ca\/producto\/caja-24-arboles\/"},"modified":"2024-09-26T21:25:05","modified_gmt":"2024-09-26T21:25:05","slug":"pi-rovelloner","status":"publish","type":"product","link":"https:\/\/micofora.com\/ca\/producte\/pi-rovelloner\/","title":{"rendered":"Pi rovelloner"},"content":{"rendered":"<p><strong>Pi \u00e0lbar:<\/strong> indiferent al tipus de s\u00f2l, \u00e9s un pi de montanya. Es recomana per a localitats situades per damunt dels 600 metres. Pi bord: de creixement mitj\u00e0, tolera els ambients secs, mediterranis i els s\u00f2ls calcaris.<br \/>\n<strong>Pi pinyoner:<\/strong> prefereix ambients mediterranis, litorals y sil\u00edcics. \u00c9s present a la montanya mediterr\u00e0nia i tolera els s\u00f2ls calcaris. Es l&#8217;\u00fanic pi que produeix pinyons comestibles.<br \/>\n<strong>Pi pinastre:<\/strong> molt similar a l&#8217;anterior, per\u00f2 de creixement m\u00e9s r\u00e0pid.<br \/>\n<strong>Rajolet:<\/strong> pi d&#8217;origen californi\u00e0, requereix ambients mediterranis litorals, humits. El s\u00f2l ha de ser sil\u00edcic. \u00c9s de creixement molt r\u00e0pid.<\/p>\n<p><a href=\"https:\/\/dl.dropboxusercontent.com\/u\/3729020\/Micofora\/DescargasWeb\/Pinos_niscaleros.pdf\"><strong>M\u00e9s informaci\u00f3 sobre el pi rovelloner.<\/strong><\/a><\/p>\n","protected":false},"excerpt":{"rendered":"<p>Micologia Forestal &amp; Aplicada produeix des de 1989 pins rovelloners; es tracta essencialment d&#8217;un pi que presenta les seves arrels colonitzades per micorizes de rovell\u00f3. En el nostre territori hi ha principalment tres esp\u00e8cies diferents de fongs que produeixen rovellons (Lactarius deliciosus, L. sanguifluus y L. vinosus). Cadascuna d&#8217;aquestes esp\u00e8cies est\u00e0 adaptada a un determinat ambient. Cada pi rovelloner de Micologia Forestal &amp; Aplicada s&#8217;innocula amb tres soques diferents seleccionades de rovellons aut\u00f2ctons. D&#8217;aquesta manera seran les condicions ambientals del lloc on es planti l&#8217;arbre les que seleccionaran la soca m\u00e9s adequada de rovell\u00f3 per a cada territori. Passats tres anys, el fong t\u00e9 les suficients reserves magatzemades per a produir bolets. A la tardor comen\u00e7ar\u00e0 la fructificaci\u00f3 i apareixeran els primers rovellons. Cada temporada es reproduir\u00e0 aquest fenomen, essent la florida m\u00e9s abundant si subministrem reg durant les \u00e8poques de sequera estival.<br \/>\nEls pins micorizats amb rovell\u00f3 MF&amp;A s\u00f3n d&#8217;1 savia i per aix\u00f2 tenen entre 15-30cm d&#8217;al\u00e7ada. Disposem d&#8217;una \u00e0mplia varietat d&#8217;esp\u00e8cies en funci\u00f3 de la zona on es vulgui realitza la plantaci\u00f3.<\/p>\n<p><span style=\"color: #ff0000;\"><strong>IMPORTANT: ABANS DE REALITZAR LA COMPRA ON-LINE, VERIFIQUEU PER CORREU O TEL\u00c8FON (938155455) QUE HI HA EXIST\u00c8NCIES. DONCS DE PINS ROVELLONERS NO EN TENIM TOT L&#8217;ANY.<\/strong><\/span><\/p>\n","protected":false},"featured_media":20995,"comment_status":"open","ping_status":"closed","template":"","meta":[],"product_brand":[],"product_cat":[647],"product_tag":[],"class_list":{"0":"post-20994","1":"product","2":"type-product","3":"status-publish","4":"has-post-thumbnail","6":"product_cat-cultiu-de-bolets","8":"first","9":"outofstock","10":"purchasable","11":"product-type-variable"},"yoast_head":"<!-- This site is optimized with the Yoast SEO plugin v27.4 - https:\/\/yoast.com\/product\/yoast-seo-wordpress\/ -->\n<title>Pi rovelloner - Micofora<\/title>\n<meta name=\"description\" content=\"Pi rovelloner es essencialment un pi que presenta les seves arrels colonitzades per micorizes de rovell\u00f3.\" \/>\n<meta name=\"robots\" content=\"index, follow, max-snippet:-1, max-image-preview:large, max-video-preview:-1\" \/>\n<link rel=\"canonical\" href=\"https:\/\/micofora.com\/ca\/product\/pi-rovelloner\/\" \/>\n<meta property=\"og:locale\" content=\"ca_ES\" \/>\n<meta property=\"og:type\" content=\"article\" \/>\n<meta property=\"og:title\" content=\"Pi rovelloner - Micofora\" \/>\n<meta property=\"og:description\" content=\"Pi rovelloner es essencialment un pi que presenta les seves arrels colonitzades per micorizes de rovell\u00f3.\" \/>\n<meta property=\"og:url\" content=\"https:\/\/micofora.com\/ca\/product\/pi-rovelloner\/\" \/>\n<meta property=\"og:site_name\" content=\"Micofora\" \/>\n<meta property=\"article:modified_time\" content=\"2024-09-26T21:25:05+00:00\" \/>\n<meta property=\"og:image\" content=\"https:\/\/micofora.com\/wp-content\/uploads\/2016\/07\/pi-rovelloner-al-major-1.jpg\" \/>\n\t<meta property=\"og:image:width\" content=\"1000\" \/>\n\t<meta property=\"og:image:height\" content=\"1333\" \/>\n\t<meta property=\"og:image:type\" content=\"image\/jpeg\" \/>\n<meta name=\"twitter:card\" content=\"summary_large_image\" \/>\n<meta name=\"twitter:label1\" content=\"Est. reading time\" \/>\n\t<meta name=\"twitter:data1\" content=\"1 minute\" \/>\n<script type=\"application\/ld+json\" class=\"yoast-schema-graph\">{\"@context\":\"https:\\\/\\\/schema.org\",\"@graph\":[{\"@type\":\"WebPage\",\"@id\":\"https:\\\/\\\/micofora.com\\\/ca\\\/product\\\/pi-rovelloner\\\/\",\"url\":\"https:\\\/\\\/micofora.com\\\/ca\\\/product\\\/pi-rovelloner\\\/\",\"name\":\"Pi rovelloner - Micofora\",\"isPartOf\":{\"@id\":\"https:\\\/\\\/micofora.com\\\/#website\"},\"primaryImageOfPage\":{\"@id\":\"https:\\\/\\\/micofora.com\\\/ca\\\/product\\\/pi-rovelloner\\\/#primaryimage\"},\"image\":{\"@id\":\"https:\\\/\\\/micofora.com\\\/ca\\\/product\\\/pi-rovelloner\\\/#primaryimage\"},\"thumbnailUrl\":\"https:\\\/\\\/micofora.com\\\/wp-content\\\/uploads\\\/2016\\\/07\\\/pi-rovelloner-al-major-1.jpg\",\"datePublished\":\"2016-07-28T18:20:47+00:00\",\"dateModified\":\"2024-09-26T21:25:05+00:00\",\"description\":\"Pi rovelloner es essencialment un pi que presenta les seves arrels colonitzades per micorizes de rovell\u00f3.\",\"breadcrumb\":{\"@id\":\"https:\\\/\\\/micofora.com\\\/ca\\\/product\\\/pi-rovelloner\\\/#breadcrumb\"},\"inLanguage\":\"ca\",\"potentialAction\":[{\"@type\":\"ReadAction\",\"target\":[\"https:\\\/\\\/micofora.com\\\/ca\\\/product\\\/pi-rovelloner\\\/\"]}]},{\"@type\":\"ImageObject\",\"inLanguage\":\"ca\",\"@id\":\"https:\\\/\\\/micofora.com\\\/ca\\\/product\\\/pi-rovelloner\\\/#primaryimage\",\"url\":\"https:\\\/\\\/micofora.com\\\/wp-content\\\/uploads\\\/2016\\\/07\\\/pi-rovelloner-al-major-1.jpg\",\"contentUrl\":\"https:\\\/\\\/micofora.com\\\/wp-content\\\/uploads\\\/2016\\\/07\\\/pi-rovelloner-al-major-1.jpg\",\"width\":1000,\"height\":1333},{\"@type\":\"BreadcrumbList\",\"@id\":\"https:\\\/\\\/micofora.com\\\/ca\\\/product\\\/pi-rovelloner\\\/#breadcrumb\",\"itemListElement\":[{\"@type\":\"ListItem\",\"position\":1,\"name\":\"Portada\",\"item\":\"https:\\\/\\\/micofora.com\\\/ca\\\/\"},{\"@type\":\"ListItem\",\"position\":2,\"name\":\"Shop\",\"item\":\"https:\\\/\\\/micofora.com\\\/ca\\\/shop\\\/\"},{\"@type\":\"ListItem\",\"position\":3,\"name\":\"Pi rovelloner\"}]},{\"@type\":\"WebSite\",\"@id\":\"https:\\\/\\\/micofora.com\\\/#website\",\"url\":\"https:\\\/\\\/micofora.com\\\/\",\"name\":\"Micofora\",\"description\":\"Micologia Forestal &amp; Aplicada\",\"potentialAction\":[{\"@type\":\"SearchAction\",\"target\":{\"@type\":\"EntryPoint\",\"urlTemplate\":\"https:\\\/\\\/micofora.com\\\/?s={search_term_string}\"},\"query-input\":{\"@type\":\"PropertyValueSpecification\",\"valueRequired\":true,\"valueName\":\"search_term_string\"}}],\"inLanguage\":\"ca\"}]}<\/script>\n<!-- \/ Yoast SEO plugin. -->","yoast_head_json":{"title":"Pi rovelloner - Micofora","description":"Pi rovelloner es essencialment un pi que presenta les seves arrels colonitzades per micorizes de rovell\u00f3.","robots":{"index":"index","follow":"follow","max-snippet":"max-snippet:-1","max-image-preview":"max-image-preview:large","max-video-preview":"max-video-preview:-1"},"canonical":"https:\/\/micofora.com\/ca\/product\/pi-rovelloner\/","og_locale":"ca_ES","og_type":"article","og_title":"Pi rovelloner - Micofora","og_description":"Pi rovelloner es essencialment un pi que presenta les seves arrels colonitzades per micorizes de rovell\u00f3.","og_url":"https:\/\/micofora.com\/ca\/product\/pi-rovelloner\/","og_site_name":"Micofora","article_modified_time":"2024-09-26T21:25:05+00:00","og_image":[{"width":1000,"height":1333,"url":"https:\/\/micofora.com\/wp-content\/uploads\/2016\/07\/pi-rovelloner-al-major-1.jpg","type":"image\/jpeg"}],"twitter_card":"summary_large_image","twitter_misc":{"Est. reading time":"1 minute"},"schema":{"@context":"https:\/\/schema.org","@graph":[{"@type":"WebPage","@id":"https:\/\/micofora.com\/ca\/product\/pi-rovelloner\/","url":"https:\/\/micofora.com\/ca\/product\/pi-rovelloner\/","name":"Pi rovelloner - Micofora","isPartOf":{"@id":"https:\/\/micofora.com\/#website"},"primaryImageOfPage":{"@id":"https:\/\/micofora.com\/ca\/product\/pi-rovelloner\/#primaryimage"},"image":{"@id":"https:\/\/micofora.com\/ca\/product\/pi-rovelloner\/#primaryimage"},"thumbnailUrl":"https:\/\/micofora.com\/wp-content\/uploads\/2016\/07\/pi-rovelloner-al-major-1.jpg","datePublished":"2016-07-28T18:20:47+00:00","dateModified":"2024-09-26T21:25:05+00:00","description":"Pi rovelloner es essencialment un pi que presenta les seves arrels colonitzades per micorizes de rovell\u00f3.","breadcrumb":{"@id":"https:\/\/micofora.com\/ca\/product\/pi-rovelloner\/#breadcrumb"},"inLanguage":"ca","potentialAction":[{"@type":"ReadAction","target":["https:\/\/micofora.com\/ca\/product\/pi-rovelloner\/"]}]},{"@type":"ImageObject","inLanguage":"ca","@id":"https:\/\/micofora.com\/ca\/product\/pi-rovelloner\/#primaryimage","url":"https:\/\/micofora.com\/wp-content\/uploads\/2016\/07\/pi-rovelloner-al-major-1.jpg","contentUrl":"https:\/\/micofora.com\/wp-content\/uploads\/2016\/07\/pi-rovelloner-al-major-1.jpg","width":1000,"height":1333},{"@type":"BreadcrumbList","@id":"https:\/\/micofora.com\/ca\/product\/pi-rovelloner\/#breadcrumb","itemListElement":[{"@type":"ListItem","position":1,"name":"Portada","item":"https:\/\/micofora.com\/ca\/"},{"@type":"ListItem","position":2,"name":"Shop","item":"https:\/\/micofora.com\/ca\/shop\/"},{"@type":"ListItem","position":3,"name":"Pi rovelloner"}]},{"@type":"WebSite","@id":"https:\/\/micofora.com\/#website","url":"https:\/\/micofora.com\/","name":"Micofora","description":"Micologia Forestal &amp; Aplicada","potentialAction":[{"@type":"SearchAction","target":{"@type":"EntryPoint","urlTemplate":"https:\/\/micofora.com\/?s={search_term_string}"},"query-input":{"@type":"PropertyValueSpecification","valueRequired":true,"valueName":"search_term_string"}}],"inLanguage":"ca"}]}},"_links":{"self":[{"href":"https:\/\/micofora.com\/ca\/wp-json\/wp\/v2\/product\/20994","targetHints":{"allow":["GET"]}}],"collection":[{"href":"https:\/\/micofora.com\/ca\/wp-json\/wp\/v2\/product"}],"about":[{"href":"https:\/\/micofora.com\/ca\/wp-json\/wp\/v2\/types\/product"}],"replies":[{"embeddable":true,"href":"https:\/\/micofora.com\/ca\/wp-json\/wp\/v2\/comments?post=20994"}],"wp:featuredmedia":[{"embeddable":true,"href":"https:\/\/micofora.com\/ca\/wp-json\/wp\/v2\/media\/20995"}],"wp:attachment":[{"href":"https:\/\/micofora.com\/ca\/wp-json\/wp\/v2\/media?parent=20994"}],"wp:term":[{"taxonomy":"product_brand","embeddable":true,"href":"https:\/\/micofora.com\/ca\/wp-json\/wp\/v2\/product_brand?post=20994"},{"taxonomy":"product_cat","embeddable":true,"href":"https:\/\/micofora.com\/ca\/wp-json\/wp\/v2\/product_cat?post=20994"},{"taxonomy":"product_tag","embeddable":true,"href":"https:\/\/micofora.com\/ca\/wp-json\/wp\/v2\/product_tag?post=20994"}],"curies":[{"name":"wp","href":"https:\/\/api.w.org\/{rel}","templated":true}]}}