{"id":20403,"date":"2016-08-12T10:48:40","date_gmt":"2016-08-12T10:48:40","guid":{"rendered":"http:\/\/micofora.com\/ca\/producto\/pinus-pinea-x-tuber-borchii-caja-25-unidades\/"},"modified":"2024-09-13T09:50:19","modified_gmt":"2024-09-13T09:50:19","slug":"pinus-pinea-x-tuber-borchii","status":"publish","type":"product","link":"https:\/\/micofora.com\/ca\/producte\/pinus-pinea-x-tuber-borchii\/","title":{"rendered":"Pinus pinea x Tuber borchii"},"content":{"rendered":"<p><strong>Arbres micorrizats amb t\u00f2fona blanca bianchetto Tuber borchii<\/strong><\/p>\n<p>La planta produida sota comanda reb un descompte de 1\u20ac. La reserva de planta amb descompte s\u00b4ha de fer abans del mes de mar\u00e7 de cada any per ser entregada al mar\u00e7 de l\u00b4any seguent. Si es desitja plantar a la tardor planta de dues sabes, aquesta t\u00e9 un sobrecost de 0,5\u20ac.<\/p>\n<p>La resta de planta en estoc ser\u00e0 lliurada per rigor\u00f3s ordre d&#8217;arribada de comandes.<\/p>\n<p>Produim planta amb altres esp\u00e8cies de t\u00f2fona. Sota comanda podem micorizar altres esp\u00e8cies vegetals. Si no troba en la tenda la combinaci\u00f3 que desitja, consulti a micologiaforestal@micofora.com<img decoding=\"async\" class=\"alignnone size-full wp-image-21401\" src=\"https:\/\/micofora.com\/wp-content\/uploads\/2016\/08\/combinacions-planta-tofonera-de-micofora.png\" alt=\"planta micorizada amb t\u00f2fona produida a Catalunya\" width=\"601\" height=\"661\" srcset=\"https:\/\/micofora.com\/wp-content\/uploads\/2016\/08\/combinacions-planta-tofonera-de-micofora-120x132.png 120w, https:\/\/micofora.com\/wp-content\/uploads\/2016\/08\/combinacions-planta-tofonera-de-micofora-200x220.png 200w, https:\/\/micofora.com\/wp-content\/uploads\/2016\/08\/combinacions-planta-tofonera-de-micofora-273x300.png 273w, https:\/\/micofora.com\/wp-content\/uploads\/2016\/08\/combinacions-planta-tofonera-de-micofora-300x330.png 300w, https:\/\/micofora.com\/wp-content\/uploads\/2016\/08\/combinacions-planta-tofonera-de-micofora-400x440.png 400w, https:\/\/micofora.com\/wp-content\/uploads\/2016\/08\/combinacions-planta-tofonera-de-micofora-600x660.png 600w, https:\/\/micofora.com\/wp-content\/uploads\/2016\/08\/combinacions-planta-tofonera-de-micofora.png 601w\" sizes=\"(max-width: 601px) 100vw, 601px\" \/><\/p>\n<p>&nbsp;<\/p>\n<p><img decoding=\"async\" class=\"alignnone size-large wp-image-21287\" src=\"https:\/\/micofora.com\/wp-content\/uploads\/2016\/08\/Captura-de-pantalla-2015-02-08-a-les-23.06.10-1024x509.png\" alt=\"rendimientos de una plantaci\u00f3n de trufa, pi\u00f1\u00f3n y corcho\" width=\"1024\" height=\"509\" srcset=\"https:\/\/micofora.com\/wp-content\/uploads\/2016\/08\/Captura-de-pantalla-2015-02-08-a-les-23.06.10-120x60.png 120w, https:\/\/micofora.com\/wp-content\/uploads\/2016\/08\/Captura-de-pantalla-2015-02-08-a-les-23.06.10-200x99.png 200w, https:\/\/micofora.com\/wp-content\/uploads\/2016\/08\/Captura-de-pantalla-2015-02-08-a-les-23.06.10-300x149.png 300w, https:\/\/micofora.com\/wp-content\/uploads\/2016\/08\/Captura-de-pantalla-2015-02-08-a-les-23.06.10-400x199.png 400w, https:\/\/micofora.com\/wp-content\/uploads\/2016\/08\/Captura-de-pantalla-2015-02-08-a-les-23.06.10-600x298.png 600w, https:\/\/micofora.com\/wp-content\/uploads\/2016\/08\/Captura-de-pantalla-2015-02-08-a-les-23.06.10-768x382.png 768w, https:\/\/micofora.com\/wp-content\/uploads\/2016\/08\/Captura-de-pantalla-2015-02-08-a-les-23.06.10-800x398.png 800w, https:\/\/micofora.com\/wp-content\/uploads\/2016\/08\/Captura-de-pantalla-2015-02-08-a-les-23.06.10-1024x509.png 1024w, https:\/\/micofora.com\/wp-content\/uploads\/2016\/08\/Captura-de-pantalla-2015-02-08-a-les-23.06.10-1200x596.png 1200w, https:\/\/micofora.com\/wp-content\/uploads\/2016\/08\/Captura-de-pantalla-2015-02-08-a-les-23.06.10.png 1322w\" sizes=\"(max-width: 1024px) 100vw, 1024px\" \/><\/p>\n<p>&nbsp;<\/p>\n","protected":false},"excerpt":{"rendered":"<p>Arbres micorrizats amb t\u00f2fona blanca bianchetto Tuber borchii.\u00a0Planta micorrizada de surera, alzina, avellaner i pi pinyoner.<\/p>\n<p>Aix\u00ed mateix, els pins pinyoners poden empeltar-se amb pues de clons altament productius de pinyes, per tal d\u00b4obtenir dues collites, t\u00f2fones i pinyons.<\/p>\n<p>Des de 1989 som productors de planta micorrizada de t\u00f2fona. Actualment en els vivers del Centre de Recerca IRTA a Barcelona<\/p>\n<p>Existeix una relaci\u00f3 directa entre el tamany de la planta i coll d\u2019arrel amb la concentraci\u00f3 de miceli i micorizaci\u00f3, \u00e9s per aix\u00f2 que les nostres plantes reben en viver un programa de fertirrigaci\u00f3, obtenint arbres de major port (20-40cm per 1 any, 40-60cm per 2 anys) i endurits.<\/p>\n<p>Qualitat d\u2019in\u00f2cul: cadascuna de les t\u00f2fones usades \u00e9s analitzada mitjan\u00e7ant ADN i microsc\u00f2pia.<\/p>\n<p>Nivells de micorizaci\u00f3 mitjans per a un any del 50% i 70% en el segon.<\/p>\n<p>Producci\u00f3 de planta tofonera a Barcelona, Xile, M\u00e8xic, USA i Sud-\u00e0frica i projectes de truficultura en els 5 continents. Treballant amb nosaltres tens acc\u00e9s a la major base de dades i informaci\u00f3 procedent de plantacions a tot el m\u00f3n.<\/p>\n<p>&nbsp;<\/p>\n","protected":false},"featured_media":20404,"comment_status":"open","ping_status":"closed","template":"","meta":[],"product_brand":[],"product_cat":[657],"product_tag":[],"class_list":{"0":"post-20403","1":"product","2":"type-product","3":"status-publish","4":"has-post-thumbnail","6":"product_cat-productes-per-tubericultura","8":"first","9":"instock","10":"taxable","11":"shipping-taxable","12":"purchasable","13":"product-type-simple"},"yoast_head":"<!-- This site is optimized with the Yoast SEO plugin v27.6 - https:\/\/yoast.com\/product\/yoast-seo-wordpress\/ -->\n<title>arbres micorrizats amb t\u00f2fona blanca bianchetto Tuber borchii<\/title>\n<meta name=\"description\" content=\"produim arbres micorrizats amb t\u00f2fona blanca bianchetto Tuber borchii. Els pins pinyoners empeltats amb clons altament productius de pinyes\" \/>\n<meta name=\"robots\" content=\"index, follow, max-snippet:-1, max-image-preview:large, max-video-preview:-1\" \/>\n<link rel=\"canonical\" href=\"https:\/\/micofora.com\/ca\/product\/pinus-pinea-x-tuber-borchii\/\" \/>\n<meta property=\"og:locale\" content=\"ca_ES\" \/>\n<meta property=\"og:type\" content=\"article\" \/>\n<meta property=\"og:title\" content=\"arbres micorrizats amb t\u00f2fona blanca bianchetto Tuber borchii\" \/>\n<meta property=\"og:description\" content=\"produim arbres micorrizats amb t\u00f2fona blanca bianchetto Tuber borchii. Els pins pinyoners empeltats amb clons altament productius de pinyes\" \/>\n<meta property=\"og:url\" content=\"https:\/\/micofora.com\/ca\/product\/pinus-pinea-x-tuber-borchii\/\" \/>\n<meta property=\"og:site_name\" content=\"Micofora\" \/>\n<meta property=\"article:modified_time\" content=\"2024-09-13T09:50:19+00:00\" \/>\n<meta property=\"og:image\" content=\"https:\/\/micofora.com\/wp-content\/uploads\/2016\/08\/pi-borchii.jpg\" \/>\n\t<meta property=\"og:image:width\" content=\"1000\" \/>\n\t<meta property=\"og:image:height\" content=\"1778\" \/>\n\t<meta property=\"og:image:type\" content=\"image\/jpeg\" \/>\n<meta name=\"twitter:card\" content=\"summary_large_image\" \/>\n<meta name=\"twitter:label1\" content=\"Est. reading time\" \/>\n\t<meta name=\"twitter:data1\" content=\"2 minutes\" \/>\n<script type=\"application\/ld+json\" class=\"yoast-schema-graph\">{\"@context\":\"https:\\\/\\\/schema.org\",\"@graph\":[{\"@type\":\"WebPage\",\"@id\":\"https:\\\/\\\/micofora.com\\\/ca\\\/product\\\/pinus-pinea-x-tuber-borchii\\\/\",\"url\":\"https:\\\/\\\/micofora.com\\\/ca\\\/product\\\/pinus-pinea-x-tuber-borchii\\\/\",\"name\":\"arbres micorrizats amb t\u00f2fona blanca bianchetto Tuber borchii\",\"isPartOf\":{\"@id\":\"https:\\\/\\\/micofora.com\\\/#website\"},\"primaryImageOfPage\":{\"@id\":\"https:\\\/\\\/micofora.com\\\/ca\\\/product\\\/pinus-pinea-x-tuber-borchii\\\/#primaryimage\"},\"image\":{\"@id\":\"https:\\\/\\\/micofora.com\\\/ca\\\/product\\\/pinus-pinea-x-tuber-borchii\\\/#primaryimage\"},\"thumbnailUrl\":\"https:\\\/\\\/micofora.com\\\/wp-content\\\/uploads\\\/2016\\\/08\\\/pi-borchii.jpg\",\"datePublished\":\"2016-08-12T10:48:40+00:00\",\"dateModified\":\"2024-09-13T09:50:19+00:00\",\"description\":\"produim arbres micorrizats amb t\u00f2fona blanca bianchetto Tuber borchii. Els pins pinyoners empeltats amb clons altament productius de pinyes\",\"breadcrumb\":{\"@id\":\"https:\\\/\\\/micofora.com\\\/ca\\\/product\\\/pinus-pinea-x-tuber-borchii\\\/#breadcrumb\"},\"inLanguage\":\"ca\",\"potentialAction\":[{\"@type\":\"ReadAction\",\"target\":[\"https:\\\/\\\/micofora.com\\\/ca\\\/product\\\/pinus-pinea-x-tuber-borchii\\\/\"]}]},{\"@type\":\"ImageObject\",\"inLanguage\":\"ca\",\"@id\":\"https:\\\/\\\/micofora.com\\\/ca\\\/product\\\/pinus-pinea-x-tuber-borchii\\\/#primaryimage\",\"url\":\"https:\\\/\\\/micofora.com\\\/wp-content\\\/uploads\\\/2016\\\/08\\\/pi-borchii.jpg\",\"contentUrl\":\"https:\\\/\\\/micofora.com\\\/wp-content\\\/uploads\\\/2016\\\/08\\\/pi-borchii.jpg\",\"width\":1000,\"height\":1778},{\"@type\":\"BreadcrumbList\",\"@id\":\"https:\\\/\\\/micofora.com\\\/ca\\\/product\\\/pinus-pinea-x-tuber-borchii\\\/#breadcrumb\",\"itemListElement\":[{\"@type\":\"ListItem\",\"position\":1,\"name\":\"Portada\",\"item\":\"https:\\\/\\\/micofora.com\\\/ca\\\/\"},{\"@type\":\"ListItem\",\"position\":2,\"name\":\"Shop\",\"item\":\"https:\\\/\\\/micofora.com\\\/ca\\\/shop\\\/\"},{\"@type\":\"ListItem\",\"position\":3,\"name\":\"Pinus pinea x Tuber borchii\"}]},{\"@type\":\"WebSite\",\"@id\":\"https:\\\/\\\/micofora.com\\\/#website\",\"url\":\"https:\\\/\\\/micofora.com\\\/\",\"name\":\"Micofora\",\"description\":\"Micologia Forestal &amp; Aplicada\",\"potentialAction\":[{\"@type\":\"SearchAction\",\"target\":{\"@type\":\"EntryPoint\",\"urlTemplate\":\"https:\\\/\\\/micofora.com\\\/?s={search_term_string}\"},\"query-input\":{\"@type\":\"PropertyValueSpecification\",\"valueRequired\":true,\"valueName\":\"search_term_string\"}}],\"inLanguage\":\"ca\"}]}<\/script>\n<!-- \/ Yoast SEO plugin. -->","yoast_head_json":{"title":"arbres micorrizats amb t\u00f2fona blanca bianchetto Tuber borchii","description":"produim arbres micorrizats amb t\u00f2fona blanca bianchetto Tuber borchii. Els pins pinyoners empeltats amb clons altament productius de pinyes","robots":{"index":"index","follow":"follow","max-snippet":"max-snippet:-1","max-image-preview":"max-image-preview:large","max-video-preview":"max-video-preview:-1"},"canonical":"https:\/\/micofora.com\/ca\/product\/pinus-pinea-x-tuber-borchii\/","og_locale":"ca_ES","og_type":"article","og_title":"arbres micorrizats amb t\u00f2fona blanca bianchetto Tuber borchii","og_description":"produim arbres micorrizats amb t\u00f2fona blanca bianchetto Tuber borchii. Els pins pinyoners empeltats amb clons altament productius de pinyes","og_url":"https:\/\/micofora.com\/ca\/product\/pinus-pinea-x-tuber-borchii\/","og_site_name":"Micofora","article_modified_time":"2024-09-13T09:50:19+00:00","og_image":[{"width":1000,"height":1778,"url":"https:\/\/micofora.com\/wp-content\/uploads\/2016\/08\/pi-borchii.jpg","type":"image\/jpeg"}],"twitter_card":"summary_large_image","twitter_misc":{"Est. reading time":"2 minutes"},"schema":{"@context":"https:\/\/schema.org","@graph":[{"@type":"WebPage","@id":"https:\/\/micofora.com\/ca\/product\/pinus-pinea-x-tuber-borchii\/","url":"https:\/\/micofora.com\/ca\/product\/pinus-pinea-x-tuber-borchii\/","name":"arbres micorrizats amb t\u00f2fona blanca bianchetto Tuber borchii","isPartOf":{"@id":"https:\/\/micofora.com\/#website"},"primaryImageOfPage":{"@id":"https:\/\/micofora.com\/ca\/product\/pinus-pinea-x-tuber-borchii\/#primaryimage"},"image":{"@id":"https:\/\/micofora.com\/ca\/product\/pinus-pinea-x-tuber-borchii\/#primaryimage"},"thumbnailUrl":"https:\/\/micofora.com\/wp-content\/uploads\/2016\/08\/pi-borchii.jpg","datePublished":"2016-08-12T10:48:40+00:00","dateModified":"2024-09-13T09:50:19+00:00","description":"produim arbres micorrizats amb t\u00f2fona blanca bianchetto Tuber borchii. Els pins pinyoners empeltats amb clons altament productius de pinyes","breadcrumb":{"@id":"https:\/\/micofora.com\/ca\/product\/pinus-pinea-x-tuber-borchii\/#breadcrumb"},"inLanguage":"ca","potentialAction":[{"@type":"ReadAction","target":["https:\/\/micofora.com\/ca\/product\/pinus-pinea-x-tuber-borchii\/"]}]},{"@type":"ImageObject","inLanguage":"ca","@id":"https:\/\/micofora.com\/ca\/product\/pinus-pinea-x-tuber-borchii\/#primaryimage","url":"https:\/\/micofora.com\/wp-content\/uploads\/2016\/08\/pi-borchii.jpg","contentUrl":"https:\/\/micofora.com\/wp-content\/uploads\/2016\/08\/pi-borchii.jpg","width":1000,"height":1778},{"@type":"BreadcrumbList","@id":"https:\/\/micofora.com\/ca\/product\/pinus-pinea-x-tuber-borchii\/#breadcrumb","itemListElement":[{"@type":"ListItem","position":1,"name":"Portada","item":"https:\/\/micofora.com\/ca\/"},{"@type":"ListItem","position":2,"name":"Shop","item":"https:\/\/micofora.com\/ca\/shop\/"},{"@type":"ListItem","position":3,"name":"Pinus pinea x Tuber borchii"}]},{"@type":"WebSite","@id":"https:\/\/micofora.com\/#website","url":"https:\/\/micofora.com\/","name":"Micofora","description":"Micologia Forestal &amp; Aplicada","potentialAction":[{"@type":"SearchAction","target":{"@type":"EntryPoint","urlTemplate":"https:\/\/micofora.com\/?s={search_term_string}"},"query-input":{"@type":"PropertyValueSpecification","valueRequired":true,"valueName":"search_term_string"}}],"inLanguage":"ca"}]}},"_links":{"self":[{"href":"https:\/\/micofora.com\/ca\/wp-json\/wp\/v2\/product\/20403","targetHints":{"allow":["GET"]}}],"collection":[{"href":"https:\/\/micofora.com\/ca\/wp-json\/wp\/v2\/product"}],"about":[{"href":"https:\/\/micofora.com\/ca\/wp-json\/wp\/v2\/types\/product"}],"replies":[{"embeddable":true,"href":"https:\/\/micofora.com\/ca\/wp-json\/wp\/v2\/comments?post=20403"}],"wp:featuredmedia":[{"embeddable":true,"href":"https:\/\/micofora.com\/ca\/wp-json\/wp\/v2\/media\/20404"}],"wp:attachment":[{"href":"https:\/\/micofora.com\/ca\/wp-json\/wp\/v2\/media?parent=20403"}],"wp:term":[{"taxonomy":"product_brand","embeddable":true,"href":"https:\/\/micofora.com\/ca\/wp-json\/wp\/v2\/product_brand?post=20403"},{"taxonomy":"product_cat","embeddable":true,"href":"https:\/\/micofora.com\/ca\/wp-json\/wp\/v2\/product_cat?post=20403"},{"taxonomy":"product_tag","embeddable":true,"href":"https:\/\/micofora.com\/ca\/wp-json\/wp\/v2\/product_tag?post=20403"}],"curies":[{"name":"wp","href":"https:\/\/api.w.org\/{rel}","templated":true}]}}