{"id":20355,"date":"2016-09-26T15:34:57","date_gmt":"2016-09-26T15:34:57","guid":{"rendered":"http:\/\/micofora.com\/ca\/producto\/sustrato-para-nidos\/"},"modified":"2025-10-17T08:11:05","modified_gmt":"2025-10-17T08:11:05","slug":"substrats-amb-espores-per-truficultura","status":"publish","type":"product","link":"https:\/\/micofora.com\/ca\/producte\/substrats-amb-espores-per-truficultura\/","title":{"rendered":"Substrats amb espores per truficultura"},"content":{"rendered":"<p><strong>Sustrat amb espores per truficultura o per fer pous amb t\u00f2fones<\/strong><\/p>\n<p><img decoding=\"async\" class=\"alignnone size-full wp-image-23680\" src=\"https:\/\/micofora.com\/wp-content\/uploads\/2016\/09\/sexualidad-trufa-negra-actualizado.png\" alt=\"\" width=\"1202\" height=\"773\" srcset=\"https:\/\/micofora.com\/wp-content\/uploads\/2016\/09\/sexualidad-trufa-negra-actualizado-200x129.png 200w, https:\/\/micofora.com\/wp-content\/uploads\/2016\/09\/sexualidad-trufa-negra-actualizado-300x193.png 300w, https:\/\/micofora.com\/wp-content\/uploads\/2016\/09\/sexualidad-trufa-negra-actualizado-400x257.png 400w, https:\/\/micofora.com\/wp-content\/uploads\/2016\/09\/sexualidad-trufa-negra-actualizado-460x295.png 460w, https:\/\/micofora.com\/wp-content\/uploads\/2016\/09\/sexualidad-trufa-negra-actualizado-600x386.png 600w, https:\/\/micofora.com\/wp-content\/uploads\/2016\/09\/sexualidad-trufa-negra-actualizado-768x494.png 768w, https:\/\/micofora.com\/wp-content\/uploads\/2016\/09\/sexualidad-trufa-negra-actualizado-800x514.png 800w, https:\/\/micofora.com\/wp-content\/uploads\/2016\/09\/sexualidad-trufa-negra-actualizado-1024x659.png 1024w, https:\/\/micofora.com\/wp-content\/uploads\/2016\/09\/sexualidad-trufa-negra-actualizado-1200x772.png 1200w, https:\/\/micofora.com\/wp-content\/uploads\/2016\/09\/sexualidad-trufa-negra-actualizado.png 1202w\" sizes=\"(max-width: 1202px) 100vw, 1202px\" \/><\/p>\n<p>La t\u00f2fona negra t\u00e9 dos sexes, necessaris per a la reproducci\u00f3 sexual i per formar el fruit o la t\u00f2fona. Quan fem seguiment d&#8217;aquests sexes en una plantaci\u00f3 observem com un d\u00b4ells acaba despla\u00e7ant a l&#8217;altre i \u00e9s per aix\u00f2 que quan les plantacions arriben a l&#8217;edat de producci\u00f3 (6-8 anys) la meitat dels arbres han perdut uns dels dos sexes i no poden fructificar. D\u00b4altra banda sabem que totes les micorizes s\u00f3n femmela i el mascle prov\u00e9 quasi en exclusiva d\u00b4espores que germinen.<br \/>\nPer contrarestar aquest efecte, es recomana l&#8217;\u00fas de substrats amb espores de t\u00f2fones.<\/p>\n<p>Formes d\u00b4aplicaci\u00f3 del substrat per a Truficultura<br \/>\n<img decoding=\"async\" class=\"size-full wp-image-21043 aligncenter\" src=\"https:\/\/micofora.com\/wp-content\/uploads\/2016\/09\/Imagen-1.jpg\" alt=\"Sustrato con esporas para truficultura\" width=\"425\" height=\"240\" srcset=\"https:\/\/micofora.com\/wp-content\/uploads\/2016\/09\/Imagen-1-120x68.jpg 120w, https:\/\/micofora.com\/wp-content\/uploads\/2016\/09\/Imagen-1-200x113.jpg 200w, https:\/\/micofora.com\/wp-content\/uploads\/2016\/09\/Imagen-1-300x169.jpg 300w, https:\/\/micofora.com\/wp-content\/uploads\/2016\/09\/Imagen-1-400x226.jpg 400w, https:\/\/micofora.com\/wp-content\/uploads\/2016\/09\/Imagen-1.jpg 425w\" sizes=\"(max-width: 425px) 100vw, 425px\" \/><\/p>\n<p><img decoding=\"async\" class=\"aligncenter size-full wp-image-21059\" src=\"https:\/\/micofora.com\/wp-content\/uploads\/2016\/09\/apliccion-1.jpg\" alt=\"apliccion-1\" width=\"425\" height=\"245\" srcset=\"https:\/\/micofora.com\/wp-content\/uploads\/2016\/09\/apliccion-1-120x69.jpg 120w, https:\/\/micofora.com\/wp-content\/uploads\/2016\/09\/apliccion-1-200x115.jpg 200w, https:\/\/micofora.com\/wp-content\/uploads\/2016\/09\/apliccion-1-300x173.jpg 300w, https:\/\/micofora.com\/wp-content\/uploads\/2016\/09\/apliccion-1-400x231.jpg 400w, https:\/\/micofora.com\/wp-content\/uploads\/2016\/09\/apliccion-1.jpg 425w\" sizes=\"(max-width: 425px) 100vw, 425px\" \/><\/p>\n<p><img decoding=\"async\" class=\"aligncenter size-full wp-image-21051\" src=\"https:\/\/micofora.com\/wp-content\/uploads\/2016\/09\/aplicacion2.jpg\" alt=\"aplicacion2\" width=\"425\" height=\"321\" srcset=\"https:\/\/micofora.com\/wp-content\/uploads\/2016\/09\/aplicacion2-120x91.jpg 120w, https:\/\/micofora.com\/wp-content\/uploads\/2016\/09\/aplicacion2-200x151.jpg 200w, https:\/\/micofora.com\/wp-content\/uploads\/2016\/09\/aplicacion2-300x227.jpg 300w, https:\/\/micofora.com\/wp-content\/uploads\/2016\/09\/aplicacion2-400x302.jpg 400w, https:\/\/micofora.com\/wp-content\/uploads\/2016\/09\/aplicacion2.jpg 425w\" sizes=\"(max-width: 425px) 100vw, 425px\" \/><\/p>\n<p>&nbsp;<\/p>\n<p><img decoding=\"async\" class=\"aligncenter wp-image-22404 size-full\" src=\"https:\/\/micofora.com\/wp-content\/uploads\/2016\/09\/PROS-Y-CONTRAS-DE-LOS-SUSTRATOS.png\" width=\"708\" height=\"527\" srcset=\"https:\/\/micofora.com\/wp-content\/uploads\/2016\/09\/PROS-Y-CONTRAS-DE-LOS-SUSTRATOS-120x89.png 120w, https:\/\/micofora.com\/wp-content\/uploads\/2016\/09\/PROS-Y-CONTRAS-DE-LOS-SUSTRATOS-200x149.png 200w, https:\/\/micofora.com\/wp-content\/uploads\/2016\/09\/PROS-Y-CONTRAS-DE-LOS-SUSTRATOS-300x223.png 300w, https:\/\/micofora.com\/wp-content\/uploads\/2016\/09\/PROS-Y-CONTRAS-DE-LOS-SUSTRATOS-400x298.png 400w, https:\/\/micofora.com\/wp-content\/uploads\/2016\/09\/PROS-Y-CONTRAS-DE-LOS-SUSTRATOS-600x447.png 600w, https:\/\/micofora.com\/wp-content\/uploads\/2016\/09\/PROS-Y-CONTRAS-DE-LOS-SUSTRATOS.png 708w\" sizes=\"(max-width: 708px) 100vw, 708px\" \/><\/p>\n<p><img decoding=\"async\" class=\"aligncenter size-full wp-image-21051\" src=\"https:\/\/micofora.com\/wp-content\/uploads\/2016\/09\/aplicacion2.jpg\" alt=\"aplicacion2\" width=\"425\" height=\"321\" srcset=\"https:\/\/micofora.com\/wp-content\/uploads\/2016\/09\/aplicacion2-120x91.jpg 120w, https:\/\/micofora.com\/wp-content\/uploads\/2016\/09\/aplicacion2-200x151.jpg 200w, https:\/\/micofora.com\/wp-content\/uploads\/2016\/09\/aplicacion2-300x227.jpg 300w, https:\/\/micofora.com\/wp-content\/uploads\/2016\/09\/aplicacion2-400x302.jpg 400w, https:\/\/micofora.com\/wp-content\/uploads\/2016\/09\/aplicacion2.jpg 425w\" sizes=\"(max-width: 425px) 100vw, 425px\" \/><\/p>\n","protected":false},"excerpt":{"rendered":"<p>A MF&amp;A produ\u00efm substrat especial per truficultura, que ja t\u00e9 incorporat l&#8217;inocul de Tuber melanosporum en la quantitat necess\u00e0ria per generar noves micorrizas i aportar el sexe complementari perqu\u00e8 la t\u00f2fona fructifiqui.<br \/>\nEl major avantatge d&#8217;usar aquest in\u00f2cul \u00e9s que prov\u00e9 de t\u00f2fones analitzades una a una amb ADN i al microscopi, analitzant el nivell de maduraci\u00f3 de les espores i certificant que no pot haver-hi cap altra varietat de t\u00f2fona (xinesa, brumale, etc).<\/p>\n<p>Substrat amb pH tamponat i enriquit en Calci.<\/p>\n<p><img decoding=\"async\" class=\"alignnone size-full wp-image-23666\" src=\"https:\/\/micofora.com\/wp-content\/uploads\/2016\/09\/highlights.jpg\" alt=\"\" width=\"855\" height=\"335\" srcset=\"https:\/\/micofora.com\/wp-content\/uploads\/2016\/09\/highlights-200x78.jpg 200w, https:\/\/micofora.com\/wp-content\/uploads\/2016\/09\/highlights-300x118.jpg 300w, https:\/\/micofora.com\/wp-content\/uploads\/2016\/09\/highlights-400x157.jpg 400w, https:\/\/micofora.com\/wp-content\/uploads\/2016\/09\/highlights-600x235.jpg 600w, https:\/\/micofora.com\/wp-content\/uploads\/2016\/09\/highlights-768x301.jpg 768w, https:\/\/micofora.com\/wp-content\/uploads\/2016\/09\/highlights-800x313.jpg 800w, https:\/\/micofora.com\/wp-content\/uploads\/2016\/09\/highlights.jpg 855w\" sizes=\"(max-width: 855px) 100vw, 855px\" \/><br \/>\nD&#8217;altra banda s&#8217;usen t\u00f2fones de primera qualitat sense larves d&#8217;insectes. A aix\u00f2 se suma que el mateix substrat tamb\u00e9 ha rebut un tractament de calor pr\u00e8via i per aix\u00f2 est\u00e0 lliure d&#8217;insectes com Leiodes o escarabat de la t\u00f2fona, que es podria incorporar usant t\u00f2fones de baixa qualitat o foradades.<br \/>\nAvui dia coneixem m\u00e9s a fons com s&#8217;intercanvien nutrients arbre i t\u00f2fona. A trav\u00e9s d&#8217;un <a href=\"https:\/\/micofora.com\/ca\/portfolio-items\/proyecto-investigacion-bacterias-y-trufas\/\" target=\"_blank\" rel=\"noopener\">projecte de recerca Torres Quevedo <\/a>hem desenvolupat un bioestimulant bacteri\u00e0 que barregem en el substrat per afavorir el desenvolupament miceliar. Aix\u00ed mateix, fruit d&#8217;un altre <a href=\"https:\/\/micofora.com\/ca\/portfolio-items\/proyecto-id-para-el-desarrollo-de-un-abono-para-cultivo-de-trufas\/\" target=\"_blank\" rel=\"noopener\">projecte de recerca amb l\u00b4\u00a0IRTA<\/a> neix el formulat per fertilitzar les plantes al moment de plantaci\u00f3, que hem afegit al format de SUBSTRAT PER A PLANTACI\u00d3<\/p>\n<p>Aquest producte t\u00e9 la <strong>certificaci\u00f3 per Agricultura Ecol\u00f2gica<\/strong> CCPAE\u00a0 <img decoding=\"async\" class=\"wp-image-25632 alignright\" src=\"https:\/\/micofora.com\/wp-content\/uploads\/2016\/09\/CCPAE.png\" alt=\"CCPAE\" width=\"252\" height=\"180\" srcset=\"https:\/\/micofora.com\/wp-content\/uploads\/2016\/09\/CCPAE-200x142.png 200w, https:\/\/micofora.com\/wp-content\/uploads\/2016\/09\/CCPAE-300x214.png 300w, https:\/\/micofora.com\/wp-content\/uploads\/2016\/09\/CCPAE-400x285.png 400w, https:\/\/micofora.com\/wp-content\/uploads\/2016\/09\/CCPAE.png 562w\" sizes=\"(max-width: 252px) 100vw, 252px\" \/><\/p>\n<p>Produim 3 FORMATS d\u00b4aquest producte:<\/p>\n<ul>\n<li>Per plantaci\u00f3 (1 litre\/arbre). Preu sac 50 L: 20 \u20ac<\/li>\n<li>Per plantes de 4-10 anys (10 litres\/arbre). Preu sac 50 L: 16 \u20ac<\/li>\n<li>Per plantes de &gt;10 anys (10 litres\/arbre).Preu sac 50 L: 18,50 \u20ac<\/li>\n<\/ul>\n<p>NOTA:\u00a0<strong>IVA i ports no inclosos<\/strong>. Aquest producte NO est\u00e0 en STOCK.\u00a0 Es poden fer reserves durant tot l\u00b4any fins a gener. Les comandes es\u00a0serviran del 15 de febrer al 15 de mar\u00e7. Contacteu al tel\u00e8fon 609864552<\/p>\n<p>Els sacs es venen al detall o en palets.\u00a0 Un palet complert cont\u00e9 45 sacs (substrat per 225 plantes, a 10L\/arbre).<\/p>\n","protected":false},"featured_media":23671,"comment_status":"open","ping_status":"closed","template":"","meta":[],"product_brand":[],"product_cat":[657],"product_tag":[],"class_list":{"0":"post-20355","1":"product","2":"type-product","3":"status-publish","4":"has-post-thumbnail","6":"product_cat-productes-per-tubericultura","8":"first","9":"outofstock","10":"taxable","11":"shipping-taxable","12":"purchasable","13":"product-type-variable"},"yoast_head":"<!-- This site is optimized with the Yoast SEO plugin v27.4 - https:\/\/yoast.com\/product\/yoast-seo-wordpress\/ -->\n<title>Sustrat amb espores truficultura i pous amb t\u00f2fones. Inocul pur analitzat amb ADN<\/title>\n<meta name=\"description\" content=\"A MF&amp;A produ\u00efm substrat especial per truficultura. Pous amb t\u00f2fones. amb espores o inocul pur analitzat amb ADN. T\u00f2fones m\u00e9s rodones i de m\u00e9s qualitat\" \/>\n<meta name=\"robots\" content=\"index, follow, max-snippet:-1, max-image-preview:large, max-video-preview:-1\" \/>\n<link rel=\"canonical\" href=\"https:\/\/micofora.com\/ca\/producte\/substrats-amb-espores-per-truficultura\/\" \/>\n<meta property=\"og:locale\" content=\"ca_ES\" \/>\n<meta property=\"og:type\" content=\"article\" \/>\n<meta property=\"og:title\" content=\"Sustrat amb espores truficultura i pous amb t\u00f2fones. Inocul pur analitzat amb ADN\" \/>\n<meta property=\"og:description\" content=\"A MF&amp;A produ\u00efm substrat especial per truficultura. Pous amb t\u00f2fones. amb espores o inocul pur analitzat amb ADN. T\u00f2fones m\u00e9s rodones i de m\u00e9s qualitat\" \/>\n<meta property=\"og:url\" content=\"https:\/\/micofora.com\/ca\/producte\/substrats-amb-espores-per-truficultura\/\" \/>\n<meta property=\"og:site_name\" content=\"Micofora\" \/>\n<meta property=\"article:modified_time\" content=\"2025-10-17T08:11:05+00:00\" \/>\n<meta property=\"og:image\" content=\"https:\/\/micofora.com\/wp-content\/uploads\/2016\/09\/BOLSA-DE-SUSTRATO2.jpg\" \/>\n\t<meta property=\"og:image:width\" content=\"3543\" \/>\n\t<meta property=\"og:image:height\" content=\"4961\" \/>\n\t<meta property=\"og:image:type\" content=\"image\/jpeg\" \/>\n<meta name=\"twitter:card\" content=\"summary_large_image\" \/>\n<meta name=\"twitter:label1\" content=\"Est. reading time\" \/>\n\t<meta name=\"twitter:data1\" content=\"2 minutes\" \/>\n<script type=\"application\/ld+json\" class=\"yoast-schema-graph\">{\"@context\":\"https:\\\/\\\/schema.org\",\"@graph\":[{\"@type\":\"WebPage\",\"@id\":\"https:\\\/\\\/micofora.com\\\/ca\\\/producte\\\/substrats-amb-espores-per-truficultura\\\/\",\"url\":\"https:\\\/\\\/micofora.com\\\/ca\\\/producte\\\/substrats-amb-espores-per-truficultura\\\/\",\"name\":\"Sustrat amb espores truficultura i pous amb t\u00f2fones. Inocul pur analitzat amb ADN\",\"isPartOf\":{\"@id\":\"https:\\\/\\\/micofora.com\\\/#website\"},\"primaryImageOfPage\":{\"@id\":\"https:\\\/\\\/micofora.com\\\/ca\\\/producte\\\/substrats-amb-espores-per-truficultura\\\/#primaryimage\"},\"image\":{\"@id\":\"https:\\\/\\\/micofora.com\\\/ca\\\/producte\\\/substrats-amb-espores-per-truficultura\\\/#primaryimage\"},\"thumbnailUrl\":\"https:\\\/\\\/micofora.com\\\/wp-content\\\/uploads\\\/2016\\\/09\\\/BOLSA-DE-SUSTRATO2-scaled.jpg\",\"datePublished\":\"2016-09-26T15:34:57+00:00\",\"dateModified\":\"2025-10-17T08:11:05+00:00\",\"description\":\"A MF&A produ\u00efm substrat especial per truficultura. Pous amb t\u00f2fones. amb espores o inocul pur analitzat amb ADN. T\u00f2fones m\u00e9s rodones i de m\u00e9s qualitat\",\"breadcrumb\":{\"@id\":\"https:\\\/\\\/micofora.com\\\/ca\\\/producte\\\/substrats-amb-espores-per-truficultura\\\/#breadcrumb\"},\"inLanguage\":\"ca\",\"potentialAction\":[{\"@type\":\"ReadAction\",\"target\":[\"https:\\\/\\\/micofora.com\\\/ca\\\/producte\\\/substrats-amb-espores-per-truficultura\\\/\"]}]},{\"@type\":\"ImageObject\",\"inLanguage\":\"ca\",\"@id\":\"https:\\\/\\\/micofora.com\\\/ca\\\/producte\\\/substrats-amb-espores-per-truficultura\\\/#primaryimage\",\"url\":\"https:\\\/\\\/micofora.com\\\/wp-content\\\/uploads\\\/2016\\\/09\\\/BOLSA-DE-SUSTRATO2-scaled.jpg\",\"contentUrl\":\"https:\\\/\\\/micofora.com\\\/wp-content\\\/uploads\\\/2016\\\/09\\\/BOLSA-DE-SUSTRATO2-scaled.jpg\",\"width\":1828,\"height\":2560},{\"@type\":\"BreadcrumbList\",\"@id\":\"https:\\\/\\\/micofora.com\\\/ca\\\/producte\\\/substrats-amb-espores-per-truficultura\\\/#breadcrumb\",\"itemListElement\":[{\"@type\":\"ListItem\",\"position\":1,\"name\":\"Portada\",\"item\":\"https:\\\/\\\/micofora.com\\\/ca\\\/\"},{\"@type\":\"ListItem\",\"position\":2,\"name\":\"Shop\",\"item\":\"https:\\\/\\\/micofora.com\\\/ca\\\/shop\\\/\"},{\"@type\":\"ListItem\",\"position\":3,\"name\":\"Substrats amb espores per truficultura\"}]},{\"@type\":\"WebSite\",\"@id\":\"https:\\\/\\\/micofora.com\\\/#website\",\"url\":\"https:\\\/\\\/micofora.com\\\/\",\"name\":\"Micofora\",\"description\":\"Micologia Forestal &amp; Aplicada\",\"potentialAction\":[{\"@type\":\"SearchAction\",\"target\":{\"@type\":\"EntryPoint\",\"urlTemplate\":\"https:\\\/\\\/micofora.com\\\/?s={search_term_string}\"},\"query-input\":{\"@type\":\"PropertyValueSpecification\",\"valueRequired\":true,\"valueName\":\"search_term_string\"}}],\"inLanguage\":\"ca\"}]}<\/script>\n<!-- \/ Yoast SEO plugin. -->","yoast_head_json":{"title":"Sustrat amb espores truficultura i pous amb t\u00f2fones. Inocul pur analitzat amb ADN","description":"A MF&A produ\u00efm substrat especial per truficultura. Pous amb t\u00f2fones. amb espores o inocul pur analitzat amb ADN. T\u00f2fones m\u00e9s rodones i de m\u00e9s qualitat","robots":{"index":"index","follow":"follow","max-snippet":"max-snippet:-1","max-image-preview":"max-image-preview:large","max-video-preview":"max-video-preview:-1"},"canonical":"https:\/\/micofora.com\/ca\/producte\/substrats-amb-espores-per-truficultura\/","og_locale":"ca_ES","og_type":"article","og_title":"Sustrat amb espores truficultura i pous amb t\u00f2fones. Inocul pur analitzat amb ADN","og_description":"A MF&A produ\u00efm substrat especial per truficultura. Pous amb t\u00f2fones. amb espores o inocul pur analitzat amb ADN. T\u00f2fones m\u00e9s rodones i de m\u00e9s qualitat","og_url":"https:\/\/micofora.com\/ca\/producte\/substrats-amb-espores-per-truficultura\/","og_site_name":"Micofora","article_modified_time":"2025-10-17T08:11:05+00:00","og_image":[{"width":3543,"height":4961,"url":"https:\/\/micofora.com\/wp-content\/uploads\/2016\/09\/BOLSA-DE-SUSTRATO2.jpg","type":"image\/jpeg"}],"twitter_card":"summary_large_image","twitter_misc":{"Est. reading time":"2 minutes"},"schema":{"@context":"https:\/\/schema.org","@graph":[{"@type":"WebPage","@id":"https:\/\/micofora.com\/ca\/producte\/substrats-amb-espores-per-truficultura\/","url":"https:\/\/micofora.com\/ca\/producte\/substrats-amb-espores-per-truficultura\/","name":"Sustrat amb espores truficultura i pous amb t\u00f2fones. Inocul pur analitzat amb ADN","isPartOf":{"@id":"https:\/\/micofora.com\/#website"},"primaryImageOfPage":{"@id":"https:\/\/micofora.com\/ca\/producte\/substrats-amb-espores-per-truficultura\/#primaryimage"},"image":{"@id":"https:\/\/micofora.com\/ca\/producte\/substrats-amb-espores-per-truficultura\/#primaryimage"},"thumbnailUrl":"https:\/\/micofora.com\/wp-content\/uploads\/2016\/09\/BOLSA-DE-SUSTRATO2-scaled.jpg","datePublished":"2016-09-26T15:34:57+00:00","dateModified":"2025-10-17T08:11:05+00:00","description":"A MF&A produ\u00efm substrat especial per truficultura. Pous amb t\u00f2fones. amb espores o inocul pur analitzat amb ADN. T\u00f2fones m\u00e9s rodones i de m\u00e9s qualitat","breadcrumb":{"@id":"https:\/\/micofora.com\/ca\/producte\/substrats-amb-espores-per-truficultura\/#breadcrumb"},"inLanguage":"ca","potentialAction":[{"@type":"ReadAction","target":["https:\/\/micofora.com\/ca\/producte\/substrats-amb-espores-per-truficultura\/"]}]},{"@type":"ImageObject","inLanguage":"ca","@id":"https:\/\/micofora.com\/ca\/producte\/substrats-amb-espores-per-truficultura\/#primaryimage","url":"https:\/\/micofora.com\/wp-content\/uploads\/2016\/09\/BOLSA-DE-SUSTRATO2-scaled.jpg","contentUrl":"https:\/\/micofora.com\/wp-content\/uploads\/2016\/09\/BOLSA-DE-SUSTRATO2-scaled.jpg","width":1828,"height":2560},{"@type":"BreadcrumbList","@id":"https:\/\/micofora.com\/ca\/producte\/substrats-amb-espores-per-truficultura\/#breadcrumb","itemListElement":[{"@type":"ListItem","position":1,"name":"Portada","item":"https:\/\/micofora.com\/ca\/"},{"@type":"ListItem","position":2,"name":"Shop","item":"https:\/\/micofora.com\/ca\/shop\/"},{"@type":"ListItem","position":3,"name":"Substrats amb espores per truficultura"}]},{"@type":"WebSite","@id":"https:\/\/micofora.com\/#website","url":"https:\/\/micofora.com\/","name":"Micofora","description":"Micologia Forestal &amp; Aplicada","potentialAction":[{"@type":"SearchAction","target":{"@type":"EntryPoint","urlTemplate":"https:\/\/micofora.com\/?s={search_term_string}"},"query-input":{"@type":"PropertyValueSpecification","valueRequired":true,"valueName":"search_term_string"}}],"inLanguage":"ca"}]}},"_links":{"self":[{"href":"https:\/\/micofora.com\/ca\/wp-json\/wp\/v2\/product\/20355","targetHints":{"allow":["GET"]}}],"collection":[{"href":"https:\/\/micofora.com\/ca\/wp-json\/wp\/v2\/product"}],"about":[{"href":"https:\/\/micofora.com\/ca\/wp-json\/wp\/v2\/types\/product"}],"replies":[{"embeddable":true,"href":"https:\/\/micofora.com\/ca\/wp-json\/wp\/v2\/comments?post=20355"}],"wp:featuredmedia":[{"embeddable":true,"href":"https:\/\/micofora.com\/ca\/wp-json\/wp\/v2\/media\/23671"}],"wp:attachment":[{"href":"https:\/\/micofora.com\/ca\/wp-json\/wp\/v2\/media?parent=20355"}],"wp:term":[{"taxonomy":"product_brand","embeddable":true,"href":"https:\/\/micofora.com\/ca\/wp-json\/wp\/v2\/product_brand?post=20355"},{"taxonomy":"product_cat","embeddable":true,"href":"https:\/\/micofora.com\/ca\/wp-json\/wp\/v2\/product_cat?post=20355"},{"taxonomy":"product_tag","embeddable":true,"href":"https:\/\/micofora.com\/ca\/wp-json\/wp\/v2\/product_tag?post=20355"}],"curies":[{"name":"wp","href":"https:\/\/api.w.org\/{rel}","templated":true}]}}