{"id":20337,"date":"2016-09-29T18:15:40","date_gmt":"2016-09-29T18:28:40","guid":{"rendered":"http:\/\/micofora.com\/ca\/producto\/ectoplant-riego-5-l\/"},"modified":"2018-10-29T09:08:57","modified_gmt":"2018-10-29T09:08:57","slug":"ectoplant-reg","status":"publish","type":"product","link":"https:\/\/micofora.com\/ca\/producte\/ectoplant-reg\/","title":{"rendered":"Ectoplant Reg"},"content":{"rendered":"<p><strong>Aplicaci\u00f3<\/strong>: Realitzar dues aplicacions espaiades 10 dies.<\/p>\n<p><strong>Format de suministrament:\u00a0<\/strong> ECTOPLANT L\u00edquid pot subministrar-se en envasos de 0,5L, 1L\u00a0i 5L.<\/p>\n<p>Per m\u00e9s informaci\u00f3 consulteu\u00a0<a href=\"https:\/\/micofora.com\/wp-content\/uploads\/2016\/09\/Ectoplant-liquido.pdf\">Ectoplant liquido<\/a><\/p>\n<p>cataleg tots producte ECTOPLANT\u00a0<a href=\"https:\/\/micofora.com\/wp-content\/uploads\/2016\/09\/Catalogo-ectoplant.pdf\">Catalogo ectoplant<\/a><\/p>\n<p>Producte apte per a utilitzar en totes les esp\u00e8cies de la fam\u00edlia Pinaceae (pins i avets en general), Fagaceae (alzines, roures, castanyers i faig), Betulaceae (bedoll, avellaner, verns) i Salicaceae (salzes i \u00e0lbers).<br \/>\nL&#8217;aplicaci\u00f3 de desinfectants del s\u00f2l, tractaments fungicides, aix\u00ed com d&#8217;adobs amb un alt contingut de f\u00f2sfor, poden afectar o inhibir el desenvolupament dels fongs de la micoriza.<\/p>\n","protected":false},"excerpt":{"rendered":"<p>In\u00f2cul de micorizes indicat per a la micorizaci\u00f3 en la fase de viver. Es tracta d&#8217;un in\u00f2cul d&#8217;aplicaci\u00f3 molt senzilla; pot realitzar-se a trav\u00e9s del\u00a0sistema de reg, ja que ha sigut tamitzat per a evitar qualsevol tipus d&#8217;obturaci\u00f3 dels diferents sistemes d&#8217;aspersi\u00f3. <strong>Ectoplant reg<\/strong> incorpora un adherent que assegura la seva\u00a0perman\u00e8ncia en el substrat\u00a0i permet obtenir un alt nivell de micorizaci\u00f3.<\/p>\n<p>&nbsp;<\/p>\n<p>&nbsp;<\/p>\n","protected":false},"featured_media":20338,"comment_status":"open","ping_status":"closed","template":"","meta":[],"product_brand":[],"product_cat":[651],"product_tag":[],"class_list":{"0":"post-20337","1":"product","2":"type-product","3":"status-publish","4":"has-post-thumbnail","6":"product_cat-micorrizas-i-bioestimulants","8":"first","9":"outofstock","10":"taxable","11":"shipping-taxable","12":"purchasable","13":"product-type-simple"},"yoast_head":"<!-- This site is optimized with the Yoast SEO plugin v27.4 - https:\/\/yoast.com\/product\/yoast-seo-wordpress\/ -->\n<title>Ectoplant Reg - Micofora<\/title>\n<meta name=\"description\" content=\"In\u00f2cul de micorizes indicat per a la micorizaci\u00f3 en la fase de viver.\" \/>\n<meta name=\"robots\" content=\"index, follow, max-snippet:-1, max-image-preview:large, max-video-preview:-1\" \/>\n<link rel=\"canonical\" href=\"https:\/\/micofora.com\/ca\/product\/ectoplant-reg\/\" \/>\n<meta property=\"og:locale\" content=\"ca_ES\" \/>\n<meta property=\"og:type\" content=\"article\" \/>\n<meta property=\"og:title\" content=\"Ectoplant Reg - Micofora\" \/>\n<meta property=\"og:description\" content=\"In\u00f2cul de micorizes indicat per a la micorizaci\u00f3 en la fase de viver.\" \/>\n<meta property=\"og:url\" content=\"https:\/\/micofora.com\/ca\/product\/ectoplant-reg\/\" \/>\n<meta property=\"og:site_name\" content=\"Micofora\" \/>\n<meta property=\"article:modified_time\" content=\"2018-10-29T09:08:57+00:00\" \/>\n<meta property=\"og:image\" content=\"https:\/\/micofora.com\/wp-content\/uploads\/2016\/09\/ectoplant-riego.jpg\" \/>\n\t<meta property=\"og:image:width\" content=\"1000\" \/>\n\t<meta property=\"og:image:height\" content=\"1300\" \/>\n\t<meta property=\"og:image:type\" content=\"image\/jpeg\" \/>\n<meta name=\"twitter:card\" content=\"summary_large_image\" \/>\n<script type=\"application\/ld+json\" class=\"yoast-schema-graph\">{\"@context\":\"https:\\\/\\\/schema.org\",\"@graph\":[{\"@type\":\"WebPage\",\"@id\":\"https:\\\/\\\/micofora.com\\\/ca\\\/product\\\/ectoplant-reg\\\/\",\"url\":\"https:\\\/\\\/micofora.com\\\/ca\\\/product\\\/ectoplant-reg\\\/\",\"name\":\"Ectoplant Reg - Micofora\",\"isPartOf\":{\"@id\":\"https:\\\/\\\/micofora.com\\\/#website\"},\"primaryImageOfPage\":{\"@id\":\"https:\\\/\\\/micofora.com\\\/ca\\\/product\\\/ectoplant-reg\\\/#primaryimage\"},\"image\":{\"@id\":\"https:\\\/\\\/micofora.com\\\/ca\\\/product\\\/ectoplant-reg\\\/#primaryimage\"},\"thumbnailUrl\":\"https:\\\/\\\/micofora.com\\\/wp-content\\\/uploads\\\/2016\\\/09\\\/ectoplant-riego.jpg\",\"datePublished\":\"2016-09-29T18:28:40+00:00\",\"dateModified\":\"2018-10-29T09:08:57+00:00\",\"description\":\"In\u00f2cul de micorizes indicat per a la micorizaci\u00f3 en la fase de viver.\",\"breadcrumb\":{\"@id\":\"https:\\\/\\\/micofora.com\\\/ca\\\/product\\\/ectoplant-reg\\\/#breadcrumb\"},\"inLanguage\":\"ca\",\"potentialAction\":[{\"@type\":\"ReadAction\",\"target\":[\"https:\\\/\\\/micofora.com\\\/ca\\\/product\\\/ectoplant-reg\\\/\"]}]},{\"@type\":\"ImageObject\",\"inLanguage\":\"ca\",\"@id\":\"https:\\\/\\\/micofora.com\\\/ca\\\/product\\\/ectoplant-reg\\\/#primaryimage\",\"url\":\"https:\\\/\\\/micofora.com\\\/wp-content\\\/uploads\\\/2016\\\/09\\\/ectoplant-riego.jpg\",\"contentUrl\":\"https:\\\/\\\/micofora.com\\\/wp-content\\\/uploads\\\/2016\\\/09\\\/ectoplant-riego.jpg\",\"width\":1000,\"height\":1300},{\"@type\":\"BreadcrumbList\",\"@id\":\"https:\\\/\\\/micofora.com\\\/ca\\\/product\\\/ectoplant-reg\\\/#breadcrumb\",\"itemListElement\":[{\"@type\":\"ListItem\",\"position\":1,\"name\":\"Portada\",\"item\":\"https:\\\/\\\/micofora.com\\\/ca\\\/\"},{\"@type\":\"ListItem\",\"position\":2,\"name\":\"Shop\",\"item\":\"https:\\\/\\\/micofora.com\\\/ca\\\/shop\\\/\"},{\"@type\":\"ListItem\",\"position\":3,\"name\":\"Ectoplant Reg\"}]},{\"@type\":\"WebSite\",\"@id\":\"https:\\\/\\\/micofora.com\\\/#website\",\"url\":\"https:\\\/\\\/micofora.com\\\/\",\"name\":\"Micofora\",\"description\":\"Micologia Forestal &amp; Aplicada\",\"potentialAction\":[{\"@type\":\"SearchAction\",\"target\":{\"@type\":\"EntryPoint\",\"urlTemplate\":\"https:\\\/\\\/micofora.com\\\/?s={search_term_string}\"},\"query-input\":{\"@type\":\"PropertyValueSpecification\",\"valueRequired\":true,\"valueName\":\"search_term_string\"}}],\"inLanguage\":\"ca\"}]}<\/script>\n<!-- \/ Yoast SEO plugin. -->","yoast_head_json":{"title":"Ectoplant Reg - Micofora","description":"In\u00f2cul de micorizes indicat per a la micorizaci\u00f3 en la fase de viver.","robots":{"index":"index","follow":"follow","max-snippet":"max-snippet:-1","max-image-preview":"max-image-preview:large","max-video-preview":"max-video-preview:-1"},"canonical":"https:\/\/micofora.com\/ca\/product\/ectoplant-reg\/","og_locale":"ca_ES","og_type":"article","og_title":"Ectoplant Reg - Micofora","og_description":"In\u00f2cul de micorizes indicat per a la micorizaci\u00f3 en la fase de viver.","og_url":"https:\/\/micofora.com\/ca\/product\/ectoplant-reg\/","og_site_name":"Micofora","article_modified_time":"2018-10-29T09:08:57+00:00","og_image":[{"width":1000,"height":1300,"url":"https:\/\/micofora.com\/wp-content\/uploads\/2016\/09\/ectoplant-riego.jpg","type":"image\/jpeg"}],"twitter_card":"summary_large_image","schema":{"@context":"https:\/\/schema.org","@graph":[{"@type":"WebPage","@id":"https:\/\/micofora.com\/ca\/product\/ectoplant-reg\/","url":"https:\/\/micofora.com\/ca\/product\/ectoplant-reg\/","name":"Ectoplant Reg - Micofora","isPartOf":{"@id":"https:\/\/micofora.com\/#website"},"primaryImageOfPage":{"@id":"https:\/\/micofora.com\/ca\/product\/ectoplant-reg\/#primaryimage"},"image":{"@id":"https:\/\/micofora.com\/ca\/product\/ectoplant-reg\/#primaryimage"},"thumbnailUrl":"https:\/\/micofora.com\/wp-content\/uploads\/2016\/09\/ectoplant-riego.jpg","datePublished":"2016-09-29T18:28:40+00:00","dateModified":"2018-10-29T09:08:57+00:00","description":"In\u00f2cul de micorizes indicat per a la micorizaci\u00f3 en la fase de viver.","breadcrumb":{"@id":"https:\/\/micofora.com\/ca\/product\/ectoplant-reg\/#breadcrumb"},"inLanguage":"ca","potentialAction":[{"@type":"ReadAction","target":["https:\/\/micofora.com\/ca\/product\/ectoplant-reg\/"]}]},{"@type":"ImageObject","inLanguage":"ca","@id":"https:\/\/micofora.com\/ca\/product\/ectoplant-reg\/#primaryimage","url":"https:\/\/micofora.com\/wp-content\/uploads\/2016\/09\/ectoplant-riego.jpg","contentUrl":"https:\/\/micofora.com\/wp-content\/uploads\/2016\/09\/ectoplant-riego.jpg","width":1000,"height":1300},{"@type":"BreadcrumbList","@id":"https:\/\/micofora.com\/ca\/product\/ectoplant-reg\/#breadcrumb","itemListElement":[{"@type":"ListItem","position":1,"name":"Portada","item":"https:\/\/micofora.com\/ca\/"},{"@type":"ListItem","position":2,"name":"Shop","item":"https:\/\/micofora.com\/ca\/shop\/"},{"@type":"ListItem","position":3,"name":"Ectoplant Reg"}]},{"@type":"WebSite","@id":"https:\/\/micofora.com\/#website","url":"https:\/\/micofora.com\/","name":"Micofora","description":"Micologia Forestal &amp; Aplicada","potentialAction":[{"@type":"SearchAction","target":{"@type":"EntryPoint","urlTemplate":"https:\/\/micofora.com\/?s={search_term_string}"},"query-input":{"@type":"PropertyValueSpecification","valueRequired":true,"valueName":"search_term_string"}}],"inLanguage":"ca"}]}},"_links":{"self":[{"href":"https:\/\/micofora.com\/ca\/wp-json\/wp\/v2\/product\/20337","targetHints":{"allow":["GET"]}}],"collection":[{"href":"https:\/\/micofora.com\/ca\/wp-json\/wp\/v2\/product"}],"about":[{"href":"https:\/\/micofora.com\/ca\/wp-json\/wp\/v2\/types\/product"}],"replies":[{"embeddable":true,"href":"https:\/\/micofora.com\/ca\/wp-json\/wp\/v2\/comments?post=20337"}],"wp:featuredmedia":[{"embeddable":true,"href":"https:\/\/micofora.com\/ca\/wp-json\/wp\/v2\/media\/20338"}],"wp:attachment":[{"href":"https:\/\/micofora.com\/ca\/wp-json\/wp\/v2\/media?parent=20337"}],"wp:term":[{"taxonomy":"product_brand","embeddable":true,"href":"https:\/\/micofora.com\/ca\/wp-json\/wp\/v2\/product_brand?post=20337"},{"taxonomy":"product_cat","embeddable":true,"href":"https:\/\/micofora.com\/ca\/wp-json\/wp\/v2\/product_cat?post=20337"},{"taxonomy":"product_tag","embeddable":true,"href":"https:\/\/micofora.com\/ca\/wp-json\/wp\/v2\/product_tag?post=20337"}],"curies":[{"name":"wp","href":"https:\/\/api.w.org\/{rel}","templated":true}]}}