{"id":20331,"date":"2016-09-29T19:05:22","date_gmt":"2016-09-29T19:05:22","guid":{"rendered":"http:\/\/micofora.com\/ca\/producto\/endoplan-comprimidos\/"},"modified":"2018-10-29T09:45:59","modified_gmt":"2018-10-29T09:45:59","slug":"endoplan-comprimits","status":"publish","type":"product","link":"https:\/\/micofora.com\/ca\/producte\/endoplan-comprimits\/","title":{"rendered":"Endoplant Comprimits"},"content":{"rendered":"<p><strong>Instruccions d&#8217;\u00fas<\/strong><br \/>\nTransplantament: Col\u00b7locar ENDOPLANT a sota de la planta en contacte directe amb les arrels.<br \/>\nPlantes ja establertes: Enterrar ENDOPLANT en el s\u00f2l, de manera que estigui en contacte directe amb les arrels<br \/>\nDosi i format: ENDOPLANT comprimits es presenta en bosses de 500 comprimits envasats al vuit. La dosi d&#8217;aplicaci\u00f3 \u00e9s d&#8217;1 pastilla per planta.<\/p>\n<p>Per m\u00e9s informaci\u00f3 consulteu\u00a0<a href=\"https:\/\/micofora.com\/wp-content\/uploads\/2016\/09\/Endoplant-comprimidos-ficha-tecnica.pdf\">Endoplant comprimidos ficha tecnica<\/a><br \/>\nEls preus indicats inclouen IVA i despeses d&#8217;enviament per a Pen\u00ednsula i Balears. Per enviaments a Can\u00e0ries consultar ports.<\/p>\n","protected":false},"excerpt":{"rendered":"<p><strong>ENDOPLANT Comprimits<\/strong> \u00e9s un nou i c\u00f2mode format d&#8217;in\u00f2cul de micorizes en forma de comprimits per a aplicar en el forat de plantaci\u00f3.<br \/>\nEn la seva formulaci\u00f3 utilitzems una convinaci\u00f3 d&#8217;esp\u00e8cies f\u00fangiques aut\u00f2ctones <strong>(Glomus intraradices i Glomus mosseae)<\/strong> components naturals de proced\u00e8ncia vegetal que ajuden a la compactaci\u00f3 del formulat i un agent superabsorvent d&#8217; aigua. <strong>ENDOPLANT<\/strong> \u00e9s una formulaci\u00f3 expressament estudiada per a una pr\u00e0ctica i r\u00e0pida micorizaci\u00f3 en plantes de viver o camp (en plantes ja establertes o durant el transplantament).<br \/>\nL&#8217;aplicaci\u00f3 de desinfectants del s\u00f2l, tractaments fungicides, aix\u00ed com d&#8217;adobs amb un alt contingut de f\u00f2sfor, poden afectar o inhibir el desenvolupament dels fongs de la micoriza.<\/p>\n<p>Bossa 500 unitats<br \/>\nIn\u00f3cul per 500 plantes<\/p>\n","protected":false},"featured_media":24336,"comment_status":"open","ping_status":"closed","template":"","meta":[],"product_brand":[],"product_cat":[651],"product_tag":[],"class_list":{"0":"post-20331","1":"product","2":"type-product","3":"status-publish","4":"has-post-thumbnail","6":"product_cat-micorrizas-i-bioestimulants","8":"first","9":"instock","10":"taxable","11":"shipping-taxable","12":"purchasable","13":"product-type-simple"},"yoast_head":"<!-- This site is optimized with the Yoast SEO plugin v27.5 - https:\/\/yoast.com\/product\/yoast-seo-wordpress\/ -->\n<title>Endoplant Comprimits - Micofora<\/title>\n<meta name=\"description\" content=\"ENDOPLANT Comprimits \u00e9s un nou i c\u00f2mode format d&#039;in\u00f2cul de micorizes en forma de comprimits per aplicar al forat de plantaci\u00f3.\" \/>\n<meta name=\"robots\" content=\"index, follow, max-snippet:-1, max-image-preview:large, max-video-preview:-1\" \/>\n<link rel=\"canonical\" href=\"https:\/\/micofora.com\/ca\/product\/endoplan-comprimits\/\" \/>\n<meta property=\"og:locale\" content=\"ca_ES\" \/>\n<meta property=\"og:type\" content=\"article\" \/>\n<meta property=\"og:title\" content=\"Endoplant Comprimits - Micofora\" \/>\n<meta property=\"og:description\" content=\"ENDOPLANT Comprimits \u00e9s un nou i c\u00f2mode format d&#039;in\u00f2cul de micorizes en forma de comprimits per aplicar al forat de plantaci\u00f3.\" \/>\n<meta property=\"og:url\" content=\"https:\/\/micofora.com\/ca\/product\/endoplan-comprimits\/\" \/>\n<meta property=\"og:site_name\" content=\"Micofora\" \/>\n<meta property=\"article:modified_time\" content=\"2018-10-29T09:45:59+00:00\" \/>\n<meta property=\"og:image\" content=\"https:\/\/micofora.com\/wp-content\/uploads\/2016\/09\/endoplant-comprimidos-1.jpg\" \/>\n\t<meta property=\"og:image:width\" content=\"1000\" \/>\n\t<meta property=\"og:image:height\" content=\"1778\" \/>\n\t<meta property=\"og:image:type\" content=\"image\/jpeg\" \/>\n<meta name=\"twitter:card\" content=\"summary_large_image\" \/>\n<script type=\"application\/ld+json\" class=\"yoast-schema-graph\">{\"@context\":\"https:\\\/\\\/schema.org\",\"@graph\":[{\"@type\":\"WebPage\",\"@id\":\"https:\\\/\\\/micofora.com\\\/ca\\\/product\\\/endoplan-comprimits\\\/\",\"url\":\"https:\\\/\\\/micofora.com\\\/ca\\\/product\\\/endoplan-comprimits\\\/\",\"name\":\"Endoplant Comprimits - Micofora\",\"isPartOf\":{\"@id\":\"https:\\\/\\\/micofora.com\\\/#website\"},\"primaryImageOfPage\":{\"@id\":\"https:\\\/\\\/micofora.com\\\/ca\\\/product\\\/endoplan-comprimits\\\/#primaryimage\"},\"image\":{\"@id\":\"https:\\\/\\\/micofora.com\\\/ca\\\/product\\\/endoplan-comprimits\\\/#primaryimage\"},\"thumbnailUrl\":\"https:\\\/\\\/micofora.com\\\/wp-content\\\/uploads\\\/2016\\\/09\\\/endoplant-comprimidos-1.jpg\",\"datePublished\":\"2016-09-29T19:05:22+00:00\",\"dateModified\":\"2018-10-29T09:45:59+00:00\",\"description\":\"ENDOPLANT Comprimits \u00e9s un nou i c\u00f2mode format d'in\u00f2cul de micorizes en forma de comprimits per aplicar al forat de plantaci\u00f3.\",\"breadcrumb\":{\"@id\":\"https:\\\/\\\/micofora.com\\\/ca\\\/product\\\/endoplan-comprimits\\\/#breadcrumb\"},\"inLanguage\":\"ca\",\"potentialAction\":[{\"@type\":\"ReadAction\",\"target\":[\"https:\\\/\\\/micofora.com\\\/ca\\\/product\\\/endoplan-comprimits\\\/\"]}]},{\"@type\":\"ImageObject\",\"inLanguage\":\"ca\",\"@id\":\"https:\\\/\\\/micofora.com\\\/ca\\\/product\\\/endoplan-comprimits\\\/#primaryimage\",\"url\":\"https:\\\/\\\/micofora.com\\\/wp-content\\\/uploads\\\/2016\\\/09\\\/endoplant-comprimidos-1.jpg\",\"contentUrl\":\"https:\\\/\\\/micofora.com\\\/wp-content\\\/uploads\\\/2016\\\/09\\\/endoplant-comprimidos-1.jpg\",\"width\":1000,\"height\":1778},{\"@type\":\"BreadcrumbList\",\"@id\":\"https:\\\/\\\/micofora.com\\\/ca\\\/product\\\/endoplan-comprimits\\\/#breadcrumb\",\"itemListElement\":[{\"@type\":\"ListItem\",\"position\":1,\"name\":\"Portada\",\"item\":\"https:\\\/\\\/micofora.com\\\/ca\\\/\"},{\"@type\":\"ListItem\",\"position\":2,\"name\":\"Shop\",\"item\":\"https:\\\/\\\/micofora.com\\\/ca\\\/shop\\\/\"},{\"@type\":\"ListItem\",\"position\":3,\"name\":\"Endoplant Comprimits\"}]},{\"@type\":\"WebSite\",\"@id\":\"https:\\\/\\\/micofora.com\\\/#website\",\"url\":\"https:\\\/\\\/micofora.com\\\/\",\"name\":\"Micofora\",\"description\":\"Micologia Forestal &amp; Aplicada\",\"potentialAction\":[{\"@type\":\"SearchAction\",\"target\":{\"@type\":\"EntryPoint\",\"urlTemplate\":\"https:\\\/\\\/micofora.com\\\/?s={search_term_string}\"},\"query-input\":{\"@type\":\"PropertyValueSpecification\",\"valueRequired\":true,\"valueName\":\"search_term_string\"}}],\"inLanguage\":\"ca\"}]}<\/script>\n<!-- \/ Yoast SEO plugin. -->","yoast_head_json":{"title":"Endoplant Comprimits - Micofora","description":"ENDOPLANT Comprimits \u00e9s un nou i c\u00f2mode format d'in\u00f2cul de micorizes en forma de comprimits per aplicar al forat de plantaci\u00f3.","robots":{"index":"index","follow":"follow","max-snippet":"max-snippet:-1","max-image-preview":"max-image-preview:large","max-video-preview":"max-video-preview:-1"},"canonical":"https:\/\/micofora.com\/ca\/product\/endoplan-comprimits\/","og_locale":"ca_ES","og_type":"article","og_title":"Endoplant Comprimits - Micofora","og_description":"ENDOPLANT Comprimits \u00e9s un nou i c\u00f2mode format d'in\u00f2cul de micorizes en forma de comprimits per aplicar al forat de plantaci\u00f3.","og_url":"https:\/\/micofora.com\/ca\/product\/endoplan-comprimits\/","og_site_name":"Micofora","article_modified_time":"2018-10-29T09:45:59+00:00","og_image":[{"width":1000,"height":1778,"url":"https:\/\/micofora.com\/wp-content\/uploads\/2016\/09\/endoplant-comprimidos-1.jpg","type":"image\/jpeg"}],"twitter_card":"summary_large_image","schema":{"@context":"https:\/\/schema.org","@graph":[{"@type":"WebPage","@id":"https:\/\/micofora.com\/ca\/product\/endoplan-comprimits\/","url":"https:\/\/micofora.com\/ca\/product\/endoplan-comprimits\/","name":"Endoplant Comprimits - Micofora","isPartOf":{"@id":"https:\/\/micofora.com\/#website"},"primaryImageOfPage":{"@id":"https:\/\/micofora.com\/ca\/product\/endoplan-comprimits\/#primaryimage"},"image":{"@id":"https:\/\/micofora.com\/ca\/product\/endoplan-comprimits\/#primaryimage"},"thumbnailUrl":"https:\/\/micofora.com\/wp-content\/uploads\/2016\/09\/endoplant-comprimidos-1.jpg","datePublished":"2016-09-29T19:05:22+00:00","dateModified":"2018-10-29T09:45:59+00:00","description":"ENDOPLANT Comprimits \u00e9s un nou i c\u00f2mode format d'in\u00f2cul de micorizes en forma de comprimits per aplicar al forat de plantaci\u00f3.","breadcrumb":{"@id":"https:\/\/micofora.com\/ca\/product\/endoplan-comprimits\/#breadcrumb"},"inLanguage":"ca","potentialAction":[{"@type":"ReadAction","target":["https:\/\/micofora.com\/ca\/product\/endoplan-comprimits\/"]}]},{"@type":"ImageObject","inLanguage":"ca","@id":"https:\/\/micofora.com\/ca\/product\/endoplan-comprimits\/#primaryimage","url":"https:\/\/micofora.com\/wp-content\/uploads\/2016\/09\/endoplant-comprimidos-1.jpg","contentUrl":"https:\/\/micofora.com\/wp-content\/uploads\/2016\/09\/endoplant-comprimidos-1.jpg","width":1000,"height":1778},{"@type":"BreadcrumbList","@id":"https:\/\/micofora.com\/ca\/product\/endoplan-comprimits\/#breadcrumb","itemListElement":[{"@type":"ListItem","position":1,"name":"Portada","item":"https:\/\/micofora.com\/ca\/"},{"@type":"ListItem","position":2,"name":"Shop","item":"https:\/\/micofora.com\/ca\/shop\/"},{"@type":"ListItem","position":3,"name":"Endoplant Comprimits"}]},{"@type":"WebSite","@id":"https:\/\/micofora.com\/#website","url":"https:\/\/micofora.com\/","name":"Micofora","description":"Micologia Forestal &amp; Aplicada","potentialAction":[{"@type":"SearchAction","target":{"@type":"EntryPoint","urlTemplate":"https:\/\/micofora.com\/?s={search_term_string}"},"query-input":{"@type":"PropertyValueSpecification","valueRequired":true,"valueName":"search_term_string"}}],"inLanguage":"ca"}]}},"_links":{"self":[{"href":"https:\/\/micofora.com\/ca\/wp-json\/wp\/v2\/product\/20331","targetHints":{"allow":["GET"]}}],"collection":[{"href":"https:\/\/micofora.com\/ca\/wp-json\/wp\/v2\/product"}],"about":[{"href":"https:\/\/micofora.com\/ca\/wp-json\/wp\/v2\/types\/product"}],"replies":[{"embeddable":true,"href":"https:\/\/micofora.com\/ca\/wp-json\/wp\/v2\/comments?post=20331"}],"wp:featuredmedia":[{"embeddable":true,"href":"https:\/\/micofora.com\/ca\/wp-json\/wp\/v2\/media\/24336"}],"wp:attachment":[{"href":"https:\/\/micofora.com\/ca\/wp-json\/wp\/v2\/media?parent=20331"}],"wp:term":[{"taxonomy":"product_brand","embeddable":true,"href":"https:\/\/micofora.com\/ca\/wp-json\/wp\/v2\/product_brand?post=20331"},{"taxonomy":"product_cat","embeddable":true,"href":"https:\/\/micofora.com\/ca\/wp-json\/wp\/v2\/product_cat?post=20331"},{"taxonomy":"product_tag","embeddable":true,"href":"https:\/\/micofora.com\/ca\/wp-json\/wp\/v2\/product_tag?post=20331"}],"curies":[{"name":"wp","href":"https:\/\/api.w.org\/{rel}","templated":true}]}}