{"id":27921,"date":"2025-11-27T14:01:18","date_gmt":"2025-11-27T14:01:18","guid":{"rendered":"https:\/\/micofora.com\/politica-de-cookies\/"},"modified":"2025-11-27T14:01:18","modified_gmt":"2025-11-27T14:01:18","slug":"politica-de-cookies","status":"publish","type":"page","link":"https:\/\/micofora.com\/ca\/politica-de-cookies\/","title":{"rendered":"Pol\u00edtica de Cookies"},"content":{"rendered":"<p><strong>Qu\u00c8 son les cookies? <\/strong><\/p>\n<p>&nbsp;<\/p>\n<p>Les cookies s\u00f3n petits fitxers de dades que es reben al terminal des del lloc web visitat i s&#8217;usen per registrar certes interaccions de la navegaci\u00f3 en un lloc web emmagatzemant dades que podran ser actualitzades i recuperades. Aquests fitxers s&#8217;emmagatzemen a l&#8217;ordinador de l&#8217;usuari i cont\u00e9 dades an\u00f2nimes que no s\u00f3n perjudicials per al vostre equip. S&#8217;utilitzen per recordar les prefer\u00e8ncies de l&#8217;usuari, com ara l&#8217;idioma seleccionat, les dades d&#8217;acc\u00e9s o la personalitzaci\u00f3 de la p\u00e0gina.  <\/p>\n<p>&nbsp;<\/p>\n<p>Les galetes tamb\u00e9 poden ser utilitzades per registrar informaci\u00f3 an\u00f2nima sobre com un visitant utilitza un lloc. Per exemple, des de quina p\u00e0gina web heu accedit, o si heu utilitzat un &#8220;banner&#8221; publicitari per arribar. <\/p>\n<p>&nbsp;<\/p>\n<p><strong>Quin \u00fas donem als diferents tipus de cookies?<\/strong><\/p>\n<p><strong> <\/strong><\/p>\n<p><strong>Segons la finalitat:<\/strong><\/p>\n<table>\n<tbody>\n<tr>\n<td width=\"325\"><strong> <\/strong><\/p>\n<p><strong> <\/strong><\/p>\n<p><strong> <\/strong><\/p>\n<p><strong> <\/strong><\/p>\n<p><strong>Galetes t\u00e8cniques<\/strong><\/td>\n<td width=\"325\">&nbsp;<\/p>\n<p>Les cookies t\u00e8cniques s\u00f3n aquelles que faciliten la navegaci\u00f3 de l&#8217;usuari i la utilitzaci\u00f3 de les diferents opcions o serveis que ofereix la web com identificar la sessi\u00f3, permetre l&#8217;acc\u00e9s a determinades \u00e0rees, facilitar comandes, compres, emplenament de formularis, inscripcions, seguretat, facilitar funcionalitats (v\u00eddeos, xarxes socials\u2026).<\/p>\n<p>&nbsp;<\/td>\n<\/tr>\n<tr>\n<td width=\"325\"><strong> <\/strong><\/p>\n<p><strong> <\/strong><\/p>\n<p><strong>Cookies de personalitzaci\u00f3<\/strong><\/td>\n<td width=\"325\">&nbsp;<br \/>\nLes galetes de personalitzaci\u00f3 permeten a l&#8217;usuari accedir als serveis segons les seves prefer\u00e8ncies (idioma, navegador, configuraci\u00f3\u2026).<\/p>\n<p>&nbsp;<\/td>\n<\/tr>\n<tr>\n<td width=\"325\"><strong> <\/strong><\/p>\n<p><strong> <\/strong><\/p>\n<p>Galetes anal\u00edtiques<\/td>\n<td width=\"325\">&nbsp;<\/p>\n<p>Les galetes d&#8217;an\u00e0lisi s\u00f3n les utilitzades per dur a terme l&#8217;an\u00e0lisi an\u00f2nima del comportament dels usuaris de la web i que permeten mesurar l&#8217;activitat de l&#8217;usuari i elaborar perfils de navegaci\u00f3 per tal de millorar els llocs web.<\/p>\n<p>&nbsp;<\/td>\n<\/tr>\n<tr>\n<td width=\"325\"><strong> <\/strong><\/p>\n<p><strong> <\/strong><\/p>\n<p><strong> <\/strong><\/p>\n<p><strong> <\/strong><\/p>\n<p><strong>Galetes publicit\u00e0ries<\/strong><\/td>\n<td width=\"325\">&nbsp;<\/p>\n<p>Les galetes publicit\u00e0ries permeten la gesti\u00f3 dels espais publicitaris de la web. A m\u00e9s, aquestes galetes poden ser de publicitat personalitzada i permetre aix\u00ed la gesti\u00f3 dels espais publicitaris de la web en base al comportament i h\u00e0bits de navegaci\u00f3 d&#8217;usuari, d&#8217;on s&#8217;obt\u00e9 el seu perfil i permeten personalitzar la publicitat que es mostra al navegador de l&#8217;usuari o altres perfils i xarxes socials de l&#8217;usuari. <\/p>\n<p>&nbsp;<\/td>\n<\/tr>\n<\/tbody>\n<\/table>\n<p><strong>Segons el termini:<\/strong><\/p>\n<table>\n<tbody>\n<tr>\n<td width=\"325\"><strong> <\/strong><\/p>\n<p><strong>Cookies de sessi\u00f3<\/strong><\/td>\n<td width=\"325\">&nbsp;<\/p>\n<p>Les galetes de sessi\u00f3 s\u00f3n aquelles que duren el temps que l&#8217;usuari est\u00e0 navegant per la p\u00e0gina web i s&#8217;esborren en tancar el navegador.<\/p>\n<p>&nbsp;<\/td>\n<\/tr>\n<tr>\n<td width=\"325\"><strong> <\/strong><\/p>\n<p><strong> <\/strong><\/p>\n<p><strong>Cookies persistents<\/strong><\/td>\n<td width=\"325\">&nbsp;<\/p>\n<p>Aquestes cookies queden emmagatzemades al terminal de l&#8217;usuari fins que s\u00f3n eliminades manualment o hagi concl\u00f2s el per\u00edode de durada establert per a aquesta galeta.<\/p>\n<p>&nbsp;<\/td>\n<\/tr>\n<\/tbody>\n<\/table>\n<p><strong>Segons la titularitat:<\/strong><\/p>\n<table>\n<tbody>\n<tr>\n<td width=\"325\"><strong> <\/strong><\/p>\n<p><strong>Cookies propies<\/strong><\/td>\n<td width=\"325\">&nbsp;<\/p>\n<p>Aquelles que s&#8217;envien a l&#8217;equip terminal de l&#8217;usuari des d&#8217;un equip o domini gestionat pel mateix editor i des del qual es presta el servei sol\u00b7licitat per l&#8217;usuari.<\/p>\n<p>&nbsp;<\/td>\n<\/tr>\n<tr>\n<td width=\"325\"><strong> <\/strong><\/p>\n<p><strong> <\/strong><\/p>\n<p><strong>Cookies de tercers<\/strong><\/td>\n<td width=\"325\">&nbsp;<\/p>\n<p>Aquelles que s&#8217;envien a l&#8217;equip terminal de l&#8217;usuari des d&#8217;un equip o domini que no \u00e9s gestionat per l&#8217;editor, sin\u00f3 per una altra entitat que tracta les dades obtingudes a trav\u00e9s de les galetes.<\/td>\n<\/tr>\n<\/tbody>\n<\/table>\n<p><strong>La taula seg\u00fcent recull la classificaci\u00f3 i descripci\u00f3 de les cookies utilitzades en aquesta p\u00e0gina web perqu\u00e8 les puguis identificar al teu navegador:<\/strong><\/p>\n<table width=\"100%\">\n<tbody>\n<tr>\n<td width=\"27%\"><strong>Nom<\/strong><\/td>\n<td width=\"21%\"><strong>Titular<\/strong><\/td>\n<td width=\"16%\"><strong>Dades rebudes<\/strong><\/td>\n<td width=\"12%\"><strong>Finalitat<\/strong><\/td>\n<td width=\"23%\"><strong>Duraci\u00f3<\/strong><\/td>\n<\/tr>\n<tr>\n<td width=\"27%\"><strong>_ga, _gid &amp; _gat<\/strong><\/td>\n<td width=\"21%\">Cookie propia (.micofora.com)<\/td>\n<td width=\"16%\">Sessions dels visitants.<\/p>\n<p>&nbsp;<\/p>\n<p>_ga y _gid: S&#8217;utilitzen per distingir els usuaris.<\/p>\n<p>&nbsp;<\/p>\n<p>_gat: S&#8217;usa per limitar el percentatge de sol\u00b7licituds<\/td>\n<td width=\"12%\">Anal\u00edtica.<\/td>\n<td width=\"23%\">_ga: 2 anys.<\/p>\n<p>_gid: 1 d\u00eda.<\/p>\n<p>_gat: 1 minut.<\/p>\n<p>&nbsp;<\/p>\n<p>Per a m\u00e9s informaci\u00f3:<\/p>\n<p><a href=\"https:\/\/policies.google.com\/technologies\/cookies\">Pol\u00edtica de Cookies de Google<\/a><\/p>\n<p>&nbsp;<\/td>\n<\/tr>\n<tr>\n<td width=\"27%\"><strong>_GRECAPTCHA<\/strong><\/td>\n<td width=\"21%\">Cookie de terceros (www.google.com)<\/td>\n<td width=\"16%\">Utilizada por el servicio GOOGLE RECAPTCHA en los formularios para evitar SPAM.<\/td>\n<td width=\"12%\">T\u00e9cnica.<\/td>\n<td width=\"23%\">1 a\u00f1o.<\/p>\n<p>&nbsp;<\/p>\n<p>Para m\u00e1s informaci\u00f3n:<\/p>\n<p><a href=\"https:\/\/policies.google.com\/technologies\/cookies\">Pol\u00edtica de Cookies de Google<\/a><\/td>\n<\/tr>\n<tr>\n<td width=\"27%\"><strong>cookie_notice_accepted<\/strong><\/td>\n<td width=\"21%\">Cookie propia (micofora.com)<\/td>\n<td width=\"16%\">Utilizada para la aceptaci\u00f3n de cookies.<\/td>\n<td width=\"12%\">T\u00e9cnica.<\/td>\n<td width=\"23%\">1 mes.<\/td>\n<\/tr>\n<tr>\n<td width=\"27%\"><strong>woocommerce_recently_viewed, woocommerce_cart_hash &amp; woocommerce_items_in_cart<\/strong><\/td>\n<td width=\"21%\">Cookie propia (micofora.com)<\/td>\n<td width=\"16%\">Cookies que almacenan informaci\u00f3n sobre el carrito de la compra del cliente y sus art\u00edculos.<\/td>\n<td width=\"12%\">T\u00e9cnica.<\/td>\n<td width=\"23%\">Al finalizar la sesi\u00f3n con el navegador.<\/td>\n<\/tr>\n<tr>\n<td width=\"27%\"><strong>wp_woocommerce_session_[ID]<\/strong><\/td>\n<td width=\"21%\">Cookie propia (micofora.com)<\/td>\n<td width=\"16%\">Guarda un c\u00f3digo \u00fanico de cada cliente para obtener la informaci\u00f3n de su carrito de la compra.<\/td>\n<td width=\"12%\">T\u00e9cnica.<\/td>\n<td width=\"23%\">2 d\u00edas.<\/td>\n<\/tr>\n<\/tbody>\n<\/table>\n<p>Micofora utilitza cookies t\u00e8cniques, de personalitzaci\u00f3 i an\u00e0lisi pr\u00f2pies i de tercers, que tracten dades de connexi\u00f3 i\/o del dispositiu, aix\u00ed com h\u00e0bits de navegaci\u00f3 per a fins estad\u00edstiques.<\/p>\n<p>&nbsp;<\/p>\n<p>Per aix\u00f2, en accedir a la nostra web, en compliment de l&#8217;article 22 de la Llei de Serveis de la Societat de la Informaci\u00f3 us hem sol\u00b7licitat el vostre consentiment per al seu \u00fas.<\/p>\n<p>&nbsp;<\/p>\n<p>El subministrament de dades personals a trav\u00e9s del nostre portal i el consentiment per a l&#8217;\u00fas de galetes requereix una edat m\u00ednima de 14 anys i l&#8217;acceptaci\u00f3 expressa de la nostra Pol\u00edtica de Privadesa.<\/p>\n<p>&nbsp;<\/p>\n<p><strong>De tota manera, us informem que podeu activar o desactivar les cookies seguint les instruccions del vostre navegador d&#8217;Internet:<\/strong><\/p>\n<table width=\"760\">\n<tbody>\n<tr>\n<td width=\"142\"><strong>Chrome<\/strong><\/p>\n<p><strong> <\/strong><\/td>\n<td width=\"274\">Configuraci\u00f3n \u00e0 Mostrar opciones avanzadas \u00e0 Privacidad \u00e0 Configuraci\u00f3n de contenido.<\/td>\n<td width=\"246\"><a href=\"https:\/\/support.google.com\/\">support.google.com<\/a><\/p>\n<p>&nbsp;<\/td>\n<td width=\"99\">&nbsp;<\/td>\n<\/tr>\n<tr>\n<td width=\"142\"><strong> <\/strong><\/p>\n<p><strong>Firefox<\/strong><\/p>\n<p><strong> <\/strong><\/td>\n<td width=\"274\">Herramientas \u00e0 Opciones \u00e0 Privacidad \u00e0 Historial \u00e0 Configuraci\u00f3n Personalizada.<\/td>\n<td width=\"246\"><a href=\"https:\/\/support.mozilla.org\/\">support.mozilla.org<\/a><\/td>\n<td width=\"99\">&nbsp;<\/td>\n<\/tr>\n<tr>\n<td width=\"142\"><strong>Internet Explorer<\/strong><\/p>\n<p><strong> <\/strong><\/td>\n<td width=\"274\">&nbsp;<\/p>\n<p>Herramientas \u00e0 Opciones de Internet \u00e0 Privacidad \u00e0 Configuraci\u00f3n.<\/p>\n<p>&nbsp;<\/td>\n<td width=\"246\"><a href=\"https:\/\/windows.microsoft.com\">windows.microsoft.com<\/a><\/td>\n<td width=\"99\">&nbsp;<\/td>\n<\/tr>\n<tr>\n<td width=\"142\"><strong>Opera<\/strong><\/p>\n<p><strong> <\/strong><\/td>\n<td width=\"274\">&nbsp;<\/p>\n<p>Herramientas \u00e0 Preferencias \u00e0 Editar preferencias \u00e0 Cookies.<\/p>\n<p>&nbsp;<\/td>\n<td width=\"246\"><a href=\"http:\/\/www.opera.com\/help\/tutorials\/security\/cookies\/\">http:\/\/www.opera.com\/help\/tutorials\/security\/cookies\/<\/a><\/td>\n<td width=\"99\">&nbsp;<\/p>\n<p>&nbsp;<\/td>\n<\/tr>\n<tr>\n<td width=\"142\"><strong> <\/strong><\/p>\n<p><strong>Safari<\/strong><\/p>\n<p><strong> <\/strong><\/td>\n<td width=\"274\">&nbsp;<\/p>\n<p>Prefer\u00e8ncies de seguretat.<\/p>\n<p>&nbsp;<\/td>\n<td width=\"246\"><a href=\"http:\/\/www.apple.com\">http:\/\/www.apple.com<\/a><\/td>\n<td width=\"99\">&nbsp;<\/td>\n<\/tr>\n<tr>\n<td width=\"142\"><strong>Edge<\/strong><\/p>\n<p><strong> <\/strong><\/td>\n<td width=\"274\">&nbsp;<\/p>\n<p>Configuraci\u00f3 a Veure configuraci\u00f3 avan\u00e7ada a Privadesa i serveis a Cookies.<\/p>\n<p>&nbsp;<\/td>\n<td width=\"246\"><a href=\"https:\/\/privacy.microsoft.com\/es-es\/windows-10-microsoft-edge-and-privacy\">https:\/\/privacy.microsoft.com\/es-es\/windows-10-microsoft-edge-and-privacy<\/a><\/p>\n<p>&nbsp;<\/td>\n<td width=\"99\">&nbsp;<\/td>\n<\/tr>\n<\/tbody>\n<\/table>\n","protected":false},"excerpt":{"rendered":"<p>Qu\u00c8 son les cookies? &nbsp; Les cookies s\u00f3n petits fitxers de dades que es reben al terminal des del lloc web visitat i s&#8217;usen per registrar certes interaccions de la navegaci\u00f3 en un lloc web emmagatzemant dades que podran ser actualitzades i recuperades. Aquests fitxers s&#8217;emmagatzemen a l&#8217;ordinador de l&#8217;usuari i cont\u00e9 dades an\u00f2nimes que  [&#8230;]<\/p>\n","protected":false},"author":6,"featured_media":0,"parent":0,"menu_order":0,"comment_status":"closed","ping_status":"closed","template":"","meta":{"footnotes":""},"class_list":["post-27921","page","type-page","status-publish","hentry"],"yoast_head":"<!-- This site is optimized with the Yoast SEO plugin v27.4 - https:\/\/yoast.com\/product\/yoast-seo-wordpress\/ -->\n<title>Pol\u00edtica de Cookies - Micofora<\/title>\n<meta name=\"robots\" content=\"index, follow, max-snippet:-1, max-image-preview:large, max-video-preview:-1\" \/>\n<link rel=\"canonical\" href=\"https:\/\/micofora.com\/politica-de-cookies\/\" \/>\n<meta property=\"og:locale\" content=\"ca_ES\" \/>\n<meta property=\"og:type\" content=\"article\" \/>\n<meta property=\"og:title\" content=\"Pol\u00edtica de Cookies - Micofora\" \/>\n<meta property=\"og:description\" content=\"Qu\u00c8 son les cookies? &nbsp; Les cookies s\u00f3n petits fitxers de dades que es reben al terminal des del lloc web visitat i s&#8217;usen per registrar certes interaccions de la navegaci\u00f3 en un lloc web emmagatzemant dades que podran ser actualitzades i recuperades. Aquests fitxers s&#8217;emmagatzemen a l&#8217;ordinador de l&#8217;usuari i cont\u00e9 dades an\u00f2nimes que [...]\" \/>\n<meta property=\"og:url\" content=\"https:\/\/micofora.com\/politica-de-cookies\/\" \/>\n<meta property=\"og:site_name\" content=\"Micofora\" \/>\n<meta name=\"twitter:card\" content=\"summary_large_image\" \/>\n<meta name=\"twitter:label1\" content=\"Est. reading time\" \/>\n\t<meta name=\"twitter:data1\" content=\"5 minutes\" \/>\n<script type=\"application\/ld+json\" class=\"yoast-schema-graph\">{\"@context\":\"https:\\\/\\\/schema.org\",\"@graph\":[{\"@type\":\"WebPage\",\"@id\":\"https:\\\/\\\/micofora.com\\\/politica-de-cookies\\\/\",\"url\":\"https:\\\/\\\/micofora.com\\\/politica-de-cookies\\\/\",\"name\":\"Pol\u00edtica de Cookies - Micofora\",\"isPartOf\":{\"@id\":\"https:\\\/\\\/micofora.com\\\/#website\"},\"datePublished\":\"2025-11-27T14:01:18+00:00\",\"breadcrumb\":{\"@id\":\"https:\\\/\\\/micofora.com\\\/politica-de-cookies\\\/#breadcrumb\"},\"inLanguage\":\"ca\",\"potentialAction\":[{\"@type\":\"ReadAction\",\"target\":[\"https:\\\/\\\/micofora.com\\\/politica-de-cookies\\\/\"]}]},{\"@type\":\"BreadcrumbList\",\"@id\":\"https:\\\/\\\/micofora.com\\\/politica-de-cookies\\\/#breadcrumb\",\"itemListElement\":[{\"@type\":\"ListItem\",\"position\":1,\"name\":\"Portada\",\"item\":\"https:\\\/\\\/micofora.com\\\/ca\\\/\"},{\"@type\":\"ListItem\",\"position\":2,\"name\":\"Pol\u00edtica de Cookies\"}]},{\"@type\":\"WebSite\",\"@id\":\"https:\\\/\\\/micofora.com\\\/#website\",\"url\":\"https:\\\/\\\/micofora.com\\\/\",\"name\":\"Micofora\",\"description\":\"Micologia Forestal &amp; Aplicada\",\"potentialAction\":[{\"@type\":\"SearchAction\",\"target\":{\"@type\":\"EntryPoint\",\"urlTemplate\":\"https:\\\/\\\/micofora.com\\\/?s={search_term_string}\"},\"query-input\":{\"@type\":\"PropertyValueSpecification\",\"valueRequired\":true,\"valueName\":\"search_term_string\"}}],\"inLanguage\":\"ca\"}]}<\/script>\n<!-- \/ Yoast SEO plugin. -->","yoast_head_json":{"title":"Pol\u00edtica de Cookies - Micofora","robots":{"index":"index","follow":"follow","max-snippet":"max-snippet:-1","max-image-preview":"max-image-preview:large","max-video-preview":"max-video-preview:-1"},"canonical":"https:\/\/micofora.com\/politica-de-cookies\/","og_locale":"ca_ES","og_type":"article","og_title":"Pol\u00edtica de Cookies - Micofora","og_description":"Qu\u00c8 son les cookies? &nbsp; Les cookies s\u00f3n petits fitxers de dades que es reben al terminal des del lloc web visitat i s&#8217;usen per registrar certes interaccions de la navegaci\u00f3 en un lloc web emmagatzemant dades que podran ser actualitzades i recuperades. Aquests fitxers s&#8217;emmagatzemen a l&#8217;ordinador de l&#8217;usuari i cont\u00e9 dades an\u00f2nimes que [...]","og_url":"https:\/\/micofora.com\/politica-de-cookies\/","og_site_name":"Micofora","twitter_card":"summary_large_image","twitter_misc":{"Est. reading time":"5 minutes"},"schema":{"@context":"https:\/\/schema.org","@graph":[{"@type":"WebPage","@id":"https:\/\/micofora.com\/politica-de-cookies\/","url":"https:\/\/micofora.com\/politica-de-cookies\/","name":"Pol\u00edtica de Cookies - Micofora","isPartOf":{"@id":"https:\/\/micofora.com\/#website"},"datePublished":"2025-11-27T14:01:18+00:00","breadcrumb":{"@id":"https:\/\/micofora.com\/politica-de-cookies\/#breadcrumb"},"inLanguage":"ca","potentialAction":[{"@type":"ReadAction","target":["https:\/\/micofora.com\/politica-de-cookies\/"]}]},{"@type":"BreadcrumbList","@id":"https:\/\/micofora.com\/politica-de-cookies\/#breadcrumb","itemListElement":[{"@type":"ListItem","position":1,"name":"Portada","item":"https:\/\/micofora.com\/ca\/"},{"@type":"ListItem","position":2,"name":"Pol\u00edtica de Cookies"}]},{"@type":"WebSite","@id":"https:\/\/micofora.com\/#website","url":"https:\/\/micofora.com\/","name":"Micofora","description":"Micologia Forestal &amp; Aplicada","potentialAction":[{"@type":"SearchAction","target":{"@type":"EntryPoint","urlTemplate":"https:\/\/micofora.com\/?s={search_term_string}"},"query-input":{"@type":"PropertyValueSpecification","valueRequired":true,"valueName":"search_term_string"}}],"inLanguage":"ca"}]}},"_links":{"self":[{"href":"https:\/\/micofora.com\/ca\/wp-json\/wp\/v2\/pages\/27921","targetHints":{"allow":["GET"]}}],"collection":[{"href":"https:\/\/micofora.com\/ca\/wp-json\/wp\/v2\/pages"}],"about":[{"href":"https:\/\/micofora.com\/ca\/wp-json\/wp\/v2\/types\/page"}],"author":[{"embeddable":true,"href":"https:\/\/micofora.com\/ca\/wp-json\/wp\/v2\/users\/6"}],"replies":[{"embeddable":true,"href":"https:\/\/micofora.com\/ca\/wp-json\/wp\/v2\/comments?post=27921"}],"version-history":[{"count":0,"href":"https:\/\/micofora.com\/ca\/wp-json\/wp\/v2\/pages\/27921\/revisions"}],"wp:attachment":[{"href":"https:\/\/micofora.com\/ca\/wp-json\/wp\/v2\/media?parent=27921"}],"curies":[{"name":"wp","href":"https:\/\/api.w.org\/{rel}","templated":true}]}}