{"id":20695,"date":"2016-10-30T12:54:10","date_gmt":"2016-10-30T12:54:10","guid":{"rendered":"http:\/\/micofora.com\/ca\/aviso-legal\/"},"modified":"2025-12-01T14:01:31","modified_gmt":"2025-12-01T14:01:31","slug":"aviso-legal","status":"publish","type":"page","link":"https:\/\/micofora.com\/ca\/aviso-legal\/","title":{"rendered":"Avis legal"},"content":{"rendered":"<p>Esta p\u00e1gina Web es propiedad de MICOLOGIA FORESTAL APLICADA SL (en adelanteMicofora), con NIF n\u00ba B64390040 y domicilio en Cami del Fou s\/n, Sant Antoni de Vilamajor<br \/>\n(08459), Barcelona, Espa\u00f1a e Inscrita en el Registro Mercantil de Barcelona, Tomo 39132, Folio 104, Hoja B 339103, Inscripci\u00f3n 1<\/p>\n<p>Para cualquier consulta o propuesta, cont\u00e1ctenos llamando al tel\u00e9fono + 938155455 o en el e-mail micologiaforestal@micofora.com .<\/p>\n<p>Esta p\u00e1gina Web se rige por la normativa exclusivamente aplicable en Espa\u00f1a, quedando sometida a ella, tanto nacionales como extranjeros que utilicen esta Web.<\/p>\n<p>El acceso a nuestra p\u00e1gina Web por parte de la PERSONA USUARIA es gratuito y est\u00e1 condicionado a la previa lectura y aceptaci\u00f3n \u00cdntegra, expresa y sin reservas de las presentes CONDICIONES<br \/>\nGENERALES DE USO vigentes en el momento del acceso, que rogamos lea detenidamente. La PERSONA USUARIA en el momento que utiliza nuestro portal, sus contenidos o servicios, acepta y<br \/>\nse somete expresamente a las condiciones generales de uso del mismo. Si la PERSONA USUARIA no estuviere de acuerdo con las presentes condiciones de uso, deber\u00e1 abstenerse de utilizar este<br \/>\nportal y operar por medio del mismo.<\/p>\n<p>El suministro de datos personales y la compra de productos a trav\u00e9s de nuestro portal requiere una edad m\u00ednima de 14 a\u00f1os, o en su caso, disponer de capacidad jur\u00eddica suficiente para<br \/>\ncontratar.<\/p>\n<p>En cualquier momento podremos modificar la presentaci\u00f3n y configuraci\u00f3n de nuestra Web, ampliar o reducir servicios, e incluso suprimirla de la Red, as\u00ed como los servicios y contenidos<br \/>\nprestados, todo ello de forma unilateral y sin previo aviso.<\/p>\n<p>A. PROPIEDAD INTELECTUAL<br \/>\nTodos los contenidos, textos, im\u00e1genes, y c\u00f3digos fuente son propiedad de Micofora o de terceros a los que se han adquirido sus derechos de explotaci\u00f3n, y est\u00e1n protegidos por los derechos de<br \/>\nPropiedad Intelectual e Industrial.<\/p>\n<p>La PERSONA USUARIA \u00fanicamente tiene derecho a un uso privado de los mismos, sin \u00e1nimo de lucro, y necesita autorizaci\u00f3n expresa para modificarlos, reproducirlos, explotarlos, distribuirlos o<br \/>\nejercer cualquier derecho perteneciente a su titular.<\/p>\n<p>Micofora es una marca registrada, y est\u00e1 prohibida su reproducci\u00f3n, imitaci\u00f3n, utilizaci\u00f3n o inserci\u00f3n de estas marcas sin nuestra debida autorizaci\u00f3n.<\/p>\n<p>El establecimiento de enlaces a nuestro portal no confiere ning\u00fan derecho sobre el mismo. Asimismo, el simple hecho de establecer un enlace a nuestra p\u00e1gina web no da derecho a<br \/>\notorgarse la categor\u00eda de colaborador o socio.<\/p>\n<p>Micofora queda exonerado de responsabilidad por cualquier reclamaci\u00f3n respecto a los derechos de propiedad intelectual de los art\u00edculos e im\u00e1genes publicadas por terceros en su portal.<br \/>\nEst\u00e1 absolutamente prohibida la imitaci\u00f3n ya sea total o parcial de nuestro portal o el establecimiento de enlaces a nuestra p\u00e1gina web sin la autorizaci\u00f3n previa de Micofora.<\/p>\n<p>B. CONDICIONES DE ACCESO Y USO<\/p>\n<p>El acceso a nuestra p\u00e1gina Web es gratuito y no exige suscripci\u00f3n o registro previo. Sin embargo, determinados servicios son de acceso restringido a determinadas PERSONAS USUARIAS y<br \/>\nrequieren haber realizado un proceso de registro y\/o la identificaci\u00f3n mediante contrase\u00f1as. Estos servicios quedar\u00e1n debidamente identificados en la Web.<\/p>\n<p>El env\u00edo de datos personales implica la aceptaci\u00f3n expresa por parte de la PERSONA USUARIA de nuestra pol\u00edtica de privacidad.<\/p>\n<p>La PERSONA USUARIA debe acceder a nuestra p\u00e1gina Web conforme a la buena fe, las normas de orden p\u00fablico y a las presentes Condiciones Generales de uso. El acceso a nuestro sitio Web se<br \/>\nrealiza bajo la propia y exclusiva responsabilidad de la PERSONA USUARIA, que responder\u00e1 en todo caso de los da\u00f1os y perjuicios que pueda causar a terceros o a nosotros mismos.<\/p>\n<p>La PERSONA USUARIA tiene expresamente prohibida la utilizaci\u00f3n y obtenci\u00f3n de los servicios, productos y contenidos ofrecidos en la presente p\u00e1gina web, por procedimientos distintos a los<br \/>\nestipulados en las presentes condiciones de uso y, en su caso, en las condiciones particulares que regulen la adquisici\u00f3n de determinados productos.<\/p>\n<p>La PERSONA USUARIA tiene prohibido cualquier tipo de acci\u00f3n sobre nuestro portal que origine una excesiva sobrecarga de funcionamiento a nuestros sistemas inform\u00e1ticos, as\u00ed como la<br \/>\nintroducci\u00f3n de virus, o instalaci\u00f3n de robots, o software que altere el normal funcionamiento de nuestra web, o en definitiva pueda causar da\u00f1os a nuestros sistemas inform\u00e1ticos.<\/p>\n<p>Teniendo en cuenta la dificultad de control respecto a la informaci\u00f3n, contenidos y servicios que contengan p\u00e1ginas web de terceros disponibles desde nuestra p\u00e1gina web, le comunicamos que<br \/>\nMicofora, no se hace responsable de los mismos, sin perjuicio de que intentar\u00e1, en la medida de lo posible, velar por su legalidad.<\/p>\n<p>Micofora se reserva el derecho a dar de baja a cualquier PERSONA USUARIA que la organizaci\u00f3n entienda que ha vulnerado las condiciones que rigen el uso de nuestra p\u00e1gina web. Asimismo, se<br \/>\nreserva el derecho de ejercitar las acciones legales oportunas contra aquellos que vulneren las presentes condiciones generales de uso.<\/p>\n<p>C. POL\u00cdTICA DE PRIVACIDAD<\/p>\n<p>La confidencialidad y la seguridad son valores primordiales de Micofora y, en consecuencia, asumimos el compromiso de garantizar la privacidad de la PERSONA USUARIA en todo momento y<br \/>\nde no recabar informaci\u00f3n innecesaria.<\/p>\n<p>El suministro de datos personales a trav\u00e9s de nuestro portal requiere una edad m\u00ednima de 14 a\u00f1os y la aceptaci\u00f3n expresa de nuestra Pol\u00edtica de Privacidad.<\/p>\n<p>D. RESPONSABILIDADES<\/p>\n<p>Al poner a disposici\u00f3n de la PERSONA USUARIA esta p\u00e1gina Web queremos ofrecerle un servicio de calidad, utilizando la m\u00e1xima diligencia en la prestaci\u00f3n del mismo, as\u00ed como en los medios<br \/>\ntecnol\u00f3gicos utilizados. No obstante, Micofora no garantiza que la disponibilidad del servicio sea continua e ininterrumpida, por circunstancias originadas por problemas en la red de Internet,<br \/>\naver\u00edas en los dispositivos inform\u00e1ticos u otras circunstancias imprevisibles, de manera que la PERSONA USUARIA acepta soportar dentro de unos l\u00edmites razonables estas circunstancias.<\/p>\n<p>Esta p\u00e1gina web, salvo lo regulado, en su caso, por algunas condiciones de uso espec\u00edficas, es puramente informativa y de presentaci\u00f3n corporativa de nuestros productos y servicios, por lo<br \/>\nque Micofora no se responsabiliza por las expectativas de cualquier tipo que pueda generar a la PERSONA USUARIA.<\/p>\n<p>La PERSONA USUARIA reconoce que ha entendido toda la informaci\u00f3n respecto a las condiciones de uso de nuestro portal, y reconoce que son suficientes para la exclusi\u00f3n del error en las mismas, y por lo tanto, las acepta integra y expresamente.<\/p>\n<p>La PERSONA USUARIA es plenamente consciente de que la mera navegaci\u00f3n por la presente p\u00e1gina web, as\u00ed como la utilizaci\u00f3n de sus servicios, implica la aceptaci\u00f3n de las presentes<br \/>\ncondiciones de uso.<\/p>\n<p>Todo lo referente a nuestra p\u00e1gina web, se rige exclusivamente por las leyes espa\u00f1olas. En el caso de que se produzca cualquier tipo de discrepancia o diferencia entre las partes en relaci\u00f3n con la<br \/>\ninterpretaci\u00f3n y contenido de la presente p\u00e1gina web, todas las partes se someten a los Juzgados y Tribunales que legalmente correspondan.<\/p>\n<p>E. VIGENCIA DE LAS CONDICIONES GENERALES DE ACCESO A LA WEB<\/p>\n<p>Las presentes Condiciones Generales de Uso han sido modificadas con fecha 10\/01\/2022. En cualquier momento podemos proceder a su modificaci\u00f3n: por favor, compruebe la fecha de<br \/>\nemisi\u00f3n en cada ocasi\u00f3n en que se conecte a nuestra p\u00e1gina Web y as\u00ed tendr\u00e1 la certeza de que no se ha producido modificaci\u00f3n alguna que le afecte.<\/p>\n<p>Para cualquier cuesti\u00f3n respecto a las Condiciones de Uso de nuestra p\u00e1gina web, puede ponerse en contacto con nosotros en los datos arriba indicados, o con Lant Abogados en info@lant-<br \/>\nabogados.com o en https:\/\/www.lant-abogados.com\/<\/p>\n","protected":false},"excerpt":{"rendered":"<p>Esta p\u00e1gina Web es propiedad de MICOLOGIA FORESTAL APLICADA SL (en adelanteMicofora), con NIF n\u00ba B64390040 y domicilio en Cami del Fou s\/n, Sant Antoni de Vilamajor (08459), Barcelona, Espa\u00f1a e Inscrita en el Registro Mercantil de Barcelona, Tomo 39132, Folio 104, Hoja B 339103, Inscripci\u00f3n 1 Para cualquier consulta o propuesta, cont\u00e1ctenos llamando al  [&#8230;]<\/p>\n","protected":false},"author":1,"featured_media":0,"parent":0,"menu_order":0,"comment_status":"closed","ping_status":"closed","template":"","meta":{"footnotes":""},"class_list":["post-20695","page","type-page","status-publish","hentry"],"yoast_head":"<!-- This site is optimized with the Yoast SEO plugin v27.4 - https:\/\/yoast.com\/product\/yoast-seo-wordpress\/ -->\n<title>Avis legal - Micofora<\/title>\n<meta name=\"robots\" content=\"noindex, nofollow\" \/>\n<meta property=\"og:locale\" content=\"ca_ES\" \/>\n<meta property=\"og:type\" content=\"article\" \/>\n<meta property=\"og:title\" content=\"Avis legal - Micofora\" \/>\n<meta property=\"og:description\" content=\"Esta p\u00e1gina Web es propiedad de MICOLOGIA FORESTAL APLICADA SL (en adelanteMicofora), con NIF n\u00ba B64390040 y domicilio en Cami del Fou s\/n, Sant Antoni de Vilamajor (08459), Barcelona, Espa\u00f1a e Inscrita en el Registro Mercantil de Barcelona, Tomo 39132, Folio 104, Hoja B 339103, Inscripci\u00f3n 1 Para cualquier consulta o propuesta, cont\u00e1ctenos llamando al [...]\" \/>\n<meta property=\"og:url\" content=\"https:\/\/micofora.com\/ca\/aviso-legal\/\" \/>\n<meta property=\"og:site_name\" content=\"Micofora\" \/>\n<meta property=\"article:modified_time\" content=\"2025-12-01T14:01:31+00:00\" \/>\n<meta name=\"twitter:card\" content=\"summary_large_image\" \/>\n<meta name=\"twitter:label1\" content=\"Est. reading time\" \/>\n\t<meta name=\"twitter:data1\" content=\"6 minutes\" \/>\n<script type=\"application\/ld+json\" class=\"yoast-schema-graph\">{\"@context\":\"https:\\\/\\\/schema.org\",\"@graph\":[{\"@type\":\"WebPage\",\"@id\":\"https:\\\/\\\/micofora.com\\\/ca\\\/aviso-legal\\\/\",\"url\":\"https:\\\/\\\/micofora.com\\\/ca\\\/aviso-legal\\\/\",\"name\":\"Avis legal - Micofora\",\"isPartOf\":{\"@id\":\"https:\\\/\\\/micofora.com\\\/#website\"},\"datePublished\":\"2016-10-30T12:54:10+00:00\",\"dateModified\":\"2025-12-01T14:01:31+00:00\",\"breadcrumb\":{\"@id\":\"https:\\\/\\\/micofora.com\\\/ca\\\/aviso-legal\\\/#breadcrumb\"},\"inLanguage\":\"ca\",\"potentialAction\":[{\"@type\":\"ReadAction\",\"target\":[\"https:\\\/\\\/micofora.com\\\/ca\\\/aviso-legal\\\/\"]}]},{\"@type\":\"BreadcrumbList\",\"@id\":\"https:\\\/\\\/micofora.com\\\/ca\\\/aviso-legal\\\/#breadcrumb\",\"itemListElement\":[{\"@type\":\"ListItem\",\"position\":1,\"name\":\"Portada\",\"item\":\"https:\\\/\\\/micofora.com\\\/ca\\\/\"},{\"@type\":\"ListItem\",\"position\":2,\"name\":\"Avis legal\"}]},{\"@type\":\"WebSite\",\"@id\":\"https:\\\/\\\/micofora.com\\\/#website\",\"url\":\"https:\\\/\\\/micofora.com\\\/\",\"name\":\"Micofora\",\"description\":\"Micologia Forestal &amp; Aplicada\",\"potentialAction\":[{\"@type\":\"SearchAction\",\"target\":{\"@type\":\"EntryPoint\",\"urlTemplate\":\"https:\\\/\\\/micofora.com\\\/?s={search_term_string}\"},\"query-input\":{\"@type\":\"PropertyValueSpecification\",\"valueRequired\":true,\"valueName\":\"search_term_string\"}}],\"inLanguage\":\"ca\"}]}<\/script>\n<!-- \/ Yoast SEO plugin. -->","yoast_head_json":{"title":"Avis legal - Micofora","robots":{"index":"noindex","follow":"nofollow"},"og_locale":"ca_ES","og_type":"article","og_title":"Avis legal - Micofora","og_description":"Esta p\u00e1gina Web es propiedad de MICOLOGIA FORESTAL APLICADA SL (en adelanteMicofora), con NIF n\u00ba B64390040 y domicilio en Cami del Fou s\/n, Sant Antoni de Vilamajor (08459), Barcelona, Espa\u00f1a e Inscrita en el Registro Mercantil de Barcelona, Tomo 39132, Folio 104, Hoja B 339103, Inscripci\u00f3n 1 Para cualquier consulta o propuesta, cont\u00e1ctenos llamando al [...]","og_url":"https:\/\/micofora.com\/ca\/aviso-legal\/","og_site_name":"Micofora","article_modified_time":"2025-12-01T14:01:31+00:00","twitter_card":"summary_large_image","twitter_misc":{"Est. reading time":"6 minutes"},"schema":{"@context":"https:\/\/schema.org","@graph":[{"@type":"WebPage","@id":"https:\/\/micofora.com\/ca\/aviso-legal\/","url":"https:\/\/micofora.com\/ca\/aviso-legal\/","name":"Avis legal - Micofora","isPartOf":{"@id":"https:\/\/micofora.com\/#website"},"datePublished":"2016-10-30T12:54:10+00:00","dateModified":"2025-12-01T14:01:31+00:00","breadcrumb":{"@id":"https:\/\/micofora.com\/ca\/aviso-legal\/#breadcrumb"},"inLanguage":"ca","potentialAction":[{"@type":"ReadAction","target":["https:\/\/micofora.com\/ca\/aviso-legal\/"]}]},{"@type":"BreadcrumbList","@id":"https:\/\/micofora.com\/ca\/aviso-legal\/#breadcrumb","itemListElement":[{"@type":"ListItem","position":1,"name":"Portada","item":"https:\/\/micofora.com\/ca\/"},{"@type":"ListItem","position":2,"name":"Avis legal"}]},{"@type":"WebSite","@id":"https:\/\/micofora.com\/#website","url":"https:\/\/micofora.com\/","name":"Micofora","description":"Micologia Forestal &amp; Aplicada","potentialAction":[{"@type":"SearchAction","target":{"@type":"EntryPoint","urlTemplate":"https:\/\/micofora.com\/?s={search_term_string}"},"query-input":{"@type":"PropertyValueSpecification","valueRequired":true,"valueName":"search_term_string"}}],"inLanguage":"ca"}]}},"_links":{"self":[{"href":"https:\/\/micofora.com\/ca\/wp-json\/wp\/v2\/pages\/20695","targetHints":{"allow":["GET"]}}],"collection":[{"href":"https:\/\/micofora.com\/ca\/wp-json\/wp\/v2\/pages"}],"about":[{"href":"https:\/\/micofora.com\/ca\/wp-json\/wp\/v2\/types\/page"}],"author":[{"embeddable":true,"href":"https:\/\/micofora.com\/ca\/wp-json\/wp\/v2\/users\/1"}],"replies":[{"embeddable":true,"href":"https:\/\/micofora.com\/ca\/wp-json\/wp\/v2\/comments?post=20695"}],"version-history":[{"count":5,"href":"https:\/\/micofora.com\/ca\/wp-json\/wp\/v2\/pages\/20695\/revisions"}],"predecessor-version":[{"id":27965,"href":"https:\/\/micofora.com\/ca\/wp-json\/wp\/v2\/pages\/20695\/revisions\/27965"}],"wp:attachment":[{"href":"https:\/\/micofora.com\/ca\/wp-json\/wp\/v2\/media?parent=20695"}],"curies":[{"name":"wp","href":"https:\/\/api.w.org\/{rel}","templated":true}]}}