{"id":20230,"date":"2016-09-02T14:54:27","date_gmt":"2016-09-02T14:54:27","guid":{"rendered":"http:\/\/micofora.com\/ca\/visitas-tecnicas-trufa\/"},"modified":"2025-11-11T08:51:08","modified_gmt":"2025-11-11T08:51:08","slug":"visites-tecniques-a-plantacions-tofoneres-per-a-coneixer-i-millorar-lestat-i-la-produccio-de-tofones","status":"publish","type":"page","link":"https:\/\/micofora.com\/ca\/visites-tecniques-a-plantacions-tofoneres-per-a-coneixer-i-millorar-lestat-i-la-produccio-de-tofones\/","title":{"rendered":"Visites t\u00e8cniques a plantacions tofoneres"},"content":{"rendered":"<div class=\"fusion-fullwidth fullwidth-box fusion-builder-row-1 nonhundred-percent-fullwidth non-hundred-percent-height-scrolling\" style=\"--awb-background-position:left top;--awb-border-sizes-top:0px;--awb-border-sizes-bottom:0px;--awb-border-sizes-left:0px;--awb-border-sizes-right:0px;--awb-border-radius-top-left:0px;--awb-border-radius-top-right:0px;--awb-border-radius-bottom-right:0px;--awb-border-radius-bottom-left:0px;--awb-padding-top:20px;--awb-padding-bottom:20px;--awb-flex-wrap:wrap;\" ><div class=\"fusion-builder-row fusion-row\"><div class=\"fusion-layout-column fusion_builder_column fusion-builder-column-0 fusion_builder_column_1_1 1_1 fusion-one-full fusion-column-first fusion-column-last\" style=\"--awb-bg-size:cover;\"><div class=\"fusion-column-wrapper fusion-flex-column-wrapper-legacy\"><div class=\"fusion-image-element in-legacy-container\" style=\"--awb-caption-title-font-family:var(--h2_typography-font-family);--awb-caption-title-font-weight:var(--h2_typography-font-weight);--awb-caption-title-font-style:var(--h2_typography-font-style);--awb-caption-title-size:var(--h2_typography-font-size);--awb-caption-title-transform:var(--h2_typography-text-transform);--awb-caption-title-line-height:var(--h2_typography-line-height);--awb-caption-title-letter-spacing:var(--h2_typography-letter-spacing);\"><span class=\" fusion-imageframe imageframe-none imageframe-1 hover-type-none\"><img decoding=\"async\" width=\"2048\" height=\"864\" title=\"visitas-tecnicas\" src=\"https:\/\/micofora.com\/wp-content\/uploads\/2016\/09\/VISITAS-TECNICAS-1.jpg\" alt class=\"img-responsive wp-image-20887\" srcset=\"https:\/\/micofora.com\/wp-content\/uploads\/2016\/09\/VISITAS-TECNICAS-1-200x84.jpg 200w, https:\/\/micofora.com\/wp-content\/uploads\/2016\/09\/VISITAS-TECNICAS-1-400x169.jpg 400w, https:\/\/micofora.com\/wp-content\/uploads\/2016\/09\/VISITAS-TECNICAS-1-600x253.jpg 600w, https:\/\/micofora.com\/wp-content\/uploads\/2016\/09\/VISITAS-TECNICAS-1-800x338.jpg 800w, https:\/\/micofora.com\/wp-content\/uploads\/2016\/09\/VISITAS-TECNICAS-1-1200x506.jpg 1200w, https:\/\/micofora.com\/wp-content\/uploads\/2016\/09\/VISITAS-TECNICAS-1.jpg 2048w\" sizes=\"(max-width: 800px) 100vw, 1200px\" \/><\/span><\/div><div class=\"fusion-clearfix\"><\/div><\/div><\/div><div class=\"fusion-layout-column fusion_builder_column fusion-builder-column-1 fusion_builder_column_1_3 1_3 fusion-one-third fusion-column-first\" style=\"--awb-bg-size:cover;width:30.6666%; margin-right: 4%;\"><div class=\"fusion-column-wrapper fusion-flex-column-wrapper-legacy\"><div class=\"fusion-text fusion-text-1\"><h2>Un servei integral per al truficultor<\/h2>\n<p style=\"text-align: left;\">Micologia Forestal &amp; Aplicada a m\u00e9s a m\u00e9s de\u00a0la producci\u00f3 de plantes micorizades per al cultiu de la t\u00f2fona negra\u00a0i del desenvolupament de la tecnologia per a la inoculaci\u00f3 de t\u00f2fona en arbre adult, ofereix un servei integral per al truficultor: pot enviar-nos les seves mostres de s\u00f2l per tal d&#8217;avaluar la seva potencialitat tofonera, sol\u00b7licitar una visita o assessorament t\u00e8cnic\u00a0per\u00a0a les\u00a0seves plantacions tofoneres.<\/p>\n<h3><strong>Estudi de viabilitat per plantaci\u00f3\u00a0<\/strong>tofones<\/h3>\n<p>En les visites t\u00e8cniques per l\u00b4estudi de la viabilitat tofonera d\u00b4una finca, s\u00b4analitza la potencialitat de la futura plantaci\u00f3 i s\u00b4assessora al truficultor en les fases previes a la plantaci\u00f3.<\/p>\n<\/div><div class=\"fusion-reading-box-container reading-box-container-1\" style=\"--awb-title-color:#333333;--awb-margin-top:0px;--awb-margin-bottom:84px;\"><div class=\"reading-box\" style=\"background-color:#f6f6f6;border-width:1px;border-color:#f6f6f6;border-top-width:3px;border-top-color:var(--primary_color);border-style:solid;\"><h2>Quant costa?<\/h2><div class=\"reading-box-additional fusion-reading-box-additional\">\n<p>El preu de la visita \u00e9s de 300\u20ac.<\/p>\n<p><strong>Incluu:<\/strong><\/p>\n<ul>\n<li>visita a la plantaci\u00f3<\/li>\n<li>an\u00e0lisis b\u00e0sics de fins a 5 mostres de s\u00f2lo<\/li>\n<li>informe amb recomenacions<\/li>\n<\/ul>\n<hr \/>\n<p><i>Costes de despla\u00e7ament no\u00a0inclosos\u00a0en la oferta. (0,30\u20ac\/km)<\/i><\/p>\n<p><em>Cost per mostra adicional:<\/em><\/p>\n<ul>\n<li><i>10\u20ac an\u00e0lisi\u00a0s\u00f2l\u00a0b\u00e0sic<\/i><\/li>\n<li><i>77\u20ac an\u00e0lisi\u00a0s\u00f2l complert<\/i><\/li>\n<\/ul>\n<p><strong><em>IVA no incl\u00f3s<\/em><\/strong><\/p>\n<\/div><div class=\"fusion-clearfix\"><\/div><\/div><\/div><div class=\"fusion-reading-box-container reading-box-container-2\" style=\"--awb-title-color:#333333;--awb-margin-top:0px;--awb-margin-bottom:84px;\"><div class=\"reading-box\" style=\"background-color:#f6f6f6;border-width:1px;border-color:#f6f6f6;border-top-width:3px;border-top-color:var(--primary_color);border-style:solid;\"><h2>Projecte executiu<\/h2><div class=\"reading-box-additional fusion-reading-box-additional\">\n<p>Us podem redactar un projecte executiu, amb pl\u00e0nols de detall per saber el nombre exacte d\u00b4arbres, metres de tub de reg, geot\u00e8xtil, etc. Cost 500\u20ac + IVA<\/p>\n<p><img decoding=\"async\" class=\"size-medium wp-image-27842\" src=\"https:\/\/micofora.com\/wp-content\/uploads\/2025\/11\/truffle-orchard-design-micofora-300x207.jpeg\" alt=\"truffle orchard layouts micofora\" width=\"300\" height=\"207\" srcset=\"https:\/\/micofora.com\/wp-content\/uploads\/2025\/11\/truffle-orchard-design-micofora-200x138.jpeg 200w, https:\/\/micofora.com\/wp-content\/uploads\/2025\/11\/truffle-orchard-design-micofora-300x207.jpeg 300w, https:\/\/micofora.com\/wp-content\/uploads\/2025\/11\/truffle-orchard-design-micofora-400x276.jpeg 400w, https:\/\/micofora.com\/wp-content\/uploads\/2025\/11\/truffle-orchard-design-micofora-600x414.jpeg 600w, https:\/\/micofora.com\/wp-content\/uploads\/2025\/11\/truffle-orchard-design-micofora-768x530.jpeg 768w, https:\/\/micofora.com\/wp-content\/uploads\/2025\/11\/truffle-orchard-design-micofora-800x552.jpeg 800w, https:\/\/micofora.com\/wp-content\/uploads\/2025\/11\/truffle-orchard-design-micofora-1024x707.jpeg 1024w, https:\/\/micofora.com\/wp-content\/uploads\/2025\/11\/truffle-orchard-design-micofora-1200x828.jpeg 1200w, https:\/\/micofora.com\/wp-content\/uploads\/2025\/11\/truffle-orchard-design-micofora-1536x1060.jpeg 1536w, https:\/\/micofora.com\/wp-content\/uploads\/2025\/11\/truffle-orchard-design-micofora.jpeg 1600w\" sizes=\"(max-width: 300px) 100vw, 300px\" \/><\/p>\n<p><img decoding=\"async\" class=\"size-medium wp-image-27846\" src=\"https:\/\/micofora.com\/wp-content\/uploads\/2025\/11\/truffle-plantation-design-micofora-300x183.jpg\" alt=\"truffle plantation design micofora\" width=\"300\" height=\"183\" srcset=\"https:\/\/micofora.com\/wp-content\/uploads\/2025\/11\/truffle-plantation-design-micofora-200x122.jpg 200w, https:\/\/micofora.com\/wp-content\/uploads\/2025\/11\/truffle-plantation-design-micofora-300x183.jpg 300w, https:\/\/micofora.com\/wp-content\/uploads\/2025\/11\/truffle-plantation-design-micofora-400x244.jpg 400w, https:\/\/micofora.com\/wp-content\/uploads\/2025\/11\/truffle-plantation-design-micofora-600x366.jpg 600w, https:\/\/micofora.com\/wp-content\/uploads\/2025\/11\/truffle-plantation-design-micofora-768x469.jpg 768w, https:\/\/micofora.com\/wp-content\/uploads\/2025\/11\/truffle-plantation-design-micofora-800x489.jpg 800w, https:\/\/micofora.com\/wp-content\/uploads\/2025\/11\/truffle-plantation-design-micofora-1024x625.jpg 1024w, https:\/\/micofora.com\/wp-content\/uploads\/2025\/11\/truffle-plantation-design-micofora-1200x733.jpg 1200w, https:\/\/micofora.com\/wp-content\/uploads\/2025\/11\/truffle-plantation-design-micofora-1536x938.jpg 1536w\" sizes=\"(max-width: 300px) 100vw, 300px\" \/><\/p>\n<\/div><div class=\"fusion-clearfix\"><\/div><\/div><\/div><div class=\"fusion-clearfix\"><\/div><\/div><\/div><div class=\"fusion-layout-column fusion_builder_column fusion-builder-column-2 fusion_builder_column_1_3 1_3 fusion-one-third\" style=\"--awb-bg-size:cover;width:30.6666%; margin-right: 4%;\"><div class=\"fusion-column-wrapper fusion-flex-column-wrapper-legacy\"><div class=\"fusion-text fusion-text-2\"><h3>Programa seguiment de plantacions<\/h3>\n<p style=\"text-align: left;\">Us oferim un servei especial de seguiment de plantacions a Catalunya, dins d&#8217;un projecte a nivell mundial. Aquest servei inclou un seguiment de la micorizaci\u00f3, quantificaci\u00f3 molecular (Real Time PCR) de miceli de t\u00f2fona al s\u00f2l, detecci\u00f3 de bacteris potencialment beneficiosos per a la t\u00f2fona, recomanacions sobre esmenes del terreny (com ara treballs al terra, sistemes d&#8217;esponjament, adici\u00f3 de productes espec\u00edfics&#8230;); recomanacions sobre conveni\u00e8ncia de diferents sistemes de reg, tipus de poda, etc.<\/p>\n<\/div><div class=\"fusion-reading-box-container reading-box-container-3\" style=\"--awb-title-color:#333333;--awb-margin-top:0px;--awb-margin-bottom:84px;\"><div class=\"reading-box\" style=\"background-color:#f6f6f6;border-width:1px;border-color:#f6f6f6;border-top-width:3px;border-top-color:var(--primary_color);border-style:solid;\"><h2>Quant costa?<\/h2><div class=\"reading-box-additional fusion-reading-box-additional\">\n<p style=\"text-align: left;\">El preu d&#8217;aquesta oferta \u00e9s de 750\u20ac\/anual per una superf\u00edcie m\u00e0xima de\u00a02 hect\u00e0rees (+250\u20ac\/hect\u00e0rea adicional).<\/p>\n<p style=\"text-align: left;\"><strong>Inclou:<\/strong><\/p>\n<ul style=\"text-align: left;\">\n<li style=\"text-align: left;\">una visita anual a la plantaci\u00f3<\/li>\n<li style=\"text-align: left;\">an\u00e0lisis de micorizes (10 mostres)<\/li>\n<li style=\"text-align: left;\">quantifiaci\u00f3 miceli per ADN (5 mostres)<\/li>\n<li style=\"text-align: left;\">detecci\u00f3 de bacteris espec\u00edfics\u00a0(5 mostres)<\/li>\n<li style=\"text-align: left;\">informe dels resultats amb\u00a0recomanacions personalitzades de models de gesti\u00f3.<\/li>\n<\/ul>\n<p style=\"text-align: left;\">No inclou els productes ni les tasques d&#8217;implantaci\u00f3 que es puguin recomenar a l&#8217;informe de seguiment. La durada m\u00ednima aconsellada del seguiment personalitzat \u00e9s de 3 anys. Existeix tamb\u00e9 la possibilitat de restringir a partir del segon any el nombre i el tipus d&#8217;an\u00e0lisis, amb la qual cosa el cost d&#8217;aquest segon i tercer anys seria nom\u00e9s de 450\u20ac\/ anys per un m\u00e0xim de 2 hect\u00e0rees i 200\u20ac\/hect\u00e0rea adicional\/any.<\/p>\n<p style=\"text-align: left;\">A partir de 100 Km de Barcelona cal afegir un sobrecost de 0,35\u20ac\/Km de despla\u00e7ament, addicionals.<\/p>\n<p style=\"text-align: left;\">Si esteu interessats en participar en aquest projecte podeu posar-vos en contacte amb nosaltres a trav\u00e9s del correu electr\u00f2nic: micologiaforestal@micofora.com, o per tel\u00e8fon: 93 8155455.<\/p>\n<\/div><div class=\"fusion-clearfix\"><\/div><\/div><\/div><div class=\"fusion-clearfix\"><\/div><\/div><\/div><div class=\"fusion-layout-column fusion_builder_column fusion-builder-column-3 fusion_builder_column_1_3 1_3 fusion-one-third fusion-column-last\" style=\"--awb-bg-size:cover;width:30.6666%;\"><div class=\"fusion-column-wrapper fusion-flex-column-wrapper-legacy\"><div class=\"fusion-text fusion-text-3\"><h3>Oferta especial per a\u00a0 Associacions de Truficultors<\/h3>\n<p style=\"text-align: left;\">Oferim el seguiment anual de plantacions tofoneres\u00a0 a un preu especial a associacions de truficultors.\u00a0 La superf\u00edcie m\u00e0xima \u00e9s de 2 hect\u00e0rees per participant, en cas de plantacions m\u00e9s grans s&#8217;aplicar\u00e0 un suplement.\u00a0 El m\u00ednim de participants \u00e9s de 3 (per tal d&#8217;optimitzar despla\u00e7aments, an\u00e0lisis i visites).<br \/>\nA partir de 5 participants no es repercutir\u00e0 el suplement per despla\u00e7ament.<\/p>\n<p style=\"text-align: justify;\"><strong>\u00a0<\/strong><\/p>\n<\/div><div class=\"fusion-reading-box-container reading-box-container-4\" style=\"--awb-title-color:#333333;--awb-margin-top:0px;--awb-margin-bottom:84px;\"><div class=\"reading-box\" style=\"background-color:#f6f6f6;border-width:1px;border-color:#f6f6f6;border-top-width:3px;border-top-color:var(--primary_color);border-style:solid;\"><h2>Quant costa?<\/h2><div class=\"reading-box-additional fusion-reading-box-additional\">\n<p style=\"text-align: justify;\">Precio por participante 500\u20ac (con suplemento de 200\u20ac\/hect\u00e1rea a partir de la segunda hect\u00e1rea)<\/p>\n<p style=\"text-align: justify;\">A partir de 100 Km de Barcelona se debe a\u00f1adir un sobrecoste de 0,35\u20ac\/Km de desplazamiento.<\/p>\n<p style=\"text-align: justify;\">A partir del segundo a\u00f1o (y siempre que se mantengan el n\u00famero de participantes y el consiguiente ahorro en la optimizaci\u00f3n de desplazamientos, an\u00e1lisis y visitas) el coste se puede reducir a 350\u20ac\/hect\u00e1rea y a\u00f1o).<\/p>\n<\/div><div class=\"fusion-clearfix\"><\/div><\/div><\/div><div class=\"fusion-clearfix\"><\/div><\/div><\/div><\/div><\/div>\n","protected":false},"excerpt":{"rendered":"","protected":false},"author":6,"featured_media":0,"parent":0,"menu_order":0,"comment_status":"closed","ping_status":"closed","template":"","meta":{"footnotes":""},"class_list":["post-20230","page","type-page","status-publish","hentry"],"yoast_head":"<!-- This site is optimized with the Yoast SEO plugin v27.5 - https:\/\/yoast.com\/product\/yoast-seo-wordpress\/ -->\n<title>Visites t\u00e8cniques a plantacions tofoneres - Micofora<\/title>\n<meta name=\"description\" content=\"Visitar i analitzar una plantaci\u00f3 tofonera permet determinar i millorar l&#039;estat dels \u00e0rbres, del s\u00f2l, la pres\u00e8ncia de micorrizes de t\u00f2fona i altres fongs.\" \/>\n<meta name=\"robots\" content=\"index, follow, max-snippet:-1, max-image-preview:large, max-video-preview:-1\" \/>\n<link rel=\"canonical\" href=\"https:\/\/micofora.com\/ca\/visites-tecniques-a-plantacions-tofoneres-per-a-coneixer-i-millorar-lestat-i-la-produccio-de-tofones\/\" \/>\n<meta property=\"og:locale\" content=\"ca_ES\" \/>\n<meta property=\"og:type\" content=\"article\" \/>\n<meta property=\"og:title\" content=\"Visites t\u00e8cniques a plantacions tofoneres - Micofora\" \/>\n<meta property=\"og:description\" content=\"Visitar i analitzar una plantaci\u00f3 tofonera permet determinar i millorar l&#039;estat dels \u00e0rbres, del s\u00f2l, la pres\u00e8ncia de micorrizes de t\u00f2fona i altres fongs.\" \/>\n<meta property=\"og:url\" content=\"https:\/\/micofora.com\/ca\/visites-tecniques-a-plantacions-tofoneres-per-a-coneixer-i-millorar-lestat-i-la-produccio-de-tofones\/\" \/>\n<meta property=\"og:site_name\" content=\"Micofora\" \/>\n<meta property=\"article:modified_time\" content=\"2025-11-11T08:51:08+00:00\" \/>\n<meta property=\"og:image\" content=\"https:\/\/micofora.com\/wp-content\/uploads\/2025\/11\/truffle-orchard-design-micofora-300x207.jpeg\" \/>\n<meta name=\"twitter:card\" content=\"summary_large_image\" \/>\n<meta name=\"twitter:label1\" content=\"Est. reading time\" \/>\n\t<meta name=\"twitter:data1\" content=\"4 minutes\" \/>\n<script type=\"application\/ld+json\" class=\"yoast-schema-graph\">{\"@context\":\"https:\\\/\\\/schema.org\",\"@graph\":[{\"@type\":\"WebPage\",\"@id\":\"https:\\\/\\\/micofora.com\\\/ca\\\/visites-tecniques-a-plantacions-tofoneres-per-a-coneixer-i-millorar-lestat-i-la-produccio-de-tofones\\\/\",\"url\":\"https:\\\/\\\/micofora.com\\\/ca\\\/visites-tecniques-a-plantacions-tofoneres-per-a-coneixer-i-millorar-lestat-i-la-produccio-de-tofones\\\/\",\"name\":\"Visites t\u00e8cniques a plantacions tofoneres - Micofora\",\"isPartOf\":{\"@id\":\"https:\\\/\\\/micofora.com\\\/#website\"},\"primaryImageOfPage\":{\"@id\":\"https:\\\/\\\/micofora.com\\\/ca\\\/visites-tecniques-a-plantacions-tofoneres-per-a-coneixer-i-millorar-lestat-i-la-produccio-de-tofones\\\/#primaryimage\"},\"image\":{\"@id\":\"https:\\\/\\\/micofora.com\\\/ca\\\/visites-tecniques-a-plantacions-tofoneres-per-a-coneixer-i-millorar-lestat-i-la-produccio-de-tofones\\\/#primaryimage\"},\"thumbnailUrl\":\"https:\\\/\\\/micofora.com\\\/wp-content\\\/uploads\\\/2025\\\/11\\\/truffle-orchard-design-micofora-300x207.jpeg\",\"datePublished\":\"2016-09-02T14:54:27+00:00\",\"dateModified\":\"2025-11-11T08:51:08+00:00\",\"description\":\"Visitar i analitzar una plantaci\u00f3 tofonera permet determinar i millorar l'estat dels \u00e0rbres, del s\u00f2l, la pres\u00e8ncia de micorrizes de t\u00f2fona i altres fongs.\",\"breadcrumb\":{\"@id\":\"https:\\\/\\\/micofora.com\\\/ca\\\/visites-tecniques-a-plantacions-tofoneres-per-a-coneixer-i-millorar-lestat-i-la-produccio-de-tofones\\\/#breadcrumb\"},\"inLanguage\":\"ca\",\"potentialAction\":[{\"@type\":\"ReadAction\",\"target\":[\"https:\\\/\\\/micofora.com\\\/ca\\\/visites-tecniques-a-plantacions-tofoneres-per-a-coneixer-i-millorar-lestat-i-la-produccio-de-tofones\\\/\"]}]},{\"@type\":\"ImageObject\",\"inLanguage\":\"ca\",\"@id\":\"https:\\\/\\\/micofora.com\\\/ca\\\/visites-tecniques-a-plantacions-tofoneres-per-a-coneixer-i-millorar-lestat-i-la-produccio-de-tofones\\\/#primaryimage\",\"url\":\"https:\\\/\\\/micofora.com\\\/wp-content\\\/uploads\\\/2025\\\/11\\\/truffle-orchard-design-micofora-300x207.jpeg\",\"contentUrl\":\"https:\\\/\\\/micofora.com\\\/wp-content\\\/uploads\\\/2025\\\/11\\\/truffle-orchard-design-micofora-300x207.jpeg\"},{\"@type\":\"BreadcrumbList\",\"@id\":\"https:\\\/\\\/micofora.com\\\/ca\\\/visites-tecniques-a-plantacions-tofoneres-per-a-coneixer-i-millorar-lestat-i-la-produccio-de-tofones\\\/#breadcrumb\",\"itemListElement\":[{\"@type\":\"ListItem\",\"position\":1,\"name\":\"Portada\",\"item\":\"https:\\\/\\\/micofora.com\\\/ca\\\/\"},{\"@type\":\"ListItem\",\"position\":2,\"name\":\"Visites t\u00e8cniques a plantacions tofoneres\"}]},{\"@type\":\"WebSite\",\"@id\":\"https:\\\/\\\/micofora.com\\\/#website\",\"url\":\"https:\\\/\\\/micofora.com\\\/\",\"name\":\"Micofora\",\"description\":\"Micologia Forestal &amp; Aplicada\",\"potentialAction\":[{\"@type\":\"SearchAction\",\"target\":{\"@type\":\"EntryPoint\",\"urlTemplate\":\"https:\\\/\\\/micofora.com\\\/?s={search_term_string}\"},\"query-input\":{\"@type\":\"PropertyValueSpecification\",\"valueRequired\":true,\"valueName\":\"search_term_string\"}}],\"inLanguage\":\"ca\"}]}<\/script>\n<!-- \/ Yoast SEO plugin. -->","yoast_head_json":{"title":"Visites t\u00e8cniques a plantacions tofoneres - Micofora","description":"Visitar i analitzar una plantaci\u00f3 tofonera permet determinar i millorar l'estat dels \u00e0rbres, del s\u00f2l, la pres\u00e8ncia de micorrizes de t\u00f2fona i altres fongs.","robots":{"index":"index","follow":"follow","max-snippet":"max-snippet:-1","max-image-preview":"max-image-preview:large","max-video-preview":"max-video-preview:-1"},"canonical":"https:\/\/micofora.com\/ca\/visites-tecniques-a-plantacions-tofoneres-per-a-coneixer-i-millorar-lestat-i-la-produccio-de-tofones\/","og_locale":"ca_ES","og_type":"article","og_title":"Visites t\u00e8cniques a plantacions tofoneres - Micofora","og_description":"Visitar i analitzar una plantaci\u00f3 tofonera permet determinar i millorar l'estat dels \u00e0rbres, del s\u00f2l, la pres\u00e8ncia de micorrizes de t\u00f2fona i altres fongs.","og_url":"https:\/\/micofora.com\/ca\/visites-tecniques-a-plantacions-tofoneres-per-a-coneixer-i-millorar-lestat-i-la-produccio-de-tofones\/","og_site_name":"Micofora","article_modified_time":"2025-11-11T08:51:08+00:00","og_image":[{"url":"https:\/\/micofora.com\/wp-content\/uploads\/2025\/11\/truffle-orchard-design-micofora-300x207.jpeg","type":"","width":"","height":""}],"twitter_card":"summary_large_image","twitter_misc":{"Est. reading time":"4 minutes"},"schema":{"@context":"https:\/\/schema.org","@graph":[{"@type":"WebPage","@id":"https:\/\/micofora.com\/ca\/visites-tecniques-a-plantacions-tofoneres-per-a-coneixer-i-millorar-lestat-i-la-produccio-de-tofones\/","url":"https:\/\/micofora.com\/ca\/visites-tecniques-a-plantacions-tofoneres-per-a-coneixer-i-millorar-lestat-i-la-produccio-de-tofones\/","name":"Visites t\u00e8cniques a plantacions tofoneres - Micofora","isPartOf":{"@id":"https:\/\/micofora.com\/#website"},"primaryImageOfPage":{"@id":"https:\/\/micofora.com\/ca\/visites-tecniques-a-plantacions-tofoneres-per-a-coneixer-i-millorar-lestat-i-la-produccio-de-tofones\/#primaryimage"},"image":{"@id":"https:\/\/micofora.com\/ca\/visites-tecniques-a-plantacions-tofoneres-per-a-coneixer-i-millorar-lestat-i-la-produccio-de-tofones\/#primaryimage"},"thumbnailUrl":"https:\/\/micofora.com\/wp-content\/uploads\/2025\/11\/truffle-orchard-design-micofora-300x207.jpeg","datePublished":"2016-09-02T14:54:27+00:00","dateModified":"2025-11-11T08:51:08+00:00","description":"Visitar i analitzar una plantaci\u00f3 tofonera permet determinar i millorar l'estat dels \u00e0rbres, del s\u00f2l, la pres\u00e8ncia de micorrizes de t\u00f2fona i altres fongs.","breadcrumb":{"@id":"https:\/\/micofora.com\/ca\/visites-tecniques-a-plantacions-tofoneres-per-a-coneixer-i-millorar-lestat-i-la-produccio-de-tofones\/#breadcrumb"},"inLanguage":"ca","potentialAction":[{"@type":"ReadAction","target":["https:\/\/micofora.com\/ca\/visites-tecniques-a-plantacions-tofoneres-per-a-coneixer-i-millorar-lestat-i-la-produccio-de-tofones\/"]}]},{"@type":"ImageObject","inLanguage":"ca","@id":"https:\/\/micofora.com\/ca\/visites-tecniques-a-plantacions-tofoneres-per-a-coneixer-i-millorar-lestat-i-la-produccio-de-tofones\/#primaryimage","url":"https:\/\/micofora.com\/wp-content\/uploads\/2025\/11\/truffle-orchard-design-micofora-300x207.jpeg","contentUrl":"https:\/\/micofora.com\/wp-content\/uploads\/2025\/11\/truffle-orchard-design-micofora-300x207.jpeg"},{"@type":"BreadcrumbList","@id":"https:\/\/micofora.com\/ca\/visites-tecniques-a-plantacions-tofoneres-per-a-coneixer-i-millorar-lestat-i-la-produccio-de-tofones\/#breadcrumb","itemListElement":[{"@type":"ListItem","position":1,"name":"Portada","item":"https:\/\/micofora.com\/ca\/"},{"@type":"ListItem","position":2,"name":"Visites t\u00e8cniques a plantacions tofoneres"}]},{"@type":"WebSite","@id":"https:\/\/micofora.com\/#website","url":"https:\/\/micofora.com\/","name":"Micofora","description":"Micologia Forestal &amp; Aplicada","potentialAction":[{"@type":"SearchAction","target":{"@type":"EntryPoint","urlTemplate":"https:\/\/micofora.com\/?s={search_term_string}"},"query-input":{"@type":"PropertyValueSpecification","valueRequired":true,"valueName":"search_term_string"}}],"inLanguage":"ca"}]}},"_links":{"self":[{"href":"https:\/\/micofora.com\/ca\/wp-json\/wp\/v2\/pages\/20230","targetHints":{"allow":["GET"]}}],"collection":[{"href":"https:\/\/micofora.com\/ca\/wp-json\/wp\/v2\/pages"}],"about":[{"href":"https:\/\/micofora.com\/ca\/wp-json\/wp\/v2\/types\/page"}],"author":[{"embeddable":true,"href":"https:\/\/micofora.com\/ca\/wp-json\/wp\/v2\/users\/6"}],"replies":[{"embeddable":true,"href":"https:\/\/micofora.com\/ca\/wp-json\/wp\/v2\/comments?post=20230"}],"version-history":[{"count":2,"href":"https:\/\/micofora.com\/ca\/wp-json\/wp\/v2\/pages\/20230\/revisions"}],"predecessor-version":[{"id":27857,"href":"https:\/\/micofora.com\/ca\/wp-json\/wp\/v2\/pages\/20230\/revisions\/27857"}],"wp:attachment":[{"href":"https:\/\/micofora.com\/ca\/wp-json\/wp\/v2\/media?parent=20230"}],"curies":[{"name":"wp","href":"https:\/\/api.w.org\/{rel}","templated":true}]}}