{"id":20220,"date":"2016-08-04T15:35:04","date_gmt":"2016-08-04T15:35:04","guid":{"rendered":"http:\/\/micofora.com\/ca\/18649-2\/"},"modified":"2024-10-15T11:49:50","modified_gmt":"2024-10-15T11:49:50","slug":"videos-de-tofones-tubericultura-buscant-tofones-analisis-tofones-bolets-inoculacio-sembra-cultiu-de-tofones","status":"publish","type":"page","link":"https:\/\/micofora.com\/ca\/videos-de-tofones-tubericultura-buscant-tofones-analisis-tofones-bolets-inoculacio-sembra-cultiu-de-tofones\/","title":{"rendered":"Video gallery"},"content":{"rendered":"<p><div class=\"fusion-fullwidth fullwidth-box fusion-builder-row-1 hundred-percent-fullwidth non-hundred-percent-height-scrolling\" style=\"--awb-border-radius-top-left:0px;--awb-border-radius-top-right:0px;--awb-border-radius-bottom-right:0px;--awb-border-radius-bottom-left:0px;--awb-overflow:visible;--awb-flex-wrap:wrap;\" ><div class=\"fusion-builder-row fusion-row\"><div class=\"fusion-layout-column fusion_builder_column fusion-builder-column-0 fusion_builder_column_1_1 1_1 fusion-one-full fusion-column-first fusion-column-last\" style=\"--awb-bg-size:cover;\"><div class=\"fusion-column-wrapper fusion-flex-column-wrapper-legacy\"><div class=\"fusion-title title fusion-title-1 fusion-title-text fusion-title-size-two\"><h2 class=\"fusion-title-heading title-heading-left\" style=\"margin:0;\">En el nostre canal de Youtube<\/h2><span class=\"awb-title-spacer\"><\/span><div class=\"title-sep-container\"><div class=\"title-sep sep-double sep-solid\" style=\"border-color:#e0dede;\"><\/div><\/div><\/div><div class=\"fusion-text fusion-text-1\"><p><a href=\"https:\/\/www.youtube.com\/user\/micofora\/videos\">https:\/\/www.youtube.com\/user\/micofora\/videos<\/a><\/p>\n<\/div><div class=\"fusion-clearfix\"><\/div><\/div><\/div><\/div><\/div><div class=\"fusion-fullwidth fullwidth-box fusion-builder-row-2 nonhundred-percent-fullwidth non-hundred-percent-height-scrolling\" style=\"--awb-background-position:left top;--awb-border-sizes-top:0px;--awb-border-sizes-bottom:0px;--awb-border-sizes-left:0px;--awb-border-sizes-right:0px;--awb-border-radius-top-left:0px;--awb-border-radius-top-right:0px;--awb-border-radius-bottom-right:0px;--awb-border-radius-bottom-left:0px;--awb-padding-top:20px;--awb-padding-bottom:20px;--awb-flex-wrap:wrap;\" ><div class=\"fusion-builder-row fusion-row\"><div class=\"fusion-layout-column fusion_builder_column fusion-builder-column-1 fusion_builder_column_1_1 1_1 fusion-one-full fusion-column-first fusion-column-last fusion-column-no-min-height\" style=\"--awb-bg-size:cover;--awb-margin-bottom:0px;\"><div class=\"fusion-column-wrapper fusion-flex-column-wrapper-legacy\"><div class=\"fusion-title title fusion-title-2 fusion-title-text fusion-title-size-two\"><h2 class=\"fusion-title-heading title-heading-left\" style=\"margin:0;\">Otros videos<\/h2><span class=\"awb-title-spacer\"><\/span><div class=\"title-sep-container\"><div class=\"title-sep sep-double sep-solid\" style=\"border-color:#e0dede;\"><\/div><\/div><\/div><div class=\"fusion-clearfix\"><\/div><\/div><\/div><div class=\"fusion-layout-column fusion_builder_column fusion-builder-column-2 fusion_builder_column_1_3 1_3 fusion-one-third fusion-column-first\" style=\"--awb-bg-size:cover;width:30.6666%; margin-right: 4%;\"><div class=\"fusion-column-wrapper fusion-flex-column-wrapper-legacy\"><div class=\"fusion-text fusion-text-2\"><p><iframe src=\"https:\/\/www.youtube.com\/embed\/G9cq70iu4Es\" width=\"560\" height=\"315\" frameborder=\"0\" allowfullscreen=\"allowfullscreen\"><\/iframe><\/p>\n<\/div><div class=\"fusion-clearfix\"><\/div><\/div><\/div><div class=\"fusion-layout-column fusion_builder_column fusion-builder-column-3 fusion_builder_column_1_3 1_3 fusion-one-third\" style=\"--awb-bg-size:cover;width:30.6666%; margin-right: 4%;\"><div class=\"fusion-column-wrapper fusion-flex-column-wrapper-legacy\"><div class=\"fusion-clearfix\"><\/div><\/div><\/div><div class=\"fusion-layout-column fusion_builder_column fusion-builder-column-4 fusion_builder_column_1_3 1_3 fusion-one-third fusion-column-last\" style=\"--awb-bg-size:cover;width:30.6666%;\"><div class=\"fusion-column-wrapper fusion-flex-column-wrapper-legacy\"><div class=\"fusion-text fusion-text-3\"><p>programa de TV3 valor afegit sobre la recerca que fem a micofora<\/p>\n<div id=\"attachment_27035\" style=\"width: 2296px\" class=\"wp-caption alignnone\"><a href=\"https:\/\/www.3cat.cat\/3cat\/valor-afegit-una-empresa-puntera-en-el-cultiu-darbres-productors-de-tofones-llengua-de-signes\/video\/6135732\/?ext=SM_WP_F4_CE24_\" target=\"_blank\" rel=\"noopener\"><img decoding=\"async\" aria-describedby=\"caption-attachment-27035\" class=\"size-full wp-image-27035\" src=\"https:\/\/micofora.com\/wp-content\/uploads\/2024\/10\/valor-afegit-TV-program.jpg\" alt=\"valor afegit programa televisi\u00f3n micofora\" width=\"2286\" height=\"1288\" srcset=\"https:\/\/micofora.com\/wp-content\/uploads\/2024\/10\/valor-afegit-TV-program-200x113.jpg 200w, https:\/\/micofora.com\/wp-content\/uploads\/2024\/10\/valor-afegit-TV-program-300x169.jpg 300w, https:\/\/micofora.com\/wp-content\/uploads\/2024\/10\/valor-afegit-TV-program-400x225.jpg 400w, https:\/\/micofora.com\/wp-content\/uploads\/2024\/10\/valor-afegit-TV-program-600x338.jpg 600w, https:\/\/micofora.com\/wp-content\/uploads\/2024\/10\/valor-afegit-TV-program-768x433.jpg 768w, https:\/\/micofora.com\/wp-content\/uploads\/2024\/10\/valor-afegit-TV-program-800x451.jpg 800w, https:\/\/micofora.com\/wp-content\/uploads\/2024\/10\/valor-afegit-TV-program-1024x577.jpg 1024w, https:\/\/micofora.com\/wp-content\/uploads\/2024\/10\/valor-afegit-TV-program-1200x676.jpg 1200w, https:\/\/micofora.com\/wp-content\/uploads\/2024\/10\/valor-afegit-TV-program-1536x865.jpg 1536w, https:\/\/micofora.com\/wp-content\/uploads\/2024\/10\/valor-afegit-TV-program.jpg 2286w\" sizes=\"(max-width: 2286px) 100vw, 2286px\" \/><\/a><p id=\"caption-attachment-27035\" class=\"wp-caption-text\">valor afegit bolets micofora<\/p><\/div>\n<\/div><div class=\"fusion-clearfix\"><\/div><\/div><\/div><\/div><\/div><\/p>\n","protected":false},"excerpt":{"rendered":"","protected":false},"author":6,"featured_media":0,"parent":0,"menu_order":0,"comment_status":"closed","ping_status":"closed","template":"","meta":{"footnotes":""},"class_list":["post-20220","page","type-page","status-publish","hentry"],"yoast_head":"<!-- This site is optimized with the Yoast SEO plugin v27.4 - https:\/\/yoast.com\/product\/yoast-seo-wordpress\/ -->\n<title>Video gallery - Micofora<\/title>\n<meta name=\"description\" content=\"Videos canal You tube de Micofora sobre t\u00f2fones, tubericultura, cultivu de bolets, gossos ca\u00e7ant t\u00f2fones, laboratori, vivers, arbres micorrizats, an\u00e0lisis\" \/>\n<meta name=\"robots\" content=\"index, follow, max-snippet:-1, max-image-preview:large, max-video-preview:-1\" \/>\n<link rel=\"canonical\" href=\"https:\/\/micofora.com\/ca\/videos-de-tofones-tubericultura-buscant-tofones-analisis-tofones-bolets-inoculacio-sembra-cultiu-de-tofones\/\" \/>\n<meta property=\"og:locale\" content=\"ca_ES\" \/>\n<meta property=\"og:type\" content=\"article\" \/>\n<meta property=\"og:title\" content=\"Video gallery - Micofora\" \/>\n<meta property=\"og:description\" content=\"Videos canal You tube de Micofora sobre t\u00f2fones, tubericultura, cultivu de bolets, gossos ca\u00e7ant t\u00f2fones, laboratori, vivers, arbres micorrizats, an\u00e0lisis\" \/>\n<meta property=\"og:url\" content=\"https:\/\/micofora.com\/ca\/videos-de-tofones-tubericultura-buscant-tofones-analisis-tofones-bolets-inoculacio-sembra-cultiu-de-tofones\/\" \/>\n<meta property=\"og:site_name\" content=\"Micofora\" \/>\n<meta property=\"article:modified_time\" content=\"2024-10-15T11:49:50+00:00\" \/>\n<meta property=\"og:image\" content=\"https:\/\/micofora.com\/wp-content\/uploads\/2024\/10\/valor-afegit-TV-program.jpg\" \/>\n\t<meta property=\"og:image:width\" content=\"2286\" \/>\n\t<meta property=\"og:image:height\" content=\"1288\" \/>\n\t<meta property=\"og:image:type\" content=\"image\/jpeg\" \/>\n<meta name=\"twitter:card\" content=\"summary_large_image\" \/>\n<meta name=\"twitter:label1\" content=\"Est. reading time\" \/>\n\t<meta name=\"twitter:data1\" content=\"1 minute\" \/>\n<script type=\"application\/ld+json\" class=\"yoast-schema-graph\">{\"@context\":\"https:\\\/\\\/schema.org\",\"@graph\":[{\"@type\":\"WebPage\",\"@id\":\"https:\\\/\\\/micofora.com\\\/ca\\\/videos-de-tofones-tubericultura-buscant-tofones-analisis-tofones-bolets-inoculacio-sembra-cultiu-de-tofones\\\/\",\"url\":\"https:\\\/\\\/micofora.com\\\/ca\\\/videos-de-tofones-tubericultura-buscant-tofones-analisis-tofones-bolets-inoculacio-sembra-cultiu-de-tofones\\\/\",\"name\":\"Video gallery - Micofora\",\"isPartOf\":{\"@id\":\"https:\\\/\\\/micofora.com\\\/#website\"},\"primaryImageOfPage\":{\"@id\":\"https:\\\/\\\/micofora.com\\\/ca\\\/videos-de-tofones-tubericultura-buscant-tofones-analisis-tofones-bolets-inoculacio-sembra-cultiu-de-tofones\\\/#primaryimage\"},\"image\":{\"@id\":\"https:\\\/\\\/micofora.com\\\/ca\\\/videos-de-tofones-tubericultura-buscant-tofones-analisis-tofones-bolets-inoculacio-sembra-cultiu-de-tofones\\\/#primaryimage\"},\"thumbnailUrl\":\"https:\\\/\\\/micofora.com\\\/wp-content\\\/uploads\\\/2024\\\/10\\\/valor-afegit-TV-program.jpg\",\"datePublished\":\"2016-08-04T15:35:04+00:00\",\"dateModified\":\"2024-10-15T11:49:50+00:00\",\"description\":\"Videos canal You tube de Micofora sobre t\u00f2fones, tubericultura, cultivu de bolets, gossos ca\u00e7ant t\u00f2fones, laboratori, vivers, arbres micorrizats, an\u00e0lisis\",\"breadcrumb\":{\"@id\":\"https:\\\/\\\/micofora.com\\\/ca\\\/videos-de-tofones-tubericultura-buscant-tofones-analisis-tofones-bolets-inoculacio-sembra-cultiu-de-tofones\\\/#breadcrumb\"},\"inLanguage\":\"ca\",\"potentialAction\":[{\"@type\":\"ReadAction\",\"target\":[\"https:\\\/\\\/micofora.com\\\/ca\\\/videos-de-tofones-tubericultura-buscant-tofones-analisis-tofones-bolets-inoculacio-sembra-cultiu-de-tofones\\\/\"]}]},{\"@type\":\"ImageObject\",\"inLanguage\":\"ca\",\"@id\":\"https:\\\/\\\/micofora.com\\\/ca\\\/videos-de-tofones-tubericultura-buscant-tofones-analisis-tofones-bolets-inoculacio-sembra-cultiu-de-tofones\\\/#primaryimage\",\"url\":\"https:\\\/\\\/micofora.com\\\/wp-content\\\/uploads\\\/2024\\\/10\\\/valor-afegit-TV-program.jpg\",\"contentUrl\":\"https:\\\/\\\/micofora.com\\\/wp-content\\\/uploads\\\/2024\\\/10\\\/valor-afegit-TV-program.jpg\"},{\"@type\":\"BreadcrumbList\",\"@id\":\"https:\\\/\\\/micofora.com\\\/ca\\\/videos-de-tofones-tubericultura-buscant-tofones-analisis-tofones-bolets-inoculacio-sembra-cultiu-de-tofones\\\/#breadcrumb\",\"itemListElement\":[{\"@type\":\"ListItem\",\"position\":1,\"name\":\"Portada\",\"item\":\"https:\\\/\\\/micofora.com\\\/ca\\\/\"},{\"@type\":\"ListItem\",\"position\":2,\"name\":\"Video gallery\"}]},{\"@type\":\"WebSite\",\"@id\":\"https:\\\/\\\/micofora.com\\\/#website\",\"url\":\"https:\\\/\\\/micofora.com\\\/\",\"name\":\"Micofora\",\"description\":\"Micologia Forestal &amp; Aplicada\",\"potentialAction\":[{\"@type\":\"SearchAction\",\"target\":{\"@type\":\"EntryPoint\",\"urlTemplate\":\"https:\\\/\\\/micofora.com\\\/?s={search_term_string}\"},\"query-input\":{\"@type\":\"PropertyValueSpecification\",\"valueRequired\":true,\"valueName\":\"search_term_string\"}}],\"inLanguage\":\"ca\"}]}<\/script>\n<!-- \/ Yoast SEO plugin. -->","yoast_head_json":{"title":"Video gallery - Micofora","description":"Videos canal You tube de Micofora sobre t\u00f2fones, tubericultura, cultivu de bolets, gossos ca\u00e7ant t\u00f2fones, laboratori, vivers, arbres micorrizats, an\u00e0lisis","robots":{"index":"index","follow":"follow","max-snippet":"max-snippet:-1","max-image-preview":"max-image-preview:large","max-video-preview":"max-video-preview:-1"},"canonical":"https:\/\/micofora.com\/ca\/videos-de-tofones-tubericultura-buscant-tofones-analisis-tofones-bolets-inoculacio-sembra-cultiu-de-tofones\/","og_locale":"ca_ES","og_type":"article","og_title":"Video gallery - Micofora","og_description":"Videos canal You tube de Micofora sobre t\u00f2fones, tubericultura, cultivu de bolets, gossos ca\u00e7ant t\u00f2fones, laboratori, vivers, arbres micorrizats, an\u00e0lisis","og_url":"https:\/\/micofora.com\/ca\/videos-de-tofones-tubericultura-buscant-tofones-analisis-tofones-bolets-inoculacio-sembra-cultiu-de-tofones\/","og_site_name":"Micofora","article_modified_time":"2024-10-15T11:49:50+00:00","og_image":[{"width":2286,"height":1288,"url":"https:\/\/micofora.com\/wp-content\/uploads\/2024\/10\/valor-afegit-TV-program.jpg","type":"image\/jpeg"}],"twitter_card":"summary_large_image","twitter_misc":{"Est. reading time":"1 minute"},"schema":{"@context":"https:\/\/schema.org","@graph":[{"@type":"WebPage","@id":"https:\/\/micofora.com\/ca\/videos-de-tofones-tubericultura-buscant-tofones-analisis-tofones-bolets-inoculacio-sembra-cultiu-de-tofones\/","url":"https:\/\/micofora.com\/ca\/videos-de-tofones-tubericultura-buscant-tofones-analisis-tofones-bolets-inoculacio-sembra-cultiu-de-tofones\/","name":"Video gallery - Micofora","isPartOf":{"@id":"https:\/\/micofora.com\/#website"},"primaryImageOfPage":{"@id":"https:\/\/micofora.com\/ca\/videos-de-tofones-tubericultura-buscant-tofones-analisis-tofones-bolets-inoculacio-sembra-cultiu-de-tofones\/#primaryimage"},"image":{"@id":"https:\/\/micofora.com\/ca\/videos-de-tofones-tubericultura-buscant-tofones-analisis-tofones-bolets-inoculacio-sembra-cultiu-de-tofones\/#primaryimage"},"thumbnailUrl":"https:\/\/micofora.com\/wp-content\/uploads\/2024\/10\/valor-afegit-TV-program.jpg","datePublished":"2016-08-04T15:35:04+00:00","dateModified":"2024-10-15T11:49:50+00:00","description":"Videos canal You tube de Micofora sobre t\u00f2fones, tubericultura, cultivu de bolets, gossos ca\u00e7ant t\u00f2fones, laboratori, vivers, arbres micorrizats, an\u00e0lisis","breadcrumb":{"@id":"https:\/\/micofora.com\/ca\/videos-de-tofones-tubericultura-buscant-tofones-analisis-tofones-bolets-inoculacio-sembra-cultiu-de-tofones\/#breadcrumb"},"inLanguage":"ca","potentialAction":[{"@type":"ReadAction","target":["https:\/\/micofora.com\/ca\/videos-de-tofones-tubericultura-buscant-tofones-analisis-tofones-bolets-inoculacio-sembra-cultiu-de-tofones\/"]}]},{"@type":"ImageObject","inLanguage":"ca","@id":"https:\/\/micofora.com\/ca\/videos-de-tofones-tubericultura-buscant-tofones-analisis-tofones-bolets-inoculacio-sembra-cultiu-de-tofones\/#primaryimage","url":"https:\/\/micofora.com\/wp-content\/uploads\/2024\/10\/valor-afegit-TV-program.jpg","contentUrl":"https:\/\/micofora.com\/wp-content\/uploads\/2024\/10\/valor-afegit-TV-program.jpg"},{"@type":"BreadcrumbList","@id":"https:\/\/micofora.com\/ca\/videos-de-tofones-tubericultura-buscant-tofones-analisis-tofones-bolets-inoculacio-sembra-cultiu-de-tofones\/#breadcrumb","itemListElement":[{"@type":"ListItem","position":1,"name":"Portada","item":"https:\/\/micofora.com\/ca\/"},{"@type":"ListItem","position":2,"name":"Video gallery"}]},{"@type":"WebSite","@id":"https:\/\/micofora.com\/#website","url":"https:\/\/micofora.com\/","name":"Micofora","description":"Micologia Forestal &amp; Aplicada","potentialAction":[{"@type":"SearchAction","target":{"@type":"EntryPoint","urlTemplate":"https:\/\/micofora.com\/?s={search_term_string}"},"query-input":{"@type":"PropertyValueSpecification","valueRequired":true,"valueName":"search_term_string"}}],"inLanguage":"ca"}]}},"_links":{"self":[{"href":"https:\/\/micofora.com\/ca\/wp-json\/wp\/v2\/pages\/20220","targetHints":{"allow":["GET"]}}],"collection":[{"href":"https:\/\/micofora.com\/ca\/wp-json\/wp\/v2\/pages"}],"about":[{"href":"https:\/\/micofora.com\/ca\/wp-json\/wp\/v2\/types\/page"}],"author":[{"embeddable":true,"href":"https:\/\/micofora.com\/ca\/wp-json\/wp\/v2\/users\/6"}],"replies":[{"embeddable":true,"href":"https:\/\/micofora.com\/ca\/wp-json\/wp\/v2\/comments?post=20220"}],"version-history":[{"count":2,"href":"https:\/\/micofora.com\/ca\/wp-json\/wp\/v2\/pages\/20220\/revisions"}],"predecessor-version":[{"id":27041,"href":"https:\/\/micofora.com\/ca\/wp-json\/wp\/v2\/pages\/20220\/revisions\/27041"}],"wp:attachment":[{"href":"https:\/\/micofora.com\/ca\/wp-json\/wp\/v2\/media?parent=20220"}],"curies":[{"name":"wp","href":"https:\/\/api.w.org\/{rel}","templated":true}]}}